{"id":116627,"date":"2019-01-25T19:16:35","date_gmt":"2019-01-25T18:16:35","guid":{"rendered":"https:\/\/iha-race.com\/producto\/dissipatore-in-alluminio-iha-race-2-pezzi\/"},"modified":"2026-03-21T19:37:41","modified_gmt":"2026-03-21T18:37:41","slug":"calore-assassino-alluminio-iha-gara-2-pezzi","status":"publish","type":"product","link":"https:\/\/iha-race.com\/it\/prodotto\/calore-assassino-alluminio-iha-gara-2-pezzi\/","title":{"rendered":"Dissipatore in alluminio IHA-Race (2 pezzi)"},"content":{"rendered":"<h2>Dissipatore di calore in alluminio IHA-Race<\/h2>\n<p><strong>Prolunga la vita del Vtx<\/strong><strong>Specifiche:<\/strong><\/p>\n<ul>\n<li>Materiale: alluminio<\/li>\n<li>Dimensioni: 18,8x19x5 (mm)<\/li>\n<li>Peso: 2,2 g<\/li>\n<li>Colore: Nero, Rosso<\/li>\n<\/ul>\n<div><strong>Pacchetto incluso:<\/strong> 2 pezzi di dissipatore di calore<\/div>\n","protected":false},"excerpt":{"rendered":"<p>Dissipatore di calore in alluminio IHA-Race Prolunga la vita del VtxSpecifiche: Materiale: alluminio Dimensioni: 18,8x19x5 (mm) Peso: 2,2 g Colore: Nero, Rosso Pacchetto incluso: 2 pezzi di dissipatore di calore<\/p>\n","protected":false},"featured_media":93386,"comment_status":"open","ping_status":"closed","template":"","meta":{"_joinchat":[]},"pwb-brand":[3586],"product_cat":[2413,1228],"product_tag":[],"class_list":{"0":"post-116627","1":"product","2":"type-product","3":"status-publish","4":"has-post-thumbnail","6":"pwb-brand-iha-race","7":"product_cat-vari","8":"product_cat-vtx-vrx","10":"first","11":"instock","12":"taxable","13":"shipping-taxable","14":"purchasable","15":"product-type-simple"},"barcode":null,"atum_controlled":true,"out_stock_date":null,"out_stock_threshold":null,"inheritable":false,"stock_on_hold":0,"sold_today":0,"sales_last_days":0,"out_stock_days":0,"lost_sales":0,"update_date":"2026-04-08T10:17:16","atum_locations":[],"atum_stock_status":"instock","restock_status":false,"low_stock_amount":0,"sales_update_date":"2026-04-08T10:17:16","calc_backorders":null,"yoast_head":"<!-- This site is optimized with the Yoast SEO plugin v27.3 - https:\/\/yoast.com\/product\/yoast-seo-wordpress\/ -->\n<title>Dissipatore in alluminio IHA-Race (2 pezzi) - Iha Race<\/title>\n<meta name=\"robots\" content=\"index, follow, max-snippet:-1, max-image-preview:large, max-video-preview:-1\" \/>\n<link rel=\"canonical\" href=\"https:\/\/iha-race.com\/it\/prodotto\/calore-assassino-alluminio-iha-gara-2-pezzi\/\" \/>\n<meta property=\"og:locale\" content=\"it_IT\" \/>\n<meta property=\"og:type\" content=\"article\" \/>\n<meta property=\"og:title\" content=\"Dissipatore in alluminio IHA-Race (2 pezzi) - Iha Race\" \/>\n<meta property=\"og:description\" content=\"Dissipatore di calore in alluminio IHA-Race Prolunga la vita del VtxSpecifiche: Materiale: alluminio Dimensioni: 18,8x19x5 (mm) Peso: 2,2 g Colore: Nero, Rosso Pacchetto incluso: 2 pezzi di dissipatore di calore\" \/>\n<meta property=\"og:url\" content=\"https:\/\/iha-race.com\/it\/prodotto\/calore-assassino-alluminio-iha-gara-2-pezzi\/\" \/>\n<meta property=\"og:site_name\" content=\"Iha Race\" \/>\n<meta property=\"article:modified_time\" content=\"2026-03-21T18:37:41+00:00\" \/>\n<meta property=\"og:image\" content=\"https:\/\/iha-race.com\/wp-content\/uploads\/2019\/01\/Disipador-de-calor-aluminio-comprar-barato-IHARACE-1.jpg\" \/>\n\t<meta property=\"og:image:width\" content=\"800\" \/>\n\t<meta property=\"og:image:height\" content=\"800\" \/>\n\t<meta property=\"og:image:type\" content=\"image\/jpeg\" \/>\n<meta name=\"twitter:card\" content=\"summary_large_image\" \/>\n<script type=\"application\/ld+json\" class=\"yoast-schema-graph\">{\"@context\":\"https:\\\/\\\/schema.org\",\"@graph\":[{\"@type\":\"WebPage\",\"@id\":\"https:\\\/\\\/iha-race.com\\\/it\\\/prodotto\\\/calore-assassino-alluminio-iha-gara-2-pezzi\\\/\",\"url\":\"https:\\\/\\\/iha-race.com\\\/it\\\/prodotto\\\/calore-assassino-alluminio-iha-gara-2-pezzi\\\/\",\"name\":\"Dissipatore in alluminio IHA-Race (2 pezzi) - Iha Race\",\"isPartOf\":{\"@id\":\"https:\\\/\\\/iha-race.com\\\/it\\\/#website\"},\"primaryImageOfPage\":{\"@id\":\"https:\\\/\\\/iha-race.com\\\/it\\\/prodotto\\\/calore-assassino-alluminio-iha-gara-2-pezzi\\\/#primaryimage\"},\"image\":{\"@id\":\"https:\\\/\\\/iha-race.com\\\/it\\\/prodotto\\\/calore-assassino-alluminio-iha-gara-2-pezzi\\\/#primaryimage\"},\"thumbnailUrl\":\"https:\\\/\\\/iha-race.com\\\/wp-content\\\/uploads\\\/2019\\\/01\\\/Disipador-de-calor-aluminio-comprar-barato-IHARACE-1.jpg\",\"datePublished\":\"2019-01-25T18:16:35+00:00\",\"dateModified\":\"2026-03-21T18:37:41+00:00\",\"breadcrumb\":{\"@id\":\"https:\\\/\\\/iha-race.com\\\/it\\\/prodotto\\\/calore-assassino-alluminio-iha-gara-2-pezzi\\\/#breadcrumb\"},\"inLanguage\":\"it-IT\",\"potentialAction\":[{\"@type\":\"ReadAction\",\"target\":[\"https:\\\/\\\/iha-race.com\\\/it\\\/prodotto\\\/calore-assassino-alluminio-iha-gara-2-pezzi\\\/\"]}]},{\"@type\":\"ImageObject\",\"inLanguage\":\"it-IT\",\"@id\":\"https:\\\/\\\/iha-race.com\\\/it\\\/prodotto\\\/calore-assassino-alluminio-iha-gara-2-pezzi\\\/#primaryimage\",\"url\":\"https:\\\/\\\/iha-race.com\\\/wp-content\\\/uploads\\\/2019\\\/01\\\/Disipador-de-calor-aluminio-comprar-barato-IHARACE-1.jpg\",\"contentUrl\":\"https:\\\/\\\/iha-race.com\\\/wp-content\\\/uploads\\\/2019\\\/01\\\/Disipador-de-calor-aluminio-comprar-barato-IHARACE-1.jpg\",\"width\":800,\"height\":800,\"caption\":\"Dissipatore di calore in alluminio-acquista a basso costo-IHARACE\"},{\"@type\":\"BreadcrumbList\",\"@id\":\"https:\\\/\\\/iha-race.com\\\/it\\\/prodotto\\\/calore-assassino-alluminio-iha-gara-2-pezzi\\\/#breadcrumb\",\"itemListElement\":[{\"@type\":\"ListItem\",\"position\":1,\"name\":\"Portada\",\"item\":\"https:\\\/\\\/iha-race.com\\\/it\\\/\"},{\"@type\":\"ListItem\",\"position\":2,\"name\":\"Negozio\",\"item\":\"https:\\\/\\\/iha-race.com\\\/it\\\/negozio\\\/\"},{\"@type\":\"ListItem\",\"position\":3,\"name\":\"Dissipatore in alluminio IHA-Race (2 pezzi)\"}]},{\"@type\":\"WebSite\",\"@id\":\"https:\\\/\\\/iha-race.com\\\/it\\\/#website\",\"url\":\"https:\\\/\\\/iha-race.com\\\/it\\\/\",\"name\":\"Iha Race\",\"description\":\"Comprar drones de carreras FPV env\u00edos en un d\u00eda desde Espa\u00f1a\",\"publisher\":{\"@id\":\"https:\\\/\\\/iha-race.com\\\/it\\\/#organization\"},\"potentialAction\":[{\"@type\":\"SearchAction\",\"target\":{\"@type\":\"EntryPoint\",\"urlTemplate\":\"https:\\\/\\\/iha-race.com\\\/it\\\/?s={search_term_string}\"},\"query-input\":{\"@type\":\"PropertyValueSpecification\",\"valueRequired\":true,\"valueName\":\"search_term_string\"}}],\"inLanguage\":\"it-IT\"},{\"@type\":\"Organization\",\"@id\":\"https:\\\/\\\/iha-race.com\\\/it\\\/#organization\",\"name\":\"Iha Race\",\"url\":\"https:\\\/\\\/iha-race.com\\\/it\\\/\",\"logo\":{\"@type\":\"ImageObject\",\"inLanguage\":\"it-IT\",\"@id\":\"https:\\\/\\\/iha-race.com\\\/it\\\/#\\\/schema\\\/logo\\\/image\\\/\",\"url\":\"https:\\\/\\\/iha-race.com\\\/wp-content\\\/uploads\\\/2018\\\/07\\\/iha-race-drones-de-carreras-tienda-comprar-drones.png\",\"contentUrl\":\"https:\\\/\\\/iha-race.com\\\/wp-content\\\/uploads\\\/2018\\\/07\\\/iha-race-drones-de-carreras-tienda-comprar-drones.png\",\"width\":300,\"height\":100,\"caption\":\"Iha Race\"},\"image\":{\"@id\":\"https:\\\/\\\/iha-race.com\\\/it\\\/#\\\/schema\\\/logo\\\/image\\\/\"}}]}<\/script>\n<!-- \/ Yoast SEO plugin. -->","yoast_head_json":{"title":"Dissipatore in alluminio IHA-Race (2 pezzi) - Iha Race","robots":{"index":"index","follow":"follow","max-snippet":"max-snippet:-1","max-image-preview":"max-image-preview:large","max-video-preview":"max-video-preview:-1"},"canonical":"https:\/\/iha-race.com\/it\/prodotto\/calore-assassino-alluminio-iha-gara-2-pezzi\/","og_locale":"it_IT","og_type":"article","og_title":"Dissipatore in alluminio IHA-Race (2 pezzi) - Iha Race","og_description":"Dissipatore di calore in alluminio IHA-Race Prolunga la vita del VtxSpecifiche: Materiale: alluminio Dimensioni: 18,8x19x5 (mm) Peso: 2,2 g Colore: Nero, Rosso Pacchetto incluso: 2 pezzi di dissipatore di calore","og_url":"https:\/\/iha-race.com\/it\/prodotto\/calore-assassino-alluminio-iha-gara-2-pezzi\/","og_site_name":"Iha Race","article_modified_time":"2026-03-21T18:37:41+00:00","og_image":[{"width":800,"height":800,"url":"https:\/\/iha-race.com\/wp-content\/uploads\/2019\/01\/Disipador-de-calor-aluminio-comprar-barato-IHARACE-1.jpg","type":"image\/jpeg"}],"twitter_card":"summary_large_image","schema":{"@context":"https:\/\/schema.org","@graph":[{"@type":"WebPage","@id":"https:\/\/iha-race.com\/it\/prodotto\/calore-assassino-alluminio-iha-gara-2-pezzi\/","url":"https:\/\/iha-race.com\/it\/prodotto\/calore-assassino-alluminio-iha-gara-2-pezzi\/","name":"Dissipatore in alluminio IHA-Race (2 pezzi) - Iha Race","isPartOf":{"@id":"https:\/\/iha-race.com\/it\/#website"},"primaryImageOfPage":{"@id":"https:\/\/iha-race.com\/it\/prodotto\/calore-assassino-alluminio-iha-gara-2-pezzi\/#primaryimage"},"image":{"@id":"https:\/\/iha-race.com\/it\/prodotto\/calore-assassino-alluminio-iha-gara-2-pezzi\/#primaryimage"},"thumbnailUrl":"https:\/\/iha-race.com\/wp-content\/uploads\/2019\/01\/Disipador-de-calor-aluminio-comprar-barato-IHARACE-1.jpg","datePublished":"2019-01-25T18:16:35+00:00","dateModified":"2026-03-21T18:37:41+00:00","breadcrumb":{"@id":"https:\/\/iha-race.com\/it\/prodotto\/calore-assassino-alluminio-iha-gara-2-pezzi\/#breadcrumb"},"inLanguage":"it-IT","potentialAction":[{"@type":"ReadAction","target":["https:\/\/iha-race.com\/it\/prodotto\/calore-assassino-alluminio-iha-gara-2-pezzi\/"]}]},{"@type":"ImageObject","inLanguage":"it-IT","@id":"https:\/\/iha-race.com\/it\/prodotto\/calore-assassino-alluminio-iha-gara-2-pezzi\/#primaryimage","url":"https:\/\/iha-race.com\/wp-content\/uploads\/2019\/01\/Disipador-de-calor-aluminio-comprar-barato-IHARACE-1.jpg","contentUrl":"https:\/\/iha-race.com\/wp-content\/uploads\/2019\/01\/Disipador-de-calor-aluminio-comprar-barato-IHARACE-1.jpg","width":800,"height":800,"caption":"Dissipatore di calore in alluminio-acquista a basso costo-IHARACE"},{"@type":"BreadcrumbList","@id":"https:\/\/iha-race.com\/it\/prodotto\/calore-assassino-alluminio-iha-gara-2-pezzi\/#breadcrumb","itemListElement":[{"@type":"ListItem","position":1,"name":"Portada","item":"https:\/\/iha-race.com\/it\/"},{"@type":"ListItem","position":2,"name":"Negozio","item":"https:\/\/iha-race.com\/it\/negozio\/"},{"@type":"ListItem","position":3,"name":"Dissipatore in alluminio IHA-Race (2 pezzi)"}]},{"@type":"WebSite","@id":"https:\/\/iha-race.com\/it\/#website","url":"https:\/\/iha-race.com\/it\/","name":"Iha Race","description":"Comprar drones de carreras FPV env\u00edos en un d\u00eda desde Espa\u00f1a","publisher":{"@id":"https:\/\/iha-race.com\/it\/#organization"},"potentialAction":[{"@type":"SearchAction","target":{"@type":"EntryPoint","urlTemplate":"https:\/\/iha-race.com\/it\/?s={search_term_string}"},"query-input":{"@type":"PropertyValueSpecification","valueRequired":true,"valueName":"search_term_string"}}],"inLanguage":"it-IT"},{"@type":"Organization","@id":"https:\/\/iha-race.com\/it\/#organization","name":"Iha Race","url":"https:\/\/iha-race.com\/it\/","logo":{"@type":"ImageObject","inLanguage":"it-IT","@id":"https:\/\/iha-race.com\/it\/#\/schema\/logo\/image\/","url":"https:\/\/iha-race.com\/wp-content\/uploads\/2018\/07\/iha-race-drones-de-carreras-tienda-comprar-drones.png","contentUrl":"https:\/\/iha-race.com\/wp-content\/uploads\/2018\/07\/iha-race-drones-de-carreras-tienda-comprar-drones.png","width":300,"height":100,"caption":"Iha Race"},"image":{"@id":"https:\/\/iha-race.com\/it\/#\/schema\/logo\/image\/"}}]}},"brands":[{"id":3586,"name":"IHA Race","slug":"iha-race"}],"_links":{"self":[{"href":"https:\/\/iha-race.com\/it\/wp-json\/wp\/v2\/product\/116627","targetHints":{"allow":["GET"]}}],"collection":[{"href":"https:\/\/iha-race.com\/it\/wp-json\/wp\/v2\/product"}],"about":[{"href":"https:\/\/iha-race.com\/it\/wp-json\/wp\/v2\/types\/product"}],"replies":[{"embeddable":true,"href":"https:\/\/iha-race.com\/it\/wp-json\/wp\/v2\/comments?post=116627"}],"version-history":[{"count":1,"href":"https:\/\/iha-race.com\/it\/wp-json\/wp\/v2\/product\/116627\/revisions"}],"predecessor-version":[{"id":250304,"href":"https:\/\/iha-race.com\/it\/wp-json\/wp\/v2\/product\/116627\/revisions\/250304"}],"wp:featuredmedia":[{"embeddable":true,"href":"https:\/\/iha-race.com\/it\/wp-json\/wp\/v2\/media\/93386"}],"wp:attachment":[{"href":"https:\/\/iha-race.com\/it\/wp-json\/wp\/v2\/media?parent=116627"}],"wp:term":[{"taxonomy":"pwb-brand","embeddable":true,"href":"https:\/\/iha-race.com\/it\/wp-json\/wp\/v2\/pwb-brand?post=116627"},{"taxonomy":"product_cat","embeddable":true,"href":"https:\/\/iha-race.com\/it\/wp-json\/wp\/v2\/product_cat?post=116627"},{"taxonomy":"product_tag","embeddable":true,"href":"https:\/\/iha-race.com\/it\/wp-json\/wp\/v2\/product_tag?post=116627"}],"curies":[{"name":"wp","href":"https:\/\/api.w.org\/{rel}","templated":true}]}}