{"id":116475,"date":"2022-09-05T16:45:39","date_gmt":"2022-09-05T14:45:39","guid":{"rendered":"https:\/\/iha-race.com\/producto\/servo-srt-coreless-hv-coppia-elevata-320-kg-015-secondi-74-v\/"},"modified":"2024-08-29T12:01:51","modified_gmt":"2024-08-29T10:01:51","slug":"srt-coreless-servo-hv-alto-torque-32-0kg-0-15sec-7-4v","status":"publish","type":"product","link":"https:\/\/iha-race.com\/it\/prodotto\/srt-coreless-servo-hv-alto-torque-32-0kg-0-15sec-7-4v\/","title":{"rendered":"Servo SRT Coreless HV Coppia elevata 32,0 kg \/ 0,15 secondi @ 7,4 V"},"content":{"rendered":"<h2 class=\"product_title entry-title\">Servo SRT Coreless HV Coppia elevata 32,0 kg \/ 0,15 secondi @ 7,4 V<\/h2>\n<p><strong>SRT-Racing &#8211; servitori di prima classe!<\/strong><\/p>\n<h3>Caratteristiche:<\/h3>\n<ul>\n<li>Motore coreless<\/li>\n<li>Parte centrale in alluminio, parte superiore e inferiore in plastica.<\/li>\n<li>HV adatto<\/li>\n<li>Regolatore digitale a 330Hz<\/li>\n<li>Estrema forza di tenuta e precisione di posizionamento<\/li>\n<li>Attrezzature robuste<\/li>\n<li>Denti 25T<\/li>\n<\/ul>\n<p>&nbsp;<\/p>\n<table width=\"70%\">\n<tbody>\n<tr>\n<td>Tensione:<\/td>\n<td>6.0V<\/td>\n<td>7.4V<\/td>\n<td>8.4V<\/td>\n<\/tr>\n<tr>\n<td>Velocit\u00e0 di posizionamento:<\/td>\n<td>0,16 secondi \/ 60\u00b0<\/td>\n<td>0,15 secondi \/ 60\u00b0.<\/td>\n<td>0,14 secondi \/ 60\u00b0<\/td>\n<\/tr>\n<tr>\n<td>Coppia:<\/td>\n<td>30,0 kg\/cm<\/td>\n<td>32,0 kg\/cm<\/td>\n<td>35,0 kg\/cm<\/td>\n<\/tr>\n<tr>\n<td>Assorbimento minimo di corrente \/ Max ..:<\/td>\n<td>20mA \/ 3100mA<\/td>\n<td>30mA \/ 3500mA<\/td>\n<td>35mA \/ 3800mA<\/td>\n<\/tr>\n<tr>\n<td>Motore:<\/td>\n<td colspan=\"3\">Senza nucleo<\/td>\n<\/tr>\n<tr>\n<td>Scatola ingranaggi:<\/td>\n<td colspan=\"3\">Titanio \/ acciaio<\/td>\n<\/tr>\n<tr>\n<td>Tipo:<\/td>\n<td colspan=\"3\">Digitale<\/td>\n<\/tr>\n<tr>\n<td>Frequenza di controllo:<\/td>\n<td colspan=\"3\">330Hz<\/td>\n<\/tr>\n<tr>\n<td>Cuscinetto a sfera:<\/td>\n<td colspan=\"3\">s\u00ec<\/td>\n<\/tr>\n<tr>\n<td>Dimensioni:<\/td>\n<td colspan=\"3\">40,7&#215;20,5&#215;38,5 mm<\/td>\n<\/tr>\n<tr>\n<td>Peso:<\/td>\n<td colspan=\"3\">75.0g<\/td>\n<\/tr>\n<tr>\n<td>Ingranaggi:<\/td>\n<td colspan=\"3\">25T<\/td>\n<\/tr>\n<tr>\n<td>Utilizzo:<\/td>\n<td colspan=\"3\">1\/5 su strada e fuori strada, aerei<\/td>\n<\/tr>\n<\/tbody>\n<\/table>\n<p>&nbsp;<\/p>\n<h3>Il pacchetto comprende:<\/h3>\n<ul>\n<li>1 servo<\/li>\n<li>2 x trombe del timone, singole e doppie<\/li>\n<li>1 foglio di adesivi<\/li>\n<\/ul>\n","protected":false},"excerpt":{"rendered":"<p>Servo SRT Coreless HV Coppia elevata 32,0 kg \/ 0,15 secondi @ 7,4 V SRT-Racing &#8211; servitori di prima classe! Caratteristiche: Motore coreless Parte centrale in alluminio, parte superiore e<\/p>\n","protected":false},"featured_media":116471,"comment_status":"open","ping_status":"closed","template":"","meta":{"_joinchat":[]},"pwb-brand":[],"product_cat":[166,1104],"product_tag":[],"class_list":{"0":"post-116475","1":"product","2":"type-product","3":"status-publish","4":"has-post-thumbnail","6":"product_cat-aviones-alas","7":"product_cat-elettronica-e-accessori-fpv","9":"first","10":"instock","11":"taxable","12":"shipping-taxable","13":"purchasable","14":"product-type-simple"},"barcode":null,"atum_controlled":true,"out_stock_date":null,"out_stock_threshold":null,"inheritable":false,"stock_on_hold":0,"sold_today":0,"sales_last_days":0,"out_stock_days":0,"lost_sales":0,"update_date":"2026-04-08T16:43:48","atum_locations":[],"atum_stock_status":"instock","restock_status":false,"low_stock_amount":"","sales_update_date":"2026-04-08T10:17:11","calc_backorders":null,"yoast_head":"<!-- This site is optimized with the Yoast SEO plugin v27.3 - https:\/\/yoast.com\/product\/yoast-seo-wordpress\/ -->\n<title>Servo SRT Coreless HV Coppia elevata 32,0 kg \/ 0,15 secondi @ 7,4 V - Iha Race<\/title>\n<meta name=\"robots\" content=\"index, follow, max-snippet:-1, max-image-preview:large, max-video-preview:-1\" \/>\n<link rel=\"canonical\" href=\"https:\/\/iha-race.com\/it\/prodotto\/srt-coreless-servo-hv-alto-torque-32-0kg-0-15sec-7-4v\/\" \/>\n<meta property=\"og:locale\" content=\"it_IT\" \/>\n<meta property=\"og:type\" content=\"article\" \/>\n<meta property=\"og:title\" content=\"Servo SRT Coreless HV Coppia elevata 32,0 kg \/ 0,15 secondi @ 7,4 V - Iha Race\" \/>\n<meta property=\"og:description\" content=\"Servo SRT Coreless HV Coppia elevata 32,0 kg \/ 0,15 secondi @ 7,4 V SRT-Racing &#8211; servitori di prima classe! Caratteristiche: Motore coreless Parte centrale in alluminio, parte superiore e\" \/>\n<meta property=\"og:url\" content=\"https:\/\/iha-race.com\/it\/prodotto\/srt-coreless-servo-hv-alto-torque-32-0kg-0-15sec-7-4v\/\" \/>\n<meta property=\"og:site_name\" content=\"Iha Race\" \/>\n<meta property=\"article:modified_time\" content=\"2024-08-29T10:01:51+00:00\" \/>\n<meta property=\"og:image\" content=\"https:\/\/iha-race.com\/wp-content\/uploads\/2022\/09\/SRT-Coreless-Servo-HV-Alto-Torque-32.0kg-0.15sec-@-7.4V.jpeg\" \/>\n\t<meta property=\"og:image:width\" content=\"800\" \/>\n\t<meta property=\"og:image:height\" content=\"800\" \/>\n\t<meta property=\"og:image:type\" content=\"image\/jpeg\" \/>\n<meta name=\"twitter:card\" content=\"summary_large_image\" \/>\n<meta name=\"twitter:label1\" content=\"Tempo di lettura stimato\" \/>\n\t<meta name=\"twitter:data1\" content=\"1 minuto\" \/>\n<script type=\"application\/ld+json\" class=\"yoast-schema-graph\">{\"@context\":\"https:\\\/\\\/schema.org\",\"@graph\":[{\"@type\":\"WebPage\",\"@id\":\"https:\\\/\\\/iha-race.com\\\/it\\\/prodotto\\\/srt-coreless-servo-hv-alto-torque-32-0kg-0-15sec-7-4v\\\/\",\"url\":\"https:\\\/\\\/iha-race.com\\\/it\\\/prodotto\\\/srt-coreless-servo-hv-alto-torque-32-0kg-0-15sec-7-4v\\\/\",\"name\":\"Servo SRT Coreless HV Coppia elevata 32,0 kg \\\/ 0,15 secondi @ 7,4 V - Iha Race\",\"isPartOf\":{\"@id\":\"https:\\\/\\\/iha-race.com\\\/it\\\/#website\"},\"primaryImageOfPage\":{\"@id\":\"https:\\\/\\\/iha-race.com\\\/it\\\/prodotto\\\/srt-coreless-servo-hv-alto-torque-32-0kg-0-15sec-7-4v\\\/#primaryimage\"},\"image\":{\"@id\":\"https:\\\/\\\/iha-race.com\\\/it\\\/prodotto\\\/srt-coreless-servo-hv-alto-torque-32-0kg-0-15sec-7-4v\\\/#primaryimage\"},\"thumbnailUrl\":\"https:\\\/\\\/iha-race.com\\\/wp-content\\\/uploads\\\/2022\\\/09\\\/SRT-Coreless-Servo-HV-Alto-Torque-32.0kg-0.15sec-@-7.4V.jpeg\",\"datePublished\":\"2022-09-05T14:45:39+00:00\",\"dateModified\":\"2024-08-29T10:01:51+00:00\",\"breadcrumb\":{\"@id\":\"https:\\\/\\\/iha-race.com\\\/it\\\/prodotto\\\/srt-coreless-servo-hv-alto-torque-32-0kg-0-15sec-7-4v\\\/#breadcrumb\"},\"inLanguage\":\"it-IT\",\"potentialAction\":[{\"@type\":\"ReadAction\",\"target\":[\"https:\\\/\\\/iha-race.com\\\/it\\\/prodotto\\\/srt-coreless-servo-hv-alto-torque-32-0kg-0-15sec-7-4v\\\/\"]}]},{\"@type\":\"ImageObject\",\"inLanguage\":\"it-IT\",\"@id\":\"https:\\\/\\\/iha-race.com\\\/it\\\/prodotto\\\/srt-coreless-servo-hv-alto-torque-32-0kg-0-15sec-7-4v\\\/#primaryimage\",\"url\":\"https:\\\/\\\/iha-race.com\\\/wp-content\\\/uploads\\\/2022\\\/09\\\/SRT-Coreless-Servo-HV-Alto-Torque-32.0kg-0.15sec-@-7.4V.jpeg\",\"contentUrl\":\"https:\\\/\\\/iha-race.com\\\/wp-content\\\/uploads\\\/2022\\\/09\\\/SRT-Coreless-Servo-HV-Alto-Torque-32.0kg-0.15sec-@-7.4V.jpeg\",\"width\":800,\"height\":800,\"caption\":\"acquistare il pi\u00f9 economico Servo SRT Coreless HV High Torque 32.0kg 0.15sec @ 7.4V\"},{\"@type\":\"BreadcrumbList\",\"@id\":\"https:\\\/\\\/iha-race.com\\\/it\\\/prodotto\\\/srt-coreless-servo-hv-alto-torque-32-0kg-0-15sec-7-4v\\\/#breadcrumb\",\"itemListElement\":[{\"@type\":\"ListItem\",\"position\":1,\"name\":\"Portada\",\"item\":\"https:\\\/\\\/iha-race.com\\\/it\\\/\"},{\"@type\":\"ListItem\",\"position\":2,\"name\":\"Negozio\",\"item\":\"https:\\\/\\\/iha-race.com\\\/it\\\/negozio\\\/\"},{\"@type\":\"ListItem\",\"position\":3,\"name\":\"Servo SRT Coreless HV Coppia elevata 32,0 kg \\\/ 0,15 secondi @ 7,4 V\"}]},{\"@type\":\"WebSite\",\"@id\":\"https:\\\/\\\/iha-race.com\\\/it\\\/#website\",\"url\":\"https:\\\/\\\/iha-race.com\\\/it\\\/\",\"name\":\"Iha Race\",\"description\":\"Comprar drones de carreras FPV env\u00edos en un d\u00eda desde Espa\u00f1a\",\"publisher\":{\"@id\":\"https:\\\/\\\/iha-race.com\\\/it\\\/#organization\"},\"potentialAction\":[{\"@type\":\"SearchAction\",\"target\":{\"@type\":\"EntryPoint\",\"urlTemplate\":\"https:\\\/\\\/iha-race.com\\\/it\\\/?s={search_term_string}\"},\"query-input\":{\"@type\":\"PropertyValueSpecification\",\"valueRequired\":true,\"valueName\":\"search_term_string\"}}],\"inLanguage\":\"it-IT\"},{\"@type\":\"Organization\",\"@id\":\"https:\\\/\\\/iha-race.com\\\/it\\\/#organization\",\"name\":\"Iha Race\",\"url\":\"https:\\\/\\\/iha-race.com\\\/it\\\/\",\"logo\":{\"@type\":\"ImageObject\",\"inLanguage\":\"it-IT\",\"@id\":\"https:\\\/\\\/iha-race.com\\\/it\\\/#\\\/schema\\\/logo\\\/image\\\/\",\"url\":\"https:\\\/\\\/iha-race.com\\\/wp-content\\\/uploads\\\/2018\\\/07\\\/iha-race-drones-de-carreras-tienda-comprar-drones.png\",\"contentUrl\":\"https:\\\/\\\/iha-race.com\\\/wp-content\\\/uploads\\\/2018\\\/07\\\/iha-race-drones-de-carreras-tienda-comprar-drones.png\",\"width\":300,\"height\":100,\"caption\":\"Iha Race\"},\"image\":{\"@id\":\"https:\\\/\\\/iha-race.com\\\/it\\\/#\\\/schema\\\/logo\\\/image\\\/\"}}]}<\/script>\n<!-- \/ Yoast SEO plugin. -->","yoast_head_json":{"title":"Servo SRT Coreless HV Coppia elevata 32,0 kg \/ 0,15 secondi @ 7,4 V - Iha Race","robots":{"index":"index","follow":"follow","max-snippet":"max-snippet:-1","max-image-preview":"max-image-preview:large","max-video-preview":"max-video-preview:-1"},"canonical":"https:\/\/iha-race.com\/it\/prodotto\/srt-coreless-servo-hv-alto-torque-32-0kg-0-15sec-7-4v\/","og_locale":"it_IT","og_type":"article","og_title":"Servo SRT Coreless HV Coppia elevata 32,0 kg \/ 0,15 secondi @ 7,4 V - Iha Race","og_description":"Servo SRT Coreless HV Coppia elevata 32,0 kg \/ 0,15 secondi @ 7,4 V SRT-Racing &#8211; servitori di prima classe! Caratteristiche: Motore coreless Parte centrale in alluminio, parte superiore e","og_url":"https:\/\/iha-race.com\/it\/prodotto\/srt-coreless-servo-hv-alto-torque-32-0kg-0-15sec-7-4v\/","og_site_name":"Iha Race","article_modified_time":"2024-08-29T10:01:51+00:00","og_image":[{"width":800,"height":800,"url":"https:\/\/iha-race.com\/wp-content\/uploads\/2022\/09\/SRT-Coreless-Servo-HV-Alto-Torque-32.0kg-0.15sec-@-7.4V.jpeg","type":"image\/jpeg"}],"twitter_card":"summary_large_image","twitter_misc":{"Tempo di lettura stimato":"1 minuto"},"schema":{"@context":"https:\/\/schema.org","@graph":[{"@type":"WebPage","@id":"https:\/\/iha-race.com\/it\/prodotto\/srt-coreless-servo-hv-alto-torque-32-0kg-0-15sec-7-4v\/","url":"https:\/\/iha-race.com\/it\/prodotto\/srt-coreless-servo-hv-alto-torque-32-0kg-0-15sec-7-4v\/","name":"Servo SRT Coreless HV Coppia elevata 32,0 kg \/ 0,15 secondi @ 7,4 V - Iha Race","isPartOf":{"@id":"https:\/\/iha-race.com\/it\/#website"},"primaryImageOfPage":{"@id":"https:\/\/iha-race.com\/it\/prodotto\/srt-coreless-servo-hv-alto-torque-32-0kg-0-15sec-7-4v\/#primaryimage"},"image":{"@id":"https:\/\/iha-race.com\/it\/prodotto\/srt-coreless-servo-hv-alto-torque-32-0kg-0-15sec-7-4v\/#primaryimage"},"thumbnailUrl":"https:\/\/iha-race.com\/wp-content\/uploads\/2022\/09\/SRT-Coreless-Servo-HV-Alto-Torque-32.0kg-0.15sec-@-7.4V.jpeg","datePublished":"2022-09-05T14:45:39+00:00","dateModified":"2024-08-29T10:01:51+00:00","breadcrumb":{"@id":"https:\/\/iha-race.com\/it\/prodotto\/srt-coreless-servo-hv-alto-torque-32-0kg-0-15sec-7-4v\/#breadcrumb"},"inLanguage":"it-IT","potentialAction":[{"@type":"ReadAction","target":["https:\/\/iha-race.com\/it\/prodotto\/srt-coreless-servo-hv-alto-torque-32-0kg-0-15sec-7-4v\/"]}]},{"@type":"ImageObject","inLanguage":"it-IT","@id":"https:\/\/iha-race.com\/it\/prodotto\/srt-coreless-servo-hv-alto-torque-32-0kg-0-15sec-7-4v\/#primaryimage","url":"https:\/\/iha-race.com\/wp-content\/uploads\/2022\/09\/SRT-Coreless-Servo-HV-Alto-Torque-32.0kg-0.15sec-@-7.4V.jpeg","contentUrl":"https:\/\/iha-race.com\/wp-content\/uploads\/2022\/09\/SRT-Coreless-Servo-HV-Alto-Torque-32.0kg-0.15sec-@-7.4V.jpeg","width":800,"height":800,"caption":"acquistare il pi\u00f9 economico Servo SRT Coreless HV High Torque 32.0kg 0.15sec @ 7.4V"},{"@type":"BreadcrumbList","@id":"https:\/\/iha-race.com\/it\/prodotto\/srt-coreless-servo-hv-alto-torque-32-0kg-0-15sec-7-4v\/#breadcrumb","itemListElement":[{"@type":"ListItem","position":1,"name":"Portada","item":"https:\/\/iha-race.com\/it\/"},{"@type":"ListItem","position":2,"name":"Negozio","item":"https:\/\/iha-race.com\/it\/negozio\/"},{"@type":"ListItem","position":3,"name":"Servo SRT Coreless HV Coppia elevata 32,0 kg \/ 0,15 secondi @ 7,4 V"}]},{"@type":"WebSite","@id":"https:\/\/iha-race.com\/it\/#website","url":"https:\/\/iha-race.com\/it\/","name":"Iha Race","description":"Comprar drones de carreras FPV env\u00edos en un d\u00eda desde Espa\u00f1a","publisher":{"@id":"https:\/\/iha-race.com\/it\/#organization"},"potentialAction":[{"@type":"SearchAction","target":{"@type":"EntryPoint","urlTemplate":"https:\/\/iha-race.com\/it\/?s={search_term_string}"},"query-input":{"@type":"PropertyValueSpecification","valueRequired":true,"valueName":"search_term_string"}}],"inLanguage":"it-IT"},{"@type":"Organization","@id":"https:\/\/iha-race.com\/it\/#organization","name":"Iha Race","url":"https:\/\/iha-race.com\/it\/","logo":{"@type":"ImageObject","inLanguage":"it-IT","@id":"https:\/\/iha-race.com\/it\/#\/schema\/logo\/image\/","url":"https:\/\/iha-race.com\/wp-content\/uploads\/2018\/07\/iha-race-drones-de-carreras-tienda-comprar-drones.png","contentUrl":"https:\/\/iha-race.com\/wp-content\/uploads\/2018\/07\/iha-race-drones-de-carreras-tienda-comprar-drones.png","width":300,"height":100,"caption":"Iha Race"},"image":{"@id":"https:\/\/iha-race.com\/it\/#\/schema\/logo\/image\/"}}]}},"brands":[],"_links":{"self":[{"href":"https:\/\/iha-race.com\/it\/wp-json\/wp\/v2\/product\/116475","targetHints":{"allow":["GET"]}}],"collection":[{"href":"https:\/\/iha-race.com\/it\/wp-json\/wp\/v2\/product"}],"about":[{"href":"https:\/\/iha-race.com\/it\/wp-json\/wp\/v2\/types\/product"}],"replies":[{"embeddable":true,"href":"https:\/\/iha-race.com\/it\/wp-json\/wp\/v2\/comments?post=116475"}],"version-history":[{"count":2,"href":"https:\/\/iha-race.com\/it\/wp-json\/wp\/v2\/product\/116475\/revisions"}],"predecessor-version":[{"id":249060,"href":"https:\/\/iha-race.com\/it\/wp-json\/wp\/v2\/product\/116475\/revisions\/249060"}],"wp:featuredmedia":[{"embeddable":true,"href":"https:\/\/iha-race.com\/it\/wp-json\/wp\/v2\/media\/116471"}],"wp:attachment":[{"href":"https:\/\/iha-race.com\/it\/wp-json\/wp\/v2\/media?parent=116475"}],"wp:term":[{"taxonomy":"pwb-brand","embeddable":true,"href":"https:\/\/iha-race.com\/it\/wp-json\/wp\/v2\/pwb-brand?post=116475"},{"taxonomy":"product_cat","embeddable":true,"href":"https:\/\/iha-race.com\/it\/wp-json\/wp\/v2\/product_cat?post=116475"},{"taxonomy":"product_tag","embeddable":true,"href":"https:\/\/iha-race.com\/it\/wp-json\/wp\/v2\/product_tag?post=116475"}],"curies":[{"name":"wp","href":"https:\/\/api.w.org\/{rel}","templated":true}]}}