{"id":116289,"date":"2022-09-02T18:51:07","date_gmt":"2022-09-02T16:51:07","guid":{"rendered":"https:\/\/iha-race.com\/producto\/jx-servo-pdi-hv7223mg-0123-sec-2392-kg\/"},"modified":"2024-10-05T09:20:17","modified_gmt":"2024-10-05T07:20:17","slug":"jx-servo-pdi-hv7223mg-0123-seg-2392-kg","status":"publish","type":"product","link":"https:\/\/iha-race.com\/it\/prodotto\/jx-servo-pdi-hv7223mg-0123-seg-2392-kg\/","title":{"rendered":"JX-Servo PDI-HV7223MG (0,123 Sec. 23,92 Kg.)"},"content":{"rendered":"<h2 class=\"product_title entry-title\">JX-Servo PDI-HV7223MG (0,123 Sec. 23,92 Kg.)<\/h2>\n<p>  Ingranaggi in metallo ad alta precisione completamente CNC, struttura dell&#8217;alloggiamento in alluminio.  <\/p>\n<h3><strong>CARATTERISTICHE:<\/strong><\/h3>\n<ul>\n<li>Servocomando digitale ad alta tensione senza nucleo ad alte prestazioni<\/li>\n<li>Ingranaggi in alluminio di alta precisione prodotti a Taiwan con finitura anodica dura<\/li>\n<li>Struttura dell&#8217;alloggiamento completamente in alluminio CNC<\/li>\n<li>Doppi cuscinetti a sfera<\/li>\n<li>Impermeabile<\/li>\n<\/ul>\n<h3><strong>SPECIFICHE:<\/strong><\/h3>\n<ul>\n<li>Banda morta: 1\u03bcs 1520\u03bcs \/ 330hz<\/li>\n<li>Motore: motore coreless<\/li>\n<li>Velocit\u00e0 di funzionamento (6,0 V): 0,152 secondi \/ 60\u00b0.<\/li>\n<li>Velocit\u00e0 di funzionamento (8,4V): 0,123sec \/ 60\u00b0.<\/li>\n<li>Coppia a riposo (6.0V): 19,25 kg.cm (267,33 oz \/ in)<\/li>\n<li>Coppia a riposo (8,4 V): 23,92 kg-cm (332,18 oz\/in)<\/li>\n<li>Dimensioni: 40,5X20,5X36mm \/ 1,59X0,80X1,43in<\/li>\n<li>Peso: 72 g (2,54 oz)<\/li>\n<li>Lunghezza del cavo del connettore: JR 265 mm (10,43&#8243;)<\/li>\n<li>Cuscinetto: 2BB<\/li>\n<\/ul>\n","protected":false},"excerpt":{"rendered":"<p>JX-Servo PDI-HV7223MG (0,123 Sec. 23,92 Kg.) Ingranaggi in metallo ad alta precisione completamente CNC, struttura dell&#8217;alloggiamento in alluminio. CARATTERISTICHE: Servocomando digitale ad alta tensione senza nucleo ad alte prestazioni Ingranaggi<\/p>\n","protected":false},"featured_media":116282,"comment_status":"open","ping_status":"closed","template":"","meta":{"_joinchat":[]},"pwb-brand":[],"product_cat":[166,1104],"product_tag":[],"class_list":{"0":"post-116289","1":"product","2":"type-product","3":"status-publish","4":"has-post-thumbnail","6":"product_cat-aviones-alas","7":"product_cat-elettronica-e-accessori-fpv","9":"first","10":"instock","11":"taxable","12":"shipping-taxable","13":"purchasable","14":"product-type-simple"},"barcode":null,"atum_controlled":true,"out_stock_date":null,"out_stock_threshold":null,"inheritable":false,"stock_on_hold":0,"sold_today":0,"sales_last_days":0,"out_stock_days":0,"lost_sales":0,"update_date":"2026-04-08T16:43:16","atum_locations":[],"atum_stock_status":"instock","restock_status":false,"low_stock_amount":"","sales_update_date":"2026-04-08T10:17:11","calc_backorders":null,"yoast_head":"<!-- This site is optimized with the Yoast SEO plugin v27.3 - https:\/\/yoast.com\/product\/yoast-seo-wordpress\/ -->\n<title>JX-Servo PDI-HV7223MG (0,123 Sec. 23,92 Kg.) - Iha Race<\/title>\n<meta name=\"robots\" content=\"index, follow, max-snippet:-1, max-image-preview:large, max-video-preview:-1\" \/>\n<link rel=\"canonical\" href=\"https:\/\/iha-race.com\/it\/prodotto\/jx-servo-pdi-hv7223mg-0123-seg-2392-kg\/\" \/>\n<meta property=\"og:locale\" content=\"it_IT\" \/>\n<meta property=\"og:type\" content=\"article\" \/>\n<meta property=\"og:title\" content=\"JX-Servo PDI-HV7223MG (0,123 Sec. 23,92 Kg.) - Iha Race\" \/>\n<meta property=\"og:description\" content=\"JX-Servo PDI-HV7223MG (0,123 Sec. 23,92 Kg.) Ingranaggi in metallo ad alta precisione completamente CNC, struttura dell&#8217;alloggiamento in alluminio. CARATTERISTICHE: Servocomando digitale ad alta tensione senza nucleo ad alte prestazioni Ingranaggi\" \/>\n<meta property=\"og:url\" content=\"https:\/\/iha-race.com\/it\/prodotto\/jx-servo-pdi-hv7223mg-0123-seg-2392-kg\/\" \/>\n<meta property=\"og:site_name\" content=\"Iha Race\" \/>\n<meta property=\"article:modified_time\" content=\"2024-10-05T07:20:17+00:00\" \/>\n<meta property=\"og:image\" content=\"https:\/\/iha-race.com\/wp-content\/uploads\/2022\/09\/JX-Servo-PDI-HV7223MG-0123-Seg.-2392-Kg..jpeg\" \/>\n\t<meta property=\"og:image:width\" content=\"800\" \/>\n\t<meta property=\"og:image:height\" content=\"800\" \/>\n\t<meta property=\"og:image:type\" content=\"image\/jpeg\" \/>\n<meta name=\"twitter:card\" content=\"summary_large_image\" \/>\n<meta name=\"twitter:label1\" content=\"Tempo di lettura stimato\" \/>\n\t<meta name=\"twitter:data1\" content=\"1 minuto\" \/>\n<script type=\"application\/ld+json\" class=\"yoast-schema-graph\">{\"@context\":\"https:\\\/\\\/schema.org\",\"@graph\":[{\"@type\":\"WebPage\",\"@id\":\"https:\\\/\\\/iha-race.com\\\/it\\\/prodotto\\\/jx-servo-pdi-hv7223mg-0123-seg-2392-kg\\\/\",\"url\":\"https:\\\/\\\/iha-race.com\\\/it\\\/prodotto\\\/jx-servo-pdi-hv7223mg-0123-seg-2392-kg\\\/\",\"name\":\"JX-Servo PDI-HV7223MG (0,123 Sec. 23,92 Kg.) - Iha Race\",\"isPartOf\":{\"@id\":\"https:\\\/\\\/iha-race.com\\\/it\\\/#website\"},\"primaryImageOfPage\":{\"@id\":\"https:\\\/\\\/iha-race.com\\\/it\\\/prodotto\\\/jx-servo-pdi-hv7223mg-0123-seg-2392-kg\\\/#primaryimage\"},\"image\":{\"@id\":\"https:\\\/\\\/iha-race.com\\\/it\\\/prodotto\\\/jx-servo-pdi-hv7223mg-0123-seg-2392-kg\\\/#primaryimage\"},\"thumbnailUrl\":\"https:\\\/\\\/iha-race.com\\\/wp-content\\\/uploads\\\/2022\\\/09\\\/JX-Servo-PDI-HV7223MG-0123-Seg.-2392-Kg..jpeg\",\"datePublished\":\"2022-09-02T16:51:07+00:00\",\"dateModified\":\"2024-10-05T07:20:17+00:00\",\"breadcrumb\":{\"@id\":\"https:\\\/\\\/iha-race.com\\\/it\\\/prodotto\\\/jx-servo-pdi-hv7223mg-0123-seg-2392-kg\\\/#breadcrumb\"},\"inLanguage\":\"it-IT\",\"potentialAction\":[{\"@type\":\"ReadAction\",\"target\":[\"https:\\\/\\\/iha-race.com\\\/it\\\/prodotto\\\/jx-servo-pdi-hv7223mg-0123-seg-2392-kg\\\/\"]}]},{\"@type\":\"ImageObject\",\"inLanguage\":\"it-IT\",\"@id\":\"https:\\\/\\\/iha-race.com\\\/it\\\/prodotto\\\/jx-servo-pdi-hv7223mg-0123-seg-2392-kg\\\/#primaryimage\",\"url\":\"https:\\\/\\\/iha-race.com\\\/wp-content\\\/uploads\\\/2022\\\/09\\\/JX-Servo-PDI-HV7223MG-0123-Seg.-2392-Kg..jpeg\",\"contentUrl\":\"https:\\\/\\\/iha-race.com\\\/wp-content\\\/uploads\\\/2022\\\/09\\\/JX-Servo-PDI-HV7223MG-0123-Seg.-2392-Kg..jpeg\",\"width\":800,\"height\":800,\"caption\":\"acquistare a buon mercato JX-Servo PDI-HV7223MG (0,123 Sec. 23,92 Kg.)\"},{\"@type\":\"BreadcrumbList\",\"@id\":\"https:\\\/\\\/iha-race.com\\\/it\\\/prodotto\\\/jx-servo-pdi-hv7223mg-0123-seg-2392-kg\\\/#breadcrumb\",\"itemListElement\":[{\"@type\":\"ListItem\",\"position\":1,\"name\":\"Portada\",\"item\":\"https:\\\/\\\/iha-race.com\\\/it\\\/\"},{\"@type\":\"ListItem\",\"position\":2,\"name\":\"Negozio\",\"item\":\"https:\\\/\\\/iha-race.com\\\/it\\\/negozio\\\/\"},{\"@type\":\"ListItem\",\"position\":3,\"name\":\"JX-Servo PDI-HV7223MG (0,123 Sec. 23,92 Kg.)\"}]},{\"@type\":\"WebSite\",\"@id\":\"https:\\\/\\\/iha-race.com\\\/it\\\/#website\",\"url\":\"https:\\\/\\\/iha-race.com\\\/it\\\/\",\"name\":\"Iha Race\",\"description\":\"Comprar drones de carreras FPV env\u00edos en un d\u00eda desde Espa\u00f1a\",\"publisher\":{\"@id\":\"https:\\\/\\\/iha-race.com\\\/it\\\/#organization\"},\"potentialAction\":[{\"@type\":\"SearchAction\",\"target\":{\"@type\":\"EntryPoint\",\"urlTemplate\":\"https:\\\/\\\/iha-race.com\\\/it\\\/?s={search_term_string}\"},\"query-input\":{\"@type\":\"PropertyValueSpecification\",\"valueRequired\":true,\"valueName\":\"search_term_string\"}}],\"inLanguage\":\"it-IT\"},{\"@type\":\"Organization\",\"@id\":\"https:\\\/\\\/iha-race.com\\\/it\\\/#organization\",\"name\":\"Iha Race\",\"url\":\"https:\\\/\\\/iha-race.com\\\/it\\\/\",\"logo\":{\"@type\":\"ImageObject\",\"inLanguage\":\"it-IT\",\"@id\":\"https:\\\/\\\/iha-race.com\\\/it\\\/#\\\/schema\\\/logo\\\/image\\\/\",\"url\":\"https:\\\/\\\/iha-race.com\\\/wp-content\\\/uploads\\\/2018\\\/07\\\/iha-race-drones-de-carreras-tienda-comprar-drones.png\",\"contentUrl\":\"https:\\\/\\\/iha-race.com\\\/wp-content\\\/uploads\\\/2018\\\/07\\\/iha-race-drones-de-carreras-tienda-comprar-drones.png\",\"width\":300,\"height\":100,\"caption\":\"Iha Race\"},\"image\":{\"@id\":\"https:\\\/\\\/iha-race.com\\\/it\\\/#\\\/schema\\\/logo\\\/image\\\/\"}}]}<\/script>\n<!-- \/ Yoast SEO plugin. -->","yoast_head_json":{"title":"JX-Servo PDI-HV7223MG (0,123 Sec. 23,92 Kg.) - Iha Race","robots":{"index":"index","follow":"follow","max-snippet":"max-snippet:-1","max-image-preview":"max-image-preview:large","max-video-preview":"max-video-preview:-1"},"canonical":"https:\/\/iha-race.com\/it\/prodotto\/jx-servo-pdi-hv7223mg-0123-seg-2392-kg\/","og_locale":"it_IT","og_type":"article","og_title":"JX-Servo PDI-HV7223MG (0,123 Sec. 23,92 Kg.) - Iha Race","og_description":"JX-Servo PDI-HV7223MG (0,123 Sec. 23,92 Kg.) Ingranaggi in metallo ad alta precisione completamente CNC, struttura dell&#8217;alloggiamento in alluminio. CARATTERISTICHE: Servocomando digitale ad alta tensione senza nucleo ad alte prestazioni Ingranaggi","og_url":"https:\/\/iha-race.com\/it\/prodotto\/jx-servo-pdi-hv7223mg-0123-seg-2392-kg\/","og_site_name":"Iha Race","article_modified_time":"2024-10-05T07:20:17+00:00","og_image":[{"width":800,"height":800,"url":"https:\/\/iha-race.com\/wp-content\/uploads\/2022\/09\/JX-Servo-PDI-HV7223MG-0123-Seg.-2392-Kg..jpeg","type":"image\/jpeg"}],"twitter_card":"summary_large_image","twitter_misc":{"Tempo di lettura stimato":"1 minuto"},"schema":{"@context":"https:\/\/schema.org","@graph":[{"@type":"WebPage","@id":"https:\/\/iha-race.com\/it\/prodotto\/jx-servo-pdi-hv7223mg-0123-seg-2392-kg\/","url":"https:\/\/iha-race.com\/it\/prodotto\/jx-servo-pdi-hv7223mg-0123-seg-2392-kg\/","name":"JX-Servo PDI-HV7223MG (0,123 Sec. 23,92 Kg.) - Iha Race","isPartOf":{"@id":"https:\/\/iha-race.com\/it\/#website"},"primaryImageOfPage":{"@id":"https:\/\/iha-race.com\/it\/prodotto\/jx-servo-pdi-hv7223mg-0123-seg-2392-kg\/#primaryimage"},"image":{"@id":"https:\/\/iha-race.com\/it\/prodotto\/jx-servo-pdi-hv7223mg-0123-seg-2392-kg\/#primaryimage"},"thumbnailUrl":"https:\/\/iha-race.com\/wp-content\/uploads\/2022\/09\/JX-Servo-PDI-HV7223MG-0123-Seg.-2392-Kg..jpeg","datePublished":"2022-09-02T16:51:07+00:00","dateModified":"2024-10-05T07:20:17+00:00","breadcrumb":{"@id":"https:\/\/iha-race.com\/it\/prodotto\/jx-servo-pdi-hv7223mg-0123-seg-2392-kg\/#breadcrumb"},"inLanguage":"it-IT","potentialAction":[{"@type":"ReadAction","target":["https:\/\/iha-race.com\/it\/prodotto\/jx-servo-pdi-hv7223mg-0123-seg-2392-kg\/"]}]},{"@type":"ImageObject","inLanguage":"it-IT","@id":"https:\/\/iha-race.com\/it\/prodotto\/jx-servo-pdi-hv7223mg-0123-seg-2392-kg\/#primaryimage","url":"https:\/\/iha-race.com\/wp-content\/uploads\/2022\/09\/JX-Servo-PDI-HV7223MG-0123-Seg.-2392-Kg..jpeg","contentUrl":"https:\/\/iha-race.com\/wp-content\/uploads\/2022\/09\/JX-Servo-PDI-HV7223MG-0123-Seg.-2392-Kg..jpeg","width":800,"height":800,"caption":"acquistare a buon mercato JX-Servo PDI-HV7223MG (0,123 Sec. 23,92 Kg.)"},{"@type":"BreadcrumbList","@id":"https:\/\/iha-race.com\/it\/prodotto\/jx-servo-pdi-hv7223mg-0123-seg-2392-kg\/#breadcrumb","itemListElement":[{"@type":"ListItem","position":1,"name":"Portada","item":"https:\/\/iha-race.com\/it\/"},{"@type":"ListItem","position":2,"name":"Negozio","item":"https:\/\/iha-race.com\/it\/negozio\/"},{"@type":"ListItem","position":3,"name":"JX-Servo PDI-HV7223MG (0,123 Sec. 23,92 Kg.)"}]},{"@type":"WebSite","@id":"https:\/\/iha-race.com\/it\/#website","url":"https:\/\/iha-race.com\/it\/","name":"Iha Race","description":"Comprar drones de carreras FPV env\u00edos en un d\u00eda desde Espa\u00f1a","publisher":{"@id":"https:\/\/iha-race.com\/it\/#organization"},"potentialAction":[{"@type":"SearchAction","target":{"@type":"EntryPoint","urlTemplate":"https:\/\/iha-race.com\/it\/?s={search_term_string}"},"query-input":{"@type":"PropertyValueSpecification","valueRequired":true,"valueName":"search_term_string"}}],"inLanguage":"it-IT"},{"@type":"Organization","@id":"https:\/\/iha-race.com\/it\/#organization","name":"Iha Race","url":"https:\/\/iha-race.com\/it\/","logo":{"@type":"ImageObject","inLanguage":"it-IT","@id":"https:\/\/iha-race.com\/it\/#\/schema\/logo\/image\/","url":"https:\/\/iha-race.com\/wp-content\/uploads\/2018\/07\/iha-race-drones-de-carreras-tienda-comprar-drones.png","contentUrl":"https:\/\/iha-race.com\/wp-content\/uploads\/2018\/07\/iha-race-drones-de-carreras-tienda-comprar-drones.png","width":300,"height":100,"caption":"Iha Race"},"image":{"@id":"https:\/\/iha-race.com\/it\/#\/schema\/logo\/image\/"}}]}},"brands":[],"_links":{"self":[{"href":"https:\/\/iha-race.com\/it\/wp-json\/wp\/v2\/product\/116289","targetHints":{"allow":["GET"]}}],"collection":[{"href":"https:\/\/iha-race.com\/it\/wp-json\/wp\/v2\/product"}],"about":[{"href":"https:\/\/iha-race.com\/it\/wp-json\/wp\/v2\/types\/product"}],"replies":[{"embeddable":true,"href":"https:\/\/iha-race.com\/it\/wp-json\/wp\/v2\/comments?post=116289"}],"version-history":[{"count":2,"href":"https:\/\/iha-race.com\/it\/wp-json\/wp\/v2\/product\/116289\/revisions"}],"predecessor-version":[{"id":249042,"href":"https:\/\/iha-race.com\/it\/wp-json\/wp\/v2\/product\/116289\/revisions\/249042"}],"wp:featuredmedia":[{"embeddable":true,"href":"https:\/\/iha-race.com\/it\/wp-json\/wp\/v2\/media\/116282"}],"wp:attachment":[{"href":"https:\/\/iha-race.com\/it\/wp-json\/wp\/v2\/media?parent=116289"}],"wp:term":[{"taxonomy":"pwb-brand","embeddable":true,"href":"https:\/\/iha-race.com\/it\/wp-json\/wp\/v2\/pwb-brand?post=116289"},{"taxonomy":"product_cat","embeddable":true,"href":"https:\/\/iha-race.com\/it\/wp-json\/wp\/v2\/product_cat?post=116289"},{"taxonomy":"product_tag","embeddable":true,"href":"https:\/\/iha-race.com\/it\/wp-json\/wp\/v2\/product_tag?post=116289"}],"curies":[{"name":"wp","href":"https:\/\/api.w.org\/{rel}","templated":true}]}}