{"id":116259,"date":"2022-09-02T18:32:19","date_gmt":"2022-09-02T16:32:19","guid":{"rendered":"https:\/\/iha-race.com\/producto\/jx-servo-pdi-7222mg-0126-sec-22kg\/"},"modified":"2024-08-29T12:01:24","modified_gmt":"2024-08-29T10:01:24","slug":"jx-servo-pdi-7222mg-0126-seg-22kg","status":"publish","type":"product","link":"https:\/\/iha-race.com\/it\/prodotto\/jx-servo-pdi-7222mg-0126-seg-22kg\/","title":{"rendered":"JX-Servo PDI-7222MG 0,126 sec. 22Kg"},"content":{"rendered":"<h2 class=\"product_title entry-title\">JX-Servo PDI-7222MG 0,126 sec. 22Kg<\/h2>\n<p>  Ingranaggi in metallo ad alta precisione completamente CNC, struttura dell&#8217;alloggiamento in alluminio.  <strong>CARATTERISTICHE:<\/strong> &#8211; Servo digitale coreless ad alte prestazioni &#8211; Ingranaggi in alluminio di alta precisione prodotti a Taiwan con anodizzazione dura &#8211; Struttura dell&#8217;alloggiamento completamente in alluminio CNC &#8211; Tre cuscinetti a sfera &#8211; Impermeabile<br \/>\n<strong>ImpermeabileSPECIFICHE<\/strong><strong>:<\/strong> <\/p>\n<ul>\n<li>Banda morta: 1 \u03bcs<\/li>\n<li>Frequenza operativa: 1520 \u03bcs \/ 330 hz<\/li>\n<li>Motore: motore coreless<\/li>\n<li>Velocit\u00e0 di funzionamento (4,8 V): 0,147 secondi \/ 60\u00b0.<\/li>\n<li>Velocit\u00e0 di funzionamento (6V): 0,126sec \/ 60 \u00b0<\/li>\n<li>Coppia a riposo (4,8V): 17,21 kg.cm (239,03 oz\/in)<\/li>\n<li>Coppia a riposo (6V): 22,06 kg.cm (306,3 oz \/ in)<\/li>\n<li>Dimensioni: 40,5X20,5X36mm \/1,59X0,80X1,42in<\/li>\n<li>Peso: 72 g (2,53 oz)<\/li>\n<li>Lunghezza del cavo del connettore: JR 265 mm (10,43&#8243;)<\/li>\n<li>Cuscinetto: 3BB<\/li>\n<\/ul>\n<p>&nbsp;<\/p>\n","protected":false},"excerpt":{"rendered":"<p>JX-Servo PDI-7222MG 0,126 sec. 22Kg Ingranaggi in metallo ad alta precisione completamente CNC, struttura dell&#8217;alloggiamento in alluminio. CARATTERISTICHE: &#8211; Servo digitale coreless ad alte prestazioni &#8211; Ingranaggi in alluminio di<\/p>\n","protected":false},"featured_media":116256,"comment_status":"open","ping_status":"closed","template":"","meta":{"_joinchat":[]},"pwb-brand":[],"product_cat":[166,1104],"product_tag":[],"class_list":{"0":"post-116259","1":"product","2":"type-product","3":"status-publish","4":"has-post-thumbnail","6":"product_cat-aviones-alas","7":"product_cat-elettronica-e-accessori-fpv","9":"first","10":"instock","11":"taxable","12":"shipping-taxable","13":"purchasable","14":"product-type-simple"},"barcode":null,"atum_controlled":true,"out_stock_date":null,"out_stock_threshold":null,"inheritable":false,"stock_on_hold":0,"sold_today":0,"sales_last_days":0,"out_stock_days":0,"lost_sales":0,"update_date":"2026-04-18T22:03:27","atum_locations":[],"atum_stock_status":"instock","restock_status":false,"low_stock_amount":"","sales_update_date":"2026-04-18T22:03:27","calc_backorders":null,"yoast_head":"<!-- This site is optimized with the Yoast SEO plugin v27.3 - https:\/\/yoast.com\/product\/yoast-seo-wordpress\/ -->\n<title>JX-Servo PDI-7222MG 0,126 sec. 22Kg - Iha Race<\/title>\n<meta name=\"robots\" content=\"index, follow, max-snippet:-1, max-image-preview:large, max-video-preview:-1\" \/>\n<link rel=\"canonical\" href=\"https:\/\/iha-race.com\/it\/prodotto\/jx-servo-pdi-7222mg-0126-seg-22kg\/\" \/>\n<meta property=\"og:locale\" content=\"it_IT\" \/>\n<meta property=\"og:type\" content=\"article\" \/>\n<meta property=\"og:title\" content=\"JX-Servo PDI-7222MG 0,126 sec. 22Kg - Iha Race\" \/>\n<meta property=\"og:description\" content=\"JX-Servo PDI-7222MG 0,126 sec. 22Kg Ingranaggi in metallo ad alta precisione completamente CNC, struttura dell&#8217;alloggiamento in alluminio. CARATTERISTICHE: &#8211; Servo digitale coreless ad alte prestazioni &#8211; Ingranaggi in alluminio di\" \/>\n<meta property=\"og:url\" content=\"https:\/\/iha-race.com\/it\/prodotto\/jx-servo-pdi-7222mg-0126-seg-22kg\/\" \/>\n<meta property=\"og:site_name\" content=\"Iha Race\" \/>\n<meta property=\"article:modified_time\" content=\"2024-08-29T10:01:24+00:00\" \/>\n<meta property=\"og:image\" content=\"https:\/\/iha-race.com\/wp-content\/uploads\/2022\/09\/JX-Servo-PDI-7222MG-0126-seg.-22Kg.jpg\" \/>\n\t<meta property=\"og:image:width\" content=\"600\" \/>\n\t<meta property=\"og:image:height\" content=\"600\" \/>\n\t<meta property=\"og:image:type\" content=\"image\/jpeg\" \/>\n<meta name=\"twitter:card\" content=\"summary_large_image\" \/>\n<meta name=\"twitter:label1\" content=\"Tempo di lettura stimato\" \/>\n\t<meta name=\"twitter:data1\" content=\"1 minuto\" \/>\n<script type=\"application\/ld+json\" class=\"yoast-schema-graph\">{\"@context\":\"https:\\\/\\\/schema.org\",\"@graph\":[{\"@type\":\"WebPage\",\"@id\":\"https:\\\/\\\/iha-race.com\\\/it\\\/prodotto\\\/jx-servo-pdi-7222mg-0126-seg-22kg\\\/\",\"url\":\"https:\\\/\\\/iha-race.com\\\/it\\\/prodotto\\\/jx-servo-pdi-7222mg-0126-seg-22kg\\\/\",\"name\":\"JX-Servo PDI-7222MG 0,126 sec. 22Kg - Iha Race\",\"isPartOf\":{\"@id\":\"https:\\\/\\\/iha-race.com\\\/it\\\/#website\"},\"primaryImageOfPage\":{\"@id\":\"https:\\\/\\\/iha-race.com\\\/it\\\/prodotto\\\/jx-servo-pdi-7222mg-0126-seg-22kg\\\/#primaryimage\"},\"image\":{\"@id\":\"https:\\\/\\\/iha-race.com\\\/it\\\/prodotto\\\/jx-servo-pdi-7222mg-0126-seg-22kg\\\/#primaryimage\"},\"thumbnailUrl\":\"https:\\\/\\\/iha-race.com\\\/wp-content\\\/uploads\\\/2022\\\/09\\\/JX-Servo-PDI-7222MG-0126-seg.-22Kg.jpg\",\"datePublished\":\"2022-09-02T16:32:19+00:00\",\"dateModified\":\"2024-08-29T10:01:24+00:00\",\"breadcrumb\":{\"@id\":\"https:\\\/\\\/iha-race.com\\\/it\\\/prodotto\\\/jx-servo-pdi-7222mg-0126-seg-22kg\\\/#breadcrumb\"},\"inLanguage\":\"it-IT\",\"potentialAction\":[{\"@type\":\"ReadAction\",\"target\":[\"https:\\\/\\\/iha-race.com\\\/it\\\/prodotto\\\/jx-servo-pdi-7222mg-0126-seg-22kg\\\/\"]}]},{\"@type\":\"ImageObject\",\"inLanguage\":\"it-IT\",\"@id\":\"https:\\\/\\\/iha-race.com\\\/it\\\/prodotto\\\/jx-servo-pdi-7222mg-0126-seg-22kg\\\/#primaryimage\",\"url\":\"https:\\\/\\\/iha-race.com\\\/wp-content\\\/uploads\\\/2022\\\/09\\\/JX-Servo-PDI-7222MG-0126-seg.-22Kg.jpg\",\"contentUrl\":\"https:\\\/\\\/iha-race.com\\\/wp-content\\\/uploads\\\/2022\\\/09\\\/JX-Servo-PDI-7222MG-0126-seg.-22Kg.jpg\",\"width\":600,\"height\":600,\"caption\":\"acquistare pi\u00f9 economico JX-Servo PDI-7222MG 0,126 sec. 22Kg\"},{\"@type\":\"BreadcrumbList\",\"@id\":\"https:\\\/\\\/iha-race.com\\\/it\\\/prodotto\\\/jx-servo-pdi-7222mg-0126-seg-22kg\\\/#breadcrumb\",\"itemListElement\":[{\"@type\":\"ListItem\",\"position\":1,\"name\":\"Portada\",\"item\":\"https:\\\/\\\/iha-race.com\\\/it\\\/\"},{\"@type\":\"ListItem\",\"position\":2,\"name\":\"Negozio\",\"item\":\"https:\\\/\\\/iha-race.com\\\/it\\\/negozio\\\/\"},{\"@type\":\"ListItem\",\"position\":3,\"name\":\"JX-Servo PDI-7222MG 0,126 sec. 22Kg\"}]},{\"@type\":\"WebSite\",\"@id\":\"https:\\\/\\\/iha-race.com\\\/it\\\/#website\",\"url\":\"https:\\\/\\\/iha-race.com\\\/it\\\/\",\"name\":\"Iha Race\",\"description\":\"Comprar drones de carreras FPV env\u00edos en un d\u00eda desde Espa\u00f1a\",\"publisher\":{\"@id\":\"https:\\\/\\\/iha-race.com\\\/it\\\/#organization\"},\"potentialAction\":[{\"@type\":\"SearchAction\",\"target\":{\"@type\":\"EntryPoint\",\"urlTemplate\":\"https:\\\/\\\/iha-race.com\\\/it\\\/?s={search_term_string}\"},\"query-input\":{\"@type\":\"PropertyValueSpecification\",\"valueRequired\":true,\"valueName\":\"search_term_string\"}}],\"inLanguage\":\"it-IT\"},{\"@type\":\"Organization\",\"@id\":\"https:\\\/\\\/iha-race.com\\\/it\\\/#organization\",\"name\":\"Iha Race\",\"url\":\"https:\\\/\\\/iha-race.com\\\/it\\\/\",\"logo\":{\"@type\":\"ImageObject\",\"inLanguage\":\"it-IT\",\"@id\":\"https:\\\/\\\/iha-race.com\\\/it\\\/#\\\/schema\\\/logo\\\/image\\\/\",\"url\":\"https:\\\/\\\/iha-race.com\\\/wp-content\\\/uploads\\\/2018\\\/07\\\/iha-race-drones-de-carreras-tienda-comprar-drones.png\",\"contentUrl\":\"https:\\\/\\\/iha-race.com\\\/wp-content\\\/uploads\\\/2018\\\/07\\\/iha-race-drones-de-carreras-tienda-comprar-drones.png\",\"width\":300,\"height\":100,\"caption\":\"Iha Race\"},\"image\":{\"@id\":\"https:\\\/\\\/iha-race.com\\\/it\\\/#\\\/schema\\\/logo\\\/image\\\/\"}}]}<\/script>\n<!-- \/ Yoast SEO plugin. -->","yoast_head_json":{"title":"JX-Servo PDI-7222MG 0,126 sec. 22Kg - Iha Race","robots":{"index":"index","follow":"follow","max-snippet":"max-snippet:-1","max-image-preview":"max-image-preview:large","max-video-preview":"max-video-preview:-1"},"canonical":"https:\/\/iha-race.com\/it\/prodotto\/jx-servo-pdi-7222mg-0126-seg-22kg\/","og_locale":"it_IT","og_type":"article","og_title":"JX-Servo PDI-7222MG 0,126 sec. 22Kg - Iha Race","og_description":"JX-Servo PDI-7222MG 0,126 sec. 22Kg Ingranaggi in metallo ad alta precisione completamente CNC, struttura dell&#8217;alloggiamento in alluminio. CARATTERISTICHE: &#8211; Servo digitale coreless ad alte prestazioni &#8211; Ingranaggi in alluminio di","og_url":"https:\/\/iha-race.com\/it\/prodotto\/jx-servo-pdi-7222mg-0126-seg-22kg\/","og_site_name":"Iha Race","article_modified_time":"2024-08-29T10:01:24+00:00","og_image":[{"width":600,"height":600,"url":"https:\/\/iha-race.com\/wp-content\/uploads\/2022\/09\/JX-Servo-PDI-7222MG-0126-seg.-22Kg.jpg","type":"image\/jpeg"}],"twitter_card":"summary_large_image","twitter_misc":{"Tempo di lettura stimato":"1 minuto"},"schema":{"@context":"https:\/\/schema.org","@graph":[{"@type":"WebPage","@id":"https:\/\/iha-race.com\/it\/prodotto\/jx-servo-pdi-7222mg-0126-seg-22kg\/","url":"https:\/\/iha-race.com\/it\/prodotto\/jx-servo-pdi-7222mg-0126-seg-22kg\/","name":"JX-Servo PDI-7222MG 0,126 sec. 22Kg - Iha Race","isPartOf":{"@id":"https:\/\/iha-race.com\/it\/#website"},"primaryImageOfPage":{"@id":"https:\/\/iha-race.com\/it\/prodotto\/jx-servo-pdi-7222mg-0126-seg-22kg\/#primaryimage"},"image":{"@id":"https:\/\/iha-race.com\/it\/prodotto\/jx-servo-pdi-7222mg-0126-seg-22kg\/#primaryimage"},"thumbnailUrl":"https:\/\/iha-race.com\/wp-content\/uploads\/2022\/09\/JX-Servo-PDI-7222MG-0126-seg.-22Kg.jpg","datePublished":"2022-09-02T16:32:19+00:00","dateModified":"2024-08-29T10:01:24+00:00","breadcrumb":{"@id":"https:\/\/iha-race.com\/it\/prodotto\/jx-servo-pdi-7222mg-0126-seg-22kg\/#breadcrumb"},"inLanguage":"it-IT","potentialAction":[{"@type":"ReadAction","target":["https:\/\/iha-race.com\/it\/prodotto\/jx-servo-pdi-7222mg-0126-seg-22kg\/"]}]},{"@type":"ImageObject","inLanguage":"it-IT","@id":"https:\/\/iha-race.com\/it\/prodotto\/jx-servo-pdi-7222mg-0126-seg-22kg\/#primaryimage","url":"https:\/\/iha-race.com\/wp-content\/uploads\/2022\/09\/JX-Servo-PDI-7222MG-0126-seg.-22Kg.jpg","contentUrl":"https:\/\/iha-race.com\/wp-content\/uploads\/2022\/09\/JX-Servo-PDI-7222MG-0126-seg.-22Kg.jpg","width":600,"height":600,"caption":"acquistare pi\u00f9 economico JX-Servo PDI-7222MG 0,126 sec. 22Kg"},{"@type":"BreadcrumbList","@id":"https:\/\/iha-race.com\/it\/prodotto\/jx-servo-pdi-7222mg-0126-seg-22kg\/#breadcrumb","itemListElement":[{"@type":"ListItem","position":1,"name":"Portada","item":"https:\/\/iha-race.com\/it\/"},{"@type":"ListItem","position":2,"name":"Negozio","item":"https:\/\/iha-race.com\/it\/negozio\/"},{"@type":"ListItem","position":3,"name":"JX-Servo PDI-7222MG 0,126 sec. 22Kg"}]},{"@type":"WebSite","@id":"https:\/\/iha-race.com\/it\/#website","url":"https:\/\/iha-race.com\/it\/","name":"Iha Race","description":"Comprar drones de carreras FPV env\u00edos en un d\u00eda desde Espa\u00f1a","publisher":{"@id":"https:\/\/iha-race.com\/it\/#organization"},"potentialAction":[{"@type":"SearchAction","target":{"@type":"EntryPoint","urlTemplate":"https:\/\/iha-race.com\/it\/?s={search_term_string}"},"query-input":{"@type":"PropertyValueSpecification","valueRequired":true,"valueName":"search_term_string"}}],"inLanguage":"it-IT"},{"@type":"Organization","@id":"https:\/\/iha-race.com\/it\/#organization","name":"Iha Race","url":"https:\/\/iha-race.com\/it\/","logo":{"@type":"ImageObject","inLanguage":"it-IT","@id":"https:\/\/iha-race.com\/it\/#\/schema\/logo\/image\/","url":"https:\/\/iha-race.com\/wp-content\/uploads\/2018\/07\/iha-race-drones-de-carreras-tienda-comprar-drones.png","contentUrl":"https:\/\/iha-race.com\/wp-content\/uploads\/2018\/07\/iha-race-drones-de-carreras-tienda-comprar-drones.png","width":300,"height":100,"caption":"Iha Race"},"image":{"@id":"https:\/\/iha-race.com\/it\/#\/schema\/logo\/image\/"}}]}},"jetpack_sharing_enabled":true,"brands":[],"_links":{"self":[{"href":"https:\/\/iha-race.com\/it\/wp-json\/wp\/v2\/product\/116259","targetHints":{"allow":["GET"]}}],"collection":[{"href":"https:\/\/iha-race.com\/it\/wp-json\/wp\/v2\/product"}],"about":[{"href":"https:\/\/iha-race.com\/it\/wp-json\/wp\/v2\/types\/product"}],"replies":[{"embeddable":true,"href":"https:\/\/iha-race.com\/it\/wp-json\/wp\/v2\/comments?post=116259"}],"version-history":[{"count":2,"href":"https:\/\/iha-race.com\/it\/wp-json\/wp\/v2\/product\/116259\/revisions"}],"predecessor-version":[{"id":249041,"href":"https:\/\/iha-race.com\/it\/wp-json\/wp\/v2\/product\/116259\/revisions\/249041"}],"wp:featuredmedia":[{"embeddable":true,"href":"https:\/\/iha-race.com\/it\/wp-json\/wp\/v2\/media\/116256"}],"wp:attachment":[{"href":"https:\/\/iha-race.com\/it\/wp-json\/wp\/v2\/media?parent=116259"}],"wp:term":[{"taxonomy":"pwb-brand","embeddable":true,"href":"https:\/\/iha-race.com\/it\/wp-json\/wp\/v2\/pwb-brand?post=116259"},{"taxonomy":"product_cat","embeddable":true,"href":"https:\/\/iha-race.com\/it\/wp-json\/wp\/v2\/product_cat?post=116259"},{"taxonomy":"product_tag","embeddable":true,"href":"https:\/\/iha-race.com\/it\/wp-json\/wp\/v2\/product_tag?post=116259"}],"curies":[{"name":"wp","href":"https:\/\/api.w.org\/{rel}","templated":true}]}}