{"id":116213,"date":"2022-09-02T18:06:20","date_gmt":"2022-09-02T16:06:20","guid":{"rendered":"https:\/\/iha-race.com\/producto\/servo-feetech-74v-40kg\/"},"modified":"2024-08-29T12:01:23","modified_gmt":"2024-08-29T10:01:23","slug":"servo-feetech-7-4v-40kg","status":"publish","type":"product","link":"https:\/\/iha-race.com\/it\/prodotto\/servo-feetech-7-4v-40kg\/","title":{"rendered":"Servo Feetech 7,4V 40kg"},"content":{"rendered":"<h2>Servo Feetech 7,4V 40kg<\/h2>\n<h3>Specifiche tecniche<\/h3>\n<ul>\n<li>Intervallo di temperatura di stoccaggio -30 \u2103 \uff5e 80 \u2103<\/li>\n<li>Intervallo di temperatura operativa: -20 \u2103 \uff5e 60 \u2103<\/li>\n<li>Dimensioni: A: 40 mm B: 20 mm C: 38 mm<\/li>\n<li>Peso<span style=\"font-size: 16px;\">: 91,5 \u00b1 1 g<\/span><\/li>\n<li>Tipo di ingranaggio: <span style=\"font-size: 16px;\">Acciaio<\/span><\/li>\n<li>Limite dell&#8217;angolo: <span style=\"font-size: 16px;\">Nessun limite<\/span><\/li>\n<li>Cuscinetto: Cuscinetti a sfera<\/li>\n<li>Scanalatura dell&#8217;ingranaggio a corno: 25 denti \/ 5,9 mm<\/li>\n<li>Rapporto di trasmissione: 1\/378<\/li>\n<li>Cavo di collegamento: 30 CENTIMETRI<\/li>\n<li>Motore: motore brushless<\/li>\n<li>Intervallo di tensione operativa: <span style=\"font-size: 16px;\">4V-8,4V<\/span><\/li>\n<li>Corrente inattiva (a riposo) 6MA@7.4V<\/li>\n<li>Velocit\u00e0 a vuoto: <span style=\"font-size: 16px;\">0,151 sec \/ 60\u00b0 a 7,4 V<\/span><\/li>\n<li>Corrente di esercizio (a vuoto): 300mA@7.4V<\/li>\n<li>Coppia massima di bloccaggio: <span style=\"font-size: 16px;\">40kg.cm@7.4V<\/span><\/li>\n<li>Coppia nominale: <span style=\"font-size: 16px;\">13,5 kg.cm@7.4V<\/span><\/li>\n<li>Corrente di blocco: 4.4A@7.4V<\/li>\n<li>Segnale di comando: modifica dell&#8217;ampiezza degli impulsi<\/li>\n<li>Tipo di amplificatore Comparatore digitale<\/li>\n<li>Intervallo di larghezza dell&#8217;impulso 500 ~ 2500 \u03bc sec<\/li>\n<li>Posizione di arresto: 1500 \u03bc sec<\/li>\n<li>Velocit\u00e0 di corsa: <span style=\"font-size: 16px;\">180\u00b0 a 500 \u2192 2500 \u03bc sec)<\/span><\/li>\n<li>Larghezza di banda morta: \u22644 \u03bc sec<\/li>\n<li>Senso di rotazione Visualizzazione dell&#8217;orologio (\u5728 1500 \u2192 2000 \u03bc sec)<\/li>\n<\/ul>\n<h2>Il pacchetto comprende:<\/h2>\n<p><img fetchpriority=\"high\" decoding=\"async\" class=\"alignnone wp-image-5876 \" src=\"https:\/\/iha-car.com\/wp-content\/uploads\/2021\/03\/Servo-Feetech-7.4V-40kg.cm-con-brazo-rc-crawler-y-repuestos.jpg\" alt=\"\" width=\"529\" height=\"529\"><\/p>\n","protected":false},"excerpt":{"rendered":"<p>Servo Feetech 7,4V 40kg Specifiche tecniche Intervallo di temperatura di stoccaggio -30 \u2103 \uff5e 80 \u2103 Intervallo di temperatura operativa: -20 \u2103 \uff5e 60 \u2103 Dimensioni: A: 40 mm B:<\/p>\n","protected":false},"featured_media":116210,"comment_status":"open","ping_status":"closed","template":"","meta":{"_joinchat":[]},"pwb-brand":[],"product_cat":[166,1104],"product_tag":[],"class_list":{"0":"post-116213","1":"product","2":"type-product","3":"status-publish","4":"has-post-thumbnail","6":"product_cat-aviones-alas","7":"product_cat-elettronica-e-accessori-fpv","9":"first","10":"instock","11":"taxable","12":"shipping-taxable","13":"purchasable","14":"product-type-simple"},"barcode":null,"atum_controlled":true,"out_stock_date":null,"out_stock_threshold":null,"inheritable":false,"stock_on_hold":0,"sold_today":0,"sales_last_days":0,"out_stock_days":0,"lost_sales":0,"update_date":"2026-04-18T22:18:12","atum_locations":[],"atum_stock_status":"instock","restock_status":false,"low_stock_amount":"","sales_update_date":"2026-04-18T22:18:12","calc_backorders":null,"yoast_head":"<!-- This site is optimized with the Yoast SEO plugin v27.3 - https:\/\/yoast.com\/product\/yoast-seo-wordpress\/ -->\n<title>Servo Feetech 7,4V 40kg - Iha Race<\/title>\n<meta name=\"robots\" content=\"index, follow, max-snippet:-1, max-image-preview:large, max-video-preview:-1\" \/>\n<link rel=\"canonical\" href=\"https:\/\/iha-race.com\/it\/prodotto\/servo-feetech-7-4v-40kg\/\" \/>\n<meta property=\"og:locale\" content=\"it_IT\" \/>\n<meta property=\"og:type\" content=\"article\" \/>\n<meta property=\"og:title\" content=\"Servo Feetech 7,4V 40kg - Iha Race\" \/>\n<meta property=\"og:description\" content=\"Servo Feetech 7,4V 40kg Specifiche tecniche Intervallo di temperatura di stoccaggio -30 \u2103 \uff5e 80 \u2103 Intervallo di temperatura operativa: -20 \u2103 \uff5e 60 \u2103 Dimensioni: A: 40 mm B:\" \/>\n<meta property=\"og:url\" content=\"https:\/\/iha-race.com\/it\/prodotto\/servo-feetech-7-4v-40kg\/\" \/>\n<meta property=\"og:site_name\" content=\"Iha Race\" \/>\n<meta property=\"article:modified_time\" content=\"2024-08-29T10:01:23+00:00\" \/>\n<meta property=\"og:image\" content=\"https:\/\/iha-race.com\/wp-content\/uploads\/2022\/09\/Servo-Feetech-7.4V-40kg.jpg\" \/>\n\t<meta property=\"og:image:width\" content=\"1000\" \/>\n\t<meta property=\"og:image:height\" content=\"1000\" \/>\n\t<meta property=\"og:image:type\" content=\"image\/jpeg\" \/>\n<meta name=\"twitter:card\" content=\"summary_large_image\" \/>\n<meta name=\"twitter:label1\" content=\"Tempo di lettura stimato\" \/>\n\t<meta name=\"twitter:data1\" content=\"1 minuto\" \/>\n<script type=\"application\/ld+json\" class=\"yoast-schema-graph\">{\"@context\":\"https:\\\/\\\/schema.org\",\"@graph\":[{\"@type\":\"WebPage\",\"@id\":\"https:\\\/\\\/iha-race.com\\\/it\\\/prodotto\\\/servo-feetech-7-4v-40kg\\\/\",\"url\":\"https:\\\/\\\/iha-race.com\\\/it\\\/prodotto\\\/servo-feetech-7-4v-40kg\\\/\",\"name\":\"Servo Feetech 7,4V 40kg - Iha Race\",\"isPartOf\":{\"@id\":\"https:\\\/\\\/iha-race.com\\\/it\\\/#website\"},\"primaryImageOfPage\":{\"@id\":\"https:\\\/\\\/iha-race.com\\\/it\\\/prodotto\\\/servo-feetech-7-4v-40kg\\\/#primaryimage\"},\"image\":{\"@id\":\"https:\\\/\\\/iha-race.com\\\/it\\\/prodotto\\\/servo-feetech-7-4v-40kg\\\/#primaryimage\"},\"thumbnailUrl\":\"https:\\\/\\\/iha-race.com\\\/wp-content\\\/uploads\\\/2022\\\/09\\\/Servo-Feetech-7.4V-40kg.jpg\",\"datePublished\":\"2022-09-02T16:06:20+00:00\",\"dateModified\":\"2024-08-29T10:01:23+00:00\",\"breadcrumb\":{\"@id\":\"https:\\\/\\\/iha-race.com\\\/it\\\/prodotto\\\/servo-feetech-7-4v-40kg\\\/#breadcrumb\"},\"inLanguage\":\"it-IT\",\"potentialAction\":[{\"@type\":\"ReadAction\",\"target\":[\"https:\\\/\\\/iha-race.com\\\/it\\\/prodotto\\\/servo-feetech-7-4v-40kg\\\/\"]}]},{\"@type\":\"ImageObject\",\"inLanguage\":\"it-IT\",\"@id\":\"https:\\\/\\\/iha-race.com\\\/it\\\/prodotto\\\/servo-feetech-7-4v-40kg\\\/#primaryimage\",\"url\":\"https:\\\/\\\/iha-race.com\\\/wp-content\\\/uploads\\\/2022\\\/09\\\/Servo-Feetech-7.4V-40kg.jpg\",\"contentUrl\":\"https:\\\/\\\/iha-race.com\\\/wp-content\\\/uploads\\\/2022\\\/09\\\/Servo-Feetech-7.4V-40kg.jpg\",\"width\":1000,\"height\":1000,\"caption\":\"acquistare a buon mercato Feetech 7.4V Servo\"},{\"@type\":\"BreadcrumbList\",\"@id\":\"https:\\\/\\\/iha-race.com\\\/it\\\/prodotto\\\/servo-feetech-7-4v-40kg\\\/#breadcrumb\",\"itemListElement\":[{\"@type\":\"ListItem\",\"position\":1,\"name\":\"Portada\",\"item\":\"https:\\\/\\\/iha-race.com\\\/it\\\/\"},{\"@type\":\"ListItem\",\"position\":2,\"name\":\"Negozio\",\"item\":\"https:\\\/\\\/iha-race.com\\\/it\\\/negozio\\\/\"},{\"@type\":\"ListItem\",\"position\":3,\"name\":\"Servo Feetech 7,4V 40kg\"}]},{\"@type\":\"WebSite\",\"@id\":\"https:\\\/\\\/iha-race.com\\\/it\\\/#website\",\"url\":\"https:\\\/\\\/iha-race.com\\\/it\\\/\",\"name\":\"Iha Race\",\"description\":\"Comprar drones de carreras FPV env\u00edos en un d\u00eda desde Espa\u00f1a\",\"publisher\":{\"@id\":\"https:\\\/\\\/iha-race.com\\\/it\\\/#organization\"},\"potentialAction\":[{\"@type\":\"SearchAction\",\"target\":{\"@type\":\"EntryPoint\",\"urlTemplate\":\"https:\\\/\\\/iha-race.com\\\/it\\\/?s={search_term_string}\"},\"query-input\":{\"@type\":\"PropertyValueSpecification\",\"valueRequired\":true,\"valueName\":\"search_term_string\"}}],\"inLanguage\":\"it-IT\"},{\"@type\":\"Organization\",\"@id\":\"https:\\\/\\\/iha-race.com\\\/it\\\/#organization\",\"name\":\"Iha Race\",\"url\":\"https:\\\/\\\/iha-race.com\\\/it\\\/\",\"logo\":{\"@type\":\"ImageObject\",\"inLanguage\":\"it-IT\",\"@id\":\"https:\\\/\\\/iha-race.com\\\/it\\\/#\\\/schema\\\/logo\\\/image\\\/\",\"url\":\"https:\\\/\\\/iha-race.com\\\/wp-content\\\/uploads\\\/2018\\\/07\\\/iha-race-drones-de-carreras-tienda-comprar-drones.png\",\"contentUrl\":\"https:\\\/\\\/iha-race.com\\\/wp-content\\\/uploads\\\/2018\\\/07\\\/iha-race-drones-de-carreras-tienda-comprar-drones.png\",\"width\":300,\"height\":100,\"caption\":\"Iha Race\"},\"image\":{\"@id\":\"https:\\\/\\\/iha-race.com\\\/it\\\/#\\\/schema\\\/logo\\\/image\\\/\"}}]}<\/script>\n<!-- \/ Yoast SEO plugin. -->","yoast_head_json":{"title":"Servo Feetech 7,4V 40kg - Iha Race","robots":{"index":"index","follow":"follow","max-snippet":"max-snippet:-1","max-image-preview":"max-image-preview:large","max-video-preview":"max-video-preview:-1"},"canonical":"https:\/\/iha-race.com\/it\/prodotto\/servo-feetech-7-4v-40kg\/","og_locale":"it_IT","og_type":"article","og_title":"Servo Feetech 7,4V 40kg - Iha Race","og_description":"Servo Feetech 7,4V 40kg Specifiche tecniche Intervallo di temperatura di stoccaggio -30 \u2103 \uff5e 80 \u2103 Intervallo di temperatura operativa: -20 \u2103 \uff5e 60 \u2103 Dimensioni: A: 40 mm B:","og_url":"https:\/\/iha-race.com\/it\/prodotto\/servo-feetech-7-4v-40kg\/","og_site_name":"Iha Race","article_modified_time":"2024-08-29T10:01:23+00:00","og_image":[{"width":1000,"height":1000,"url":"https:\/\/iha-race.com\/wp-content\/uploads\/2022\/09\/Servo-Feetech-7.4V-40kg.jpg","type":"image\/jpeg"}],"twitter_card":"summary_large_image","twitter_misc":{"Tempo di lettura stimato":"1 minuto"},"schema":{"@context":"https:\/\/schema.org","@graph":[{"@type":"WebPage","@id":"https:\/\/iha-race.com\/it\/prodotto\/servo-feetech-7-4v-40kg\/","url":"https:\/\/iha-race.com\/it\/prodotto\/servo-feetech-7-4v-40kg\/","name":"Servo Feetech 7,4V 40kg - Iha Race","isPartOf":{"@id":"https:\/\/iha-race.com\/it\/#website"},"primaryImageOfPage":{"@id":"https:\/\/iha-race.com\/it\/prodotto\/servo-feetech-7-4v-40kg\/#primaryimage"},"image":{"@id":"https:\/\/iha-race.com\/it\/prodotto\/servo-feetech-7-4v-40kg\/#primaryimage"},"thumbnailUrl":"https:\/\/iha-race.com\/wp-content\/uploads\/2022\/09\/Servo-Feetech-7.4V-40kg.jpg","datePublished":"2022-09-02T16:06:20+00:00","dateModified":"2024-08-29T10:01:23+00:00","breadcrumb":{"@id":"https:\/\/iha-race.com\/it\/prodotto\/servo-feetech-7-4v-40kg\/#breadcrumb"},"inLanguage":"it-IT","potentialAction":[{"@type":"ReadAction","target":["https:\/\/iha-race.com\/it\/prodotto\/servo-feetech-7-4v-40kg\/"]}]},{"@type":"ImageObject","inLanguage":"it-IT","@id":"https:\/\/iha-race.com\/it\/prodotto\/servo-feetech-7-4v-40kg\/#primaryimage","url":"https:\/\/iha-race.com\/wp-content\/uploads\/2022\/09\/Servo-Feetech-7.4V-40kg.jpg","contentUrl":"https:\/\/iha-race.com\/wp-content\/uploads\/2022\/09\/Servo-Feetech-7.4V-40kg.jpg","width":1000,"height":1000,"caption":"acquistare a buon mercato Feetech 7.4V Servo"},{"@type":"BreadcrumbList","@id":"https:\/\/iha-race.com\/it\/prodotto\/servo-feetech-7-4v-40kg\/#breadcrumb","itemListElement":[{"@type":"ListItem","position":1,"name":"Portada","item":"https:\/\/iha-race.com\/it\/"},{"@type":"ListItem","position":2,"name":"Negozio","item":"https:\/\/iha-race.com\/it\/negozio\/"},{"@type":"ListItem","position":3,"name":"Servo Feetech 7,4V 40kg"}]},{"@type":"WebSite","@id":"https:\/\/iha-race.com\/it\/#website","url":"https:\/\/iha-race.com\/it\/","name":"Iha Race","description":"Comprar drones de carreras FPV env\u00edos en un d\u00eda desde Espa\u00f1a","publisher":{"@id":"https:\/\/iha-race.com\/it\/#organization"},"potentialAction":[{"@type":"SearchAction","target":{"@type":"EntryPoint","urlTemplate":"https:\/\/iha-race.com\/it\/?s={search_term_string}"},"query-input":{"@type":"PropertyValueSpecification","valueRequired":true,"valueName":"search_term_string"}}],"inLanguage":"it-IT"},{"@type":"Organization","@id":"https:\/\/iha-race.com\/it\/#organization","name":"Iha Race","url":"https:\/\/iha-race.com\/it\/","logo":{"@type":"ImageObject","inLanguage":"it-IT","@id":"https:\/\/iha-race.com\/it\/#\/schema\/logo\/image\/","url":"https:\/\/iha-race.com\/wp-content\/uploads\/2018\/07\/iha-race-drones-de-carreras-tienda-comprar-drones.png","contentUrl":"https:\/\/iha-race.com\/wp-content\/uploads\/2018\/07\/iha-race-drones-de-carreras-tienda-comprar-drones.png","width":300,"height":100,"caption":"Iha Race"},"image":{"@id":"https:\/\/iha-race.com\/it\/#\/schema\/logo\/image\/"}}]}},"jetpack_sharing_enabled":true,"brands":[],"_links":{"self":[{"href":"https:\/\/iha-race.com\/it\/wp-json\/wp\/v2\/product\/116213","targetHints":{"allow":["GET"]}}],"collection":[{"href":"https:\/\/iha-race.com\/it\/wp-json\/wp\/v2\/product"}],"about":[{"href":"https:\/\/iha-race.com\/it\/wp-json\/wp\/v2\/types\/product"}],"replies":[{"embeddable":true,"href":"https:\/\/iha-race.com\/it\/wp-json\/wp\/v2\/comments?post=116213"}],"version-history":[{"count":1,"href":"https:\/\/iha-race.com\/it\/wp-json\/wp\/v2\/product\/116213\/revisions"}],"predecessor-version":[{"id":117676,"href":"https:\/\/iha-race.com\/it\/wp-json\/wp\/v2\/product\/116213\/revisions\/117676"}],"wp:featuredmedia":[{"embeddable":true,"href":"https:\/\/iha-race.com\/it\/wp-json\/wp\/v2\/media\/116210"}],"wp:attachment":[{"href":"https:\/\/iha-race.com\/it\/wp-json\/wp\/v2\/media?parent=116213"}],"wp:term":[{"taxonomy":"pwb-brand","embeddable":true,"href":"https:\/\/iha-race.com\/it\/wp-json\/wp\/v2\/pwb-brand?post=116213"},{"taxonomy":"product_cat","embeddable":true,"href":"https:\/\/iha-race.com\/it\/wp-json\/wp\/v2\/product_cat?post=116213"},{"taxonomy":"product_tag","embeddable":true,"href":"https:\/\/iha-race.com\/it\/wp-json\/wp\/v2\/product_tag?post=116213"}],"curies":[{"name":"wp","href":"https:\/\/api.w.org\/{rel}","templated":true}]}}