{"id":116161,"date":"2022-08-31T17:40:35","date_gmt":"2022-08-31T15:40:35","guid":{"rendered":"https:\/\/iha-race.com\/producto\/modulo-di-recupero-betafpv-expresslrs\/"},"modified":"2024-08-29T12:01:19","modified_gmt":"2024-08-29T10:01:19","slug":"betafpv-recupero-expresslrs-modulo","status":"publish","type":"product","link":"https:\/\/iha-race.com\/it\/prodotto\/betafpv-recupero-expresslrs-modulo\/","title":{"rendered":"Modulo di recupero Betafpv ExpressLRS"},"content":{"rendered":"<h2>Modulo di recupero Betafpv ExpressLRS<\/h2>\n<p>  ExpressLRS Recovery Dongle \u00e8 un modulo FTDI da USB a TTL basato sul bridge controller CP2102, che viene applicato all&#8217;aggiornamento del firmware per i chip ESP32 e ESP8XX. Il dongle di recupero ExpressLRS \u00e8 compatibile con molti ricevitori ELRS presenti sul mercato, come il ricevitore ELRS Lite, il ricevitore ELRS Nano, il ricevitore ELRS Micro e lo zaino con gli occhiali FPV. Sar\u00e0 una buona opzione per sbloccare il ricevitore ELRS quando l&#8217;aggiornamento o il flashing del firmware tramite UART non riesce.  <img decoding=\"async\" src=\"https:\/\/cdn.shopifycdn.net\/s\/files\/1\/1778\/6615\/files\/FB2_2360779c-5da0-40c9-bcde-d1b92a4dda77_1024x1024.jpg?v=1653462876\"><\/p>\n<h2>Caratteristiche<\/h2>\n<ul>\n<li>Sbloccare e ripristinare il ricevitore ELRS in caso di aggiornamento non riuscito, come ad esempio un bootloader mancante.<\/li>\n<li>Saldatura gratuita! \u00c8 dotato di perni della sonda caricati a molla per un comodo utilizzo. Il collegamento diretto al ricevitore ELRS non richiede saldature.<\/li>\n<li>Il modulo ExpressLRS Recovery Dongle FTDI USB to TTL \u00e8 coperto dalla custodia ed \u00e8 pi\u00f9 resistente e portatile rispetto alla versione a scheda nuda presente sul mercato.<\/li>\n<li>Supporta molti sistemi informatici presenti sul mercato, come Windows, MAC e Linux. Questo modulo utilizza una porta USB Tipo-C per collegarsi al computer.<\/li>\n<\/ul>\n<h2>Specifiche<\/h2>\n<ul>\n<li>Interfaccia USB: connettore USB Tipo-C maschio<\/li>\n<li>Tensione di funzionamento: 5 V.<\/li>\n<li>Tensione logica: 5 V.<\/li>\n<li>Corrente di uscita dell&#8217;alimentazione a 3,3 V: 400 mA<\/li>\n<li>Metodo di pin-out: 2 * 4P-2,54 mm pin header<\/li>\n<li>Velocit\u00e0 di trasmissione seriale: fino a 921600bps.<\/li>\n<li>Supporto USB1.1, USB2.0<\/li>\n<li>Chip da USB a seriale (CP2102) compatibile con XP, win7\/win8 32bits, 64bits, win10\/11 32bits, 64bits, Linux, MAC&#8230;<\/li>\n<\/ul>\n<p><img decoding=\"async\" src=\"https:\/\/cdn.shopifycdn.net\/s\/files\/1\/1778\/6615\/files\/468ef44610c31b5b50b747b4f9f5ee49_d8bf43e9-a112-4b71-960b-44306bf14ed7_480x480.jpg?v=1653386673\"><\/p>\n<h2>Per saperne di pi\u00f9 sul modulo FTDI<\/h2>\n<p>  Il dongle di ripristino ExpressLRS (modulo FTDI) \u00e8 utilizzato principalmente per sbloccare il ricevitore ELRS in caso di aggiornamento fallito tramite aggiornamento o trasferimento Wi-Fi, ma fornisce anche la <a href=\"https:\/\/www.expresslrs.org\/2.0\/quick-start\/receivers\/betafpv2400\/#flashing-via-ftdi\" target=\"_blank\" rel=\"noopener\">via UART <\/a>per aggiornare il ricevitore o il dongle ELRS. Questo modulo FTDI \u00e8 dotato di pin della sonda caricati a molla e di un connettore per l&#8217;uso senza saldature, pi\u00f9 comodo per gli utenti. Inoltre, \u00e8 molto resistente e trasportabile con una custodia.  <img decoding=\"async\" src=\"https:\/\/cdn.shopifycdn.net\/s\/files\/1\/1778\/6615\/files\/FB_72be40ac-7773-45df-a598-ad8503f4d306_1024x1024.jpg?v=1653462856\"><\/p>\n<h2>Diagramma<\/h2>\n<p>  L&#8217;immagine qui sotto \u00e8 il diagramma del dongle di recupero ExpressLRS.  <img decoding=\"async\" src=\"https:\/\/cdn.shopifycdn.net\/s\/files\/1\/1778\/6615\/files\/c774e486543675a6b48a433542baaabb_98bbb3ce-9f44-4ad1-b07e-53c4d9eaf6b9_600x600.jpg?v=1653383187\"><\/p>\n<p><img decoding=\"async\" src=\"https:\/\/cdn.shopifycdn.net\/s\/files\/1\/1778\/6615\/files\/1_67b06760-b132-480d-9a23-523fec639053_600x600.jpg?v=1653462996\"><\/p>\n<h2>Domande frequenti<\/h2>\n<p>  Clicca sul link sottostante per scoprire come utilizzare il Dongle di ripristino ExpressLRS. Questo modulo richiede il driver per il sistema Windows e non \u00e8 necessario se utilizzi MAC o Linux.  <a href=\"https:\/\/support.betafpv.com\/hc\/en-us\/articles\/6187770156569-How-to-use-Expresslrs-Recovery-Dongle\" target=\"_blank\" rel=\"noopener\">Come utilizzare il dongle di ripristino ExpressLRSController<\/a><a href=\"https:\/\/support.betafpv.com\/hc\/en-us\/article_attachments\/6372787864729\/CP2102USB.zip\" target=\"_blank\" rel=\"noopener\">per Windows<\/a> Questo video ti aiuter\u00e0 a capire come aggiornare il firmware tramite FTDI.<br \/>\n &nbsp; (<strong>ENGLISH AUDIO)<\/strong> https:\/\/youtu.be\/icYlSK91kyc Nota: il cavo USB Type-C non \u00e8 incluso nella confezione. Assicurati di averne uno a disposizione.  <\/p>\n<h2>Raccomandazione per il ricevitore<\/h2>\n<ul>\n<li>Ricevitore ELRS Lite<\/li>\n<li>Ricevitore ELRS Nano<\/li>\n<li>Micro-ricevitore ELRS<\/li>\n<li>Altri ricevitori ELRS con chip ESP32 e ESP8XX.<\/li>\n<\/ul>\n<p><img decoding=\"async\" src=\"https:\/\/cdn.shopifycdn.net\/s\/files\/1\/1778\/6615\/files\/FB1_fdce2c19-a198-41fd-a04f-64f0df971dfb_1024x1024.jpg?v=1653462893\"><\/p>\n<h2>Il pacchetto comprende<\/h2>\n<ul>\n<li>1 dongle di recupero ExpressLRS<\/li>\n<li>1 cavo a 4 pin.<\/li>\n<li>1 x piastra di conversione della sonda<\/li>\n<\/ul>\n","protected":false},"excerpt":{"rendered":"<p>Modulo di recupero Betafpv ExpressLRS ExpressLRS Recovery Dongle \u00e8 un modulo FTDI da USB a TTL basato sul bridge controller CP2102, che viene applicato all&#8217;aggiornamento del firmware per i chip<\/p>\n","protected":false},"featured_media":116149,"comment_status":"open","ping_status":"closed","template":"","meta":{"_joinchat":[]},"pwb-brand":[],"product_cat":[1278,1279,2440],"product_tag":[],"class_list":{"0":"post-116161","1":"product","2":"type-product","3":"status-publish","4":"has-post-thumbnail","6":"product_cat-emittenti","7":"product_cat-lungo-raggio","8":"product_cat-ricevitori-rx","10":"first","11":"instock","12":"taxable","13":"shipping-taxable","14":"purchasable","15":"product-type-simple"},"barcode":null,"atum_controlled":true,"out_stock_date":null,"out_stock_threshold":null,"inheritable":false,"stock_on_hold":0,"sold_today":0,"sales_last_days":0,"out_stock_days":0,"lost_sales":0,"update_date":"2026-04-18T20:30:54","atum_locations":[],"atum_stock_status":"instock","restock_status":false,"low_stock_amount":"","sales_update_date":"2026-04-18T20:30:54","calc_backorders":null,"yoast_head":"<!-- This site is optimized with the Yoast SEO plugin v27.3 - https:\/\/yoast.com\/product\/yoast-seo-wordpress\/ -->\n<title>Modulo di recupero Betafpv ExpressLRS - Iha Race<\/title>\n<meta name=\"robots\" content=\"index, follow, max-snippet:-1, max-image-preview:large, max-video-preview:-1\" \/>\n<link rel=\"canonical\" href=\"https:\/\/iha-race.com\/it\/prodotto\/betafpv-recupero-expresslrs-modulo\/\" \/>\n<meta property=\"og:locale\" content=\"it_IT\" \/>\n<meta property=\"og:type\" content=\"article\" \/>\n<meta property=\"og:title\" content=\"Modulo di recupero Betafpv ExpressLRS - Iha Race\" \/>\n<meta property=\"og:description\" content=\"Modulo di recupero Betafpv ExpressLRS ExpressLRS Recovery Dongle \u00e8 un modulo FTDI da USB a TTL basato sul bridge controller CP2102, che viene applicato all&#8217;aggiornamento del firmware per i chip\" \/>\n<meta property=\"og:url\" content=\"https:\/\/iha-race.com\/it\/prodotto\/betafpv-recupero-expresslrs-modulo\/\" \/>\n<meta property=\"og:site_name\" content=\"Iha Race\" \/>\n<meta property=\"article:modified_time\" content=\"2024-08-29T10:01:19+00:00\" \/>\n<meta property=\"og:image\" content=\"https:\/\/iha-race.com\/wp-content\/uploads\/2022\/08\/Modulo-Betafpv-de-recuperacion-ExpressLRS.webp\" \/>\n\t<meta property=\"og:image:width\" content=\"720\" \/>\n\t<meta property=\"og:image:height\" content=\"720\" \/>\n\t<meta property=\"og:image:type\" content=\"image\/webp\" \/>\n<meta name=\"twitter:card\" content=\"summary_large_image\" \/>\n<meta name=\"twitter:label1\" content=\"Tempo di lettura stimato\" \/>\n\t<meta name=\"twitter:data1\" content=\"2 minuti\" \/>\n<script type=\"application\/ld+json\" class=\"yoast-schema-graph\">{\"@context\":\"https:\\\/\\\/schema.org\",\"@graph\":[{\"@type\":\"WebPage\",\"@id\":\"https:\\\/\\\/iha-race.com\\\/it\\\/prodotto\\\/betafpv-recupero-expresslrs-modulo\\\/\",\"url\":\"https:\\\/\\\/iha-race.com\\\/it\\\/prodotto\\\/betafpv-recupero-expresslrs-modulo\\\/\",\"name\":\"Modulo di recupero Betafpv ExpressLRS - Iha Race\",\"isPartOf\":{\"@id\":\"https:\\\/\\\/iha-race.com\\\/it\\\/#website\"},\"primaryImageOfPage\":{\"@id\":\"https:\\\/\\\/iha-race.com\\\/it\\\/prodotto\\\/betafpv-recupero-expresslrs-modulo\\\/#primaryimage\"},\"image\":{\"@id\":\"https:\\\/\\\/iha-race.com\\\/it\\\/prodotto\\\/betafpv-recupero-expresslrs-modulo\\\/#primaryimage\"},\"thumbnailUrl\":\"https:\\\/\\\/iha-race.com\\\/wp-content\\\/uploads\\\/2022\\\/08\\\/Modulo-Betafpv-de-recuperacion-ExpressLRS.webp\",\"datePublished\":\"2022-08-31T15:40:35+00:00\",\"dateModified\":\"2024-08-29T10:01:19+00:00\",\"breadcrumb\":{\"@id\":\"https:\\\/\\\/iha-race.com\\\/it\\\/prodotto\\\/betafpv-recupero-expresslrs-modulo\\\/#breadcrumb\"},\"inLanguage\":\"it-IT\",\"potentialAction\":[{\"@type\":\"ReadAction\",\"target\":[\"https:\\\/\\\/iha-race.com\\\/it\\\/prodotto\\\/betafpv-recupero-expresslrs-modulo\\\/\"]}]},{\"@type\":\"ImageObject\",\"inLanguage\":\"it-IT\",\"@id\":\"https:\\\/\\\/iha-race.com\\\/it\\\/prodotto\\\/betafpv-recupero-expresslrs-modulo\\\/#primaryimage\",\"url\":\"https:\\\/\\\/iha-race.com\\\/wp-content\\\/uploads\\\/2022\\\/08\\\/Modulo-Betafpv-de-recuperacion-ExpressLRS.webp\",\"contentUrl\":\"https:\\\/\\\/iha-race.com\\\/wp-content\\\/uploads\\\/2022\\\/08\\\/Modulo-Betafpv-de-recuperacion-ExpressLRS.webp\",\"width\":720,\"height\":720,\"caption\":\"acquistare il modulo di recupero Betafpv pi\u00f9 economico ExpressLRS\"},{\"@type\":\"BreadcrumbList\",\"@id\":\"https:\\\/\\\/iha-race.com\\\/it\\\/prodotto\\\/betafpv-recupero-expresslrs-modulo\\\/#breadcrumb\",\"itemListElement\":[{\"@type\":\"ListItem\",\"position\":1,\"name\":\"Portada\",\"item\":\"https:\\\/\\\/iha-race.com\\\/it\\\/\"},{\"@type\":\"ListItem\",\"position\":2,\"name\":\"Negozio\",\"item\":\"https:\\\/\\\/iha-race.com\\\/it\\\/negozio\\\/\"},{\"@type\":\"ListItem\",\"position\":3,\"name\":\"Modulo di recupero Betafpv ExpressLRS\"}]},{\"@type\":\"WebSite\",\"@id\":\"https:\\\/\\\/iha-race.com\\\/it\\\/#website\",\"url\":\"https:\\\/\\\/iha-race.com\\\/it\\\/\",\"name\":\"Iha Race\",\"description\":\"Comprar drones de carreras FPV env\u00edos en un d\u00eda desde Espa\u00f1a\",\"publisher\":{\"@id\":\"https:\\\/\\\/iha-race.com\\\/it\\\/#organization\"},\"potentialAction\":[{\"@type\":\"SearchAction\",\"target\":{\"@type\":\"EntryPoint\",\"urlTemplate\":\"https:\\\/\\\/iha-race.com\\\/it\\\/?s={search_term_string}\"},\"query-input\":{\"@type\":\"PropertyValueSpecification\",\"valueRequired\":true,\"valueName\":\"search_term_string\"}}],\"inLanguage\":\"it-IT\"},{\"@type\":\"Organization\",\"@id\":\"https:\\\/\\\/iha-race.com\\\/it\\\/#organization\",\"name\":\"Iha Race\",\"url\":\"https:\\\/\\\/iha-race.com\\\/it\\\/\",\"logo\":{\"@type\":\"ImageObject\",\"inLanguage\":\"it-IT\",\"@id\":\"https:\\\/\\\/iha-race.com\\\/it\\\/#\\\/schema\\\/logo\\\/image\\\/\",\"url\":\"https:\\\/\\\/iha-race.com\\\/wp-content\\\/uploads\\\/2018\\\/07\\\/iha-race-drones-de-carreras-tienda-comprar-drones.png\",\"contentUrl\":\"https:\\\/\\\/iha-race.com\\\/wp-content\\\/uploads\\\/2018\\\/07\\\/iha-race-drones-de-carreras-tienda-comprar-drones.png\",\"width\":300,\"height\":100,\"caption\":\"Iha Race\"},\"image\":{\"@id\":\"https:\\\/\\\/iha-race.com\\\/it\\\/#\\\/schema\\\/logo\\\/image\\\/\"}}]}<\/script>\n<!-- \/ Yoast SEO plugin. -->","yoast_head_json":{"title":"Modulo di recupero Betafpv ExpressLRS - Iha Race","robots":{"index":"index","follow":"follow","max-snippet":"max-snippet:-1","max-image-preview":"max-image-preview:large","max-video-preview":"max-video-preview:-1"},"canonical":"https:\/\/iha-race.com\/it\/prodotto\/betafpv-recupero-expresslrs-modulo\/","og_locale":"it_IT","og_type":"article","og_title":"Modulo di recupero Betafpv ExpressLRS - Iha Race","og_description":"Modulo di recupero Betafpv ExpressLRS ExpressLRS Recovery Dongle \u00e8 un modulo FTDI da USB a TTL basato sul bridge controller CP2102, che viene applicato all&#8217;aggiornamento del firmware per i chip","og_url":"https:\/\/iha-race.com\/it\/prodotto\/betafpv-recupero-expresslrs-modulo\/","og_site_name":"Iha Race","article_modified_time":"2024-08-29T10:01:19+00:00","og_image":[{"width":720,"height":720,"url":"https:\/\/iha-race.com\/wp-content\/uploads\/2022\/08\/Modulo-Betafpv-de-recuperacion-ExpressLRS.webp","type":"image\/webp"}],"twitter_card":"summary_large_image","twitter_misc":{"Tempo di lettura stimato":"2 minuti"},"schema":{"@context":"https:\/\/schema.org","@graph":[{"@type":"WebPage","@id":"https:\/\/iha-race.com\/it\/prodotto\/betafpv-recupero-expresslrs-modulo\/","url":"https:\/\/iha-race.com\/it\/prodotto\/betafpv-recupero-expresslrs-modulo\/","name":"Modulo di recupero Betafpv ExpressLRS - Iha Race","isPartOf":{"@id":"https:\/\/iha-race.com\/it\/#website"},"primaryImageOfPage":{"@id":"https:\/\/iha-race.com\/it\/prodotto\/betafpv-recupero-expresslrs-modulo\/#primaryimage"},"image":{"@id":"https:\/\/iha-race.com\/it\/prodotto\/betafpv-recupero-expresslrs-modulo\/#primaryimage"},"thumbnailUrl":"https:\/\/iha-race.com\/wp-content\/uploads\/2022\/08\/Modulo-Betafpv-de-recuperacion-ExpressLRS.webp","datePublished":"2022-08-31T15:40:35+00:00","dateModified":"2024-08-29T10:01:19+00:00","breadcrumb":{"@id":"https:\/\/iha-race.com\/it\/prodotto\/betafpv-recupero-expresslrs-modulo\/#breadcrumb"},"inLanguage":"it-IT","potentialAction":[{"@type":"ReadAction","target":["https:\/\/iha-race.com\/it\/prodotto\/betafpv-recupero-expresslrs-modulo\/"]}]},{"@type":"ImageObject","inLanguage":"it-IT","@id":"https:\/\/iha-race.com\/it\/prodotto\/betafpv-recupero-expresslrs-modulo\/#primaryimage","url":"https:\/\/iha-race.com\/wp-content\/uploads\/2022\/08\/Modulo-Betafpv-de-recuperacion-ExpressLRS.webp","contentUrl":"https:\/\/iha-race.com\/wp-content\/uploads\/2022\/08\/Modulo-Betafpv-de-recuperacion-ExpressLRS.webp","width":720,"height":720,"caption":"acquistare il modulo di recupero Betafpv pi\u00f9 economico ExpressLRS"},{"@type":"BreadcrumbList","@id":"https:\/\/iha-race.com\/it\/prodotto\/betafpv-recupero-expresslrs-modulo\/#breadcrumb","itemListElement":[{"@type":"ListItem","position":1,"name":"Portada","item":"https:\/\/iha-race.com\/it\/"},{"@type":"ListItem","position":2,"name":"Negozio","item":"https:\/\/iha-race.com\/it\/negozio\/"},{"@type":"ListItem","position":3,"name":"Modulo di recupero Betafpv ExpressLRS"}]},{"@type":"WebSite","@id":"https:\/\/iha-race.com\/it\/#website","url":"https:\/\/iha-race.com\/it\/","name":"Iha Race","description":"Comprar drones de carreras FPV env\u00edos en un d\u00eda desde Espa\u00f1a","publisher":{"@id":"https:\/\/iha-race.com\/it\/#organization"},"potentialAction":[{"@type":"SearchAction","target":{"@type":"EntryPoint","urlTemplate":"https:\/\/iha-race.com\/it\/?s={search_term_string}"},"query-input":{"@type":"PropertyValueSpecification","valueRequired":true,"valueName":"search_term_string"}}],"inLanguage":"it-IT"},{"@type":"Organization","@id":"https:\/\/iha-race.com\/it\/#organization","name":"Iha Race","url":"https:\/\/iha-race.com\/it\/","logo":{"@type":"ImageObject","inLanguage":"it-IT","@id":"https:\/\/iha-race.com\/it\/#\/schema\/logo\/image\/","url":"https:\/\/iha-race.com\/wp-content\/uploads\/2018\/07\/iha-race-drones-de-carreras-tienda-comprar-drones.png","contentUrl":"https:\/\/iha-race.com\/wp-content\/uploads\/2018\/07\/iha-race-drones-de-carreras-tienda-comprar-drones.png","width":300,"height":100,"caption":"Iha Race"},"image":{"@id":"https:\/\/iha-race.com\/it\/#\/schema\/logo\/image\/"}}]}},"jetpack_sharing_enabled":true,"brands":[],"_links":{"self":[{"href":"https:\/\/iha-race.com\/it\/wp-json\/wp\/v2\/product\/116161","targetHints":{"allow":["GET"]}}],"collection":[{"href":"https:\/\/iha-race.com\/it\/wp-json\/wp\/v2\/product"}],"about":[{"href":"https:\/\/iha-race.com\/it\/wp-json\/wp\/v2\/types\/product"}],"replies":[{"embeddable":true,"href":"https:\/\/iha-race.com\/it\/wp-json\/wp\/v2\/comments?post=116161"}],"version-history":[{"count":3,"href":"https:\/\/iha-race.com\/it\/wp-json\/wp\/v2\/product\/116161\/revisions"}],"predecessor-version":[{"id":249036,"href":"https:\/\/iha-race.com\/it\/wp-json\/wp\/v2\/product\/116161\/revisions\/249036"}],"wp:featuredmedia":[{"embeddable":true,"href":"https:\/\/iha-race.com\/it\/wp-json\/wp\/v2\/media\/116149"}],"wp:attachment":[{"href":"https:\/\/iha-race.com\/it\/wp-json\/wp\/v2\/media?parent=116161"}],"wp:term":[{"taxonomy":"pwb-brand","embeddable":true,"href":"https:\/\/iha-race.com\/it\/wp-json\/wp\/v2\/pwb-brand?post=116161"},{"taxonomy":"product_cat","embeddable":true,"href":"https:\/\/iha-race.com\/it\/wp-json\/wp\/v2\/product_cat?post=116161"},{"taxonomy":"product_tag","embeddable":true,"href":"https:\/\/iha-race.com\/it\/wp-json\/wp\/v2\/product_tag?post=116161"}],"curies":[{"name":"wp","href":"https:\/\/api.w.org\/{rel}","templated":true}]}}