{"id":115715,"date":"2022-08-22T17:46:27","date_gmt":"2022-08-22T15:46:27","guid":{"rendered":"https:\/\/iha-race.com\/producto\/kit-di-filtri-runcam-thumb-pro-nd8-nd16-nd32\/"},"modified":"2024-08-29T12:00:54","modified_gmt":"2024-08-29T10:00:54","slug":"kit-filtri-runcam-thumb-pro-nd8-nd16-nd32","status":"publish","type":"product","link":"https:\/\/iha-race.com\/it\/prodotto\/kit-filtri-runcam-thumb-pro-nd8-nd16-nd32\/","title":{"rendered":"Kit di filtri RunCam Thumb Pro (ND8\/ND16\/ND32)"},"content":{"rendered":"<h2>Kit di filtri RunCam Thumb Pro (ND8\/ND16\/ND32)<\/h2>\n<div data-content-type=\"row\" data-appearance=\"contained\" data-element=\"main\">\n<div data-enable-parallax=\"0\" data-parallax-speed=\"0.5\" data-background-images=\"{}\" data-background-type=\"image\" data-video-loop=\"true\" data-video-play-only-visible=\"true\" data-video-lazy-load=\"true\" data-video-fallback-src=\"\" data-element=\"inner\" data-pb-style=\"FWSRSOH\">\n<div data-content-type=\"text\" data-appearance=\"default\" data-element=\"main\">  Questi <strong>filtri ND<\/strong> sono realizzati per RunCam Thumb Pro. I filtri a densit\u00e0 neutra riducono l&#8217;intensit\u00e0 della luce che entra nella fotocamera. Questo permette al pilota di avere un maggiore controllo sulla selezione dei parametri in una variet\u00e0 di condizioni per catturare filmati FPV perfetti anche nelle condizioni di luce pi\u00f9 difficili.  <\/div>\n<\/div>\n<\/div>\n<div data-content-type=\"row\" data-appearance=\"contained\" data-element=\"main\">\n<div data-enable-parallax=\"0\" data-parallax-speed=\"0.5\" data-background-images=\"{}\" data-background-type=\"image\" data-video-loop=\"true\" data-video-play-only-visible=\"true\" data-video-lazy-load=\"true\" data-video-fallback-src=\"\" data-element=\"inner\" data-pb-style=\"SQTM90O\">\n<div data-content-type=\"text\" data-appearance=\"default\" data-element=\"main\">\n<p><em><strong>Nota: la fotocamera non \u00e8 inclusa.<\/strong><\/em><\/p>\n<\/div>\n<\/div>\n<\/div>\n<div data-content-type=\"row\" data-appearance=\"contained\" data-element=\"main\">\n<div data-enable-parallax=\"0\" data-parallax-speed=\"0.5\" data-background-images=\"{}\" data-background-type=\"image\" data-video-loop=\"true\" data-video-play-only-visible=\"true\" data-video-lazy-load=\"true\" data-video-fallback-src=\"\" data-element=\"inner\" data-pb-style=\"DEMRA1J\">\n<h2 data-content-type=\"heading\" data-appearance=\"default\" data-element=\"main\">Caratteristiche<\/h2>\n<div data-content-type=\"text\" data-appearance=\"default\" data-element=\"main\">\n<ul>\n<li>Consente la registrazione video FPV in qualsiasi condizione di illuminazione<\/li>\n<li>Adatto alla telecamera d&#8217;azione RunCam Thumb Pro 4K HD<\/li>\n<li>Filtri ND8, ND16 e ND32<\/li>\n<li>Facilmente sostituibile<\/li>\n<\/ul>\n<\/div>\n<\/div>\n<\/div>\n<div data-content-type=\"row\" data-appearance=\"contained\" data-element=\"main\">\n<div data-enable-parallax=\"0\" data-parallax-speed=\"0.5\" data-background-images=\"{}\" data-background-type=\"image\" data-video-loop=\"true\" data-video-play-only-visible=\"true\" data-video-lazy-load=\"true\" data-video-fallback-src=\"\" data-element=\"inner\" data-pb-style=\"SPME2RY\">\n<h2 data-content-type=\"heading\" data-appearance=\"default\" data-element=\"main\">Specifiche tecniche<\/h2>\n<div data-content-type=\"text\" data-appearance=\"default\" data-element=\"main\">\n<ul>\n<li>Compatibilit\u00e0: <a href=\"https:\/\/www.getfpv.com\/runcam-thumb-pro-4k-hd-action-camera.html\" target=\"_blank\" rel=\"noopener\">RunCam Thumb Pro<\/a><\/li>\n<li>Filtri: ND8, ND16 e ND32<\/li>\n<li>Peso: 1,5 g<\/li>\n<\/ul>\n<\/div>\n<\/div>\n<\/div>\n<div data-content-type=\"row\" data-appearance=\"contained\" data-element=\"main\">\n<div data-enable-parallax=\"0\" data-parallax-speed=\"0.5\" data-background-images=\"{}\" data-background-type=\"image\" data-video-loop=\"true\" data-video-play-only-visible=\"true\" data-video-lazy-load=\"true\" data-video-fallback-src=\"\" data-element=\"inner\" data-pb-style=\"DIOPSSV\">\n<div data-content-type=\"text\" data-appearance=\"default\" data-element=\"main\"><\/div>\n<\/div>\n<\/div>\n<div data-content-type=\"row\" data-appearance=\"contained\" data-element=\"main\">\n<div data-enable-parallax=\"0\" data-parallax-speed=\"0.5\" data-background-images=\"{}\" data-background-type=\"image\" data-video-loop=\"true\" data-video-play-only-visible=\"true\" data-video-lazy-load=\"true\" data-video-fallback-src=\"\" data-element=\"inner\" data-pb-style=\"PUUDCVP\">\n<h2 data-content-type=\"heading\" data-appearance=\"default\" data-element=\"main\">Il pacchetto comprende<\/h2>\n<div data-content-type=\"text\" data-appearance=\"default\" data-element=\"main\">\n<ul>\n<li>1 filtro RunCam Thumb Pro ND32<\/li>\n<li>1 x filtro RunCam Thumb Pro ND16<\/li>\n<li>1 filtro RunCam Thumb Pro ND8<\/li>\n<\/ul>\n<\/div>\n<\/div>\n<\/div>\n","protected":false},"excerpt":{"rendered":"<p>Questi filtri ND sono realizzati per RunCam Thumb Pro. I filtri a densit\u00e0 neutra riducono l&#8217;intensit\u00e0 della luce che entra nella telecamera. I filtri ND8, ND16 e ND32 sono inclusi.<\/p>\n","protected":false},"featured_media":115709,"comment_status":"open","ping_status":"closed","template":"","meta":{"_joinchat":[]},"pwb-brand":[3569],"product_cat":[1775,1165],"product_tag":[],"class_list":{"0":"post-115715","1":"product","2":"type-product","3":"status-publish","4":"has-post-thumbnail","6":"pwb-brand-runcam","7":"product_cat-filtri","8":"product_cat-telecamere-fpv","10":"first","11":"instock","12":"sale","13":"taxable","14":"shipping-taxable","15":"purchasable","16":"product-type-simple"},"barcode":null,"atum_controlled":true,"out_stock_date":null,"out_stock_threshold":null,"inheritable":false,"stock_on_hold":0,"sold_today":0,"sales_last_days":0,"out_stock_days":0,"lost_sales":0,"update_date":"2026-03-21T10:55:19","atum_locations":[],"atum_stock_status":"instock","restock_status":false,"low_stock_amount":"","sales_update_date":"2026-03-21T10:55:19","calc_backorders":null,"yoast_head":"<!-- This site is optimized with the Yoast SEO plugin v27.3 - https:\/\/yoast.com\/product\/yoast-seo-wordpress\/ -->\n<title>Kit di filtri RunCam Thumb Pro (ND8\/ND16\/ND32) - Iha Race<\/title>\n<meta name=\"robots\" content=\"index, follow, max-snippet:-1, max-image-preview:large, max-video-preview:-1\" \/>\n<link rel=\"canonical\" href=\"https:\/\/iha-race.com\/it\/prodotto\/kit-filtri-runcam-thumb-pro-nd8-nd16-nd32\/\" \/>\n<meta property=\"og:locale\" content=\"it_IT\" \/>\n<meta property=\"og:type\" content=\"article\" \/>\n<meta property=\"og:title\" content=\"Kit di filtri RunCam Thumb Pro (ND8\/ND16\/ND32) - Iha Race\" \/>\n<meta property=\"og:description\" content=\"Questi filtri ND sono realizzati per RunCam Thumb Pro. I filtri a densit\u00e0 neutra riducono l&#039;intensit\u00e0 della luce che entra nella telecamera. I filtri ND8, ND16 e ND32 sono inclusi.\" \/>\n<meta property=\"og:url\" content=\"https:\/\/iha-race.com\/it\/prodotto\/kit-filtri-runcam-thumb-pro-nd8-nd16-nd32\/\" \/>\n<meta property=\"og:site_name\" content=\"Iha Race\" \/>\n<meta property=\"article:modified_time\" content=\"2024-08-29T10:00:54+00:00\" \/>\n<meta property=\"og:image\" content=\"https:\/\/iha-race.com\/wp-content\/uploads\/2022\/08\/RunCam-Thumb-Pro-Kit-de-filtro-ND.jpg\" \/>\n\t<meta property=\"og:image:width\" content=\"700\" \/>\n\t<meta property=\"og:image:height\" content=\"700\" \/>\n\t<meta property=\"og:image:type\" content=\"image\/jpeg\" \/>\n<meta name=\"twitter:card\" content=\"summary_large_image\" \/>\n<meta name=\"twitter:label1\" content=\"Tempo di lettura stimato\" \/>\n\t<meta name=\"twitter:data1\" content=\"1 minuto\" \/>\n<script type=\"application\/ld+json\" class=\"yoast-schema-graph\">{\"@context\":\"https:\\\/\\\/schema.org\",\"@graph\":[{\"@type\":\"WebPage\",\"@id\":\"https:\\\/\\\/iha-race.com\\\/it\\\/prodotto\\\/kit-filtri-runcam-thumb-pro-nd8-nd16-nd32\\\/\",\"url\":\"https:\\\/\\\/iha-race.com\\\/it\\\/prodotto\\\/kit-filtri-runcam-thumb-pro-nd8-nd16-nd32\\\/\",\"name\":\"Kit di filtri RunCam Thumb Pro (ND8\\\/ND16\\\/ND32) - Iha Race\",\"isPartOf\":{\"@id\":\"https:\\\/\\\/iha-race.com\\\/it\\\/#website\"},\"primaryImageOfPage\":{\"@id\":\"https:\\\/\\\/iha-race.com\\\/it\\\/prodotto\\\/kit-filtri-runcam-thumb-pro-nd8-nd16-nd32\\\/#primaryimage\"},\"image\":{\"@id\":\"https:\\\/\\\/iha-race.com\\\/it\\\/prodotto\\\/kit-filtri-runcam-thumb-pro-nd8-nd16-nd32\\\/#primaryimage\"},\"thumbnailUrl\":\"https:\\\/\\\/iha-race.com\\\/wp-content\\\/uploads\\\/2022\\\/08\\\/RunCam-Thumb-Pro-Kit-de-filtro-ND.jpg\",\"datePublished\":\"2022-08-22T15:46:27+00:00\",\"dateModified\":\"2024-08-29T10:00:54+00:00\",\"breadcrumb\":{\"@id\":\"https:\\\/\\\/iha-race.com\\\/it\\\/prodotto\\\/kit-filtri-runcam-thumb-pro-nd8-nd16-nd32\\\/#breadcrumb\"},\"inLanguage\":\"it-IT\",\"potentialAction\":[{\"@type\":\"ReadAction\",\"target\":[\"https:\\\/\\\/iha-race.com\\\/it\\\/prodotto\\\/kit-filtri-runcam-thumb-pro-nd8-nd16-nd32\\\/\"]}]},{\"@type\":\"ImageObject\",\"inLanguage\":\"it-IT\",\"@id\":\"https:\\\/\\\/iha-race.com\\\/it\\\/prodotto\\\/kit-filtri-runcam-thumb-pro-nd8-nd16-nd32\\\/#primaryimage\",\"url\":\"https:\\\/\\\/iha-race.com\\\/wp-content\\\/uploads\\\/2022\\\/08\\\/RunCam-Thumb-Pro-Kit-de-filtro-ND.jpg\",\"contentUrl\":\"https:\\\/\\\/iha-race.com\\\/wp-content\\\/uploads\\\/2022\\\/08\\\/RunCam-Thumb-Pro-Kit-de-filtro-ND.jpg\",\"width\":700,\"height\":700,\"caption\":\"acquistare al miglior prezzo RunCam Thumb Pro Kit di filtri (ND8\\\/ND16\\\/ND32)\"},{\"@type\":\"BreadcrumbList\",\"@id\":\"https:\\\/\\\/iha-race.com\\\/it\\\/prodotto\\\/kit-filtri-runcam-thumb-pro-nd8-nd16-nd32\\\/#breadcrumb\",\"itemListElement\":[{\"@type\":\"ListItem\",\"position\":1,\"name\":\"Portada\",\"item\":\"https:\\\/\\\/iha-race.com\\\/it\\\/\"},{\"@type\":\"ListItem\",\"position\":2,\"name\":\"Negozio\",\"item\":\"https:\\\/\\\/iha-race.com\\\/it\\\/negozio\\\/\"},{\"@type\":\"ListItem\",\"position\":3,\"name\":\"Kit di filtri RunCam Thumb Pro (ND8\\\/ND16\\\/ND32)\"}]},{\"@type\":\"WebSite\",\"@id\":\"https:\\\/\\\/iha-race.com\\\/it\\\/#website\",\"url\":\"https:\\\/\\\/iha-race.com\\\/it\\\/\",\"name\":\"Iha Race\",\"description\":\"Comprar drones de carreras FPV env\u00edos en un d\u00eda desde Espa\u00f1a\",\"publisher\":{\"@id\":\"https:\\\/\\\/iha-race.com\\\/it\\\/#organization\"},\"potentialAction\":[{\"@type\":\"SearchAction\",\"target\":{\"@type\":\"EntryPoint\",\"urlTemplate\":\"https:\\\/\\\/iha-race.com\\\/it\\\/?s={search_term_string}\"},\"query-input\":{\"@type\":\"PropertyValueSpecification\",\"valueRequired\":true,\"valueName\":\"search_term_string\"}}],\"inLanguage\":\"it-IT\"},{\"@type\":\"Organization\",\"@id\":\"https:\\\/\\\/iha-race.com\\\/it\\\/#organization\",\"name\":\"Iha Race\",\"url\":\"https:\\\/\\\/iha-race.com\\\/it\\\/\",\"logo\":{\"@type\":\"ImageObject\",\"inLanguage\":\"it-IT\",\"@id\":\"https:\\\/\\\/iha-race.com\\\/it\\\/#\\\/schema\\\/logo\\\/image\\\/\",\"url\":\"https:\\\/\\\/iha-race.com\\\/wp-content\\\/uploads\\\/2018\\\/07\\\/iha-race-drones-de-carreras-tienda-comprar-drones.png\",\"contentUrl\":\"https:\\\/\\\/iha-race.com\\\/wp-content\\\/uploads\\\/2018\\\/07\\\/iha-race-drones-de-carreras-tienda-comprar-drones.png\",\"width\":300,\"height\":100,\"caption\":\"Iha Race\"},\"image\":{\"@id\":\"https:\\\/\\\/iha-race.com\\\/it\\\/#\\\/schema\\\/logo\\\/image\\\/\"}}]}<\/script>\n<!-- \/ Yoast SEO plugin. -->","yoast_head_json":{"title":"Kit di filtri RunCam Thumb Pro (ND8\/ND16\/ND32) - Iha Race","robots":{"index":"index","follow":"follow","max-snippet":"max-snippet:-1","max-image-preview":"max-image-preview:large","max-video-preview":"max-video-preview:-1"},"canonical":"https:\/\/iha-race.com\/it\/prodotto\/kit-filtri-runcam-thumb-pro-nd8-nd16-nd32\/","og_locale":"it_IT","og_type":"article","og_title":"Kit di filtri RunCam Thumb Pro (ND8\/ND16\/ND32) - Iha Race","og_description":"Questi filtri ND sono realizzati per RunCam Thumb Pro. I filtri a densit\u00e0 neutra riducono l'intensit\u00e0 della luce che entra nella telecamera. I filtri ND8, ND16 e ND32 sono inclusi.","og_url":"https:\/\/iha-race.com\/it\/prodotto\/kit-filtri-runcam-thumb-pro-nd8-nd16-nd32\/","og_site_name":"Iha Race","article_modified_time":"2024-08-29T10:00:54+00:00","og_image":[{"width":700,"height":700,"url":"https:\/\/iha-race.com\/wp-content\/uploads\/2022\/08\/RunCam-Thumb-Pro-Kit-de-filtro-ND.jpg","type":"image\/jpeg"}],"twitter_card":"summary_large_image","twitter_misc":{"Tempo di lettura stimato":"1 minuto"},"schema":{"@context":"https:\/\/schema.org","@graph":[{"@type":"WebPage","@id":"https:\/\/iha-race.com\/it\/prodotto\/kit-filtri-runcam-thumb-pro-nd8-nd16-nd32\/","url":"https:\/\/iha-race.com\/it\/prodotto\/kit-filtri-runcam-thumb-pro-nd8-nd16-nd32\/","name":"Kit di filtri RunCam Thumb Pro (ND8\/ND16\/ND32) - Iha Race","isPartOf":{"@id":"https:\/\/iha-race.com\/it\/#website"},"primaryImageOfPage":{"@id":"https:\/\/iha-race.com\/it\/prodotto\/kit-filtri-runcam-thumb-pro-nd8-nd16-nd32\/#primaryimage"},"image":{"@id":"https:\/\/iha-race.com\/it\/prodotto\/kit-filtri-runcam-thumb-pro-nd8-nd16-nd32\/#primaryimage"},"thumbnailUrl":"https:\/\/iha-race.com\/wp-content\/uploads\/2022\/08\/RunCam-Thumb-Pro-Kit-de-filtro-ND.jpg","datePublished":"2022-08-22T15:46:27+00:00","dateModified":"2024-08-29T10:00:54+00:00","breadcrumb":{"@id":"https:\/\/iha-race.com\/it\/prodotto\/kit-filtri-runcam-thumb-pro-nd8-nd16-nd32\/#breadcrumb"},"inLanguage":"it-IT","potentialAction":[{"@type":"ReadAction","target":["https:\/\/iha-race.com\/it\/prodotto\/kit-filtri-runcam-thumb-pro-nd8-nd16-nd32\/"]}]},{"@type":"ImageObject","inLanguage":"it-IT","@id":"https:\/\/iha-race.com\/it\/prodotto\/kit-filtri-runcam-thumb-pro-nd8-nd16-nd32\/#primaryimage","url":"https:\/\/iha-race.com\/wp-content\/uploads\/2022\/08\/RunCam-Thumb-Pro-Kit-de-filtro-ND.jpg","contentUrl":"https:\/\/iha-race.com\/wp-content\/uploads\/2022\/08\/RunCam-Thumb-Pro-Kit-de-filtro-ND.jpg","width":700,"height":700,"caption":"acquistare al miglior prezzo RunCam Thumb Pro Kit di filtri (ND8\/ND16\/ND32)"},{"@type":"BreadcrumbList","@id":"https:\/\/iha-race.com\/it\/prodotto\/kit-filtri-runcam-thumb-pro-nd8-nd16-nd32\/#breadcrumb","itemListElement":[{"@type":"ListItem","position":1,"name":"Portada","item":"https:\/\/iha-race.com\/it\/"},{"@type":"ListItem","position":2,"name":"Negozio","item":"https:\/\/iha-race.com\/it\/negozio\/"},{"@type":"ListItem","position":3,"name":"Kit di filtri RunCam Thumb Pro (ND8\/ND16\/ND32)"}]},{"@type":"WebSite","@id":"https:\/\/iha-race.com\/it\/#website","url":"https:\/\/iha-race.com\/it\/","name":"Iha Race","description":"Comprar drones de carreras FPV env\u00edos en un d\u00eda desde Espa\u00f1a","publisher":{"@id":"https:\/\/iha-race.com\/it\/#organization"},"potentialAction":[{"@type":"SearchAction","target":{"@type":"EntryPoint","urlTemplate":"https:\/\/iha-race.com\/it\/?s={search_term_string}"},"query-input":{"@type":"PropertyValueSpecification","valueRequired":true,"valueName":"search_term_string"}}],"inLanguage":"it-IT"},{"@type":"Organization","@id":"https:\/\/iha-race.com\/it\/#organization","name":"Iha Race","url":"https:\/\/iha-race.com\/it\/","logo":{"@type":"ImageObject","inLanguage":"it-IT","@id":"https:\/\/iha-race.com\/it\/#\/schema\/logo\/image\/","url":"https:\/\/iha-race.com\/wp-content\/uploads\/2018\/07\/iha-race-drones-de-carreras-tienda-comprar-drones.png","contentUrl":"https:\/\/iha-race.com\/wp-content\/uploads\/2018\/07\/iha-race-drones-de-carreras-tienda-comprar-drones.png","width":300,"height":100,"caption":"Iha Race"},"image":{"@id":"https:\/\/iha-race.com\/it\/#\/schema\/logo\/image\/"}}]}},"brands":[{"id":3569,"name":"RunCam","slug":"runcam"}],"_links":{"self":[{"href":"https:\/\/iha-race.com\/it\/wp-json\/wp\/v2\/product\/115715","targetHints":{"allow":["GET"]}}],"collection":[{"href":"https:\/\/iha-race.com\/it\/wp-json\/wp\/v2\/product"}],"about":[{"href":"https:\/\/iha-race.com\/it\/wp-json\/wp\/v2\/types\/product"}],"replies":[{"embeddable":true,"href":"https:\/\/iha-race.com\/it\/wp-json\/wp\/v2\/comments?post=115715"}],"version-history":[{"count":2,"href":"https:\/\/iha-race.com\/it\/wp-json\/wp\/v2\/product\/115715\/revisions"}],"predecessor-version":[{"id":249022,"href":"https:\/\/iha-race.com\/it\/wp-json\/wp\/v2\/product\/115715\/revisions\/249022"}],"wp:featuredmedia":[{"embeddable":true,"href":"https:\/\/iha-race.com\/it\/wp-json\/wp\/v2\/media\/115709"}],"wp:attachment":[{"href":"https:\/\/iha-race.com\/it\/wp-json\/wp\/v2\/media?parent=115715"}],"wp:term":[{"taxonomy":"pwb-brand","embeddable":true,"href":"https:\/\/iha-race.com\/it\/wp-json\/wp\/v2\/pwb-brand?post=115715"},{"taxonomy":"product_cat","embeddable":true,"href":"https:\/\/iha-race.com\/it\/wp-json\/wp\/v2\/product_cat?post=115715"},{"taxonomy":"product_tag","embeddable":true,"href":"https:\/\/iha-race.com\/it\/wp-json\/wp\/v2\/product_tag?post=115715"}],"curies":[{"name":"wp","href":"https:\/\/api.w.org\/{rel}","templated":true}]}}