{"id":115479,"date":"2022-08-14T19:09:32","date_gmt":"2022-08-14T17:09:32","guid":{"rendered":"https:\/\/iha-race.com\/producto\/cinghia-iha-race-di-alta-qualita-20250-mm-2-pcs\/"},"modified":"2026-01-20T09:33:42","modified_gmt":"2026-01-20T08:33:42","slug":"strap-iha-race-de-alta-calidad-20250mm-2-pcs","status":"publish","type":"product","link":"https:\/\/iha-race.com\/it\/prodotto\/strap-iha-race-de-alta-calidad-20250mm-2-pcs\/","title":{"rendered":"Cinghia da corsa IHA di alta qualit\u00e0 20&#215;250 mm (2 PCS)"},"content":{"rendered":"<h2><span data-sheets-value=\"{\"1\":2,\"2\":\"Strap IHA-Race de Alta Calidad 20*250mm (2 PCS)\"}\" data-sheets-userformat=\"{\"2\":13057,\"3\":{\"1\":0},\"11\":4,\"12\":0,\"15\":\"Arial\",\"16\":12}\">Cinghia da corsa IHA di alta qualit\u00e0 20&#215;250 mm (2 PCS)<\/span><\/h2>\n<div id=\"collapse-description\" class=\"desc-collapse showdown\">  Il cinturino IHA-Race \u00e8 gommato sul lato rivolto verso la lipo, in modo da non scivolare via, anche senza l&#8217;applicazione di un adesivo aggiuntivo sul telaio. Queste cinghie di dimensioni &#8220;medie&#8221; hanno una lunghezza di 250 mm, di cui 20 mm fanno spesso la differenza per una buona presa della batteria.  <\/p>\n<h2>Caratteristiche:<\/h2>\n<ul>\n<li>Marchio: IHA-Race<\/li>\n<li>Nome articolo: Cinturino per batteria<\/li>\n<li>Colore: nero<\/li>\n<li>Lunghezza: 250 mm<\/li>\n<li>Larghezza: 20 mm<\/li>\n<li>Quantit\u00e0: 2 PCS<\/li>\n<\/ul>\n<h2>Il pacchetto comprende:<\/h2>\n<ul>\n<li>2 x cinghie per batteria 20&#215;250 mm<\/li>\n<\/ul>\n<\/div>\n","protected":false},"excerpt":{"rendered":"<p>Cinghia da corsa IHA di alta qualit\u00e0 20&#215;250 mm (2 PCS) Il cinturino IHA-Race \u00e8 gommato sul lato rivolto verso la lipo, in modo da non scivolare via, anche senza<\/p>\n","protected":false},"featured_media":115476,"comment_status":"open","ping_status":"closed","template":"","meta":{"_joinchat":[]},"pwb-brand":[],"product_cat":[1073],"product_tag":[],"class_list":{"0":"post-115479","1":"product","2":"type-product","3":"status-publish","4":"has-post-thumbnail","6":"product_cat-accessori-per-batterie","8":"first","9":"instock","10":"taxable","11":"shipping-taxable","12":"purchasable","13":"product-type-simple"},"barcode":null,"atum_controlled":true,"out_stock_date":null,"out_stock_threshold":null,"inheritable":false,"stock_on_hold":0,"sold_today":0,"sales_last_days":1,"out_stock_days":0,"lost_sales":0,"update_date":"2026-04-08T16:43:16","atum_locations":[],"atum_stock_status":"instock","restock_status":false,"low_stock_amount":"","sales_update_date":"2026-04-08T10:17:11","calc_backorders":null,"yoast_head":"<!-- This site is optimized with the Yoast SEO plugin v27.3 - https:\/\/yoast.com\/product\/yoast-seo-wordpress\/ -->\n<title>Cinghia da corsa IHA di alta qualit\u00e0 20x250 mm (2 PCS) - Iha Race<\/title>\n<meta name=\"robots\" content=\"index, follow, max-snippet:-1, max-image-preview:large, max-video-preview:-1\" \/>\n<link rel=\"canonical\" href=\"https:\/\/iha-race.com\/it\/prodotto\/strap-iha-race-de-alta-calidad-20250mm-2-pcs\/\" \/>\n<meta property=\"og:locale\" content=\"it_IT\" \/>\n<meta property=\"og:type\" content=\"article\" \/>\n<meta property=\"og:title\" content=\"Cinghia da corsa IHA di alta qualit\u00e0 20x250 mm (2 PCS) - Iha Race\" \/>\n<meta property=\"og:description\" content=\"Cinghia da corsa IHA di alta qualit\u00e0 20&#215;250 mm (2 PCS) Il cinturino IHA-Race \u00e8 gommato sul lato rivolto verso la lipo, in modo da non scivolare via, anche senza\" \/>\n<meta property=\"og:url\" content=\"https:\/\/iha-race.com\/it\/prodotto\/strap-iha-race-de-alta-calidad-20250mm-2-pcs\/\" \/>\n<meta property=\"og:site_name\" content=\"Iha Race\" \/>\n<meta property=\"article:modified_time\" content=\"2026-01-20T08:33:42+00:00\" \/>\n<meta property=\"og:image\" content=\"https:\/\/iha-race.com\/wp-content\/uploads\/2022\/08\/1ec89d27-bbe9-4734-b890-e6a21a850c78.jpg\" \/>\n\t<meta property=\"og:image:width\" content=\"928\" \/>\n\t<meta property=\"og:image:height\" content=\"958\" \/>\n\t<meta property=\"og:image:type\" content=\"image\/jpeg\" \/>\n<meta name=\"twitter:card\" content=\"summary_large_image\" \/>\n<script type=\"application\/ld+json\" class=\"yoast-schema-graph\">{\"@context\":\"https:\\\/\\\/schema.org\",\"@graph\":[{\"@type\":\"WebPage\",\"@id\":\"https:\\\/\\\/iha-race.com\\\/it\\\/prodotto\\\/strap-iha-race-de-alta-calidad-20250mm-2-pcs\\\/\",\"url\":\"https:\\\/\\\/iha-race.com\\\/it\\\/prodotto\\\/strap-iha-race-de-alta-calidad-20250mm-2-pcs\\\/\",\"name\":\"Cinghia da corsa IHA di alta qualit\u00e0 20x250 mm (2 PCS) - Iha Race\",\"isPartOf\":{\"@id\":\"https:\\\/\\\/iha-race.com\\\/it\\\/#website\"},\"primaryImageOfPage\":{\"@id\":\"https:\\\/\\\/iha-race.com\\\/it\\\/prodotto\\\/strap-iha-race-de-alta-calidad-20250mm-2-pcs\\\/#primaryimage\"},\"image\":{\"@id\":\"https:\\\/\\\/iha-race.com\\\/it\\\/prodotto\\\/strap-iha-race-de-alta-calidad-20250mm-2-pcs\\\/#primaryimage\"},\"thumbnailUrl\":\"https:\\\/\\\/iha-race.com\\\/wp-content\\\/uploads\\\/2022\\\/08\\\/1ec89d27-bbe9-4734-b890-e6a21a850c78.jpg\",\"datePublished\":\"2022-08-14T17:09:32+00:00\",\"dateModified\":\"2026-01-20T08:33:42+00:00\",\"breadcrumb\":{\"@id\":\"https:\\\/\\\/iha-race.com\\\/it\\\/prodotto\\\/strap-iha-race-de-alta-calidad-20250mm-2-pcs\\\/#breadcrumb\"},\"inLanguage\":\"it-IT\",\"potentialAction\":[{\"@type\":\"ReadAction\",\"target\":[\"https:\\\/\\\/iha-race.com\\\/it\\\/prodotto\\\/strap-iha-race-de-alta-calidad-20250mm-2-pcs\\\/\"]}]},{\"@type\":\"ImageObject\",\"inLanguage\":\"it-IT\",\"@id\":\"https:\\\/\\\/iha-race.com\\\/it\\\/prodotto\\\/strap-iha-race-de-alta-calidad-20250mm-2-pcs\\\/#primaryimage\",\"url\":\"https:\\\/\\\/iha-race.com\\\/wp-content\\\/uploads\\\/2022\\\/08\\\/1ec89d27-bbe9-4734-b890-e6a21a850c78.jpg\",\"contentUrl\":\"https:\\\/\\\/iha-race.com\\\/wp-content\\\/uploads\\\/2022\\\/08\\\/1ec89d27-bbe9-4734-b890-e6a21a850c78.jpg\",\"width\":928,\"height\":958,\"caption\":\"Acquista Alta qualit\u00e0 IHA-Cinghia di gara 20*250mm (2 PCS)\"},{\"@type\":\"BreadcrumbList\",\"@id\":\"https:\\\/\\\/iha-race.com\\\/it\\\/prodotto\\\/strap-iha-race-de-alta-calidad-20250mm-2-pcs\\\/#breadcrumb\",\"itemListElement\":[{\"@type\":\"ListItem\",\"position\":1,\"name\":\"Portada\",\"item\":\"https:\\\/\\\/iha-race.com\\\/it\\\/\"},{\"@type\":\"ListItem\",\"position\":2,\"name\":\"Negozio\",\"item\":\"https:\\\/\\\/iha-race.com\\\/it\\\/negozio\\\/\"},{\"@type\":\"ListItem\",\"position\":3,\"name\":\"Cinghia da corsa IHA di alta qualit\u00e0 20&#215;250 mm (2 PCS)\"}]},{\"@type\":\"WebSite\",\"@id\":\"https:\\\/\\\/iha-race.com\\\/it\\\/#website\",\"url\":\"https:\\\/\\\/iha-race.com\\\/it\\\/\",\"name\":\"Iha Race\",\"description\":\"Comprar drones de carreras FPV env\u00edos en un d\u00eda desde Espa\u00f1a\",\"publisher\":{\"@id\":\"https:\\\/\\\/iha-race.com\\\/it\\\/#organization\"},\"potentialAction\":[{\"@type\":\"SearchAction\",\"target\":{\"@type\":\"EntryPoint\",\"urlTemplate\":\"https:\\\/\\\/iha-race.com\\\/it\\\/?s={search_term_string}\"},\"query-input\":{\"@type\":\"PropertyValueSpecification\",\"valueRequired\":true,\"valueName\":\"search_term_string\"}}],\"inLanguage\":\"it-IT\"},{\"@type\":\"Organization\",\"@id\":\"https:\\\/\\\/iha-race.com\\\/it\\\/#organization\",\"name\":\"Iha Race\",\"url\":\"https:\\\/\\\/iha-race.com\\\/it\\\/\",\"logo\":{\"@type\":\"ImageObject\",\"inLanguage\":\"it-IT\",\"@id\":\"https:\\\/\\\/iha-race.com\\\/it\\\/#\\\/schema\\\/logo\\\/image\\\/\",\"url\":\"https:\\\/\\\/iha-race.com\\\/wp-content\\\/uploads\\\/2018\\\/07\\\/iha-race-drones-de-carreras-tienda-comprar-drones.png\",\"contentUrl\":\"https:\\\/\\\/iha-race.com\\\/wp-content\\\/uploads\\\/2018\\\/07\\\/iha-race-drones-de-carreras-tienda-comprar-drones.png\",\"width\":300,\"height\":100,\"caption\":\"Iha Race\"},\"image\":{\"@id\":\"https:\\\/\\\/iha-race.com\\\/it\\\/#\\\/schema\\\/logo\\\/image\\\/\"}}]}<\/script>\n<!-- \/ Yoast SEO plugin. -->","yoast_head_json":{"title":"Cinghia da corsa IHA di alta qualit\u00e0 20x250 mm (2 PCS) - Iha Race","robots":{"index":"index","follow":"follow","max-snippet":"max-snippet:-1","max-image-preview":"max-image-preview:large","max-video-preview":"max-video-preview:-1"},"canonical":"https:\/\/iha-race.com\/it\/prodotto\/strap-iha-race-de-alta-calidad-20250mm-2-pcs\/","og_locale":"it_IT","og_type":"article","og_title":"Cinghia da corsa IHA di alta qualit\u00e0 20x250 mm (2 PCS) - Iha Race","og_description":"Cinghia da corsa IHA di alta qualit\u00e0 20&#215;250 mm (2 PCS) Il cinturino IHA-Race \u00e8 gommato sul lato rivolto verso la lipo, in modo da non scivolare via, anche senza","og_url":"https:\/\/iha-race.com\/it\/prodotto\/strap-iha-race-de-alta-calidad-20250mm-2-pcs\/","og_site_name":"Iha Race","article_modified_time":"2026-01-20T08:33:42+00:00","og_image":[{"width":928,"height":958,"url":"https:\/\/iha-race.com\/wp-content\/uploads\/2022\/08\/1ec89d27-bbe9-4734-b890-e6a21a850c78.jpg","type":"image\/jpeg"}],"twitter_card":"summary_large_image","schema":{"@context":"https:\/\/schema.org","@graph":[{"@type":"WebPage","@id":"https:\/\/iha-race.com\/it\/prodotto\/strap-iha-race-de-alta-calidad-20250mm-2-pcs\/","url":"https:\/\/iha-race.com\/it\/prodotto\/strap-iha-race-de-alta-calidad-20250mm-2-pcs\/","name":"Cinghia da corsa IHA di alta qualit\u00e0 20x250 mm (2 PCS) - Iha Race","isPartOf":{"@id":"https:\/\/iha-race.com\/it\/#website"},"primaryImageOfPage":{"@id":"https:\/\/iha-race.com\/it\/prodotto\/strap-iha-race-de-alta-calidad-20250mm-2-pcs\/#primaryimage"},"image":{"@id":"https:\/\/iha-race.com\/it\/prodotto\/strap-iha-race-de-alta-calidad-20250mm-2-pcs\/#primaryimage"},"thumbnailUrl":"https:\/\/iha-race.com\/wp-content\/uploads\/2022\/08\/1ec89d27-bbe9-4734-b890-e6a21a850c78.jpg","datePublished":"2022-08-14T17:09:32+00:00","dateModified":"2026-01-20T08:33:42+00:00","breadcrumb":{"@id":"https:\/\/iha-race.com\/it\/prodotto\/strap-iha-race-de-alta-calidad-20250mm-2-pcs\/#breadcrumb"},"inLanguage":"it-IT","potentialAction":[{"@type":"ReadAction","target":["https:\/\/iha-race.com\/it\/prodotto\/strap-iha-race-de-alta-calidad-20250mm-2-pcs\/"]}]},{"@type":"ImageObject","inLanguage":"it-IT","@id":"https:\/\/iha-race.com\/it\/prodotto\/strap-iha-race-de-alta-calidad-20250mm-2-pcs\/#primaryimage","url":"https:\/\/iha-race.com\/wp-content\/uploads\/2022\/08\/1ec89d27-bbe9-4734-b890-e6a21a850c78.jpg","contentUrl":"https:\/\/iha-race.com\/wp-content\/uploads\/2022\/08\/1ec89d27-bbe9-4734-b890-e6a21a850c78.jpg","width":928,"height":958,"caption":"Acquista Alta qualit\u00e0 IHA-Cinghia di gara 20*250mm (2 PCS)"},{"@type":"BreadcrumbList","@id":"https:\/\/iha-race.com\/it\/prodotto\/strap-iha-race-de-alta-calidad-20250mm-2-pcs\/#breadcrumb","itemListElement":[{"@type":"ListItem","position":1,"name":"Portada","item":"https:\/\/iha-race.com\/it\/"},{"@type":"ListItem","position":2,"name":"Negozio","item":"https:\/\/iha-race.com\/it\/negozio\/"},{"@type":"ListItem","position":3,"name":"Cinghia da corsa IHA di alta qualit\u00e0 20&#215;250 mm (2 PCS)"}]},{"@type":"WebSite","@id":"https:\/\/iha-race.com\/it\/#website","url":"https:\/\/iha-race.com\/it\/","name":"Iha Race","description":"Comprar drones de carreras FPV env\u00edos en un d\u00eda desde Espa\u00f1a","publisher":{"@id":"https:\/\/iha-race.com\/it\/#organization"},"potentialAction":[{"@type":"SearchAction","target":{"@type":"EntryPoint","urlTemplate":"https:\/\/iha-race.com\/it\/?s={search_term_string}"},"query-input":{"@type":"PropertyValueSpecification","valueRequired":true,"valueName":"search_term_string"}}],"inLanguage":"it-IT"},{"@type":"Organization","@id":"https:\/\/iha-race.com\/it\/#organization","name":"Iha Race","url":"https:\/\/iha-race.com\/it\/","logo":{"@type":"ImageObject","inLanguage":"it-IT","@id":"https:\/\/iha-race.com\/it\/#\/schema\/logo\/image\/","url":"https:\/\/iha-race.com\/wp-content\/uploads\/2018\/07\/iha-race-drones-de-carreras-tienda-comprar-drones.png","contentUrl":"https:\/\/iha-race.com\/wp-content\/uploads\/2018\/07\/iha-race-drones-de-carreras-tienda-comprar-drones.png","width":300,"height":100,"caption":"Iha Race"},"image":{"@id":"https:\/\/iha-race.com\/it\/#\/schema\/logo\/image\/"}}]}},"brands":[],"_links":{"self":[{"href":"https:\/\/iha-race.com\/it\/wp-json\/wp\/v2\/product\/115479","targetHints":{"allow":["GET"]}}],"collection":[{"href":"https:\/\/iha-race.com\/it\/wp-json\/wp\/v2\/product"}],"about":[{"href":"https:\/\/iha-race.com\/it\/wp-json\/wp\/v2\/types\/product"}],"replies":[{"embeddable":true,"href":"https:\/\/iha-race.com\/it\/wp-json\/wp\/v2\/comments?post=115479"}],"version-history":[{"count":2,"href":"https:\/\/iha-race.com\/it\/wp-json\/wp\/v2\/product\/115479\/revisions"}],"predecessor-version":[{"id":249015,"href":"https:\/\/iha-race.com\/it\/wp-json\/wp\/v2\/product\/115479\/revisions\/249015"}],"wp:featuredmedia":[{"embeddable":true,"href":"https:\/\/iha-race.com\/it\/wp-json\/wp\/v2\/media\/115476"}],"wp:attachment":[{"href":"https:\/\/iha-race.com\/it\/wp-json\/wp\/v2\/media?parent=115479"}],"wp:term":[{"taxonomy":"pwb-brand","embeddable":true,"href":"https:\/\/iha-race.com\/it\/wp-json\/wp\/v2\/pwb-brand?post=115479"},{"taxonomy":"product_cat","embeddable":true,"href":"https:\/\/iha-race.com\/it\/wp-json\/wp\/v2\/product_cat?post=115479"},{"taxonomy":"product_tag","embeddable":true,"href":"https:\/\/iha-race.com\/it\/wp-json\/wp\/v2\/product_tag?post=115479"}],"curies":[{"name":"wp","href":"https:\/\/api.w.org\/{rel}","templated":true}]}}