{"id":115432,"date":"2022-08-12T10:23:04","date_gmt":"2022-08-12T08:23:04","guid":{"rendered":"https:\/\/iha-race.com\/producto\/neve-2306-motori-senza-spazzole-1860kv-2500kv\/"},"modified":"2024-08-29T12:00:40","modified_gmt":"2024-08-29T10:00:40","slug":"motores-sin-escobillas-snow-2306-1860kv-2500kv","status":"publish","type":"product","link":"https:\/\/iha-race.com\/it\/prodotto\/motores-sin-escobillas-snow-2306-1860kv-2500kv\/","title":{"rendered":"Neve 2306 Motori senza spazzole (1860Kv &#8211; 2500Kv)"},"content":{"rendered":"<h2>Neve 2306 Motori senza spazzole (1860Kv &#8211; 2500Kv)<\/h2>\n<p class=\"p1\">I motori brushless BETAFPV Snow 2306 sono realizzati con materiali di prima qualit\u00e0 e presentano un nuovo design con aspetto a fiocco di neve. L&#8217;albero in lega di titanio TC4 ad alta resistenza, il magnete N52, il cuscinetto NMB e la campana in alluminio 7075 garantiscono grandi prestazioni e un uso duraturo, e fanno del nostro Snow 2306 uno dei motori brushless FPV pi\u00f9 potenti disponibili. Perfettamente adatto alle gare FPV e al freestyle FPV su quadcopter da 5&#8243;-6&#8243;.<\/p>\n<p class=\"p1\"><img decoding=\"async\" src=\"https:\/\/cdn.shopify.com\/s\/files\/1\/1778\/6615\/files\/FB_f766b844-00a0-46c8-9a7c-1e3c0d051c5b_1024x1024.jpg?v=1656669884\" alt=\"\"><\/p>\n<h2 class=\"p1\">Caratteristiche<\/h2>\n<ul>\n<li>Realizzato con materiali di prima qualit\u00e0. L&#8217;albero in titanio TC4 ad alta resistenza, il magnete N52, il cuscinetto NMB e la lega di alluminio aeronautico 7075 sono applicati ai motori Snow 2306, che li rendono resistenti all&#8217;uso.<\/li>\n<li>Con un design in stile fiocco di neve. Tutti i motori mostrano un colore bianco-argenteo nell&#8217;aria, con un aspetto molto buono.<\/li>\n<li>Compatibile con quadcopter da 5&#8243;-6&#8243; per FPV racing e FPV freestyle. \u00c8 possibile scegliere tra due versioni di KV del motore, 1860KV e 2500KV.<\/li>\n<li>Motori brushless Neve 2306 ed eliche da 5&#8243; Eliche a 3 pale<\/li>\n<\/ul>\n<h2 class=\"p1\">Specifiche tecniche<\/h2>\n<ul>\n<li>Articolo: Motori brushless Neve 2306<\/li>\n<li>Dimensioni: \u03c629,3*30,6 mm<\/li>\n<li>Lunghezza dell&#8217;albero: 12,3 mm<\/li>\n<li>Diametro dell&#8217;albero: 5 mm<\/li>\n<li>KV del motore (rpm\/V): 1860KV\/2500KV (opzionale)<\/li>\n<li>Configurazione: 12N14P<\/li>\n<li>Tensione di ingresso: 4S\/6S Lipo<\/li>\n<li>Lunghezza del cavo: 20 AWG 160 mm<\/li>\n<li>Peso: 34 g (con cavi)<\/li>\n<li>Stile dell&#8217;albero: albero in titanio TC4<\/li>\n<li>Anima in ferro: acciaio al silicio da 0,15 mm<\/li>\n<li>Magnete: N52SH NdFeB sinterizzato N52SH<\/li>\n<li>Calotta terminale: lega di alluminio aeronautico 7075<\/li>\n<li>Cuscinetto: cuscinetto NMB<\/li>\n<\/ul>\n<p><img decoding=\"async\" src=\"https:\/\/cdn.shopifycdn.net\/s\/files\/1\/1778\/6615\/files\/1_4da2859b-5a7f-4325-a8a1-69cda0be8862_600x600.jpg?v=1656583105\" alt=\"\"><\/p>\n<h2>Rapporti di prova<\/h2>\n<p>  L&#8217;immagine seguente mostra i dati del test per 2306 motori da 1860KV.  <img decoding=\"async\" src=\"https:\/\/cdn.shopify.com\/s\/files\/1\/1778\/6615\/files\/680a744dc6abc6349181243892ea1d32_34f11465-9439-4652-a3a7-6819abab1ed0_1024x1024.jpg?v=1656670727\" alt=\"\">  L&#8217;immagine seguente mostra i dati del test per i motori 2306 2500KV.  <img decoding=\"async\" src=\"https:\/\/cdn.shopify.com\/s\/files\/1\/1778\/6615\/files\/680a744dc6abc6349181243892ea1d32_38eb4667-24f3-461e-9dfb-8c6c68c52b53_1100x1100.jpg?v=1656670750\" alt=\"\"><\/p>\n<h2>Parti consigliate<\/h2>\n<ul>\n<li>Quadcopter: quadcopter da 5&#8243;-6<\/li>\n<li>Telaio: telaio da 5&#8243;-6<\/li>\n<li>ESC: almeno 40A ESC<\/li>\n<li>Eliche compatibili: eliche da 5&#8243;-6&#8243;.<\/li>\n<li><span class=\"s2\">Batteria: 4S 1500mAh 120C \/ 6S 1300mAh 120C<\/span><\/li>\n<li><span class=\"s2\">Peso al decollo: 580 g con batteria 4S \/ 600 g con batteria 6S  <\/span><\/li>\n<\/ul>\n<p>&nbsp;<\/p>\n<p><img decoding=\"async\" src=\"https:\/\/cdn.shopify.com\/s\/files\/1\/1778\/6615\/files\/FB_dc4d9f22-68fe-4b0a-8b32-dd0e487491ca_1024x1024.jpg?v=1656669908\" alt=\"\"><\/p>\n<h2 class=\"p1\">Il pacchetto comprende<\/h2>\n<ul>\n<li>1 motore brushless Neve 2306 1860KV o 2500KV<\/li>\n<li>5 viti M3x8.<\/li>\n<li>5 viti M3x10.<\/li>\n<li>1 dado M5x6<\/li>\n<\/ul>\n<p><img decoding=\"async\" src=\"https:\/\/cdn.shopify.com\/s\/files\/1\/1778\/6615\/files\/3f89305fb1dabad87b9b93324e3c25cd_c3ea8f77-c032-49cd-a480-47ba9b16f586_600x600.jpg?v=1656483087\" alt=\"\"><\/p>\n","protected":false},"excerpt":{"rendered":"<p>Neve 2306 Motori senza spazzole (1860Kv &#8211; 2500Kv) I motori brushless BETAFPV Snow 2306 sono realizzati con materiali di prima qualit\u00e0 e presentano un nuovo design con aspetto a fiocco<\/p>\n","protected":false},"featured_media":115409,"comment_status":"open","ping_status":"closed","template":"","meta":{"_joinchat":[]},"pwb-brand":[],"product_cat":[1242,2478],"product_tag":[],"class_list":{"0":"post-115432","1":"product","2":"type-product","3":"status-publish","4":"has-post-thumbnail","6":"product_cat-motori-fpv","7":"product_cat-senza-spazzole-con-albero","9":"first","10":"instock","11":"taxable","12":"shipping-taxable","13":"purchasable","14":"product-type-variable"},"barcode":null,"atum_controlled":true,"out_stock_date":null,"out_stock_threshold":null,"inheritable":true,"stock_on_hold":0,"sold_today":0,"sales_last_days":1,"out_stock_days":0,"lost_sales":0,"update_date":"2026-05-07T12:05:39","atum_locations":[],"atum_stock_status":"instock","restock_status":false,"low_stock_amount":"","sales_update_date":"2026-05-06T23:41:33","calc_backorders":null,"yoast_head":"<!-- This site is optimized with the Yoast SEO plugin v27.3 - https:\/\/yoast.com\/product\/yoast-seo-wordpress\/ -->\n<title>Neve 2306 Motori senza spazzole (1860Kv - 2500Kv) - Iha Race<\/title>\n<meta name=\"robots\" content=\"index, follow, max-snippet:-1, max-image-preview:large, max-video-preview:-1\" \/>\n<link rel=\"canonical\" href=\"https:\/\/iha-race.com\/it\/prodotto\/motores-sin-escobillas-snow-2306-1860kv-2500kv\/\" \/>\n<meta property=\"og:locale\" content=\"it_IT\" \/>\n<meta property=\"og:type\" content=\"article\" \/>\n<meta property=\"og:title\" content=\"Neve 2306 Motori senza spazzole (1860Kv - 2500Kv) - Iha Race\" \/>\n<meta property=\"og:description\" content=\"Neve 2306 Motori senza spazzole (1860Kv &#8211; 2500Kv) I motori brushless BETAFPV Snow 2306 sono realizzati con materiali di prima qualit\u00e0 e presentano un nuovo design con aspetto a fiocco\" \/>\n<meta property=\"og:url\" content=\"https:\/\/iha-race.com\/it\/prodotto\/motores-sin-escobillas-snow-2306-1860kv-2500kv\/\" \/>\n<meta property=\"og:site_name\" content=\"Iha Race\" \/>\n<meta property=\"article:modified_time\" content=\"2024-08-29T10:00:40+00:00\" \/>\n<meta property=\"og:image\" content=\"https:\/\/iha-race.com\/wp-content\/uploads\/2022\/08\/1_8d6e742b-da43-469c-9ac5-6656ebfba899_720x.webp\" \/>\n\t<meta property=\"og:image:width\" content=\"720\" \/>\n\t<meta property=\"og:image:height\" content=\"720\" \/>\n\t<meta property=\"og:image:type\" content=\"image\/webp\" \/>\n<meta name=\"twitter:card\" content=\"summary_large_image\" \/>\n<meta name=\"twitter:label1\" content=\"Tempo di lettura stimato\" \/>\n\t<meta name=\"twitter:data1\" content=\"2 minuti\" \/>\n<script type=\"application\/ld+json\" class=\"yoast-schema-graph\">{\"@context\":\"https:\\\/\\\/schema.org\",\"@graph\":[{\"@type\":\"WebPage\",\"@id\":\"https:\\\/\\\/iha-race.com\\\/it\\\/prodotto\\\/motores-sin-escobillas-snow-2306-1860kv-2500kv\\\/\",\"url\":\"https:\\\/\\\/iha-race.com\\\/it\\\/prodotto\\\/motores-sin-escobillas-snow-2306-1860kv-2500kv\\\/\",\"name\":\"Neve 2306 Motori senza spazzole (1860Kv - 2500Kv) - Iha Race\",\"isPartOf\":{\"@id\":\"https:\\\/\\\/iha-race.com\\\/it\\\/#website\"},\"primaryImageOfPage\":{\"@id\":\"https:\\\/\\\/iha-race.com\\\/it\\\/prodotto\\\/motores-sin-escobillas-snow-2306-1860kv-2500kv\\\/#primaryimage\"},\"image\":{\"@id\":\"https:\\\/\\\/iha-race.com\\\/it\\\/prodotto\\\/motores-sin-escobillas-snow-2306-1860kv-2500kv\\\/#primaryimage\"},\"thumbnailUrl\":\"https:\\\/\\\/iha-race.com\\\/wp-content\\\/uploads\\\/2022\\\/08\\\/1_8d6e742b-da43-469c-9ac5-6656ebfba899_720x.webp\",\"datePublished\":\"2022-08-12T08:23:04+00:00\",\"dateModified\":\"2024-08-29T10:00:40+00:00\",\"breadcrumb\":{\"@id\":\"https:\\\/\\\/iha-race.com\\\/it\\\/prodotto\\\/motores-sin-escobillas-snow-2306-1860kv-2500kv\\\/#breadcrumb\"},\"inLanguage\":\"it-IT\",\"potentialAction\":[{\"@type\":\"ReadAction\",\"target\":[\"https:\\\/\\\/iha-race.com\\\/it\\\/prodotto\\\/motores-sin-escobillas-snow-2306-1860kv-2500kv\\\/\"]}]},{\"@type\":\"ImageObject\",\"inLanguage\":\"it-IT\",\"@id\":\"https:\\\/\\\/iha-race.com\\\/it\\\/prodotto\\\/motores-sin-escobillas-snow-2306-1860kv-2500kv\\\/#primaryimage\",\"url\":\"https:\\\/\\\/iha-race.com\\\/wp-content\\\/uploads\\\/2022\\\/08\\\/1_8d6e742b-da43-469c-9ac5-6656ebfba899_720x.webp\",\"contentUrl\":\"https:\\\/\\\/iha-race.com\\\/wp-content\\\/uploads\\\/2022\\\/08\\\/1_8d6e742b-da43-469c-9ac5-6656ebfba899_720x.webp\",\"width\":720,\"height\":720,\"caption\":\"Acquista i motori brushless Neve 2306 (1860Kv- 2500Kv)\"},{\"@type\":\"BreadcrumbList\",\"@id\":\"https:\\\/\\\/iha-race.com\\\/it\\\/prodotto\\\/motores-sin-escobillas-snow-2306-1860kv-2500kv\\\/#breadcrumb\",\"itemListElement\":[{\"@type\":\"ListItem\",\"position\":1,\"name\":\"Portada\",\"item\":\"https:\\\/\\\/iha-race.com\\\/it\\\/\"},{\"@type\":\"ListItem\",\"position\":2,\"name\":\"Negozio\",\"item\":\"https:\\\/\\\/iha-race.com\\\/it\\\/negozio\\\/\"},{\"@type\":\"ListItem\",\"position\":3,\"name\":\"Neve 2306 Motori senza spazzole (1860Kv &#8211; 2500Kv)\"}]},{\"@type\":\"WebSite\",\"@id\":\"https:\\\/\\\/iha-race.com\\\/it\\\/#website\",\"url\":\"https:\\\/\\\/iha-race.com\\\/it\\\/\",\"name\":\"Iha Race\",\"description\":\"Comprar drones de carreras FPV env\u00edos en un d\u00eda desde Espa\u00f1a\",\"publisher\":{\"@id\":\"https:\\\/\\\/iha-race.com\\\/it\\\/#organization\"},\"potentialAction\":[{\"@type\":\"SearchAction\",\"target\":{\"@type\":\"EntryPoint\",\"urlTemplate\":\"https:\\\/\\\/iha-race.com\\\/it\\\/?s={search_term_string}\"},\"query-input\":{\"@type\":\"PropertyValueSpecification\",\"valueRequired\":true,\"valueName\":\"search_term_string\"}}],\"inLanguage\":\"it-IT\"},{\"@type\":\"Organization\",\"@id\":\"https:\\\/\\\/iha-race.com\\\/it\\\/#organization\",\"name\":\"Iha Race\",\"url\":\"https:\\\/\\\/iha-race.com\\\/it\\\/\",\"logo\":{\"@type\":\"ImageObject\",\"inLanguage\":\"it-IT\",\"@id\":\"https:\\\/\\\/iha-race.com\\\/it\\\/#\\\/schema\\\/logo\\\/image\\\/\",\"url\":\"https:\\\/\\\/iha-race.com\\\/wp-content\\\/uploads\\\/2018\\\/07\\\/iha-race-drones-de-carreras-tienda-comprar-drones.png\",\"contentUrl\":\"https:\\\/\\\/iha-race.com\\\/wp-content\\\/uploads\\\/2018\\\/07\\\/iha-race-drones-de-carreras-tienda-comprar-drones.png\",\"width\":300,\"height\":100,\"caption\":\"Iha Race\"},\"image\":{\"@id\":\"https:\\\/\\\/iha-race.com\\\/it\\\/#\\\/schema\\\/logo\\\/image\\\/\"}}]}<\/script>\n<!-- \/ Yoast SEO plugin. -->","yoast_head_json":{"title":"Neve 2306 Motori senza spazzole (1860Kv - 2500Kv) - Iha Race","robots":{"index":"index","follow":"follow","max-snippet":"max-snippet:-1","max-image-preview":"max-image-preview:large","max-video-preview":"max-video-preview:-1"},"canonical":"https:\/\/iha-race.com\/it\/prodotto\/motores-sin-escobillas-snow-2306-1860kv-2500kv\/","og_locale":"it_IT","og_type":"article","og_title":"Neve 2306 Motori senza spazzole (1860Kv - 2500Kv) - Iha Race","og_description":"Neve 2306 Motori senza spazzole (1860Kv &#8211; 2500Kv) I motori brushless BETAFPV Snow 2306 sono realizzati con materiali di prima qualit\u00e0 e presentano un nuovo design con aspetto a fiocco","og_url":"https:\/\/iha-race.com\/it\/prodotto\/motores-sin-escobillas-snow-2306-1860kv-2500kv\/","og_site_name":"Iha Race","article_modified_time":"2024-08-29T10:00:40+00:00","og_image":[{"width":720,"height":720,"url":"https:\/\/iha-race.com\/wp-content\/uploads\/2022\/08\/1_8d6e742b-da43-469c-9ac5-6656ebfba899_720x.webp","type":"image\/webp"}],"twitter_card":"summary_large_image","twitter_misc":{"Tempo di lettura stimato":"2 minuti"},"schema":{"@context":"https:\/\/schema.org","@graph":[{"@type":"WebPage","@id":"https:\/\/iha-race.com\/it\/prodotto\/motores-sin-escobillas-snow-2306-1860kv-2500kv\/","url":"https:\/\/iha-race.com\/it\/prodotto\/motores-sin-escobillas-snow-2306-1860kv-2500kv\/","name":"Neve 2306 Motori senza spazzole (1860Kv - 2500Kv) - Iha Race","isPartOf":{"@id":"https:\/\/iha-race.com\/it\/#website"},"primaryImageOfPage":{"@id":"https:\/\/iha-race.com\/it\/prodotto\/motores-sin-escobillas-snow-2306-1860kv-2500kv\/#primaryimage"},"image":{"@id":"https:\/\/iha-race.com\/it\/prodotto\/motores-sin-escobillas-snow-2306-1860kv-2500kv\/#primaryimage"},"thumbnailUrl":"https:\/\/iha-race.com\/wp-content\/uploads\/2022\/08\/1_8d6e742b-da43-469c-9ac5-6656ebfba899_720x.webp","datePublished":"2022-08-12T08:23:04+00:00","dateModified":"2024-08-29T10:00:40+00:00","breadcrumb":{"@id":"https:\/\/iha-race.com\/it\/prodotto\/motores-sin-escobillas-snow-2306-1860kv-2500kv\/#breadcrumb"},"inLanguage":"it-IT","potentialAction":[{"@type":"ReadAction","target":["https:\/\/iha-race.com\/it\/prodotto\/motores-sin-escobillas-snow-2306-1860kv-2500kv\/"]}]},{"@type":"ImageObject","inLanguage":"it-IT","@id":"https:\/\/iha-race.com\/it\/prodotto\/motores-sin-escobillas-snow-2306-1860kv-2500kv\/#primaryimage","url":"https:\/\/iha-race.com\/wp-content\/uploads\/2022\/08\/1_8d6e742b-da43-469c-9ac5-6656ebfba899_720x.webp","contentUrl":"https:\/\/iha-race.com\/wp-content\/uploads\/2022\/08\/1_8d6e742b-da43-469c-9ac5-6656ebfba899_720x.webp","width":720,"height":720,"caption":"Acquista i motori brushless Neve 2306 (1860Kv- 2500Kv)"},{"@type":"BreadcrumbList","@id":"https:\/\/iha-race.com\/it\/prodotto\/motores-sin-escobillas-snow-2306-1860kv-2500kv\/#breadcrumb","itemListElement":[{"@type":"ListItem","position":1,"name":"Portada","item":"https:\/\/iha-race.com\/it\/"},{"@type":"ListItem","position":2,"name":"Negozio","item":"https:\/\/iha-race.com\/it\/negozio\/"},{"@type":"ListItem","position":3,"name":"Neve 2306 Motori senza spazzole (1860Kv &#8211; 2500Kv)"}]},{"@type":"WebSite","@id":"https:\/\/iha-race.com\/it\/#website","url":"https:\/\/iha-race.com\/it\/","name":"Iha Race","description":"Comprar drones de carreras FPV env\u00edos en un d\u00eda desde Espa\u00f1a","publisher":{"@id":"https:\/\/iha-race.com\/it\/#organization"},"potentialAction":[{"@type":"SearchAction","target":{"@type":"EntryPoint","urlTemplate":"https:\/\/iha-race.com\/it\/?s={search_term_string}"},"query-input":{"@type":"PropertyValueSpecification","valueRequired":true,"valueName":"search_term_string"}}],"inLanguage":"it-IT"},{"@type":"Organization","@id":"https:\/\/iha-race.com\/it\/#organization","name":"Iha Race","url":"https:\/\/iha-race.com\/it\/","logo":{"@type":"ImageObject","inLanguage":"it-IT","@id":"https:\/\/iha-race.com\/it\/#\/schema\/logo\/image\/","url":"https:\/\/iha-race.com\/wp-content\/uploads\/2018\/07\/iha-race-drones-de-carreras-tienda-comprar-drones.png","contentUrl":"https:\/\/iha-race.com\/wp-content\/uploads\/2018\/07\/iha-race-drones-de-carreras-tienda-comprar-drones.png","width":300,"height":100,"caption":"Iha Race"},"image":{"@id":"https:\/\/iha-race.com\/it\/#\/schema\/logo\/image\/"}}]}},"jetpack_sharing_enabled":true,"brands":[],"_links":{"self":[{"href":"https:\/\/iha-race.com\/it\/wp-json\/wp\/v2\/product\/115432","targetHints":{"allow":["GET"]}}],"collection":[{"href":"https:\/\/iha-race.com\/it\/wp-json\/wp\/v2\/product"}],"about":[{"href":"https:\/\/iha-race.com\/it\/wp-json\/wp\/v2\/types\/product"}],"replies":[{"embeddable":true,"href":"https:\/\/iha-race.com\/it\/wp-json\/wp\/v2\/comments?post=115432"}],"version-history":[{"count":2,"href":"https:\/\/iha-race.com\/it\/wp-json\/wp\/v2\/product\/115432\/revisions"}],"predecessor-version":[{"id":249014,"href":"https:\/\/iha-race.com\/it\/wp-json\/wp\/v2\/product\/115432\/revisions\/249014"}],"wp:featuredmedia":[{"embeddable":true,"href":"https:\/\/iha-race.com\/it\/wp-json\/wp\/v2\/media\/115409"}],"wp:attachment":[{"href":"https:\/\/iha-race.com\/it\/wp-json\/wp\/v2\/media?parent=115432"}],"wp:term":[{"taxonomy":"pwb-brand","embeddable":true,"href":"https:\/\/iha-race.com\/it\/wp-json\/wp\/v2\/pwb-brand?post=115432"},{"taxonomy":"product_cat","embeddable":true,"href":"https:\/\/iha-race.com\/it\/wp-json\/wp\/v2\/product_cat?post=115432"},{"taxonomy":"product_tag","embeddable":true,"href":"https:\/\/iha-race.com\/it\/wp-json\/wp\/v2\/product_tag?post=115432"}],"curies":[{"name":"wp","href":"https:\/\/api.w.org\/{rel}","templated":true}]}}