{"id":114806,"date":"2022-07-22T17:07:53","date_gmt":"2022-07-22T15:07:53","guid":{"rendered":"https:\/\/iha-race.com\/producto\/eliche-ethix-p3-5-rad-berry-prop-2cw2ccw\/"},"modified":"2024-08-29T12:03:17","modified_gmt":"2024-08-29T10:03:17","slug":"eliche-ethix-p3-5-rad-berry-prop-2cw2ccw","status":"publish","type":"product","link":"https:\/\/iha-race.com\/it\/prodotto\/eliche-ethix-p3-5-rad-berry-prop-2cw2ccw\/","title":{"rendered":"Eliche Ethix P3.5 RAD Berry Prop (2CW+2CCW)"},"content":{"rendered":"<h2>Eliche Ethix P3.5 RAD Berry Prop (2CW+2CCW)<\/h2>\n<ul>\n<li>Diametro dell&#8217;elica: 5,1 pollici<\/li>\n<li>Passo: 3,5<\/li>\n<li>Lame: 3<\/li>\n<li>Materiale: policarbonato<\/li>\n<li>Peso: 3,5 g<\/li>\n<li>Diametro del mozzo: 12,5 mm<\/li>\n<li>Spessore del mozzo: 6 mm<\/li>\n<li>Albero: 5 mm<\/li>\n<li>Anelli adattatori: NO<\/li>\n<\/ul>\n<p><img decoding=\"async\" src=\"https:\/\/www.hqprop.com\/u_file\/2207\/photo\/c3efc21391.jpg\"><\/p>\n<h3><\/h3>\n<h3>Il pacchetto comprende<\/h3>\n<ul>\n<li>2 x CW Ethix P3.5 RAD Berry Prop 2 x CCW Ethix P3.5 RAD Berry Prop<\/li>\n<\/ul>\n","protected":false},"excerpt":{"rendered":"<p>Eliche Ethix P3.5 RAD Berry Prop (2CW+2CCW) Diametro dell&#8217;elica: 5,1 pollici Passo: 3,5 Lame: 3 Materiale: policarbonato Peso: 3,5 g Diametro del mozzo: 12,5 mm Spessore del mozzo: 6 mm<\/p>\n","protected":false},"featured_media":110379,"comment_status":"open","ping_status":"closed","template":"","meta":{"_joinchat":[]},"pwb-brand":[],"product_cat":[1352,1238,1390],"product_tag":[],"class_list":{"0":"post-114806","1":"product","2":"type-product","3":"status-publish","4":"has-post-thumbnail","6":"product_cat-1352","7":"product_cat-eliche-fpv","8":"product_cat-tripalas-it","10":"first","11":"outofstock","12":"featured","13":"taxable","14":"shipping-taxable","15":"purchasable","16":"product-type-simple"},"barcode":null,"atum_controlled":true,"out_stock_date":"2026-03-17 00:33:40","out_stock_threshold":null,"inheritable":false,"stock_on_hold":0,"sold_today":0,"sales_last_days":10,"out_stock_days":6,"lost_sales":28,"update_date":"2026-04-08T16:43:15","atum_locations":[],"atum_stock_status":"outofstock","restock_status":false,"low_stock_amount":"","sales_update_date":"2026-03-23T11:27:44","calc_backorders":null,"yoast_head":"<!-- This site is optimized with the Yoast SEO plugin v27.3 - https:\/\/yoast.com\/product\/yoast-seo-wordpress\/ -->\n<title>Eliche Ethix P3.5 RAD Berry Prop (2CW+2CCW) - Iha Race<\/title>\n<meta name=\"robots\" content=\"index, follow, max-snippet:-1, max-image-preview:large, max-video-preview:-1\" \/>\n<link rel=\"canonical\" href=\"https:\/\/iha-race.com\/it\/prodotto\/eliche-ethix-p3-5-rad-berry-prop-2cw2ccw\/\" \/>\n<meta property=\"og:locale\" content=\"it_IT\" \/>\n<meta property=\"og:type\" content=\"article\" \/>\n<meta property=\"og:title\" content=\"Eliche Ethix P3.5 RAD Berry Prop (2CW+2CCW) - Iha Race\" \/>\n<meta property=\"og:description\" content=\"Eliche Ethix P3.5 RAD Berry Prop (2CW+2CCW) Diametro dell&#8217;elica: 5,1 pollici Passo: 3,5 Lame: 3 Materiale: policarbonato Peso: 3,5 g Diametro del mozzo: 12,5 mm Spessore del mozzo: 6 mm\" \/>\n<meta property=\"og:url\" content=\"https:\/\/iha-race.com\/it\/prodotto\/eliche-ethix-p3-5-rad-berry-prop-2cw2ccw\/\" \/>\n<meta property=\"og:site_name\" content=\"Iha Race\" \/>\n<meta property=\"article:modified_time\" content=\"2024-08-29T10:03:17+00:00\" \/>\n<meta property=\"og:image\" content=\"https:\/\/iha-race.com\/wp-content\/uploads\/2022\/07\/Helices-Ethix-P3.5-RAD-Berry-Prop-2CW2CCW.jpeg\" \/>\n\t<meta property=\"og:image:width\" content=\"640\" \/>\n\t<meta property=\"og:image:height\" content=\"640\" \/>\n\t<meta property=\"og:image:type\" content=\"image\/jpeg\" \/>\n<meta name=\"twitter:card\" content=\"summary_large_image\" \/>\n<script type=\"application\/ld+json\" class=\"yoast-schema-graph\">{\"@context\":\"https:\\\/\\\/schema.org\",\"@graph\":[{\"@type\":\"WebPage\",\"@id\":\"https:\\\/\\\/iha-race.com\\\/it\\\/prodotto\\\/eliche-ethix-p3-5-rad-berry-prop-2cw2ccw\\\/\",\"url\":\"https:\\\/\\\/iha-race.com\\\/it\\\/prodotto\\\/eliche-ethix-p3-5-rad-berry-prop-2cw2ccw\\\/\",\"name\":\"Eliche Ethix P3.5 RAD Berry Prop (2CW+2CCW) - Iha Race\",\"isPartOf\":{\"@id\":\"https:\\\/\\\/iha-race.com\\\/it\\\/#website\"},\"primaryImageOfPage\":{\"@id\":\"https:\\\/\\\/iha-race.com\\\/it\\\/prodotto\\\/eliche-ethix-p3-5-rad-berry-prop-2cw2ccw\\\/#primaryimage\"},\"image\":{\"@id\":\"https:\\\/\\\/iha-race.com\\\/it\\\/prodotto\\\/eliche-ethix-p3-5-rad-berry-prop-2cw2ccw\\\/#primaryimage\"},\"thumbnailUrl\":\"https:\\\/\\\/iha-race.com\\\/wp-content\\\/uploads\\\/2022\\\/07\\\/Helices-Ethix-P3.5-RAD-Berry-Prop-2CW2CCW.jpeg\",\"datePublished\":\"2022-07-22T15:07:53+00:00\",\"dateModified\":\"2024-08-29T10:03:17+00:00\",\"breadcrumb\":{\"@id\":\"https:\\\/\\\/iha-race.com\\\/it\\\/prodotto\\\/eliche-ethix-p3-5-rad-berry-prop-2cw2ccw\\\/#breadcrumb\"},\"inLanguage\":\"it-IT\",\"potentialAction\":[{\"@type\":\"ReadAction\",\"target\":[\"https:\\\/\\\/iha-race.com\\\/it\\\/prodotto\\\/eliche-ethix-p3-5-rad-berry-prop-2cw2ccw\\\/\"]}]},{\"@type\":\"ImageObject\",\"inLanguage\":\"it-IT\",\"@id\":\"https:\\\/\\\/iha-race.com\\\/it\\\/prodotto\\\/eliche-ethix-p3-5-rad-berry-prop-2cw2ccw\\\/#primaryimage\",\"url\":\"https:\\\/\\\/iha-race.com\\\/wp-content\\\/uploads\\\/2022\\\/07\\\/Helices-Ethix-P3.5-RAD-Berry-Prop-2CW2CCW.jpeg\",\"contentUrl\":\"https:\\\/\\\/iha-race.com\\\/wp-content\\\/uploads\\\/2022\\\/07\\\/Helices-Ethix-P3.5-RAD-Berry-Prop-2CW2CCW.jpeg\",\"width\":640,\"height\":640},{\"@type\":\"BreadcrumbList\",\"@id\":\"https:\\\/\\\/iha-race.com\\\/it\\\/prodotto\\\/eliche-ethix-p3-5-rad-berry-prop-2cw2ccw\\\/#breadcrumb\",\"itemListElement\":[{\"@type\":\"ListItem\",\"position\":1,\"name\":\"Portada\",\"item\":\"https:\\\/\\\/iha-race.com\\\/it\\\/\"},{\"@type\":\"ListItem\",\"position\":2,\"name\":\"Negozio\",\"item\":\"https:\\\/\\\/iha-race.com\\\/it\\\/negozio\\\/\"},{\"@type\":\"ListItem\",\"position\":3,\"name\":\"Eliche Ethix P3.5 RAD Berry Prop (2CW+2CCW)\"}]},{\"@type\":\"WebSite\",\"@id\":\"https:\\\/\\\/iha-race.com\\\/it\\\/#website\",\"url\":\"https:\\\/\\\/iha-race.com\\\/it\\\/\",\"name\":\"Iha Race\",\"description\":\"Comprar drones de carreras FPV env\u00edos en un d\u00eda desde Espa\u00f1a\",\"publisher\":{\"@id\":\"https:\\\/\\\/iha-race.com\\\/it\\\/#organization\"},\"potentialAction\":[{\"@type\":\"SearchAction\",\"target\":{\"@type\":\"EntryPoint\",\"urlTemplate\":\"https:\\\/\\\/iha-race.com\\\/it\\\/?s={search_term_string}\"},\"query-input\":{\"@type\":\"PropertyValueSpecification\",\"valueRequired\":true,\"valueName\":\"search_term_string\"}}],\"inLanguage\":\"it-IT\"},{\"@type\":\"Organization\",\"@id\":\"https:\\\/\\\/iha-race.com\\\/it\\\/#organization\",\"name\":\"Iha Race\",\"url\":\"https:\\\/\\\/iha-race.com\\\/it\\\/\",\"logo\":{\"@type\":\"ImageObject\",\"inLanguage\":\"it-IT\",\"@id\":\"https:\\\/\\\/iha-race.com\\\/it\\\/#\\\/schema\\\/logo\\\/image\\\/\",\"url\":\"https:\\\/\\\/iha-race.com\\\/wp-content\\\/uploads\\\/2018\\\/07\\\/iha-race-drones-de-carreras-tienda-comprar-drones.png\",\"contentUrl\":\"https:\\\/\\\/iha-race.com\\\/wp-content\\\/uploads\\\/2018\\\/07\\\/iha-race-drones-de-carreras-tienda-comprar-drones.png\",\"width\":300,\"height\":100,\"caption\":\"Iha Race\"},\"image\":{\"@id\":\"https:\\\/\\\/iha-race.com\\\/it\\\/#\\\/schema\\\/logo\\\/image\\\/\"}}]}<\/script>\n<!-- \/ Yoast SEO plugin. -->","yoast_head_json":{"title":"Eliche Ethix P3.5 RAD Berry Prop (2CW+2CCW) - Iha Race","robots":{"index":"index","follow":"follow","max-snippet":"max-snippet:-1","max-image-preview":"max-image-preview:large","max-video-preview":"max-video-preview:-1"},"canonical":"https:\/\/iha-race.com\/it\/prodotto\/eliche-ethix-p3-5-rad-berry-prop-2cw2ccw\/","og_locale":"it_IT","og_type":"article","og_title":"Eliche Ethix P3.5 RAD Berry Prop (2CW+2CCW) - Iha Race","og_description":"Eliche Ethix P3.5 RAD Berry Prop (2CW+2CCW) Diametro dell&#8217;elica: 5,1 pollici Passo: 3,5 Lame: 3 Materiale: policarbonato Peso: 3,5 g Diametro del mozzo: 12,5 mm Spessore del mozzo: 6 mm","og_url":"https:\/\/iha-race.com\/it\/prodotto\/eliche-ethix-p3-5-rad-berry-prop-2cw2ccw\/","og_site_name":"Iha Race","article_modified_time":"2024-08-29T10:03:17+00:00","og_image":[{"width":640,"height":640,"url":"https:\/\/iha-race.com\/wp-content\/uploads\/2022\/07\/Helices-Ethix-P3.5-RAD-Berry-Prop-2CW2CCW.jpeg","type":"image\/jpeg"}],"twitter_card":"summary_large_image","schema":{"@context":"https:\/\/schema.org","@graph":[{"@type":"WebPage","@id":"https:\/\/iha-race.com\/it\/prodotto\/eliche-ethix-p3-5-rad-berry-prop-2cw2ccw\/","url":"https:\/\/iha-race.com\/it\/prodotto\/eliche-ethix-p3-5-rad-berry-prop-2cw2ccw\/","name":"Eliche Ethix P3.5 RAD Berry Prop (2CW+2CCW) - Iha Race","isPartOf":{"@id":"https:\/\/iha-race.com\/it\/#website"},"primaryImageOfPage":{"@id":"https:\/\/iha-race.com\/it\/prodotto\/eliche-ethix-p3-5-rad-berry-prop-2cw2ccw\/#primaryimage"},"image":{"@id":"https:\/\/iha-race.com\/it\/prodotto\/eliche-ethix-p3-5-rad-berry-prop-2cw2ccw\/#primaryimage"},"thumbnailUrl":"https:\/\/iha-race.com\/wp-content\/uploads\/2022\/07\/Helices-Ethix-P3.5-RAD-Berry-Prop-2CW2CCW.jpeg","datePublished":"2022-07-22T15:07:53+00:00","dateModified":"2024-08-29T10:03:17+00:00","breadcrumb":{"@id":"https:\/\/iha-race.com\/it\/prodotto\/eliche-ethix-p3-5-rad-berry-prop-2cw2ccw\/#breadcrumb"},"inLanguage":"it-IT","potentialAction":[{"@type":"ReadAction","target":["https:\/\/iha-race.com\/it\/prodotto\/eliche-ethix-p3-5-rad-berry-prop-2cw2ccw\/"]}]},{"@type":"ImageObject","inLanguage":"it-IT","@id":"https:\/\/iha-race.com\/it\/prodotto\/eliche-ethix-p3-5-rad-berry-prop-2cw2ccw\/#primaryimage","url":"https:\/\/iha-race.com\/wp-content\/uploads\/2022\/07\/Helices-Ethix-P3.5-RAD-Berry-Prop-2CW2CCW.jpeg","contentUrl":"https:\/\/iha-race.com\/wp-content\/uploads\/2022\/07\/Helices-Ethix-P3.5-RAD-Berry-Prop-2CW2CCW.jpeg","width":640,"height":640},{"@type":"BreadcrumbList","@id":"https:\/\/iha-race.com\/it\/prodotto\/eliche-ethix-p3-5-rad-berry-prop-2cw2ccw\/#breadcrumb","itemListElement":[{"@type":"ListItem","position":1,"name":"Portada","item":"https:\/\/iha-race.com\/it\/"},{"@type":"ListItem","position":2,"name":"Negozio","item":"https:\/\/iha-race.com\/it\/negozio\/"},{"@type":"ListItem","position":3,"name":"Eliche Ethix P3.5 RAD Berry Prop (2CW+2CCW)"}]},{"@type":"WebSite","@id":"https:\/\/iha-race.com\/it\/#website","url":"https:\/\/iha-race.com\/it\/","name":"Iha Race","description":"Comprar drones de carreras FPV env\u00edos en un d\u00eda desde Espa\u00f1a","publisher":{"@id":"https:\/\/iha-race.com\/it\/#organization"},"potentialAction":[{"@type":"SearchAction","target":{"@type":"EntryPoint","urlTemplate":"https:\/\/iha-race.com\/it\/?s={search_term_string}"},"query-input":{"@type":"PropertyValueSpecification","valueRequired":true,"valueName":"search_term_string"}}],"inLanguage":"it-IT"},{"@type":"Organization","@id":"https:\/\/iha-race.com\/it\/#organization","name":"Iha Race","url":"https:\/\/iha-race.com\/it\/","logo":{"@type":"ImageObject","inLanguage":"it-IT","@id":"https:\/\/iha-race.com\/it\/#\/schema\/logo\/image\/","url":"https:\/\/iha-race.com\/wp-content\/uploads\/2018\/07\/iha-race-drones-de-carreras-tienda-comprar-drones.png","contentUrl":"https:\/\/iha-race.com\/wp-content\/uploads\/2018\/07\/iha-race-drones-de-carreras-tienda-comprar-drones.png","width":300,"height":100,"caption":"Iha Race"},"image":{"@id":"https:\/\/iha-race.com\/it\/#\/schema\/logo\/image\/"}}]}},"brands":[],"_links":{"self":[{"href":"https:\/\/iha-race.com\/it\/wp-json\/wp\/v2\/product\/114806","targetHints":{"allow":["GET"]}}],"collection":[{"href":"https:\/\/iha-race.com\/it\/wp-json\/wp\/v2\/product"}],"about":[{"href":"https:\/\/iha-race.com\/it\/wp-json\/wp\/v2\/types\/product"}],"replies":[{"embeddable":true,"href":"https:\/\/iha-race.com\/it\/wp-json\/wp\/v2\/comments?post=114806"}],"version-history":[{"count":2,"href":"https:\/\/iha-race.com\/it\/wp-json\/wp\/v2\/product\/114806\/revisions"}],"predecessor-version":[{"id":249096,"href":"https:\/\/iha-race.com\/it\/wp-json\/wp\/v2\/product\/114806\/revisions\/249096"}],"wp:featuredmedia":[{"embeddable":true,"href":"https:\/\/iha-race.com\/it\/wp-json\/wp\/v2\/media\/110379"}],"wp:attachment":[{"href":"https:\/\/iha-race.com\/it\/wp-json\/wp\/v2\/media?parent=114806"}],"wp:term":[{"taxonomy":"pwb-brand","embeddable":true,"href":"https:\/\/iha-race.com\/it\/wp-json\/wp\/v2\/pwb-brand?post=114806"},{"taxonomy":"product_cat","embeddable":true,"href":"https:\/\/iha-race.com\/it\/wp-json\/wp\/v2\/product_cat?post=114806"},{"taxonomy":"product_tag","embeddable":true,"href":"https:\/\/iha-race.com\/it\/wp-json\/wp\/v2\/product_tag?post=114806"}],"curies":[{"name":"wp","href":"https:\/\/api.w.org\/{rel}","templated":true}]}}