{"id":114751,"date":"2022-07-08T17:56:34","date_gmt":"2022-07-08T15:56:34","guid":{"rendered":"https:\/\/iha-race.com\/producto\/motore-iflight-xing-e-pro-2207-2-6s-1800kv-2450kv\/"},"modified":"2025-07-07T09:50:42","modified_gmt":"2025-07-07T07:50:42","slug":"motor-iflight-xing-e-pro-2207-2-6s-1800kv-2450kv","status":"publish","type":"product","link":"https:\/\/iha-race.com\/it\/prodotto\/motor-iflight-xing-e-pro-2207-2-6s-1800kv-2450kv\/","title":{"rendered":"Motore iFlight XING-E Pro 2207 2-6S (1800kv\/2450kv)"},"content":{"rendered":"<h2>Motore iFlight XING-E Pro 2207 2-6S (1800kv\/2450kv)<\/h2>\n<p>  La serie XING-E \u00e8 un motore FPV molto forte e potente per le gare FPV, un&#8217;opzione di grande valore con le note prestazioni XING. Puntando sulla qualit\u00e0, i motori economici della serie XING-E sono robusti e durevoli. Questo motore 2207 \u00e8 dotato di un albero cavo in acciaio ad alta resistenza da 4 mm, avvolgimenti a filo singolo per aumentare le prestazioni, vite dell&#8217;albero M3 e cuscinetti NSK pi\u00f9 grandi da 9x4x4mm.  <\/p>\n<h3>Caratteristiche<\/h3>\n<ul>\n<li>Albero in acciaio ad alta resistenza da 5 mm<\/li>\n<li>N52H Magneti per alte temperature, cuscinetti NSK<\/li>\n<li>Schema di foratura 16&#215;16 mm<\/li>\n<li>Avvolgimento in rame a filo singolo<\/li>\n<li>Bullone esagonale di fissaggio dell&#8217;albero<\/li>\n<\/ul>\n<h3>Specifiche tecniche<\/h3>\n<ul>\n<li>Configurazione: 12N14P<\/li>\n<li>Diametro dello statore: 22 mm<\/li>\n<li>Magneti: N52SH curvo<\/li>\n<li>Dimensione del cuscinetto: 9x4x4<\/li>\n<li>Diametro dell&#8217;albero: 5 mm \/ Acciaio<\/li>\n<li>Schema di montaggio della base: filettatura M3 16&#215;16 mm<\/li>\n<li>Dimensioni del motore: 28,5&#215;19,7 mm<\/li>\n<li>Peso: 33,8 g (cavi da 150 mm)<\/li>\n<li>Corrente di riposo a 12,6 V (Io): 1,2 A<\/li>\n<li>Celle (LiPo): 2-6S<\/li>\n<li>Potenza massima (W) 60s: 845W<\/li>\n<li>Resistenza interna (Rm): 81,5m\u03a9<\/li>\n<li>Lunghezza del cavo motore: 150 mm \/ 20 AWG<\/li>\n<\/ul>\n<p><img fetchpriority=\"high\" decoding=\"async\" class=\"alignnone wp-image-77668 size-full\" src=\"https:\/\/iha-race.com\/wp-content\/uploads\/2022\/07\/Motor-iFlight-XING-E-Pro-2207-2-6S-1800kv.jpg\" alt=\"\" width=\"1000\" height=\"1000\" srcset=\"https:\/\/iha-race.com\/wp-content\/uploads\/2022\/07\/Motor-iFlight-XING-E-Pro-2207-2-6S-1800kv.jpg 1000w, https:\/\/iha-race.com\/wp-content\/uploads\/2022\/07\/Motor-iFlight-XING-E-Pro-2207-2-6S-1800kv-300x300.jpg 300w, https:\/\/iha-race.com\/wp-content\/uploads\/2022\/07\/Motor-iFlight-XING-E-Pro-2207-2-6S-1800kv-1024x1024.jpg 1024w, https:\/\/iha-race.com\/wp-content\/uploads\/2022\/07\/Motor-iFlight-XING-E-Pro-2207-2-6S-1800kv-150x150.jpg 150w, https:\/\/iha-race.com\/wp-content\/uploads\/2022\/07\/Motor-iFlight-XING-E-Pro-2207-2-6S-1800kv-768x768.jpg 768w, https:\/\/iha-race.com\/wp-content\/uploads\/2022\/07\/Motor-iFlight-XING-E-Pro-2207-2-6S-1800kv-1536x1536.jpg 1536w, https:\/\/iha-race.com\/wp-content\/uploads\/2022\/07\/Motor-iFlight-XING-E-Pro-2207-2-6S-1800kv-2048x2048.jpg 2048w, https:\/\/iha-race.com\/wp-content\/uploads\/2022\/07\/Motor-iFlight-XING-E-Pro-2207-2-6S-1800kv-100x100.jpg 100w, https:\/\/iha-race.com\/wp-content\/uploads\/2022\/07\/Motor-iFlight-XING-E-Pro-2207-2-6S-1800kv-350x350.jpg 350w, https:\/\/iha-race.com\/wp-content\/uploads\/2022\/07\/Motor-iFlight-XING-E-Pro-2207-2-6S-1800kv-788x788.jpg 788w, https:\/\/iha-race.com\/wp-content\/uploads\/2022\/07\/Motor-iFlight-XING-E-Pro-2207-2-6S-1800kv-600x600.jpg 600w, https:\/\/iha-race.com\/wp-content\/uploads\/2022\/07\/Motor-iFlight-XING-E-Pro-2207-2-6S-1800kv-50x50.jpg 50w, https:\/\/iha-race.com\/wp-content\/uploads\/2022\/07\/Motor-iFlight-XING-E-Pro-2207-2-6S-1800kv-135x135.jpg 135w\" sizes=\"(max-width: 1000px) 100vw, 1000px\" \/> <img decoding=\"async\" class=\"alignnone wp-image-77669 size-full\" src=\"https:\/\/iha-race.com\/wp-content\/uploads\/2022\/07\/Motor-iFlight-XING-E-Pro-2207-2-6S-2450kv.jpg\" alt=\"\" width=\"1000\" height=\"1000\" srcset=\"https:\/\/iha-race.com\/wp-content\/uploads\/2022\/07\/Motor-iFlight-XING-E-Pro-2207-2-6S-2450kv.jpg 1000w, https:\/\/iha-race.com\/wp-content\/uploads\/2022\/07\/Motor-iFlight-XING-E-Pro-2207-2-6S-2450kv-300x300.jpg 300w, https:\/\/iha-race.com\/wp-content\/uploads\/2022\/07\/Motor-iFlight-XING-E-Pro-2207-2-6S-2450kv-1024x1024.jpg 1024w, https:\/\/iha-race.com\/wp-content\/uploads\/2022\/07\/Motor-iFlight-XING-E-Pro-2207-2-6S-2450kv-150x150.jpg 150w, https:\/\/iha-race.com\/wp-content\/uploads\/2022\/07\/Motor-iFlight-XING-E-Pro-2207-2-6S-2450kv-768x768.jpg 768w, https:\/\/iha-race.com\/wp-content\/uploads\/2022\/07\/Motor-iFlight-XING-E-Pro-2207-2-6S-2450kv-1536x1536.jpg 1536w, https:\/\/iha-race.com\/wp-content\/uploads\/2022\/07\/Motor-iFlight-XING-E-Pro-2207-2-6S-2450kv-2048x2048.jpg 2048w, https:\/\/iha-race.com\/wp-content\/uploads\/2022\/07\/Motor-iFlight-XING-E-Pro-2207-2-6S-2450kv-100x100.jpg 100w, https:\/\/iha-race.com\/wp-content\/uploads\/2022\/07\/Motor-iFlight-XING-E-Pro-2207-2-6S-2450kv-350x350.jpg 350w, https:\/\/iha-race.com\/wp-content\/uploads\/2022\/07\/Motor-iFlight-XING-E-Pro-2207-2-6S-2450kv-788x788.jpg 788w, https:\/\/iha-race.com\/wp-content\/uploads\/2022\/07\/Motor-iFlight-XING-E-Pro-2207-2-6S-2450kv-600x600.jpg 600w, https:\/\/iha-race.com\/wp-content\/uploads\/2022\/07\/Motor-iFlight-XING-E-Pro-2207-2-6S-2450kv-50x50.jpg 50w, https:\/\/iha-race.com\/wp-content\/uploads\/2022\/07\/Motor-iFlight-XING-E-Pro-2207-2-6S-2450kv-135x135.jpg 135w\" sizes=\"(max-width: 1000px) 100vw, 1000px\" \/><\/p>\n<h3><\/h3>\n<h3>-Il pacchetto comprende<\/h3>\n<ul>\n<li>1 motore iFlight XING-E Pro 2207 2-6S a scelta tra 1800kv o 2450kv<\/li>\n<\/ul>\n<div><\/div>\n","protected":false},"excerpt":{"rendered":"<p>Motore iFlight XING-E Pro 2207 2-6S (1800kv\/2450kv) La serie XING-E \u00e8 un motore FPV molto forte e potente per le gare FPV, un&#8217;opzione di grande valore con le note prestazioni<\/p>\n","protected":false},"featured_media":109946,"comment_status":"open","ping_status":"closed","template":"","meta":{"_joinchat":[]},"pwb-brand":[],"product_cat":[1242,2478],"product_tag":[],"class_list":{"0":"post-114751","1":"product","2":"type-product","3":"status-publish","4":"has-post-thumbnail","6":"product_cat-motori-fpv","7":"product_cat-senza-spazzole-con-albero","9":"first","10":"instock","11":"taxable","12":"shipping-taxable","13":"purchasable","14":"product-type-variable"},"barcode":null,"atum_controlled":true,"out_stock_date":null,"out_stock_threshold":null,"inheritable":true,"stock_on_hold":0,"sold_today":0,"sales_last_days":1,"out_stock_days":0,"lost_sales":0,"update_date":"2026-04-06T09:19:35","atum_locations":[],"atum_stock_status":"instock","restock_status":false,"low_stock_amount":"","sales_update_date":"2026-03-21T11:41:44","calc_backorders":null,"yoast_head":"<!-- This site is optimized with the Yoast SEO plugin v27.3 - https:\/\/yoast.com\/product\/yoast-seo-wordpress\/ -->\n<title>Motore iFlight XING-E Pro 2207 2-6S (1800kv\/2450kv) - Iha Race<\/title>\n<meta name=\"robots\" content=\"index, follow, max-snippet:-1, max-image-preview:large, max-video-preview:-1\" \/>\n<link rel=\"canonical\" href=\"https:\/\/iha-race.com\/it\/prodotto\/motor-iflight-xing-e-pro-2207-2-6s-1800kv-2450kv\/\" \/>\n<meta property=\"og:locale\" content=\"it_IT\" \/>\n<meta property=\"og:type\" content=\"article\" \/>\n<meta property=\"og:title\" content=\"Motore iFlight XING-E Pro 2207 2-6S (1800kv\/2450kv) - Iha Race\" \/>\n<meta property=\"og:description\" content=\"Motore iFlight XING-E Pro 2207 2-6S (1800kv\/2450kv) La serie XING-E \u00e8 un motore FPV molto forte e potente per le gare FPV, un&#8217;opzione di grande valore con le note prestazioni\" \/>\n<meta property=\"og:url\" content=\"https:\/\/iha-race.com\/it\/prodotto\/motor-iflight-xing-e-pro-2207-2-6s-1800kv-2450kv\/\" \/>\n<meta property=\"og:site_name\" content=\"Iha Race\" \/>\n<meta property=\"article:modified_time\" content=\"2025-07-07T07:50:42+00:00\" \/>\n<meta property=\"og:image\" content=\"https:\/\/iha-race.com\/wp-content\/uploads\/2022\/07\/Motor-iFlight-XING-E-Pro-2207-2-6S-1800kv-2450kv.jpg\" \/>\n\t<meta property=\"og:image:width\" content=\"1000\" \/>\n\t<meta property=\"og:image:height\" content=\"1000\" \/>\n\t<meta property=\"og:image:type\" content=\"image\/jpeg\" \/>\n<meta name=\"twitter:card\" content=\"summary_large_image\" \/>\n<meta name=\"twitter:label1\" content=\"Tempo di lettura stimato\" \/>\n\t<meta name=\"twitter:data1\" content=\"1 minuto\" \/>\n<script type=\"application\/ld+json\" class=\"yoast-schema-graph\">{\"@context\":\"https:\\\/\\\/schema.org\",\"@graph\":[{\"@type\":\"WebPage\",\"@id\":\"https:\\\/\\\/iha-race.com\\\/it\\\/prodotto\\\/motor-iflight-xing-e-pro-2207-2-6s-1800kv-2450kv\\\/\",\"url\":\"https:\\\/\\\/iha-race.com\\\/it\\\/prodotto\\\/motor-iflight-xing-e-pro-2207-2-6s-1800kv-2450kv\\\/\",\"name\":\"Motore iFlight XING-E Pro 2207 2-6S (1800kv\\\/2450kv) - Iha Race\",\"isPartOf\":{\"@id\":\"https:\\\/\\\/iha-race.com\\\/it\\\/#website\"},\"primaryImageOfPage\":{\"@id\":\"https:\\\/\\\/iha-race.com\\\/it\\\/prodotto\\\/motor-iflight-xing-e-pro-2207-2-6s-1800kv-2450kv\\\/#primaryimage\"},\"image\":{\"@id\":\"https:\\\/\\\/iha-race.com\\\/it\\\/prodotto\\\/motor-iflight-xing-e-pro-2207-2-6s-1800kv-2450kv\\\/#primaryimage\"},\"thumbnailUrl\":\"https:\\\/\\\/iha-race.com\\\/wp-content\\\/uploads\\\/2022\\\/07\\\/Motor-iFlight-XING-E-Pro-2207-2-6S-1800kv-2450kv.jpg\",\"datePublished\":\"2022-07-08T15:56:34+00:00\",\"dateModified\":\"2025-07-07T07:50:42+00:00\",\"breadcrumb\":{\"@id\":\"https:\\\/\\\/iha-race.com\\\/it\\\/prodotto\\\/motor-iflight-xing-e-pro-2207-2-6s-1800kv-2450kv\\\/#breadcrumb\"},\"inLanguage\":\"it-IT\",\"potentialAction\":[{\"@type\":\"ReadAction\",\"target\":[\"https:\\\/\\\/iha-race.com\\\/it\\\/prodotto\\\/motor-iflight-xing-e-pro-2207-2-6s-1800kv-2450kv\\\/\"]}]},{\"@type\":\"ImageObject\",\"inLanguage\":\"it-IT\",\"@id\":\"https:\\\/\\\/iha-race.com\\\/it\\\/prodotto\\\/motor-iflight-xing-e-pro-2207-2-6s-1800kv-2450kv\\\/#primaryimage\",\"url\":\"https:\\\/\\\/iha-race.com\\\/wp-content\\\/uploads\\\/2022\\\/07\\\/Motor-iFlight-XING-E-Pro-2207-2-6S-1800kv-2450kv.jpg\",\"contentUrl\":\"https:\\\/\\\/iha-race.com\\\/wp-content\\\/uploads\\\/2022\\\/07\\\/Motor-iFlight-XING-E-Pro-2207-2-6S-1800kv-2450kv.jpg\",\"width\":1000,\"height\":1000,\"caption\":\"acquistare il pi\u00f9 economico Motore iFlight XING-E Pro 2207 2-6S (1800kv 2450kv)\"},{\"@type\":\"BreadcrumbList\",\"@id\":\"https:\\\/\\\/iha-race.com\\\/it\\\/prodotto\\\/motor-iflight-xing-e-pro-2207-2-6s-1800kv-2450kv\\\/#breadcrumb\",\"itemListElement\":[{\"@type\":\"ListItem\",\"position\":1,\"name\":\"Portada\",\"item\":\"https:\\\/\\\/iha-race.com\\\/it\\\/\"},{\"@type\":\"ListItem\",\"position\":2,\"name\":\"Negozio\",\"item\":\"https:\\\/\\\/iha-race.com\\\/it\\\/negozio\\\/\"},{\"@type\":\"ListItem\",\"position\":3,\"name\":\"Motore iFlight XING-E Pro 2207 2-6S (1800kv\\\/2450kv)\"}]},{\"@type\":\"WebSite\",\"@id\":\"https:\\\/\\\/iha-race.com\\\/it\\\/#website\",\"url\":\"https:\\\/\\\/iha-race.com\\\/it\\\/\",\"name\":\"Iha Race\",\"description\":\"Comprar drones de carreras FPV env\u00edos en un d\u00eda desde Espa\u00f1a\",\"publisher\":{\"@id\":\"https:\\\/\\\/iha-race.com\\\/it\\\/#organization\"},\"potentialAction\":[{\"@type\":\"SearchAction\",\"target\":{\"@type\":\"EntryPoint\",\"urlTemplate\":\"https:\\\/\\\/iha-race.com\\\/it\\\/?s={search_term_string}\"},\"query-input\":{\"@type\":\"PropertyValueSpecification\",\"valueRequired\":true,\"valueName\":\"search_term_string\"}}],\"inLanguage\":\"it-IT\"},{\"@type\":\"Organization\",\"@id\":\"https:\\\/\\\/iha-race.com\\\/it\\\/#organization\",\"name\":\"Iha Race\",\"url\":\"https:\\\/\\\/iha-race.com\\\/it\\\/\",\"logo\":{\"@type\":\"ImageObject\",\"inLanguage\":\"it-IT\",\"@id\":\"https:\\\/\\\/iha-race.com\\\/it\\\/#\\\/schema\\\/logo\\\/image\\\/\",\"url\":\"https:\\\/\\\/iha-race.com\\\/wp-content\\\/uploads\\\/2018\\\/07\\\/iha-race-drones-de-carreras-tienda-comprar-drones.png\",\"contentUrl\":\"https:\\\/\\\/iha-race.com\\\/wp-content\\\/uploads\\\/2018\\\/07\\\/iha-race-drones-de-carreras-tienda-comprar-drones.png\",\"width\":300,\"height\":100,\"caption\":\"Iha Race\"},\"image\":{\"@id\":\"https:\\\/\\\/iha-race.com\\\/it\\\/#\\\/schema\\\/logo\\\/image\\\/\"}}]}<\/script>\n<!-- \/ Yoast SEO plugin. -->","yoast_head_json":{"title":"Motore iFlight XING-E Pro 2207 2-6S (1800kv\/2450kv) - Iha Race","robots":{"index":"index","follow":"follow","max-snippet":"max-snippet:-1","max-image-preview":"max-image-preview:large","max-video-preview":"max-video-preview:-1"},"canonical":"https:\/\/iha-race.com\/it\/prodotto\/motor-iflight-xing-e-pro-2207-2-6s-1800kv-2450kv\/","og_locale":"it_IT","og_type":"article","og_title":"Motore iFlight XING-E Pro 2207 2-6S (1800kv\/2450kv) - Iha Race","og_description":"Motore iFlight XING-E Pro 2207 2-6S (1800kv\/2450kv) La serie XING-E \u00e8 un motore FPV molto forte e potente per le gare FPV, un&#8217;opzione di grande valore con le note prestazioni","og_url":"https:\/\/iha-race.com\/it\/prodotto\/motor-iflight-xing-e-pro-2207-2-6s-1800kv-2450kv\/","og_site_name":"Iha Race","article_modified_time":"2025-07-07T07:50:42+00:00","og_image":[{"width":1000,"height":1000,"url":"https:\/\/iha-race.com\/wp-content\/uploads\/2022\/07\/Motor-iFlight-XING-E-Pro-2207-2-6S-1800kv-2450kv.jpg","type":"image\/jpeg"}],"twitter_card":"summary_large_image","twitter_misc":{"Tempo di lettura stimato":"1 minuto"},"schema":{"@context":"https:\/\/schema.org","@graph":[{"@type":"WebPage","@id":"https:\/\/iha-race.com\/it\/prodotto\/motor-iflight-xing-e-pro-2207-2-6s-1800kv-2450kv\/","url":"https:\/\/iha-race.com\/it\/prodotto\/motor-iflight-xing-e-pro-2207-2-6s-1800kv-2450kv\/","name":"Motore iFlight XING-E Pro 2207 2-6S (1800kv\/2450kv) - Iha Race","isPartOf":{"@id":"https:\/\/iha-race.com\/it\/#website"},"primaryImageOfPage":{"@id":"https:\/\/iha-race.com\/it\/prodotto\/motor-iflight-xing-e-pro-2207-2-6s-1800kv-2450kv\/#primaryimage"},"image":{"@id":"https:\/\/iha-race.com\/it\/prodotto\/motor-iflight-xing-e-pro-2207-2-6s-1800kv-2450kv\/#primaryimage"},"thumbnailUrl":"https:\/\/iha-race.com\/wp-content\/uploads\/2022\/07\/Motor-iFlight-XING-E-Pro-2207-2-6S-1800kv-2450kv.jpg","datePublished":"2022-07-08T15:56:34+00:00","dateModified":"2025-07-07T07:50:42+00:00","breadcrumb":{"@id":"https:\/\/iha-race.com\/it\/prodotto\/motor-iflight-xing-e-pro-2207-2-6s-1800kv-2450kv\/#breadcrumb"},"inLanguage":"it-IT","potentialAction":[{"@type":"ReadAction","target":["https:\/\/iha-race.com\/it\/prodotto\/motor-iflight-xing-e-pro-2207-2-6s-1800kv-2450kv\/"]}]},{"@type":"ImageObject","inLanguage":"it-IT","@id":"https:\/\/iha-race.com\/it\/prodotto\/motor-iflight-xing-e-pro-2207-2-6s-1800kv-2450kv\/#primaryimage","url":"https:\/\/iha-race.com\/wp-content\/uploads\/2022\/07\/Motor-iFlight-XING-E-Pro-2207-2-6S-1800kv-2450kv.jpg","contentUrl":"https:\/\/iha-race.com\/wp-content\/uploads\/2022\/07\/Motor-iFlight-XING-E-Pro-2207-2-6S-1800kv-2450kv.jpg","width":1000,"height":1000,"caption":"acquistare il pi\u00f9 economico Motore iFlight XING-E Pro 2207 2-6S (1800kv 2450kv)"},{"@type":"BreadcrumbList","@id":"https:\/\/iha-race.com\/it\/prodotto\/motor-iflight-xing-e-pro-2207-2-6s-1800kv-2450kv\/#breadcrumb","itemListElement":[{"@type":"ListItem","position":1,"name":"Portada","item":"https:\/\/iha-race.com\/it\/"},{"@type":"ListItem","position":2,"name":"Negozio","item":"https:\/\/iha-race.com\/it\/negozio\/"},{"@type":"ListItem","position":3,"name":"Motore iFlight XING-E Pro 2207 2-6S (1800kv\/2450kv)"}]},{"@type":"WebSite","@id":"https:\/\/iha-race.com\/it\/#website","url":"https:\/\/iha-race.com\/it\/","name":"Iha Race","description":"Comprar drones de carreras FPV env\u00edos en un d\u00eda desde Espa\u00f1a","publisher":{"@id":"https:\/\/iha-race.com\/it\/#organization"},"potentialAction":[{"@type":"SearchAction","target":{"@type":"EntryPoint","urlTemplate":"https:\/\/iha-race.com\/it\/?s={search_term_string}"},"query-input":{"@type":"PropertyValueSpecification","valueRequired":true,"valueName":"search_term_string"}}],"inLanguage":"it-IT"},{"@type":"Organization","@id":"https:\/\/iha-race.com\/it\/#organization","name":"Iha Race","url":"https:\/\/iha-race.com\/it\/","logo":{"@type":"ImageObject","inLanguage":"it-IT","@id":"https:\/\/iha-race.com\/it\/#\/schema\/logo\/image\/","url":"https:\/\/iha-race.com\/wp-content\/uploads\/2018\/07\/iha-race-drones-de-carreras-tienda-comprar-drones.png","contentUrl":"https:\/\/iha-race.com\/wp-content\/uploads\/2018\/07\/iha-race-drones-de-carreras-tienda-comprar-drones.png","width":300,"height":100,"caption":"Iha Race"},"image":{"@id":"https:\/\/iha-race.com\/it\/#\/schema\/logo\/image\/"}}]}},"brands":[],"_links":{"self":[{"href":"https:\/\/iha-race.com\/it\/wp-json\/wp\/v2\/product\/114751","targetHints":{"allow":["GET"]}}],"collection":[{"href":"https:\/\/iha-race.com\/it\/wp-json\/wp\/v2\/product"}],"about":[{"href":"https:\/\/iha-race.com\/it\/wp-json\/wp\/v2\/types\/product"}],"replies":[{"embeddable":true,"href":"https:\/\/iha-race.com\/it\/wp-json\/wp\/v2\/comments?post=114751"}],"version-history":[{"count":3,"href":"https:\/\/iha-race.com\/it\/wp-json\/wp\/v2\/product\/114751\/revisions"}],"predecessor-version":[{"id":249071,"href":"https:\/\/iha-race.com\/it\/wp-json\/wp\/v2\/product\/114751\/revisions\/249071"}],"wp:featuredmedia":[{"embeddable":true,"href":"https:\/\/iha-race.com\/it\/wp-json\/wp\/v2\/media\/109946"}],"wp:attachment":[{"href":"https:\/\/iha-race.com\/it\/wp-json\/wp\/v2\/media?parent=114751"}],"wp:term":[{"taxonomy":"pwb-brand","embeddable":true,"href":"https:\/\/iha-race.com\/it\/wp-json\/wp\/v2\/pwb-brand?post=114751"},{"taxonomy":"product_cat","embeddable":true,"href":"https:\/\/iha-race.com\/it\/wp-json\/wp\/v2\/product_cat?post=114751"},{"taxonomy":"product_tag","embeddable":true,"href":"https:\/\/iha-race.com\/it\/wp-json\/wp\/v2\/product_tag?post=114751"}],"curies":[{"name":"wp","href":"https:\/\/api.w.org\/{rel}","templated":true}]}}