{"id":114744,"date":"2022-05-26T17:54:41","date_gmt":"2022-05-26T15:54:41","guid":{"rendered":"https:\/\/iha-race.com\/producto\/berretto-invernale-xhelix-fpv-style\/"},"modified":"2024-08-29T12:03:54","modified_gmt":"2024-08-29T10:03:54","slug":"cappello-invernale-xhelix-fpv-style","status":"publish","type":"product","link":"https:\/\/iha-race.com\/it\/prodotto\/cappello-invernale-xhelix-fpv-style\/","title":{"rendered":"Berretto invernale Xhelix Fpv Style"},"content":{"rendered":"<h2>Berretto invernale Xhelix Fpv Style<\/h2>\n<ul>\n<li>Berretto invernale con logo Xhelix ricamato in 3D.<\/li>\n<li>Ricamo 3D di alta qualit\u00e0.<\/li>\n<li>Cappello grigio con logo nero o cappellino nero con logo bianco.<\/li>\n<li>Ideale da usare con la <strong><u>Bandana Fpv<\/u><\/strong>.<\/li>\n<li>Materiale adattabile a tutte le teste.<\/li>\n<li>Protegge dal freddo e dal vento.<\/li>\n<\/ul>\n<h3>Il pacchetto comprende:<\/h3>\n<ul>\n<li>1 x Cappello invernale stile Xhelix Fpv (grigio o nero a scelta)<\/li>\n<\/ul>\n<p>&nbsp;<\/p>\n","protected":false},"excerpt":{"rendered":"<p>Berretto invernale Xhelix Fpv Style Berretto invernale con logo Xhelix ricamato in 3D. Ricamo 3D di alta qualit\u00e0. Cappello grigio con logo nero o cappellino nero con logo bianco. Ideale<\/p>\n","protected":false},"featured_media":109189,"comment_status":"open","ping_status":"closed","template":"","meta":{"_joinchat":[]},"pwb-brand":[],"product_cat":[1885],"product_tag":[],"class_list":{"0":"post-114744","1":"product","2":"type-product","3":"status-publish","4":"has-post-thumbnail","6":"product_cat-stile-fpv","8":"first","9":"instock","10":"taxable","11":"shipping-taxable","12":"purchasable","13":"product-type-variable"},"barcode":null,"atum_controlled":true,"out_stock_date":null,"out_stock_threshold":null,"inheritable":true,"stock_on_hold":0,"sold_today":0,"sales_last_days":0,"out_stock_days":0,"lost_sales":0,"update_date":"2025-04-02T08:56:03","atum_locations":[],"atum_stock_status":"instock","restock_status":false,"low_stock_amount":"","sales_update_date":"2024-08-22T08:48:47","calc_backorders":null,"yoast_head":"<!-- This site is optimized with the Yoast SEO plugin v27.3 - https:\/\/yoast.com\/product\/yoast-seo-wordpress\/ -->\n<title>Berretto invernale Xhelix Fpv Style - Iha Race<\/title>\n<meta name=\"robots\" content=\"index, follow, max-snippet:-1, max-image-preview:large, max-video-preview:-1\" \/>\n<link rel=\"canonical\" href=\"https:\/\/iha-race.com\/it\/prodotto\/cappello-invernale-xhelix-fpv-style\/\" \/>\n<meta property=\"og:locale\" content=\"it_IT\" \/>\n<meta property=\"og:type\" content=\"article\" \/>\n<meta property=\"og:title\" content=\"Berretto invernale Xhelix Fpv Style - Iha Race\" \/>\n<meta property=\"og:description\" content=\"Berretto invernale Xhelix Fpv Style Berretto invernale con logo Xhelix ricamato in 3D. Ricamo 3D di alta qualit\u00e0. Cappello grigio con logo nero o cappellino nero con logo bianco. Ideale\" \/>\n<meta property=\"og:url\" content=\"https:\/\/iha-race.com\/it\/prodotto\/cappello-invernale-xhelix-fpv-style\/\" \/>\n<meta property=\"og:site_name\" content=\"Iha Race\" \/>\n<meta property=\"article:modified_time\" content=\"2024-08-29T10:03:54+00:00\" \/>\n<meta property=\"og:image\" content=\"https:\/\/iha-race.com\/wp-content\/uploads\/2022\/05\/f25137_bec914b67035425cb999233b650959a9_mv2.webp\" \/>\n\t<meta property=\"og:image:width\" content=\"735\" \/>\n\t<meta property=\"og:image:height\" content=\"551\" \/>\n\t<meta property=\"og:image:type\" content=\"image\/webp\" \/>\n<meta name=\"twitter:card\" content=\"summary_large_image\" \/>\n<script type=\"application\/ld+json\" class=\"yoast-schema-graph\">{\"@context\":\"https:\\\/\\\/schema.org\",\"@graph\":[{\"@type\":\"WebPage\",\"@id\":\"https:\\\/\\\/iha-race.com\\\/it\\\/prodotto\\\/cappello-invernale-xhelix-fpv-style\\\/\",\"url\":\"https:\\\/\\\/iha-race.com\\\/it\\\/prodotto\\\/cappello-invernale-xhelix-fpv-style\\\/\",\"name\":\"Berretto invernale Xhelix Fpv Style - Iha Race\",\"isPartOf\":{\"@id\":\"https:\\\/\\\/iha-race.com\\\/it\\\/#website\"},\"primaryImageOfPage\":{\"@id\":\"https:\\\/\\\/iha-race.com\\\/it\\\/prodotto\\\/cappello-invernale-xhelix-fpv-style\\\/#primaryimage\"},\"image\":{\"@id\":\"https:\\\/\\\/iha-race.com\\\/it\\\/prodotto\\\/cappello-invernale-xhelix-fpv-style\\\/#primaryimage\"},\"thumbnailUrl\":\"https:\\\/\\\/iha-race.com\\\/wp-content\\\/uploads\\\/2022\\\/05\\\/f25137_bec914b67035425cb999233b650959a9_mv2.webp\",\"datePublished\":\"2022-05-26T15:54:41+00:00\",\"dateModified\":\"2024-08-29T10:03:54+00:00\",\"breadcrumb\":{\"@id\":\"https:\\\/\\\/iha-race.com\\\/it\\\/prodotto\\\/cappello-invernale-xhelix-fpv-style\\\/#breadcrumb\"},\"inLanguage\":\"it-IT\",\"potentialAction\":[{\"@type\":\"ReadAction\",\"target\":[\"https:\\\/\\\/iha-race.com\\\/it\\\/prodotto\\\/cappello-invernale-xhelix-fpv-style\\\/\"]}]},{\"@type\":\"ImageObject\",\"inLanguage\":\"it-IT\",\"@id\":\"https:\\\/\\\/iha-race.com\\\/it\\\/prodotto\\\/cappello-invernale-xhelix-fpv-style\\\/#primaryimage\",\"url\":\"https:\\\/\\\/iha-race.com\\\/wp-content\\\/uploads\\\/2022\\\/05\\\/f25137_bec914b67035425cb999233b650959a9_mv2.webp\",\"contentUrl\":\"https:\\\/\\\/iha-race.com\\\/wp-content\\\/uploads\\\/2022\\\/05\\\/f25137_bec914b67035425cb999233b650959a9_mv2.webp\",\"width\":735,\"height\":551,\"caption\":\"Acquistare il berretto invernale Xhelix Fpv Style\"},{\"@type\":\"BreadcrumbList\",\"@id\":\"https:\\\/\\\/iha-race.com\\\/it\\\/prodotto\\\/cappello-invernale-xhelix-fpv-style\\\/#breadcrumb\",\"itemListElement\":[{\"@type\":\"ListItem\",\"position\":1,\"name\":\"Portada\",\"item\":\"https:\\\/\\\/iha-race.com\\\/it\\\/\"},{\"@type\":\"ListItem\",\"position\":2,\"name\":\"Negozio\",\"item\":\"https:\\\/\\\/iha-race.com\\\/it\\\/negozio\\\/\"},{\"@type\":\"ListItem\",\"position\":3,\"name\":\"Berretto invernale Xhelix Fpv Style\"}]},{\"@type\":\"WebSite\",\"@id\":\"https:\\\/\\\/iha-race.com\\\/it\\\/#website\",\"url\":\"https:\\\/\\\/iha-race.com\\\/it\\\/\",\"name\":\"Iha Race\",\"description\":\"Comprar drones de carreras FPV env\u00edos en un d\u00eda desde Espa\u00f1a\",\"publisher\":{\"@id\":\"https:\\\/\\\/iha-race.com\\\/it\\\/#organization\"},\"potentialAction\":[{\"@type\":\"SearchAction\",\"target\":{\"@type\":\"EntryPoint\",\"urlTemplate\":\"https:\\\/\\\/iha-race.com\\\/it\\\/?s={search_term_string}\"},\"query-input\":{\"@type\":\"PropertyValueSpecification\",\"valueRequired\":true,\"valueName\":\"search_term_string\"}}],\"inLanguage\":\"it-IT\"},{\"@type\":\"Organization\",\"@id\":\"https:\\\/\\\/iha-race.com\\\/it\\\/#organization\",\"name\":\"Iha Race\",\"url\":\"https:\\\/\\\/iha-race.com\\\/it\\\/\",\"logo\":{\"@type\":\"ImageObject\",\"inLanguage\":\"it-IT\",\"@id\":\"https:\\\/\\\/iha-race.com\\\/it\\\/#\\\/schema\\\/logo\\\/image\\\/\",\"url\":\"https:\\\/\\\/iha-race.com\\\/wp-content\\\/uploads\\\/2018\\\/07\\\/iha-race-drones-de-carreras-tienda-comprar-drones.png\",\"contentUrl\":\"https:\\\/\\\/iha-race.com\\\/wp-content\\\/uploads\\\/2018\\\/07\\\/iha-race-drones-de-carreras-tienda-comprar-drones.png\",\"width\":300,\"height\":100,\"caption\":\"Iha Race\"},\"image\":{\"@id\":\"https:\\\/\\\/iha-race.com\\\/it\\\/#\\\/schema\\\/logo\\\/image\\\/\"}}]}<\/script>\n<!-- \/ Yoast SEO plugin. -->","yoast_head_json":{"title":"Berretto invernale Xhelix Fpv Style - Iha Race","robots":{"index":"index","follow":"follow","max-snippet":"max-snippet:-1","max-image-preview":"max-image-preview:large","max-video-preview":"max-video-preview:-1"},"canonical":"https:\/\/iha-race.com\/it\/prodotto\/cappello-invernale-xhelix-fpv-style\/","og_locale":"it_IT","og_type":"article","og_title":"Berretto invernale Xhelix Fpv Style - Iha Race","og_description":"Berretto invernale Xhelix Fpv Style Berretto invernale con logo Xhelix ricamato in 3D. Ricamo 3D di alta qualit\u00e0. Cappello grigio con logo nero o cappellino nero con logo bianco. Ideale","og_url":"https:\/\/iha-race.com\/it\/prodotto\/cappello-invernale-xhelix-fpv-style\/","og_site_name":"Iha Race","article_modified_time":"2024-08-29T10:03:54+00:00","og_image":[{"width":735,"height":551,"url":"https:\/\/iha-race.com\/wp-content\/uploads\/2022\/05\/f25137_bec914b67035425cb999233b650959a9_mv2.webp","type":"image\/webp"}],"twitter_card":"summary_large_image","schema":{"@context":"https:\/\/schema.org","@graph":[{"@type":"WebPage","@id":"https:\/\/iha-race.com\/it\/prodotto\/cappello-invernale-xhelix-fpv-style\/","url":"https:\/\/iha-race.com\/it\/prodotto\/cappello-invernale-xhelix-fpv-style\/","name":"Berretto invernale Xhelix Fpv Style - Iha Race","isPartOf":{"@id":"https:\/\/iha-race.com\/it\/#website"},"primaryImageOfPage":{"@id":"https:\/\/iha-race.com\/it\/prodotto\/cappello-invernale-xhelix-fpv-style\/#primaryimage"},"image":{"@id":"https:\/\/iha-race.com\/it\/prodotto\/cappello-invernale-xhelix-fpv-style\/#primaryimage"},"thumbnailUrl":"https:\/\/iha-race.com\/wp-content\/uploads\/2022\/05\/f25137_bec914b67035425cb999233b650959a9_mv2.webp","datePublished":"2022-05-26T15:54:41+00:00","dateModified":"2024-08-29T10:03:54+00:00","breadcrumb":{"@id":"https:\/\/iha-race.com\/it\/prodotto\/cappello-invernale-xhelix-fpv-style\/#breadcrumb"},"inLanguage":"it-IT","potentialAction":[{"@type":"ReadAction","target":["https:\/\/iha-race.com\/it\/prodotto\/cappello-invernale-xhelix-fpv-style\/"]}]},{"@type":"ImageObject","inLanguage":"it-IT","@id":"https:\/\/iha-race.com\/it\/prodotto\/cappello-invernale-xhelix-fpv-style\/#primaryimage","url":"https:\/\/iha-race.com\/wp-content\/uploads\/2022\/05\/f25137_bec914b67035425cb999233b650959a9_mv2.webp","contentUrl":"https:\/\/iha-race.com\/wp-content\/uploads\/2022\/05\/f25137_bec914b67035425cb999233b650959a9_mv2.webp","width":735,"height":551,"caption":"Acquistare il berretto invernale Xhelix Fpv Style"},{"@type":"BreadcrumbList","@id":"https:\/\/iha-race.com\/it\/prodotto\/cappello-invernale-xhelix-fpv-style\/#breadcrumb","itemListElement":[{"@type":"ListItem","position":1,"name":"Portada","item":"https:\/\/iha-race.com\/it\/"},{"@type":"ListItem","position":2,"name":"Negozio","item":"https:\/\/iha-race.com\/it\/negozio\/"},{"@type":"ListItem","position":3,"name":"Berretto invernale Xhelix Fpv Style"}]},{"@type":"WebSite","@id":"https:\/\/iha-race.com\/it\/#website","url":"https:\/\/iha-race.com\/it\/","name":"Iha Race","description":"Comprar drones de carreras FPV env\u00edos en un d\u00eda desde Espa\u00f1a","publisher":{"@id":"https:\/\/iha-race.com\/it\/#organization"},"potentialAction":[{"@type":"SearchAction","target":{"@type":"EntryPoint","urlTemplate":"https:\/\/iha-race.com\/it\/?s={search_term_string}"},"query-input":{"@type":"PropertyValueSpecification","valueRequired":true,"valueName":"search_term_string"}}],"inLanguage":"it-IT"},{"@type":"Organization","@id":"https:\/\/iha-race.com\/it\/#organization","name":"Iha Race","url":"https:\/\/iha-race.com\/it\/","logo":{"@type":"ImageObject","inLanguage":"it-IT","@id":"https:\/\/iha-race.com\/it\/#\/schema\/logo\/image\/","url":"https:\/\/iha-race.com\/wp-content\/uploads\/2018\/07\/iha-race-drones-de-carreras-tienda-comprar-drones.png","contentUrl":"https:\/\/iha-race.com\/wp-content\/uploads\/2018\/07\/iha-race-drones-de-carreras-tienda-comprar-drones.png","width":300,"height":100,"caption":"Iha Race"},"image":{"@id":"https:\/\/iha-race.com\/it\/#\/schema\/logo\/image\/"}}]}},"brands":[],"_links":{"self":[{"href":"https:\/\/iha-race.com\/it\/wp-json\/wp\/v2\/product\/114744","targetHints":{"allow":["GET"]}}],"collection":[{"href":"https:\/\/iha-race.com\/it\/wp-json\/wp\/v2\/product"}],"about":[{"href":"https:\/\/iha-race.com\/it\/wp-json\/wp\/v2\/types\/product"}],"replies":[{"embeddable":true,"href":"https:\/\/iha-race.com\/it\/wp-json\/wp\/v2\/comments?post=114744"}],"version-history":[{"count":2,"href":"https:\/\/iha-race.com\/it\/wp-json\/wp\/v2\/product\/114744\/revisions"}],"predecessor-version":[{"id":249105,"href":"https:\/\/iha-race.com\/it\/wp-json\/wp\/v2\/product\/114744\/revisions\/249105"}],"wp:featuredmedia":[{"embeddable":true,"href":"https:\/\/iha-race.com\/it\/wp-json\/wp\/v2\/media\/109189"}],"wp:attachment":[{"href":"https:\/\/iha-race.com\/it\/wp-json\/wp\/v2\/media?parent=114744"}],"wp:term":[{"taxonomy":"pwb-brand","embeddable":true,"href":"https:\/\/iha-race.com\/it\/wp-json\/wp\/v2\/pwb-brand?post=114744"},{"taxonomy":"product_cat","embeddable":true,"href":"https:\/\/iha-race.com\/it\/wp-json\/wp\/v2\/product_cat?post=114744"},{"taxonomy":"product_tag","embeddable":true,"href":"https:\/\/iha-race.com\/it\/wp-json\/wp\/v2\/product_tag?post=114744"}],"curies":[{"name":"wp","href":"https:\/\/api.w.org\/{rel}","templated":true}]}}