{"id":114735,"date":"2023-10-16T17:09:04","date_gmt":"2023-10-16T15:09:04","guid":{"rendered":"https:\/\/iha-race.com\/producto\/drone-nazgul5-analogue-6s-frsky-xm-bnf\/"},"modified":"2025-07-06T11:45:05","modified_gmt":"2025-07-06T09:45:05","slug":"nazgul-evoque-f6-v2-6s-hd-o3","status":"publish","type":"product","link":"https:\/\/iha-race.com\/it\/prodotto\/nazgul-evoque-f6-v2-6s-hd-o3\/","title":{"rendered":"Nazgul Evoque F6X V2 6S HD O3"},"content":{"rendered":"<div class=\"title-product\">\n<div class=\"woocommerce-product-details__short-description\">\n<div class=\"short-description\">\n<p><span style=\"color: #ff0000;\"><em><strong>SPEDIZIONE DA 7 A 10 GIORNI DOPO L&#8217;ACQUISTO<\/strong><\/em><\/span><\/p>\n<\/div>\n<\/div>\n<h1>Nazgul Evoque F6X V2 6S HD &#8211; F6D DeadCat(DC)<\/h1>\n<\/div>\n<div class=\"temp-specs-tr\">  Il nostro miglior drone prefabbricato \u00e8 appena migliorato! Un altro passo avanti nel campo delle immagini FPV da parte di DJI, grazie al miglioramento della struttura e dell&#8217;elettronica. Un nuovo standard di droni Bind-And-Fly, facile da usare per iniziare, ma con durata e prestazioni per gli appassionati. Benvenuti nell&#8217;esperienza iFlight! Un drone da 6 pollici ha un tempo di volo pi\u00f9 lungo grazie a una batteria pi\u00f9 grande e una maggiore efficienza con motori a basso KV.  <\/div>\n<div class=\"temp-specs-tr\">\n<div class=\"temp-specs-td value\">\n<h3><b>Motori XING2 fluidi e potenti<\/b><\/h3>\n<p>  L&#8217;ultimo aggiornamento dei nostri motori XING pi\u00f9 venduti: nessun compromesso! Tecnologia unibell (campana in un unico pezzo), albero robusto in lega di titanio con guarnizione della campana rinforzata, campana in alluminio 7075 resistente agli urti, cuscinetti giapponesi NSK lisci e duraturi, magneti ad arco curvo N52H con scanalatura centrale e il nostro XING O-ring di protezione della boccola.  <\/p>\n<h3><b>Il telaio Nazgul definitivo per la massima protezione<\/b><\/h3>\n<p>  Sono finiti i tempi in cui i tuoi dispositivi elettronici venivano ricoperti di sporcizia ed erba bagnata ad ogni incidente. Il nostro telaio di ultima generazione riduce la contaminazione che potrebbe accumularsi nel controller di volo o nell&#8217;ESC, evitando guasti o cortocircuiti. Flusso d&#8217;aria strategico per mantenere i componenti freschi e puliti senza rinunciare a peso e prestazioni. Pannelli laterali illuminati e protezioni in TPU a 360 gradi.  <\/p>\n<h3><b>Trasmissione digitale a bassa latenza dell&#8217;unit\u00e0 aerea DJI O3 HD<\/b><\/h3>\n<p>  La portata della trasmissione video arriva fino a 10 km: goditi una visione chiara e fluida in tempo reale sui tuoi occhiali, anche in ambienti soggetti a interferenze. (Fonte DJI)  <\/p>\n<h3><b>Video stabilizzato 4K con ultragrandangolo da 155\u00b0<\/b><\/h3>\n<p>  Unitamente a prestazioni di imaging di alta qualit\u00e0, offre immagini eccezionali che terranno il tuo pubblico con il fiato sospeso. (Fonte DJI)  <\/p>\n<h3><b>Presa batteria sicura con filtro antiscintilla<\/b><\/h3>\n<p>  Il collegamento di una batteria pu\u00f2 creare una forte scintilla sul connettore, causata dall&#8217;elevata corrente della batteria che entra prima nel condensatore a bassa ESR e riempie la capacit\u00e0 dell&#8217;ESC. Abbiamo aggiunto un circuito di protezione per prolungare la vita dei connettori XT60 e prevenire rapidi picchi di tensione o di corrente che possono danneggiare i tuoi dispositivi elettronici.  <\/p>\n<h3><b>Dissipatore di calore appositamente progettato per l&#8217;unit\u00e0 aerea DJI O3 HD<\/b><\/h3>\n<p>  Migliori prestazioni di raffreddamento per l&#8217;elevato consumo energetico del trasmettitore video DJI O3. Abbiamo aggiunto un dissipatore di calore CNC personalizzato per un&#8217;eccellente dissipazione del calore senza surriscaldamento, anche a livelli di potenza elevati.  <\/p><\/div>\n<h3>CAMBIO<\/h3>\n<div class=\"temp-specs-tr\">\n<div class=\"temp-specs-td value\">  13 dicembre 2022: sono stati progettati nuovi inserti in silicone per sostituire gli inserti in TPU che tengono la camma 03 nei pannelli laterali.  <\/div>\n<\/div>\n<div class=\"temp-specs-td value\">\n<h3>Specifiche tecniche<\/h3>\n<ul>\n<li>FC: Controllore di volo BLITZ Mini F722<\/li>\n<li>ESC: BLITZ Mini E55 4-EN-1 2-6S 55A ESC<\/li>\n<li>Trasmissione video: Unit\u00e0 aerea DJI O3<\/li>\n<li>Interasse del telaio: 255 mm (Squashed X) \/ 262 mm (DeadCat)<\/li>\n<li>Motore: XING2 2506<\/li>\n<li>Elica: eliche da 6 pollici<\/li>\n<li>Peso: 480\/485 grammi<\/li>\n<li>Peso al decollo: circa. 680 grammi<\/li>\n<li>Dimensioni (L\u00d7L\u00d7L\u00d7H): 209\u00d7162\u00d736 \u00b12mm<\/li>\n<li>Distanza diagonale: 120 mm<\/li>\n<li>Velocit\u00e0 massima: 180 km\/h (modalit\u00e0 manuale)<\/li>\n<li>Altitudine massima di decollo: 3200 m<\/li>\n<li>Tempo massimo di percorrenza: circa. 8 minuti (con batteria da 1400 mAh)<\/li>\n<li>it Distancia m\u00e1xima de vuelo: 5 km<\/li>\n<li>Resistenza massima alla velocit\u00e0 del vento: livello 57<\/li>\n<li>it Rango de temperatura de funcionamiento: -10\u00b0 a 40\u00b0 C (14\u00b0 a 104\u00b0 F)<\/li>\n<li>Antenne: Doppie antenne<\/li>\n<li>GNSS: GPS+SBAS+Galileo+QZSS+Glonass<\/li>\n<\/ul>\n<\/div>\n<\/div>\n<div class=\"temp-specs-tr\">\n<h3 class=\"temp-specs-td name\">it Transmisi\u00f3n de v\u00eddeo<\/h3>\n<div class=\"temp-specs-td value\">\n<ul>\n<li>Nome del prodotto: Unit\u00e0 aerea DJI O3<\/li>\n<li>Peso approssimativo. 36,4 grammi (compreso l&#8217;archetto)<\/li>\n<li>Larghezza di banda di comunicazione: max. 40 MHz<\/li>\n<li>FOV (schermo singolo): 155<\/li>\n<li>Frequenza di comunicazione: 2,400-2,4835 GHz (solo RX) \/ 5,725-5,850 GHz (RX e TX)<\/li>\n<li>Latenza end-to-end<\/li>\n<li>Con occhiali DJI FPV V2:<\/li>\n<li>Qualit\u00e0 di trasmissione video 810p\/120 fps: la latenza \u00e8 inferiore a 28 ms.<\/li>\n<li>Qualit\u00e0 di trasmissione video 810p\/60 fps: la latenza \u00e8 inferiore a 40 ms.<\/li>\n<li>Con occhiali DJI 2:<\/li>\n<li>Qualit\u00e0 di trasmissione video 1080p\/100 fps: la latenza \u00e8 di soli 30 ms.<\/li>\n<li>Qualit\u00e0 di trasmissione video 1080p\/60 fps: la latenza \u00e8 di soli 40 ms.<\/li>\n<li>Velocit\u00e0 massima di trasmissione video: 50 Mbps<\/li>\n<li>Portata massima di trasmissione video: 10 km (FCC), 2 km (CE), 6 km (SRRC)<\/li>\n<li>Intervallo di temperatura operativa: da -10\u00b0 a 40\u00b0 C (da 14\u00b0 a 104\u00b0 F)<\/li>\n<li>Ingresso di alimentazione: 7,4-26,4 V<\/li>\n<li>Trasmissione audio: N\/A<\/li>\n<\/ul>\n<\/div>\n<\/div>\n<div class=\"temp-specs-tr\">\n<h3 class=\"temp-specs-td name\">Il pacchetto comprende<\/h3>\n<div class=\"temp-specs-td value\">\n<ul>\n<li>1 x Evoque F6 6S HD BNF<\/li>\n<li>2 antenne<\/li>\n<li>1 x cuscinetto per batteria<\/li>\n<li>2 x elica (coppie)<\/li>\n<li>2 x cinghia per batteria<\/li>\n<\/ul>\n<\/div>\n<\/div>\n","protected":false},"excerpt":{"rendered":"<div class=\"woocommerce-product-details__short-description\">\n<div class=\"short-description\">\n<p><span style=\"color: #ff0000;\"><em><strong>SPEDIZIONE DA 7 A 10 GIORNI DOPO L&#8217;ACQUISTO<\/strong><\/em><\/span><\/p>\n<\/div>\n<\/div>\n<div class=\"wccc-content-block wccc-content-block-3498\">\n<div class=\"font80\"><\/div>\n<\/div>\n","protected":false},"featured_media":237854,"comment_status":"open","ping_status":"closed","template":"","meta":{"_joinchat":[]},"pwb-brand":[3571],"product_cat":[27,3668],"product_tag":[],"class_list":{"0":"post-114735","1":"product","2":"type-product","3":"status-publish","4":"has-post-thumbnail","6":"pwb-brand-iflight","7":"product_cat-drones-fpv","8":"product_cat-rtf-montados","10":"first","11":"instock","12":"taxable","13":"shipping-taxable","14":"purchasable","15":"product-type-variable"},"barcode":null,"atum_controlled":true,"out_stock_date":"2023-07-04 15:02:43","out_stock_threshold":null,"inheritable":true,"stock_on_hold":0,"sold_today":0,"sales_last_days":0,"out_stock_days":556,"lost_sales":0,"update_date":"2026-04-16T22:22:49","atum_locations":[],"atum_stock_status":"instock","restock_status":false,"low_stock_amount":"","sales_update_date":"2026-04-16T22:22:49","calc_backorders":null,"yoast_head":"<!-- This site is optimized with the Yoast SEO plugin v27.3 - https:\/\/yoast.com\/product\/yoast-seo-wordpress\/ -->\n<title>Nazgul Evoque F6X V2 6S HD O3 - Iha Race<\/title>\n<meta name=\"robots\" content=\"index, follow, max-snippet:-1, max-image-preview:large, max-video-preview:-1\" \/>\n<link rel=\"canonical\" href=\"https:\/\/iha-race.com\/it\/prodotto\/nazgul-evoque-f6-v2-6s-hd-o3\/\" \/>\n<meta property=\"og:locale\" content=\"it_IT\" \/>\n<meta property=\"og:type\" content=\"article\" \/>\n<meta property=\"og:title\" content=\"Nazgul Evoque F6X V2 6S HD O3 - Iha Race\" \/>\n<meta property=\"og:description\" content=\"SPEDIZIONE DA 7 A 10 GIORNI DOPO L&#039;ACQUISTO\" \/>\n<meta property=\"og:url\" content=\"https:\/\/iha-race.com\/it\/prodotto\/nazgul-evoque-f6-v2-6s-hd-o3\/\" \/>\n<meta property=\"og:site_name\" content=\"Iha Race\" \/>\n<meta property=\"article:modified_time\" content=\"2025-07-06T09:45:05+00:00\" \/>\n<meta property=\"og:image\" content=\"https:\/\/iha-race.com\/wp-content\/uploads\/2022\/07\/Nazgul-Evoque-F6-V2-6S-HD.png\" \/>\n\t<meta property=\"og:image:width\" content=\"1000\" \/>\n\t<meta property=\"og:image:height\" content=\"1000\" \/>\n\t<meta property=\"og:image:type\" content=\"image\/png\" \/>\n<meta name=\"twitter:card\" content=\"summary_large_image\" \/>\n<meta name=\"twitter:label1\" content=\"Tempo di lettura stimato\" \/>\n\t<meta name=\"twitter:data1\" content=\"3 minuti\" \/>\n<script type=\"application\/ld+json\" class=\"yoast-schema-graph\">{\"@context\":\"https:\\\/\\\/schema.org\",\"@graph\":[{\"@type\":\"WebPage\",\"@id\":\"https:\\\/\\\/iha-race.com\\\/it\\\/prodotto\\\/nazgul-evoque-f6-v2-6s-hd-o3\\\/\",\"url\":\"https:\\\/\\\/iha-race.com\\\/it\\\/prodotto\\\/nazgul-evoque-f6-v2-6s-hd-o3\\\/\",\"name\":\"Nazgul Evoque F6X V2 6S HD O3 - Iha Race\",\"isPartOf\":{\"@id\":\"https:\\\/\\\/iha-race.com\\\/it\\\/#website\"},\"primaryImageOfPage\":{\"@id\":\"https:\\\/\\\/iha-race.com\\\/it\\\/prodotto\\\/nazgul-evoque-f6-v2-6s-hd-o3\\\/#primaryimage\"},\"image\":{\"@id\":\"https:\\\/\\\/iha-race.com\\\/it\\\/prodotto\\\/nazgul-evoque-f6-v2-6s-hd-o3\\\/#primaryimage\"},\"thumbnailUrl\":\"https:\\\/\\\/iha-race.com\\\/wp-content\\\/uploads\\\/2022\\\/07\\\/Nazgul-Evoque-F6-V2-6S-HD.png\",\"datePublished\":\"2023-10-16T15:09:04+00:00\",\"dateModified\":\"2025-07-06T09:45:05+00:00\",\"breadcrumb\":{\"@id\":\"https:\\\/\\\/iha-race.com\\\/it\\\/prodotto\\\/nazgul-evoque-f6-v2-6s-hd-o3\\\/#breadcrumb\"},\"inLanguage\":\"it-IT\",\"potentialAction\":[{\"@type\":\"ReadAction\",\"target\":[\"https:\\\/\\\/iha-race.com\\\/it\\\/prodotto\\\/nazgul-evoque-f6-v2-6s-hd-o3\\\/\"]}]},{\"@type\":\"ImageObject\",\"inLanguage\":\"it-IT\",\"@id\":\"https:\\\/\\\/iha-race.com\\\/it\\\/prodotto\\\/nazgul-evoque-f6-v2-6s-hd-o3\\\/#primaryimage\",\"url\":\"https:\\\/\\\/iha-race.com\\\/wp-content\\\/uploads\\\/2022\\\/07\\\/Nazgul-Evoque-F6-V2-6S-HD.png\",\"contentUrl\":\"https:\\\/\\\/iha-race.com\\\/wp-content\\\/uploads\\\/2022\\\/07\\\/Nazgul-Evoque-F6-V2-6S-HD.png\",\"width\":1000,\"height\":1000},{\"@type\":\"BreadcrumbList\",\"@id\":\"https:\\\/\\\/iha-race.com\\\/it\\\/prodotto\\\/nazgul-evoque-f6-v2-6s-hd-o3\\\/#breadcrumb\",\"itemListElement\":[{\"@type\":\"ListItem\",\"position\":1,\"name\":\"Portada\",\"item\":\"https:\\\/\\\/iha-race.com\\\/it\\\/\"},{\"@type\":\"ListItem\",\"position\":2,\"name\":\"Negozio\",\"item\":\"https:\\\/\\\/iha-race.com\\\/it\\\/negozio\\\/\"},{\"@type\":\"ListItem\",\"position\":3,\"name\":\"Nazgul Evoque F6X V2 6S HD O3\"}]},{\"@type\":\"WebSite\",\"@id\":\"https:\\\/\\\/iha-race.com\\\/it\\\/#website\",\"url\":\"https:\\\/\\\/iha-race.com\\\/it\\\/\",\"name\":\"Iha Race\",\"description\":\"Comprar drones de carreras FPV env\u00edos en un d\u00eda desde Espa\u00f1a\",\"publisher\":{\"@id\":\"https:\\\/\\\/iha-race.com\\\/it\\\/#organization\"},\"potentialAction\":[{\"@type\":\"SearchAction\",\"target\":{\"@type\":\"EntryPoint\",\"urlTemplate\":\"https:\\\/\\\/iha-race.com\\\/it\\\/?s={search_term_string}\"},\"query-input\":{\"@type\":\"PropertyValueSpecification\",\"valueRequired\":true,\"valueName\":\"search_term_string\"}}],\"inLanguage\":\"it-IT\"},{\"@type\":\"Organization\",\"@id\":\"https:\\\/\\\/iha-race.com\\\/it\\\/#organization\",\"name\":\"Iha Race\",\"url\":\"https:\\\/\\\/iha-race.com\\\/it\\\/\",\"logo\":{\"@type\":\"ImageObject\",\"inLanguage\":\"it-IT\",\"@id\":\"https:\\\/\\\/iha-race.com\\\/it\\\/#\\\/schema\\\/logo\\\/image\\\/\",\"url\":\"https:\\\/\\\/iha-race.com\\\/wp-content\\\/uploads\\\/2018\\\/07\\\/iha-race-drones-de-carreras-tienda-comprar-drones.png\",\"contentUrl\":\"https:\\\/\\\/iha-race.com\\\/wp-content\\\/uploads\\\/2018\\\/07\\\/iha-race-drones-de-carreras-tienda-comprar-drones.png\",\"width\":300,\"height\":100,\"caption\":\"Iha Race\"},\"image\":{\"@id\":\"https:\\\/\\\/iha-race.com\\\/it\\\/#\\\/schema\\\/logo\\\/image\\\/\"}}]}<\/script>\n<!-- \/ Yoast SEO plugin. -->","yoast_head_json":{"title":"Nazgul Evoque F6X V2 6S HD O3 - Iha Race","robots":{"index":"index","follow":"follow","max-snippet":"max-snippet:-1","max-image-preview":"max-image-preview:large","max-video-preview":"max-video-preview:-1"},"canonical":"https:\/\/iha-race.com\/it\/prodotto\/nazgul-evoque-f6-v2-6s-hd-o3\/","og_locale":"it_IT","og_type":"article","og_title":"Nazgul Evoque F6X V2 6S HD O3 - Iha Race","og_description":"SPEDIZIONE DA 7 A 10 GIORNI DOPO L'ACQUISTO","og_url":"https:\/\/iha-race.com\/it\/prodotto\/nazgul-evoque-f6-v2-6s-hd-o3\/","og_site_name":"Iha Race","article_modified_time":"2025-07-06T09:45:05+00:00","og_image":[{"width":1000,"height":1000,"url":"https:\/\/iha-race.com\/wp-content\/uploads\/2022\/07\/Nazgul-Evoque-F6-V2-6S-HD.png","type":"image\/png"}],"twitter_card":"summary_large_image","twitter_misc":{"Tempo di lettura stimato":"3 minuti"},"schema":{"@context":"https:\/\/schema.org","@graph":[{"@type":"WebPage","@id":"https:\/\/iha-race.com\/it\/prodotto\/nazgul-evoque-f6-v2-6s-hd-o3\/","url":"https:\/\/iha-race.com\/it\/prodotto\/nazgul-evoque-f6-v2-6s-hd-o3\/","name":"Nazgul Evoque F6X V2 6S HD O3 - Iha Race","isPartOf":{"@id":"https:\/\/iha-race.com\/it\/#website"},"primaryImageOfPage":{"@id":"https:\/\/iha-race.com\/it\/prodotto\/nazgul-evoque-f6-v2-6s-hd-o3\/#primaryimage"},"image":{"@id":"https:\/\/iha-race.com\/it\/prodotto\/nazgul-evoque-f6-v2-6s-hd-o3\/#primaryimage"},"thumbnailUrl":"https:\/\/iha-race.com\/wp-content\/uploads\/2022\/07\/Nazgul-Evoque-F6-V2-6S-HD.png","datePublished":"2023-10-16T15:09:04+00:00","dateModified":"2025-07-06T09:45:05+00:00","breadcrumb":{"@id":"https:\/\/iha-race.com\/it\/prodotto\/nazgul-evoque-f6-v2-6s-hd-o3\/#breadcrumb"},"inLanguage":"it-IT","potentialAction":[{"@type":"ReadAction","target":["https:\/\/iha-race.com\/it\/prodotto\/nazgul-evoque-f6-v2-6s-hd-o3\/"]}]},{"@type":"ImageObject","inLanguage":"it-IT","@id":"https:\/\/iha-race.com\/it\/prodotto\/nazgul-evoque-f6-v2-6s-hd-o3\/#primaryimage","url":"https:\/\/iha-race.com\/wp-content\/uploads\/2022\/07\/Nazgul-Evoque-F6-V2-6S-HD.png","contentUrl":"https:\/\/iha-race.com\/wp-content\/uploads\/2022\/07\/Nazgul-Evoque-F6-V2-6S-HD.png","width":1000,"height":1000},{"@type":"BreadcrumbList","@id":"https:\/\/iha-race.com\/it\/prodotto\/nazgul-evoque-f6-v2-6s-hd-o3\/#breadcrumb","itemListElement":[{"@type":"ListItem","position":1,"name":"Portada","item":"https:\/\/iha-race.com\/it\/"},{"@type":"ListItem","position":2,"name":"Negozio","item":"https:\/\/iha-race.com\/it\/negozio\/"},{"@type":"ListItem","position":3,"name":"Nazgul Evoque F6X V2 6S HD O3"}]},{"@type":"WebSite","@id":"https:\/\/iha-race.com\/it\/#website","url":"https:\/\/iha-race.com\/it\/","name":"Iha Race","description":"Comprar drones de carreras FPV env\u00edos en un d\u00eda desde Espa\u00f1a","publisher":{"@id":"https:\/\/iha-race.com\/it\/#organization"},"potentialAction":[{"@type":"SearchAction","target":{"@type":"EntryPoint","urlTemplate":"https:\/\/iha-race.com\/it\/?s={search_term_string}"},"query-input":{"@type":"PropertyValueSpecification","valueRequired":true,"valueName":"search_term_string"}}],"inLanguage":"it-IT"},{"@type":"Organization","@id":"https:\/\/iha-race.com\/it\/#organization","name":"Iha Race","url":"https:\/\/iha-race.com\/it\/","logo":{"@type":"ImageObject","inLanguage":"it-IT","@id":"https:\/\/iha-race.com\/it\/#\/schema\/logo\/image\/","url":"https:\/\/iha-race.com\/wp-content\/uploads\/2018\/07\/iha-race-drones-de-carreras-tienda-comprar-drones.png","contentUrl":"https:\/\/iha-race.com\/wp-content\/uploads\/2018\/07\/iha-race-drones-de-carreras-tienda-comprar-drones.png","width":300,"height":100,"caption":"Iha Race"},"image":{"@id":"https:\/\/iha-race.com\/it\/#\/schema\/logo\/image\/"}}]}},"brands":[{"id":3571,"name":"iFlight","slug":"iflight"}],"_links":{"self":[{"href":"https:\/\/iha-race.com\/it\/wp-json\/wp\/v2\/product\/114735","targetHints":{"allow":["GET"]}}],"collection":[{"href":"https:\/\/iha-race.com\/it\/wp-json\/wp\/v2\/product"}],"about":[{"href":"https:\/\/iha-race.com\/it\/wp-json\/wp\/v2\/types\/product"}],"replies":[{"embeddable":true,"href":"https:\/\/iha-race.com\/it\/wp-json\/wp\/v2\/comments?post=114735"}],"version-history":[{"count":7,"href":"https:\/\/iha-race.com\/it\/wp-json\/wp\/v2\/product\/114735\/revisions"}],"predecessor-version":[{"id":248295,"href":"https:\/\/iha-race.com\/it\/wp-json\/wp\/v2\/product\/114735\/revisions\/248295"}],"wp:featuredmedia":[{"embeddable":true,"href":"https:\/\/iha-race.com\/it\/wp-json\/wp\/v2\/media\/237854"}],"wp:attachment":[{"href":"https:\/\/iha-race.com\/it\/wp-json\/wp\/v2\/media?parent=114735"}],"wp:term":[{"taxonomy":"pwb-brand","embeddable":true,"href":"https:\/\/iha-race.com\/it\/wp-json\/wp\/v2\/pwb-brand?post=114735"},{"taxonomy":"product_cat","embeddable":true,"href":"https:\/\/iha-race.com\/it\/wp-json\/wp\/v2\/product_cat?post=114735"},{"taxonomy":"product_tag","embeddable":true,"href":"https:\/\/iha-race.com\/it\/wp-json\/wp\/v2\/product_tag?post=114735"}],"curies":[{"name":"wp","href":"https:\/\/api.w.org\/{rel}","templated":true}]}}