{"id":114731,"date":"2022-05-23T15:55:21","date_gmt":"2022-05-23T13:55:21","guid":{"rendered":"https:\/\/iha-race.com\/producto\/telaio-whoop-senza-spazzole-cetus-pro\/"},"modified":"2024-12-12T12:12:43","modified_gmt":"2024-12-12T11:12:43","slug":"telaio-whoop-senza-spazzole-cetus-pro","status":"publish","type":"product","link":"https:\/\/iha-race.com\/it\/prodotto\/telaio-whoop-senza-spazzole-cetus-pro\/","title":{"rendered":"Telaio Whoop senza spazzole Cetus Pro"},"content":{"rendered":"<h2><span data-sheets-value=\"{\"1\":2,\"2\":\"Cuadro Whoop sin escobillas Cetus Pro\"}\" data-sheets-userformat=\"{\"2\":7107,\"3\":{\"1\":0},\"4\":{\"1\":2,\"2\":16777215},\"9\":1,\"10\":2,\"11\":4,\"12\":0,\"14\":{\"1\":3,\"3\":1},\"15\":\"\\\"Work Sans\\\", sans-serif\"}\">Telaio Whoop senza spazzole Cetus Pro<\/span><\/h2>\n<p>Questo magnifico telaio Cetus Pro \u00e8 ora disponibile per l&#8217;acquisto! \u00c8 il telaio di ricambio originale per il <a href=\"https:\/\/iha-race.com\/producto\/dron-cetus-pro-betafpv\/\">Cetus Pro<\/a> e il <a href=\"https:\/\/iha-race.com\/producto\/kit-betafpv-cetus-pro\/\">Cetus Pro FPV Kit<\/a>. Acquistarlo insieme al drone come backup \u00e8 una buona opzione.<\/p>\n<p><img decoding=\"async\" src=\"https:\/\/cdn.shopifycdn.net\/s\/files\/1\/1778\/6615\/files\/FB_26d2c7c7-023a-4547-97eb-206cb513c7a6_1024x1024.jpg?v=1650770964\" alt=\"\"><\/p>\n<h2><a href=\"https:\/\/betafpv.com\/collections\/all-drone\/products\/cetus-pro-fpv-kit\" target=\"_blank\" rel=\"noopener\">Kit FPV Cetus Pro<\/a><\/h2>\n<p>\u00c8 la scelta ideale per i principianti per fare progressi oggi. Fornito con un quadcopter brushless Cetus Pro, un trasmettitore LiteRadio2 SE e occhiali FPV VR02, \u00e8 pi\u00f9 potente e maneggevole per tutti i principianti e per i professionisti dell&#8217;FPV per esercitarsi al chiuso e all&#8217;aperto.<\/p>\n<p><img decoding=\"async\" src=\"https:\/\/cdn.shopifycdn.net\/s\/files\/1\/1778\/6615\/files\/web_theme_1024x1024.jpg?v=1629890911\"><\/p>\n<h2>Caratteristiche<\/h2>\n<ul>\n<li>Il telaio di ricambio originale per il Cetus Pro Quadcopter e il Cetus Pro FPV Kit.<\/li>\n<li>Realizzato in materiale PA12, il telaio ha un&#8217;eccellente resistenza alle cadute e agli urti. Nel frattempo, la protezione a 360\u00b0 del telaio del whoop garantisce voli sicuri sia all&#8217;interno che all&#8217;esterno.<\/li>\n<li>Il design del telaio \u00e8 ragionevole con il tettuccio. \u00c8 facile montare la telecamera.<\/li>\n<li>Telaio ultraleggero e resistente. Acquistarlo insieme al drone come backup sar\u00e0 una buona opzione.<\/li>\n<li>Si raccomanda l&#8217;uso di puntelli da 40 mm e motori 1102. Ad esempio, il motore BETAFPV Brushless 1102-18000KV e il foro dell&#8217;albero da 1,5 mm per 3 lame da 40 mm.<\/li>\n<\/ul>\n<h2><img decoding=\"async\" src=\"https:\/\/cdn.shopifycdn.net\/s\/files\/1\/1778\/6615\/files\/FB1_bad576fd-4fb5-477e-b87b-f854556cc8e7_1024x1024.jpg?v=1650786986\" alt=\"\"><\/h2>\n<h2>Specifiche tecniche<\/h2>\n<ul>\n<li>Articolo: Telaio Whoop senza spazzole Cetus Pro<\/li>\n<li>Materiali: PA12<\/li>\n<li>Dimensioni: 76,75 mm<\/li>\n<li>Peso: 9,39 g\/pezzo<\/li>\n<li>Colore bianco<\/li>\n<li>Foro di montaggio del motore: \u03c61,4 mm<\/li>\n<\/ul>\n<p><img decoding=\"async\" src=\"https:\/\/cdn.shopifycdn.net\/s\/files\/1\/1778\/6615\/files\/f7d7c897f798fc44c391847188c3ac79_5e51b384-df07-4a58-85d9-5946b6948f5e_600x600.jpg?v=1650787023\" alt=\"\"><\/p>\n<h2>Parti consigliate (NON INCLUSE)<\/h2>\n<ul>\n<li>Controllore di volo: Lite 1-2S Pro Brushless FC<\/li>\n<li>VTX: 25mW<\/li>\n<li>Telecamera: Microcamera FPV C02<\/li>\n<li>Motore: motore brushless 1102-18000KV<\/li>\n<li>Eliche: foro dell&#8217;albero da 1,5 mm con 3 pale da 40 mm<\/li>\n<li>Batteria: BT2.0 450mah 1S<\/li>\n<\/ul>\n<div style=\"text-align: start;\"><img decoding=\"async\" src=\"https:\/\/cdn.shopifycdn.net\/s\/files\/1\/1778\/6615\/files\/f1d3f2e934a7f7df4970562b60a46e3c_8193c434-c36f-494d-a349-d64c921bf816_480x480.jpg?v=1650787127\" alt=\"\"><\/div>\n<h2 class=\"p1\">Pacchetto<\/h2>\n<ul>\n<li>1 x telaio brushless Cetus Pro<\/li>\n<\/ul>\n","protected":false},"excerpt":{"rendered":"<p>Telaio Whoop senza spazzole Cetus Pro Questo magnifico telaio Cetus Pro \u00e8 ora disponibile per l&#8217;acquisto! \u00c8 il telaio di ricambio originale per il Cetus Pro e il Cetus Pro<\/p>\n","protected":false},"featured_media":108793,"comment_status":"open","ping_status":"closed","template":"","meta":{"_joinchat":[]},"pwb-brand":[],"product_cat":[3670,1438,1505,4117],"product_tag":[],"class_list":{"0":"post-114731","1":"product","2":"type-product","3":"status-publish","4":"has-post-thumbnail","6":"product_cat-cornici","7":"product_cat-droni-fpv","8":"product_cat-droni-starter","9":"product_cat-venerdi-nero-2024","11":"first","12":"instock","13":"taxable","14":"shipping-taxable","15":"purchasable","16":"product-type-simple"},"barcode":null,"atum_controlled":true,"out_stock_date":null,"out_stock_threshold":null,"inheritable":false,"stock_on_hold":0,"sold_today":0,"sales_last_days":0,"out_stock_days":0,"lost_sales":0,"update_date":"2026-04-18T20:30:54","atum_locations":[],"atum_stock_status":"instock","restock_status":false,"low_stock_amount":"","sales_update_date":"2026-04-18T20:30:54","calc_backorders":null,"yoast_head":"<!-- This site is optimized with the Yoast SEO plugin v27.3 - https:\/\/yoast.com\/product\/yoast-seo-wordpress\/ -->\n<title>Telaio Whoop senza spazzole Cetus Pro - Iha Race<\/title>\n<meta name=\"robots\" content=\"index, follow, max-snippet:-1, max-image-preview:large, max-video-preview:-1\" \/>\n<link rel=\"canonical\" href=\"https:\/\/iha-race.com\/it\/prodotto\/telaio-whoop-senza-spazzole-cetus-pro\/\" \/>\n<meta property=\"og:locale\" content=\"it_IT\" \/>\n<meta property=\"og:type\" content=\"article\" \/>\n<meta property=\"og:title\" content=\"Telaio Whoop senza spazzole Cetus Pro - Iha Race\" \/>\n<meta property=\"og:description\" content=\"Telaio Whoop senza spazzole Cetus Pro Questo magnifico telaio Cetus Pro \u00e8 ora disponibile per l&#8217;acquisto! \u00c8 il telaio di ricambio originale per il Cetus Pro e il Cetus Pro\" \/>\n<meta property=\"og:url\" content=\"https:\/\/iha-race.com\/it\/prodotto\/telaio-whoop-senza-spazzole-cetus-pro\/\" \/>\n<meta property=\"og:site_name\" content=\"Iha Race\" \/>\n<meta property=\"article:modified_time\" content=\"2024-12-12T11:12:43+00:00\" \/>\n<meta property=\"og:image\" content=\"https:\/\/iha-race.com\/wp-content\/uploads\/2022\/05\/74b96dbb2d19db9758ba306fc55ad040_cbab1e83-e234-4130-a896-9120ae6f138d_720x.webp\" \/>\n\t<meta property=\"og:image:width\" content=\"720\" \/>\n\t<meta property=\"og:image:height\" content=\"720\" \/>\n\t<meta property=\"og:image:type\" content=\"image\/webp\" \/>\n<meta name=\"twitter:card\" content=\"summary_large_image\" \/>\n<meta name=\"twitter:label1\" content=\"Tempo di lettura stimato\" \/>\n\t<meta name=\"twitter:data1\" content=\"1 minuto\" \/>\n<script type=\"application\/ld+json\" class=\"yoast-schema-graph\">{\"@context\":\"https:\\\/\\\/schema.org\",\"@graph\":[{\"@type\":\"WebPage\",\"@id\":\"https:\\\/\\\/iha-race.com\\\/it\\\/prodotto\\\/telaio-whoop-senza-spazzole-cetus-pro\\\/\",\"url\":\"https:\\\/\\\/iha-race.com\\\/it\\\/prodotto\\\/telaio-whoop-senza-spazzole-cetus-pro\\\/\",\"name\":\"Telaio Whoop senza spazzole Cetus Pro - Iha Race\",\"isPartOf\":{\"@id\":\"https:\\\/\\\/iha-race.com\\\/it\\\/#website\"},\"primaryImageOfPage\":{\"@id\":\"https:\\\/\\\/iha-race.com\\\/it\\\/prodotto\\\/telaio-whoop-senza-spazzole-cetus-pro\\\/#primaryimage\"},\"image\":{\"@id\":\"https:\\\/\\\/iha-race.com\\\/it\\\/prodotto\\\/telaio-whoop-senza-spazzole-cetus-pro\\\/#primaryimage\"},\"thumbnailUrl\":\"https:\\\/\\\/iha-race.com\\\/wp-content\\\/uploads\\\/2022\\\/05\\\/74b96dbb2d19db9758ba306fc55ad040_cbab1e83-e234-4130-a896-9120ae6f138d_720x.webp\",\"datePublished\":\"2022-05-23T13:55:21+00:00\",\"dateModified\":\"2024-12-12T11:12:43+00:00\",\"breadcrumb\":{\"@id\":\"https:\\\/\\\/iha-race.com\\\/it\\\/prodotto\\\/telaio-whoop-senza-spazzole-cetus-pro\\\/#breadcrumb\"},\"inLanguage\":\"it-IT\",\"potentialAction\":[{\"@type\":\"ReadAction\",\"target\":[\"https:\\\/\\\/iha-race.com\\\/it\\\/prodotto\\\/telaio-whoop-senza-spazzole-cetus-pro\\\/\"]}]},{\"@type\":\"ImageObject\",\"inLanguage\":\"it-IT\",\"@id\":\"https:\\\/\\\/iha-race.com\\\/it\\\/prodotto\\\/telaio-whoop-senza-spazzole-cetus-pro\\\/#primaryimage\",\"url\":\"https:\\\/\\\/iha-race.com\\\/wp-content\\\/uploads\\\/2022\\\/05\\\/74b96dbb2d19db9758ba306fc55ad040_cbab1e83-e234-4130-a896-9120ae6f138d_720x.webp\",\"contentUrl\":\"https:\\\/\\\/iha-race.com\\\/wp-content\\\/uploads\\\/2022\\\/05\\\/74b96dbb2d19db9758ba306fc55ad040_cbab1e83-e234-4130-a896-9120ae6f138d_720x.webp\",\"width\":720,\"height\":720,\"caption\":\"Acquista il telaio Cetus Pro Brushless Whoop\"},{\"@type\":\"BreadcrumbList\",\"@id\":\"https:\\\/\\\/iha-race.com\\\/it\\\/prodotto\\\/telaio-whoop-senza-spazzole-cetus-pro\\\/#breadcrumb\",\"itemListElement\":[{\"@type\":\"ListItem\",\"position\":1,\"name\":\"Portada\",\"item\":\"https:\\\/\\\/iha-race.com\\\/it\\\/\"},{\"@type\":\"ListItem\",\"position\":2,\"name\":\"Negozio\",\"item\":\"https:\\\/\\\/iha-race.com\\\/it\\\/negozio\\\/\"},{\"@type\":\"ListItem\",\"position\":3,\"name\":\"Telaio Whoop senza spazzole Cetus Pro\"}]},{\"@type\":\"WebSite\",\"@id\":\"https:\\\/\\\/iha-race.com\\\/it\\\/#website\",\"url\":\"https:\\\/\\\/iha-race.com\\\/it\\\/\",\"name\":\"Iha Race\",\"description\":\"Comprar drones de carreras FPV env\u00edos en un d\u00eda desde Espa\u00f1a\",\"publisher\":{\"@id\":\"https:\\\/\\\/iha-race.com\\\/it\\\/#organization\"},\"potentialAction\":[{\"@type\":\"SearchAction\",\"target\":{\"@type\":\"EntryPoint\",\"urlTemplate\":\"https:\\\/\\\/iha-race.com\\\/it\\\/?s={search_term_string}\"},\"query-input\":{\"@type\":\"PropertyValueSpecification\",\"valueRequired\":true,\"valueName\":\"search_term_string\"}}],\"inLanguage\":\"it-IT\"},{\"@type\":\"Organization\",\"@id\":\"https:\\\/\\\/iha-race.com\\\/it\\\/#organization\",\"name\":\"Iha Race\",\"url\":\"https:\\\/\\\/iha-race.com\\\/it\\\/\",\"logo\":{\"@type\":\"ImageObject\",\"inLanguage\":\"it-IT\",\"@id\":\"https:\\\/\\\/iha-race.com\\\/it\\\/#\\\/schema\\\/logo\\\/image\\\/\",\"url\":\"https:\\\/\\\/iha-race.com\\\/wp-content\\\/uploads\\\/2018\\\/07\\\/iha-race-drones-de-carreras-tienda-comprar-drones.png\",\"contentUrl\":\"https:\\\/\\\/iha-race.com\\\/wp-content\\\/uploads\\\/2018\\\/07\\\/iha-race-drones-de-carreras-tienda-comprar-drones.png\",\"width\":300,\"height\":100,\"caption\":\"Iha Race\"},\"image\":{\"@id\":\"https:\\\/\\\/iha-race.com\\\/it\\\/#\\\/schema\\\/logo\\\/image\\\/\"}}]}<\/script>\n<!-- \/ Yoast SEO plugin. -->","yoast_head_json":{"title":"Telaio Whoop senza spazzole Cetus Pro - Iha Race","robots":{"index":"index","follow":"follow","max-snippet":"max-snippet:-1","max-image-preview":"max-image-preview:large","max-video-preview":"max-video-preview:-1"},"canonical":"https:\/\/iha-race.com\/it\/prodotto\/telaio-whoop-senza-spazzole-cetus-pro\/","og_locale":"it_IT","og_type":"article","og_title":"Telaio Whoop senza spazzole Cetus Pro - Iha Race","og_description":"Telaio Whoop senza spazzole Cetus Pro Questo magnifico telaio Cetus Pro \u00e8 ora disponibile per l&#8217;acquisto! \u00c8 il telaio di ricambio originale per il Cetus Pro e il Cetus Pro","og_url":"https:\/\/iha-race.com\/it\/prodotto\/telaio-whoop-senza-spazzole-cetus-pro\/","og_site_name":"Iha Race","article_modified_time":"2024-12-12T11:12:43+00:00","og_image":[{"width":720,"height":720,"url":"https:\/\/iha-race.com\/wp-content\/uploads\/2022\/05\/74b96dbb2d19db9758ba306fc55ad040_cbab1e83-e234-4130-a896-9120ae6f138d_720x.webp","type":"image\/webp"}],"twitter_card":"summary_large_image","twitter_misc":{"Tempo di lettura stimato":"1 minuto"},"schema":{"@context":"https:\/\/schema.org","@graph":[{"@type":"WebPage","@id":"https:\/\/iha-race.com\/it\/prodotto\/telaio-whoop-senza-spazzole-cetus-pro\/","url":"https:\/\/iha-race.com\/it\/prodotto\/telaio-whoop-senza-spazzole-cetus-pro\/","name":"Telaio Whoop senza spazzole Cetus Pro - Iha Race","isPartOf":{"@id":"https:\/\/iha-race.com\/it\/#website"},"primaryImageOfPage":{"@id":"https:\/\/iha-race.com\/it\/prodotto\/telaio-whoop-senza-spazzole-cetus-pro\/#primaryimage"},"image":{"@id":"https:\/\/iha-race.com\/it\/prodotto\/telaio-whoop-senza-spazzole-cetus-pro\/#primaryimage"},"thumbnailUrl":"https:\/\/iha-race.com\/wp-content\/uploads\/2022\/05\/74b96dbb2d19db9758ba306fc55ad040_cbab1e83-e234-4130-a896-9120ae6f138d_720x.webp","datePublished":"2022-05-23T13:55:21+00:00","dateModified":"2024-12-12T11:12:43+00:00","breadcrumb":{"@id":"https:\/\/iha-race.com\/it\/prodotto\/telaio-whoop-senza-spazzole-cetus-pro\/#breadcrumb"},"inLanguage":"it-IT","potentialAction":[{"@type":"ReadAction","target":["https:\/\/iha-race.com\/it\/prodotto\/telaio-whoop-senza-spazzole-cetus-pro\/"]}]},{"@type":"ImageObject","inLanguage":"it-IT","@id":"https:\/\/iha-race.com\/it\/prodotto\/telaio-whoop-senza-spazzole-cetus-pro\/#primaryimage","url":"https:\/\/iha-race.com\/wp-content\/uploads\/2022\/05\/74b96dbb2d19db9758ba306fc55ad040_cbab1e83-e234-4130-a896-9120ae6f138d_720x.webp","contentUrl":"https:\/\/iha-race.com\/wp-content\/uploads\/2022\/05\/74b96dbb2d19db9758ba306fc55ad040_cbab1e83-e234-4130-a896-9120ae6f138d_720x.webp","width":720,"height":720,"caption":"Acquista il telaio Cetus Pro Brushless Whoop"},{"@type":"BreadcrumbList","@id":"https:\/\/iha-race.com\/it\/prodotto\/telaio-whoop-senza-spazzole-cetus-pro\/#breadcrumb","itemListElement":[{"@type":"ListItem","position":1,"name":"Portada","item":"https:\/\/iha-race.com\/it\/"},{"@type":"ListItem","position":2,"name":"Negozio","item":"https:\/\/iha-race.com\/it\/negozio\/"},{"@type":"ListItem","position":3,"name":"Telaio Whoop senza spazzole Cetus Pro"}]},{"@type":"WebSite","@id":"https:\/\/iha-race.com\/it\/#website","url":"https:\/\/iha-race.com\/it\/","name":"Iha Race","description":"Comprar drones de carreras FPV env\u00edos en un d\u00eda desde Espa\u00f1a","publisher":{"@id":"https:\/\/iha-race.com\/it\/#organization"},"potentialAction":[{"@type":"SearchAction","target":{"@type":"EntryPoint","urlTemplate":"https:\/\/iha-race.com\/it\/?s={search_term_string}"},"query-input":{"@type":"PropertyValueSpecification","valueRequired":true,"valueName":"search_term_string"}}],"inLanguage":"it-IT"},{"@type":"Organization","@id":"https:\/\/iha-race.com\/it\/#organization","name":"Iha Race","url":"https:\/\/iha-race.com\/it\/","logo":{"@type":"ImageObject","inLanguage":"it-IT","@id":"https:\/\/iha-race.com\/it\/#\/schema\/logo\/image\/","url":"https:\/\/iha-race.com\/wp-content\/uploads\/2018\/07\/iha-race-drones-de-carreras-tienda-comprar-drones.png","contentUrl":"https:\/\/iha-race.com\/wp-content\/uploads\/2018\/07\/iha-race-drones-de-carreras-tienda-comprar-drones.png","width":300,"height":100,"caption":"Iha Race"},"image":{"@id":"https:\/\/iha-race.com\/it\/#\/schema\/logo\/image\/"}}]}},"jetpack_sharing_enabled":true,"brands":[],"_links":{"self":[{"href":"https:\/\/iha-race.com\/it\/wp-json\/wp\/v2\/product\/114731","targetHints":{"allow":["GET"]}}],"collection":[{"href":"https:\/\/iha-race.com\/it\/wp-json\/wp\/v2\/product"}],"about":[{"href":"https:\/\/iha-race.com\/it\/wp-json\/wp\/v2\/types\/product"}],"replies":[{"embeddable":true,"href":"https:\/\/iha-race.com\/it\/wp-json\/wp\/v2\/comments?post=114731"}],"version-history":[{"count":3,"href":"https:\/\/iha-race.com\/it\/wp-json\/wp\/v2\/product\/114731\/revisions"}],"predecessor-version":[{"id":252580,"href":"https:\/\/iha-race.com\/it\/wp-json\/wp\/v2\/product\/114731\/revisions\/252580"}],"wp:featuredmedia":[{"embeddable":true,"href":"https:\/\/iha-race.com\/it\/wp-json\/wp\/v2\/media\/108793"}],"wp:attachment":[{"href":"https:\/\/iha-race.com\/it\/wp-json\/wp\/v2\/media?parent=114731"}],"wp:term":[{"taxonomy":"pwb-brand","embeddable":true,"href":"https:\/\/iha-race.com\/it\/wp-json\/wp\/v2\/pwb-brand?post=114731"},{"taxonomy":"product_cat","embeddable":true,"href":"https:\/\/iha-race.com\/it\/wp-json\/wp\/v2\/product_cat?post=114731"},{"taxonomy":"product_tag","embeddable":true,"href":"https:\/\/iha-race.com\/it\/wp-json\/wp\/v2\/product_tag?post=114731"}],"curies":[{"name":"wp","href":"https:\/\/api.w.org\/{rel}","templated":true}]}}