{"id":114715,"date":"2022-05-23T16:30:37","date_gmt":"2022-05-23T14:30:37","guid":{"rendered":"https:\/\/iha-race.com\/producto\/liitokala-lii-402-18650-smart-charger-cavo-usb-nero\/"},"modified":"2024-08-29T12:05:37","modified_gmt":"2024-08-29T10:05:37","slug":"liitokala-liitokala-lii-402-18650-smart-charger-usb-cable-nero","status":"publish","type":"product","link":"https:\/\/iha-race.com\/it\/prodotto\/liitokala-liitokala-lii-402-18650-smart-charger-usb-cable-nero\/","title":{"rendered":"Liitokala Lii-402 18650 Smart Charger Cavo USB \/ Nero"},"content":{"rendered":"<h2><span data-sheets-value=\"{\"1\":2,\"2\":\"Liitokala Lii-402 18650 Cargador Inteligente Cable USB \/ Negro\"}\" data-sheets-userformat=\"{\"2\":11009,\"3\":{\"1\":0},\"11\":4,\"12\":0,\"14\":{\"1\":2,\"2\":3355443},\"16\":12}\">Liitokala Lii-402 18650 Smart Charger Cavo USB \/ Nero<\/span><\/h2>\n<ul>\n<li data-spm-anchor-id=\"a2g0o.detail.1000023.i0.3fcebc94WBpowK\">Il caricabatterie \u00e8 in grado di caricare batterie cilindriche agli ioni di litio (3,7 V e 3,8 V), Ni-MH\/Cd, celle al fosfato ferrico di litio (LiFePO4).<\/li>\n<li data-spm-anchor-id=\"a2g0o.detail.1000023.i0.3fcebc94WBpowK\">Prima dell&#8217;uso, leggere il presente manuale e prestare particolare attenzione alla corrente di carica consigliata; evitare di caricare la batteria oltre il limite di corrente consigliato.<\/li>\n<li data-spm-anchor-id=\"a2g0o.detail.1000023.i0.3fcebc94WBpowK\">Si consiglia un adattatore USB da 3,5 V (adattatore di alimentazione da 2A).<\/li>\n<li data-spm-anchor-id=\"a2g0o.detail.1000023.i0.3fcebc94WBpowK\">Stazione di riscaldamento durante la ricarica<\/li>\n<li data-spm-anchor-id=\"a2g0o.detail.1000023.i0.3fcebc94WBpowK\">Rimuovere il caricatore dall&#8217;alimentazione dopo la carica completa e contemporaneamente rimuovere la batteria dal caricatore.<\/li>\n<li data-spm-anchor-id=\"a2g0o.detail.1000023.i0.3fcebc94WBpowK\">Solo per uso interno<\/li>\n<li data-spm-anchor-id=\"a2g0o.detail.1000023.i0.3fcebc94WBpowK\">Un display di dati per riferimento e fare riferimento allo strumento professionale per i dati pi\u00f9 precisi.<\/li>\n<\/ul>\n<div><\/div>\n<div><img decoding=\"async\" src=\"https:\/\/ae01.alicdn.com\/kf\/HTB16z.jk5qAXuNjy1Xdq6yYcVXaD.jpg?width=950&amp;height=614&amp;size=201008&amp;hash=202572\" data-spm-anchor-id=\"a2g0o.detail.1000023.i2.3fcebc94WBpowK\"><img decoding=\"async\" src=\"https:\/\/ae01.alicdn.com\/kf\/HTB1bip5nsnI8KJjSspeq6AwIpXa3.jpg?width=950&amp;height=642&amp;size=252972&amp;hash=254564\"><img decoding=\"async\" src=\"https:\/\/ae01.alicdn.com\/kf\/HTB1fkO1nCfD8KJjSszhq6zIJFXaI.jpg?width=950&amp;height=653&amp;size=223382&amp;hash=224985\"><\/div>\n<div><\/div>\n<div>\n<h3>Specifiche e funzioni:<\/h3>\n<ul>\n<li>Ingresso micro USB DC 5V, quattro carichi indipendenti e sistema di gestione a microcomputer.<\/li>\n<li>Corrente di carica con quattro modalit\u00e0 (500 mAh \/ 700 mAh\/1000 mAh \/ 2000 mAh), modalit\u00e0 corrente 2000 mAh solo nel quarto slot fisso<\/li>\n<li>Gli indicatori LED mostrano l&#8217;avanzamento della carica: 25% -50% -75% -100% e il tipo (dimensione) della batteria: Ni-MH 1,2V, Li-Fe 3,2V, Li-ion 3,7V, Ion 3,85V.<\/li>\n<li>Identifica automaticamente le batterie agli ioni di litio e al Ni-MH e imposta manualmente la modalit\u00e0 di carica per le batterie agli ioni di litio da 3,85 V e LiFePO4.<\/li>\n<li>Aggiornamento della batteria per OV. Non carica l&#8217;intera batteria da 1,65-1,85 V (\u00e8 rilevabile solo l&#8217;aggiornamento della corrente)<\/li>\n<li>Protezione da sovraccarico, sovrascarica e cortocircuito. Ispezione della batteria rotta e polare inversa<\/li>\n<li>Bassa tensione e corrente costante<\/li>\n<li>L&#8217;interfaccia di ingresso e la tensione CC di funzionamento \u00e8 di 5V-2A (spina micro).<\/li>\n<li>Con funzione di scarica USB integrata da 5 V \/ 1000 mAh (uscita).<\/li>\n<\/ul>\n<h3>Pulsante, LED e funzione<\/h3>\n<ul>\n<li><strong>Pulsanti:<\/strong> quando l&#8217;alimentazione \u00e8 attiva, 1) Premere il pulsante per cambiare il tipo di batteria; la carica inizier\u00e0 5 secondi dopo l&#8217;impostazione del tipo di batteria (3,2V o 3,85V), le batterie Ni-MH da 1,2V e Li-ion da 3,7V dovrebbero essere rilevate automaticamente, quindi \u00e8 necessario un solo set per le batterie da 3,2V e 3,8V; 2) Modificare la quantit\u00e0 di corrente di carica in qualsiasi momento durante la carica con pressione prolungata del pulsante.<\/li>\n<li><strong>LED:<\/strong> quando \u00e8 collegato all&#8217;ingresso a 5 V, tutti i LED si accendono immediatamente. 1) Se non \u00e8 inserita alcuna batteria, il LED da 500 mAh continua a funzionare e gli altri si spengono. 2) Quando viene rilevata la batteria, le 4 luci LED e il LED da 3,7 V continuano a lampeggiare per indicare il tipo di batteria; se non funziona, inizia a caricarsi 5 secondi dopo automaticamente sotto rilevamento, quattro luci LED mostreranno lo stato di carica. 3) toccare il pulsante. Pu\u00f2 visualizzare il tipo di batteria per 5 secondi. 4) Senza l&#8217;alimentazione, inserire una batteria che visualizzi rapidamente il volume di carica rimanente.<\/li>\n<li><strong>Indicatore di uscita USB:<\/strong> quando viene rilevata la scarica della porta USB, l&#8217;indicatore del volume della batteria si accende per 10 secondi e si spegne; premere il pulsante per riaccenderlo.<\/li>\n<li>Tabella di riferimento del display a LED<\/li>\n<\/ul>\n<h3>Specifiche tecniche<\/h3>\n<ul>\n<li>Ingresso: Micro USB DC 5V \/ 2A<\/li>\n<li>Uscita: 1,42 V 4,2 V \u00b1.<br \/>\n05 V, 3,65 \u00b1.<br \/>\n05 V 4,35 \u00b1.   05 V<\/li>\n<li>Corrente: Ma * 1 * MA 2 mA 500Ma * 3*4<\/li>\n<li>Tensione costante, taglio di corrente: meno di 100 mAh.<\/li>\n<li>Corrente di standby: meno di 15 mAh<\/li>\n<\/ul>\n<h3>Cinque, funzione di uscita USB<\/h3>\n<ul>\n<li>Tensione di uscita del circuito USB 1.0pen: 4,9-5,3 V; il quarto slot \u00e8 fissato all&#8217;alimentazione di scarico USB.<\/li>\n<li>Corrente di uscita: 1000 mAh<\/li>\n<li>Corrente a circuito aperto: &lt;1 mAh<\/li>\n<li>La tensione corrispondente \u00e8 di 4,75-5,25 V con una corrente di 1000 mAh.<\/li>\n<li>Tensione di taglio per la protezione dalla scarica: 3,0 \u00b1. 1 V<\/li>\n<li>Li-ion \/ IMR: 18650, 18490, 18350, 18350, 17670, 17500, 16340 (RCR123), 14500, 10440<\/li>\n<li>Compatibilit\u00e0: Li-ion \/ IMR: 18650, 18490, 18350, 17670, 17500, 16340 (RCR123), 14500, 10440<\/li>\n<li>Dimensioni: 112 mm x 90 mm x 30 mm (L x P x A)<\/li>\n<li>Peso: 150 grammi (incluso il cavo micro)<\/li>\n<\/ul>\n<\/div>\n<div><img decoding=\"async\" src=\"https:\/\/ae01.alicdn.com\/kf\/HTB1Sv5pnwvD8KJjy0Flq6ygBFXaP.jpg?width=1000&amp;height=1000&amp;size=229074&amp;hash=231074\"><img decoding=\"async\" src=\"https:\/\/ae01.alicdn.com\/kf\/HTB1ckSbnwLD8KJjSszeq6yGRpXai.jpg?width=950&amp;height=950&amp;size=404340&amp;hash=406240\"><img decoding=\"async\" src=\"https:\/\/ae01.alicdn.com\/kf\/HTB13ZaDnznD8KJjSspbq6zbEXXae.jpg\"><\/div>\n<div><img decoding=\"async\" src=\"https:\/\/ae01.alicdn.com\/kf\/HTB1hXyDnznD8KJjSspbq6zbEXXal.jpg?width=950&amp;height=834&amp;size=180944&amp;hash=182728\" data-spm-anchor-id=\"a2g0o.detail.1000023.i1.3fcebc94WBpowK\"><\/div>\n","protected":false},"excerpt":{"rendered":"<p>Liitokala Lii-402 18650 Smart Charger Cavo USB \/ Nero Il caricabatterie \u00e8 in grado di caricare batterie cilindriche agli ioni di litio (3,7 V e 3,8 V), Ni-MH\/Cd, celle al<\/p>\n","protected":false},"featured_media":108817,"comment_status":"open","ping_status":"closed","template":"","meta":{"_joinchat":[]},"pwb-brand":[],"product_cat":[1067],"product_tag":[],"class_list":{"0":"post-114715","1":"product","2":"type-product","3":"status-publish","4":"has-post-thumbnail","6":"product_cat-caricatori","8":"first","9":"instock","10":"taxable","11":"shipping-taxable","12":"purchasable","13":"product-type-simple"},"barcode":null,"atum_controlled":true,"out_stock_date":null,"out_stock_threshold":null,"inheritable":false,"stock_on_hold":0,"sold_today":0,"sales_last_days":0,"out_stock_days":0,"lost_sales":0,"update_date":"2026-04-18T09:22:07","atum_locations":[],"atum_stock_status":"instock","restock_status":false,"low_stock_amount":"","sales_update_date":"2026-04-18T09:22:07","calc_backorders":null,"yoast_head":"<!-- This site is optimized with the Yoast SEO plugin v27.3 - https:\/\/yoast.com\/product\/yoast-seo-wordpress\/ -->\n<title>Liitokala Lii-402 18650 Smart Charger Cavo USB \/ Nero - Iha Race<\/title>\n<meta name=\"robots\" content=\"index, follow, max-snippet:-1, max-image-preview:large, max-video-preview:-1\" \/>\n<link rel=\"canonical\" href=\"https:\/\/iha-race.com\/it\/prodotto\/liitokala-liitokala-lii-402-18650-smart-charger-usb-cable-nero\/\" \/>\n<meta property=\"og:locale\" content=\"it_IT\" \/>\n<meta property=\"og:type\" content=\"article\" \/>\n<meta property=\"og:title\" content=\"Liitokala Lii-402 18650 Smart Charger Cavo USB \/ Nero - Iha Race\" \/>\n<meta property=\"og:description\" content=\"Liitokala Lii-402 18650 Smart Charger Cavo USB \/ Nero Il caricabatterie \u00e8 in grado di caricare batterie cilindriche agli ioni di litio (3,7 V e 3,8 V), Ni-MH\/Cd, celle al\" \/>\n<meta property=\"og:url\" content=\"https:\/\/iha-race.com\/it\/prodotto\/liitokala-liitokala-lii-402-18650-smart-charger-usb-cable-nero\/\" \/>\n<meta property=\"og:site_name\" content=\"Iha Race\" \/>\n<meta property=\"article:modified_time\" content=\"2024-08-29T10:05:37+00:00\" \/>\n<meta property=\"og:image\" content=\"https:\/\/iha-race.com\/wp-content\/uploads\/2022\/05\/NUEVA-LiitoKala-lii-100-lii-202-lii-402-1-2-V-3-7-V-3-2.jpg\" \/>\n\t<meta property=\"og:image:width\" content=\"1000\" \/>\n\t<meta property=\"og:image:height\" content=\"1000\" \/>\n\t<meta property=\"og:image:type\" content=\"image\/jpeg\" \/>\n<meta name=\"twitter:card\" content=\"summary_large_image\" \/>\n<meta name=\"twitter:label1\" content=\"Tempo di lettura stimato\" \/>\n\t<meta name=\"twitter:data1\" content=\"3 minuti\" \/>\n<script type=\"application\/ld+json\" class=\"yoast-schema-graph\">{\"@context\":\"https:\\\/\\\/schema.org\",\"@graph\":[{\"@type\":\"WebPage\",\"@id\":\"https:\\\/\\\/iha-race.com\\\/it\\\/prodotto\\\/liitokala-liitokala-lii-402-18650-smart-charger-usb-cable-nero\\\/\",\"url\":\"https:\\\/\\\/iha-race.com\\\/it\\\/prodotto\\\/liitokala-liitokala-lii-402-18650-smart-charger-usb-cable-nero\\\/\",\"name\":\"Liitokala Lii-402 18650 Smart Charger Cavo USB \\\/ Nero - Iha Race\",\"isPartOf\":{\"@id\":\"https:\\\/\\\/iha-race.com\\\/it\\\/#website\"},\"primaryImageOfPage\":{\"@id\":\"https:\\\/\\\/iha-race.com\\\/it\\\/prodotto\\\/liitokala-liitokala-lii-402-18650-smart-charger-usb-cable-nero\\\/#primaryimage\"},\"image\":{\"@id\":\"https:\\\/\\\/iha-race.com\\\/it\\\/prodotto\\\/liitokala-liitokala-lii-402-18650-smart-charger-usb-cable-nero\\\/#primaryimage\"},\"thumbnailUrl\":\"https:\\\/\\\/iha-race.com\\\/wp-content\\\/uploads\\\/2022\\\/05\\\/NUEVA-LiitoKala-lii-100-lii-202-lii-402-1-2-V-3-7-V-3-2.jpg\",\"datePublished\":\"2022-05-23T14:30:37+00:00\",\"dateModified\":\"2024-08-29T10:05:37+00:00\",\"breadcrumb\":{\"@id\":\"https:\\\/\\\/iha-race.com\\\/it\\\/prodotto\\\/liitokala-liitokala-lii-402-18650-smart-charger-usb-cable-nero\\\/#breadcrumb\"},\"inLanguage\":\"it-IT\",\"potentialAction\":[{\"@type\":\"ReadAction\",\"target\":[\"https:\\\/\\\/iha-race.com\\\/it\\\/prodotto\\\/liitokala-liitokala-lii-402-18650-smart-charger-usb-cable-nero\\\/\"]}]},{\"@type\":\"ImageObject\",\"inLanguage\":\"it-IT\",\"@id\":\"https:\\\/\\\/iha-race.com\\\/it\\\/prodotto\\\/liitokala-liitokala-lii-402-18650-smart-charger-usb-cable-nero\\\/#primaryimage\",\"url\":\"https:\\\/\\\/iha-race.com\\\/wp-content\\\/uploads\\\/2022\\\/05\\\/NUEVA-LiitoKala-lii-100-lii-202-lii-402-1-2-V-3-7-V-3-2.jpg\",\"contentUrl\":\"https:\\\/\\\/iha-race.com\\\/wp-content\\\/uploads\\\/2022\\\/05\\\/NUEVA-LiitoKala-lii-100-lii-202-lii-402-1-2-V-3-7-V-3-2.jpg\",\"width\":1000,\"height\":1000,\"caption\":\"Acquista Liitokala Lii-402 18650 Smart Charger Cavo USB \\\/ Nero\"},{\"@type\":\"BreadcrumbList\",\"@id\":\"https:\\\/\\\/iha-race.com\\\/it\\\/prodotto\\\/liitokala-liitokala-lii-402-18650-smart-charger-usb-cable-nero\\\/#breadcrumb\",\"itemListElement\":[{\"@type\":\"ListItem\",\"position\":1,\"name\":\"Portada\",\"item\":\"https:\\\/\\\/iha-race.com\\\/it\\\/\"},{\"@type\":\"ListItem\",\"position\":2,\"name\":\"Negozio\",\"item\":\"https:\\\/\\\/iha-race.com\\\/it\\\/negozio\\\/\"},{\"@type\":\"ListItem\",\"position\":3,\"name\":\"Liitokala Lii-402 18650 Smart Charger Cavo USB \\\/ Nero\"}]},{\"@type\":\"WebSite\",\"@id\":\"https:\\\/\\\/iha-race.com\\\/it\\\/#website\",\"url\":\"https:\\\/\\\/iha-race.com\\\/it\\\/\",\"name\":\"Iha Race\",\"description\":\"Comprar drones de carreras FPV env\u00edos en un d\u00eda desde Espa\u00f1a\",\"publisher\":{\"@id\":\"https:\\\/\\\/iha-race.com\\\/it\\\/#organization\"},\"potentialAction\":[{\"@type\":\"SearchAction\",\"target\":{\"@type\":\"EntryPoint\",\"urlTemplate\":\"https:\\\/\\\/iha-race.com\\\/it\\\/?s={search_term_string}\"},\"query-input\":{\"@type\":\"PropertyValueSpecification\",\"valueRequired\":true,\"valueName\":\"search_term_string\"}}],\"inLanguage\":\"it-IT\"},{\"@type\":\"Organization\",\"@id\":\"https:\\\/\\\/iha-race.com\\\/it\\\/#organization\",\"name\":\"Iha Race\",\"url\":\"https:\\\/\\\/iha-race.com\\\/it\\\/\",\"logo\":{\"@type\":\"ImageObject\",\"inLanguage\":\"it-IT\",\"@id\":\"https:\\\/\\\/iha-race.com\\\/it\\\/#\\\/schema\\\/logo\\\/image\\\/\",\"url\":\"https:\\\/\\\/iha-race.com\\\/wp-content\\\/uploads\\\/2018\\\/07\\\/iha-race-drones-de-carreras-tienda-comprar-drones.png\",\"contentUrl\":\"https:\\\/\\\/iha-race.com\\\/wp-content\\\/uploads\\\/2018\\\/07\\\/iha-race-drones-de-carreras-tienda-comprar-drones.png\",\"width\":300,\"height\":100,\"caption\":\"Iha Race\"},\"image\":{\"@id\":\"https:\\\/\\\/iha-race.com\\\/it\\\/#\\\/schema\\\/logo\\\/image\\\/\"}}]}<\/script>\n<!-- \/ Yoast SEO plugin. -->","yoast_head_json":{"title":"Liitokala Lii-402 18650 Smart Charger Cavo USB \/ Nero - Iha Race","robots":{"index":"index","follow":"follow","max-snippet":"max-snippet:-1","max-image-preview":"max-image-preview:large","max-video-preview":"max-video-preview:-1"},"canonical":"https:\/\/iha-race.com\/it\/prodotto\/liitokala-liitokala-lii-402-18650-smart-charger-usb-cable-nero\/","og_locale":"it_IT","og_type":"article","og_title":"Liitokala Lii-402 18650 Smart Charger Cavo USB \/ Nero - Iha Race","og_description":"Liitokala Lii-402 18650 Smart Charger Cavo USB \/ Nero Il caricabatterie \u00e8 in grado di caricare batterie cilindriche agli ioni di litio (3,7 V e 3,8 V), Ni-MH\/Cd, celle al","og_url":"https:\/\/iha-race.com\/it\/prodotto\/liitokala-liitokala-lii-402-18650-smart-charger-usb-cable-nero\/","og_site_name":"Iha Race","article_modified_time":"2024-08-29T10:05:37+00:00","og_image":[{"width":1000,"height":1000,"url":"https:\/\/iha-race.com\/wp-content\/uploads\/2022\/05\/NUEVA-LiitoKala-lii-100-lii-202-lii-402-1-2-V-3-7-V-3-2.jpg","type":"image\/jpeg"}],"twitter_card":"summary_large_image","twitter_misc":{"Tempo di lettura stimato":"3 minuti"},"schema":{"@context":"https:\/\/schema.org","@graph":[{"@type":"WebPage","@id":"https:\/\/iha-race.com\/it\/prodotto\/liitokala-liitokala-lii-402-18650-smart-charger-usb-cable-nero\/","url":"https:\/\/iha-race.com\/it\/prodotto\/liitokala-liitokala-lii-402-18650-smart-charger-usb-cable-nero\/","name":"Liitokala Lii-402 18650 Smart Charger Cavo USB \/ Nero - Iha Race","isPartOf":{"@id":"https:\/\/iha-race.com\/it\/#website"},"primaryImageOfPage":{"@id":"https:\/\/iha-race.com\/it\/prodotto\/liitokala-liitokala-lii-402-18650-smart-charger-usb-cable-nero\/#primaryimage"},"image":{"@id":"https:\/\/iha-race.com\/it\/prodotto\/liitokala-liitokala-lii-402-18650-smart-charger-usb-cable-nero\/#primaryimage"},"thumbnailUrl":"https:\/\/iha-race.com\/wp-content\/uploads\/2022\/05\/NUEVA-LiitoKala-lii-100-lii-202-lii-402-1-2-V-3-7-V-3-2.jpg","datePublished":"2022-05-23T14:30:37+00:00","dateModified":"2024-08-29T10:05:37+00:00","breadcrumb":{"@id":"https:\/\/iha-race.com\/it\/prodotto\/liitokala-liitokala-lii-402-18650-smart-charger-usb-cable-nero\/#breadcrumb"},"inLanguage":"it-IT","potentialAction":[{"@type":"ReadAction","target":["https:\/\/iha-race.com\/it\/prodotto\/liitokala-liitokala-lii-402-18650-smart-charger-usb-cable-nero\/"]}]},{"@type":"ImageObject","inLanguage":"it-IT","@id":"https:\/\/iha-race.com\/it\/prodotto\/liitokala-liitokala-lii-402-18650-smart-charger-usb-cable-nero\/#primaryimage","url":"https:\/\/iha-race.com\/wp-content\/uploads\/2022\/05\/NUEVA-LiitoKala-lii-100-lii-202-lii-402-1-2-V-3-7-V-3-2.jpg","contentUrl":"https:\/\/iha-race.com\/wp-content\/uploads\/2022\/05\/NUEVA-LiitoKala-lii-100-lii-202-lii-402-1-2-V-3-7-V-3-2.jpg","width":1000,"height":1000,"caption":"Acquista Liitokala Lii-402 18650 Smart Charger Cavo USB \/ Nero"},{"@type":"BreadcrumbList","@id":"https:\/\/iha-race.com\/it\/prodotto\/liitokala-liitokala-lii-402-18650-smart-charger-usb-cable-nero\/#breadcrumb","itemListElement":[{"@type":"ListItem","position":1,"name":"Portada","item":"https:\/\/iha-race.com\/it\/"},{"@type":"ListItem","position":2,"name":"Negozio","item":"https:\/\/iha-race.com\/it\/negozio\/"},{"@type":"ListItem","position":3,"name":"Liitokala Lii-402 18650 Smart Charger Cavo USB \/ Nero"}]},{"@type":"WebSite","@id":"https:\/\/iha-race.com\/it\/#website","url":"https:\/\/iha-race.com\/it\/","name":"Iha Race","description":"Comprar drones de carreras FPV env\u00edos en un d\u00eda desde Espa\u00f1a","publisher":{"@id":"https:\/\/iha-race.com\/it\/#organization"},"potentialAction":[{"@type":"SearchAction","target":{"@type":"EntryPoint","urlTemplate":"https:\/\/iha-race.com\/it\/?s={search_term_string}"},"query-input":{"@type":"PropertyValueSpecification","valueRequired":true,"valueName":"search_term_string"}}],"inLanguage":"it-IT"},{"@type":"Organization","@id":"https:\/\/iha-race.com\/it\/#organization","name":"Iha Race","url":"https:\/\/iha-race.com\/it\/","logo":{"@type":"ImageObject","inLanguage":"it-IT","@id":"https:\/\/iha-race.com\/it\/#\/schema\/logo\/image\/","url":"https:\/\/iha-race.com\/wp-content\/uploads\/2018\/07\/iha-race-drones-de-carreras-tienda-comprar-drones.png","contentUrl":"https:\/\/iha-race.com\/wp-content\/uploads\/2018\/07\/iha-race-drones-de-carreras-tienda-comprar-drones.png","width":300,"height":100,"caption":"Iha Race"},"image":{"@id":"https:\/\/iha-race.com\/it\/#\/schema\/logo\/image\/"}}]}},"jetpack_sharing_enabled":true,"brands":[],"_links":{"self":[{"href":"https:\/\/iha-race.com\/it\/wp-json\/wp\/v2\/product\/114715","targetHints":{"allow":["GET"]}}],"collection":[{"href":"https:\/\/iha-race.com\/it\/wp-json\/wp\/v2\/product"}],"about":[{"href":"https:\/\/iha-race.com\/it\/wp-json\/wp\/v2\/types\/product"}],"replies":[{"embeddable":true,"href":"https:\/\/iha-race.com\/it\/wp-json\/wp\/v2\/comments?post=114715"}],"version-history":[{"count":2,"href":"https:\/\/iha-race.com\/it\/wp-json\/wp\/v2\/product\/114715\/revisions"}],"predecessor-version":[{"id":249144,"href":"https:\/\/iha-race.com\/it\/wp-json\/wp\/v2\/product\/114715\/revisions\/249144"}],"wp:featuredmedia":[{"embeddable":true,"href":"https:\/\/iha-race.com\/it\/wp-json\/wp\/v2\/media\/108817"}],"wp:attachment":[{"href":"https:\/\/iha-race.com\/it\/wp-json\/wp\/v2\/media?parent=114715"}],"wp:term":[{"taxonomy":"pwb-brand","embeddable":true,"href":"https:\/\/iha-race.com\/it\/wp-json\/wp\/v2\/pwb-brand?post=114715"},{"taxonomy":"product_cat","embeddable":true,"href":"https:\/\/iha-race.com\/it\/wp-json\/wp\/v2\/product_cat?post=114715"},{"taxonomy":"product_tag","embeddable":true,"href":"https:\/\/iha-race.com\/it\/wp-json\/wp\/v2\/product_tag?post=114715"}],"curies":[{"name":"wp","href":"https:\/\/api.w.org\/{rel}","templated":true}]}}