{"id":114645,"date":"2021-10-05T09:43:17","date_gmt":"2021-10-05T07:43:17","guid":{"rendered":"https:\/\/iha-race.com\/producto\/motori-betafpv-1102-18000kv\/"},"modified":"2024-08-29T12:14:55","modified_gmt":"2024-08-29T10:14:55","slug":"motores-betafpv-1102-18000kv","status":"publish","type":"product","link":"https:\/\/iha-race.com\/it\/prodotto\/motores-betafpv-1102-18000kv\/","title":{"rendered":"Motori BetaFPV 1102 &#8211; 18000kv"},"content":{"rendered":"<h2>Motori BetaFPV 1102 &#8211; 18000kv<\/h2>\n<h3>Caratteristiche:<\/h3>\n<p>  Per fornire una spinta maggiore al drone 1S, \u00e8 stato rilasciato il motore 1102 &#8211; 18000KV. \u00c8 adatto alla maggior parte delle montature da 75 mm 1 s. Abbinato alla <a href=\"https:\/\/iha-race.com\/categoria-producto\/baterias-para-drones\/s1\/?filter_marca=betafpv&amp;query_type_marca=or\" target=\"_blank\" rel=\"noopener\">batteria della serie BT2.0<\/a>, il tempo di volo sar\u00e0 pi\u00f9 lungo.  <span class=\"a-list-item\">Il motore 1102 18000KV ha una lunghezza del cavo di 37 mm che si abbina bene alla serie di droni <strong>Meteor75<\/strong>.<\/span><\/p>\n<p><img fetchpriority=\"high\" decoding=\"async\" class=\"wp-image-70647 size-large aligncenter\" src=\"https:\/\/iha-race.com\/wp-content\/uploads\/2021\/10\/Motores-BetaFPV-1102-18000kv-1-1024x576.jpg\" alt=\"\" width=\"840\" height=\"473\" srcset=\"https:\/\/iha-race.com\/wp-content\/uploads\/2021\/10\/Motores-BetaFPV-1102-18000kv-1.jpg 1024w, https:\/\/iha-race.com\/wp-content\/uploads\/2021\/10\/Motores-BetaFPV-1102-18000kv-1-300x169.jpg 300w, https:\/\/iha-race.com\/wp-content\/uploads\/2021\/10\/Motores-BetaFPV-1102-18000kv-1-768x432.jpg 768w, https:\/\/iha-race.com\/wp-content\/uploads\/2021\/10\/Motores-BetaFPV-1102-18000kv-1-1536x864.jpg 1536w, https:\/\/iha-race.com\/wp-content\/uploads\/2021\/10\/Motores-BetaFPV-1102-18000kv-1-2048x1152.jpg 2048w, https:\/\/iha-race.com\/wp-content\/uploads\/2021\/10\/Motores-BetaFPV-1102-18000kv-1-267x150.jpg 267w, https:\/\/iha-race.com\/wp-content\/uploads\/2021\/10\/Motores-BetaFPV-1102-18000kv-1-100x56.jpg 100w, https:\/\/iha-race.com\/wp-content\/uploads\/2021\/10\/Motores-BetaFPV-1102-18000kv-1-622x350.jpg 622w, https:\/\/iha-race.com\/wp-content\/uploads\/2021\/10\/Motores-BetaFPV-1102-18000kv-1-788x443.jpg 788w, https:\/\/iha-race.com\/wp-content\/uploads\/2021\/10\/Motores-BetaFPV-1102-18000kv-1-599x337.jpg 599w\" sizes=\"(max-width: 840px) 100vw, 840px\" \/>  Utilizzando la tecnologia dei cuscinetti a sfera, l&#8217;attrito tra gli stessi \u00e8 stato efficacemente ridotto. <span class=\"tlid-translation translation\" lang=\"en\"><span class=\"\" title=\"\">le <\/span><\/span><span lang=\"en\"><span title=\"\">superfici di <\/span><\/span><span class=\"tlid-translation translation\" lang=\"en\"><span class=\"\" title=\"\">le <\/span><\/span><span lang=\"en\"><span title=\"\">hanno aumentato la loro durata e migliorato la loro efficienza.<\/span><\/span> efficienza migliorata.  <img decoding=\"async\" class=\"wp-image-70648 size-large aligncenter\" src=\"https:\/\/iha-race.com\/wp-content\/uploads\/2021\/10\/Motores-BetaFPV-1102-18000kv-2-1024x340.jpg\" alt=\"\" width=\"840\" height=\"279\" srcset=\"https:\/\/iha-race.com\/wp-content\/uploads\/2021\/10\/Motores-BetaFPV-1102-18000kv-2-1024x340.jpg 1024w, https:\/\/iha-race.com\/wp-content\/uploads\/2021\/10\/Motores-BetaFPV-1102-18000kv-2-300x100.jpg 300w, https:\/\/iha-race.com\/wp-content\/uploads\/2021\/10\/Motores-BetaFPV-1102-18000kv-2-766x254.jpg 766w, https:\/\/iha-race.com\/wp-content\/uploads\/2021\/10\/Motores-BetaFPV-1102-18000kv-2-1536x509.jpg 1536w, https:\/\/iha-race.com\/wp-content\/uploads\/2021\/10\/Motores-BetaFPV-1102-18000kv-2-2048x679.jpg 2048w, https:\/\/iha-race.com\/wp-content\/uploads\/2021\/10\/Motores-BetaFPV-1102-18000kv-2-452x150.jpg 452w, https:\/\/iha-race.com\/wp-content\/uploads\/2021\/10\/Motores-BetaFPV-1102-18000kv-2-100x33.jpg 100w, https:\/\/iha-race.com\/wp-content\/uploads\/2021\/10\/Motores-BetaFPV-1102-18000kv-2-1055x350.jpg 1055w, https:\/\/iha-race.com\/wp-content\/uploads\/2021\/10\/Motores-BetaFPV-1102-18000kv-2-788x261.jpg 788w, https:\/\/iha-race.com\/wp-content\/uploads\/2021\/10\/Motores-BetaFPV-1102-18000kv-2.jpg 600w\" sizes=\"(max-width: 840px) 100vw, 840px\" \/><\/p>\n<h3>Informazioni aggiuntive:<\/h3>\n<ul>\n<li>Adotta la tecnologia dei cuscinetti a sfera, che riduce in modo efficace l&#8217;attrito tra il <span class=\"tlid-translation translation\" lang=\"en\"><span class=\"\" title=\"\">le<\/span><\/span><span lang=\"en\"><span title=\"\"> superfici <\/span><\/span><span class=\"tlid-translation translation\" lang=\"en\"><span class=\"\" title=\"\">superfici dei<\/span><\/span><span lang=\"en\"><span title=\"\"> superfici dei cuscinetti, aumentando la durata del motore e migliorandone l&#8217;efficienza.<\/span><\/span> migliorare l&#8217;efficienza del motore.<\/li>\n<li>Il filo conduttore \u00e8 saldato al circuito stampato, in modo da poterlo riparare pi\u00f9 facilmente una volta scollegato.<\/li>\n<li>Grazie alla sua squisita lavorazione, offre una potenza e una spinta incredibili, con un peso minimo di 3,01 g, una struttura robusta e materiali di alta qualit\u00e0 che lo fanno funzionare come una bestia.<\/li>\n<li><span class=\"a-list-item\">Dispone di un bilanciamento dinamico e di un cuscinetto di smorzamento resistente allo schiacciamento, in grado di eliminare efficacemente le vibrazioni.<\/span><\/li>\n<\/ul>\n<p>&nbsp;<\/p>\n<h3>Specifiche:<\/h3>\n<ul>\n<li><strong>Altezza:<\/strong> 15,2 mm.<\/li>\n<li><strong>Peso:<\/strong> 2,95 g \/ pz.<\/li>\n<li><strong>Albero:<\/strong> \u03c61,5 mm.<\/li>\n<li><strong>Fori di montaggio del motore:<\/strong> 6,6 mm.<\/li>\n<li><strong>KV (giri\/min \/ V):<\/strong> 18000KV.<\/li>\n<li><strong>Tensione di ingresso:<\/strong> lipo 1-2 S.<\/li>\n<li><strong>Spina e cavi:<\/strong> connettore Micro JST-1,25 a 3 pin con fili da 30AWG.<\/li>\n<\/ul>\n<p><img decoding=\"async\" class=\"aligncenter wp-image-70649 size-large\" src=\"https:\/\/iha-race.com\/wp-content\/uploads\/2021\/10\/Motores-BetaFPV-1102-18000kv-3-1024x490.jpg\" alt=\"\" width=\"840\" height=\"402\" srcset=\"https:\/\/iha-race.com\/wp-content\/uploads\/2021\/10\/Motores-BetaFPV-1102-18000kv-3-1024x490.jpg 1024w, https:\/\/iha-race.com\/wp-content\/uploads\/2021\/10\/Motores-BetaFPV-1102-18000kv-3-300x144.jpg 300w, https:\/\/iha-race.com\/wp-content\/uploads\/2021\/10\/Motores-BetaFPV-1102-18000kv-3-767x367.jpg 767w, https:\/\/iha-race.com\/wp-content\/uploads\/2021\/10\/Motores-BetaFPV-1102-18000kv-3-1536x735.jpg 1536w, https:\/\/iha-race.com\/wp-content\/uploads\/2021\/10\/Motores-BetaFPV-1102-18000kv-3-2048x980.jpg 2048w, https:\/\/iha-race.com\/wp-content\/uploads\/2021\/10\/Motores-BetaFPV-1102-18000kv-3-314x150.jpg 314w, https:\/\/iha-race.com\/wp-content\/uploads\/2021\/10\/Motores-BetaFPV-1102-18000kv-3-100x48.jpg 100w, https:\/\/iha-race.com\/wp-content\/uploads\/2021\/10\/Motores-BetaFPV-1102-18000kv-3-732x350.jpg 732w, https:\/\/iha-race.com\/wp-content\/uploads\/2021\/10\/Motores-BetaFPV-1102-18000kv-3-788x376.jpg 788w, https:\/\/iha-race.com\/wp-content\/uploads\/2021\/10\/Motores-BetaFPV-1102-18000kv-3.jpg 600w\" sizes=\"(max-width: 840px) 100vw, 840px\" \/><\/p>\n<h3>Raccomandazione sulle parti:<\/h3>\n<ul>\n<li><strong>Batterie: <\/strong><a href=\"https:\/\/iha-race.com\/producto\/bateria-betafpv-bt2-0-300mah-1s-30c-2-unidades\/\" target=\"_blank\" rel=\"noopener\">Batteria BT2.0 300mAh 1S<\/a> \/ <a href=\"https:\/\/iha-race.com\/producto\/bateria-betafpv-bt2-0-450mah-1s-30c-4-unidades\/\" target=\"_blank\" rel=\"noopener\">Batteria BT2.0 450mAh 1S<\/a><\/li>\n<li><strong>Telaio:<\/strong> Telaio HX100 SE in fibra di carbonio \/ Telaio Beta75 Pro \/ Telaio Meteor75 \/ <a href=\"https:\/\/iha-race.com\/producto\/marco-meteor65-micro-whoop-sin-escobillas\/\">Telaio Meteor65<\/a><\/li>\n<li><strong>Eliche:<\/strong> eliche a 4 pale da 40 mm \/ <a href=\"https:\/\/iha-race.com\/producto\/betafpv-x-gemfan-40mm-helices-de-4-cuchillas-eje-de-1-5mm\/\">Betafpv X Gemfan 40 mm (albero da 1,5 mm)<\/a> \/ eliche a 2 pale da 65 mm \/ <a href=\"https:\/\/iha-race.com\/producto\/helices-bi-pala-betafpv-hq3020-eje-1-5mm\/\">BetaFPV HQ3020 eliche bipala<\/a><\/li>\n<li><strong>Controllore di volo:<\/strong> controllore di volo brushless F4 1S FC \/ scheda AIO F4 1S 12A AIO<\/li>\n<\/ul>\n<h3>Il pacchetto comprende:<\/h3>\n<ul>\n<li>1 o 4 Motore brushless 1102 18000KV<\/li>\n<li>1 confezione di viti M1.4 x 4<\/li>\n<\/ul>\n","protected":false},"excerpt":{"rendered":"<p>Per fornire una spinta maggiore sul drone 1S, \u00e8 stato rilasciato il motore 1102 &#8211; 18000KV. \u00c8 adatto alla maggior parte delle montature da 75 mm 1 s. Abbinato alla <a href=\"https:\/\/iha-race.com\/categoria-producto\/baterias-para-drones\/s1\/?filter_marca=betafpv&amp;query_type_marca=or\" target=\"_blank\" rel=\"noopener\">batteria della serie BT2.0<\/a>, il tempo di volo sar\u00e0 pi\u00f9 lungo.<\/p>\n","protected":false},"featured_media":105868,"comment_status":"open","ping_status":"closed","template":"","meta":{"_joinchat":[]},"pwb-brand":[],"product_cat":[1242,2479],"product_tag":[],"class_list":{"0":"post-114645","1":"product","2":"type-product","3":"status-publish","4":"has-post-thumbnail","6":"product_cat-motori-fpv","7":"product_cat-senza-spazzole-e-senza-albero","9":"first","10":"instock","11":"taxable","12":"shipping-taxable","13":"purchasable","14":"product-type-variable"},"barcode":null,"atum_controlled":true,"out_stock_date":null,"out_stock_threshold":null,"inheritable":true,"stock_on_hold":0,"sold_today":0,"sales_last_days":0,"out_stock_days":0,"lost_sales":0,"update_date":"2026-03-21T11:17:11","atum_locations":[],"atum_stock_status":"instock","restock_status":false,"low_stock_amount":"","sales_update_date":"2026-03-21T11:17:11","calc_backorders":null,"yoast_head":"<!-- This site is optimized with the Yoast SEO plugin v27.3 - https:\/\/yoast.com\/product\/yoast-seo-wordpress\/ -->\n<title>Motori BetaFPV 1102 - 18000kv - Iha Race<\/title>\n<meta name=\"robots\" content=\"index, follow, max-snippet:-1, max-image-preview:large, max-video-preview:-1\" \/>\n<link rel=\"canonical\" href=\"https:\/\/iha-race.com\/it\/prodotto\/motores-betafpv-1102-18000kv\/\" \/>\n<meta property=\"og:locale\" content=\"it_IT\" \/>\n<meta property=\"og:type\" content=\"article\" \/>\n<meta property=\"og:title\" content=\"Motori BetaFPV 1102 - 18000kv - Iha Race\" \/>\n<meta property=\"og:description\" content=\"Per fornire una spinta maggiore sul drone 1S, \u00e8 stato rilasciato il motore 1102 - 18000KV. \u00c8 adatto alla maggior parte delle montature da 75 mm 1 s. Abbinato alla batteria della serie BT2.0, il tempo di volo sar\u00e0 pi\u00f9 lungo.\" \/>\n<meta property=\"og:url\" content=\"https:\/\/iha-race.com\/it\/prodotto\/motores-betafpv-1102-18000kv\/\" \/>\n<meta property=\"og:site_name\" content=\"Iha Race\" \/>\n<meta property=\"article:modified_time\" content=\"2024-08-29T10:14:55+00:00\" \/>\n<meta property=\"og:image\" content=\"https:\/\/iha-race.com\/wp-content\/uploads\/2021\/10\/Motores-BetaFPV-1102-18000kv.jpg\" \/>\n\t<meta property=\"og:image:width\" content=\"720\" \/>\n\t<meta property=\"og:image:height\" content=\"720\" \/>\n\t<meta property=\"og:image:type\" content=\"image\/jpeg\" \/>\n<meta name=\"twitter:card\" content=\"summary_large_image\" \/>\n<meta name=\"twitter:label1\" content=\"Tempo di lettura stimato\" \/>\n\t<meta name=\"twitter:data1\" content=\"2 minuti\" \/>\n<script type=\"application\/ld+json\" class=\"yoast-schema-graph\">{\"@context\":\"https:\\\/\\\/schema.org\",\"@graph\":[{\"@type\":\"WebPage\",\"@id\":\"https:\\\/\\\/iha-race.com\\\/it\\\/prodotto\\\/motores-betafpv-1102-18000kv\\\/\",\"url\":\"https:\\\/\\\/iha-race.com\\\/it\\\/prodotto\\\/motores-betafpv-1102-18000kv\\\/\",\"name\":\"Motori BetaFPV 1102 - 18000kv - Iha Race\",\"isPartOf\":{\"@id\":\"https:\\\/\\\/iha-race.com\\\/it\\\/#website\"},\"primaryImageOfPage\":{\"@id\":\"https:\\\/\\\/iha-race.com\\\/it\\\/prodotto\\\/motores-betafpv-1102-18000kv\\\/#primaryimage\"},\"image\":{\"@id\":\"https:\\\/\\\/iha-race.com\\\/it\\\/prodotto\\\/motores-betafpv-1102-18000kv\\\/#primaryimage\"},\"thumbnailUrl\":\"https:\\\/\\\/iha-race.com\\\/wp-content\\\/uploads\\\/2021\\\/10\\\/Motores-BetaFPV-1102-18000kv.jpg\",\"datePublished\":\"2021-10-05T07:43:17+00:00\",\"dateModified\":\"2024-08-29T10:14:55+00:00\",\"breadcrumb\":{\"@id\":\"https:\\\/\\\/iha-race.com\\\/it\\\/prodotto\\\/motores-betafpv-1102-18000kv\\\/#breadcrumb\"},\"inLanguage\":\"it-IT\",\"potentialAction\":[{\"@type\":\"ReadAction\",\"target\":[\"https:\\\/\\\/iha-race.com\\\/it\\\/prodotto\\\/motores-betafpv-1102-18000kv\\\/\"]}]},{\"@type\":\"ImageObject\",\"inLanguage\":\"it-IT\",\"@id\":\"https:\\\/\\\/iha-race.com\\\/it\\\/prodotto\\\/motores-betafpv-1102-18000kv\\\/#primaryimage\",\"url\":\"https:\\\/\\\/iha-race.com\\\/wp-content\\\/uploads\\\/2021\\\/10\\\/Motores-BetaFPV-1102-18000kv.jpg\",\"contentUrl\":\"https:\\\/\\\/iha-race.com\\\/wp-content\\\/uploads\\\/2021\\\/10\\\/Motores-BetaFPV-1102-18000kv.jpg\",\"width\":720,\"height\":720,\"caption\":\"acquistare i motori pi\u00f9 economici BetaFPV 1102 18000kv\"},{\"@type\":\"BreadcrumbList\",\"@id\":\"https:\\\/\\\/iha-race.com\\\/it\\\/prodotto\\\/motores-betafpv-1102-18000kv\\\/#breadcrumb\",\"itemListElement\":[{\"@type\":\"ListItem\",\"position\":1,\"name\":\"Portada\",\"item\":\"https:\\\/\\\/iha-race.com\\\/it\\\/\"},{\"@type\":\"ListItem\",\"position\":2,\"name\":\"Negozio\",\"item\":\"https:\\\/\\\/iha-race.com\\\/it\\\/negozio\\\/\"},{\"@type\":\"ListItem\",\"position\":3,\"name\":\"Motori BetaFPV 1102 &#8211; 18000kv\"}]},{\"@type\":\"WebSite\",\"@id\":\"https:\\\/\\\/iha-race.com\\\/it\\\/#website\",\"url\":\"https:\\\/\\\/iha-race.com\\\/it\\\/\",\"name\":\"Iha Race\",\"description\":\"Comprar drones de carreras FPV env\u00edos en un d\u00eda desde Espa\u00f1a\",\"publisher\":{\"@id\":\"https:\\\/\\\/iha-race.com\\\/it\\\/#organization\"},\"potentialAction\":[{\"@type\":\"SearchAction\",\"target\":{\"@type\":\"EntryPoint\",\"urlTemplate\":\"https:\\\/\\\/iha-race.com\\\/it\\\/?s={search_term_string}\"},\"query-input\":{\"@type\":\"PropertyValueSpecification\",\"valueRequired\":true,\"valueName\":\"search_term_string\"}}],\"inLanguage\":\"it-IT\"},{\"@type\":\"Organization\",\"@id\":\"https:\\\/\\\/iha-race.com\\\/it\\\/#organization\",\"name\":\"Iha Race\",\"url\":\"https:\\\/\\\/iha-race.com\\\/it\\\/\",\"logo\":{\"@type\":\"ImageObject\",\"inLanguage\":\"it-IT\",\"@id\":\"https:\\\/\\\/iha-race.com\\\/it\\\/#\\\/schema\\\/logo\\\/image\\\/\",\"url\":\"https:\\\/\\\/iha-race.com\\\/wp-content\\\/uploads\\\/2018\\\/07\\\/iha-race-drones-de-carreras-tienda-comprar-drones.png\",\"contentUrl\":\"https:\\\/\\\/iha-race.com\\\/wp-content\\\/uploads\\\/2018\\\/07\\\/iha-race-drones-de-carreras-tienda-comprar-drones.png\",\"width\":300,\"height\":100,\"caption\":\"Iha Race\"},\"image\":{\"@id\":\"https:\\\/\\\/iha-race.com\\\/it\\\/#\\\/schema\\\/logo\\\/image\\\/\"}}]}<\/script>\n<!-- \/ Yoast SEO plugin. -->","yoast_head_json":{"title":"Motori BetaFPV 1102 - 18000kv - Iha Race","robots":{"index":"index","follow":"follow","max-snippet":"max-snippet:-1","max-image-preview":"max-image-preview:large","max-video-preview":"max-video-preview:-1"},"canonical":"https:\/\/iha-race.com\/it\/prodotto\/motores-betafpv-1102-18000kv\/","og_locale":"it_IT","og_type":"article","og_title":"Motori BetaFPV 1102 - 18000kv - Iha Race","og_description":"Per fornire una spinta maggiore sul drone 1S, \u00e8 stato rilasciato il motore 1102 - 18000KV. \u00c8 adatto alla maggior parte delle montature da 75 mm 1 s. Abbinato alla batteria della serie BT2.0, il tempo di volo sar\u00e0 pi\u00f9 lungo.","og_url":"https:\/\/iha-race.com\/it\/prodotto\/motores-betafpv-1102-18000kv\/","og_site_name":"Iha Race","article_modified_time":"2024-08-29T10:14:55+00:00","og_image":[{"width":720,"height":720,"url":"https:\/\/iha-race.com\/wp-content\/uploads\/2021\/10\/Motores-BetaFPV-1102-18000kv.jpg","type":"image\/jpeg"}],"twitter_card":"summary_large_image","twitter_misc":{"Tempo di lettura stimato":"2 minuti"},"schema":{"@context":"https:\/\/schema.org","@graph":[{"@type":"WebPage","@id":"https:\/\/iha-race.com\/it\/prodotto\/motores-betafpv-1102-18000kv\/","url":"https:\/\/iha-race.com\/it\/prodotto\/motores-betafpv-1102-18000kv\/","name":"Motori BetaFPV 1102 - 18000kv - Iha Race","isPartOf":{"@id":"https:\/\/iha-race.com\/it\/#website"},"primaryImageOfPage":{"@id":"https:\/\/iha-race.com\/it\/prodotto\/motores-betafpv-1102-18000kv\/#primaryimage"},"image":{"@id":"https:\/\/iha-race.com\/it\/prodotto\/motores-betafpv-1102-18000kv\/#primaryimage"},"thumbnailUrl":"https:\/\/iha-race.com\/wp-content\/uploads\/2021\/10\/Motores-BetaFPV-1102-18000kv.jpg","datePublished":"2021-10-05T07:43:17+00:00","dateModified":"2024-08-29T10:14:55+00:00","breadcrumb":{"@id":"https:\/\/iha-race.com\/it\/prodotto\/motores-betafpv-1102-18000kv\/#breadcrumb"},"inLanguage":"it-IT","potentialAction":[{"@type":"ReadAction","target":["https:\/\/iha-race.com\/it\/prodotto\/motores-betafpv-1102-18000kv\/"]}]},{"@type":"ImageObject","inLanguage":"it-IT","@id":"https:\/\/iha-race.com\/it\/prodotto\/motores-betafpv-1102-18000kv\/#primaryimage","url":"https:\/\/iha-race.com\/wp-content\/uploads\/2021\/10\/Motores-BetaFPV-1102-18000kv.jpg","contentUrl":"https:\/\/iha-race.com\/wp-content\/uploads\/2021\/10\/Motores-BetaFPV-1102-18000kv.jpg","width":720,"height":720,"caption":"acquistare i motori pi\u00f9 economici BetaFPV 1102 18000kv"},{"@type":"BreadcrumbList","@id":"https:\/\/iha-race.com\/it\/prodotto\/motores-betafpv-1102-18000kv\/#breadcrumb","itemListElement":[{"@type":"ListItem","position":1,"name":"Portada","item":"https:\/\/iha-race.com\/it\/"},{"@type":"ListItem","position":2,"name":"Negozio","item":"https:\/\/iha-race.com\/it\/negozio\/"},{"@type":"ListItem","position":3,"name":"Motori BetaFPV 1102 &#8211; 18000kv"}]},{"@type":"WebSite","@id":"https:\/\/iha-race.com\/it\/#website","url":"https:\/\/iha-race.com\/it\/","name":"Iha Race","description":"Comprar drones de carreras FPV env\u00edos en un d\u00eda desde Espa\u00f1a","publisher":{"@id":"https:\/\/iha-race.com\/it\/#organization"},"potentialAction":[{"@type":"SearchAction","target":{"@type":"EntryPoint","urlTemplate":"https:\/\/iha-race.com\/it\/?s={search_term_string}"},"query-input":{"@type":"PropertyValueSpecification","valueRequired":true,"valueName":"search_term_string"}}],"inLanguage":"it-IT"},{"@type":"Organization","@id":"https:\/\/iha-race.com\/it\/#organization","name":"Iha Race","url":"https:\/\/iha-race.com\/it\/","logo":{"@type":"ImageObject","inLanguage":"it-IT","@id":"https:\/\/iha-race.com\/it\/#\/schema\/logo\/image\/","url":"https:\/\/iha-race.com\/wp-content\/uploads\/2018\/07\/iha-race-drones-de-carreras-tienda-comprar-drones.png","contentUrl":"https:\/\/iha-race.com\/wp-content\/uploads\/2018\/07\/iha-race-drones-de-carreras-tienda-comprar-drones.png","width":300,"height":100,"caption":"Iha Race"},"image":{"@id":"https:\/\/iha-race.com\/it\/#\/schema\/logo\/image\/"}}]}},"brands":[],"_links":{"self":[{"href":"https:\/\/iha-race.com\/it\/wp-json\/wp\/v2\/product\/114645","targetHints":{"allow":["GET"]}}],"collection":[{"href":"https:\/\/iha-race.com\/it\/wp-json\/wp\/v2\/product"}],"about":[{"href":"https:\/\/iha-race.com\/it\/wp-json\/wp\/v2\/types\/product"}],"replies":[{"embeddable":true,"href":"https:\/\/iha-race.com\/it\/wp-json\/wp\/v2\/comments?post=114645"}],"version-history":[{"count":2,"href":"https:\/\/iha-race.com\/it\/wp-json\/wp\/v2\/product\/114645\/revisions"}],"predecessor-version":[{"id":249310,"href":"https:\/\/iha-race.com\/it\/wp-json\/wp\/v2\/product\/114645\/revisions\/249310"}],"wp:featuredmedia":[{"embeddable":true,"href":"https:\/\/iha-race.com\/it\/wp-json\/wp\/v2\/media\/105868"}],"wp:attachment":[{"href":"https:\/\/iha-race.com\/it\/wp-json\/wp\/v2\/media?parent=114645"}],"wp:term":[{"taxonomy":"pwb-brand","embeddable":true,"href":"https:\/\/iha-race.com\/it\/wp-json\/wp\/v2\/pwb-brand?post=114645"},{"taxonomy":"product_cat","embeddable":true,"href":"https:\/\/iha-race.com\/it\/wp-json\/wp\/v2\/product_cat?post=114645"},{"taxonomy":"product_tag","embeddable":true,"href":"https:\/\/iha-race.com\/it\/wp-json\/wp\/v2\/product_tag?post=114645"}],"curies":[{"name":"wp","href":"https:\/\/api.w.org\/{rel}","templated":true}]}}