{"id":114616,"date":"2021-06-22T14:14:27","date_gmt":"2021-06-22T12:14:27","guid":{"rendered":"https:\/\/iha-race.com\/producto\/eliche-hq-prop-multi-rotor-8-9-10-11-12-cw-ccw\/"},"modified":"2024-08-29T12:24:02","modified_gmt":"2024-08-29T10:24:02","slug":"helices-hq-prop-multi-rotor-8-9-10-11-12-cw-ccw","status":"publish","type":"product","link":"https:\/\/iha-race.com\/it\/prodotto\/helices-hq-prop-multi-rotor-8-9-10-11-12-cw-ccw\/","title":{"rendered":"Eliche HQ Prop Multi Rotor 8&#8243; 9&#8243; 10&#8243; 11&#8243; 12&#8243; (CW\/CCW)"},"content":{"rendered":"<h2>Eliche HQ Prop Multi Rotor 8&#8243; 9&#8243; 10&#8243; 11&#8243; 12&#8243; (CW\/CCW)<\/h2>\n<h2>8&#8243; Caratteristiche:<\/h2>\n<ul>\n<li>Diametro dell&#8217;elica: 8 pollici<\/li>\n<li>Passo: 4.5<\/li>\n<li>Lame: 2<\/li>\n<li>Materiale: fibra di carbonio<\/li>\n<li>Peso del composto: 7,3 g<\/li>\n<li>Diametro del mozzo: 16 mm<\/li>\n<li>Spessore della boccola: 8,5 mm<\/li>\n<li>Albero: 9,5 \/ 5 mm<\/li>\n<li>Anelli adattatori: 6\/5\/4\/3<\/li>\n<\/ul>\n<h2>9 &#8220;Caratteristiche:<\/h2>\n<ul>\n<li>Diametro dell&#8217;elica: 9 pollici<\/li>\n<li>Passo: 4.5<\/li>\n<li>Lame: 2<\/li>\n<li>Materiale: fibra di carbonio<\/li>\n<li>Peso del composto: 9,11 g<\/li>\n<li>Diametro del mozzo: 16 mm<\/li>\n<li>Spessore della boccola: 8,5 mm<\/li>\n<li>Albero: 9,5\/8\/6 mm<\/li>\n<li>Anelli adattatori: 6\/5\/4\/3<\/li>\n<\/ul>\n<h2>10&#8243; Caratteristiche:<\/h2>\n<ul>\n<li>Diametro dell&#8217;elica: 10 pollici<\/li>\n<li>Passo: 4.5<\/li>\n<li>Lame: 2<\/li>\n<li>Materiale: fibra di carbonio<\/li>\n<li>Peso del composito: 11,59 g<\/li>\n<li>Diametro del mozzo: 16 mm<\/li>\n<li>Spessore della boccola: 9 mm<\/li>\n<li>Albero: 9,5 \/8\/6 mm<\/li>\n<li>Anelli adattatori: 6\/5\/4\/3<\/li>\n<\/ul>\n<h2>11&#8243; Caratteristiche:<\/h2>\n<ul>\n<li>Diametro dell&#8217;elica: 11 pollici<\/li>\n<li>Passo: 4.5<\/li>\n<li>Lame: 2<\/li>\n<li>Materiale: fibra di carbonio<\/li>\n<li>Peso del composto: 14,11 g<\/li>\n<li>Diametro del mozzo: 16,5 mm<\/li>\n<li>Spessore della boccola: 8,5 mm<\/li>\n<li>Albero: 9,5\/8\/6 mm<\/li>\n<li>Anelli adattatori: 6\/5\/4\/3<\/li>\n<\/ul>\n<h2>12&#8243; Caratteristiche:<\/h2>\n<ul>\n<li>Diametro dell&#8217;elica: 12 pollici<\/li>\n<li>Passo: 4.5<\/li>\n<li>Lame: 2<\/li>\n<li>Materiale: fibra di carbonio<\/li>\n<li>Peso: 17,46 g<\/li>\n<li>Diametro del mozzo: 16 mm<\/li>\n<li>Spessore della boccola: 8,5 mm<\/li>\n<li>Albero: 9,5\/8\/6 mm<\/li>\n<li>Anelli adattatori: 6\/5\/4\/3<\/li>\n<\/ul>\n<h2>Il pacchetto comprende:<\/h2>\n<ul>\n<li>2 x Eliche multirotore 8&#8243; 9&#8243; 10 &#8221; 11&#8243; 12&#8243; (CW o CCW) &#8211; Nero<\/li>\n<\/ul>\n","protected":false},"excerpt":{"rendered":"<p>Eliche HQ Prop Multi Rotor 8&#8243; 9&#8243; 10&#8243; 11&#8243; 12&#8243; (CW\/CCW) 8&#8243; Caratteristiche: Diametro dell&#8217;elica: 8 pollici Passo: 4.5 Lame: 2 Materiale: fibra di carbonio Peso del composto: 7,3 g<\/p>\n","protected":false},"featured_media":96826,"comment_status":"open","ping_status":"closed","template":"","meta":{"_joinchat":[]},"pwb-brand":[],"product_cat":[56,132,49],"product_tag":[],"class_list":{"0":"post-114616","1":"product","2":"type-product","3":"status-publish","4":"has-post-thumbnail","6":"product_cat-8-9-10-11-12","7":"product_cat-bipalas","8":"product_cat-helices-para-drones","10":"first","11":"instock","12":"taxable","13":"shipping-taxable","14":"purchasable","15":"product-type-variable"},"barcode":null,"atum_controlled":true,"out_stock_date":null,"out_stock_threshold":null,"inheritable":true,"stock_on_hold":0,"sold_today":0,"sales_last_days":4,"out_stock_days":0,"lost_sales":0,"update_date":"2026-04-16T06:55:39","atum_locations":[],"atum_stock_status":"instock","restock_status":false,"low_stock_amount":"","sales_update_date":"2026-04-16T06:55:39","calc_backorders":null,"yoast_head":"<!-- This site is optimized with the Yoast SEO plugin v27.3 - https:\/\/yoast.com\/product\/yoast-seo-wordpress\/ -->\n<title>Eliche HQ Prop Multi Rotor 8&quot; 9&quot; 10&quot; 11&quot; 12&quot; (CW\/CCW) - Iha Race<\/title>\n<meta name=\"robots\" content=\"index, follow, max-snippet:-1, max-image-preview:large, max-video-preview:-1\" \/>\n<link rel=\"canonical\" href=\"https:\/\/iha-race.com\/it\/prodotto\/helices-hq-prop-multi-rotor-8-9-10-11-12-cw-ccw\/\" \/>\n<meta property=\"og:locale\" content=\"it_IT\" \/>\n<meta property=\"og:type\" content=\"article\" \/>\n<meta property=\"og:title\" content=\"Eliche HQ Prop Multi Rotor 8&quot; 9&quot; 10&quot; 11&quot; 12&quot; (CW\/CCW) - Iha Race\" \/>\n<meta property=\"og:description\" content=\"Eliche HQ Prop Multi Rotor 8&#8243; 9&#8243; 10&#8243; 11&#8243; 12&#8243; (CW\/CCW) 8&#8243; Caratteristiche: Diametro dell&#8217;elica: 8 pollici Passo: 4.5 Lame: 2 Materiale: fibra di carbonio Peso del composto: 7,3 g\" \/>\n<meta property=\"og:url\" content=\"https:\/\/iha-race.com\/it\/prodotto\/helices-hq-prop-multi-rotor-8-9-10-11-12-cw-ccw\/\" \/>\n<meta property=\"og:site_name\" content=\"Iha Race\" \/>\n<meta property=\"article:modified_time\" content=\"2024-08-29T10:24:02+00:00\" \/>\n<meta property=\"og:image\" content=\"https:\/\/iha-race.com\/wp-content\/uploads\/2021\/02\/Multi-Rotor-hq-Prop-10x4.5.jpg\" \/>\n\t<meta property=\"og:image:width\" content=\"800\" \/>\n\t<meta property=\"og:image:height\" content=\"800\" \/>\n\t<meta property=\"og:image:type\" content=\"image\/jpeg\" \/>\n<meta name=\"twitter:card\" content=\"summary_large_image\" \/>\n<meta name=\"twitter:label1\" content=\"Tempo di lettura stimato\" \/>\n\t<meta name=\"twitter:data1\" content=\"1 minuto\" \/>\n<script type=\"application\/ld+json\" class=\"yoast-schema-graph\">{\"@context\":\"https:\\\/\\\/schema.org\",\"@graph\":[{\"@type\":\"WebPage\",\"@id\":\"https:\\\/\\\/iha-race.com\\\/it\\\/prodotto\\\/helices-hq-prop-multi-rotor-8-9-10-11-12-cw-ccw\\\/\",\"url\":\"https:\\\/\\\/iha-race.com\\\/it\\\/prodotto\\\/helices-hq-prop-multi-rotor-8-9-10-11-12-cw-ccw\\\/\",\"name\":\"Eliche HQ Prop Multi Rotor 8\\\" 9\\\" 10\\\" 11\\\" 12\\\" (CW\\\/CCW) - Iha Race\",\"isPartOf\":{\"@id\":\"https:\\\/\\\/iha-race.com\\\/it\\\/#website\"},\"primaryImageOfPage\":{\"@id\":\"https:\\\/\\\/iha-race.com\\\/it\\\/prodotto\\\/helices-hq-prop-multi-rotor-8-9-10-11-12-cw-ccw\\\/#primaryimage\"},\"image\":{\"@id\":\"https:\\\/\\\/iha-race.com\\\/it\\\/prodotto\\\/helices-hq-prop-multi-rotor-8-9-10-11-12-cw-ccw\\\/#primaryimage\"},\"thumbnailUrl\":\"https:\\\/\\\/iha-race.com\\\/wp-content\\\/uploads\\\/2021\\\/02\\\/Multi-Rotor-hq-Prop-10x4.5.jpg\",\"datePublished\":\"2021-06-22T12:14:27+00:00\",\"dateModified\":\"2024-08-29T10:24:02+00:00\",\"breadcrumb\":{\"@id\":\"https:\\\/\\\/iha-race.com\\\/it\\\/prodotto\\\/helices-hq-prop-multi-rotor-8-9-10-11-12-cw-ccw\\\/#breadcrumb\"},\"inLanguage\":\"it-IT\",\"potentialAction\":[{\"@type\":\"ReadAction\",\"target\":[\"https:\\\/\\\/iha-race.com\\\/it\\\/prodotto\\\/helices-hq-prop-multi-rotor-8-9-10-11-12-cw-ccw\\\/\"]}]},{\"@type\":\"ImageObject\",\"inLanguage\":\"it-IT\",\"@id\":\"https:\\\/\\\/iha-race.com\\\/it\\\/prodotto\\\/helices-hq-prop-multi-rotor-8-9-10-11-12-cw-ccw\\\/#primaryimage\",\"url\":\"https:\\\/\\\/iha-race.com\\\/wp-content\\\/uploads\\\/2021\\\/02\\\/Multi-Rotor-hq-Prop-10x4.5.jpg\",\"contentUrl\":\"https:\\\/\\\/iha-race.com\\\/wp-content\\\/uploads\\\/2021\\\/02\\\/Multi-Rotor-hq-Prop-10x4.5.jpg\",\"width\":800,\"height\":800,\"caption\":\"acquistare Multi-Rotor hq Prop 10x4.5 eliche pi\u00f9 economiche\"},{\"@type\":\"BreadcrumbList\",\"@id\":\"https:\\\/\\\/iha-race.com\\\/it\\\/prodotto\\\/helices-hq-prop-multi-rotor-8-9-10-11-12-cw-ccw\\\/#breadcrumb\",\"itemListElement\":[{\"@type\":\"ListItem\",\"position\":1,\"name\":\"Portada\",\"item\":\"https:\\\/\\\/iha-race.com\\\/it\\\/\"},{\"@type\":\"ListItem\",\"position\":2,\"name\":\"Negozio\",\"item\":\"https:\\\/\\\/iha-race.com\\\/it\\\/negozio\\\/\"},{\"@type\":\"ListItem\",\"position\":3,\"name\":\"Eliche HQ Prop Multi Rotor 8&#8243; 9&#8243; 10&#8243; 11&#8243; 12&#8243; (CW\\\/CCW)\"}]},{\"@type\":\"WebSite\",\"@id\":\"https:\\\/\\\/iha-race.com\\\/it\\\/#website\",\"url\":\"https:\\\/\\\/iha-race.com\\\/it\\\/\",\"name\":\"Iha Race\",\"description\":\"Comprar drones de carreras FPV env\u00edos en un d\u00eda desde Espa\u00f1a\",\"publisher\":{\"@id\":\"https:\\\/\\\/iha-race.com\\\/it\\\/#organization\"},\"potentialAction\":[{\"@type\":\"SearchAction\",\"target\":{\"@type\":\"EntryPoint\",\"urlTemplate\":\"https:\\\/\\\/iha-race.com\\\/it\\\/?s={search_term_string}\"},\"query-input\":{\"@type\":\"PropertyValueSpecification\",\"valueRequired\":true,\"valueName\":\"search_term_string\"}}],\"inLanguage\":\"it-IT\"},{\"@type\":\"Organization\",\"@id\":\"https:\\\/\\\/iha-race.com\\\/it\\\/#organization\",\"name\":\"Iha Race\",\"url\":\"https:\\\/\\\/iha-race.com\\\/it\\\/\",\"logo\":{\"@type\":\"ImageObject\",\"inLanguage\":\"it-IT\",\"@id\":\"https:\\\/\\\/iha-race.com\\\/it\\\/#\\\/schema\\\/logo\\\/image\\\/\",\"url\":\"https:\\\/\\\/iha-race.com\\\/wp-content\\\/uploads\\\/2018\\\/07\\\/iha-race-drones-de-carreras-tienda-comprar-drones.png\",\"contentUrl\":\"https:\\\/\\\/iha-race.com\\\/wp-content\\\/uploads\\\/2018\\\/07\\\/iha-race-drones-de-carreras-tienda-comprar-drones.png\",\"width\":300,\"height\":100,\"caption\":\"Iha Race\"},\"image\":{\"@id\":\"https:\\\/\\\/iha-race.com\\\/it\\\/#\\\/schema\\\/logo\\\/image\\\/\"}}]}<\/script>\n<!-- \/ Yoast SEO plugin. -->","yoast_head_json":{"title":"Eliche HQ Prop Multi Rotor 8\" 9\" 10\" 11\" 12\" (CW\/CCW) - Iha Race","robots":{"index":"index","follow":"follow","max-snippet":"max-snippet:-1","max-image-preview":"max-image-preview:large","max-video-preview":"max-video-preview:-1"},"canonical":"https:\/\/iha-race.com\/it\/prodotto\/helices-hq-prop-multi-rotor-8-9-10-11-12-cw-ccw\/","og_locale":"it_IT","og_type":"article","og_title":"Eliche HQ Prop Multi Rotor 8\" 9\" 10\" 11\" 12\" (CW\/CCW) - Iha Race","og_description":"Eliche HQ Prop Multi Rotor 8&#8243; 9&#8243; 10&#8243; 11&#8243; 12&#8243; (CW\/CCW) 8&#8243; Caratteristiche: Diametro dell&#8217;elica: 8 pollici Passo: 4.5 Lame: 2 Materiale: fibra di carbonio Peso del composto: 7,3 g","og_url":"https:\/\/iha-race.com\/it\/prodotto\/helices-hq-prop-multi-rotor-8-9-10-11-12-cw-ccw\/","og_site_name":"Iha Race","article_modified_time":"2024-08-29T10:24:02+00:00","og_image":[{"width":800,"height":800,"url":"https:\/\/iha-race.com\/wp-content\/uploads\/2021\/02\/Multi-Rotor-hq-Prop-10x4.5.jpg","type":"image\/jpeg"}],"twitter_card":"summary_large_image","twitter_misc":{"Tempo di lettura stimato":"1 minuto"},"schema":{"@context":"https:\/\/schema.org","@graph":[{"@type":"WebPage","@id":"https:\/\/iha-race.com\/it\/prodotto\/helices-hq-prop-multi-rotor-8-9-10-11-12-cw-ccw\/","url":"https:\/\/iha-race.com\/it\/prodotto\/helices-hq-prop-multi-rotor-8-9-10-11-12-cw-ccw\/","name":"Eliche HQ Prop Multi Rotor 8\" 9\" 10\" 11\" 12\" (CW\/CCW) - Iha Race","isPartOf":{"@id":"https:\/\/iha-race.com\/it\/#website"},"primaryImageOfPage":{"@id":"https:\/\/iha-race.com\/it\/prodotto\/helices-hq-prop-multi-rotor-8-9-10-11-12-cw-ccw\/#primaryimage"},"image":{"@id":"https:\/\/iha-race.com\/it\/prodotto\/helices-hq-prop-multi-rotor-8-9-10-11-12-cw-ccw\/#primaryimage"},"thumbnailUrl":"https:\/\/iha-race.com\/wp-content\/uploads\/2021\/02\/Multi-Rotor-hq-Prop-10x4.5.jpg","datePublished":"2021-06-22T12:14:27+00:00","dateModified":"2024-08-29T10:24:02+00:00","breadcrumb":{"@id":"https:\/\/iha-race.com\/it\/prodotto\/helices-hq-prop-multi-rotor-8-9-10-11-12-cw-ccw\/#breadcrumb"},"inLanguage":"it-IT","potentialAction":[{"@type":"ReadAction","target":["https:\/\/iha-race.com\/it\/prodotto\/helices-hq-prop-multi-rotor-8-9-10-11-12-cw-ccw\/"]}]},{"@type":"ImageObject","inLanguage":"it-IT","@id":"https:\/\/iha-race.com\/it\/prodotto\/helices-hq-prop-multi-rotor-8-9-10-11-12-cw-ccw\/#primaryimage","url":"https:\/\/iha-race.com\/wp-content\/uploads\/2021\/02\/Multi-Rotor-hq-Prop-10x4.5.jpg","contentUrl":"https:\/\/iha-race.com\/wp-content\/uploads\/2021\/02\/Multi-Rotor-hq-Prop-10x4.5.jpg","width":800,"height":800,"caption":"acquistare Multi-Rotor hq Prop 10x4.5 eliche pi\u00f9 economiche"},{"@type":"BreadcrumbList","@id":"https:\/\/iha-race.com\/it\/prodotto\/helices-hq-prop-multi-rotor-8-9-10-11-12-cw-ccw\/#breadcrumb","itemListElement":[{"@type":"ListItem","position":1,"name":"Portada","item":"https:\/\/iha-race.com\/it\/"},{"@type":"ListItem","position":2,"name":"Negozio","item":"https:\/\/iha-race.com\/it\/negozio\/"},{"@type":"ListItem","position":3,"name":"Eliche HQ Prop Multi Rotor 8&#8243; 9&#8243; 10&#8243; 11&#8243; 12&#8243; (CW\/CCW)"}]},{"@type":"WebSite","@id":"https:\/\/iha-race.com\/it\/#website","url":"https:\/\/iha-race.com\/it\/","name":"Iha Race","description":"Comprar drones de carreras FPV env\u00edos en un d\u00eda desde Espa\u00f1a","publisher":{"@id":"https:\/\/iha-race.com\/it\/#organization"},"potentialAction":[{"@type":"SearchAction","target":{"@type":"EntryPoint","urlTemplate":"https:\/\/iha-race.com\/it\/?s={search_term_string}"},"query-input":{"@type":"PropertyValueSpecification","valueRequired":true,"valueName":"search_term_string"}}],"inLanguage":"it-IT"},{"@type":"Organization","@id":"https:\/\/iha-race.com\/it\/#organization","name":"Iha Race","url":"https:\/\/iha-race.com\/it\/","logo":{"@type":"ImageObject","inLanguage":"it-IT","@id":"https:\/\/iha-race.com\/it\/#\/schema\/logo\/image\/","url":"https:\/\/iha-race.com\/wp-content\/uploads\/2018\/07\/iha-race-drones-de-carreras-tienda-comprar-drones.png","contentUrl":"https:\/\/iha-race.com\/wp-content\/uploads\/2018\/07\/iha-race-drones-de-carreras-tienda-comprar-drones.png","width":300,"height":100,"caption":"Iha Race"},"image":{"@id":"https:\/\/iha-race.com\/it\/#\/schema\/logo\/image\/"}}]}},"brands":[],"_links":{"self":[{"href":"https:\/\/iha-race.com\/it\/wp-json\/wp\/v2\/product\/114616","targetHints":{"allow":["GET"]}}],"collection":[{"href":"https:\/\/iha-race.com\/it\/wp-json\/wp\/v2\/product"}],"about":[{"href":"https:\/\/iha-race.com\/it\/wp-json\/wp\/v2\/types\/product"}],"replies":[{"embeddable":true,"href":"https:\/\/iha-race.com\/it\/wp-json\/wp\/v2\/comments?post=114616"}],"version-history":[{"count":1,"href":"https:\/\/iha-race.com\/it\/wp-json\/wp\/v2\/product\/114616\/revisions"}],"predecessor-version":[{"id":216082,"href":"https:\/\/iha-race.com\/it\/wp-json\/wp\/v2\/product\/114616\/revisions\/216082"}],"wp:featuredmedia":[{"embeddable":true,"href":"https:\/\/iha-race.com\/it\/wp-json\/wp\/v2\/media\/96826"}],"wp:attachment":[{"href":"https:\/\/iha-race.com\/it\/wp-json\/wp\/v2\/media?parent=114616"}],"wp:term":[{"taxonomy":"pwb-brand","embeddable":true,"href":"https:\/\/iha-race.com\/it\/wp-json\/wp\/v2\/pwb-brand?post=114616"},{"taxonomy":"product_cat","embeddable":true,"href":"https:\/\/iha-race.com\/it\/wp-json\/wp\/v2\/product_cat?post=114616"},{"taxonomy":"product_tag","embeddable":true,"href":"https:\/\/iha-race.com\/it\/wp-json\/wp\/v2\/product_tag?post=114616"}],"curies":[{"name":"wp","href":"https:\/\/api.w.org\/{rel}","templated":true}]}}