{"id":114426,"date":"2022-06-21T10:17:30","date_gmt":"2022-06-21T08:17:30","guid":{"rendered":"https:\/\/iha-race.com\/producto\/motore-t-motor-f60-pro-v-1750kv\/"},"modified":"2025-04-14T12:27:22","modified_gmt":"2025-04-14T10:27:22","slug":"motor-t-motor-f60-pro-v-1750kv-1950kv","status":"publish","type":"product","link":"https:\/\/iha-race.com\/it\/prodotto\/motor-t-motor-f60-pro-v-1750kv-1950kv\/","title":{"rendered":"Motore T-Motor F60 PRO V (1750Kv\/1950Kv\/2020\/2550Kv)"},"content":{"rendered":"<h2>Motore T-Motor F60 PRO V (1750Kv\/1950Kv\/2020\/2550Kv)<\/h2>\n<p>  Il <strong>motore T-Motor F60 PRO V<\/strong> continua la stirpe dei grandi motori da corsa FPV di T-Motor! Il Pro V offre una spinta maggiore e una maggiore durata rispetto al suo predecessore.  <\/p>\n<h3>Caratteristiche<\/h3>\n<ul>\n<li>Vite di bloccaggio per una facile rimozione della cappottatura del motore<\/li>\n<li>Design antiscivolo.<\/li>\n<li>Cuscinetto EZO<\/li>\n<\/ul>\n<p><img decoding=\"async\" src=\"https:\/\/store.tmotor.com\/images\/202204\/111649660889299311.jpg\"><img decoding=\"async\" src=\"https:\/\/store.tmotor.com\/images\/202204\/111649660889580150.jpg\"><img decoding=\"async\" src=\"https:\/\/store.tmotor.com\/images\/202204\/111649660889874204.jpg\"><img decoding=\"async\" src=\"https:\/\/store.tmotor.com\/images\/202204\/111649660889836494.jpg\"><img decoding=\"async\" src=\"https:\/\/store.tmotor.com\/images\/202204\/111649660889640914.jpg\"><\/p>\n<div id=\"news11\" class=\"tabblock\">\n<div id=\"a_news11\" class=\"tabcon\">\n<div class=\"wrap-sticky\">\n<div id=\"news11tabs\" class=\"navbar navbar-sticky bootsnav on sticked\"><\/div>\n<\/div>\n<div id=\"news11\" class=\"tabblock\">\n<div id=\"b_news11\" class=\"tabcon\">\n<p>&nbsp;<\/p>\n<p>&nbsp;<\/p>\n<p>&nbsp;<\/p>\n<div class=\"wrap-sticky\">\n<div id=\"news11tabs\" class=\"navbar navbar-sticky bootsnav on sticked\"><\/div>\n<\/div>\n<div id=\"news11\" class=\"tabblock\">\n<div id=\"b_news11\" class=\"tabcon\">\n<p><img decoding=\"async\" src=\"https:\/\/store.tmotor.com\/images\/202205\/121652347527776947.jpg\"><img decoding=\"async\" src=\"https:\/\/store.tmotor.com\/images\/202205\/121652347528623903.jpg\"><img decoding=\"async\" src=\"https:\/\/store.tmotor.com\/images\/202205\/121652347528507227.jpg\"><img decoding=\"async\" src=\"https:\/\/store.tmotor.com\/images\/202205\/121652347528193402.jpg\"><img decoding=\"async\" src=\"https:\/\/store.tmotor.com\/images\/202205\/121652347528650781.jpg\"><\/p>\n<h2>Specifiche tecniche<\/h2>\n<p><strong>KV: 1750<\/strong><\/p>\n<ul>\n<li>Dimensioni del motore: 26,8*31,7 mm<\/li>\n<li>Corrente massima (10s): 40,5A<\/li>\n<li>Peso (cavo incluso): 34,3 g<\/li>\n<li>Dimensioni di montaggio dell&#8217;elica: 5 mm<\/li>\n<li>Potenza massima (10s): 1003W<\/li>\n<li>Tensione nominale (Lipo): 4<\/li>\n<li>Cavo: 20#AWG 150 mm<\/li>\n<li>Configurazione: 12N14P<\/li>\n<li>Diametro dell&#8217;albero: 4 mm<\/li>\n<li>Corrente di riposo: 1A<\/li>\n<li>Tensione: 25,2 V<\/li>\n<li>KV: 1750<\/li>\n<\/ul>\n<p><strong>KV: 1950  <\/strong><\/p>\n<ul>\n<li>Dimensioni del motore: 26,8*31,7 mm<\/li>\n<li>Corrente massima (10s): 49,3A<\/li>\n<li>Dimensioni di montaggio dell&#8217;elica: 5 mm<\/li>\n<li>Peso (cavo incluso): 33,9 g<\/li>\n<li>Potenza massima (10s): 1216W<\/li>\n<li>Tensione nominale (Lipo): 6S<\/li>\n<li>Cavo: 20#AWG 150 mm<\/li>\n<li>Configurazione: 12N14P.<\/li>\n<li>Diametro dell&#8217;albero: 4 mm<\/li>\n<li>Corrente di riposo: 1,1A<\/li>\n<li>KV: 1950<\/li>\n<\/ul>\n<h2>Il pacchetto comprende<\/h2>\n<ul>\n<li>1 motore T-Motor F60 PRO V<\/li>\n<li>4 viti a testa cilindrica<\/li>\n<li>1 x dadi di supporto<\/li>\n<li>1 x bulloni dell&#8217;asse.<\/li>\n<\/ul>\n<\/div>\n<\/div>\n<\/div>\n<\/div>\n<\/div>\n<\/div>\n","protected":false},"excerpt":{"rendered":"<p>Il motore T-Motor F60 PRO V continua la stirpe dei grandi motori da competizione FPV di T-Motor! Il Pro V offre una maggiore spinta e una maggiore durata rispetto al suo predecessore.<\/p>\n","protected":false},"featured_media":109633,"comment_status":"open","ping_status":"closed","template":"","meta":{"_joinchat":[]},"pwb-brand":[],"product_cat":[1242,2478],"product_tag":[],"class_list":{"0":"post-114426","1":"product","2":"type-product","3":"status-publish","4":"has-post-thumbnail","6":"product_cat-motori-fpv","7":"product_cat-senza-spazzole-con-albero","9":"first","10":"instock","11":"taxable","12":"shipping-taxable","13":"purchasable","14":"product-type-variable"},"barcode":null,"atum_controlled":true,"out_stock_date":null,"out_stock_threshold":null,"inheritable":true,"stock_on_hold":0,"sold_today":5,"sales_last_days":5,"out_stock_days":0,"lost_sales":0,"update_date":"2026-04-18T23:34:58","atum_locations":[],"atum_stock_status":"instock","restock_status":false,"low_stock_amount":"","sales_update_date":"2026-04-18T23:34:58","calc_backorders":null,"yoast_head":"<!-- This site is optimized with the Yoast SEO plugin v27.3 - https:\/\/yoast.com\/product\/yoast-seo-wordpress\/ -->\n<title>Motore T-Motor F60 PRO V (1750Kv\/1950Kv\/2020\/2550Kv) - Iha Race<\/title>\n<meta name=\"robots\" content=\"index, follow, max-snippet:-1, max-image-preview:large, max-video-preview:-1\" \/>\n<link rel=\"canonical\" href=\"https:\/\/iha-race.com\/it\/prodotto\/motor-t-motor-f60-pro-v-1750kv-1950kv\/\" \/>\n<meta property=\"og:locale\" content=\"it_IT\" \/>\n<meta property=\"og:type\" content=\"article\" \/>\n<meta property=\"og:title\" content=\"Motore T-Motor F60 PRO V (1750Kv\/1950Kv\/2020\/2550Kv) - Iha Race\" \/>\n<meta property=\"og:description\" content=\"Il motore T-Motor F60 PRO V continua la stirpe dei grandi motori da competizione FPV di T-Motor! Il Pro V offre una maggiore spinta e una maggiore durata rispetto al suo predecessore.\" \/>\n<meta property=\"og:url\" content=\"https:\/\/iha-race.com\/it\/prodotto\/motor-t-motor-f60-pro-v-1750kv-1950kv\/\" \/>\n<meta property=\"og:site_name\" content=\"Iha Race\" \/>\n<meta property=\"article:modified_time\" content=\"2025-04-14T10:27:22+00:00\" \/>\n<meta property=\"og:image\" content=\"https:\/\/iha-race.com\/wp-content\/uploads\/2022\/06\/1649660857334567033.jpg\" \/>\n\t<meta property=\"og:image:width\" content=\"1000\" \/>\n\t<meta property=\"og:image:height\" content=\"780\" \/>\n\t<meta property=\"og:image:type\" content=\"image\/jpeg\" \/>\n<meta name=\"twitter:card\" content=\"summary_large_image\" \/>\n<meta name=\"twitter:label1\" content=\"Tempo di lettura stimato\" \/>\n\t<meta name=\"twitter:data1\" content=\"1 minuto\" \/>\n<script type=\"application\/ld+json\" class=\"yoast-schema-graph\">{\"@context\":\"https:\\\/\\\/schema.org\",\"@graph\":[{\"@type\":\"WebPage\",\"@id\":\"https:\\\/\\\/iha-race.com\\\/it\\\/prodotto\\\/motor-t-motor-f60-pro-v-1750kv-1950kv\\\/\",\"url\":\"https:\\\/\\\/iha-race.com\\\/it\\\/prodotto\\\/motor-t-motor-f60-pro-v-1750kv-1950kv\\\/\",\"name\":\"Motore T-Motor F60 PRO V (1750Kv\\\/1950Kv\\\/2020\\\/2550Kv) - Iha Race\",\"isPartOf\":{\"@id\":\"https:\\\/\\\/iha-race.com\\\/it\\\/#website\"},\"primaryImageOfPage\":{\"@id\":\"https:\\\/\\\/iha-race.com\\\/it\\\/prodotto\\\/motor-t-motor-f60-pro-v-1750kv-1950kv\\\/#primaryimage\"},\"image\":{\"@id\":\"https:\\\/\\\/iha-race.com\\\/it\\\/prodotto\\\/motor-t-motor-f60-pro-v-1750kv-1950kv\\\/#primaryimage\"},\"thumbnailUrl\":\"https:\\\/\\\/iha-race.com\\\/wp-content\\\/uploads\\\/2022\\\/06\\\/1649660857334567033.jpg\",\"datePublished\":\"2022-06-21T08:17:30+00:00\",\"dateModified\":\"2025-04-14T10:27:22+00:00\",\"breadcrumb\":{\"@id\":\"https:\\\/\\\/iha-race.com\\\/it\\\/prodotto\\\/motor-t-motor-f60-pro-v-1750kv-1950kv\\\/#breadcrumb\"},\"inLanguage\":\"it-IT\",\"potentialAction\":[{\"@type\":\"ReadAction\",\"target\":[\"https:\\\/\\\/iha-race.com\\\/it\\\/prodotto\\\/motor-t-motor-f60-pro-v-1750kv-1950kv\\\/\"]}]},{\"@type\":\"ImageObject\",\"inLanguage\":\"it-IT\",\"@id\":\"https:\\\/\\\/iha-race.com\\\/it\\\/prodotto\\\/motor-t-motor-f60-pro-v-1750kv-1950kv\\\/#primaryimage\",\"url\":\"https:\\\/\\\/iha-race.com\\\/wp-content\\\/uploads\\\/2022\\\/06\\\/1649660857334567033.jpg\",\"contentUrl\":\"https:\\\/\\\/iha-race.com\\\/wp-content\\\/uploads\\\/2022\\\/06\\\/1649660857334567033.jpg\",\"width\":1000,\"height\":780,\"caption\":\"Comprare Motore T-Motor F60 PRO V 1750Kv\"},{\"@type\":\"BreadcrumbList\",\"@id\":\"https:\\\/\\\/iha-race.com\\\/it\\\/prodotto\\\/motor-t-motor-f60-pro-v-1750kv-1950kv\\\/#breadcrumb\",\"itemListElement\":[{\"@type\":\"ListItem\",\"position\":1,\"name\":\"Portada\",\"item\":\"https:\\\/\\\/iha-race.com\\\/it\\\/\"},{\"@type\":\"ListItem\",\"position\":2,\"name\":\"Negozio\",\"item\":\"https:\\\/\\\/iha-race.com\\\/it\\\/negozio\\\/\"},{\"@type\":\"ListItem\",\"position\":3,\"name\":\"Motore T-Motor F60 PRO V (1750Kv\\\/1950Kv\\\/2020\\\/2550Kv)\"}]},{\"@type\":\"WebSite\",\"@id\":\"https:\\\/\\\/iha-race.com\\\/it\\\/#website\",\"url\":\"https:\\\/\\\/iha-race.com\\\/it\\\/\",\"name\":\"Iha Race\",\"description\":\"Comprar drones de carreras FPV env\u00edos en un d\u00eda desde Espa\u00f1a\",\"publisher\":{\"@id\":\"https:\\\/\\\/iha-race.com\\\/it\\\/#organization\"},\"potentialAction\":[{\"@type\":\"SearchAction\",\"target\":{\"@type\":\"EntryPoint\",\"urlTemplate\":\"https:\\\/\\\/iha-race.com\\\/it\\\/?s={search_term_string}\"},\"query-input\":{\"@type\":\"PropertyValueSpecification\",\"valueRequired\":true,\"valueName\":\"search_term_string\"}}],\"inLanguage\":\"it-IT\"},{\"@type\":\"Organization\",\"@id\":\"https:\\\/\\\/iha-race.com\\\/it\\\/#organization\",\"name\":\"Iha Race\",\"url\":\"https:\\\/\\\/iha-race.com\\\/it\\\/\",\"logo\":{\"@type\":\"ImageObject\",\"inLanguage\":\"it-IT\",\"@id\":\"https:\\\/\\\/iha-race.com\\\/it\\\/#\\\/schema\\\/logo\\\/image\\\/\",\"url\":\"https:\\\/\\\/iha-race.com\\\/wp-content\\\/uploads\\\/2018\\\/07\\\/iha-race-drones-de-carreras-tienda-comprar-drones.png\",\"contentUrl\":\"https:\\\/\\\/iha-race.com\\\/wp-content\\\/uploads\\\/2018\\\/07\\\/iha-race-drones-de-carreras-tienda-comprar-drones.png\",\"width\":300,\"height\":100,\"caption\":\"Iha Race\"},\"image\":{\"@id\":\"https:\\\/\\\/iha-race.com\\\/it\\\/#\\\/schema\\\/logo\\\/image\\\/\"}}]}<\/script>\n<!-- \/ Yoast SEO plugin. -->","yoast_head_json":{"title":"Motore T-Motor F60 PRO V (1750Kv\/1950Kv\/2020\/2550Kv) - Iha Race","robots":{"index":"index","follow":"follow","max-snippet":"max-snippet:-1","max-image-preview":"max-image-preview:large","max-video-preview":"max-video-preview:-1"},"canonical":"https:\/\/iha-race.com\/it\/prodotto\/motor-t-motor-f60-pro-v-1750kv-1950kv\/","og_locale":"it_IT","og_type":"article","og_title":"Motore T-Motor F60 PRO V (1750Kv\/1950Kv\/2020\/2550Kv) - Iha Race","og_description":"Il motore T-Motor F60 PRO V continua la stirpe dei grandi motori da competizione FPV di T-Motor! Il Pro V offre una maggiore spinta e una maggiore durata rispetto al suo predecessore.","og_url":"https:\/\/iha-race.com\/it\/prodotto\/motor-t-motor-f60-pro-v-1750kv-1950kv\/","og_site_name":"Iha Race","article_modified_time":"2025-04-14T10:27:22+00:00","og_image":[{"width":1000,"height":780,"url":"https:\/\/iha-race.com\/wp-content\/uploads\/2022\/06\/1649660857334567033.jpg","type":"image\/jpeg"}],"twitter_card":"summary_large_image","twitter_misc":{"Tempo di lettura stimato":"1 minuto"},"schema":{"@context":"https:\/\/schema.org","@graph":[{"@type":"WebPage","@id":"https:\/\/iha-race.com\/it\/prodotto\/motor-t-motor-f60-pro-v-1750kv-1950kv\/","url":"https:\/\/iha-race.com\/it\/prodotto\/motor-t-motor-f60-pro-v-1750kv-1950kv\/","name":"Motore T-Motor F60 PRO V (1750Kv\/1950Kv\/2020\/2550Kv) - Iha Race","isPartOf":{"@id":"https:\/\/iha-race.com\/it\/#website"},"primaryImageOfPage":{"@id":"https:\/\/iha-race.com\/it\/prodotto\/motor-t-motor-f60-pro-v-1750kv-1950kv\/#primaryimage"},"image":{"@id":"https:\/\/iha-race.com\/it\/prodotto\/motor-t-motor-f60-pro-v-1750kv-1950kv\/#primaryimage"},"thumbnailUrl":"https:\/\/iha-race.com\/wp-content\/uploads\/2022\/06\/1649660857334567033.jpg","datePublished":"2022-06-21T08:17:30+00:00","dateModified":"2025-04-14T10:27:22+00:00","breadcrumb":{"@id":"https:\/\/iha-race.com\/it\/prodotto\/motor-t-motor-f60-pro-v-1750kv-1950kv\/#breadcrumb"},"inLanguage":"it-IT","potentialAction":[{"@type":"ReadAction","target":["https:\/\/iha-race.com\/it\/prodotto\/motor-t-motor-f60-pro-v-1750kv-1950kv\/"]}]},{"@type":"ImageObject","inLanguage":"it-IT","@id":"https:\/\/iha-race.com\/it\/prodotto\/motor-t-motor-f60-pro-v-1750kv-1950kv\/#primaryimage","url":"https:\/\/iha-race.com\/wp-content\/uploads\/2022\/06\/1649660857334567033.jpg","contentUrl":"https:\/\/iha-race.com\/wp-content\/uploads\/2022\/06\/1649660857334567033.jpg","width":1000,"height":780,"caption":"Comprare Motore T-Motor F60 PRO V 1750Kv"},{"@type":"BreadcrumbList","@id":"https:\/\/iha-race.com\/it\/prodotto\/motor-t-motor-f60-pro-v-1750kv-1950kv\/#breadcrumb","itemListElement":[{"@type":"ListItem","position":1,"name":"Portada","item":"https:\/\/iha-race.com\/it\/"},{"@type":"ListItem","position":2,"name":"Negozio","item":"https:\/\/iha-race.com\/it\/negozio\/"},{"@type":"ListItem","position":3,"name":"Motore T-Motor F60 PRO V (1750Kv\/1950Kv\/2020\/2550Kv)"}]},{"@type":"WebSite","@id":"https:\/\/iha-race.com\/it\/#website","url":"https:\/\/iha-race.com\/it\/","name":"Iha Race","description":"Comprar drones de carreras FPV env\u00edos en un d\u00eda desde Espa\u00f1a","publisher":{"@id":"https:\/\/iha-race.com\/it\/#organization"},"potentialAction":[{"@type":"SearchAction","target":{"@type":"EntryPoint","urlTemplate":"https:\/\/iha-race.com\/it\/?s={search_term_string}"},"query-input":{"@type":"PropertyValueSpecification","valueRequired":true,"valueName":"search_term_string"}}],"inLanguage":"it-IT"},{"@type":"Organization","@id":"https:\/\/iha-race.com\/it\/#organization","name":"Iha Race","url":"https:\/\/iha-race.com\/it\/","logo":{"@type":"ImageObject","inLanguage":"it-IT","@id":"https:\/\/iha-race.com\/it\/#\/schema\/logo\/image\/","url":"https:\/\/iha-race.com\/wp-content\/uploads\/2018\/07\/iha-race-drones-de-carreras-tienda-comprar-drones.png","contentUrl":"https:\/\/iha-race.com\/wp-content\/uploads\/2018\/07\/iha-race-drones-de-carreras-tienda-comprar-drones.png","width":300,"height":100,"caption":"Iha Race"},"image":{"@id":"https:\/\/iha-race.com\/it\/#\/schema\/logo\/image\/"}}]}},"jetpack_sharing_enabled":true,"brands":[],"_links":{"self":[{"href":"https:\/\/iha-race.com\/it\/wp-json\/wp\/v2\/product\/114426","targetHints":{"allow":["GET"]}}],"collection":[{"href":"https:\/\/iha-race.com\/it\/wp-json\/wp\/v2\/product"}],"about":[{"href":"https:\/\/iha-race.com\/it\/wp-json\/wp\/v2\/types\/product"}],"replies":[{"embeddable":true,"href":"https:\/\/iha-race.com\/it\/wp-json\/wp\/v2\/comments?post=114426"}],"version-history":[{"count":6,"href":"https:\/\/iha-race.com\/it\/wp-json\/wp\/v2\/product\/114426\/revisions"}],"predecessor-version":[{"id":249116,"href":"https:\/\/iha-race.com\/it\/wp-json\/wp\/v2\/product\/114426\/revisions\/249116"}],"wp:featuredmedia":[{"embeddable":true,"href":"https:\/\/iha-race.com\/it\/wp-json\/wp\/v2\/media\/109633"}],"wp:attachment":[{"href":"https:\/\/iha-race.com\/it\/wp-json\/wp\/v2\/media?parent=114426"}],"wp:term":[{"taxonomy":"pwb-brand","embeddable":true,"href":"https:\/\/iha-race.com\/it\/wp-json\/wp\/v2\/pwb-brand?post=114426"},{"taxonomy":"product_cat","embeddable":true,"href":"https:\/\/iha-race.com\/it\/wp-json\/wp\/v2\/product_cat?post=114426"},{"taxonomy":"product_tag","embeddable":true,"href":"https:\/\/iha-race.com\/it\/wp-json\/wp\/v2\/product_tag?post=114426"}],"curies":[{"name":"wp","href":"https:\/\/api.w.org\/{rel}","templated":true}]}}