{"id":114405,"date":"2022-05-26T18:08:16","date_gmt":"2022-05-26T16:08:16","guid":{"rendered":"https:\/\/iha-race.com\/producto\/berretto-xhelix-urban-style-curva-v2\/"},"modified":"2024-08-29T12:04:04","modified_gmt":"2024-08-29T10:04:04","slug":"cap-xhelix-curva-stile-urbano-v2","status":"publish","type":"product","link":"https:\/\/iha-race.com\/it\/prodotto\/cap-xhelix-curva-stile-urbano-v2\/","title":{"rendered":"Berretto Xhelix Urban Style Curva V2"},"content":{"rendered":"<div class=\"fggS- cell\">\n<h1 class=\"_2qrJF _2yxAN\" data-hook=\"product-title\">Berretto Xhelix Urban Style Curva V2<\/h1>\n<\/div>\n<h3>Caratteristiche:<\/h3>\n<ul>\n<li>Visiera curva.<\/li>\n<li>Logo xHelix premium ricamato in 3D.<\/li>\n<li>Cappello trucker con cuciture di qualit\u00e0.<\/li>\n<li>Loghi Xhelix sul retro ed etichetta X.<\/li>\n<li>Adesivo Platinum sul fronte + 1 in omaggio.<\/li>\n<li>Misura per adulti 58 cm circa, regolabile con velcro.<\/li>\n<li>Il berretto \u00e8 di qualit\u00e0 superiore, sia per quanto riguarda la texture, sia per i ricami e i materiali.<\/li>\n<\/ul>\n<h3>Il pacchetto comprende:<\/h3>\n<ul>\n<li>1 tappo Xhelix Urban Style Curva V2<\/li>\n<\/ul>\n<div class=\"H1AvN fggS- cell\">\n<section class=\"_2RbVQ\" data-hook=\"description-wrapper\">\n<div class=\"_3nbVj\">\n<div class=\"_3cRjW\" data-hook=\"content-wrapper\">\n<pre class=\"_28cEs\" data-hook=\"description\"><\/pre>\n<\/div>\n<\/div>\n<\/section>\n<\/div>\n","protected":false},"excerpt":{"rendered":"<p>Berretto Xhelix Urban Style Curva V2 Caratteristiche: Visiera curva. Logo xHelix premium ricamato in 3D. Cappello trucker con cuciture di qualit\u00e0. Loghi Xhelix sul retro ed etichetta X. Adesivo Platinum<\/p>\n","protected":false},"featured_media":109218,"comment_status":"open","ping_status":"closed","template":"","meta":{"_joinchat":[]},"pwb-brand":[],"product_cat":[1885],"product_tag":[],"class_list":{"0":"post-114405","1":"product","2":"type-product","3":"status-publish","4":"has-post-thumbnail","6":"product_cat-stile-fpv","8":"first","9":"instock","10":"taxable","11":"shipping-taxable","12":"purchasable","13":"product-type-simple"},"barcode":null,"atum_controlled":true,"out_stock_date":null,"out_stock_threshold":null,"inheritable":false,"stock_on_hold":0,"sold_today":0,"sales_last_days":0,"out_stock_days":0,"lost_sales":0,"update_date":"2026-04-18T09:22:03","atum_locations":[],"atum_stock_status":"instock","restock_status":false,"low_stock_amount":"","sales_update_date":"2026-04-18T09:22:03","calc_backorders":null,"yoast_head":"<!-- This site is optimized with the Yoast SEO plugin v27.3 - https:\/\/yoast.com\/product\/yoast-seo-wordpress\/ -->\n<title>Berretto Xhelix Urban Style Curva V2 - Iha Race<\/title>\n<meta name=\"robots\" content=\"index, follow, max-snippet:-1, max-image-preview:large, max-video-preview:-1\" \/>\n<link rel=\"canonical\" href=\"https:\/\/iha-race.com\/it\/prodotto\/cap-xhelix-curva-stile-urbano-v2\/\" \/>\n<meta property=\"og:locale\" content=\"it_IT\" \/>\n<meta property=\"og:type\" content=\"article\" \/>\n<meta property=\"og:title\" content=\"Berretto Xhelix Urban Style Curva V2 - Iha Race\" \/>\n<meta property=\"og:description\" content=\"Berretto Xhelix Urban Style Curva V2 Caratteristiche: Visiera curva. Logo xHelix premium ricamato in 3D. Cappello trucker con cuciture di qualit\u00e0. Loghi Xhelix sul retro ed etichetta X. Adesivo Platinum\" \/>\n<meta property=\"og:url\" content=\"https:\/\/iha-race.com\/it\/prodotto\/cap-xhelix-curva-stile-urbano-v2\/\" \/>\n<meta property=\"og:site_name\" content=\"Iha Race\" \/>\n<meta property=\"article:modified_time\" content=\"2024-08-29T10:04:04+00:00\" \/>\n<meta property=\"og:image\" content=\"https:\/\/iha-race.com\/wp-content\/uploads\/2022\/05\/f25137_54001403c0534bc49c75fd6ab6a0d73b_mv2.webp\" \/>\n\t<meta property=\"og:image:width\" content=\"533\" \/>\n\t<meta property=\"og:image:height\" content=\"551\" \/>\n\t<meta property=\"og:image:type\" content=\"image\/webp\" \/>\n<meta name=\"twitter:card\" content=\"summary_large_image\" \/>\n<script type=\"application\/ld+json\" class=\"yoast-schema-graph\">{\"@context\":\"https:\\\/\\\/schema.org\",\"@graph\":[{\"@type\":\"WebPage\",\"@id\":\"https:\\\/\\\/iha-race.com\\\/it\\\/prodotto\\\/cap-xhelix-curva-stile-urbano-v2\\\/\",\"url\":\"https:\\\/\\\/iha-race.com\\\/it\\\/prodotto\\\/cap-xhelix-curva-stile-urbano-v2\\\/\",\"name\":\"Berretto Xhelix Urban Style Curva V2 - Iha Race\",\"isPartOf\":{\"@id\":\"https:\\\/\\\/iha-race.com\\\/it\\\/#website\"},\"primaryImageOfPage\":{\"@id\":\"https:\\\/\\\/iha-race.com\\\/it\\\/prodotto\\\/cap-xhelix-curva-stile-urbano-v2\\\/#primaryimage\"},\"image\":{\"@id\":\"https:\\\/\\\/iha-race.com\\\/it\\\/prodotto\\\/cap-xhelix-curva-stile-urbano-v2\\\/#primaryimage\"},\"thumbnailUrl\":\"https:\\\/\\\/iha-race.com\\\/wp-content\\\/uploads\\\/2022\\\/05\\\/f25137_54001403c0534bc49c75fd6ab6a0d73b_mv2.webp\",\"datePublished\":\"2022-05-26T16:08:16+00:00\",\"dateModified\":\"2024-08-29T10:04:04+00:00\",\"breadcrumb\":{\"@id\":\"https:\\\/\\\/iha-race.com\\\/it\\\/prodotto\\\/cap-xhelix-curva-stile-urbano-v2\\\/#breadcrumb\"},\"inLanguage\":\"it-IT\",\"potentialAction\":[{\"@type\":\"ReadAction\",\"target\":[\"https:\\\/\\\/iha-race.com\\\/it\\\/prodotto\\\/cap-xhelix-curva-stile-urbano-v2\\\/\"]}]},{\"@type\":\"ImageObject\",\"inLanguage\":\"it-IT\",\"@id\":\"https:\\\/\\\/iha-race.com\\\/it\\\/prodotto\\\/cap-xhelix-curva-stile-urbano-v2\\\/#primaryimage\",\"url\":\"https:\\\/\\\/iha-race.com\\\/wp-content\\\/uploads\\\/2022\\\/05\\\/f25137_54001403c0534bc49c75fd6ab6a0d73b_mv2.webp\",\"contentUrl\":\"https:\\\/\\\/iha-race.com\\\/wp-content\\\/uploads\\\/2022\\\/05\\\/f25137_54001403c0534bc49c75fd6ab6a0d73b_mv2.webp\",\"width\":533,\"height\":551,\"caption\":\"Acquistare il berretto invernale Xhelix Fpv Style\"},{\"@type\":\"BreadcrumbList\",\"@id\":\"https:\\\/\\\/iha-race.com\\\/it\\\/prodotto\\\/cap-xhelix-curva-stile-urbano-v2\\\/#breadcrumb\",\"itemListElement\":[{\"@type\":\"ListItem\",\"position\":1,\"name\":\"Portada\",\"item\":\"https:\\\/\\\/iha-race.com\\\/it\\\/\"},{\"@type\":\"ListItem\",\"position\":2,\"name\":\"Negozio\",\"item\":\"https:\\\/\\\/iha-race.com\\\/it\\\/negozio\\\/\"},{\"@type\":\"ListItem\",\"position\":3,\"name\":\"Berretto Xhelix Urban Style Curva V2\"}]},{\"@type\":\"WebSite\",\"@id\":\"https:\\\/\\\/iha-race.com\\\/it\\\/#website\",\"url\":\"https:\\\/\\\/iha-race.com\\\/it\\\/\",\"name\":\"Iha Race\",\"description\":\"Comprar drones de carreras FPV env\u00edos en un d\u00eda desde Espa\u00f1a\",\"publisher\":{\"@id\":\"https:\\\/\\\/iha-race.com\\\/it\\\/#organization\"},\"potentialAction\":[{\"@type\":\"SearchAction\",\"target\":{\"@type\":\"EntryPoint\",\"urlTemplate\":\"https:\\\/\\\/iha-race.com\\\/it\\\/?s={search_term_string}\"},\"query-input\":{\"@type\":\"PropertyValueSpecification\",\"valueRequired\":true,\"valueName\":\"search_term_string\"}}],\"inLanguage\":\"it-IT\"},{\"@type\":\"Organization\",\"@id\":\"https:\\\/\\\/iha-race.com\\\/it\\\/#organization\",\"name\":\"Iha Race\",\"url\":\"https:\\\/\\\/iha-race.com\\\/it\\\/\",\"logo\":{\"@type\":\"ImageObject\",\"inLanguage\":\"it-IT\",\"@id\":\"https:\\\/\\\/iha-race.com\\\/it\\\/#\\\/schema\\\/logo\\\/image\\\/\",\"url\":\"https:\\\/\\\/iha-race.com\\\/wp-content\\\/uploads\\\/2018\\\/07\\\/iha-race-drones-de-carreras-tienda-comprar-drones.png\",\"contentUrl\":\"https:\\\/\\\/iha-race.com\\\/wp-content\\\/uploads\\\/2018\\\/07\\\/iha-race-drones-de-carreras-tienda-comprar-drones.png\",\"width\":300,\"height\":100,\"caption\":\"Iha Race\"},\"image\":{\"@id\":\"https:\\\/\\\/iha-race.com\\\/it\\\/#\\\/schema\\\/logo\\\/image\\\/\"}}]}<\/script>\n<!-- \/ Yoast SEO plugin. -->","yoast_head_json":{"title":"Berretto Xhelix Urban Style Curva V2 - Iha Race","robots":{"index":"index","follow":"follow","max-snippet":"max-snippet:-1","max-image-preview":"max-image-preview:large","max-video-preview":"max-video-preview:-1"},"canonical":"https:\/\/iha-race.com\/it\/prodotto\/cap-xhelix-curva-stile-urbano-v2\/","og_locale":"it_IT","og_type":"article","og_title":"Berretto Xhelix Urban Style Curva V2 - Iha Race","og_description":"Berretto Xhelix Urban Style Curva V2 Caratteristiche: Visiera curva. Logo xHelix premium ricamato in 3D. Cappello trucker con cuciture di qualit\u00e0. Loghi Xhelix sul retro ed etichetta X. Adesivo Platinum","og_url":"https:\/\/iha-race.com\/it\/prodotto\/cap-xhelix-curva-stile-urbano-v2\/","og_site_name":"Iha Race","article_modified_time":"2024-08-29T10:04:04+00:00","og_image":[{"width":533,"height":551,"url":"https:\/\/iha-race.com\/wp-content\/uploads\/2022\/05\/f25137_54001403c0534bc49c75fd6ab6a0d73b_mv2.webp","type":"image\/webp"}],"twitter_card":"summary_large_image","schema":{"@context":"https:\/\/schema.org","@graph":[{"@type":"WebPage","@id":"https:\/\/iha-race.com\/it\/prodotto\/cap-xhelix-curva-stile-urbano-v2\/","url":"https:\/\/iha-race.com\/it\/prodotto\/cap-xhelix-curva-stile-urbano-v2\/","name":"Berretto Xhelix Urban Style Curva V2 - Iha Race","isPartOf":{"@id":"https:\/\/iha-race.com\/it\/#website"},"primaryImageOfPage":{"@id":"https:\/\/iha-race.com\/it\/prodotto\/cap-xhelix-curva-stile-urbano-v2\/#primaryimage"},"image":{"@id":"https:\/\/iha-race.com\/it\/prodotto\/cap-xhelix-curva-stile-urbano-v2\/#primaryimage"},"thumbnailUrl":"https:\/\/iha-race.com\/wp-content\/uploads\/2022\/05\/f25137_54001403c0534bc49c75fd6ab6a0d73b_mv2.webp","datePublished":"2022-05-26T16:08:16+00:00","dateModified":"2024-08-29T10:04:04+00:00","breadcrumb":{"@id":"https:\/\/iha-race.com\/it\/prodotto\/cap-xhelix-curva-stile-urbano-v2\/#breadcrumb"},"inLanguage":"it-IT","potentialAction":[{"@type":"ReadAction","target":["https:\/\/iha-race.com\/it\/prodotto\/cap-xhelix-curva-stile-urbano-v2\/"]}]},{"@type":"ImageObject","inLanguage":"it-IT","@id":"https:\/\/iha-race.com\/it\/prodotto\/cap-xhelix-curva-stile-urbano-v2\/#primaryimage","url":"https:\/\/iha-race.com\/wp-content\/uploads\/2022\/05\/f25137_54001403c0534bc49c75fd6ab6a0d73b_mv2.webp","contentUrl":"https:\/\/iha-race.com\/wp-content\/uploads\/2022\/05\/f25137_54001403c0534bc49c75fd6ab6a0d73b_mv2.webp","width":533,"height":551,"caption":"Acquistare il berretto invernale Xhelix Fpv Style"},{"@type":"BreadcrumbList","@id":"https:\/\/iha-race.com\/it\/prodotto\/cap-xhelix-curva-stile-urbano-v2\/#breadcrumb","itemListElement":[{"@type":"ListItem","position":1,"name":"Portada","item":"https:\/\/iha-race.com\/it\/"},{"@type":"ListItem","position":2,"name":"Negozio","item":"https:\/\/iha-race.com\/it\/negozio\/"},{"@type":"ListItem","position":3,"name":"Berretto Xhelix Urban Style Curva V2"}]},{"@type":"WebSite","@id":"https:\/\/iha-race.com\/it\/#website","url":"https:\/\/iha-race.com\/it\/","name":"Iha Race","description":"Comprar drones de carreras FPV env\u00edos en un d\u00eda desde Espa\u00f1a","publisher":{"@id":"https:\/\/iha-race.com\/it\/#organization"},"potentialAction":[{"@type":"SearchAction","target":{"@type":"EntryPoint","urlTemplate":"https:\/\/iha-race.com\/it\/?s={search_term_string}"},"query-input":{"@type":"PropertyValueSpecification","valueRequired":true,"valueName":"search_term_string"}}],"inLanguage":"it-IT"},{"@type":"Organization","@id":"https:\/\/iha-race.com\/it\/#organization","name":"Iha Race","url":"https:\/\/iha-race.com\/it\/","logo":{"@type":"ImageObject","inLanguage":"it-IT","@id":"https:\/\/iha-race.com\/it\/#\/schema\/logo\/image\/","url":"https:\/\/iha-race.com\/wp-content\/uploads\/2018\/07\/iha-race-drones-de-carreras-tienda-comprar-drones.png","contentUrl":"https:\/\/iha-race.com\/wp-content\/uploads\/2018\/07\/iha-race-drones-de-carreras-tienda-comprar-drones.png","width":300,"height":100,"caption":"Iha Race"},"image":{"@id":"https:\/\/iha-race.com\/it\/#\/schema\/logo\/image\/"}}]}},"jetpack_sharing_enabled":true,"brands":[],"_links":{"self":[{"href":"https:\/\/iha-race.com\/it\/wp-json\/wp\/v2\/product\/114405","targetHints":{"allow":["GET"]}}],"collection":[{"href":"https:\/\/iha-race.com\/it\/wp-json\/wp\/v2\/product"}],"about":[{"href":"https:\/\/iha-race.com\/it\/wp-json\/wp\/v2\/types\/product"}],"replies":[{"embeddable":true,"href":"https:\/\/iha-race.com\/it\/wp-json\/wp\/v2\/comments?post=114405"}],"version-history":[{"count":1,"href":"https:\/\/iha-race.com\/it\/wp-json\/wp\/v2\/product\/114405\/revisions"}],"predecessor-version":[{"id":211761,"href":"https:\/\/iha-race.com\/it\/wp-json\/wp\/v2\/product\/114405\/revisions\/211761"}],"wp:featuredmedia":[{"embeddable":true,"href":"https:\/\/iha-race.com\/it\/wp-json\/wp\/v2\/media\/109218"}],"wp:attachment":[{"href":"https:\/\/iha-race.com\/it\/wp-json\/wp\/v2\/media?parent=114405"}],"wp:term":[{"taxonomy":"pwb-brand","embeddable":true,"href":"https:\/\/iha-race.com\/it\/wp-json\/wp\/v2\/pwb-brand?post=114405"},{"taxonomy":"product_cat","embeddable":true,"href":"https:\/\/iha-race.com\/it\/wp-json\/wp\/v2\/product_cat?post=114405"},{"taxonomy":"product_tag","embeddable":true,"href":"https:\/\/iha-race.com\/it\/wp-json\/wp\/v2\/product_tag?post=114405"}],"curies":[{"name":"wp","href":"https:\/\/api.w.org\/{rel}","templated":true}]}}