{"id":114353,"date":"2022-06-12T13:03:42","date_gmt":"2022-06-12T11:03:42","guid":{"rendered":"https:\/\/iha-race.com\/producto\/mateksys-pdb-hex-12s\/"},"modified":"2024-08-29T12:04:22","modified_gmt":"2024-08-29T10:04:22","slug":"mateksys-pdb-hex-12s","status":"publish","type":"product","link":"https:\/\/iha-race.com\/it\/prodotto\/mateksys-pdb-hex-12s\/","title":{"rendered":"Mateksys PDB-HEX 12S"},"content":{"rendered":"<h2>Mateksys PDB-HEX 12S<\/h2>\n<h3>Specifiche tecniche<\/h3>\n<ul>\n<li>Gamma di tensione in ingresso: 6~60V (2~12S LiPo)<\/li>\n<li>PDB\/resistenza di rilevamento della corrente: 140 A continui, 264 A a raffica.<\/li>\n<li>Pastiglie di potenza ESC: 60A cont. 100A burst<\/li>\n<li>6 piazzole di alimentazione\/segnale\/telemetria dell&#8217;ESC<\/li>\n<li>Signore della corrente: 264A, 3,3V ADC<\/li>\n<li>Scala di corrente 125 (INAV\/BF), BATT_AMP_PERVLT 80 (ArduPilot)<\/li>\n<\/ul>\n<h3>Connettore e piazzole JST-SH-8P<\/h3>\n<ul>\n<li>Vbat: tensione della batteria<\/li>\n<li>G: terra<\/li>\n<li>Curr: segnale corrente<\/li>\n<li>Tlm: duplica i pad Tlm per la telemetria ESC.<\/li>\n<li>S1\/S2\/S3\/S4\/S5\/S6: segnale ESC<\/li>\n<li>Vx: uscita del regolatore<\/li>\n<\/ul>\n<h3>Uscita BEC Vx (default 5V)<\/h3>\n<ul>\n<li>Vx= 5V predefinito, 5 Ampere continui<\/li>\n<li>Ponte a 9 V, Vx= 9 V, 4 Ampere continui, 5 A max.<\/li>\n<li>Ponte a 12 V, Vx= 12 V, 4 A continui, 5 A max.<\/li>\n<li>Uscita con tolleranza al cortocircuito (1 secondo)<\/li>\n<li>Protezione da sovracorrente e auto-ripristino<\/li>\n<\/ul>\n<h3>Divisore di tensione<\/h3>\n<ul>\n<li>Resistori 1K:20K<\/li>\n<li>Tensione di uscita 1\/21 Vbat<\/li>\n<\/ul>\n<h3>Fisico<\/h3>\n<ul>\n<li>Montaggio: 30,5 x 30,5 mm, 20 x 20 mm, \u03a63 mm<\/li>\n<li>Dimensioni: 49 x 40 x 6 mm<\/li>\n<li>Peso: 12 g<\/li>\n<\/ul>\n<h3>Il pacchetto comprende<\/h3>\n<ul>\n<li>1 x PDB-HEX<\/li>\n<li>1 x Rubycon ZLJ 63V 390uF<\/li>\n<li>1 cavo JST-SH1.0_8-pin, 5 cm<\/li>\n<li>2 connettori JST-SH1.0_8pin<\/li>\n<\/ul>\n<p>&nbsp;<\/p>\n<p><img fetchpriority=\"high\" decoding=\"async\" class=\"alignnone size-full wp-image-8153\" src=\"http:\/\/www.mateksys.com\/wp-content\/uploads\/2020\/11\/PDB-HEX_2.jpg\" alt=\"\" width=\"1500\" height=\"600\"> <img decoding=\"async\" class=\"alignnone size-full wp-image-8159\" src=\"http:\/\/www.mateksys.com\/wp-content\/uploads\/2020\/11\/PDB-HEX_3.jpg\" alt=\"\" width=\"1500\" height=\"600\"> <img decoding=\"async\" class=\"alignnone size-full wp-image-8158\" src=\"http:\/\/www.mateksys.com\/wp-content\/uploads\/2020\/11\/PDB-HEX_4.jpg\" alt=\"\" width=\"1500\" height=\"600\"><\/p>\n<p>&nbsp;<\/p>\n<p>&nbsp;<\/p>\n","protected":false},"excerpt":{"rendered":"<p>Mateksys PDB-HEX 12S Specifiche tecniche Gamma di tensione in ingresso: 6~60V (2~12S LiPo) PDB\/resistenza di rilevamento della corrente: 140 A continui, 264 A a raffica. Pastiglie di potenza ESC: 60A<\/p>\n","protected":false},"featured_media":109578,"comment_status":"open","ping_status":"closed","template":"","meta":{"_joinchat":[]},"pwb-brand":[],"product_cat":[1104,2466],"product_tag":[],"class_list":{"0":"post-114353","1":"product","2":"type-product","3":"status-publish","4":"has-post-thumbnail","6":"product_cat-elettronica-e-accessori-fpv","7":"product_cat-pdb-it","9":"first","10":"outofstock","11":"taxable","12":"shipping-taxable","13":"purchasable","14":"product-type-simple"},"barcode":null,"atum_controlled":true,"out_stock_date":"2025-08-07 18:08:47","out_stock_threshold":null,"inheritable":false,"stock_on_hold":0,"sold_today":0,"sales_last_days":1,"out_stock_days":0,"lost_sales":0,"update_date":"2026-04-08T16:42:38","atum_locations":[],"atum_stock_status":"outofstock","restock_status":false,"low_stock_amount":"","sales_update_date":"2025-08-08T08:50:52","calc_backorders":null,"yoast_head":"<!-- This site is optimized with the Yoast SEO plugin v27.3 - https:\/\/yoast.com\/product\/yoast-seo-wordpress\/ -->\n<title>Mateksys PDB-HEX 12S - Iha Race<\/title>\n<meta name=\"robots\" content=\"index, follow, max-snippet:-1, max-image-preview:large, max-video-preview:-1\" \/>\n<link rel=\"canonical\" href=\"https:\/\/iha-race.com\/it\/prodotto\/mateksys-pdb-hex-12s\/\" \/>\n<meta property=\"og:locale\" content=\"it_IT\" \/>\n<meta property=\"og:type\" content=\"article\" \/>\n<meta property=\"og:title\" content=\"Mateksys PDB-HEX 12S - Iha Race\" \/>\n<meta property=\"og:description\" content=\"Mateksys PDB-HEX 12S Specifiche tecniche Gamma di tensione in ingresso: 6~60V (2~12S LiPo) PDB\/resistenza di rilevamento della corrente: 140 A continui, 264 A a raffica. Pastiglie di potenza ESC: 60A\" \/>\n<meta property=\"og:url\" content=\"https:\/\/iha-race.com\/it\/prodotto\/mateksys-pdb-hex-12s\/\" \/>\n<meta property=\"og:site_name\" content=\"Iha Race\" \/>\n<meta property=\"article:modified_time\" content=\"2024-08-29T10:04:22+00:00\" \/>\n<meta property=\"og:image\" content=\"https:\/\/iha-race.com\/wp-content\/uploads\/2022\/06\/Captura-de-Pantalla-2022-06-12-a-las-13.00.57.png\" \/>\n\t<meta property=\"og:image:width\" content=\"660\" \/>\n\t<meta property=\"og:image:height\" content=\"596\" \/>\n\t<meta property=\"og:image:type\" content=\"image\/png\" \/>\n<meta name=\"twitter:card\" content=\"summary_large_image\" \/>\n<meta name=\"twitter:label1\" content=\"Tempo di lettura stimato\" \/>\n\t<meta name=\"twitter:data1\" content=\"1 minuto\" \/>\n<script type=\"application\/ld+json\" class=\"yoast-schema-graph\">{\"@context\":\"https:\\\/\\\/schema.org\",\"@graph\":[{\"@type\":\"WebPage\",\"@id\":\"https:\\\/\\\/iha-race.com\\\/it\\\/prodotto\\\/mateksys-pdb-hex-12s\\\/\",\"url\":\"https:\\\/\\\/iha-race.com\\\/it\\\/prodotto\\\/mateksys-pdb-hex-12s\\\/\",\"name\":\"Mateksys PDB-HEX 12S - Iha Race\",\"isPartOf\":{\"@id\":\"https:\\\/\\\/iha-race.com\\\/it\\\/#website\"},\"primaryImageOfPage\":{\"@id\":\"https:\\\/\\\/iha-race.com\\\/it\\\/prodotto\\\/mateksys-pdb-hex-12s\\\/#primaryimage\"},\"image\":{\"@id\":\"https:\\\/\\\/iha-race.com\\\/it\\\/prodotto\\\/mateksys-pdb-hex-12s\\\/#primaryimage\"},\"thumbnailUrl\":\"https:\\\/\\\/iha-race.com\\\/wp-content\\\/uploads\\\/2022\\\/06\\\/Captura-de-Pantalla-2022-06-12-a-las-13.00.57.png\",\"datePublished\":\"2022-06-12T11:03:42+00:00\",\"dateModified\":\"2024-08-29T10:04:22+00:00\",\"breadcrumb\":{\"@id\":\"https:\\\/\\\/iha-race.com\\\/it\\\/prodotto\\\/mateksys-pdb-hex-12s\\\/#breadcrumb\"},\"inLanguage\":\"it-IT\",\"potentialAction\":[{\"@type\":\"ReadAction\",\"target\":[\"https:\\\/\\\/iha-race.com\\\/it\\\/prodotto\\\/mateksys-pdb-hex-12s\\\/\"]}]},{\"@type\":\"ImageObject\",\"inLanguage\":\"it-IT\",\"@id\":\"https:\\\/\\\/iha-race.com\\\/it\\\/prodotto\\\/mateksys-pdb-hex-12s\\\/#primaryimage\",\"url\":\"https:\\\/\\\/iha-race.com\\\/wp-content\\\/uploads\\\/2022\\\/06\\\/Captura-de-Pantalla-2022-06-12-a-las-13.00.57.png\",\"contentUrl\":\"https:\\\/\\\/iha-race.com\\\/wp-content\\\/uploads\\\/2022\\\/06\\\/Captura-de-Pantalla-2022-06-12-a-las-13.00.57.png\",\"width\":660,\"height\":596,\"caption\":\"Comprare Mateksys PDB-HEX, 12S\"},{\"@type\":\"BreadcrumbList\",\"@id\":\"https:\\\/\\\/iha-race.com\\\/it\\\/prodotto\\\/mateksys-pdb-hex-12s\\\/#breadcrumb\",\"itemListElement\":[{\"@type\":\"ListItem\",\"position\":1,\"name\":\"Portada\",\"item\":\"https:\\\/\\\/iha-race.com\\\/it\\\/\"},{\"@type\":\"ListItem\",\"position\":2,\"name\":\"Negozio\",\"item\":\"https:\\\/\\\/iha-race.com\\\/it\\\/negozio\\\/\"},{\"@type\":\"ListItem\",\"position\":3,\"name\":\"Mateksys PDB-HEX 12S\"}]},{\"@type\":\"WebSite\",\"@id\":\"https:\\\/\\\/iha-race.com\\\/it\\\/#website\",\"url\":\"https:\\\/\\\/iha-race.com\\\/it\\\/\",\"name\":\"Iha Race\",\"description\":\"Comprar drones de carreras FPV env\u00edos en un d\u00eda desde Espa\u00f1a\",\"publisher\":{\"@id\":\"https:\\\/\\\/iha-race.com\\\/it\\\/#organization\"},\"potentialAction\":[{\"@type\":\"SearchAction\",\"target\":{\"@type\":\"EntryPoint\",\"urlTemplate\":\"https:\\\/\\\/iha-race.com\\\/it\\\/?s={search_term_string}\"},\"query-input\":{\"@type\":\"PropertyValueSpecification\",\"valueRequired\":true,\"valueName\":\"search_term_string\"}}],\"inLanguage\":\"it-IT\"},{\"@type\":\"Organization\",\"@id\":\"https:\\\/\\\/iha-race.com\\\/it\\\/#organization\",\"name\":\"Iha Race\",\"url\":\"https:\\\/\\\/iha-race.com\\\/it\\\/\",\"logo\":{\"@type\":\"ImageObject\",\"inLanguage\":\"it-IT\",\"@id\":\"https:\\\/\\\/iha-race.com\\\/it\\\/#\\\/schema\\\/logo\\\/image\\\/\",\"url\":\"https:\\\/\\\/iha-race.com\\\/wp-content\\\/uploads\\\/2018\\\/07\\\/iha-race-drones-de-carreras-tienda-comprar-drones.png\",\"contentUrl\":\"https:\\\/\\\/iha-race.com\\\/wp-content\\\/uploads\\\/2018\\\/07\\\/iha-race-drones-de-carreras-tienda-comprar-drones.png\",\"width\":300,\"height\":100,\"caption\":\"Iha Race\"},\"image\":{\"@id\":\"https:\\\/\\\/iha-race.com\\\/it\\\/#\\\/schema\\\/logo\\\/image\\\/\"}}]}<\/script>\n<!-- \/ Yoast SEO plugin. -->","yoast_head_json":{"title":"Mateksys PDB-HEX 12S - Iha Race","robots":{"index":"index","follow":"follow","max-snippet":"max-snippet:-1","max-image-preview":"max-image-preview:large","max-video-preview":"max-video-preview:-1"},"canonical":"https:\/\/iha-race.com\/it\/prodotto\/mateksys-pdb-hex-12s\/","og_locale":"it_IT","og_type":"article","og_title":"Mateksys PDB-HEX 12S - Iha Race","og_description":"Mateksys PDB-HEX 12S Specifiche tecniche Gamma di tensione in ingresso: 6~60V (2~12S LiPo) PDB\/resistenza di rilevamento della corrente: 140 A continui, 264 A a raffica. Pastiglie di potenza ESC: 60A","og_url":"https:\/\/iha-race.com\/it\/prodotto\/mateksys-pdb-hex-12s\/","og_site_name":"Iha Race","article_modified_time":"2024-08-29T10:04:22+00:00","og_image":[{"width":660,"height":596,"url":"https:\/\/iha-race.com\/wp-content\/uploads\/2022\/06\/Captura-de-Pantalla-2022-06-12-a-las-13.00.57.png","type":"image\/png"}],"twitter_card":"summary_large_image","twitter_misc":{"Tempo di lettura stimato":"1 minuto"},"schema":{"@context":"https:\/\/schema.org","@graph":[{"@type":"WebPage","@id":"https:\/\/iha-race.com\/it\/prodotto\/mateksys-pdb-hex-12s\/","url":"https:\/\/iha-race.com\/it\/prodotto\/mateksys-pdb-hex-12s\/","name":"Mateksys PDB-HEX 12S - Iha Race","isPartOf":{"@id":"https:\/\/iha-race.com\/it\/#website"},"primaryImageOfPage":{"@id":"https:\/\/iha-race.com\/it\/prodotto\/mateksys-pdb-hex-12s\/#primaryimage"},"image":{"@id":"https:\/\/iha-race.com\/it\/prodotto\/mateksys-pdb-hex-12s\/#primaryimage"},"thumbnailUrl":"https:\/\/iha-race.com\/wp-content\/uploads\/2022\/06\/Captura-de-Pantalla-2022-06-12-a-las-13.00.57.png","datePublished":"2022-06-12T11:03:42+00:00","dateModified":"2024-08-29T10:04:22+00:00","breadcrumb":{"@id":"https:\/\/iha-race.com\/it\/prodotto\/mateksys-pdb-hex-12s\/#breadcrumb"},"inLanguage":"it-IT","potentialAction":[{"@type":"ReadAction","target":["https:\/\/iha-race.com\/it\/prodotto\/mateksys-pdb-hex-12s\/"]}]},{"@type":"ImageObject","inLanguage":"it-IT","@id":"https:\/\/iha-race.com\/it\/prodotto\/mateksys-pdb-hex-12s\/#primaryimage","url":"https:\/\/iha-race.com\/wp-content\/uploads\/2022\/06\/Captura-de-Pantalla-2022-06-12-a-las-13.00.57.png","contentUrl":"https:\/\/iha-race.com\/wp-content\/uploads\/2022\/06\/Captura-de-Pantalla-2022-06-12-a-las-13.00.57.png","width":660,"height":596,"caption":"Comprare Mateksys PDB-HEX, 12S"},{"@type":"BreadcrumbList","@id":"https:\/\/iha-race.com\/it\/prodotto\/mateksys-pdb-hex-12s\/#breadcrumb","itemListElement":[{"@type":"ListItem","position":1,"name":"Portada","item":"https:\/\/iha-race.com\/it\/"},{"@type":"ListItem","position":2,"name":"Negozio","item":"https:\/\/iha-race.com\/it\/negozio\/"},{"@type":"ListItem","position":3,"name":"Mateksys PDB-HEX 12S"}]},{"@type":"WebSite","@id":"https:\/\/iha-race.com\/it\/#website","url":"https:\/\/iha-race.com\/it\/","name":"Iha Race","description":"Comprar drones de carreras FPV env\u00edos en un d\u00eda desde Espa\u00f1a","publisher":{"@id":"https:\/\/iha-race.com\/it\/#organization"},"potentialAction":[{"@type":"SearchAction","target":{"@type":"EntryPoint","urlTemplate":"https:\/\/iha-race.com\/it\/?s={search_term_string}"},"query-input":{"@type":"PropertyValueSpecification","valueRequired":true,"valueName":"search_term_string"}}],"inLanguage":"it-IT"},{"@type":"Organization","@id":"https:\/\/iha-race.com\/it\/#organization","name":"Iha Race","url":"https:\/\/iha-race.com\/it\/","logo":{"@type":"ImageObject","inLanguage":"it-IT","@id":"https:\/\/iha-race.com\/it\/#\/schema\/logo\/image\/","url":"https:\/\/iha-race.com\/wp-content\/uploads\/2018\/07\/iha-race-drones-de-carreras-tienda-comprar-drones.png","contentUrl":"https:\/\/iha-race.com\/wp-content\/uploads\/2018\/07\/iha-race-drones-de-carreras-tienda-comprar-drones.png","width":300,"height":100,"caption":"Iha Race"},"image":{"@id":"https:\/\/iha-race.com\/it\/#\/schema\/logo\/image\/"}}]}},"brands":[],"_links":{"self":[{"href":"https:\/\/iha-race.com\/it\/wp-json\/wp\/v2\/product\/114353","targetHints":{"allow":["GET"]}}],"collection":[{"href":"https:\/\/iha-race.com\/it\/wp-json\/wp\/v2\/product"}],"about":[{"href":"https:\/\/iha-race.com\/it\/wp-json\/wp\/v2\/types\/product"}],"replies":[{"embeddable":true,"href":"https:\/\/iha-race.com\/it\/wp-json\/wp\/v2\/comments?post=114353"}],"version-history":[{"count":1,"href":"https:\/\/iha-race.com\/it\/wp-json\/wp\/v2\/product\/114353\/revisions"}],"predecessor-version":[{"id":117637,"href":"https:\/\/iha-race.com\/it\/wp-json\/wp\/v2\/product\/114353\/revisions\/117637"}],"wp:featuredmedia":[{"embeddable":true,"href":"https:\/\/iha-race.com\/it\/wp-json\/wp\/v2\/media\/109578"}],"wp:attachment":[{"href":"https:\/\/iha-race.com\/it\/wp-json\/wp\/v2\/media?parent=114353"}],"wp:term":[{"taxonomy":"pwb-brand","embeddable":true,"href":"https:\/\/iha-race.com\/it\/wp-json\/wp\/v2\/pwb-brand?post=114353"},{"taxonomy":"product_cat","embeddable":true,"href":"https:\/\/iha-race.com\/it\/wp-json\/wp\/v2\/product_cat?post=114353"},{"taxonomy":"product_tag","embeddable":true,"href":"https:\/\/iha-race.com\/it\/wp-json\/wp\/v2\/product_tag?post=114353"}],"curies":[{"name":"wp","href":"https:\/\/api.w.org\/{rel}","templated":true}]}}