{"id":114341,"date":"2022-04-24T12:13:17","date_gmt":"2022-04-24T10:13:17","guid":{"rendered":"https:\/\/iha-race.com\/producto\/supporto-per-telecamera-3d-runcam-thumb\/"},"modified":"2024-08-29T12:06:35","modified_gmt":"2024-08-29T10:06:35","slug":"montaggio-3d-per-camera-runcam-thumb","status":"publish","type":"product","link":"https:\/\/iha-race.com\/it\/prodotto\/montaggio-3d-per-camera-runcam-thumb\/","title":{"rendered":"Supporto per telecamera 3D RunCam Thumb"},"content":{"rendered":"<h2><span data-sheets-value=\"{\"1\":2,\"2\":\"Montaje 3D para C\u00e1mara RunCam Thumb\"}\" data-sheets-userformat=\"{\"2\":14915,\"3\":{\"1\":0},\"4\":{\"1\":2,\"2\":16777215},\"9\":0,\"12\":0,\"14\":{\"1\":2,\"2\":3355443},\"15\":\"Arial, sans-serif\",\"16\":11}\">Supporto per telecamera 3D RunCam Thumb<\/span><\/h2>\n<p>  Questo <strong>supporto per telecamera stampato in 3D<\/strong> \u00e8 per RunCam Thumb.<strong> <\/strong><\/p>\n<h2>Caratteristiche<\/h2>\n<ul>\n<li>Angolo di ripresa regolabile con base fissa<\/li>\n<li>Alloggia il pollice di RunCam<\/li>\n<li>Stampato in 3D in nero<\/li>\n<\/ul>\n<h2>Specifiche tecniche<\/h2>\n<ul>\n<li>Dimensioni: 0,39&#8243; x 0,31&#8243; x 0,79&#8243; (0,39&#8243; x 0,31&#8243; x 0,79&#8243;)<\/li>\n<li>Materiale: filamento stampato in 3D<\/li>\n<li>Modello: Runcam Thumb<\/li>\n<li>Peso netto: 8,98 g<\/li>\n<li>Nero<\/li>\n<\/ul>\n<h2>Il pacchetto comprende:<\/h2>\n<ul>\n<li>1 supporto per telecamera stampato in 3D per RunCam Thumb<\/li>\n<\/ul>\n<p>&nbsp;<\/p>\n","protected":false},"excerpt":{"rendered":"<p>Supporto per telecamera 3D RunCam Thumb Questo supporto per telecamera stampato in 3D \u00e8 per RunCam Thumb. Caratteristiche Angolo di ripresa regolabile con base fissa Alloggia il pollice di RunCam<\/p>\n","protected":false},"featured_media":108541,"comment_status":"open","ping_status":"closed","template":"","meta":{"_joinchat":[]},"pwb-brand":[],"product_cat":[1441,1193,1165],"product_tag":[],"class_list":{"0":"post-114341","1":"product","2":"type-product","3":"status-publish","4":"has-post-thumbnail","6":"product_cat-parti-3d","7":"product_cat-ricambi-per-fotocamere","8":"product_cat-telecamere-fpv","10":"first","11":"instock","12":"taxable","13":"shipping-taxable","14":"purchasable","15":"product-type-simple"},"barcode":null,"atum_controlled":true,"out_stock_date":null,"out_stock_threshold":null,"inheritable":false,"stock_on_hold":0,"sold_today":0,"sales_last_days":0,"out_stock_days":0,"lost_sales":0,"update_date":"2026-04-25T20:28:31","atum_locations":[],"atum_stock_status":"instock","restock_status":false,"low_stock_amount":"","sales_update_date":"2026-04-25T20:28:31","calc_backorders":null,"yoast_head":"<!-- This site is optimized with the Yoast SEO plugin v27.3 - https:\/\/yoast.com\/product\/yoast-seo-wordpress\/ -->\n<title>Supporto per telecamera 3D RunCam Thumb - Iha Race<\/title>\n<meta name=\"robots\" content=\"index, follow, max-snippet:-1, max-image-preview:large, max-video-preview:-1\" \/>\n<link rel=\"canonical\" href=\"https:\/\/iha-race.com\/it\/prodotto\/montaggio-3d-per-camera-runcam-thumb\/\" \/>\n<meta property=\"og:locale\" content=\"it_IT\" \/>\n<meta property=\"og:type\" content=\"article\" \/>\n<meta property=\"og:title\" content=\"Supporto per telecamera 3D RunCam Thumb - Iha Race\" \/>\n<meta property=\"og:description\" content=\"Supporto per telecamera 3D RunCam Thumb Questo supporto per telecamera stampato in 3D \u00e8 per RunCam Thumb. Caratteristiche Angolo di ripresa regolabile con base fissa Alloggia il pollice di RunCam\" \/>\n<meta property=\"og:url\" content=\"https:\/\/iha-race.com\/it\/prodotto\/montaggio-3d-per-camera-runcam-thumb\/\" \/>\n<meta property=\"og:site_name\" content=\"Iha Race\" \/>\n<meta property=\"article:modified_time\" content=\"2024-08-29T10:06:35+00:00\" \/>\n<meta property=\"og:image\" content=\"https:\/\/iha-race.com\/wp-content\/uploads\/2022\/04\/2__50026.1644218928.1280.1280.jpg\" \/>\n\t<meta property=\"og:image:width\" content=\"1000\" \/>\n\t<meta property=\"og:image:height\" content=\"1000\" \/>\n\t<meta property=\"og:image:type\" content=\"image\/jpeg\" \/>\n<meta name=\"twitter:card\" content=\"summary_large_image\" \/>\n<script type=\"application\/ld+json\" class=\"yoast-schema-graph\">{\"@context\":\"https:\\\/\\\/schema.org\",\"@graph\":[{\"@type\":\"WebPage\",\"@id\":\"https:\\\/\\\/iha-race.com\\\/it\\\/prodotto\\\/montaggio-3d-per-camera-runcam-thumb\\\/\",\"url\":\"https:\\\/\\\/iha-race.com\\\/it\\\/prodotto\\\/montaggio-3d-per-camera-runcam-thumb\\\/\",\"name\":\"Supporto per telecamera 3D RunCam Thumb - Iha Race\",\"isPartOf\":{\"@id\":\"https:\\\/\\\/iha-race.com\\\/it\\\/#website\"},\"primaryImageOfPage\":{\"@id\":\"https:\\\/\\\/iha-race.com\\\/it\\\/prodotto\\\/montaggio-3d-per-camera-runcam-thumb\\\/#primaryimage\"},\"image\":{\"@id\":\"https:\\\/\\\/iha-race.com\\\/it\\\/prodotto\\\/montaggio-3d-per-camera-runcam-thumb\\\/#primaryimage\"},\"thumbnailUrl\":\"https:\\\/\\\/iha-race.com\\\/wp-content\\\/uploads\\\/2022\\\/04\\\/2__50026.1644218928.1280.1280.jpg\",\"datePublished\":\"2022-04-24T10:13:17+00:00\",\"dateModified\":\"2024-08-29T10:06:35+00:00\",\"breadcrumb\":{\"@id\":\"https:\\\/\\\/iha-race.com\\\/it\\\/prodotto\\\/montaggio-3d-per-camera-runcam-thumb\\\/#breadcrumb\"},\"inLanguage\":\"it-IT\",\"potentialAction\":[{\"@type\":\"ReadAction\",\"target\":[\"https:\\\/\\\/iha-race.com\\\/it\\\/prodotto\\\/montaggio-3d-per-camera-runcam-thumb\\\/\"]}]},{\"@type\":\"ImageObject\",\"inLanguage\":\"it-IT\",\"@id\":\"https:\\\/\\\/iha-race.com\\\/it\\\/prodotto\\\/montaggio-3d-per-camera-runcam-thumb\\\/#primaryimage\",\"url\":\"https:\\\/\\\/iha-race.com\\\/wp-content\\\/uploads\\\/2022\\\/04\\\/2__50026.1644218928.1280.1280.jpg\",\"contentUrl\":\"https:\\\/\\\/iha-race.com\\\/wp-content\\\/uploads\\\/2022\\\/04\\\/2__50026.1644218928.1280.1280.jpg\",\"width\":1000,\"height\":1000,\"caption\":\"Acquista il supporto per telecamera 3D RunCam Thumb\"},{\"@type\":\"BreadcrumbList\",\"@id\":\"https:\\\/\\\/iha-race.com\\\/it\\\/prodotto\\\/montaggio-3d-per-camera-runcam-thumb\\\/#breadcrumb\",\"itemListElement\":[{\"@type\":\"ListItem\",\"position\":1,\"name\":\"Portada\",\"item\":\"https:\\\/\\\/iha-race.com\\\/it\\\/\"},{\"@type\":\"ListItem\",\"position\":2,\"name\":\"Negozio\",\"item\":\"https:\\\/\\\/iha-race.com\\\/it\\\/negozio\\\/\"},{\"@type\":\"ListItem\",\"position\":3,\"name\":\"Supporto per telecamera 3D RunCam Thumb\"}]},{\"@type\":\"WebSite\",\"@id\":\"https:\\\/\\\/iha-race.com\\\/it\\\/#website\",\"url\":\"https:\\\/\\\/iha-race.com\\\/it\\\/\",\"name\":\"Iha Race\",\"description\":\"Comprar drones de carreras FPV env\u00edos en un d\u00eda desde Espa\u00f1a\",\"publisher\":{\"@id\":\"https:\\\/\\\/iha-race.com\\\/it\\\/#organization\"},\"potentialAction\":[{\"@type\":\"SearchAction\",\"target\":{\"@type\":\"EntryPoint\",\"urlTemplate\":\"https:\\\/\\\/iha-race.com\\\/it\\\/?s={search_term_string}\"},\"query-input\":{\"@type\":\"PropertyValueSpecification\",\"valueRequired\":true,\"valueName\":\"search_term_string\"}}],\"inLanguage\":\"it-IT\"},{\"@type\":\"Organization\",\"@id\":\"https:\\\/\\\/iha-race.com\\\/it\\\/#organization\",\"name\":\"Iha Race\",\"url\":\"https:\\\/\\\/iha-race.com\\\/it\\\/\",\"logo\":{\"@type\":\"ImageObject\",\"inLanguage\":\"it-IT\",\"@id\":\"https:\\\/\\\/iha-race.com\\\/it\\\/#\\\/schema\\\/logo\\\/image\\\/\",\"url\":\"https:\\\/\\\/iha-race.com\\\/wp-content\\\/uploads\\\/2018\\\/07\\\/iha-race-drones-de-carreras-tienda-comprar-drones.png\",\"contentUrl\":\"https:\\\/\\\/iha-race.com\\\/wp-content\\\/uploads\\\/2018\\\/07\\\/iha-race-drones-de-carreras-tienda-comprar-drones.png\",\"width\":300,\"height\":100,\"caption\":\"Iha Race\"},\"image\":{\"@id\":\"https:\\\/\\\/iha-race.com\\\/it\\\/#\\\/schema\\\/logo\\\/image\\\/\"}}]}<\/script>\n<!-- \/ Yoast SEO plugin. -->","yoast_head_json":{"title":"Supporto per telecamera 3D RunCam Thumb - Iha Race","robots":{"index":"index","follow":"follow","max-snippet":"max-snippet:-1","max-image-preview":"max-image-preview:large","max-video-preview":"max-video-preview:-1"},"canonical":"https:\/\/iha-race.com\/it\/prodotto\/montaggio-3d-per-camera-runcam-thumb\/","og_locale":"it_IT","og_type":"article","og_title":"Supporto per telecamera 3D RunCam Thumb - Iha Race","og_description":"Supporto per telecamera 3D RunCam Thumb Questo supporto per telecamera stampato in 3D \u00e8 per RunCam Thumb. Caratteristiche Angolo di ripresa regolabile con base fissa Alloggia il pollice di RunCam","og_url":"https:\/\/iha-race.com\/it\/prodotto\/montaggio-3d-per-camera-runcam-thumb\/","og_site_name":"Iha Race","article_modified_time":"2024-08-29T10:06:35+00:00","og_image":[{"width":1000,"height":1000,"url":"https:\/\/iha-race.com\/wp-content\/uploads\/2022\/04\/2__50026.1644218928.1280.1280.jpg","type":"image\/jpeg"}],"twitter_card":"summary_large_image","schema":{"@context":"https:\/\/schema.org","@graph":[{"@type":"WebPage","@id":"https:\/\/iha-race.com\/it\/prodotto\/montaggio-3d-per-camera-runcam-thumb\/","url":"https:\/\/iha-race.com\/it\/prodotto\/montaggio-3d-per-camera-runcam-thumb\/","name":"Supporto per telecamera 3D RunCam Thumb - Iha Race","isPartOf":{"@id":"https:\/\/iha-race.com\/it\/#website"},"primaryImageOfPage":{"@id":"https:\/\/iha-race.com\/it\/prodotto\/montaggio-3d-per-camera-runcam-thumb\/#primaryimage"},"image":{"@id":"https:\/\/iha-race.com\/it\/prodotto\/montaggio-3d-per-camera-runcam-thumb\/#primaryimage"},"thumbnailUrl":"https:\/\/iha-race.com\/wp-content\/uploads\/2022\/04\/2__50026.1644218928.1280.1280.jpg","datePublished":"2022-04-24T10:13:17+00:00","dateModified":"2024-08-29T10:06:35+00:00","breadcrumb":{"@id":"https:\/\/iha-race.com\/it\/prodotto\/montaggio-3d-per-camera-runcam-thumb\/#breadcrumb"},"inLanguage":"it-IT","potentialAction":[{"@type":"ReadAction","target":["https:\/\/iha-race.com\/it\/prodotto\/montaggio-3d-per-camera-runcam-thumb\/"]}]},{"@type":"ImageObject","inLanguage":"it-IT","@id":"https:\/\/iha-race.com\/it\/prodotto\/montaggio-3d-per-camera-runcam-thumb\/#primaryimage","url":"https:\/\/iha-race.com\/wp-content\/uploads\/2022\/04\/2__50026.1644218928.1280.1280.jpg","contentUrl":"https:\/\/iha-race.com\/wp-content\/uploads\/2022\/04\/2__50026.1644218928.1280.1280.jpg","width":1000,"height":1000,"caption":"Acquista il supporto per telecamera 3D RunCam Thumb"},{"@type":"BreadcrumbList","@id":"https:\/\/iha-race.com\/it\/prodotto\/montaggio-3d-per-camera-runcam-thumb\/#breadcrumb","itemListElement":[{"@type":"ListItem","position":1,"name":"Portada","item":"https:\/\/iha-race.com\/it\/"},{"@type":"ListItem","position":2,"name":"Negozio","item":"https:\/\/iha-race.com\/it\/negozio\/"},{"@type":"ListItem","position":3,"name":"Supporto per telecamera 3D RunCam Thumb"}]},{"@type":"WebSite","@id":"https:\/\/iha-race.com\/it\/#website","url":"https:\/\/iha-race.com\/it\/","name":"Iha Race","description":"Comprar drones de carreras FPV env\u00edos en un d\u00eda desde Espa\u00f1a","publisher":{"@id":"https:\/\/iha-race.com\/it\/#organization"},"potentialAction":[{"@type":"SearchAction","target":{"@type":"EntryPoint","urlTemplate":"https:\/\/iha-race.com\/it\/?s={search_term_string}"},"query-input":{"@type":"PropertyValueSpecification","valueRequired":true,"valueName":"search_term_string"}}],"inLanguage":"it-IT"},{"@type":"Organization","@id":"https:\/\/iha-race.com\/it\/#organization","name":"Iha Race","url":"https:\/\/iha-race.com\/it\/","logo":{"@type":"ImageObject","inLanguage":"it-IT","@id":"https:\/\/iha-race.com\/it\/#\/schema\/logo\/image\/","url":"https:\/\/iha-race.com\/wp-content\/uploads\/2018\/07\/iha-race-drones-de-carreras-tienda-comprar-drones.png","contentUrl":"https:\/\/iha-race.com\/wp-content\/uploads\/2018\/07\/iha-race-drones-de-carreras-tienda-comprar-drones.png","width":300,"height":100,"caption":"Iha Race"},"image":{"@id":"https:\/\/iha-race.com\/it\/#\/schema\/logo\/image\/"}}]}},"jetpack_sharing_enabled":true,"brands":[],"_links":{"self":[{"href":"https:\/\/iha-race.com\/it\/wp-json\/wp\/v2\/product\/114341","targetHints":{"allow":["GET"]}}],"collection":[{"href":"https:\/\/iha-race.com\/it\/wp-json\/wp\/v2\/product"}],"about":[{"href":"https:\/\/iha-race.com\/it\/wp-json\/wp\/v2\/types\/product"}],"replies":[{"embeddable":true,"href":"https:\/\/iha-race.com\/it\/wp-json\/wp\/v2\/comments?post=114341"}],"version-history":[{"count":1,"href":"https:\/\/iha-race.com\/it\/wp-json\/wp\/v2\/product\/114341\/revisions"}],"predecessor-version":[{"id":249163,"href":"https:\/\/iha-race.com\/it\/wp-json\/wp\/v2\/product\/114341\/revisions\/249163"}],"wp:featuredmedia":[{"embeddable":true,"href":"https:\/\/iha-race.com\/it\/wp-json\/wp\/v2\/media\/108541"}],"wp:attachment":[{"href":"https:\/\/iha-race.com\/it\/wp-json\/wp\/v2\/media?parent=114341"}],"wp:term":[{"taxonomy":"pwb-brand","embeddable":true,"href":"https:\/\/iha-race.com\/it\/wp-json\/wp\/v2\/pwb-brand?post=114341"},{"taxonomy":"product_cat","embeddable":true,"href":"https:\/\/iha-race.com\/it\/wp-json\/wp\/v2\/product_cat?post=114341"},{"taxonomy":"product_tag","embeddable":true,"href":"https:\/\/iha-race.com\/it\/wp-json\/wp\/v2\/product_tag?post=114341"}],"curies":[{"name":"wp","href":"https:\/\/api.w.org\/{rel}","templated":true}]}}