{"id":114333,"date":"2022-03-16T12:11:22","date_gmt":"2022-03-16T11:11:22","guid":{"rendered":"https:\/\/iha-race.com\/producto\/staffa-iflight-in-tpu-per-fotocamera-dji-action-2\/"},"modified":"2026-03-21T12:49:57","modified_gmt":"2026-03-21T11:49:57","slug":"staffa-da-tpu-per-camera-dji-action-2","status":"publish","type":"product","link":"https:\/\/iha-race.com\/it\/prodotto\/staffa-da-tpu-per-camera-dji-action-2\/","title":{"rendered":"Staffa iFlight in TPU per fotocamera DJI Action 2"},"content":{"rendered":"<h2>Staffa iFlight in TPU per fotocamera DJI Action 2<\/h2>\n<h3>DESCRIZIONE DEL PRODOTTO<\/h3>\n<p>  Finalmente \u00e8 arrivato il nuovo supporto in TPU per videocamera DJI Action 2 stampato in 3D di alta qualit\u00e0 da iFlight! Durevole, flessibile e facile da installare, pu\u00f2 proteggere perfettamente la vostra DJI Action 2! Il supporto per videocamera DJI Action 2 &#8211; base nuda \u00e8 adatto solo per Chimera4, Chimera5DC e ProTek25 Pusher.  <\/p>\n<h3>Specifiche:<\/h3>\n<ul>\n<li>Colore del telaio in TPU: nero<\/li>\n<li>Senza filtro e versione DJI.<\/li>\n<\/ul>\n<h3>Il pacchetto comprende:<\/h3>\n<ul>\n<li>1 supporto in TPU per telecamera DJI Action 2.<\/li>\n<li><strong>Nota: il DJI Action 2 e il drone non sono inclusi!<\/strong><\/li>\n<\/ul>\n","protected":false},"excerpt":{"rendered":"<p>Staffa iFlight in TPU per fotocamera DJI Action 2 DESCRIZIONE DEL PRODOTTO Finalmente \u00e8 arrivato il nuovo supporto in TPU per videocamera DJI Action 2 stampato in 3D di alta<\/p>\n","protected":false},"featured_media":108073,"comment_status":"open","ping_status":"closed","template":"","meta":{"_joinchat":[]},"pwb-brand":[3571],"product_cat":[1106,1441,1193,1165],"product_tag":[],"class_list":{"0":"post-114333","1":"product","2":"type-product","3":"status-publish","4":"has-post-thumbnail","6":"pwb-brand-iflight","7":"product_cat-accessori","8":"product_cat-parti-3d","9":"product_cat-ricambi-per-fotocamere","10":"product_cat-telecamere-fpv","12":"first","13":"instock","14":"taxable","15":"shipping-taxable","16":"purchasable","17":"product-type-simple"},"barcode":null,"atum_controlled":true,"out_stock_date":null,"out_stock_threshold":null,"inheritable":false,"stock_on_hold":0,"sold_today":0,"sales_last_days":0,"out_stock_days":0,"lost_sales":0,"update_date":"2026-03-21T11:50:17","atum_locations":[],"atum_stock_status":"instock","restock_status":false,"low_stock_amount":"","sales_update_date":"2026-03-21T11:41:44","calc_backorders":null,"yoast_head":"<!-- This site is optimized with the Yoast SEO plugin v27.3 - https:\/\/yoast.com\/product\/yoast-seo-wordpress\/ -->\n<title>Staffa iFlight in TPU per fotocamera DJI Action 2 - Iha Race<\/title>\n<meta name=\"robots\" content=\"index, follow, max-snippet:-1, max-image-preview:large, max-video-preview:-1\" \/>\n<link rel=\"canonical\" href=\"https:\/\/iha-race.com\/it\/prodotto\/staffa-da-tpu-per-camera-dji-action-2\/\" \/>\n<meta property=\"og:locale\" content=\"it_IT\" \/>\n<meta property=\"og:type\" content=\"article\" \/>\n<meta property=\"og:title\" content=\"Staffa iFlight in TPU per fotocamera DJI Action 2 - Iha Race\" \/>\n<meta property=\"og:description\" content=\"Staffa iFlight in TPU per fotocamera DJI Action 2 DESCRIZIONE DEL PRODOTTO Finalmente \u00e8 arrivato il nuovo supporto in TPU per videocamera DJI Action 2 stampato in 3D di alta\" \/>\n<meta property=\"og:url\" content=\"https:\/\/iha-race.com\/it\/prodotto\/staffa-da-tpu-per-camera-dji-action-2\/\" \/>\n<meta property=\"og:site_name\" content=\"Iha Race\" \/>\n<meta property=\"article:modified_time\" content=\"2026-03-21T11:49:57+00:00\" \/>\n<meta property=\"og:image\" content=\"https:\/\/iha-race.com\/wp-content\/uploads\/2022\/03\/Soporte-iFlight-de-TPU-para-camara-DJI-Action-2.jpg\" \/>\n\t<meta property=\"og:image:width\" content=\"1000\" \/>\n\t<meta property=\"og:image:height\" content=\"1000\" \/>\n\t<meta property=\"og:image:type\" content=\"image\/jpeg\" \/>\n<meta name=\"twitter:card\" content=\"summary_large_image\" \/>\n<script type=\"application\/ld+json\" class=\"yoast-schema-graph\">{\"@context\":\"https:\\\/\\\/schema.org\",\"@graph\":[{\"@type\":\"WebPage\",\"@id\":\"https:\\\/\\\/iha-race.com\\\/it\\\/prodotto\\\/staffa-da-tpu-per-camera-dji-action-2\\\/\",\"url\":\"https:\\\/\\\/iha-race.com\\\/it\\\/prodotto\\\/staffa-da-tpu-per-camera-dji-action-2\\\/\",\"name\":\"Staffa iFlight in TPU per fotocamera DJI Action 2 - Iha Race\",\"isPartOf\":{\"@id\":\"https:\\\/\\\/iha-race.com\\\/it\\\/#website\"},\"primaryImageOfPage\":{\"@id\":\"https:\\\/\\\/iha-race.com\\\/it\\\/prodotto\\\/staffa-da-tpu-per-camera-dji-action-2\\\/#primaryimage\"},\"image\":{\"@id\":\"https:\\\/\\\/iha-race.com\\\/it\\\/prodotto\\\/staffa-da-tpu-per-camera-dji-action-2\\\/#primaryimage\"},\"thumbnailUrl\":\"https:\\\/\\\/iha-race.com\\\/wp-content\\\/uploads\\\/2022\\\/03\\\/Soporte-iFlight-de-TPU-para-camara-DJI-Action-2.jpg\",\"datePublished\":\"2022-03-16T11:11:22+00:00\",\"dateModified\":\"2026-03-21T11:49:57+00:00\",\"breadcrumb\":{\"@id\":\"https:\\\/\\\/iha-race.com\\\/it\\\/prodotto\\\/staffa-da-tpu-per-camera-dji-action-2\\\/#breadcrumb\"},\"inLanguage\":\"it-IT\",\"potentialAction\":[{\"@type\":\"ReadAction\",\"target\":[\"https:\\\/\\\/iha-race.com\\\/it\\\/prodotto\\\/staffa-da-tpu-per-camera-dji-action-2\\\/\"]}]},{\"@type\":\"ImageObject\",\"inLanguage\":\"it-IT\",\"@id\":\"https:\\\/\\\/iha-race.com\\\/it\\\/prodotto\\\/staffa-da-tpu-per-camera-dji-action-2\\\/#primaryimage\",\"url\":\"https:\\\/\\\/iha-race.com\\\/wp-content\\\/uploads\\\/2022\\\/03\\\/Soporte-iFlight-de-TPU-para-camara-DJI-Action-2.jpg\",\"contentUrl\":\"https:\\\/\\\/iha-race.com\\\/wp-content\\\/uploads\\\/2022\\\/03\\\/Soporte-iFlight-de-TPU-para-camara-DJI-Action-2.jpg\",\"width\":1000,\"height\":1000,\"caption\":\"acquistare il pi\u00f9 economico supporto per fotocamera iFlight TPU per la fotocamera DJI Action 2\"},{\"@type\":\"BreadcrumbList\",\"@id\":\"https:\\\/\\\/iha-race.com\\\/it\\\/prodotto\\\/staffa-da-tpu-per-camera-dji-action-2\\\/#breadcrumb\",\"itemListElement\":[{\"@type\":\"ListItem\",\"position\":1,\"name\":\"Portada\",\"item\":\"https:\\\/\\\/iha-race.com\\\/it\\\/\"},{\"@type\":\"ListItem\",\"position\":2,\"name\":\"Negozio\",\"item\":\"https:\\\/\\\/iha-race.com\\\/it\\\/negozio\\\/\"},{\"@type\":\"ListItem\",\"position\":3,\"name\":\"Staffa iFlight in TPU per fotocamera DJI Action 2\"}]},{\"@type\":\"WebSite\",\"@id\":\"https:\\\/\\\/iha-race.com\\\/it\\\/#website\",\"url\":\"https:\\\/\\\/iha-race.com\\\/it\\\/\",\"name\":\"Iha Race\",\"description\":\"Comprar drones de carreras FPV env\u00edos en un d\u00eda desde Espa\u00f1a\",\"publisher\":{\"@id\":\"https:\\\/\\\/iha-race.com\\\/it\\\/#organization\"},\"potentialAction\":[{\"@type\":\"SearchAction\",\"target\":{\"@type\":\"EntryPoint\",\"urlTemplate\":\"https:\\\/\\\/iha-race.com\\\/it\\\/?s={search_term_string}\"},\"query-input\":{\"@type\":\"PropertyValueSpecification\",\"valueRequired\":true,\"valueName\":\"search_term_string\"}}],\"inLanguage\":\"it-IT\"},{\"@type\":\"Organization\",\"@id\":\"https:\\\/\\\/iha-race.com\\\/it\\\/#organization\",\"name\":\"Iha Race\",\"url\":\"https:\\\/\\\/iha-race.com\\\/it\\\/\",\"logo\":{\"@type\":\"ImageObject\",\"inLanguage\":\"it-IT\",\"@id\":\"https:\\\/\\\/iha-race.com\\\/it\\\/#\\\/schema\\\/logo\\\/image\\\/\",\"url\":\"https:\\\/\\\/iha-race.com\\\/wp-content\\\/uploads\\\/2018\\\/07\\\/iha-race-drones-de-carreras-tienda-comprar-drones.png\",\"contentUrl\":\"https:\\\/\\\/iha-race.com\\\/wp-content\\\/uploads\\\/2018\\\/07\\\/iha-race-drones-de-carreras-tienda-comprar-drones.png\",\"width\":300,\"height\":100,\"caption\":\"Iha Race\"},\"image\":{\"@id\":\"https:\\\/\\\/iha-race.com\\\/it\\\/#\\\/schema\\\/logo\\\/image\\\/\"}}]}<\/script>\n<!-- \/ Yoast SEO plugin. -->","yoast_head_json":{"title":"Staffa iFlight in TPU per fotocamera DJI Action 2 - Iha Race","robots":{"index":"index","follow":"follow","max-snippet":"max-snippet:-1","max-image-preview":"max-image-preview:large","max-video-preview":"max-video-preview:-1"},"canonical":"https:\/\/iha-race.com\/it\/prodotto\/staffa-da-tpu-per-camera-dji-action-2\/","og_locale":"it_IT","og_type":"article","og_title":"Staffa iFlight in TPU per fotocamera DJI Action 2 - Iha Race","og_description":"Staffa iFlight in TPU per fotocamera DJI Action 2 DESCRIZIONE DEL PRODOTTO Finalmente \u00e8 arrivato il nuovo supporto in TPU per videocamera DJI Action 2 stampato in 3D di alta","og_url":"https:\/\/iha-race.com\/it\/prodotto\/staffa-da-tpu-per-camera-dji-action-2\/","og_site_name":"Iha Race","article_modified_time":"2026-03-21T11:49:57+00:00","og_image":[{"width":1000,"height":1000,"url":"https:\/\/iha-race.com\/wp-content\/uploads\/2022\/03\/Soporte-iFlight-de-TPU-para-camara-DJI-Action-2.jpg","type":"image\/jpeg"}],"twitter_card":"summary_large_image","schema":{"@context":"https:\/\/schema.org","@graph":[{"@type":"WebPage","@id":"https:\/\/iha-race.com\/it\/prodotto\/staffa-da-tpu-per-camera-dji-action-2\/","url":"https:\/\/iha-race.com\/it\/prodotto\/staffa-da-tpu-per-camera-dji-action-2\/","name":"Staffa iFlight in TPU per fotocamera DJI Action 2 - Iha Race","isPartOf":{"@id":"https:\/\/iha-race.com\/it\/#website"},"primaryImageOfPage":{"@id":"https:\/\/iha-race.com\/it\/prodotto\/staffa-da-tpu-per-camera-dji-action-2\/#primaryimage"},"image":{"@id":"https:\/\/iha-race.com\/it\/prodotto\/staffa-da-tpu-per-camera-dji-action-2\/#primaryimage"},"thumbnailUrl":"https:\/\/iha-race.com\/wp-content\/uploads\/2022\/03\/Soporte-iFlight-de-TPU-para-camara-DJI-Action-2.jpg","datePublished":"2022-03-16T11:11:22+00:00","dateModified":"2026-03-21T11:49:57+00:00","breadcrumb":{"@id":"https:\/\/iha-race.com\/it\/prodotto\/staffa-da-tpu-per-camera-dji-action-2\/#breadcrumb"},"inLanguage":"it-IT","potentialAction":[{"@type":"ReadAction","target":["https:\/\/iha-race.com\/it\/prodotto\/staffa-da-tpu-per-camera-dji-action-2\/"]}]},{"@type":"ImageObject","inLanguage":"it-IT","@id":"https:\/\/iha-race.com\/it\/prodotto\/staffa-da-tpu-per-camera-dji-action-2\/#primaryimage","url":"https:\/\/iha-race.com\/wp-content\/uploads\/2022\/03\/Soporte-iFlight-de-TPU-para-camara-DJI-Action-2.jpg","contentUrl":"https:\/\/iha-race.com\/wp-content\/uploads\/2022\/03\/Soporte-iFlight-de-TPU-para-camara-DJI-Action-2.jpg","width":1000,"height":1000,"caption":"acquistare il pi\u00f9 economico supporto per fotocamera iFlight TPU per la fotocamera DJI Action 2"},{"@type":"BreadcrumbList","@id":"https:\/\/iha-race.com\/it\/prodotto\/staffa-da-tpu-per-camera-dji-action-2\/#breadcrumb","itemListElement":[{"@type":"ListItem","position":1,"name":"Portada","item":"https:\/\/iha-race.com\/it\/"},{"@type":"ListItem","position":2,"name":"Negozio","item":"https:\/\/iha-race.com\/it\/negozio\/"},{"@type":"ListItem","position":3,"name":"Staffa iFlight in TPU per fotocamera DJI Action 2"}]},{"@type":"WebSite","@id":"https:\/\/iha-race.com\/it\/#website","url":"https:\/\/iha-race.com\/it\/","name":"Iha Race","description":"Comprar drones de carreras FPV env\u00edos en un d\u00eda desde Espa\u00f1a","publisher":{"@id":"https:\/\/iha-race.com\/it\/#organization"},"potentialAction":[{"@type":"SearchAction","target":{"@type":"EntryPoint","urlTemplate":"https:\/\/iha-race.com\/it\/?s={search_term_string}"},"query-input":{"@type":"PropertyValueSpecification","valueRequired":true,"valueName":"search_term_string"}}],"inLanguage":"it-IT"},{"@type":"Organization","@id":"https:\/\/iha-race.com\/it\/#organization","name":"Iha Race","url":"https:\/\/iha-race.com\/it\/","logo":{"@type":"ImageObject","inLanguage":"it-IT","@id":"https:\/\/iha-race.com\/it\/#\/schema\/logo\/image\/","url":"https:\/\/iha-race.com\/wp-content\/uploads\/2018\/07\/iha-race-drones-de-carreras-tienda-comprar-drones.png","contentUrl":"https:\/\/iha-race.com\/wp-content\/uploads\/2018\/07\/iha-race-drones-de-carreras-tienda-comprar-drones.png","width":300,"height":100,"caption":"Iha Race"},"image":{"@id":"https:\/\/iha-race.com\/it\/#\/schema\/logo\/image\/"}}]}},"brands":[{"id":3571,"name":"iFlight","slug":"iflight"}],"_links":{"self":[{"href":"https:\/\/iha-race.com\/it\/wp-json\/wp\/v2\/product\/114333","targetHints":{"allow":["GET"]}}],"collection":[{"href":"https:\/\/iha-race.com\/it\/wp-json\/wp\/v2\/product"}],"about":[{"href":"https:\/\/iha-race.com\/it\/wp-json\/wp\/v2\/types\/product"}],"replies":[{"embeddable":true,"href":"https:\/\/iha-race.com\/it\/wp-json\/wp\/v2\/comments?post=114333"}],"version-history":[{"count":1,"href":"https:\/\/iha-race.com\/it\/wp-json\/wp\/v2\/product\/114333\/revisions"}],"predecessor-version":[{"id":249187,"href":"https:\/\/iha-race.com\/it\/wp-json\/wp\/v2\/product\/114333\/revisions\/249187"}],"wp:featuredmedia":[{"embeddable":true,"href":"https:\/\/iha-race.com\/it\/wp-json\/wp\/v2\/media\/108073"}],"wp:attachment":[{"href":"https:\/\/iha-race.com\/it\/wp-json\/wp\/v2\/media?parent=114333"}],"wp:term":[{"taxonomy":"pwb-brand","embeddable":true,"href":"https:\/\/iha-race.com\/it\/wp-json\/wp\/v2\/pwb-brand?post=114333"},{"taxonomy":"product_cat","embeddable":true,"href":"https:\/\/iha-race.com\/it\/wp-json\/wp\/v2\/product_cat?post=114333"},{"taxonomy":"product_tag","embeddable":true,"href":"https:\/\/iha-race.com\/it\/wp-json\/wp\/v2\/product_tag?post=114333"}],"curies":[{"name":"wp","href":"https:\/\/api.w.org\/{rel}","templated":true}]}}