{"id":114290,"date":"2022-03-16T11:49:48","date_gmt":"2022-03-16T10:49:48","guid":{"rendered":"https:\/\/iha-race.com\/producto\/supporto-iflight-per-gopro-hero-9-10-in-tpu-regolabile-040\/"},"modified":"2026-03-21T12:50:09","modified_gmt":"2026-03-21T11:50:09","slug":"montura-iflight-gopro-hero-9-10-ajustable-de-tpu-040","status":"publish","type":"product","link":"https:\/\/iha-race.com\/it\/prodotto\/montura-iflight-gopro-hero-9-10-ajustable-de-tpu-040\/","title":{"rendered":"Supporto iFlight per GoPro Hero 9\/10 in TPU regolabile (0~40\u00b0)"},"content":{"rendered":"<h2>Supporto iFlight per GoPro Hero 9\/10 in TPU regolabile (0~40\u00b0)<\/h2>\n<h3>DESCRIZIONE:<\/h3>\n<div id=\"collapse-description\">\n<ul>\n<li><strong>Angolo regolabile:<\/strong> 0~40\u00b0.<\/li>\n<li>Progettato per GoPro Hero 9 e 10<\/li>\n<li>Fornito per XL5 V4, XL5 V5, DC5, SL5, BumbleBee, Green Hornet, Chimera7<\/li>\n<li>La staffa \u00e8 stampata con filamento TPU, resistente e flessibile per fissare e proteggere bene la fotocamera.<\/li>\n<\/ul>\n<h3>Il pacchetto comprende:<\/h3>\n<ul>\n<li>1 supporto per videocamera GoPro (a scelta tra rosa, rosso o giallo)<\/li>\n<\/ul>\n<\/div>\n","protected":false},"excerpt":{"rendered":"<p>Supporto iFlight per GoPro Hero 9\/10 in TPU regolabile (0~40\u00b0) DESCRIZIONE: Angolo regolabile: 0~40\u00b0. Progettato per GoPro Hero 9 e 10 Fornito per XL5 V4, XL5 V5, DC5, SL5, BumbleBee,<\/p>\n","protected":false},"featured_media":108067,"comment_status":"open","ping_status":"closed","template":"","meta":{"_joinchat":[]},"pwb-brand":[3571],"product_cat":[1441,1193,1165],"product_tag":[],"class_list":{"0":"post-114290","1":"product","2":"type-product","3":"status-publish","4":"has-post-thumbnail","6":"pwb-brand-iflight","7":"product_cat-parti-3d","8":"product_cat-ricambi-per-fotocamere","9":"product_cat-telecamere-fpv","11":"first","12":"instock","13":"taxable","14":"shipping-taxable","15":"purchasable","16":"product-type-variable"},"barcode":null,"atum_controlled":true,"out_stock_date":null,"out_stock_threshold":null,"inheritable":true,"stock_on_hold":0,"sold_today":1,"sales_last_days":2,"out_stock_days":0,"lost_sales":0,"update_date":"2026-03-21T11:10:46","atum_locations":[],"atum_stock_status":"instock","restock_status":false,"low_stock_amount":"","sales_update_date":"2026-03-21T11:10:46","calc_backorders":null,"yoast_head":"<!-- This site is optimized with the Yoast SEO plugin v27.3 - https:\/\/yoast.com\/product\/yoast-seo-wordpress\/ -->\n<title>Supporto iFlight per GoPro Hero 9\/10 in TPU regolabile (0~40\u00b0) - Iha Race<\/title>\n<meta name=\"robots\" content=\"index, follow, max-snippet:-1, max-image-preview:large, max-video-preview:-1\" \/>\n<link rel=\"canonical\" href=\"https:\/\/iha-race.com\/it\/prodotto\/montura-iflight-gopro-hero-9-10-ajustable-de-tpu-040\/\" \/>\n<meta property=\"og:locale\" content=\"it_IT\" \/>\n<meta property=\"og:type\" content=\"article\" \/>\n<meta property=\"og:title\" content=\"Supporto iFlight per GoPro Hero 9\/10 in TPU regolabile (0~40\u00b0) - Iha Race\" \/>\n<meta property=\"og:description\" content=\"Supporto iFlight per GoPro Hero 9\/10 in TPU regolabile (0~40\u00b0) DESCRIZIONE: Angolo regolabile: 0~40\u00b0. Progettato per GoPro Hero 9 e 10 Fornito per XL5 V4, XL5 V5, DC5, SL5, BumbleBee,\" \/>\n<meta property=\"og:url\" content=\"https:\/\/iha-race.com\/it\/prodotto\/montura-iflight-gopro-hero-9-10-ajustable-de-tpu-040\/\" \/>\n<meta property=\"og:site_name\" content=\"Iha Race\" \/>\n<meta property=\"article:modified_time\" content=\"2026-03-21T11:50:09+00:00\" \/>\n<meta property=\"og:image\" content=\"https:\/\/iha-race.com\/wp-content\/uploads\/2022\/03\/Montura-iFlight-GoPro-Hero-9-10-ajustable-de-TPU-040\u00b0.jpg\" \/>\n\t<meta property=\"og:image:width\" content=\"1000\" \/>\n\t<meta property=\"og:image:height\" content=\"1000\" \/>\n\t<meta property=\"og:image:type\" content=\"image\/jpeg\" \/>\n<meta name=\"twitter:card\" content=\"summary_large_image\" \/>\n<script type=\"application\/ld+json\" class=\"yoast-schema-graph\">{\"@context\":\"https:\\\/\\\/schema.org\",\"@graph\":[{\"@type\":\"WebPage\",\"@id\":\"https:\\\/\\\/iha-race.com\\\/it\\\/prodotto\\\/montura-iflight-gopro-hero-9-10-ajustable-de-tpu-040\\\/\",\"url\":\"https:\\\/\\\/iha-race.com\\\/it\\\/prodotto\\\/montura-iflight-gopro-hero-9-10-ajustable-de-tpu-040\\\/\",\"name\":\"Supporto iFlight per GoPro Hero 9\\\/10 in TPU regolabile (0~40\u00b0) - Iha Race\",\"isPartOf\":{\"@id\":\"https:\\\/\\\/iha-race.com\\\/it\\\/#website\"},\"primaryImageOfPage\":{\"@id\":\"https:\\\/\\\/iha-race.com\\\/it\\\/prodotto\\\/montura-iflight-gopro-hero-9-10-ajustable-de-tpu-040\\\/#primaryimage\"},\"image\":{\"@id\":\"https:\\\/\\\/iha-race.com\\\/it\\\/prodotto\\\/montura-iflight-gopro-hero-9-10-ajustable-de-tpu-040\\\/#primaryimage\"},\"thumbnailUrl\":\"https:\\\/\\\/iha-race.com\\\/wp-content\\\/uploads\\\/2022\\\/03\\\/Montura-iFlight-GoPro-Hero-9-10-ajustable-de-TPU-040\u00b0.jpg\",\"datePublished\":\"2022-03-16T10:49:48+00:00\",\"dateModified\":\"2026-03-21T11:50:09+00:00\",\"breadcrumb\":{\"@id\":\"https:\\\/\\\/iha-race.com\\\/it\\\/prodotto\\\/montura-iflight-gopro-hero-9-10-ajustable-de-tpu-040\\\/#breadcrumb\"},\"inLanguage\":\"it-IT\",\"potentialAction\":[{\"@type\":\"ReadAction\",\"target\":[\"https:\\\/\\\/iha-race.com\\\/it\\\/prodotto\\\/montura-iflight-gopro-hero-9-10-ajustable-de-tpu-040\\\/\"]}]},{\"@type\":\"ImageObject\",\"inLanguage\":\"it-IT\",\"@id\":\"https:\\\/\\\/iha-race.com\\\/it\\\/prodotto\\\/montura-iflight-gopro-hero-9-10-ajustable-de-tpu-040\\\/#primaryimage\",\"url\":\"https:\\\/\\\/iha-race.com\\\/wp-content\\\/uploads\\\/2022\\\/03\\\/Montura-iFlight-GoPro-Hero-9-10-ajustable-de-TPU-040\u00b0.jpg\",\"contentUrl\":\"https:\\\/\\\/iha-race.com\\\/wp-content\\\/uploads\\\/2022\\\/03\\\/Montura-iFlight-GoPro-Hero-9-10-ajustable-de-TPU-040\u00b0.jpg\",\"width\":1000,\"height\":1000,\"caption\":\"acquistare il pi\u00f9 economico supporto iFlight GoPro Hero 9 10 regolabile in TPU (0~40\u00b0)\"},{\"@type\":\"BreadcrumbList\",\"@id\":\"https:\\\/\\\/iha-race.com\\\/it\\\/prodotto\\\/montura-iflight-gopro-hero-9-10-ajustable-de-tpu-040\\\/#breadcrumb\",\"itemListElement\":[{\"@type\":\"ListItem\",\"position\":1,\"name\":\"Portada\",\"item\":\"https:\\\/\\\/iha-race.com\\\/it\\\/\"},{\"@type\":\"ListItem\",\"position\":2,\"name\":\"Negozio\",\"item\":\"https:\\\/\\\/iha-race.com\\\/it\\\/negozio\\\/\"},{\"@type\":\"ListItem\",\"position\":3,\"name\":\"Supporto iFlight per GoPro Hero 9\\\/10 in TPU regolabile (0~40\u00b0)\"}]},{\"@type\":\"WebSite\",\"@id\":\"https:\\\/\\\/iha-race.com\\\/it\\\/#website\",\"url\":\"https:\\\/\\\/iha-race.com\\\/it\\\/\",\"name\":\"Iha Race\",\"description\":\"Comprar drones de carreras FPV env\u00edos en un d\u00eda desde Espa\u00f1a\",\"publisher\":{\"@id\":\"https:\\\/\\\/iha-race.com\\\/it\\\/#organization\"},\"potentialAction\":[{\"@type\":\"SearchAction\",\"target\":{\"@type\":\"EntryPoint\",\"urlTemplate\":\"https:\\\/\\\/iha-race.com\\\/it\\\/?s={search_term_string}\"},\"query-input\":{\"@type\":\"PropertyValueSpecification\",\"valueRequired\":true,\"valueName\":\"search_term_string\"}}],\"inLanguage\":\"it-IT\"},{\"@type\":\"Organization\",\"@id\":\"https:\\\/\\\/iha-race.com\\\/it\\\/#organization\",\"name\":\"Iha Race\",\"url\":\"https:\\\/\\\/iha-race.com\\\/it\\\/\",\"logo\":{\"@type\":\"ImageObject\",\"inLanguage\":\"it-IT\",\"@id\":\"https:\\\/\\\/iha-race.com\\\/it\\\/#\\\/schema\\\/logo\\\/image\\\/\",\"url\":\"https:\\\/\\\/iha-race.com\\\/wp-content\\\/uploads\\\/2018\\\/07\\\/iha-race-drones-de-carreras-tienda-comprar-drones.png\",\"contentUrl\":\"https:\\\/\\\/iha-race.com\\\/wp-content\\\/uploads\\\/2018\\\/07\\\/iha-race-drones-de-carreras-tienda-comprar-drones.png\",\"width\":300,\"height\":100,\"caption\":\"Iha Race\"},\"image\":{\"@id\":\"https:\\\/\\\/iha-race.com\\\/it\\\/#\\\/schema\\\/logo\\\/image\\\/\"}}]}<\/script>\n<!-- \/ Yoast SEO plugin. -->","yoast_head_json":{"title":"Supporto iFlight per GoPro Hero 9\/10 in TPU regolabile (0~40\u00b0) - Iha Race","robots":{"index":"index","follow":"follow","max-snippet":"max-snippet:-1","max-image-preview":"max-image-preview:large","max-video-preview":"max-video-preview:-1"},"canonical":"https:\/\/iha-race.com\/it\/prodotto\/montura-iflight-gopro-hero-9-10-ajustable-de-tpu-040\/","og_locale":"it_IT","og_type":"article","og_title":"Supporto iFlight per GoPro Hero 9\/10 in TPU regolabile (0~40\u00b0) - Iha Race","og_description":"Supporto iFlight per GoPro Hero 9\/10 in TPU regolabile (0~40\u00b0) DESCRIZIONE: Angolo regolabile: 0~40\u00b0. Progettato per GoPro Hero 9 e 10 Fornito per XL5 V4, XL5 V5, DC5, SL5, BumbleBee,","og_url":"https:\/\/iha-race.com\/it\/prodotto\/montura-iflight-gopro-hero-9-10-ajustable-de-tpu-040\/","og_site_name":"Iha Race","article_modified_time":"2026-03-21T11:50:09+00:00","og_image":[{"width":1000,"height":1000,"url":"https:\/\/iha-race.com\/wp-content\/uploads\/2022\/03\/Montura-iFlight-GoPro-Hero-9-10-ajustable-de-TPU-040\u00b0.jpg","type":"image\/jpeg"}],"twitter_card":"summary_large_image","schema":{"@context":"https:\/\/schema.org","@graph":[{"@type":"WebPage","@id":"https:\/\/iha-race.com\/it\/prodotto\/montura-iflight-gopro-hero-9-10-ajustable-de-tpu-040\/","url":"https:\/\/iha-race.com\/it\/prodotto\/montura-iflight-gopro-hero-9-10-ajustable-de-tpu-040\/","name":"Supporto iFlight per GoPro Hero 9\/10 in TPU regolabile (0~40\u00b0) - Iha Race","isPartOf":{"@id":"https:\/\/iha-race.com\/it\/#website"},"primaryImageOfPage":{"@id":"https:\/\/iha-race.com\/it\/prodotto\/montura-iflight-gopro-hero-9-10-ajustable-de-tpu-040\/#primaryimage"},"image":{"@id":"https:\/\/iha-race.com\/it\/prodotto\/montura-iflight-gopro-hero-9-10-ajustable-de-tpu-040\/#primaryimage"},"thumbnailUrl":"https:\/\/iha-race.com\/wp-content\/uploads\/2022\/03\/Montura-iFlight-GoPro-Hero-9-10-ajustable-de-TPU-040\u00b0.jpg","datePublished":"2022-03-16T10:49:48+00:00","dateModified":"2026-03-21T11:50:09+00:00","breadcrumb":{"@id":"https:\/\/iha-race.com\/it\/prodotto\/montura-iflight-gopro-hero-9-10-ajustable-de-tpu-040\/#breadcrumb"},"inLanguage":"it-IT","potentialAction":[{"@type":"ReadAction","target":["https:\/\/iha-race.com\/it\/prodotto\/montura-iflight-gopro-hero-9-10-ajustable-de-tpu-040\/"]}]},{"@type":"ImageObject","inLanguage":"it-IT","@id":"https:\/\/iha-race.com\/it\/prodotto\/montura-iflight-gopro-hero-9-10-ajustable-de-tpu-040\/#primaryimage","url":"https:\/\/iha-race.com\/wp-content\/uploads\/2022\/03\/Montura-iFlight-GoPro-Hero-9-10-ajustable-de-TPU-040\u00b0.jpg","contentUrl":"https:\/\/iha-race.com\/wp-content\/uploads\/2022\/03\/Montura-iFlight-GoPro-Hero-9-10-ajustable-de-TPU-040\u00b0.jpg","width":1000,"height":1000,"caption":"acquistare il pi\u00f9 economico supporto iFlight GoPro Hero 9 10 regolabile in TPU (0~40\u00b0)"},{"@type":"BreadcrumbList","@id":"https:\/\/iha-race.com\/it\/prodotto\/montura-iflight-gopro-hero-9-10-ajustable-de-tpu-040\/#breadcrumb","itemListElement":[{"@type":"ListItem","position":1,"name":"Portada","item":"https:\/\/iha-race.com\/it\/"},{"@type":"ListItem","position":2,"name":"Negozio","item":"https:\/\/iha-race.com\/it\/negozio\/"},{"@type":"ListItem","position":3,"name":"Supporto iFlight per GoPro Hero 9\/10 in TPU regolabile (0~40\u00b0)"}]},{"@type":"WebSite","@id":"https:\/\/iha-race.com\/it\/#website","url":"https:\/\/iha-race.com\/it\/","name":"Iha Race","description":"Comprar drones de carreras FPV env\u00edos en un d\u00eda desde Espa\u00f1a","publisher":{"@id":"https:\/\/iha-race.com\/it\/#organization"},"potentialAction":[{"@type":"SearchAction","target":{"@type":"EntryPoint","urlTemplate":"https:\/\/iha-race.com\/it\/?s={search_term_string}"},"query-input":{"@type":"PropertyValueSpecification","valueRequired":true,"valueName":"search_term_string"}}],"inLanguage":"it-IT"},{"@type":"Organization","@id":"https:\/\/iha-race.com\/it\/#organization","name":"Iha Race","url":"https:\/\/iha-race.com\/it\/","logo":{"@type":"ImageObject","inLanguage":"it-IT","@id":"https:\/\/iha-race.com\/it\/#\/schema\/logo\/image\/","url":"https:\/\/iha-race.com\/wp-content\/uploads\/2018\/07\/iha-race-drones-de-carreras-tienda-comprar-drones.png","contentUrl":"https:\/\/iha-race.com\/wp-content\/uploads\/2018\/07\/iha-race-drones-de-carreras-tienda-comprar-drones.png","width":300,"height":100,"caption":"Iha Race"},"image":{"@id":"https:\/\/iha-race.com\/it\/#\/schema\/logo\/image\/"}}]}},"brands":[{"id":3571,"name":"iFlight","slug":"iflight"}],"_links":{"self":[{"href":"https:\/\/iha-race.com\/it\/wp-json\/wp\/v2\/product\/114290","targetHints":{"allow":["GET"]}}],"collection":[{"href":"https:\/\/iha-race.com\/it\/wp-json\/wp\/v2\/product"}],"about":[{"href":"https:\/\/iha-race.com\/it\/wp-json\/wp\/v2\/types\/product"}],"replies":[{"embeddable":true,"href":"https:\/\/iha-race.com\/it\/wp-json\/wp\/v2\/comments?post=114290"}],"version-history":[{"count":1,"href":"https:\/\/iha-race.com\/it\/wp-json\/wp\/v2\/product\/114290\/revisions"}],"predecessor-version":[{"id":226153,"href":"https:\/\/iha-race.com\/it\/wp-json\/wp\/v2\/product\/114290\/revisions\/226153"}],"wp:featuredmedia":[{"embeddable":true,"href":"https:\/\/iha-race.com\/it\/wp-json\/wp\/v2\/media\/108067"}],"wp:attachment":[{"href":"https:\/\/iha-race.com\/it\/wp-json\/wp\/v2\/media?parent=114290"}],"wp:term":[{"taxonomy":"pwb-brand","embeddable":true,"href":"https:\/\/iha-race.com\/it\/wp-json\/wp\/v2\/pwb-brand?post=114290"},{"taxonomy":"product_cat","embeddable":true,"href":"https:\/\/iha-race.com\/it\/wp-json\/wp\/v2\/product_cat?post=114290"},{"taxonomy":"product_tag","embeddable":true,"href":"https:\/\/iha-race.com\/it\/wp-json\/wp\/v2\/product_tag?post=114290"}],"curies":[{"name":"wp","href":"https:\/\/api.w.org\/{rel}","templated":true}]}}