{"id":114263,"date":"2022-03-24T11:17:44","date_gmt":"2022-03-24T10:17:44","guid":{"rendered":"https:\/\/iha-race.com\/producto\/hqprop-t90mmx3-eliche-per-cinewhoop-grigio-2cw-2ccw\/"},"modified":"2024-08-29T12:07:25","modified_gmt":"2024-08-29T10:07:25","slug":"eliche-hqprop-t90mmx3-per-cinewhoop-grigio-2cw-2ccw","status":"publish","type":"product","link":"https:\/\/iha-race.com\/it\/prodotto\/eliche-hqprop-t90mmx3-per-cinewhoop-grigio-2cw-2ccw\/","title":{"rendered":"HQProp T90MMx3 Eliche per Cinewhoop Grigio (2CW + 2CCW)"},"content":{"rendered":"<h2>HQProp T90MMx3 Eliche per Cinewhoop Grigio (2CW + 2CCW)<\/h2>\n<h3>Specifiche tecniche<\/h3>\n<ul>\n<li>Diametro dell&#8217;elica: 90 mm<\/li>\n<li>Passo: 3<\/li>\n<li>Lame: 3<\/li>\n<li>Materiale: policarbonato<\/li>\n<li>Peso: 2,35 g<\/li>\n<li>Diametro del mozzo: 11 mm<\/li>\n<li>Spessore del mozzo: 5,5 mm<\/li>\n<li>Albero: 1,9\/1,5\/1,9 mm<\/li>\n<li>Anelli adattatori: NO<\/li>\n<\/ul>\n<h3>Il pacchetto comprende<\/h3>\n<ul>\n<li>2 eliche CW HQProp Duct-T90MMX3<\/li>\n<li>2 eliche CCW HQProp Duct-T90MMX3<\/li>\n<\/ul>\n","protected":false},"excerpt":{"rendered":"<p>HQProp T90MMx3 Eliche per Cinewhoop Grigio (2CW + 2CCW) Specifiche tecniche Diametro dell&#8217;elica: 90 mm Passo: 3 Lame: 3 Materiale: policarbonato Peso: 2,35 g Diametro del mozzo: 11 mm Spessore<\/p>\n","protected":false},"featured_media":108177,"comment_status":"open","ping_status":"closed","template":"","meta":{"_joinchat":[]},"pwb-brand":[],"product_cat":[50,57,49],"product_tag":[],"class_list":{"0":"post-114263","1":"product","2":"type-product","3":"status-publish","4":"has-post-thumbnail","6":"product_cat-dos","7":"product_cat-otras","8":"product_cat-helices-para-drones","10":"first","11":"outofstock","12":"taxable","13":"shipping-taxable","14":"purchasable","15":"product-type-simple"},"barcode":null,"atum_controlled":true,"out_stock_date":"2026-03-19 21:47:16","out_stock_threshold":null,"inheritable":false,"stock_on_hold":0,"sold_today":0,"sales_last_days":1,"out_stock_days":4,"lost_sales":1,"update_date":"2026-04-08T16:42:03","atum_locations":[],"atum_stock_status":"outofstock","restock_status":false,"low_stock_amount":"","sales_update_date":"2026-03-24T09:16:37","calc_backorders":null,"yoast_head":"<!-- This site is optimized with the Yoast SEO plugin v27.3 - https:\/\/yoast.com\/product\/yoast-seo-wordpress\/ -->\n<title>HQProp T90MMx3 Eliche per Cinewhoop Grigio (2CW + 2CCW) - Iha Race<\/title>\n<meta name=\"robots\" content=\"index, follow, max-snippet:-1, max-image-preview:large, max-video-preview:-1\" \/>\n<link rel=\"canonical\" href=\"https:\/\/iha-race.com\/it\/prodotto\/eliche-hqprop-t90mmx3-per-cinewhoop-grigio-2cw-2ccw\/\" \/>\n<meta property=\"og:locale\" content=\"it_IT\" \/>\n<meta property=\"og:type\" content=\"article\" \/>\n<meta property=\"og:title\" content=\"HQProp T90MMx3 Eliche per Cinewhoop Grigio (2CW + 2CCW) - Iha Race\" \/>\n<meta property=\"og:description\" content=\"HQProp T90MMx3 Eliche per Cinewhoop Grigio (2CW + 2CCW) Specifiche tecniche Diametro dell&#8217;elica: 90 mm Passo: 3 Lame: 3 Materiale: policarbonato Peso: 2,35 g Diametro del mozzo: 11 mm Spessore\" \/>\n<meta property=\"og:url\" content=\"https:\/\/iha-race.com\/it\/prodotto\/eliche-hqprop-t90mmx3-per-cinewhoop-grigio-2cw-2ccw\/\" \/>\n<meta property=\"og:site_name\" content=\"Iha Race\" \/>\n<meta property=\"article:modified_time\" content=\"2024-08-29T10:07:25+00:00\" \/>\n<meta property=\"og:image\" content=\"https:\/\/iha-race.com\/wp-content\/uploads\/2022\/03\/Helices-HQProp-T90MMx3-para-Cinewhoop-Gris-2CW-2CCW-1.jpg\" \/>\n\t<meta property=\"og:image:width\" content=\"640\" \/>\n\t<meta property=\"og:image:height\" content=\"640\" \/>\n\t<meta property=\"og:image:type\" content=\"image\/jpeg\" \/>\n<meta name=\"twitter:card\" content=\"summary_large_image\" \/>\n<script type=\"application\/ld+json\" class=\"yoast-schema-graph\">{\"@context\":\"https:\\\/\\\/schema.org\",\"@graph\":[{\"@type\":\"WebPage\",\"@id\":\"https:\\\/\\\/iha-race.com\\\/it\\\/prodotto\\\/eliche-hqprop-t90mmx3-per-cinewhoop-grigio-2cw-2ccw\\\/\",\"url\":\"https:\\\/\\\/iha-race.com\\\/it\\\/prodotto\\\/eliche-hqprop-t90mmx3-per-cinewhoop-grigio-2cw-2ccw\\\/\",\"name\":\"HQProp T90MMx3 Eliche per Cinewhoop Grigio (2CW + 2CCW) - Iha Race\",\"isPartOf\":{\"@id\":\"https:\\\/\\\/iha-race.com\\\/it\\\/#website\"},\"primaryImageOfPage\":{\"@id\":\"https:\\\/\\\/iha-race.com\\\/it\\\/prodotto\\\/eliche-hqprop-t90mmx3-per-cinewhoop-grigio-2cw-2ccw\\\/#primaryimage\"},\"image\":{\"@id\":\"https:\\\/\\\/iha-race.com\\\/it\\\/prodotto\\\/eliche-hqprop-t90mmx3-per-cinewhoop-grigio-2cw-2ccw\\\/#primaryimage\"},\"thumbnailUrl\":\"https:\\\/\\\/iha-race.com\\\/wp-content\\\/uploads\\\/2022\\\/03\\\/Helices-HQProp-T90MMx3-para-Cinewhoop-Gris-2CW-2CCW-1.jpg\",\"datePublished\":\"2022-03-24T10:17:44+00:00\",\"dateModified\":\"2024-08-29T10:07:25+00:00\",\"breadcrumb\":{\"@id\":\"https:\\\/\\\/iha-race.com\\\/it\\\/prodotto\\\/eliche-hqprop-t90mmx3-per-cinewhoop-grigio-2cw-2ccw\\\/#breadcrumb\"},\"inLanguage\":\"it-IT\",\"potentialAction\":[{\"@type\":\"ReadAction\",\"target\":[\"https:\\\/\\\/iha-race.com\\\/it\\\/prodotto\\\/eliche-hqprop-t90mmx3-per-cinewhoop-grigio-2cw-2ccw\\\/\"]}]},{\"@type\":\"ImageObject\",\"inLanguage\":\"it-IT\",\"@id\":\"https:\\\/\\\/iha-race.com\\\/it\\\/prodotto\\\/eliche-hqprop-t90mmx3-per-cinewhoop-grigio-2cw-2ccw\\\/#primaryimage\",\"url\":\"https:\\\/\\\/iha-race.com\\\/wp-content\\\/uploads\\\/2022\\\/03\\\/Helices-HQProp-T90MMx3-para-Cinewhoop-Gris-2CW-2CCW-1.jpg\",\"contentUrl\":\"https:\\\/\\\/iha-race.com\\\/wp-content\\\/uploads\\\/2022\\\/03\\\/Helices-HQProp-T90MMx3-para-Cinewhoop-Gris-2CW-2CCW-1.jpg\",\"width\":640,\"height\":640,\"caption\":\"acquistare pi\u00f9 economico HQProp T90MMx3 Eliche per Cinewhoop Grigio (2CW + 2CCW)\"},{\"@type\":\"BreadcrumbList\",\"@id\":\"https:\\\/\\\/iha-race.com\\\/it\\\/prodotto\\\/eliche-hqprop-t90mmx3-per-cinewhoop-grigio-2cw-2ccw\\\/#breadcrumb\",\"itemListElement\":[{\"@type\":\"ListItem\",\"position\":1,\"name\":\"Portada\",\"item\":\"https:\\\/\\\/iha-race.com\\\/it\\\/\"},{\"@type\":\"ListItem\",\"position\":2,\"name\":\"Negozio\",\"item\":\"https:\\\/\\\/iha-race.com\\\/it\\\/negozio\\\/\"},{\"@type\":\"ListItem\",\"position\":3,\"name\":\"HQProp T90MMx3 Eliche per Cinewhoop Grigio (2CW + 2CCW)\"}]},{\"@type\":\"WebSite\",\"@id\":\"https:\\\/\\\/iha-race.com\\\/it\\\/#website\",\"url\":\"https:\\\/\\\/iha-race.com\\\/it\\\/\",\"name\":\"Iha Race\",\"description\":\"Comprar drones de carreras FPV env\u00edos en un d\u00eda desde Espa\u00f1a\",\"publisher\":{\"@id\":\"https:\\\/\\\/iha-race.com\\\/it\\\/#organization\"},\"potentialAction\":[{\"@type\":\"SearchAction\",\"target\":{\"@type\":\"EntryPoint\",\"urlTemplate\":\"https:\\\/\\\/iha-race.com\\\/it\\\/?s={search_term_string}\"},\"query-input\":{\"@type\":\"PropertyValueSpecification\",\"valueRequired\":true,\"valueName\":\"search_term_string\"}}],\"inLanguage\":\"it-IT\"},{\"@type\":\"Organization\",\"@id\":\"https:\\\/\\\/iha-race.com\\\/it\\\/#organization\",\"name\":\"Iha Race\",\"url\":\"https:\\\/\\\/iha-race.com\\\/it\\\/\",\"logo\":{\"@type\":\"ImageObject\",\"inLanguage\":\"it-IT\",\"@id\":\"https:\\\/\\\/iha-race.com\\\/it\\\/#\\\/schema\\\/logo\\\/image\\\/\",\"url\":\"https:\\\/\\\/iha-race.com\\\/wp-content\\\/uploads\\\/2018\\\/07\\\/iha-race-drones-de-carreras-tienda-comprar-drones.png\",\"contentUrl\":\"https:\\\/\\\/iha-race.com\\\/wp-content\\\/uploads\\\/2018\\\/07\\\/iha-race-drones-de-carreras-tienda-comprar-drones.png\",\"width\":300,\"height\":100,\"caption\":\"Iha Race\"},\"image\":{\"@id\":\"https:\\\/\\\/iha-race.com\\\/it\\\/#\\\/schema\\\/logo\\\/image\\\/\"}}]}<\/script>\n<!-- \/ Yoast SEO plugin. -->","yoast_head_json":{"title":"HQProp T90MMx3 Eliche per Cinewhoop Grigio (2CW + 2CCW) - Iha Race","robots":{"index":"index","follow":"follow","max-snippet":"max-snippet:-1","max-image-preview":"max-image-preview:large","max-video-preview":"max-video-preview:-1"},"canonical":"https:\/\/iha-race.com\/it\/prodotto\/eliche-hqprop-t90mmx3-per-cinewhoop-grigio-2cw-2ccw\/","og_locale":"it_IT","og_type":"article","og_title":"HQProp T90MMx3 Eliche per Cinewhoop Grigio (2CW + 2CCW) - Iha Race","og_description":"HQProp T90MMx3 Eliche per Cinewhoop Grigio (2CW + 2CCW) Specifiche tecniche Diametro dell&#8217;elica: 90 mm Passo: 3 Lame: 3 Materiale: policarbonato Peso: 2,35 g Diametro del mozzo: 11 mm Spessore","og_url":"https:\/\/iha-race.com\/it\/prodotto\/eliche-hqprop-t90mmx3-per-cinewhoop-grigio-2cw-2ccw\/","og_site_name":"Iha Race","article_modified_time":"2024-08-29T10:07:25+00:00","og_image":[{"width":640,"height":640,"url":"https:\/\/iha-race.com\/wp-content\/uploads\/2022\/03\/Helices-HQProp-T90MMx3-para-Cinewhoop-Gris-2CW-2CCW-1.jpg","type":"image\/jpeg"}],"twitter_card":"summary_large_image","schema":{"@context":"https:\/\/schema.org","@graph":[{"@type":"WebPage","@id":"https:\/\/iha-race.com\/it\/prodotto\/eliche-hqprop-t90mmx3-per-cinewhoop-grigio-2cw-2ccw\/","url":"https:\/\/iha-race.com\/it\/prodotto\/eliche-hqprop-t90mmx3-per-cinewhoop-grigio-2cw-2ccw\/","name":"HQProp T90MMx3 Eliche per Cinewhoop Grigio (2CW + 2CCW) - Iha Race","isPartOf":{"@id":"https:\/\/iha-race.com\/it\/#website"},"primaryImageOfPage":{"@id":"https:\/\/iha-race.com\/it\/prodotto\/eliche-hqprop-t90mmx3-per-cinewhoop-grigio-2cw-2ccw\/#primaryimage"},"image":{"@id":"https:\/\/iha-race.com\/it\/prodotto\/eliche-hqprop-t90mmx3-per-cinewhoop-grigio-2cw-2ccw\/#primaryimage"},"thumbnailUrl":"https:\/\/iha-race.com\/wp-content\/uploads\/2022\/03\/Helices-HQProp-T90MMx3-para-Cinewhoop-Gris-2CW-2CCW-1.jpg","datePublished":"2022-03-24T10:17:44+00:00","dateModified":"2024-08-29T10:07:25+00:00","breadcrumb":{"@id":"https:\/\/iha-race.com\/it\/prodotto\/eliche-hqprop-t90mmx3-per-cinewhoop-grigio-2cw-2ccw\/#breadcrumb"},"inLanguage":"it-IT","potentialAction":[{"@type":"ReadAction","target":["https:\/\/iha-race.com\/it\/prodotto\/eliche-hqprop-t90mmx3-per-cinewhoop-grigio-2cw-2ccw\/"]}]},{"@type":"ImageObject","inLanguage":"it-IT","@id":"https:\/\/iha-race.com\/it\/prodotto\/eliche-hqprop-t90mmx3-per-cinewhoop-grigio-2cw-2ccw\/#primaryimage","url":"https:\/\/iha-race.com\/wp-content\/uploads\/2022\/03\/Helices-HQProp-T90MMx3-para-Cinewhoop-Gris-2CW-2CCW-1.jpg","contentUrl":"https:\/\/iha-race.com\/wp-content\/uploads\/2022\/03\/Helices-HQProp-T90MMx3-para-Cinewhoop-Gris-2CW-2CCW-1.jpg","width":640,"height":640,"caption":"acquistare pi\u00f9 economico HQProp T90MMx3 Eliche per Cinewhoop Grigio (2CW + 2CCW)"},{"@type":"BreadcrumbList","@id":"https:\/\/iha-race.com\/it\/prodotto\/eliche-hqprop-t90mmx3-per-cinewhoop-grigio-2cw-2ccw\/#breadcrumb","itemListElement":[{"@type":"ListItem","position":1,"name":"Portada","item":"https:\/\/iha-race.com\/it\/"},{"@type":"ListItem","position":2,"name":"Negozio","item":"https:\/\/iha-race.com\/it\/negozio\/"},{"@type":"ListItem","position":3,"name":"HQProp T90MMx3 Eliche per Cinewhoop Grigio (2CW + 2CCW)"}]},{"@type":"WebSite","@id":"https:\/\/iha-race.com\/it\/#website","url":"https:\/\/iha-race.com\/it\/","name":"Iha Race","description":"Comprar drones de carreras FPV env\u00edos en un d\u00eda desde Espa\u00f1a","publisher":{"@id":"https:\/\/iha-race.com\/it\/#organization"},"potentialAction":[{"@type":"SearchAction","target":{"@type":"EntryPoint","urlTemplate":"https:\/\/iha-race.com\/it\/?s={search_term_string}"},"query-input":{"@type":"PropertyValueSpecification","valueRequired":true,"valueName":"search_term_string"}}],"inLanguage":"it-IT"},{"@type":"Organization","@id":"https:\/\/iha-race.com\/it\/#organization","name":"Iha Race","url":"https:\/\/iha-race.com\/it\/","logo":{"@type":"ImageObject","inLanguage":"it-IT","@id":"https:\/\/iha-race.com\/it\/#\/schema\/logo\/image\/","url":"https:\/\/iha-race.com\/wp-content\/uploads\/2018\/07\/iha-race-drones-de-carreras-tienda-comprar-drones.png","contentUrl":"https:\/\/iha-race.com\/wp-content\/uploads\/2018\/07\/iha-race-drones-de-carreras-tienda-comprar-drones.png","width":300,"height":100,"caption":"Iha Race"},"image":{"@id":"https:\/\/iha-race.com\/it\/#\/schema\/logo\/image\/"}}]}},"brands":[],"_links":{"self":[{"href":"https:\/\/iha-race.com\/it\/wp-json\/wp\/v2\/product\/114263","targetHints":{"allow":["GET"]}}],"collection":[{"href":"https:\/\/iha-race.com\/it\/wp-json\/wp\/v2\/product"}],"about":[{"href":"https:\/\/iha-race.com\/it\/wp-json\/wp\/v2\/types\/product"}],"replies":[{"embeddable":true,"href":"https:\/\/iha-race.com\/it\/wp-json\/wp\/v2\/comments?post=114263"}],"version-history":[{"count":1,"href":"https:\/\/iha-race.com\/it\/wp-json\/wp\/v2\/product\/114263\/revisions"}],"predecessor-version":[{"id":229025,"href":"https:\/\/iha-race.com\/it\/wp-json\/wp\/v2\/product\/114263\/revisions\/229025"}],"wp:featuredmedia":[{"embeddable":true,"href":"https:\/\/iha-race.com\/it\/wp-json\/wp\/v2\/media\/108177"}],"wp:attachment":[{"href":"https:\/\/iha-race.com\/it\/wp-json\/wp\/v2\/media?parent=114263"}],"wp:term":[{"taxonomy":"pwb-brand","embeddable":true,"href":"https:\/\/iha-race.com\/it\/wp-json\/wp\/v2\/pwb-brand?post=114263"},{"taxonomy":"product_cat","embeddable":true,"href":"https:\/\/iha-race.com\/it\/wp-json\/wp\/v2\/product_cat?post=114263"},{"taxonomy":"product_tag","embeddable":true,"href":"https:\/\/iha-race.com\/it\/wp-json\/wp\/v2\/product_tag?post=114263"}],"curies":[{"name":"wp","href":"https:\/\/api.w.org\/{rel}","templated":true}]}}