{"id":114236,"date":"2022-03-23T12:21:28","date_gmt":"2022-03-23T11:21:28","guid":{"rendered":"https:\/\/iha-race.com\/producto\/eliche-hqprop-7x3-5x3-grigio-2cw2ccw\/"},"modified":"2026-02-19T09:16:14","modified_gmt":"2026-02-19T08:16:14","slug":"helices-hqprop-7x3-5x3-gris-2cw2ccw","status":"publish","type":"product","link":"https:\/\/iha-race.com\/it\/prodotto\/helices-hqprop-7x3-5x3-gris-2cw2ccw\/","title":{"rendered":"Eliche HQProp 7X3.5X3 Grigio (2CW+2CCW)"},"content":{"rendered":"<h2>Eliche HQProp 7X3.5X3 Grigio (2CW+2CCW)<\/h2>\n<h3>Specifiche tecniche<\/h3>\n<ul>\n<li>Diametro dell&#8217;elica: 7 pollici<\/li>\n<li>Passo: 3,5<\/li>\n<li>Lame: 3<\/li>\n<li>Materiale: policarbonato<\/li>\n<li>Peso: 8,8 g<\/li>\n<li>Diametro del mozzo: 13,5<\/li>\n<li>Millimetri Spessore del mozzo: 7 mm<\/li>\n<li>Albero: 5 mm<\/li>\n<li>Anelli adattatori: NO<\/li>\n<\/ul>\n<h3>Il pacchetto comprende<\/h3>\n<ul>\n<li>2 eliche CW HQProp 7X3,5X3<\/li>\n<li>2 eliche CCW HQProp 7X3.5X3<\/li>\n<\/ul>\n","protected":false},"excerpt":{"rendered":"<p>Eliche HQProp 7X3.5X3 Grigio (2CW+2CCW) Specifiche tecniche Diametro dell&#8217;elica: 7 pollici Passo: 3,5 Lame: 3 Materiale: policarbonato Peso: 8,8 g Diametro del mozzo: 13,5 Millimetri Spessore del mozzo: 7 mm<\/p>\n","protected":false},"featured_media":108181,"comment_status":"open","ping_status":"closed","template":"","meta":{"_joinchat":[]},"pwb-brand":[],"product_cat":[1457,1238,1390],"product_tag":[],"class_list":{"0":"post-114236","1":"product","2":"type-product","3":"status-publish","4":"has-post-thumbnail","6":"product_cat-7-it","7":"product_cat-eliche-fpv","8":"product_cat-tripalas-it","10":"first","11":"outofstock","12":"taxable","13":"shipping-taxable","14":"purchasable","15":"product-type-simple"},"barcode":null,"atum_controlled":true,"out_stock_date":"2026-02-19 09:16:15","out_stock_threshold":null,"inheritable":false,"stock_on_hold":0,"sold_today":0,"sales_last_days":0,"out_stock_days":58,"lost_sales":0,"update_date":"2026-04-18T21:06:51","atum_locations":[],"atum_stock_status":"outofstock","restock_status":false,"low_stock_amount":"","sales_update_date":"2026-04-18T21:06:51","calc_backorders":null,"yoast_head":"<!-- This site is optimized with the Yoast SEO plugin v27.3 - https:\/\/yoast.com\/product\/yoast-seo-wordpress\/ -->\n<title>Eliche FPV HQProp 7X3.5X3 Grigio (2CW+2CCW) : Iha Race<\/title>\n<meta name=\"description\" content=\"Le pale dell&#039;elica HQProp 7X3,5X3 grigio (2CW+2CCW) hanno un diametro di 7 pollici. Acquista le eliche HQProp FPV 7X3.5X3 Grigio (2CW+2CCW) qui!\" \/>\n<meta name=\"robots\" content=\"index, follow, max-snippet:-1, max-image-preview:large, max-video-preview:-1\" \/>\n<link rel=\"canonical\" href=\"https:\/\/iha-race.com\/it\/prodotto\/helices-hqprop-7x3-5x3-gris-2cw2ccw\/\" \/>\n<meta property=\"og:locale\" content=\"it_IT\" \/>\n<meta property=\"og:type\" content=\"article\" \/>\n<meta property=\"og:title\" content=\"Eliche FPV HQProp 7X3.5X3 Grigio (2CW+2CCW) : Iha Race\" \/>\n<meta property=\"og:description\" content=\"Le pale dell&#039;elica HQProp 7X3,5X3 grigio (2CW+2CCW) hanno un diametro di 7 pollici. Acquista le eliche HQProp FPV 7X3.5X3 Grigio (2CW+2CCW) qui!\" \/>\n<meta property=\"og:url\" content=\"https:\/\/iha-race.com\/it\/prodotto\/helices-hqprop-7x3-5x3-gris-2cw2ccw\/\" \/>\n<meta property=\"og:site_name\" content=\"Iha Race\" \/>\n<meta property=\"article:modified_time\" content=\"2026-02-19T08:16:14+00:00\" \/>\n<meta property=\"og:image\" content=\"https:\/\/iha-race.com\/wp-content\/uploads\/2022\/03\/Helices-HQProp-7X3.5X3-Gris-2CW2CCW-1.jpg\" \/>\n\t<meta property=\"og:image:width\" content=\"640\" \/>\n\t<meta property=\"og:image:height\" content=\"640\" \/>\n\t<meta property=\"og:image:type\" content=\"image\/jpeg\" \/>\n<meta name=\"twitter:card\" content=\"summary_large_image\" \/>\n<script type=\"application\/ld+json\" class=\"yoast-schema-graph\">{\"@context\":\"https:\\\/\\\/schema.org\",\"@graph\":[{\"@type\":\"WebPage\",\"@id\":\"https:\\\/\\\/iha-race.com\\\/it\\\/prodotto\\\/helices-hqprop-7x3-5x3-gris-2cw2ccw\\\/\",\"url\":\"https:\\\/\\\/iha-race.com\\\/it\\\/prodotto\\\/helices-hqprop-7x3-5x3-gris-2cw2ccw\\\/\",\"name\":\"Eliche FPV HQProp 7X3.5X3 Grigio (2CW+2CCW) : Iha Race\",\"isPartOf\":{\"@id\":\"https:\\\/\\\/iha-race.com\\\/it\\\/#website\"},\"primaryImageOfPage\":{\"@id\":\"https:\\\/\\\/iha-race.com\\\/it\\\/prodotto\\\/helices-hqprop-7x3-5x3-gris-2cw2ccw\\\/#primaryimage\"},\"image\":{\"@id\":\"https:\\\/\\\/iha-race.com\\\/it\\\/prodotto\\\/helices-hqprop-7x3-5x3-gris-2cw2ccw\\\/#primaryimage\"},\"thumbnailUrl\":\"https:\\\/\\\/iha-race.com\\\/wp-content\\\/uploads\\\/2022\\\/03\\\/Helices-HQProp-7X3.5X3-Gris-2CW2CCW-1.jpg\",\"datePublished\":\"2022-03-23T11:21:28+00:00\",\"dateModified\":\"2026-02-19T08:16:14+00:00\",\"description\":\"Le pale dell'elica HQProp 7X3,5X3 grigio (2CW+2CCW) hanno un diametro di 7 pollici. Acquista le eliche HQProp FPV 7X3.5X3 Grigio (2CW+2CCW) qui!\",\"breadcrumb\":{\"@id\":\"https:\\\/\\\/iha-race.com\\\/it\\\/prodotto\\\/helices-hqprop-7x3-5x3-gris-2cw2ccw\\\/#breadcrumb\"},\"inLanguage\":\"it-IT\",\"potentialAction\":[{\"@type\":\"ReadAction\",\"target\":[\"https:\\\/\\\/iha-race.com\\\/it\\\/prodotto\\\/helices-hqprop-7x3-5x3-gris-2cw2ccw\\\/\"]}]},{\"@type\":\"ImageObject\",\"inLanguage\":\"it-IT\",\"@id\":\"https:\\\/\\\/iha-race.com\\\/it\\\/prodotto\\\/helices-hqprop-7x3-5x3-gris-2cw2ccw\\\/#primaryimage\",\"url\":\"https:\\\/\\\/iha-race.com\\\/wp-content\\\/uploads\\\/2022\\\/03\\\/Helices-HQProp-7X3.5X3-Gris-2CW2CCW-1.jpg\",\"contentUrl\":\"https:\\\/\\\/iha-race.com\\\/wp-content\\\/uploads\\\/2022\\\/03\\\/Helices-HQProp-7X3.5X3-Gris-2CW2CCW-1.jpg\",\"width\":640,\"height\":640,\"caption\":\"H\u00e9lices FPV HQProp 7X3.5X3 Gris (2CW+2CCW)\"},{\"@type\":\"BreadcrumbList\",\"@id\":\"https:\\\/\\\/iha-race.com\\\/it\\\/prodotto\\\/helices-hqprop-7x3-5x3-gris-2cw2ccw\\\/#breadcrumb\",\"itemListElement\":[{\"@type\":\"ListItem\",\"position\":1,\"name\":\"Portada\",\"item\":\"https:\\\/\\\/iha-race.com\\\/it\\\/\"},{\"@type\":\"ListItem\",\"position\":2,\"name\":\"Negozio\",\"item\":\"https:\\\/\\\/iha-race.com\\\/it\\\/negozio\\\/\"},{\"@type\":\"ListItem\",\"position\":3,\"name\":\"Eliche HQProp 7X3.5X3 Grigio (2CW+2CCW)\"}]},{\"@type\":\"WebSite\",\"@id\":\"https:\\\/\\\/iha-race.com\\\/it\\\/#website\",\"url\":\"https:\\\/\\\/iha-race.com\\\/it\\\/\",\"name\":\"Iha Race\",\"description\":\"Comprar drones de carreras FPV env\u00edos en un d\u00eda desde Espa\u00f1a\",\"publisher\":{\"@id\":\"https:\\\/\\\/iha-race.com\\\/it\\\/#organization\"},\"potentialAction\":[{\"@type\":\"SearchAction\",\"target\":{\"@type\":\"EntryPoint\",\"urlTemplate\":\"https:\\\/\\\/iha-race.com\\\/it\\\/?s={search_term_string}\"},\"query-input\":{\"@type\":\"PropertyValueSpecification\",\"valueRequired\":true,\"valueName\":\"search_term_string\"}}],\"inLanguage\":\"it-IT\"},{\"@type\":\"Organization\",\"@id\":\"https:\\\/\\\/iha-race.com\\\/it\\\/#organization\",\"name\":\"Iha Race\",\"url\":\"https:\\\/\\\/iha-race.com\\\/it\\\/\",\"logo\":{\"@type\":\"ImageObject\",\"inLanguage\":\"it-IT\",\"@id\":\"https:\\\/\\\/iha-race.com\\\/it\\\/#\\\/schema\\\/logo\\\/image\\\/\",\"url\":\"https:\\\/\\\/iha-race.com\\\/wp-content\\\/uploads\\\/2018\\\/07\\\/iha-race-drones-de-carreras-tienda-comprar-drones.png\",\"contentUrl\":\"https:\\\/\\\/iha-race.com\\\/wp-content\\\/uploads\\\/2018\\\/07\\\/iha-race-drones-de-carreras-tienda-comprar-drones.png\",\"width\":300,\"height\":100,\"caption\":\"Iha Race\"},\"image\":{\"@id\":\"https:\\\/\\\/iha-race.com\\\/it\\\/#\\\/schema\\\/logo\\\/image\\\/\"}}]}<\/script>\n<!-- \/ Yoast SEO plugin. -->","yoast_head_json":{"title":"Eliche FPV HQProp 7X3.5X3 Grigio (2CW+2CCW) : Iha Race","description":"Le pale dell'elica HQProp 7X3,5X3 grigio (2CW+2CCW) hanno un diametro di 7 pollici. Acquista le eliche HQProp FPV 7X3.5X3 Grigio (2CW+2CCW) qui!","robots":{"index":"index","follow":"follow","max-snippet":"max-snippet:-1","max-image-preview":"max-image-preview:large","max-video-preview":"max-video-preview:-1"},"canonical":"https:\/\/iha-race.com\/it\/prodotto\/helices-hqprop-7x3-5x3-gris-2cw2ccw\/","og_locale":"it_IT","og_type":"article","og_title":"Eliche FPV HQProp 7X3.5X3 Grigio (2CW+2CCW) : Iha Race","og_description":"Le pale dell'elica HQProp 7X3,5X3 grigio (2CW+2CCW) hanno un diametro di 7 pollici. Acquista le eliche HQProp FPV 7X3.5X3 Grigio (2CW+2CCW) qui!","og_url":"https:\/\/iha-race.com\/it\/prodotto\/helices-hqprop-7x3-5x3-gris-2cw2ccw\/","og_site_name":"Iha Race","article_modified_time":"2026-02-19T08:16:14+00:00","og_image":[{"width":640,"height":640,"url":"https:\/\/iha-race.com\/wp-content\/uploads\/2022\/03\/Helices-HQProp-7X3.5X3-Gris-2CW2CCW-1.jpg","type":"image\/jpeg"}],"twitter_card":"summary_large_image","schema":{"@context":"https:\/\/schema.org","@graph":[{"@type":"WebPage","@id":"https:\/\/iha-race.com\/it\/prodotto\/helices-hqprop-7x3-5x3-gris-2cw2ccw\/","url":"https:\/\/iha-race.com\/it\/prodotto\/helices-hqprop-7x3-5x3-gris-2cw2ccw\/","name":"Eliche FPV HQProp 7X3.5X3 Grigio (2CW+2CCW) : Iha Race","isPartOf":{"@id":"https:\/\/iha-race.com\/it\/#website"},"primaryImageOfPage":{"@id":"https:\/\/iha-race.com\/it\/prodotto\/helices-hqprop-7x3-5x3-gris-2cw2ccw\/#primaryimage"},"image":{"@id":"https:\/\/iha-race.com\/it\/prodotto\/helices-hqprop-7x3-5x3-gris-2cw2ccw\/#primaryimage"},"thumbnailUrl":"https:\/\/iha-race.com\/wp-content\/uploads\/2022\/03\/Helices-HQProp-7X3.5X3-Gris-2CW2CCW-1.jpg","datePublished":"2022-03-23T11:21:28+00:00","dateModified":"2026-02-19T08:16:14+00:00","description":"Le pale dell'elica HQProp 7X3,5X3 grigio (2CW+2CCW) hanno un diametro di 7 pollici. Acquista le eliche HQProp FPV 7X3.5X3 Grigio (2CW+2CCW) qui!","breadcrumb":{"@id":"https:\/\/iha-race.com\/it\/prodotto\/helices-hqprop-7x3-5x3-gris-2cw2ccw\/#breadcrumb"},"inLanguage":"it-IT","potentialAction":[{"@type":"ReadAction","target":["https:\/\/iha-race.com\/it\/prodotto\/helices-hqprop-7x3-5x3-gris-2cw2ccw\/"]}]},{"@type":"ImageObject","inLanguage":"it-IT","@id":"https:\/\/iha-race.com\/it\/prodotto\/helices-hqprop-7x3-5x3-gris-2cw2ccw\/#primaryimage","url":"https:\/\/iha-race.com\/wp-content\/uploads\/2022\/03\/Helices-HQProp-7X3.5X3-Gris-2CW2CCW-1.jpg","contentUrl":"https:\/\/iha-race.com\/wp-content\/uploads\/2022\/03\/Helices-HQProp-7X3.5X3-Gris-2CW2CCW-1.jpg","width":640,"height":640,"caption":"H\u00e9lices FPV HQProp 7X3.5X3 Gris (2CW+2CCW)"},{"@type":"BreadcrumbList","@id":"https:\/\/iha-race.com\/it\/prodotto\/helices-hqprop-7x3-5x3-gris-2cw2ccw\/#breadcrumb","itemListElement":[{"@type":"ListItem","position":1,"name":"Portada","item":"https:\/\/iha-race.com\/it\/"},{"@type":"ListItem","position":2,"name":"Negozio","item":"https:\/\/iha-race.com\/it\/negozio\/"},{"@type":"ListItem","position":3,"name":"Eliche HQProp 7X3.5X3 Grigio (2CW+2CCW)"}]},{"@type":"WebSite","@id":"https:\/\/iha-race.com\/it\/#website","url":"https:\/\/iha-race.com\/it\/","name":"Iha Race","description":"Comprar drones de carreras FPV env\u00edos en un d\u00eda desde Espa\u00f1a","publisher":{"@id":"https:\/\/iha-race.com\/it\/#organization"},"potentialAction":[{"@type":"SearchAction","target":{"@type":"EntryPoint","urlTemplate":"https:\/\/iha-race.com\/it\/?s={search_term_string}"},"query-input":{"@type":"PropertyValueSpecification","valueRequired":true,"valueName":"search_term_string"}}],"inLanguage":"it-IT"},{"@type":"Organization","@id":"https:\/\/iha-race.com\/it\/#organization","name":"Iha Race","url":"https:\/\/iha-race.com\/it\/","logo":{"@type":"ImageObject","inLanguage":"it-IT","@id":"https:\/\/iha-race.com\/it\/#\/schema\/logo\/image\/","url":"https:\/\/iha-race.com\/wp-content\/uploads\/2018\/07\/iha-race-drones-de-carreras-tienda-comprar-drones.png","contentUrl":"https:\/\/iha-race.com\/wp-content\/uploads\/2018\/07\/iha-race-drones-de-carreras-tienda-comprar-drones.png","width":300,"height":100,"caption":"Iha Race"},"image":{"@id":"https:\/\/iha-race.com\/it\/#\/schema\/logo\/image\/"}}]}},"jetpack_sharing_enabled":true,"brands":[],"_links":{"self":[{"href":"https:\/\/iha-race.com\/it\/wp-json\/wp\/v2\/product\/114236","targetHints":{"allow":["GET"]}}],"collection":[{"href":"https:\/\/iha-race.com\/it\/wp-json\/wp\/v2\/product"}],"about":[{"href":"https:\/\/iha-race.com\/it\/wp-json\/wp\/v2\/types\/product"}],"replies":[{"embeddable":true,"href":"https:\/\/iha-race.com\/it\/wp-json\/wp\/v2\/comments?post=114236"}],"version-history":[{"count":1,"href":"https:\/\/iha-race.com\/it\/wp-json\/wp\/v2\/product\/114236\/revisions"}],"predecessor-version":[{"id":216300,"href":"https:\/\/iha-race.com\/it\/wp-json\/wp\/v2\/product\/114236\/revisions\/216300"}],"wp:featuredmedia":[{"embeddable":true,"href":"https:\/\/iha-race.com\/it\/wp-json\/wp\/v2\/media\/108181"}],"wp:attachment":[{"href":"https:\/\/iha-race.com\/it\/wp-json\/wp\/v2\/media?parent=114236"}],"wp:term":[{"taxonomy":"pwb-brand","embeddable":true,"href":"https:\/\/iha-race.com\/it\/wp-json\/wp\/v2\/pwb-brand?post=114236"},{"taxonomy":"product_cat","embeddable":true,"href":"https:\/\/iha-race.com\/it\/wp-json\/wp\/v2\/product_cat?post=114236"},{"taxonomy":"product_tag","embeddable":true,"href":"https:\/\/iha-race.com\/it\/wp-json\/wp\/v2\/product_tag?post=114236"}],"curies":[{"name":"wp","href":"https:\/\/api.w.org\/{rel}","templated":true}]}}