{"id":114192,"date":"2022-02-21T12:15:10","date_gmt":"2022-02-21T11:15:10","guid":{"rendered":"https:\/\/iha-race.com\/producto\/eliche-a-3-pale-gemfan-3520-albero-15-5-mm\/"},"modified":"2024-08-29T12:10:39","modified_gmt":"2024-08-29T10:10:39","slug":"helices-betafpv-3-palas-gemfan-3520-eje-de-15-5-mm","status":"publish","type":"product","link":"https:\/\/iha-race.com\/it\/prodotto\/helices-betafpv-3-palas-gemfan-3520-eje-de-15-5-mm\/","title":{"rendered":"Eliche Betafpv a 3 pale Gemfan 3520 (albero 1,5-5 mm)"},"content":{"rendered":"<h2>Eliche Betafpv a 3 pale Gemfan 3520 (albero 1,5-5 mm)<\/h2>\n<p><span style=\"font-weight: 400;\">Maggiore potenza, controllo e velocit\u00e0 con il Gemfan 3520! Le eliche a tre pale Gemfan 3520 vi porteranno a un nuovo livello di fluidit\u00e0 di volo. \u00c8 realizzato in materiale PC sottile e il design a tre pale con un diametro di supporto di 3,5 pollici pu\u00f2 fornire al quadcopter una grande potenza da terra.  <\/span><\/p>\n<p><span style=\"font-weight: 400;\">Questi sono gli accessori di serie per il TWIG XL FPV.<\/span><\/p>\n<p><img decoding=\"async\" src=\"https:\/\/cdn.shopify.com\/s\/files\/1\/1778\/6615\/files\/78204c678967e8facbd41236e3704a70_309b84c0-47d0-4d74-b281-c053b5b6be99_600x600.jpg?v=1625308450\" alt=\"\"><\/p>\n<h2>PARTI CONSIGLIATE<\/h2>\n<ul>\n<li style=\"font-weight: 400;\"><span style=\"font-weight: 400;\">Telaio: telaio TWIG XL da 3<\/span><\/li>\n<li style=\"font-weight: 400;\"><span style=\"font-weight: 400;\">Motore: <\/span><span style=\"font-weight: 400;\">Motori brushless 1404 3800KV<\/span><\/li>\n<\/ul>\n<h2>SPECIFICHE<\/h2>\n<ul>\n<li style=\"font-weight: 400;\"><span style=\"font-weight: 400;\">Articolo: eliche a 3 pale Gemfan 3520<\/span><\/li>\n<li style=\"font-weight: 400;\"><span style=\"font-weight: 400;\">Diametro dell&#8217;elica: 3,5 pollici<\/span><\/li>\n<li style=\"font-weight: 400;\"><span style=\"font-weight: 400;\">Lame: 3<\/span><\/li>\n<li style=\"font-weight: 400;\"><span style=\"font-weight: 400;\">Attrezzatura: personal computer.<\/span><\/li>\n<li style=\"font-weight: 400;\"><span style=\"font-weight: 400;\">Passo: 2<\/span><\/li>\n<li style=\"font-weight: 400;\"><span style=\"font-weight: 400;\">Colore: grigio chiaro<\/span><\/li>\n<li style=\"font-weight: 400;\"><span style=\"font-weight: 400;\">Albero: 1,5 mm\/5 mm<\/span><\/li>\n<li style=\"font-weight: 400;\"><span style=\"font-weight: 400;\">Peso: 1,92 g\/pezzo<\/span><\/li>\n<\/ul>\n<p><img decoding=\"async\" src=\"https:\/\/cdn.shopify.com\/s\/files\/1\/1778\/6615\/files\/1_3f963c0f-99c5-4f4d-af0a-e72594977428_600x600.jpg?v=1625308518\" alt=\"\"><\/p>\n<h2>Il pacchetto comprende<\/h2>\n<ul>\n<li style=\"font-weight: 400;\"><span style=\"font-weight: 400;\">2 x 3520 Gemfan a 3 pale CW<\/span><\/li>\n<li style=\"font-weight: 400;\"><span style=\"font-weight: 400;\">2 x 3520 Gemfan elica a 3 pale CCW<\/span><\/li>\n<\/ul>\n<p><img decoding=\"async\" src=\"https:\/\/cdn.shopify.com\/s\/files\/1\/1778\/6615\/files\/0c4067fd44dbc3e67968392b9babcc84_c09154ec-7cf9-4cab-88c0-7328e3a53a02_600x600.jpg?v=1625308555\" alt=\"\"><\/p>\n","protected":false},"excerpt":{"rendered":"<p><span style=\"font-weight: 400;\">Maggiore potenza, controllo e velocit\u00e0 con il Gemfan 3520!<\/span><\/p>\n","protected":false},"featured_media":107789,"comment_status":"open","ping_status":"closed","template":"","meta":{"_joinchat":[]},"pwb-brand":[],"product_cat":[1387,1238,1390],"product_tag":[],"class_list":{"0":"post-114192","1":"product","2":"type-product","3":"status-publish","4":"has-post-thumbnail","6":"product_cat-1387","7":"product_cat-eliche-fpv","8":"product_cat-tripalas-it","10":"first","11":"outofstock","12":"taxable","13":"shipping-taxable","14":"purchasable","15":"product-type-simple"},"barcode":null,"atum_controlled":true,"out_stock_date":"2026-04-05 14:23:46","out_stock_threshold":null,"inheritable":false,"stock_on_hold":0,"sold_today":0,"sales_last_days":0,"out_stock_days":22,"lost_sales":9,"update_date":"2026-04-27T21:47:36","atum_locations":[],"atum_stock_status":"outofstock","restock_status":false,"low_stock_amount":"","sales_update_date":"2026-04-27T21:47:36","calc_backorders":null,"yoast_head":"<!-- This site is optimized with the Yoast SEO plugin v27.3 - https:\/\/yoast.com\/product\/yoast-seo-wordpress\/ -->\n<title>Eliche Betafpv a 3 pale Gemfan 3520 (albero 1,5-5 mm) - Iha Race<\/title>\n<meta name=\"robots\" content=\"index, follow, max-snippet:-1, max-image-preview:large, max-video-preview:-1\" \/>\n<link rel=\"canonical\" href=\"https:\/\/iha-race.com\/it\/prodotto\/helices-betafpv-3-palas-gemfan-3520-eje-de-15-5-mm\/\" \/>\n<meta property=\"og:locale\" content=\"it_IT\" \/>\n<meta property=\"og:type\" content=\"article\" \/>\n<meta property=\"og:title\" content=\"Eliche Betafpv a 3 pale Gemfan 3520 (albero 1,5-5 mm) - Iha Race\" \/>\n<meta property=\"og:description\" content=\"Maggiore potenza, controllo e velocit\u00e0 con il Gemfan 3520!\" \/>\n<meta property=\"og:url\" content=\"https:\/\/iha-race.com\/it\/prodotto\/helices-betafpv-3-palas-gemfan-3520-eje-de-15-5-mm\/\" \/>\n<meta property=\"og:site_name\" content=\"Iha Race\" \/>\n<meta property=\"article:modified_time\" content=\"2024-08-29T10:10:39+00:00\" \/>\n<meta property=\"og:image\" content=\"https:\/\/iha-race.com\/wp-content\/uploads\/2022\/02\/1_e1726fed-817c-4a29-bf96-6f8cecddb241_1200x1200_1.jpeg\" \/>\n\t<meta property=\"og:image:width\" content=\"1000\" \/>\n\t<meta property=\"og:image:height\" content=\"1000\" \/>\n\t<meta property=\"og:image:type\" content=\"image\/jpeg\" \/>\n<meta name=\"twitter:card\" content=\"summary_large_image\" \/>\n<meta name=\"twitter:label1\" content=\"Tempo di lettura stimato\" \/>\n\t<meta name=\"twitter:data1\" content=\"1 minuto\" \/>\n<script type=\"application\/ld+json\" class=\"yoast-schema-graph\">{\"@context\":\"https:\\\/\\\/schema.org\",\"@graph\":[{\"@type\":\"WebPage\",\"@id\":\"https:\\\/\\\/iha-race.com\\\/it\\\/prodotto\\\/helices-betafpv-3-palas-gemfan-3520-eje-de-15-5-mm\\\/\",\"url\":\"https:\\\/\\\/iha-race.com\\\/it\\\/prodotto\\\/helices-betafpv-3-palas-gemfan-3520-eje-de-15-5-mm\\\/\",\"name\":\"Eliche Betafpv a 3 pale Gemfan 3520 (albero 1,5-5 mm) - Iha Race\",\"isPartOf\":{\"@id\":\"https:\\\/\\\/iha-race.com\\\/it\\\/#website\"},\"primaryImageOfPage\":{\"@id\":\"https:\\\/\\\/iha-race.com\\\/it\\\/prodotto\\\/helices-betafpv-3-palas-gemfan-3520-eje-de-15-5-mm\\\/#primaryimage\"},\"image\":{\"@id\":\"https:\\\/\\\/iha-race.com\\\/it\\\/prodotto\\\/helices-betafpv-3-palas-gemfan-3520-eje-de-15-5-mm\\\/#primaryimage\"},\"thumbnailUrl\":\"https:\\\/\\\/iha-race.com\\\/wp-content\\\/uploads\\\/2022\\\/02\\\/1_e1726fed-817c-4a29-bf96-6f8cecddb241_1200x1200_1.jpeg\",\"datePublished\":\"2022-02-21T11:15:10+00:00\",\"dateModified\":\"2024-08-29T10:10:39+00:00\",\"breadcrumb\":{\"@id\":\"https:\\\/\\\/iha-race.com\\\/it\\\/prodotto\\\/helices-betafpv-3-palas-gemfan-3520-eje-de-15-5-mm\\\/#breadcrumb\"},\"inLanguage\":\"it-IT\",\"potentialAction\":[{\"@type\":\"ReadAction\",\"target\":[\"https:\\\/\\\/iha-race.com\\\/it\\\/prodotto\\\/helices-betafpv-3-palas-gemfan-3520-eje-de-15-5-mm\\\/\"]}]},{\"@type\":\"ImageObject\",\"inLanguage\":\"it-IT\",\"@id\":\"https:\\\/\\\/iha-race.com\\\/it\\\/prodotto\\\/helices-betafpv-3-palas-gemfan-3520-eje-de-15-5-mm\\\/#primaryimage\",\"url\":\"https:\\\/\\\/iha-race.com\\\/wp-content\\\/uploads\\\/2022\\\/02\\\/1_e1726fed-817c-4a29-bf96-6f8cecddb241_1200x1200_1.jpeg\",\"contentUrl\":\"https:\\\/\\\/iha-race.com\\\/wp-content\\\/uploads\\\/2022\\\/02\\\/1_e1726fed-817c-4a29-bf96-6f8cecddb241_1200x1200_1.jpeg\",\"width\":1000,\"height\":1000,\"caption\":\"Acquista le eliche Gemfan 3520 a 3 pale (albero 1,5-5 mm)\"},{\"@type\":\"BreadcrumbList\",\"@id\":\"https:\\\/\\\/iha-race.com\\\/it\\\/prodotto\\\/helices-betafpv-3-palas-gemfan-3520-eje-de-15-5-mm\\\/#breadcrumb\",\"itemListElement\":[{\"@type\":\"ListItem\",\"position\":1,\"name\":\"Portada\",\"item\":\"https:\\\/\\\/iha-race.com\\\/it\\\/\"},{\"@type\":\"ListItem\",\"position\":2,\"name\":\"Negozio\",\"item\":\"https:\\\/\\\/iha-race.com\\\/it\\\/negozio\\\/\"},{\"@type\":\"ListItem\",\"position\":3,\"name\":\"Eliche Betafpv a 3 pale Gemfan 3520 (albero 1,5-5 mm)\"}]},{\"@type\":\"WebSite\",\"@id\":\"https:\\\/\\\/iha-race.com\\\/it\\\/#website\",\"url\":\"https:\\\/\\\/iha-race.com\\\/it\\\/\",\"name\":\"Iha Race\",\"description\":\"Comprar drones de carreras FPV env\u00edos en un d\u00eda desde Espa\u00f1a\",\"publisher\":{\"@id\":\"https:\\\/\\\/iha-race.com\\\/it\\\/#organization\"},\"potentialAction\":[{\"@type\":\"SearchAction\",\"target\":{\"@type\":\"EntryPoint\",\"urlTemplate\":\"https:\\\/\\\/iha-race.com\\\/it\\\/?s={search_term_string}\"},\"query-input\":{\"@type\":\"PropertyValueSpecification\",\"valueRequired\":true,\"valueName\":\"search_term_string\"}}],\"inLanguage\":\"it-IT\"},{\"@type\":\"Organization\",\"@id\":\"https:\\\/\\\/iha-race.com\\\/it\\\/#organization\",\"name\":\"Iha Race\",\"url\":\"https:\\\/\\\/iha-race.com\\\/it\\\/\",\"logo\":{\"@type\":\"ImageObject\",\"inLanguage\":\"it-IT\",\"@id\":\"https:\\\/\\\/iha-race.com\\\/it\\\/#\\\/schema\\\/logo\\\/image\\\/\",\"url\":\"https:\\\/\\\/iha-race.com\\\/wp-content\\\/uploads\\\/2018\\\/07\\\/iha-race-drones-de-carreras-tienda-comprar-drones.png\",\"contentUrl\":\"https:\\\/\\\/iha-race.com\\\/wp-content\\\/uploads\\\/2018\\\/07\\\/iha-race-drones-de-carreras-tienda-comprar-drones.png\",\"width\":300,\"height\":100,\"caption\":\"Iha Race\"},\"image\":{\"@id\":\"https:\\\/\\\/iha-race.com\\\/it\\\/#\\\/schema\\\/logo\\\/image\\\/\"}}]}<\/script>\n<!-- \/ Yoast SEO plugin. -->","yoast_head_json":{"title":"Eliche Betafpv a 3 pale Gemfan 3520 (albero 1,5-5 mm) - Iha Race","robots":{"index":"index","follow":"follow","max-snippet":"max-snippet:-1","max-image-preview":"max-image-preview:large","max-video-preview":"max-video-preview:-1"},"canonical":"https:\/\/iha-race.com\/it\/prodotto\/helices-betafpv-3-palas-gemfan-3520-eje-de-15-5-mm\/","og_locale":"it_IT","og_type":"article","og_title":"Eliche Betafpv a 3 pale Gemfan 3520 (albero 1,5-5 mm) - Iha Race","og_description":"Maggiore potenza, controllo e velocit\u00e0 con il Gemfan 3520!","og_url":"https:\/\/iha-race.com\/it\/prodotto\/helices-betafpv-3-palas-gemfan-3520-eje-de-15-5-mm\/","og_site_name":"Iha Race","article_modified_time":"2024-08-29T10:10:39+00:00","og_image":[{"width":1000,"height":1000,"url":"https:\/\/iha-race.com\/wp-content\/uploads\/2022\/02\/1_e1726fed-817c-4a29-bf96-6f8cecddb241_1200x1200_1.jpeg","type":"image\/jpeg"}],"twitter_card":"summary_large_image","twitter_misc":{"Tempo di lettura stimato":"1 minuto"},"schema":{"@context":"https:\/\/schema.org","@graph":[{"@type":"WebPage","@id":"https:\/\/iha-race.com\/it\/prodotto\/helices-betafpv-3-palas-gemfan-3520-eje-de-15-5-mm\/","url":"https:\/\/iha-race.com\/it\/prodotto\/helices-betafpv-3-palas-gemfan-3520-eje-de-15-5-mm\/","name":"Eliche Betafpv a 3 pale Gemfan 3520 (albero 1,5-5 mm) - Iha Race","isPartOf":{"@id":"https:\/\/iha-race.com\/it\/#website"},"primaryImageOfPage":{"@id":"https:\/\/iha-race.com\/it\/prodotto\/helices-betafpv-3-palas-gemfan-3520-eje-de-15-5-mm\/#primaryimage"},"image":{"@id":"https:\/\/iha-race.com\/it\/prodotto\/helices-betafpv-3-palas-gemfan-3520-eje-de-15-5-mm\/#primaryimage"},"thumbnailUrl":"https:\/\/iha-race.com\/wp-content\/uploads\/2022\/02\/1_e1726fed-817c-4a29-bf96-6f8cecddb241_1200x1200_1.jpeg","datePublished":"2022-02-21T11:15:10+00:00","dateModified":"2024-08-29T10:10:39+00:00","breadcrumb":{"@id":"https:\/\/iha-race.com\/it\/prodotto\/helices-betafpv-3-palas-gemfan-3520-eje-de-15-5-mm\/#breadcrumb"},"inLanguage":"it-IT","potentialAction":[{"@type":"ReadAction","target":["https:\/\/iha-race.com\/it\/prodotto\/helices-betafpv-3-palas-gemfan-3520-eje-de-15-5-mm\/"]}]},{"@type":"ImageObject","inLanguage":"it-IT","@id":"https:\/\/iha-race.com\/it\/prodotto\/helices-betafpv-3-palas-gemfan-3520-eje-de-15-5-mm\/#primaryimage","url":"https:\/\/iha-race.com\/wp-content\/uploads\/2022\/02\/1_e1726fed-817c-4a29-bf96-6f8cecddb241_1200x1200_1.jpeg","contentUrl":"https:\/\/iha-race.com\/wp-content\/uploads\/2022\/02\/1_e1726fed-817c-4a29-bf96-6f8cecddb241_1200x1200_1.jpeg","width":1000,"height":1000,"caption":"Acquista le eliche Gemfan 3520 a 3 pale (albero 1,5-5 mm)"},{"@type":"BreadcrumbList","@id":"https:\/\/iha-race.com\/it\/prodotto\/helices-betafpv-3-palas-gemfan-3520-eje-de-15-5-mm\/#breadcrumb","itemListElement":[{"@type":"ListItem","position":1,"name":"Portada","item":"https:\/\/iha-race.com\/it\/"},{"@type":"ListItem","position":2,"name":"Negozio","item":"https:\/\/iha-race.com\/it\/negozio\/"},{"@type":"ListItem","position":3,"name":"Eliche Betafpv a 3 pale Gemfan 3520 (albero 1,5-5 mm)"}]},{"@type":"WebSite","@id":"https:\/\/iha-race.com\/it\/#website","url":"https:\/\/iha-race.com\/it\/","name":"Iha Race","description":"Comprar drones de carreras FPV env\u00edos en un d\u00eda desde Espa\u00f1a","publisher":{"@id":"https:\/\/iha-race.com\/it\/#organization"},"potentialAction":[{"@type":"SearchAction","target":{"@type":"EntryPoint","urlTemplate":"https:\/\/iha-race.com\/it\/?s={search_term_string}"},"query-input":{"@type":"PropertyValueSpecification","valueRequired":true,"valueName":"search_term_string"}}],"inLanguage":"it-IT"},{"@type":"Organization","@id":"https:\/\/iha-race.com\/it\/#organization","name":"Iha Race","url":"https:\/\/iha-race.com\/it\/","logo":{"@type":"ImageObject","inLanguage":"it-IT","@id":"https:\/\/iha-race.com\/it\/#\/schema\/logo\/image\/","url":"https:\/\/iha-race.com\/wp-content\/uploads\/2018\/07\/iha-race-drones-de-carreras-tienda-comprar-drones.png","contentUrl":"https:\/\/iha-race.com\/wp-content\/uploads\/2018\/07\/iha-race-drones-de-carreras-tienda-comprar-drones.png","width":300,"height":100,"caption":"Iha Race"},"image":{"@id":"https:\/\/iha-race.com\/it\/#\/schema\/logo\/image\/"}}]}},"jetpack_sharing_enabled":true,"brands":[],"_links":{"self":[{"href":"https:\/\/iha-race.com\/it\/wp-json\/wp\/v2\/product\/114192","targetHints":{"allow":["GET"]}}],"collection":[{"href":"https:\/\/iha-race.com\/it\/wp-json\/wp\/v2\/product"}],"about":[{"href":"https:\/\/iha-race.com\/it\/wp-json\/wp\/v2\/types\/product"}],"replies":[{"embeddable":true,"href":"https:\/\/iha-race.com\/it\/wp-json\/wp\/v2\/comments?post=114192"}],"version-history":[{"count":2,"href":"https:\/\/iha-race.com\/it\/wp-json\/wp\/v2\/product\/114192\/revisions"}],"predecessor-version":[{"id":116009,"href":"https:\/\/iha-race.com\/it\/wp-json\/wp\/v2\/product\/114192\/revisions\/116009"}],"wp:featuredmedia":[{"embeddable":true,"href":"https:\/\/iha-race.com\/it\/wp-json\/wp\/v2\/media\/107789"}],"wp:attachment":[{"href":"https:\/\/iha-race.com\/it\/wp-json\/wp\/v2\/media?parent=114192"}],"wp:term":[{"taxonomy":"pwb-brand","embeddable":true,"href":"https:\/\/iha-race.com\/it\/wp-json\/wp\/v2\/pwb-brand?post=114192"},{"taxonomy":"product_cat","embeddable":true,"href":"https:\/\/iha-race.com\/it\/wp-json\/wp\/v2\/product_cat?post=114192"},{"taxonomy":"product_tag","embeddable":true,"href":"https:\/\/iha-race.com\/it\/wp-json\/wp\/v2\/product_tag?post=114192"}],"curies":[{"name":"wp","href":"https:\/\/api.w.org\/{rel}","templated":true}]}}