{"id":114134,"date":"2022-01-10T10:18:57","date_gmt":"2022-01-10T09:18:57","guid":{"rendered":"https:\/\/iha-race.com\/producto\/lumenier-duality-dual-mox-hd-5-8ghz-antenna-combo-4-pezzi\/"},"modified":"2024-08-29T12:11:00","modified_gmt":"2024-08-29T10:11:00","slug":"combo-di-antenna-lumina-duale-mox-hd-5-8ghz-4-pezzi","status":"publish","type":"product","link":"https:\/\/iha-race.com\/it\/prodotto\/combo-di-antenna-lumina-duale-mox-hd-5-8ghz-4-pezzi\/","title":{"rendered":"Antenna combinata Duality DUAL-MOX HD 5,8GHz Lumenier"},"content":{"rendered":"<h2>Antenna combinata Duality DUAL-MOX HD 5,8GHz Lumenier<\/h2>\n<p>  La <strong>confezione da quattro di<\/strong> <strong>antenne Lumenier Duality DUAL-MOX HD 5.8GHz dual band ad alto guadagno<\/strong> \u00e8 per i DJI FPV Goggles V2. DUAL-MOX \u00e8 un&#8217;antenna direzionale lineare progettata specificamente come aggiornamento per i DJI FPV Drone Goggles. Le antenne Duality offrono una migliore ricezione a 5,8 Ghz in un formato compatto. Esatto, questa antenna funziona su <em>entrambe le<\/em> frequenze 5.8! L&#8217;antenna Lumenier Duality DUAL-MOX HD \u00e8 stata creata in collaborazione con Hugo de TrueRC, progettista di antenne di fama mondiale, per offrire un&#8217;antenna aftermarket a doppia banda progettata come sostituzione diretta e aggiornamento delle antenne DJI di serie presenti sui DJI FPV Goggles V2. L&#8217;antenna Duality \u00e8 stata costruita da zero per essere perfettamente compatibile con gli occhiali DJI. Le antenne Duality sono di forma aderente, a basso profilo, abbinate a colori, con connessione diretta RP-SMA e con prestazioni migliorate. Duality DUAL-MOX HD \u00e8 un&#8217;antenna direzionale lineare, progettata per la trasmissione\/ricezione digitale HD. Inoltre, sono presenti 2 antenne in una che possono funzionare efficacemente come antenna a 2,4 GHz e a 5,8 GHz. Il Lumenier Duality DUAL-MOX HD \u00e8 stato ulteriormente personalizzato per essere inserito direttamente nei DJI FPV Goggles V2. Duality DUAL MOX HD \u00e8 dotato di un connettore RP-SMA pronto per l&#8217;uso, progettato per essere avvitato direttamente e in modo sicuro ai DJI Goggles. Non sono necessari adattatori! Questo la rende una configurazione ultra-compatta ed efficiente, in quanto non deve perdere alcun dB con adattatori aggiuntivi.  <em><strong>Nota: gli occhiali non sono inclusi.<\/strong><\/em><\/p>\n<p><img fetchpriority=\"high\" decoding=\"async\" class=\"alignnone wp-image-73206 size-large\" src=\"https:\/\/iha-race.com\/wp-content\/uploads\/2022\/01\/1-1-1024x683.jpg\" alt=\"\" width=\"840\" height=\"560\" srcset=\"https:\/\/iha-race.com\/wp-content\/uploads\/2022\/01\/1-1-1024x683.jpg 1024w, https:\/\/iha-race.com\/wp-content\/uploads\/2022\/01\/1-1-300x200.jpg 300w, https:\/\/iha-race.com\/wp-content\/uploads\/2022\/01\/1-1-768x512.jpg 768w, https:\/\/iha-race.com\/wp-content\/uploads\/2022\/01\/1-1-1536x1024.jpg 1536w, https:\/\/iha-race.com\/wp-content\/uploads\/2022\/01\/1-1-2048x1365.jpg 2048w, https:\/\/iha-race.com\/wp-content\/uploads\/2022\/01\/1-1-225x150.jpg 225w, https:\/\/iha-race.com\/wp-content\/uploads\/2022\/01\/1-1-100x67.jpg 100w, https:\/\/iha-race.com\/wp-content\/uploads\/2022\/01\/1-1-525x350.jpg 525w, https:\/\/iha-race.com\/wp-content\/uploads\/2022\/01\/1-1-788x525.jpg 788w, https:\/\/iha-race.com\/wp-content\/uploads\/2022\/01\/1-1-600x400.jpg 600w, https:\/\/iha-race.com\/wp-content\/uploads\/2022\/01\/1-1.jpg 1200w\" sizes=\"(max-width: 840px) 100vw, 840px\" \/><\/p>\n<h2>Caratteristiche<\/h2>\n<ul>\n<li>Antenna direzionale ad alto guadagno<\/li>\n<li>Tecnologia dual band (2,4 \/ 5,8GHz)<\/li>\n<li>Ingegneria della qualit\u00e0<\/li>\n<li>Sintonizzazione di precisione<\/li>\n<li>Migliori antenne dual band a lungo raggio per drone DJI FPV<\/li>\n<li>Funziona molto bene anche come aggiornamento dell&#8217;antenna del trasmettitore a 2,4 GHz a lungo raggio per il <a href=\"https:\/\/www.getfpv.com\/tbs-tracer-micro-tx.htmlhttps:\/\/www.getfpv.com\/tbs-tracer-micro-tx.html\">TBS Tracer TX<\/a>.<\/li>\n<\/ul>\n<h3><strong>Tecnologia d&#8217;antenna a doppia banda<\/strong><\/h3>\n<p>  Progettare un&#8217;antenna a banda singola con prestazioni cos\u00ec incredibili \u00e8 gi\u00e0 abbastanza difficile, ma farlo in una rete a doppia banda \u00e8 quasi impossibile.  <em>Per ora!<\/em>  L&#8217;antenna Duality \u00e8 dotata di una delle reti dual-band pi\u00f9 avanzate oggi disponibili. Non solo ha prestazioni impareggiabili, ma \u00e8 riuscito a farlo in un pacchetto ultracompatto di 5g. Laddove altre antenne fanno sacrifici per ridurre le dimensioni, il design dell&#8217;antenna Duality \u00e8 in grado di mantenere tutti i vantaggi pur essendo incredibilmente piccolo.  <\/p>\n<h3><strong>Sintonizzazione di precisione<\/strong><\/h3>\n<p>  Tutte le antenne Duality escono dalla fabbrica con un preciso controllo di qualit\u00e0 durante e dopo l&#8217;assemblaggio. I morsetti di fissaggio in plastica stampata aggiungono un ulteriore supporto al cavo semirigido nel punto di connessione della saldatura. La qualit\u00e0 non \u00e8 sufficiente, Lumenier e TrueRC hanno portato la produzione di precisione a un livello superiore.  <\/p>\n<h3><strong>Ingegneria di qualit\u00e0 con materiali di alta qualit\u00e0<\/strong><\/h3>\n<p>  Le antenne Lumenier Duality sono realizzate con materiali di alta qualit\u00e0 e a bassa perdita. Il materiale \u00e8 fondamentale per un&#8217;antenna di buona qualit\u00e0, e lo \u00e8 ancora di pi\u00f9 quando si tratta di prestazioni. Questa tecnologia, unita a una produzione di precisione, consente di ottenere un&#8217;antenna ricevente di livello mondiale. \u00c8 stato progettato per funzionare con i DJI HD FPV Goggles a 2,4 e 5,8GHz ed \u00e8 in grado di ricevere segnali fino a molti chilometri di distanza.  <\/p>\n<h2><strong>Specifiche tecniche<\/strong><\/h2>\n<ul>\n<li><strong>Larghezza di banda:<\/strong> 2,4GHz-2,5GHz e 5,65GHz-5,925GHz<\/li>\n<li><strong>Guadagno:<\/strong> 5,9 dBic<\/li>\n<li><strong>Larghezza di fascio:<\/strong> orizzontale: 120 gradi verticale: 80 gradi<\/li>\n<li><strong>Peso:<\/strong> 7 g (per pezzo)<\/li>\n<li><strong>Efficienza di irradiazione:<\/strong> fino al 99%.<\/li>\n<li><strong>Dimensioni:<\/strong> 78&#215;39 mm<\/li>\n<li><strong>Connettore:<\/strong> RP-SMA<\/li>\n<li><strong>Polarizzazione:<\/strong> lineare<\/li>\n<li><strong>ROE:<\/strong> &lt;= 1,5: 1<\/li>\n<\/ul>\n<p><em>* Design in attesa di brevetto<\/em><\/p>\n<h2><strong>Il pacchetto comprende<\/strong><\/h2>\n<ul type=\"disc\">\n<li>1 x Lumenier Duality DUAL-MOX HD 5,8 GHz dual band, antenne ad alto guadagno<\/li>\n<\/ul>\n<p>  o  <\/p>\n<ul type=\"disc\">\n<li>4 antenne Lumenier Duality DUAL-MOX HD 5,8 GHz dual band, ad alto guadagno<\/li>\n<\/ul>\n<h2>Video<\/h2>\n<p>  https:\/\/youtu.be\/pxr3LOh653I https:\/\/youtu.be\/If3yG_IRsLA  &nbsp;<\/p>\n<p>&nbsp;<\/p>\n","protected":false},"excerpt":{"rendered":"<p>L&#8217;<strong>antenna Duality DUAL-MOX HD 5,8GHz ad alto guadagno e doppia banda<\/strong> <strong>, in confezione da quattro,<\/strong> \u00e8 per DJI Digital HD FPV Goggles V2. Un&#8217;antenna direzionale progettata appositamente per i DJI FPV Goggles V2.  <\/p>\n<ul>\n<li>Ottieni una <strong>portata<\/strong> pi\u00f9 che <strong>doppia rispetto<\/strong> alle antenne DJI standard<\/li>\n<li>Antenna ad alto guadagno con ampio campo visivo<\/li>\n<li>Materiali pregiati per prestazioni migliori<\/li>\n<\/ul>\n","protected":false},"featured_media":107297,"comment_status":"open","ping_status":"closed","template":"","meta":{"_joinchat":[]},"pwb-brand":[],"product_cat":[1180,1114],"product_tag":[],"class_list":{"0":"post-114134","1":"product","2":"type-product","3":"status-publish","4":"has-post-thumbnail","6":"product_cat-antenne-fpv","7":"product_cat-occhiali-fpv","9":"first","10":"instock","11":"taxable","12":"shipping-taxable","13":"purchasable","14":"product-type-variable"},"barcode":null,"atum_controlled":true,"out_stock_date":null,"out_stock_threshold":null,"inheritable":true,"stock_on_hold":0,"sold_today":0,"sales_last_days":2,"out_stock_days":0,"lost_sales":0,"update_date":"2026-04-16T08:17:07","atum_locations":[],"atum_stock_status":"instock","restock_status":false,"low_stock_amount":"","sales_update_date":"2026-04-16T08:17:07","calc_backorders":null,"yoast_head":"<!-- This site is optimized with the Yoast SEO plugin v27.3 - https:\/\/yoast.com\/product\/yoast-seo-wordpress\/ -->\n<title>Antenna combinata Duality DUAL-MOX HD 5,8GHz Lumenier - Iha Race<\/title>\n<meta name=\"robots\" content=\"index, follow, max-snippet:-1, max-image-preview:large, max-video-preview:-1\" \/>\n<link rel=\"canonical\" href=\"https:\/\/iha-race.com\/it\/prodotto\/combo-di-antenna-lumina-duale-mox-hd-5-8ghz-4-pezzi\/\" \/>\n<meta property=\"og:locale\" content=\"it_IT\" \/>\n<meta property=\"og:type\" content=\"article\" \/>\n<meta property=\"og:title\" content=\"Antenna combinata Duality DUAL-MOX HD 5,8GHz Lumenier - Iha Race\" \/>\n<meta property=\"og:description\" content=\"L&#039;antenna Duality DUAL-MOX HD 5,8GHz ad alto guadagno e doppia banda , in confezione da quattro, \u00e8 per DJI Digital HD FPV Goggles V2. Un&#039;antenna direzionale progettata appositamente per i DJI FPV Goggles V2.   Ottieni una portata pi\u00f9 che doppia rispetto alle antenne DJI standard  Antenna ad alto guadagno con ampio campo visivo  Materiali pregiati per prestazioni migliori\" \/>\n<meta property=\"og:url\" content=\"https:\/\/iha-race.com\/it\/prodotto\/combo-di-antenna-lumina-duale-mox-hd-5-8ghz-4-pezzi\/\" \/>\n<meta property=\"og:site_name\" content=\"Iha Race\" \/>\n<meta property=\"article:modified_time\" content=\"2024-08-29T10:11:00+00:00\" \/>\n<meta property=\"og:image\" content=\"https:\/\/iha-race.com\/wp-content\/uploads\/2022\/01\/Combo-de-antena-Lumenier-Duality-DUAL-MOX-HD-5.8GHz-4-piezas.jpg\" \/>\n\t<meta property=\"og:image:width\" content=\"1000\" \/>\n\t<meta property=\"og:image:height\" content=\"1000\" \/>\n\t<meta property=\"og:image:type\" content=\"image\/jpeg\" \/>\n<meta name=\"twitter:card\" content=\"summary_large_image\" \/>\n<meta name=\"twitter:label1\" content=\"Tempo di lettura stimato\" \/>\n\t<meta name=\"twitter:data1\" content=\"3 minuti\" \/>\n<script type=\"application\/ld+json\" class=\"yoast-schema-graph\">{\"@context\":\"https:\\\/\\\/schema.org\",\"@graph\":[{\"@type\":\"WebPage\",\"@id\":\"https:\\\/\\\/iha-race.com\\\/it\\\/prodotto\\\/combo-di-antenna-lumina-duale-mox-hd-5-8ghz-4-pezzi\\\/\",\"url\":\"https:\\\/\\\/iha-race.com\\\/it\\\/prodotto\\\/combo-di-antenna-lumina-duale-mox-hd-5-8ghz-4-pezzi\\\/\",\"name\":\"Antenna combinata Duality DUAL-MOX HD 5,8GHz Lumenier - Iha Race\",\"isPartOf\":{\"@id\":\"https:\\\/\\\/iha-race.com\\\/it\\\/#website\"},\"primaryImageOfPage\":{\"@id\":\"https:\\\/\\\/iha-race.com\\\/it\\\/prodotto\\\/combo-di-antenna-lumina-duale-mox-hd-5-8ghz-4-pezzi\\\/#primaryimage\"},\"image\":{\"@id\":\"https:\\\/\\\/iha-race.com\\\/it\\\/prodotto\\\/combo-di-antenna-lumina-duale-mox-hd-5-8ghz-4-pezzi\\\/#primaryimage\"},\"thumbnailUrl\":\"https:\\\/\\\/iha-race.com\\\/wp-content\\\/uploads\\\/2022\\\/01\\\/Combo-de-antena-Lumenier-Duality-DUAL-MOX-HD-5.8GHz-4-piezas.jpg\",\"datePublished\":\"2022-01-10T09:18:57+00:00\",\"dateModified\":\"2024-08-29T10:11:00+00:00\",\"breadcrumb\":{\"@id\":\"https:\\\/\\\/iha-race.com\\\/it\\\/prodotto\\\/combo-di-antenna-lumina-duale-mox-hd-5-8ghz-4-pezzi\\\/#breadcrumb\"},\"inLanguage\":\"it-IT\",\"potentialAction\":[{\"@type\":\"ReadAction\",\"target\":[\"https:\\\/\\\/iha-race.com\\\/it\\\/prodotto\\\/combo-di-antenna-lumina-duale-mox-hd-5-8ghz-4-pezzi\\\/\"]}]},{\"@type\":\"ImageObject\",\"inLanguage\":\"it-IT\",\"@id\":\"https:\\\/\\\/iha-race.com\\\/it\\\/prodotto\\\/combo-di-antenna-lumina-duale-mox-hd-5-8ghz-4-pezzi\\\/#primaryimage\",\"url\":\"https:\\\/\\\/iha-race.com\\\/wp-content\\\/uploads\\\/2022\\\/01\\\/Combo-de-antena-Lumenier-Duality-DUAL-MOX-HD-5.8GHz-4-piezas.jpg\",\"contentUrl\":\"https:\\\/\\\/iha-race.com\\\/wp-content\\\/uploads\\\/2022\\\/01\\\/Combo-de-antena-Lumenier-Duality-DUAL-MOX-HD-5.8GHz-4-piezas.jpg\",\"width\":1000,\"height\":1000,\"caption\":\"acquistare a buon mercato Lumenier Duality DUAL-MOX HD 5.8GHz Antenna Combo (4 pz.)\"},{\"@type\":\"BreadcrumbList\",\"@id\":\"https:\\\/\\\/iha-race.com\\\/it\\\/prodotto\\\/combo-di-antenna-lumina-duale-mox-hd-5-8ghz-4-pezzi\\\/#breadcrumb\",\"itemListElement\":[{\"@type\":\"ListItem\",\"position\":1,\"name\":\"Portada\",\"item\":\"https:\\\/\\\/iha-race.com\\\/it\\\/\"},{\"@type\":\"ListItem\",\"position\":2,\"name\":\"Negozio\",\"item\":\"https:\\\/\\\/iha-race.com\\\/it\\\/negozio\\\/\"},{\"@type\":\"ListItem\",\"position\":3,\"name\":\"Antenna combinata Duality DUAL-MOX HD 5,8GHz Lumenier\"}]},{\"@type\":\"WebSite\",\"@id\":\"https:\\\/\\\/iha-race.com\\\/it\\\/#website\",\"url\":\"https:\\\/\\\/iha-race.com\\\/it\\\/\",\"name\":\"Iha Race\",\"description\":\"Comprar drones de carreras FPV env\u00edos en un d\u00eda desde Espa\u00f1a\",\"publisher\":{\"@id\":\"https:\\\/\\\/iha-race.com\\\/it\\\/#organization\"},\"potentialAction\":[{\"@type\":\"SearchAction\",\"target\":{\"@type\":\"EntryPoint\",\"urlTemplate\":\"https:\\\/\\\/iha-race.com\\\/it\\\/?s={search_term_string}\"},\"query-input\":{\"@type\":\"PropertyValueSpecification\",\"valueRequired\":true,\"valueName\":\"search_term_string\"}}],\"inLanguage\":\"it-IT\"},{\"@type\":\"Organization\",\"@id\":\"https:\\\/\\\/iha-race.com\\\/it\\\/#organization\",\"name\":\"Iha Race\",\"url\":\"https:\\\/\\\/iha-race.com\\\/it\\\/\",\"logo\":{\"@type\":\"ImageObject\",\"inLanguage\":\"it-IT\",\"@id\":\"https:\\\/\\\/iha-race.com\\\/it\\\/#\\\/schema\\\/logo\\\/image\\\/\",\"url\":\"https:\\\/\\\/iha-race.com\\\/wp-content\\\/uploads\\\/2018\\\/07\\\/iha-race-drones-de-carreras-tienda-comprar-drones.png\",\"contentUrl\":\"https:\\\/\\\/iha-race.com\\\/wp-content\\\/uploads\\\/2018\\\/07\\\/iha-race-drones-de-carreras-tienda-comprar-drones.png\",\"width\":300,\"height\":100,\"caption\":\"Iha Race\"},\"image\":{\"@id\":\"https:\\\/\\\/iha-race.com\\\/it\\\/#\\\/schema\\\/logo\\\/image\\\/\"}}]}<\/script>\n<!-- \/ Yoast SEO plugin. -->","yoast_head_json":{"title":"Antenna combinata Duality DUAL-MOX HD 5,8GHz Lumenier - Iha Race","robots":{"index":"index","follow":"follow","max-snippet":"max-snippet:-1","max-image-preview":"max-image-preview:large","max-video-preview":"max-video-preview:-1"},"canonical":"https:\/\/iha-race.com\/it\/prodotto\/combo-di-antenna-lumina-duale-mox-hd-5-8ghz-4-pezzi\/","og_locale":"it_IT","og_type":"article","og_title":"Antenna combinata Duality DUAL-MOX HD 5,8GHz Lumenier - Iha Race","og_description":"L'antenna Duality DUAL-MOX HD 5,8GHz ad alto guadagno e doppia banda , in confezione da quattro, \u00e8 per DJI Digital HD FPV Goggles V2. Un'antenna direzionale progettata appositamente per i DJI FPV Goggles V2.   Ottieni una portata pi\u00f9 che doppia rispetto alle antenne DJI standard  Antenna ad alto guadagno con ampio campo visivo  Materiali pregiati per prestazioni migliori","og_url":"https:\/\/iha-race.com\/it\/prodotto\/combo-di-antenna-lumina-duale-mox-hd-5-8ghz-4-pezzi\/","og_site_name":"Iha Race","article_modified_time":"2024-08-29T10:11:00+00:00","og_image":[{"width":1000,"height":1000,"url":"https:\/\/iha-race.com\/wp-content\/uploads\/2022\/01\/Combo-de-antena-Lumenier-Duality-DUAL-MOX-HD-5.8GHz-4-piezas.jpg","type":"image\/jpeg"}],"twitter_card":"summary_large_image","twitter_misc":{"Tempo di lettura stimato":"3 minuti"},"schema":{"@context":"https:\/\/schema.org","@graph":[{"@type":"WebPage","@id":"https:\/\/iha-race.com\/it\/prodotto\/combo-di-antenna-lumina-duale-mox-hd-5-8ghz-4-pezzi\/","url":"https:\/\/iha-race.com\/it\/prodotto\/combo-di-antenna-lumina-duale-mox-hd-5-8ghz-4-pezzi\/","name":"Antenna combinata Duality DUAL-MOX HD 5,8GHz Lumenier - Iha Race","isPartOf":{"@id":"https:\/\/iha-race.com\/it\/#website"},"primaryImageOfPage":{"@id":"https:\/\/iha-race.com\/it\/prodotto\/combo-di-antenna-lumina-duale-mox-hd-5-8ghz-4-pezzi\/#primaryimage"},"image":{"@id":"https:\/\/iha-race.com\/it\/prodotto\/combo-di-antenna-lumina-duale-mox-hd-5-8ghz-4-pezzi\/#primaryimage"},"thumbnailUrl":"https:\/\/iha-race.com\/wp-content\/uploads\/2022\/01\/Combo-de-antena-Lumenier-Duality-DUAL-MOX-HD-5.8GHz-4-piezas.jpg","datePublished":"2022-01-10T09:18:57+00:00","dateModified":"2024-08-29T10:11:00+00:00","breadcrumb":{"@id":"https:\/\/iha-race.com\/it\/prodotto\/combo-di-antenna-lumina-duale-mox-hd-5-8ghz-4-pezzi\/#breadcrumb"},"inLanguage":"it-IT","potentialAction":[{"@type":"ReadAction","target":["https:\/\/iha-race.com\/it\/prodotto\/combo-di-antenna-lumina-duale-mox-hd-5-8ghz-4-pezzi\/"]}]},{"@type":"ImageObject","inLanguage":"it-IT","@id":"https:\/\/iha-race.com\/it\/prodotto\/combo-di-antenna-lumina-duale-mox-hd-5-8ghz-4-pezzi\/#primaryimage","url":"https:\/\/iha-race.com\/wp-content\/uploads\/2022\/01\/Combo-de-antena-Lumenier-Duality-DUAL-MOX-HD-5.8GHz-4-piezas.jpg","contentUrl":"https:\/\/iha-race.com\/wp-content\/uploads\/2022\/01\/Combo-de-antena-Lumenier-Duality-DUAL-MOX-HD-5.8GHz-4-piezas.jpg","width":1000,"height":1000,"caption":"acquistare a buon mercato Lumenier Duality DUAL-MOX HD 5.8GHz Antenna Combo (4 pz.)"},{"@type":"BreadcrumbList","@id":"https:\/\/iha-race.com\/it\/prodotto\/combo-di-antenna-lumina-duale-mox-hd-5-8ghz-4-pezzi\/#breadcrumb","itemListElement":[{"@type":"ListItem","position":1,"name":"Portada","item":"https:\/\/iha-race.com\/it\/"},{"@type":"ListItem","position":2,"name":"Negozio","item":"https:\/\/iha-race.com\/it\/negozio\/"},{"@type":"ListItem","position":3,"name":"Antenna combinata Duality DUAL-MOX HD 5,8GHz Lumenier"}]},{"@type":"WebSite","@id":"https:\/\/iha-race.com\/it\/#website","url":"https:\/\/iha-race.com\/it\/","name":"Iha Race","description":"Comprar drones de carreras FPV env\u00edos en un d\u00eda desde Espa\u00f1a","publisher":{"@id":"https:\/\/iha-race.com\/it\/#organization"},"potentialAction":[{"@type":"SearchAction","target":{"@type":"EntryPoint","urlTemplate":"https:\/\/iha-race.com\/it\/?s={search_term_string}"},"query-input":{"@type":"PropertyValueSpecification","valueRequired":true,"valueName":"search_term_string"}}],"inLanguage":"it-IT"},{"@type":"Organization","@id":"https:\/\/iha-race.com\/it\/#organization","name":"Iha Race","url":"https:\/\/iha-race.com\/it\/","logo":{"@type":"ImageObject","inLanguage":"it-IT","@id":"https:\/\/iha-race.com\/it\/#\/schema\/logo\/image\/","url":"https:\/\/iha-race.com\/wp-content\/uploads\/2018\/07\/iha-race-drones-de-carreras-tienda-comprar-drones.png","contentUrl":"https:\/\/iha-race.com\/wp-content\/uploads\/2018\/07\/iha-race-drones-de-carreras-tienda-comprar-drones.png","width":300,"height":100,"caption":"Iha Race"},"image":{"@id":"https:\/\/iha-race.com\/it\/#\/schema\/logo\/image\/"}}]}},"jetpack_sharing_enabled":true,"brands":[],"_links":{"self":[{"href":"https:\/\/iha-race.com\/it\/wp-json\/wp\/v2\/product\/114134","targetHints":{"allow":["GET"]}}],"collection":[{"href":"https:\/\/iha-race.com\/it\/wp-json\/wp\/v2\/product"}],"about":[{"href":"https:\/\/iha-race.com\/it\/wp-json\/wp\/v2\/types\/product"}],"replies":[{"embeddable":true,"href":"https:\/\/iha-race.com\/it\/wp-json\/wp\/v2\/comments?post=114134"}],"version-history":[{"count":3,"href":"https:\/\/iha-race.com\/it\/wp-json\/wp\/v2\/product\/114134\/revisions"}],"predecessor-version":[{"id":249245,"href":"https:\/\/iha-race.com\/it\/wp-json\/wp\/v2\/product\/114134\/revisions\/249245"}],"wp:featuredmedia":[{"embeddable":true,"href":"https:\/\/iha-race.com\/it\/wp-json\/wp\/v2\/media\/107297"}],"wp:attachment":[{"href":"https:\/\/iha-race.com\/it\/wp-json\/wp\/v2\/media?parent=114134"}],"wp:term":[{"taxonomy":"pwb-brand","embeddable":true,"href":"https:\/\/iha-race.com\/it\/wp-json\/wp\/v2\/pwb-brand?post=114134"},{"taxonomy":"product_cat","embeddable":true,"href":"https:\/\/iha-race.com\/it\/wp-json\/wp\/v2\/product_cat?post=114134"},{"taxonomy":"product_tag","embeddable":true,"href":"https:\/\/iha-race.com\/it\/wp-json\/wp\/v2\/product_tag?post=114134"}],"curies":[{"name":"wp","href":"https:\/\/api.w.org\/{rel}","templated":true}]}}