{"id":114119,"date":"2021-12-28T18:01:00","date_gmt":"2021-12-28T17:01:00","guid":{"rendered":"https:\/\/iha-race.com\/producto\/telecamera-runcam-racer-nano3-mck\/"},"modified":"2024-08-29T12:11:59","modified_gmt":"2024-08-29T10:11:59","slug":"camara-runcam-racer-nano3-mck","status":"publish","type":"product","link":"https:\/\/iha-race.com\/it\/prodotto\/camara-runcam-racer-nano3-mck\/","title":{"rendered":"Telecamera RunCam Racer Nano3 MCK"},"content":{"rendered":"<h1>Telecamera RunCam Racer Nano3 MCK<\/h1>\n<div class=\"Section Section9 SectionOverflow\">\n<div class=\"Zone MobileZone2\"><iframe src=\"https:\/\/www.youtube.com\/embed\/JdH5GTh14VI\" width=\"960\" height=\"540\" frameborder=\"0\" data-mce-fragment=\"1\"><\/iframe><\/div>\n<div><\/div>\n<div><\/div>\n<div>\n<h2>Caratteristiche<\/h2>\n<div>\n<ul>\n<li>Rapporto commutabile 4 : 3\/16 : 9<\/li>\n<li>Edizione <a href=\"https:\/\/www.youtube.com\/c\/MinChanKim04\" target=\"_blank\" rel=\"noopener\">MCK FPV<\/a><\/li>\n<li>Obiettivo da 1,8 mm<\/li>\n<\/ul>\n<\/div>\n<div><\/div>\n<\/div>\n<div><\/div>\n<div class=\"Zone MobileZone2\"><img decoding=\"async\" class=\"BigImage\" title=\"RunCam Phoenix 2 Nano\" src=\"https:\/\/store-m8o52p.mybigcommerce.com\/product_images\/img_racer3nano-mck\/RACERNANO3-web.jpg\" alt=\"corridore3 mck\"><\/div>\n<\/div>\n<div class=\"Section Section9 SectionOverflow\">\n<div class=\"Zone MobileZone\">\n<div class=\"clear\"><\/div>\n<\/div>\n<\/div>\n<div class=\"Section\">\n<div class=\"Zone MobileZone1\">\n<h2><\/h2>\n<h2>Specifiche tecniche<\/h2>\n<ul>\n<li>Impostazione scene one-touch: Personal \/ Lightrax<\/li>\n<li>Rapporto d&#8217;aspetto dello schermo: 4:3 \/ widescreen commutabile<\/li>\n<li>Sensore di immagine: sensore CMOS Super WDR<\/li>\n<li>Sistema di segnale: NTSC \/ PAL commutabile<\/li>\n<li>Dimensioni: L14mmxL14mmxH16mm<\/li>\n<li>Modello: RunCam Racer Nano3 MCK<\/li>\n<li>Corrente: 70mA a 12V \/ 120mA a 5V<\/li>\n<li>Min. Illuminazione: 0.01Lux@1.2F<\/li>\n<li>Risoluzione orizzontale: 1000TVL<\/li>\n<li>Velocit\u00e0 dell&#8217;otturatore elettronico: automatica<\/li>\n<li>Controllo del menu: Controllo a joystick<\/li>\n<li>Obiettivo: 1,8 mm FOV 160\u00b0.<\/li>\n<li>Materiale dell&#8217;alloggiamento: ABS<\/li>\n<li>OSD integrato: s\u00ec<\/li>\n<li>Specchio \/ Flip: disponibile<\/li>\n<li>WDR: Super WDR<\/li>\n<li>Rapporto S\/N:&gt; 50dB<\/li>\n<li>Alimentazione: DC 5-36V<\/li>\n<li>Peso netto: 3,5 g<\/li>\n<li>Giorno \/ Notte: Colore<\/li>\n<\/ul>\n<p>&nbsp;<\/p>\n<h2>Il pacchetto comprende:<\/h2>\n<ul>\n<li>1 telecamera RunCam Racer Nano 3 da 1,8 mm &#8211; Edizione MCK FPV<\/li>\n<li>1 x staffa in ABS<\/li>\n<li>1 cavo a 4 pin<\/li>\n<li>1 x manuale (inglese)<\/li>\n<\/ul>\n<\/div>\n<\/div>\n","protected":false},"excerpt":{"rendered":"<p> <strong>RunCam Racer Nano 3 MCK <\/strong>\u00e8 una telecamera FPV con obiettivo da 1,8 mm e rapporto di risoluzione 4<strong>:3\/16<\/strong>:9 commutabile. Questa telecamera \u00e8 stata progettata in collaborazione con un pilota FPV di fama mondiale: Min Chan Kim!<\/p>\n","protected":false},"featured_media":107100,"comment_status":"open","ping_status":"closed","template":"","meta":{"_joinchat":[]},"pwb-brand":[],"product_cat":[2407,41],"product_tag":[],"class_list":{"0":"post-114119","1":"product","2":"type-product","3":"status-publish","4":"has-post-thumbnail","6":"product_cat-camaras-analogicas","7":"product_cat-camaras","9":"first","10":"instock","11":"taxable","12":"shipping-taxable","13":"purchasable","14":"product-type-simple"},"barcode":null,"atum_controlled":true,"out_stock_date":null,"out_stock_threshold":null,"inheritable":false,"stock_on_hold":0,"sold_today":0,"sales_last_days":0,"out_stock_days":0,"lost_sales":0,"update_date":"2026-04-08T16:41:29","atum_locations":[],"atum_stock_status":"instock","restock_status":false,"low_stock_amount":"","sales_update_date":"2026-04-08T10:17:17","calc_backorders":null,"yoast_head":"<!-- This site is optimized with the Yoast SEO plugin v27.3 - https:\/\/yoast.com\/product\/yoast-seo-wordpress\/ -->\n<title>Telecamera RunCam Racer Nano3 MCK - Iha Race<\/title>\n<meta name=\"robots\" content=\"index, follow, max-snippet:-1, max-image-preview:large, max-video-preview:-1\" \/>\n<link rel=\"canonical\" href=\"https:\/\/iha-race.com\/it\/prodotto\/camara-runcam-racer-nano3-mck\/\" \/>\n<meta property=\"og:locale\" content=\"it_IT\" \/>\n<meta property=\"og:type\" content=\"article\" \/>\n<meta property=\"og:title\" content=\"Telecamera RunCam Racer Nano3 MCK - Iha Race\" \/>\n<meta property=\"og:description\" content=\"RunCam Racer Nano 3 MCK \u00e8 una telecamera FPV con obiettivo da 1,8 mm e rapporto di risoluzione 4:3\/16:9 commutabile. Questa telecamera \u00e8 stata progettata in collaborazione con un pilota FPV di fama mondiale: Min Chan Kim!\" \/>\n<meta property=\"og:url\" content=\"https:\/\/iha-race.com\/it\/prodotto\/camara-runcam-racer-nano3-mck\/\" \/>\n<meta property=\"og:site_name\" content=\"Iha Race\" \/>\n<meta property=\"article:modified_time\" content=\"2024-08-29T10:11:59+00:00\" \/>\n<meta property=\"og:image\" content=\"https:\/\/iha-race.com\/wp-content\/uploads\/2021\/12\/RACERNANO3-1__83029.1624876080.1280.1280.jpg\" \/>\n\t<meta property=\"og:image:width\" content=\"1000\" \/>\n\t<meta property=\"og:image:height\" content=\"1000\" \/>\n\t<meta property=\"og:image:type\" content=\"image\/jpeg\" \/>\n<meta name=\"twitter:card\" content=\"summary_large_image\" \/>\n<meta name=\"twitter:label1\" content=\"Tempo di lettura stimato\" \/>\n\t<meta name=\"twitter:data1\" content=\"1 minuto\" \/>\n<script type=\"application\/ld+json\" class=\"yoast-schema-graph\">{\"@context\":\"https:\\\/\\\/schema.org\",\"@graph\":[{\"@type\":\"WebPage\",\"@id\":\"https:\\\/\\\/iha-race.com\\\/it\\\/prodotto\\\/camara-runcam-racer-nano3-mck\\\/\",\"url\":\"https:\\\/\\\/iha-race.com\\\/it\\\/prodotto\\\/camara-runcam-racer-nano3-mck\\\/\",\"name\":\"Telecamera RunCam Racer Nano3 MCK - Iha Race\",\"isPartOf\":{\"@id\":\"https:\\\/\\\/iha-race.com\\\/it\\\/#website\"},\"primaryImageOfPage\":{\"@id\":\"https:\\\/\\\/iha-race.com\\\/it\\\/prodotto\\\/camara-runcam-racer-nano3-mck\\\/#primaryimage\"},\"image\":{\"@id\":\"https:\\\/\\\/iha-race.com\\\/it\\\/prodotto\\\/camara-runcam-racer-nano3-mck\\\/#primaryimage\"},\"thumbnailUrl\":\"https:\\\/\\\/iha-race.com\\\/wp-content\\\/uploads\\\/2021\\\/12\\\/RACERNANO3-1__83029.1624876080.1280.1280.jpg\",\"datePublished\":\"2021-12-28T17:01:00+00:00\",\"dateModified\":\"2024-08-29T10:11:59+00:00\",\"breadcrumb\":{\"@id\":\"https:\\\/\\\/iha-race.com\\\/it\\\/prodotto\\\/camara-runcam-racer-nano3-mck\\\/#breadcrumb\"},\"inLanguage\":\"it-IT\",\"potentialAction\":[{\"@type\":\"ReadAction\",\"target\":[\"https:\\\/\\\/iha-race.com\\\/it\\\/prodotto\\\/camara-runcam-racer-nano3-mck\\\/\"]}]},{\"@type\":\"ImageObject\",\"inLanguage\":\"it-IT\",\"@id\":\"https:\\\/\\\/iha-race.com\\\/it\\\/prodotto\\\/camara-runcam-racer-nano3-mck\\\/#primaryimage\",\"url\":\"https:\\\/\\\/iha-race.com\\\/wp-content\\\/uploads\\\/2021\\\/12\\\/RACERNANO3-1__83029.1624876080.1280.1280.jpg\",\"contentUrl\":\"https:\\\/\\\/iha-race.com\\\/wp-content\\\/uploads\\\/2021\\\/12\\\/RACERNANO3-1__83029.1624876080.1280.1280.jpg\",\"width\":1000,\"height\":1000,\"caption\":\"Acquistare RunCam Racer Nano3 MCK\"},{\"@type\":\"BreadcrumbList\",\"@id\":\"https:\\\/\\\/iha-race.com\\\/it\\\/prodotto\\\/camara-runcam-racer-nano3-mck\\\/#breadcrumb\",\"itemListElement\":[{\"@type\":\"ListItem\",\"position\":1,\"name\":\"Portada\",\"item\":\"https:\\\/\\\/iha-race.com\\\/it\\\/\"},{\"@type\":\"ListItem\",\"position\":2,\"name\":\"Negozio\",\"item\":\"https:\\\/\\\/iha-race.com\\\/it\\\/negozio\\\/\"},{\"@type\":\"ListItem\",\"position\":3,\"name\":\"Telecamera RunCam Racer Nano3 MCK\"}]},{\"@type\":\"WebSite\",\"@id\":\"https:\\\/\\\/iha-race.com\\\/it\\\/#website\",\"url\":\"https:\\\/\\\/iha-race.com\\\/it\\\/\",\"name\":\"Iha Race\",\"description\":\"Comprar drones de carreras FPV env\u00edos en un d\u00eda desde Espa\u00f1a\",\"publisher\":{\"@id\":\"https:\\\/\\\/iha-race.com\\\/it\\\/#organization\"},\"potentialAction\":[{\"@type\":\"SearchAction\",\"target\":{\"@type\":\"EntryPoint\",\"urlTemplate\":\"https:\\\/\\\/iha-race.com\\\/it\\\/?s={search_term_string}\"},\"query-input\":{\"@type\":\"PropertyValueSpecification\",\"valueRequired\":true,\"valueName\":\"search_term_string\"}}],\"inLanguage\":\"it-IT\"},{\"@type\":\"Organization\",\"@id\":\"https:\\\/\\\/iha-race.com\\\/it\\\/#organization\",\"name\":\"Iha Race\",\"url\":\"https:\\\/\\\/iha-race.com\\\/it\\\/\",\"logo\":{\"@type\":\"ImageObject\",\"inLanguage\":\"it-IT\",\"@id\":\"https:\\\/\\\/iha-race.com\\\/it\\\/#\\\/schema\\\/logo\\\/image\\\/\",\"url\":\"https:\\\/\\\/iha-race.com\\\/wp-content\\\/uploads\\\/2018\\\/07\\\/iha-race-drones-de-carreras-tienda-comprar-drones.png\",\"contentUrl\":\"https:\\\/\\\/iha-race.com\\\/wp-content\\\/uploads\\\/2018\\\/07\\\/iha-race-drones-de-carreras-tienda-comprar-drones.png\",\"width\":300,\"height\":100,\"caption\":\"Iha Race\"},\"image\":{\"@id\":\"https:\\\/\\\/iha-race.com\\\/it\\\/#\\\/schema\\\/logo\\\/image\\\/\"}}]}<\/script>\n<!-- \/ Yoast SEO plugin. -->","yoast_head_json":{"title":"Telecamera RunCam Racer Nano3 MCK - Iha Race","robots":{"index":"index","follow":"follow","max-snippet":"max-snippet:-1","max-image-preview":"max-image-preview:large","max-video-preview":"max-video-preview:-1"},"canonical":"https:\/\/iha-race.com\/it\/prodotto\/camara-runcam-racer-nano3-mck\/","og_locale":"it_IT","og_type":"article","og_title":"Telecamera RunCam Racer Nano3 MCK - Iha Race","og_description":"RunCam Racer Nano 3 MCK \u00e8 una telecamera FPV con obiettivo da 1,8 mm e rapporto di risoluzione 4:3\/16:9 commutabile. Questa telecamera \u00e8 stata progettata in collaborazione con un pilota FPV di fama mondiale: Min Chan Kim!","og_url":"https:\/\/iha-race.com\/it\/prodotto\/camara-runcam-racer-nano3-mck\/","og_site_name":"Iha Race","article_modified_time":"2024-08-29T10:11:59+00:00","og_image":[{"width":1000,"height":1000,"url":"https:\/\/iha-race.com\/wp-content\/uploads\/2021\/12\/RACERNANO3-1__83029.1624876080.1280.1280.jpg","type":"image\/jpeg"}],"twitter_card":"summary_large_image","twitter_misc":{"Tempo di lettura stimato":"1 minuto"},"schema":{"@context":"https:\/\/schema.org","@graph":[{"@type":"WebPage","@id":"https:\/\/iha-race.com\/it\/prodotto\/camara-runcam-racer-nano3-mck\/","url":"https:\/\/iha-race.com\/it\/prodotto\/camara-runcam-racer-nano3-mck\/","name":"Telecamera RunCam Racer Nano3 MCK - Iha Race","isPartOf":{"@id":"https:\/\/iha-race.com\/it\/#website"},"primaryImageOfPage":{"@id":"https:\/\/iha-race.com\/it\/prodotto\/camara-runcam-racer-nano3-mck\/#primaryimage"},"image":{"@id":"https:\/\/iha-race.com\/it\/prodotto\/camara-runcam-racer-nano3-mck\/#primaryimage"},"thumbnailUrl":"https:\/\/iha-race.com\/wp-content\/uploads\/2021\/12\/RACERNANO3-1__83029.1624876080.1280.1280.jpg","datePublished":"2021-12-28T17:01:00+00:00","dateModified":"2024-08-29T10:11:59+00:00","breadcrumb":{"@id":"https:\/\/iha-race.com\/it\/prodotto\/camara-runcam-racer-nano3-mck\/#breadcrumb"},"inLanguage":"it-IT","potentialAction":[{"@type":"ReadAction","target":["https:\/\/iha-race.com\/it\/prodotto\/camara-runcam-racer-nano3-mck\/"]}]},{"@type":"ImageObject","inLanguage":"it-IT","@id":"https:\/\/iha-race.com\/it\/prodotto\/camara-runcam-racer-nano3-mck\/#primaryimage","url":"https:\/\/iha-race.com\/wp-content\/uploads\/2021\/12\/RACERNANO3-1__83029.1624876080.1280.1280.jpg","contentUrl":"https:\/\/iha-race.com\/wp-content\/uploads\/2021\/12\/RACERNANO3-1__83029.1624876080.1280.1280.jpg","width":1000,"height":1000,"caption":"Acquistare RunCam Racer Nano3 MCK"},{"@type":"BreadcrumbList","@id":"https:\/\/iha-race.com\/it\/prodotto\/camara-runcam-racer-nano3-mck\/#breadcrumb","itemListElement":[{"@type":"ListItem","position":1,"name":"Portada","item":"https:\/\/iha-race.com\/it\/"},{"@type":"ListItem","position":2,"name":"Negozio","item":"https:\/\/iha-race.com\/it\/negozio\/"},{"@type":"ListItem","position":3,"name":"Telecamera RunCam Racer Nano3 MCK"}]},{"@type":"WebSite","@id":"https:\/\/iha-race.com\/it\/#website","url":"https:\/\/iha-race.com\/it\/","name":"Iha Race","description":"Comprar drones de carreras FPV env\u00edos en un d\u00eda desde Espa\u00f1a","publisher":{"@id":"https:\/\/iha-race.com\/it\/#organization"},"potentialAction":[{"@type":"SearchAction","target":{"@type":"EntryPoint","urlTemplate":"https:\/\/iha-race.com\/it\/?s={search_term_string}"},"query-input":{"@type":"PropertyValueSpecification","valueRequired":true,"valueName":"search_term_string"}}],"inLanguage":"it-IT"},{"@type":"Organization","@id":"https:\/\/iha-race.com\/it\/#organization","name":"Iha Race","url":"https:\/\/iha-race.com\/it\/","logo":{"@type":"ImageObject","inLanguage":"it-IT","@id":"https:\/\/iha-race.com\/it\/#\/schema\/logo\/image\/","url":"https:\/\/iha-race.com\/wp-content\/uploads\/2018\/07\/iha-race-drones-de-carreras-tienda-comprar-drones.png","contentUrl":"https:\/\/iha-race.com\/wp-content\/uploads\/2018\/07\/iha-race-drones-de-carreras-tienda-comprar-drones.png","width":300,"height":100,"caption":"Iha Race"},"image":{"@id":"https:\/\/iha-race.com\/it\/#\/schema\/logo\/image\/"}}]}},"jetpack_sharing_enabled":true,"brands":[],"_links":{"self":[{"href":"https:\/\/iha-race.com\/it\/wp-json\/wp\/v2\/product\/114119","targetHints":{"allow":["GET"]}}],"collection":[{"href":"https:\/\/iha-race.com\/it\/wp-json\/wp\/v2\/product"}],"about":[{"href":"https:\/\/iha-race.com\/it\/wp-json\/wp\/v2\/types\/product"}],"replies":[{"embeddable":true,"href":"https:\/\/iha-race.com\/it\/wp-json\/wp\/v2\/comments?post=114119"}],"version-history":[{"count":1,"href":"https:\/\/iha-race.com\/it\/wp-json\/wp\/v2\/product\/114119\/revisions"}],"predecessor-version":[{"id":116928,"href":"https:\/\/iha-race.com\/it\/wp-json\/wp\/v2\/product\/114119\/revisions\/116928"}],"wp:featuredmedia":[{"embeddable":true,"href":"https:\/\/iha-race.com\/it\/wp-json\/wp\/v2\/media\/107100"}],"wp:attachment":[{"href":"https:\/\/iha-race.com\/it\/wp-json\/wp\/v2\/media?parent=114119"}],"wp:term":[{"taxonomy":"pwb-brand","embeddable":true,"href":"https:\/\/iha-race.com\/it\/wp-json\/wp\/v2\/pwb-brand?post=114119"},{"taxonomy":"product_cat","embeddable":true,"href":"https:\/\/iha-race.com\/it\/wp-json\/wp\/v2\/product_cat?post=114119"},{"taxonomy":"product_tag","embeddable":true,"href":"https:\/\/iha-race.com\/it\/wp-json\/wp\/v2\/product_tag?post=114119"}],"curies":[{"name":"wp","href":"https:\/\/api.w.org\/{rel}","templated":true}]}}