{"id":114117,"date":"2022-01-03T12:38:38","date_gmt":"2022-01-03T11:38:38","guid":{"rendered":"https:\/\/iha-race.com\/producto\/controllore-di-volo-matek-f405-mini-te\/"},"modified":"2025-11-11T11:46:56","modified_gmt":"2025-11-11T10:46:56","slug":"controllore-di-volo-matek-f405-mini-te","status":"publish","type":"product","link":"https:\/\/iha-race.com\/it\/prodotto\/controllore-di-volo-matek-f405-mini-te\/","title":{"rendered":"Controllore di volo Matek F405 Mini TE"},"content":{"rendered":"<h2>Controllore di volo Mateksys F405 Mini TE<\/h2>\n<p><img fetchpriority=\"high\" decoding=\"async\" class=\"aligncenter wp-image-73048 size-full\" src=\"https:\/\/iha-race.com\/wp-content\/uploads\/2022\/01\/F405-miniTE_layout.jpg\" alt=\"Acquistare il controllore di volo Mateksys F405 TE\" width=\"1500\" height=\"2026\" srcset=\"https:\/\/iha-race.com\/wp-content\/uploads\/2022\/01\/F405-miniTE_layout.jpg 1500w, https:\/\/iha-race.com\/wp-content\/uploads\/2022\/01\/F405-miniTE_layout-222x300.jpg 222w, https:\/\/iha-race.com\/wp-content\/uploads\/2022\/01\/F405-miniTE_layout-758x1024.jpg 758w, https:\/\/iha-race.com\/wp-content\/uploads\/2022\/01\/F405-miniTE_layout-768x1037.jpg 768w, https:\/\/iha-race.com\/wp-content\/uploads\/2022\/01\/F405-miniTE_layout-1137x1536.jpg 1137w, https:\/\/iha-race.com\/wp-content\/uploads\/2022\/01\/F405-miniTE_layout-1516x2048.jpg 1516w, https:\/\/iha-race.com\/wp-content\/uploads\/2022\/01\/F405-miniTE_layout-111x150.jpg 111w, https:\/\/iha-race.com\/wp-content\/uploads\/2022\/01\/F405-miniTE_layout-100x135.jpg 100w, https:\/\/iha-race.com\/wp-content\/uploads\/2022\/01\/F405-miniTE_layout-259x350.jpg 259w, https:\/\/iha-race.com\/wp-content\/uploads\/2022\/01\/F405-miniTE_layout-788x1064.jpg 788w, https:\/\/iha-race.com\/wp-content\/uploads\/2022\/01\/F405-miniTE_layout-600x810.jpg 600w\" sizes=\"(max-width: 1500px) 100vw, 1500px\" \/><\/p>\n<div class=\"main_color container_wrap_first container_wrap fullsize\">\n<div class=\"container\">\n<p>&nbsp;<\/p>\n<div class=\"post-entry post-entry-type-page post-entry-9572\">\n<div class=\"entry-content-wrapper clearfix\">\n<div class=\"tabcontainer top_tab avia-builder-el-3 el_after_av_button avia-builder-el-last \">\n<section class=\"av_tab_section\">\n<div id=\"tab-id-3-container\" class=\"tab_content active_tab_content\" aria-hidden=\"false\">\n<div class=\"tab_inner_content invers-color\">\n<p>&nbsp;<\/p>\n<\/div>\n<\/div>\n<\/section>\n<section class=\"av_tab_section\">\n<div id=\"tab-id-4-container\" class=\"tab_content \" aria-hidden=\"true\">\n<div class=\"tab_inner_content invers-color\">\n<p>&nbsp;<\/p>\n<\/div>\n<\/div>\n<\/section>\n<section class=\"av_tab_section\">\n<div id=\"tab-id-5-container\" class=\"tab_content \" aria-hidden=\"true\">\n<div class=\"tab_inner_content invers-color\">\n<h3 class=\"h1\">Specifiche:<\/h3>\n<ul>\n<li>MCU: 168 MHz STM32F405<\/li>\n<li>IMU: accelerometro\/giroscopio ICM20602 32K (SPI)<\/li>\n<li>Supporta 32K di aggiornamento del giroscopio e 16K di loop PID<\/li>\n<li>OSD: OSD BetaFlight con chip AT7456E<\/li>\n<li>Scatola nera: 32M (256) Flash<\/li>\n<li>VCP, UART1, UART2, UART3, UART4, UART5<\/li>\n<li>Inverter integrato per ingresso SBUS (UART2-RX)<\/li>\n<li>PPM \/ UART condiviso: UART2-RX<\/li>\n<li>Controllo della telecamera e SoftSerial compatibile con S5 e S6<\/li>\n<li>Sensore di tensione della batteria: 1:10<\/li>\n<li>Sensore attuale: No (opzione FCHUB-A5)<\/li>\n<li>BEC 5V: No (opzione FCHUB-A5)<\/li>\n<li>LDO 3,3V: max. 300mA per Spektrum RX<\/li>\n<li>I2C1 SDA e SCL disponibili<\/li>\n<li>Striscia LED WS2812: S\u00ec<\/li>\n<li>Segnale acustico: s\u00ec<\/li>\n<li>RSSI: s\u00ec<\/li>\n<li>2x LED per FC STATUS (blu, rosso)<\/li>\n<li>6 uscite PWM \/ DShot prive di conflitti<\/li>\n<li>5x UART<\/li>\n<li>1 slot FFC a 14 pin montato in alto per il collegamento FCHUB-A5<\/li>\n<li>PCB 28&#215;28 mm con fori di montaggio da 20 mm<\/li>\n<li>con 6 rondelle in silicone da M4 a M3<\/li>\n<li>con 6 rondelle in ottone da M3 a M2<\/li>\n<li>w \/ 2x 0,5mm * 14Pin 3cm Cavo piatto flessibile<\/li>\n<\/ul>\n<\/div>\n<\/div>\n<\/section>\n<p><a href=\"http:\/\/www.mateksys.com\/?portfolio=f405-minite\">  MANUALE<\/a><\/p>\n<\/div>\n<\/div>\n<\/div>\n<p>&nbsp;<\/p>\n<\/div>\n<\/div>\n<footer id=\"socket\" class=\"container_wrap socket_color\" role=\"contentinfo\">\n<div class=\"container\"><\/div>\n<\/footer>\n","protected":false},"excerpt":{"rendered":"<p>Controllore di volo Mateksys F405 Mini TE &nbsp; &nbsp; &nbsp; Specifiche: MCU: 168 MHz STM32F405 IMU: accelerometro\/giroscopio ICM20602 32K (SPI) Supporta 32K di aggiornamento del giroscopio e 16K di loop<\/p>\n","protected":false},"featured_media":107207,"comment_status":"open","ping_status":"closed","template":"","meta":{"_joinchat":[]},"pwb-brand":[],"product_cat":[1194],"product_tag":[],"class_list":{"0":"post-114117","1":"product","2":"type-product","3":"status-publish","4":"has-post-thumbnail","6":"product_cat-controllori-di-droni","8":"first","9":"instock","10":"taxable","11":"shipping-taxable","12":"purchasable","13":"product-type-simple"},"barcode":null,"atum_controlled":true,"out_stock_date":null,"out_stock_threshold":null,"inheritable":false,"stock_on_hold":0,"sold_today":0,"sales_last_days":0,"out_stock_days":0,"lost_sales":0,"update_date":"2026-04-18T17:57:52","atum_locations":[],"atum_stock_status":"instock","restock_status":false,"low_stock_amount":"","sales_update_date":"2026-04-18T17:57:52","calc_backorders":null,"yoast_head":"<!-- This site is optimized with the Yoast SEO plugin v27.3 - https:\/\/yoast.com\/product\/yoast-seo-wordpress\/ -->\n<title>Controllore di volo Matek F405 Mini TE - Iha Race<\/title>\n<meta name=\"robots\" content=\"index, follow, max-snippet:-1, max-image-preview:large, max-video-preview:-1\" \/>\n<link rel=\"canonical\" href=\"https:\/\/iha-race.com\/it\/prodotto\/controllore-di-volo-matek-f405-mini-te\/\" \/>\n<meta property=\"og:locale\" content=\"it_IT\" \/>\n<meta property=\"og:type\" content=\"article\" \/>\n<meta property=\"og:title\" content=\"Controllore di volo Matek F405 Mini TE - Iha Race\" \/>\n<meta property=\"og:description\" content=\"Controllore di volo Mateksys F405 Mini TE &nbsp; &nbsp; &nbsp; Specifiche: MCU: 168 MHz STM32F405 IMU: accelerometro\/giroscopio ICM20602 32K (SPI) Supporta 32K di aggiornamento del giroscopio e 16K di loop\" \/>\n<meta property=\"og:url\" content=\"https:\/\/iha-race.com\/it\/prodotto\/controllore-di-volo-matek-f405-mini-te\/\" \/>\n<meta property=\"og:site_name\" content=\"Iha Race\" \/>\n<meta property=\"article:modified_time\" content=\"2025-11-11T10:46:56+00:00\" \/>\n<meta property=\"og:image\" content=\"https:\/\/iha-race.com\/wp-content\/uploads\/2022\/01\/F405-mini_31.jpg\" \/>\n\t<meta property=\"og:image:width\" content=\"1000\" \/>\n\t<meta property=\"og:image:height\" content=\"1000\" \/>\n\t<meta property=\"og:image:type\" content=\"image\/jpeg\" \/>\n<meta name=\"twitter:card\" content=\"summary_large_image\" \/>\n<meta name=\"twitter:label1\" content=\"Tempo di lettura stimato\" \/>\n\t<meta name=\"twitter:data1\" content=\"1 minuto\" \/>\n<script type=\"application\/ld+json\" class=\"yoast-schema-graph\">{\"@context\":\"https:\\\/\\\/schema.org\",\"@graph\":[{\"@type\":\"WebPage\",\"@id\":\"https:\\\/\\\/iha-race.com\\\/it\\\/prodotto\\\/controllore-di-volo-matek-f405-mini-te\\\/\",\"url\":\"https:\\\/\\\/iha-race.com\\\/it\\\/prodotto\\\/controllore-di-volo-matek-f405-mini-te\\\/\",\"name\":\"Controllore di volo Matek F405 Mini TE - Iha Race\",\"isPartOf\":{\"@id\":\"https:\\\/\\\/iha-race.com\\\/it\\\/#website\"},\"primaryImageOfPage\":{\"@id\":\"https:\\\/\\\/iha-race.com\\\/it\\\/prodotto\\\/controllore-di-volo-matek-f405-mini-te\\\/#primaryimage\"},\"image\":{\"@id\":\"https:\\\/\\\/iha-race.com\\\/it\\\/prodotto\\\/controllore-di-volo-matek-f405-mini-te\\\/#primaryimage\"},\"thumbnailUrl\":\"https:\\\/\\\/iha-race.com\\\/wp-content\\\/uploads\\\/2022\\\/01\\\/F405-mini_31.jpg\",\"datePublished\":\"2022-01-03T11:38:38+00:00\",\"dateModified\":\"2025-11-11T10:46:56+00:00\",\"breadcrumb\":{\"@id\":\"https:\\\/\\\/iha-race.com\\\/it\\\/prodotto\\\/controllore-di-volo-matek-f405-mini-te\\\/#breadcrumb\"},\"inLanguage\":\"it-IT\",\"potentialAction\":[{\"@type\":\"ReadAction\",\"target\":[\"https:\\\/\\\/iha-race.com\\\/it\\\/prodotto\\\/controllore-di-volo-matek-f405-mini-te\\\/\"]}]},{\"@type\":\"ImageObject\",\"inLanguage\":\"it-IT\",\"@id\":\"https:\\\/\\\/iha-race.com\\\/it\\\/prodotto\\\/controllore-di-volo-matek-f405-mini-te\\\/#primaryimage\",\"url\":\"https:\\\/\\\/iha-race.com\\\/wp-content\\\/uploads\\\/2022\\\/01\\\/F405-mini_31.jpg\",\"contentUrl\":\"https:\\\/\\\/iha-race.com\\\/wp-content\\\/uploads\\\/2022\\\/01\\\/F405-mini_31.jpg\",\"width\":1000,\"height\":1000,\"caption\":\"Acquistare il controllore di volo Mateksys F405 Mini TE\"},{\"@type\":\"BreadcrumbList\",\"@id\":\"https:\\\/\\\/iha-race.com\\\/it\\\/prodotto\\\/controllore-di-volo-matek-f405-mini-te\\\/#breadcrumb\",\"itemListElement\":[{\"@type\":\"ListItem\",\"position\":1,\"name\":\"Portada\",\"item\":\"https:\\\/\\\/iha-race.com\\\/it\\\/\"},{\"@type\":\"ListItem\",\"position\":2,\"name\":\"Negozio\",\"item\":\"https:\\\/\\\/iha-race.com\\\/it\\\/negozio\\\/\"},{\"@type\":\"ListItem\",\"position\":3,\"name\":\"Controllore di volo Matek F405 Mini TE\"}]},{\"@type\":\"WebSite\",\"@id\":\"https:\\\/\\\/iha-race.com\\\/it\\\/#website\",\"url\":\"https:\\\/\\\/iha-race.com\\\/it\\\/\",\"name\":\"Iha Race\",\"description\":\"Comprar drones de carreras FPV env\u00edos en un d\u00eda desde Espa\u00f1a\",\"publisher\":{\"@id\":\"https:\\\/\\\/iha-race.com\\\/it\\\/#organization\"},\"potentialAction\":[{\"@type\":\"SearchAction\",\"target\":{\"@type\":\"EntryPoint\",\"urlTemplate\":\"https:\\\/\\\/iha-race.com\\\/it\\\/?s={search_term_string}\"},\"query-input\":{\"@type\":\"PropertyValueSpecification\",\"valueRequired\":true,\"valueName\":\"search_term_string\"}}],\"inLanguage\":\"it-IT\"},{\"@type\":\"Organization\",\"@id\":\"https:\\\/\\\/iha-race.com\\\/it\\\/#organization\",\"name\":\"Iha Race\",\"url\":\"https:\\\/\\\/iha-race.com\\\/it\\\/\",\"logo\":{\"@type\":\"ImageObject\",\"inLanguage\":\"it-IT\",\"@id\":\"https:\\\/\\\/iha-race.com\\\/it\\\/#\\\/schema\\\/logo\\\/image\\\/\",\"url\":\"https:\\\/\\\/iha-race.com\\\/wp-content\\\/uploads\\\/2018\\\/07\\\/iha-race-drones-de-carreras-tienda-comprar-drones.png\",\"contentUrl\":\"https:\\\/\\\/iha-race.com\\\/wp-content\\\/uploads\\\/2018\\\/07\\\/iha-race-drones-de-carreras-tienda-comprar-drones.png\",\"width\":300,\"height\":100,\"caption\":\"Iha Race\"},\"image\":{\"@id\":\"https:\\\/\\\/iha-race.com\\\/it\\\/#\\\/schema\\\/logo\\\/image\\\/\"}}]}<\/script>\n<!-- \/ Yoast SEO plugin. -->","yoast_head_json":{"title":"Controllore di volo Matek F405 Mini TE - Iha Race","robots":{"index":"index","follow":"follow","max-snippet":"max-snippet:-1","max-image-preview":"max-image-preview:large","max-video-preview":"max-video-preview:-1"},"canonical":"https:\/\/iha-race.com\/it\/prodotto\/controllore-di-volo-matek-f405-mini-te\/","og_locale":"it_IT","og_type":"article","og_title":"Controllore di volo Matek F405 Mini TE - Iha Race","og_description":"Controllore di volo Mateksys F405 Mini TE &nbsp; &nbsp; &nbsp; Specifiche: MCU: 168 MHz STM32F405 IMU: accelerometro\/giroscopio ICM20602 32K (SPI) Supporta 32K di aggiornamento del giroscopio e 16K di loop","og_url":"https:\/\/iha-race.com\/it\/prodotto\/controllore-di-volo-matek-f405-mini-te\/","og_site_name":"Iha Race","article_modified_time":"2025-11-11T10:46:56+00:00","og_image":[{"width":1000,"height":1000,"url":"https:\/\/iha-race.com\/wp-content\/uploads\/2022\/01\/F405-mini_31.jpg","type":"image\/jpeg"}],"twitter_card":"summary_large_image","twitter_misc":{"Tempo di lettura stimato":"1 minuto"},"schema":{"@context":"https:\/\/schema.org","@graph":[{"@type":"WebPage","@id":"https:\/\/iha-race.com\/it\/prodotto\/controllore-di-volo-matek-f405-mini-te\/","url":"https:\/\/iha-race.com\/it\/prodotto\/controllore-di-volo-matek-f405-mini-te\/","name":"Controllore di volo Matek F405 Mini TE - Iha Race","isPartOf":{"@id":"https:\/\/iha-race.com\/it\/#website"},"primaryImageOfPage":{"@id":"https:\/\/iha-race.com\/it\/prodotto\/controllore-di-volo-matek-f405-mini-te\/#primaryimage"},"image":{"@id":"https:\/\/iha-race.com\/it\/prodotto\/controllore-di-volo-matek-f405-mini-te\/#primaryimage"},"thumbnailUrl":"https:\/\/iha-race.com\/wp-content\/uploads\/2022\/01\/F405-mini_31.jpg","datePublished":"2022-01-03T11:38:38+00:00","dateModified":"2025-11-11T10:46:56+00:00","breadcrumb":{"@id":"https:\/\/iha-race.com\/it\/prodotto\/controllore-di-volo-matek-f405-mini-te\/#breadcrumb"},"inLanguage":"it-IT","potentialAction":[{"@type":"ReadAction","target":["https:\/\/iha-race.com\/it\/prodotto\/controllore-di-volo-matek-f405-mini-te\/"]}]},{"@type":"ImageObject","inLanguage":"it-IT","@id":"https:\/\/iha-race.com\/it\/prodotto\/controllore-di-volo-matek-f405-mini-te\/#primaryimage","url":"https:\/\/iha-race.com\/wp-content\/uploads\/2022\/01\/F405-mini_31.jpg","contentUrl":"https:\/\/iha-race.com\/wp-content\/uploads\/2022\/01\/F405-mini_31.jpg","width":1000,"height":1000,"caption":"Acquistare il controllore di volo Mateksys F405 Mini TE"},{"@type":"BreadcrumbList","@id":"https:\/\/iha-race.com\/it\/prodotto\/controllore-di-volo-matek-f405-mini-te\/#breadcrumb","itemListElement":[{"@type":"ListItem","position":1,"name":"Portada","item":"https:\/\/iha-race.com\/it\/"},{"@type":"ListItem","position":2,"name":"Negozio","item":"https:\/\/iha-race.com\/it\/negozio\/"},{"@type":"ListItem","position":3,"name":"Controllore di volo Matek F405 Mini TE"}]},{"@type":"WebSite","@id":"https:\/\/iha-race.com\/it\/#website","url":"https:\/\/iha-race.com\/it\/","name":"Iha Race","description":"Comprar drones de carreras FPV env\u00edos en un d\u00eda desde Espa\u00f1a","publisher":{"@id":"https:\/\/iha-race.com\/it\/#organization"},"potentialAction":[{"@type":"SearchAction","target":{"@type":"EntryPoint","urlTemplate":"https:\/\/iha-race.com\/it\/?s={search_term_string}"},"query-input":{"@type":"PropertyValueSpecification","valueRequired":true,"valueName":"search_term_string"}}],"inLanguage":"it-IT"},{"@type":"Organization","@id":"https:\/\/iha-race.com\/it\/#organization","name":"Iha Race","url":"https:\/\/iha-race.com\/it\/","logo":{"@type":"ImageObject","inLanguage":"it-IT","@id":"https:\/\/iha-race.com\/it\/#\/schema\/logo\/image\/","url":"https:\/\/iha-race.com\/wp-content\/uploads\/2018\/07\/iha-race-drones-de-carreras-tienda-comprar-drones.png","contentUrl":"https:\/\/iha-race.com\/wp-content\/uploads\/2018\/07\/iha-race-drones-de-carreras-tienda-comprar-drones.png","width":300,"height":100,"caption":"Iha Race"},"image":{"@id":"https:\/\/iha-race.com\/it\/#\/schema\/logo\/image\/"}}]}},"jetpack_sharing_enabled":true,"brands":[],"_links":{"self":[{"href":"https:\/\/iha-race.com\/it\/wp-json\/wp\/v2\/product\/114117","targetHints":{"allow":["GET"]}}],"collection":[{"href":"https:\/\/iha-race.com\/it\/wp-json\/wp\/v2\/product"}],"about":[{"href":"https:\/\/iha-race.com\/it\/wp-json\/wp\/v2\/types\/product"}],"replies":[{"embeddable":true,"href":"https:\/\/iha-race.com\/it\/wp-json\/wp\/v2\/comments?post=114117"}],"version-history":[{"count":1,"href":"https:\/\/iha-race.com\/it\/wp-json\/wp\/v2\/product\/114117\/revisions"}],"predecessor-version":[{"id":211451,"href":"https:\/\/iha-race.com\/it\/wp-json\/wp\/v2\/product\/114117\/revisions\/211451"}],"wp:featuredmedia":[{"embeddable":true,"href":"https:\/\/iha-race.com\/it\/wp-json\/wp\/v2\/media\/107207"}],"wp:attachment":[{"href":"https:\/\/iha-race.com\/it\/wp-json\/wp\/v2\/media?parent=114117"}],"wp:term":[{"taxonomy":"pwb-brand","embeddable":true,"href":"https:\/\/iha-race.com\/it\/wp-json\/wp\/v2\/pwb-brand?post=114117"},{"taxonomy":"product_cat","embeddable":true,"href":"https:\/\/iha-race.com\/it\/wp-json\/wp\/v2\/product_cat?post=114117"},{"taxonomy":"product_tag","embeddable":true,"href":"https:\/\/iha-race.com\/it\/wp-json\/wp\/v2\/product_tag?post=114117"}],"curies":[{"name":"wp","href":"https:\/\/api.w.org\/{rel}","templated":true}]}}