{"id":114035,"date":"2021-10-19T13:04:53","date_gmt":"2021-10-19T11:04:53","guid":{"rendered":"https:\/\/iha-race.com\/producto\/motore-t-motor-f1507-2700kv-3800kv\/"},"modified":"2024-12-20T09:32:40","modified_gmt":"2024-12-20T08:32:40","slug":"motor-t-motor-f1507-2700kv-3800kv","status":"publish","type":"product","link":"https:\/\/iha-race.com\/it\/prodotto\/motor-t-motor-f1507-2700kv-3800kv\/","title":{"rendered":"Motore T-Motor F1507 (2700Kv\/3800Kv)"},"content":{"rendered":"<h2>Motore T-Motor F1507 (2800Kv\/3800Kv)<\/h2>\n<h3>Caratteristiche<\/h3>\n<ul>\n<li>Rapporto spinta\/peso massimo fino a tp 52,8<\/li>\n<li>Peso ridotto, prestazioni di volo potenti, fluide e robuste<\/li>\n<li>Su misura per i Cinewhoop<\/li>\n<\/ul>\n<h3>Specifiche tecniche<\/h3>\n<h4><strong>KV<\/strong> 2700<\/h4>\n<ul>\n<li><strong>Configurazione: <\/strong>12N14P<\/li>\n<li><strong>Diametro dell&#8217;albero<\/strong>: 2 mm<\/li>\n<li><strong>Dimensioni del motore<\/strong> (Dia.*Len): \u00d818,9*29,7 mm<\/li>\n<li><strong>Peso comprensivo di cavi<\/strong> <strong>(g):<\/strong>15,2 g<\/li>\n<li><strong>Numero di celle<\/strong> <strong>(Lipo):<\/strong> 3-6S<\/li>\n<li><strong>Corrente a vuoto@10v (A):<\/strong> 22A<\/li>\n<li><strong>Resistenza interna<\/strong>: 131m\u03a9<\/li>\n<li><strong>Potenza massima continua<\/strong> <strong>(60S):<\/strong> 519W<\/li>\n<li><strong>Corrente di riposo<\/strong> <strong>(5 V): 0 <\/strong>,6 A<\/li>\n<\/ul>\n<p>&nbsp;<\/p>\n<h4><strong>KV <\/strong>3800<\/h4>\n<ul>\n<li><strong>Configurazione: <\/strong> 12N14P<\/li>\n<li><strong>Diametro dell&#8217;albero<\/strong>: 2 mm<\/li>\n<li><strong>Dimensioni del motore<\/strong> (Dia. * Len): \u00d818,9 * 29,7 mm<\/li>\n<li><strong>Peso comprensivo di cavi (g):<\/strong> 15 g<\/li>\n<li><strong>Numero di celle (Lipo):<\/strong> 3-4S<\/li>\n<li><strong>Corrente di riposo<\/strong> a 10v <strong>(A):<\/strong> 23A<\/li>\n<li><strong>Resistenza interna<\/strong>: 81 m\u03a9<\/li>\n<li><strong>Potenza massima continua <\/strong> <strong>(60S):<\/strong> 372W<\/li>\n<li><strong>Corrente di riposo <\/strong> <strong>(5 V):<\/strong> 0,9 A<\/li>\n<\/ul>\n<p><img fetchpriority=\"high\" decoding=\"async\" class=\"wp-image-71119 aligncenter\" src=\"https:\/\/iha-race.com\/wp-content\/uploads\/2021\/10\/Motor-T-Motor-F1507-3800Kv-1-scaled.jpg\" alt=\"\" width=\"401\" height=\"2700\" srcset=\"https:\/\/iha-race.com\/wp-content\/uploads\/2021\/10\/Motor-T-Motor-F1507-3800Kv-1-scaled.jpg 380w, https:\/\/iha-race.com\/wp-content\/uploads\/2021\/10\/Motor-T-Motor-F1507-3800Kv-1-152x1024.jpg 152w, https:\/\/iha-race.com\/wp-content\/uploads\/2021\/10\/Motor-T-Motor-F1507-3800Kv-1-228x1536.jpg 228w, https:\/\/iha-race.com\/wp-content\/uploads\/2021\/10\/Motor-T-Motor-F1507-3800Kv-1-304x2048.jpg 304w, https:\/\/iha-race.com\/wp-content\/uploads\/2021\/10\/Motor-T-Motor-F1507-3800Kv-1-100x674.jpg 100w, https:\/\/iha-race.com\/wp-content\/uploads\/2021\/10\/Motor-T-Motor-F1507-3800Kv-1-52x350.jpg 52w\" sizes=\"(max-width: 401px) 100vw, 401px\" \/><\/p>\n<h3>La confezione comprende:<\/h3>\n<ul>\n<li>1 x Motore T F1507 2700KV \/ 3800KV Motore<\/li>\n<li>4 x M2 * 5 Vite a testa cilindrica con esagono cavo<\/li>\n<li>5 x vite a testa esagonale 4 x m2<\/li>\n<li>1 x Dado autobloccante nero M5<\/li>\n<li>1 x clip elettronica<\/li>\n<li>1 rondella H62<\/li>\n<\/ul>\n","protected":false},"excerpt":{"rendered":"<p>Peso ridotto, prestazioni di volo potenti, fluide e potenti! Il motore F1507 3800KV di T-Motor \u00e8 stato progettato appositamente per adattarsi perfettamente ai vostri Cinewhoops!<\/p>\n","protected":false},"featured_media":106278,"comment_status":"open","ping_status":"closed","template":"","meta":{"_joinchat":[]},"pwb-brand":[],"product_cat":[1242,2478],"product_tag":[],"class_list":{"0":"post-114035","1":"product","2":"type-product","3":"status-publish","4":"has-post-thumbnail","6":"product_cat-motori-fpv","7":"product_cat-senza-spazzole-con-albero","9":"first","10":"instock","11":"taxable","12":"shipping-taxable","13":"purchasable","14":"product-type-variable"},"barcode":null,"atum_controlled":true,"out_stock_date":null,"out_stock_threshold":null,"inheritable":true,"stock_on_hold":0,"sold_today":0,"sales_last_days":2,"out_stock_days":0,"lost_sales":0,"update_date":"2026-04-08T10:17:18","atum_locations":[],"atum_stock_status":"instock","restock_status":false,"low_stock_amount":"","sales_update_date":"2026-04-08T10:17:18","calc_backorders":null,"yoast_head":"<!-- This site is optimized with the Yoast SEO plugin v27.3 - https:\/\/yoast.com\/product\/yoast-seo-wordpress\/ -->\n<title>Motore T-Motor F1507 (2700Kv\/3800Kv) - Iha Race<\/title>\n<meta name=\"robots\" content=\"index, follow, max-snippet:-1, max-image-preview:large, max-video-preview:-1\" \/>\n<link rel=\"canonical\" href=\"https:\/\/iha-race.com\/it\/prodotto\/motor-t-motor-f1507-2700kv-3800kv\/\" \/>\n<meta property=\"og:locale\" content=\"it_IT\" \/>\n<meta property=\"og:type\" content=\"article\" \/>\n<meta property=\"og:title\" content=\"Motore T-Motor F1507 (2700Kv\/3800Kv) - Iha Race\" \/>\n<meta property=\"og:description\" content=\"Peso ridotto, prestazioni di volo potenti, fluide e potenti! Il motore F1507 3800KV di T-Motor \u00e8 stato progettato appositamente per adattarsi perfettamente ai vostri Cinewhoops!\" \/>\n<meta property=\"og:url\" content=\"https:\/\/iha-race.com\/it\/prodotto\/motor-t-motor-f1507-2700kv-3800kv\/\" \/>\n<meta property=\"og:site_name\" content=\"Iha Race\" \/>\n<meta property=\"article:modified_time\" content=\"2024-12-20T08:32:40+00:00\" \/>\n<meta property=\"og:image\" content=\"https:\/\/iha-race.com\/wp-content\/uploads\/2021\/10\/Motor-T-Motor-F1507-3800Kv.jpg\" \/>\n\t<meta property=\"og:image:width\" content=\"1000\" \/>\n\t<meta property=\"og:image:height\" content=\"1000\" \/>\n\t<meta property=\"og:image:type\" content=\"image\/jpeg\" \/>\n<meta name=\"twitter:card\" content=\"summary_large_image\" \/>\n<meta name=\"twitter:label1\" content=\"Tempo di lettura stimato\" \/>\n\t<meta name=\"twitter:data1\" content=\"1 minuto\" \/>\n<script type=\"application\/ld+json\" class=\"yoast-schema-graph\">{\"@context\":\"https:\\\/\\\/schema.org\",\"@graph\":[{\"@type\":\"WebPage\",\"@id\":\"https:\\\/\\\/iha-race.com\\\/it\\\/prodotto\\\/motor-t-motor-f1507-2700kv-3800kv\\\/\",\"url\":\"https:\\\/\\\/iha-race.com\\\/it\\\/prodotto\\\/motor-t-motor-f1507-2700kv-3800kv\\\/\",\"name\":\"Motore T-Motor F1507 (2700Kv\\\/3800Kv) - Iha Race\",\"isPartOf\":{\"@id\":\"https:\\\/\\\/iha-race.com\\\/it\\\/#website\"},\"primaryImageOfPage\":{\"@id\":\"https:\\\/\\\/iha-race.com\\\/it\\\/prodotto\\\/motor-t-motor-f1507-2700kv-3800kv\\\/#primaryimage\"},\"image\":{\"@id\":\"https:\\\/\\\/iha-race.com\\\/it\\\/prodotto\\\/motor-t-motor-f1507-2700kv-3800kv\\\/#primaryimage\"},\"thumbnailUrl\":\"https:\\\/\\\/iha-race.com\\\/wp-content\\\/uploads\\\/2021\\\/10\\\/Motor-T-Motor-F1507-3800Kv.jpg\",\"datePublished\":\"2021-10-19T11:04:53+00:00\",\"dateModified\":\"2024-12-20T08:32:40+00:00\",\"breadcrumb\":{\"@id\":\"https:\\\/\\\/iha-race.com\\\/it\\\/prodotto\\\/motor-t-motor-f1507-2700kv-3800kv\\\/#breadcrumb\"},\"inLanguage\":\"it-IT\",\"potentialAction\":[{\"@type\":\"ReadAction\",\"target\":[\"https:\\\/\\\/iha-race.com\\\/it\\\/prodotto\\\/motor-t-motor-f1507-2700kv-3800kv\\\/\"]}]},{\"@type\":\"ImageObject\",\"inLanguage\":\"it-IT\",\"@id\":\"https:\\\/\\\/iha-race.com\\\/it\\\/prodotto\\\/motor-t-motor-f1507-2700kv-3800kv\\\/#primaryimage\",\"url\":\"https:\\\/\\\/iha-race.com\\\/wp-content\\\/uploads\\\/2021\\\/10\\\/Motor-T-Motor-F1507-3800Kv.jpg\",\"contentUrl\":\"https:\\\/\\\/iha-race.com\\\/wp-content\\\/uploads\\\/2021\\\/10\\\/Motor-T-Motor-F1507-3800Kv.jpg\",\"width\":1000,\"height\":1000,\"caption\":\"acquistare a buon mercato Motore T-Motor F1507 (3800Kv)\"},{\"@type\":\"BreadcrumbList\",\"@id\":\"https:\\\/\\\/iha-race.com\\\/it\\\/prodotto\\\/motor-t-motor-f1507-2700kv-3800kv\\\/#breadcrumb\",\"itemListElement\":[{\"@type\":\"ListItem\",\"position\":1,\"name\":\"Portada\",\"item\":\"https:\\\/\\\/iha-race.com\\\/it\\\/\"},{\"@type\":\"ListItem\",\"position\":2,\"name\":\"Negozio\",\"item\":\"https:\\\/\\\/iha-race.com\\\/it\\\/negozio\\\/\"},{\"@type\":\"ListItem\",\"position\":3,\"name\":\"Motore T-Motor F1507 (2700Kv\\\/3800Kv)\"}]},{\"@type\":\"WebSite\",\"@id\":\"https:\\\/\\\/iha-race.com\\\/it\\\/#website\",\"url\":\"https:\\\/\\\/iha-race.com\\\/it\\\/\",\"name\":\"Iha Race\",\"description\":\"Comprar drones de carreras FPV env\u00edos en un d\u00eda desde Espa\u00f1a\",\"publisher\":{\"@id\":\"https:\\\/\\\/iha-race.com\\\/it\\\/#organization\"},\"potentialAction\":[{\"@type\":\"SearchAction\",\"target\":{\"@type\":\"EntryPoint\",\"urlTemplate\":\"https:\\\/\\\/iha-race.com\\\/it\\\/?s={search_term_string}\"},\"query-input\":{\"@type\":\"PropertyValueSpecification\",\"valueRequired\":true,\"valueName\":\"search_term_string\"}}],\"inLanguage\":\"it-IT\"},{\"@type\":\"Organization\",\"@id\":\"https:\\\/\\\/iha-race.com\\\/it\\\/#organization\",\"name\":\"Iha Race\",\"url\":\"https:\\\/\\\/iha-race.com\\\/it\\\/\",\"logo\":{\"@type\":\"ImageObject\",\"inLanguage\":\"it-IT\",\"@id\":\"https:\\\/\\\/iha-race.com\\\/it\\\/#\\\/schema\\\/logo\\\/image\\\/\",\"url\":\"https:\\\/\\\/iha-race.com\\\/wp-content\\\/uploads\\\/2018\\\/07\\\/iha-race-drones-de-carreras-tienda-comprar-drones.png\",\"contentUrl\":\"https:\\\/\\\/iha-race.com\\\/wp-content\\\/uploads\\\/2018\\\/07\\\/iha-race-drones-de-carreras-tienda-comprar-drones.png\",\"width\":300,\"height\":100,\"caption\":\"Iha Race\"},\"image\":{\"@id\":\"https:\\\/\\\/iha-race.com\\\/it\\\/#\\\/schema\\\/logo\\\/image\\\/\"}}]}<\/script>\n<!-- \/ Yoast SEO plugin. -->","yoast_head_json":{"title":"Motore T-Motor F1507 (2700Kv\/3800Kv) - Iha Race","robots":{"index":"index","follow":"follow","max-snippet":"max-snippet:-1","max-image-preview":"max-image-preview:large","max-video-preview":"max-video-preview:-1"},"canonical":"https:\/\/iha-race.com\/it\/prodotto\/motor-t-motor-f1507-2700kv-3800kv\/","og_locale":"it_IT","og_type":"article","og_title":"Motore T-Motor F1507 (2700Kv\/3800Kv) - Iha Race","og_description":"Peso ridotto, prestazioni di volo potenti, fluide e potenti! Il motore F1507 3800KV di T-Motor \u00e8 stato progettato appositamente per adattarsi perfettamente ai vostri Cinewhoops!","og_url":"https:\/\/iha-race.com\/it\/prodotto\/motor-t-motor-f1507-2700kv-3800kv\/","og_site_name":"Iha Race","article_modified_time":"2024-12-20T08:32:40+00:00","og_image":[{"width":1000,"height":1000,"url":"https:\/\/iha-race.com\/wp-content\/uploads\/2021\/10\/Motor-T-Motor-F1507-3800Kv.jpg","type":"image\/jpeg"}],"twitter_card":"summary_large_image","twitter_misc":{"Tempo di lettura stimato":"1 minuto"},"schema":{"@context":"https:\/\/schema.org","@graph":[{"@type":"WebPage","@id":"https:\/\/iha-race.com\/it\/prodotto\/motor-t-motor-f1507-2700kv-3800kv\/","url":"https:\/\/iha-race.com\/it\/prodotto\/motor-t-motor-f1507-2700kv-3800kv\/","name":"Motore T-Motor F1507 (2700Kv\/3800Kv) - Iha Race","isPartOf":{"@id":"https:\/\/iha-race.com\/it\/#website"},"primaryImageOfPage":{"@id":"https:\/\/iha-race.com\/it\/prodotto\/motor-t-motor-f1507-2700kv-3800kv\/#primaryimage"},"image":{"@id":"https:\/\/iha-race.com\/it\/prodotto\/motor-t-motor-f1507-2700kv-3800kv\/#primaryimage"},"thumbnailUrl":"https:\/\/iha-race.com\/wp-content\/uploads\/2021\/10\/Motor-T-Motor-F1507-3800Kv.jpg","datePublished":"2021-10-19T11:04:53+00:00","dateModified":"2024-12-20T08:32:40+00:00","breadcrumb":{"@id":"https:\/\/iha-race.com\/it\/prodotto\/motor-t-motor-f1507-2700kv-3800kv\/#breadcrumb"},"inLanguage":"it-IT","potentialAction":[{"@type":"ReadAction","target":["https:\/\/iha-race.com\/it\/prodotto\/motor-t-motor-f1507-2700kv-3800kv\/"]}]},{"@type":"ImageObject","inLanguage":"it-IT","@id":"https:\/\/iha-race.com\/it\/prodotto\/motor-t-motor-f1507-2700kv-3800kv\/#primaryimage","url":"https:\/\/iha-race.com\/wp-content\/uploads\/2021\/10\/Motor-T-Motor-F1507-3800Kv.jpg","contentUrl":"https:\/\/iha-race.com\/wp-content\/uploads\/2021\/10\/Motor-T-Motor-F1507-3800Kv.jpg","width":1000,"height":1000,"caption":"acquistare a buon mercato Motore T-Motor F1507 (3800Kv)"},{"@type":"BreadcrumbList","@id":"https:\/\/iha-race.com\/it\/prodotto\/motor-t-motor-f1507-2700kv-3800kv\/#breadcrumb","itemListElement":[{"@type":"ListItem","position":1,"name":"Portada","item":"https:\/\/iha-race.com\/it\/"},{"@type":"ListItem","position":2,"name":"Negozio","item":"https:\/\/iha-race.com\/it\/negozio\/"},{"@type":"ListItem","position":3,"name":"Motore T-Motor F1507 (2700Kv\/3800Kv)"}]},{"@type":"WebSite","@id":"https:\/\/iha-race.com\/it\/#website","url":"https:\/\/iha-race.com\/it\/","name":"Iha Race","description":"Comprar drones de carreras FPV env\u00edos en un d\u00eda desde Espa\u00f1a","publisher":{"@id":"https:\/\/iha-race.com\/it\/#organization"},"potentialAction":[{"@type":"SearchAction","target":{"@type":"EntryPoint","urlTemplate":"https:\/\/iha-race.com\/it\/?s={search_term_string}"},"query-input":{"@type":"PropertyValueSpecification","valueRequired":true,"valueName":"search_term_string"}}],"inLanguage":"it-IT"},{"@type":"Organization","@id":"https:\/\/iha-race.com\/it\/#organization","name":"Iha Race","url":"https:\/\/iha-race.com\/it\/","logo":{"@type":"ImageObject","inLanguage":"it-IT","@id":"https:\/\/iha-race.com\/it\/#\/schema\/logo\/image\/","url":"https:\/\/iha-race.com\/wp-content\/uploads\/2018\/07\/iha-race-drones-de-carreras-tienda-comprar-drones.png","contentUrl":"https:\/\/iha-race.com\/wp-content\/uploads\/2018\/07\/iha-race-drones-de-carreras-tienda-comprar-drones.png","width":300,"height":100,"caption":"Iha Race"},"image":{"@id":"https:\/\/iha-race.com\/it\/#\/schema\/logo\/image\/"}}]}},"jetpack_sharing_enabled":true,"brands":[],"_links":{"self":[{"href":"https:\/\/iha-race.com\/it\/wp-json\/wp\/v2\/product\/114035","targetHints":{"allow":["GET"]}}],"collection":[{"href":"https:\/\/iha-race.com\/it\/wp-json\/wp\/v2\/product"}],"about":[{"href":"https:\/\/iha-race.com\/it\/wp-json\/wp\/v2\/types\/product"}],"replies":[{"embeddable":true,"href":"https:\/\/iha-race.com\/it\/wp-json\/wp\/v2\/comments?post=114035"}],"version-history":[{"count":3,"href":"https:\/\/iha-race.com\/it\/wp-json\/wp\/v2\/product\/114035\/revisions"}],"predecessor-version":[{"id":252672,"href":"https:\/\/iha-race.com\/it\/wp-json\/wp\/v2\/product\/114035\/revisions\/252672"}],"wp:featuredmedia":[{"embeddable":true,"href":"https:\/\/iha-race.com\/it\/wp-json\/wp\/v2\/media\/106278"}],"wp:attachment":[{"href":"https:\/\/iha-race.com\/it\/wp-json\/wp\/v2\/media?parent=114035"}],"wp:term":[{"taxonomy":"pwb-brand","embeddable":true,"href":"https:\/\/iha-race.com\/it\/wp-json\/wp\/v2\/pwb-brand?post=114035"},{"taxonomy":"product_cat","embeddable":true,"href":"https:\/\/iha-race.com\/it\/wp-json\/wp\/v2\/product_cat?post=114035"},{"taxonomy":"product_tag","embeddable":true,"href":"https:\/\/iha-race.com\/it\/wp-json\/wp\/v2\/product_tag?post=114035"}],"curies":[{"name":"wp","href":"https:\/\/api.w.org\/{rel}","templated":true}]}}