{"id":114032,"date":"2021-10-08T17:44:53","date_gmt":"2021-10-08T15:44:53","guid":{"rendered":"https:\/\/iha-race.com\/producto\/piedini-di-ricambio-posteriori-chimera7-2-pezzi\/"},"modified":"2026-03-21T12:49:54","modified_gmt":"2026-03-21T11:49:54","slug":"gambe-di-ricambio-posteriori-chimera7-2-unita","status":"publish","type":"product","link":"https:\/\/iha-race.com\/it\/prodotto\/gambe-di-ricambio-posteriori-chimera7-2-unita\/","title":{"rendered":"Piedini di ricambio posteriori Chimera7 (2 pezzi)"},"content":{"rendered":"<h2>Piedini di ricambio posteriori Chimera7 (2 pezzi)<\/h2>\n<p>  Gambe da 7&#8242; in fibra di carbonio per Chimera7. Spessore del braccio: 6 mm.  <\/p>\n<h3>Il pacchetto comprende:<\/h3>\n<ul>\n<li>2 x gambe di ricambio posteriori Chimera7<\/li>\n<\/ul>\n","protected":false},"excerpt":{"rendered":"<p>Piedini di ricambio posteriori Chimera7 (2 pezzi) Gambe da 7&#8242; in fibra di carbonio per Chimera7. Spessore del braccio: 6 mm. Il pacchetto comprende: 2 x gambe di ricambio posteriori<\/p>\n","protected":false},"featured_media":106089,"comment_status":"open","ping_status":"closed","template":"","meta":{"_joinchat":[]},"pwb-brand":[3571],"product_cat":[3667,27],"product_tag":[],"class_list":{"0":"post-114032","1":"product","2":"type-product","3":"status-publish","4":"has-post-thumbnail","6":"pwb-brand-iflight","7":"product_cat-cuadros-frame","8":"product_cat-drones-fpv","10":"first","11":"outofstock","12":"taxable","13":"shipping-taxable","14":"purchasable","15":"product-type-simple"},"barcode":null,"atum_controlled":true,"out_stock_date":"2026-04-01 12:46:03","out_stock_threshold":null,"inheritable":false,"stock_on_hold":0,"sold_today":1,"sales_last_days":1,"out_stock_days":0,"lost_sales":0,"update_date":"2026-04-01T13:44:05","atum_locations":[],"atum_stock_status":"outofstock","restock_status":false,"low_stock_amount":"","sales_update_date":"2026-04-01T13:44:05","calc_backorders":null,"yoast_head":"<!-- This site is optimized with the Yoast SEO plugin v27.3 - https:\/\/yoast.com\/product\/yoast-seo-wordpress\/ -->\n<title>Piedini di ricambio posteriori Chimera7 (2 pezzi) - Iha Race<\/title>\n<meta name=\"robots\" content=\"index, follow, max-snippet:-1, max-image-preview:large, max-video-preview:-1\" \/>\n<link rel=\"canonical\" href=\"https:\/\/iha-race.com\/it\/prodotto\/gambe-di-ricambio-posteriori-chimera7-2-unita\/\" \/>\n<meta property=\"og:locale\" content=\"it_IT\" \/>\n<meta property=\"og:type\" content=\"article\" \/>\n<meta property=\"og:title\" content=\"Piedini di ricambio posteriori Chimera7 (2 pezzi) - Iha Race\" \/>\n<meta property=\"og:description\" content=\"Piedini di ricambio posteriori Chimera7 (2 pezzi) Gambe da 7&#8242; in fibra di carbonio per Chimera7. Spessore del braccio: 6 mm. Il pacchetto comprende: 2 x gambe di ricambio posteriori\" \/>\n<meta property=\"og:url\" content=\"https:\/\/iha-race.com\/it\/prodotto\/gambe-di-ricambio-posteriori-chimera7-2-unita\/\" \/>\n<meta property=\"og:site_name\" content=\"Iha Race\" \/>\n<meta property=\"article:modified_time\" content=\"2026-03-21T11:49:54+00:00\" \/>\n<meta property=\"og:image\" content=\"https:\/\/iha-race.com\/wp-content\/uploads\/2021\/10\/Patas-de-respuesto-traseras-Chimera7-2-unidades.jpg\" \/>\n\t<meta property=\"og:image:width\" content=\"1000\" \/>\n\t<meta property=\"og:image:height\" content=\"1000\" \/>\n\t<meta property=\"og:image:type\" content=\"image\/jpeg\" \/>\n<meta name=\"twitter:card\" content=\"summary_large_image\" \/>\n<script type=\"application\/ld+json\" class=\"yoast-schema-graph\">{\"@context\":\"https:\\\/\\\/schema.org\",\"@graph\":[{\"@type\":\"WebPage\",\"@id\":\"https:\\\/\\\/iha-race.com\\\/it\\\/prodotto\\\/gambe-di-ricambio-posteriori-chimera7-2-unita\\\/\",\"url\":\"https:\\\/\\\/iha-race.com\\\/it\\\/prodotto\\\/gambe-di-ricambio-posteriori-chimera7-2-unita\\\/\",\"name\":\"Piedini di ricambio posteriori Chimera7 (2 pezzi) - Iha Race\",\"isPartOf\":{\"@id\":\"https:\\\/\\\/iha-race.com\\\/it\\\/#website\"},\"primaryImageOfPage\":{\"@id\":\"https:\\\/\\\/iha-race.com\\\/it\\\/prodotto\\\/gambe-di-ricambio-posteriori-chimera7-2-unita\\\/#primaryimage\"},\"image\":{\"@id\":\"https:\\\/\\\/iha-race.com\\\/it\\\/prodotto\\\/gambe-di-ricambio-posteriori-chimera7-2-unita\\\/#primaryimage\"},\"thumbnailUrl\":\"https:\\\/\\\/iha-race.com\\\/wp-content\\\/uploads\\\/2021\\\/10\\\/Patas-de-respuesto-traseras-Chimera7-2-unidades.jpg\",\"datePublished\":\"2021-10-08T15:44:53+00:00\",\"dateModified\":\"2026-03-21T11:49:54+00:00\",\"breadcrumb\":{\"@id\":\"https:\\\/\\\/iha-race.com\\\/it\\\/prodotto\\\/gambe-di-ricambio-posteriori-chimera7-2-unita\\\/#breadcrumb\"},\"inLanguage\":\"it-IT\",\"potentialAction\":[{\"@type\":\"ReadAction\",\"target\":[\"https:\\\/\\\/iha-race.com\\\/it\\\/prodotto\\\/gambe-di-ricambio-posteriori-chimera7-2-unita\\\/\"]}]},{\"@type\":\"ImageObject\",\"inLanguage\":\"it-IT\",\"@id\":\"https:\\\/\\\/iha-race.com\\\/it\\\/prodotto\\\/gambe-di-ricambio-posteriori-chimera7-2-unita\\\/#primaryimage\",\"url\":\"https:\\\/\\\/iha-race.com\\\/wp-content\\\/uploads\\\/2021\\\/10\\\/Patas-de-respuesto-traseras-Chimera7-2-unidades.jpg\",\"contentUrl\":\"https:\\\/\\\/iha-race.com\\\/wp-content\\\/uploads\\\/2021\\\/10\\\/Patas-de-respuesto-traseras-Chimera7-2-unidades.jpg\",\"width\":1000,\"height\":1000,\"caption\":\"acquistare a buon mercato Chimera7 gambe posteriori di ricambio (2 pz.)\"},{\"@type\":\"BreadcrumbList\",\"@id\":\"https:\\\/\\\/iha-race.com\\\/it\\\/prodotto\\\/gambe-di-ricambio-posteriori-chimera7-2-unita\\\/#breadcrumb\",\"itemListElement\":[{\"@type\":\"ListItem\",\"position\":1,\"name\":\"Portada\",\"item\":\"https:\\\/\\\/iha-race.com\\\/it\\\/\"},{\"@type\":\"ListItem\",\"position\":2,\"name\":\"Negozio\",\"item\":\"https:\\\/\\\/iha-race.com\\\/it\\\/negozio\\\/\"},{\"@type\":\"ListItem\",\"position\":3,\"name\":\"Piedini di ricambio posteriori Chimera7 (2 pezzi)\"}]},{\"@type\":\"WebSite\",\"@id\":\"https:\\\/\\\/iha-race.com\\\/it\\\/#website\",\"url\":\"https:\\\/\\\/iha-race.com\\\/it\\\/\",\"name\":\"Iha Race\",\"description\":\"Comprar drones de carreras FPV env\u00edos en un d\u00eda desde Espa\u00f1a\",\"publisher\":{\"@id\":\"https:\\\/\\\/iha-race.com\\\/it\\\/#organization\"},\"potentialAction\":[{\"@type\":\"SearchAction\",\"target\":{\"@type\":\"EntryPoint\",\"urlTemplate\":\"https:\\\/\\\/iha-race.com\\\/it\\\/?s={search_term_string}\"},\"query-input\":{\"@type\":\"PropertyValueSpecification\",\"valueRequired\":true,\"valueName\":\"search_term_string\"}}],\"inLanguage\":\"it-IT\"},{\"@type\":\"Organization\",\"@id\":\"https:\\\/\\\/iha-race.com\\\/it\\\/#organization\",\"name\":\"Iha Race\",\"url\":\"https:\\\/\\\/iha-race.com\\\/it\\\/\",\"logo\":{\"@type\":\"ImageObject\",\"inLanguage\":\"it-IT\",\"@id\":\"https:\\\/\\\/iha-race.com\\\/it\\\/#\\\/schema\\\/logo\\\/image\\\/\",\"url\":\"https:\\\/\\\/iha-race.com\\\/wp-content\\\/uploads\\\/2018\\\/07\\\/iha-race-drones-de-carreras-tienda-comprar-drones.png\",\"contentUrl\":\"https:\\\/\\\/iha-race.com\\\/wp-content\\\/uploads\\\/2018\\\/07\\\/iha-race-drones-de-carreras-tienda-comprar-drones.png\",\"width\":300,\"height\":100,\"caption\":\"Iha Race\"},\"image\":{\"@id\":\"https:\\\/\\\/iha-race.com\\\/it\\\/#\\\/schema\\\/logo\\\/image\\\/\"}}]}<\/script>\n<!-- \/ Yoast SEO plugin. -->","yoast_head_json":{"title":"Piedini di ricambio posteriori Chimera7 (2 pezzi) - Iha Race","robots":{"index":"index","follow":"follow","max-snippet":"max-snippet:-1","max-image-preview":"max-image-preview:large","max-video-preview":"max-video-preview:-1"},"canonical":"https:\/\/iha-race.com\/it\/prodotto\/gambe-di-ricambio-posteriori-chimera7-2-unita\/","og_locale":"it_IT","og_type":"article","og_title":"Piedini di ricambio posteriori Chimera7 (2 pezzi) - Iha Race","og_description":"Piedini di ricambio posteriori Chimera7 (2 pezzi) Gambe da 7&#8242; in fibra di carbonio per Chimera7. Spessore del braccio: 6 mm. Il pacchetto comprende: 2 x gambe di ricambio posteriori","og_url":"https:\/\/iha-race.com\/it\/prodotto\/gambe-di-ricambio-posteriori-chimera7-2-unita\/","og_site_name":"Iha Race","article_modified_time":"2026-03-21T11:49:54+00:00","og_image":[{"width":1000,"height":1000,"url":"https:\/\/iha-race.com\/wp-content\/uploads\/2021\/10\/Patas-de-respuesto-traseras-Chimera7-2-unidades.jpg","type":"image\/jpeg"}],"twitter_card":"summary_large_image","schema":{"@context":"https:\/\/schema.org","@graph":[{"@type":"WebPage","@id":"https:\/\/iha-race.com\/it\/prodotto\/gambe-di-ricambio-posteriori-chimera7-2-unita\/","url":"https:\/\/iha-race.com\/it\/prodotto\/gambe-di-ricambio-posteriori-chimera7-2-unita\/","name":"Piedini di ricambio posteriori Chimera7 (2 pezzi) - Iha Race","isPartOf":{"@id":"https:\/\/iha-race.com\/it\/#website"},"primaryImageOfPage":{"@id":"https:\/\/iha-race.com\/it\/prodotto\/gambe-di-ricambio-posteriori-chimera7-2-unita\/#primaryimage"},"image":{"@id":"https:\/\/iha-race.com\/it\/prodotto\/gambe-di-ricambio-posteriori-chimera7-2-unita\/#primaryimage"},"thumbnailUrl":"https:\/\/iha-race.com\/wp-content\/uploads\/2021\/10\/Patas-de-respuesto-traseras-Chimera7-2-unidades.jpg","datePublished":"2021-10-08T15:44:53+00:00","dateModified":"2026-03-21T11:49:54+00:00","breadcrumb":{"@id":"https:\/\/iha-race.com\/it\/prodotto\/gambe-di-ricambio-posteriori-chimera7-2-unita\/#breadcrumb"},"inLanguage":"it-IT","potentialAction":[{"@type":"ReadAction","target":["https:\/\/iha-race.com\/it\/prodotto\/gambe-di-ricambio-posteriori-chimera7-2-unita\/"]}]},{"@type":"ImageObject","inLanguage":"it-IT","@id":"https:\/\/iha-race.com\/it\/prodotto\/gambe-di-ricambio-posteriori-chimera7-2-unita\/#primaryimage","url":"https:\/\/iha-race.com\/wp-content\/uploads\/2021\/10\/Patas-de-respuesto-traseras-Chimera7-2-unidades.jpg","contentUrl":"https:\/\/iha-race.com\/wp-content\/uploads\/2021\/10\/Patas-de-respuesto-traseras-Chimera7-2-unidades.jpg","width":1000,"height":1000,"caption":"acquistare a buon mercato Chimera7 gambe posteriori di ricambio (2 pz.)"},{"@type":"BreadcrumbList","@id":"https:\/\/iha-race.com\/it\/prodotto\/gambe-di-ricambio-posteriori-chimera7-2-unita\/#breadcrumb","itemListElement":[{"@type":"ListItem","position":1,"name":"Portada","item":"https:\/\/iha-race.com\/it\/"},{"@type":"ListItem","position":2,"name":"Negozio","item":"https:\/\/iha-race.com\/it\/negozio\/"},{"@type":"ListItem","position":3,"name":"Piedini di ricambio posteriori Chimera7 (2 pezzi)"}]},{"@type":"WebSite","@id":"https:\/\/iha-race.com\/it\/#website","url":"https:\/\/iha-race.com\/it\/","name":"Iha Race","description":"Comprar drones de carreras FPV env\u00edos en un d\u00eda desde Espa\u00f1a","publisher":{"@id":"https:\/\/iha-race.com\/it\/#organization"},"potentialAction":[{"@type":"SearchAction","target":{"@type":"EntryPoint","urlTemplate":"https:\/\/iha-race.com\/it\/?s={search_term_string}"},"query-input":{"@type":"PropertyValueSpecification","valueRequired":true,"valueName":"search_term_string"}}],"inLanguage":"it-IT"},{"@type":"Organization","@id":"https:\/\/iha-race.com\/it\/#organization","name":"Iha Race","url":"https:\/\/iha-race.com\/it\/","logo":{"@type":"ImageObject","inLanguage":"it-IT","@id":"https:\/\/iha-race.com\/it\/#\/schema\/logo\/image\/","url":"https:\/\/iha-race.com\/wp-content\/uploads\/2018\/07\/iha-race-drones-de-carreras-tienda-comprar-drones.png","contentUrl":"https:\/\/iha-race.com\/wp-content\/uploads\/2018\/07\/iha-race-drones-de-carreras-tienda-comprar-drones.png","width":300,"height":100,"caption":"Iha Race"},"image":{"@id":"https:\/\/iha-race.com\/it\/#\/schema\/logo\/image\/"}}]}},"brands":[{"id":3571,"name":"iFlight","slug":"iflight"}],"_links":{"self":[{"href":"https:\/\/iha-race.com\/it\/wp-json\/wp\/v2\/product\/114032","targetHints":{"allow":["GET"]}}],"collection":[{"href":"https:\/\/iha-race.com\/it\/wp-json\/wp\/v2\/product"}],"about":[{"href":"https:\/\/iha-race.com\/it\/wp-json\/wp\/v2\/types\/product"}],"replies":[{"embeddable":true,"href":"https:\/\/iha-race.com\/it\/wp-json\/wp\/v2\/comments?post=114032"}],"version-history":[{"count":2,"href":"https:\/\/iha-race.com\/it\/wp-json\/wp\/v2\/product\/114032\/revisions"}],"predecessor-version":[{"id":249304,"href":"https:\/\/iha-race.com\/it\/wp-json\/wp\/v2\/product\/114032\/revisions\/249304"}],"wp:featuredmedia":[{"embeddable":true,"href":"https:\/\/iha-race.com\/it\/wp-json\/wp\/v2\/media\/106089"}],"wp:attachment":[{"href":"https:\/\/iha-race.com\/it\/wp-json\/wp\/v2\/media?parent=114032"}],"wp:term":[{"taxonomy":"pwb-brand","embeddable":true,"href":"https:\/\/iha-race.com\/it\/wp-json\/wp\/v2\/pwb-brand?post=114032"},{"taxonomy":"product_cat","embeddable":true,"href":"https:\/\/iha-race.com\/it\/wp-json\/wp\/v2\/product_cat?post=114032"},{"taxonomy":"product_tag","embeddable":true,"href":"https:\/\/iha-race.com\/it\/wp-json\/wp\/v2\/product_tag?post=114032"}],"curies":[{"name":"wp","href":"https:\/\/api.w.org\/{rel}","templated":true}]}}