{"id":114031,"date":"2021-10-13T09:53:16","date_gmt":"2021-10-13T07:53:16","guid":{"rendered":"https:\/\/iha-race.com\/producto\/telaio-iha-race-strix-v2-con-parti-3d\/"},"modified":"2024-12-12T12:12:59","modified_gmt":"2024-12-12T11:12:59","slug":"telaio-iha-race-strix-v2-con-parti-3d","status":"publish","type":"product","link":"https:\/\/iha-race.com\/it\/prodotto\/telaio-iha-race-strix-v2-con-parti-3d\/","title":{"rendered":"Telaio IHA-Race Strix V2 (con parti 3D)"},"content":{"rendered":"<h2>Telaio IHA-Race Strix V2 con parti 3D<\/h2>\n<h3>Caratteristiche:<\/h3>\n<p>Lo Strix V2 \u00e8 la riprogettazione del telaio originale con l&#8217;aggiunta di fori di montaggio metrici da 20 mm x 20 mm per l&#8217;elettronica, che gli conferiscono un peso inferiore, un aspetto vantaggioso per gli appassionati di corse di droni.<\/p>\n<p>Questo design \u00e8 ideale per l&#8217;uso con eliche da 5&#8243; e 5,1&#8243;.<\/p>\n<h3>Il pacchetto comprende:<\/h3>\n<ul>\n<li>1 set di bracci in fibra di carbonio da 5&#8243;.<\/li>\n<li>3 ingranaggi in fibra di carbonio: 1 ingranaggio base, 1 ingranaggio intermedio (per elettronica 30&#215;30 e 20&#215;20) e 1 ingranaggio superiore.<\/li>\n<li>1 x Set completo di viti (4 colonne distanziali da 25 mm, 4 viti a brugola in acciaio inox da 16 mm e 4 viti a brugola a testa piatta da 6 mm).<\/li>\n<li>1 x cinghia (cinghia per batteria di alta qualit\u00e0 20&#215;240 mm).<\/li>\n<li>1 x parti 3D: supporto per telecamera variabile e supporto per antenna SMA. (COLORE NERO)<\/li>\n<\/ul>\n<h3>Personalizzate il vostro Strix con:<\/h3>\n<ul>\n<li><a href=\"https:\/\/iha-race.com\/producto\/iha-race-strix-piezas-3d-para-anclaje-de-componentes\/\">Parti 3D<\/a> in diversi colori per l&#8217;ancoraggio dei componenti.<\/li>\n<li><a href=\"https:\/\/iha-race.com\/producto\/iha-race-strix-columnas-y-tornilleria\/\">Colonne e ferramenta<\/a> da abbinare ai vostri pezzi 3D.<\/li>\n<\/ul>\n<p>&nbsp;<\/p>\n<h3>Ricambi in fibra di carbonio per il vostro drone:<\/h3>\n<ul>\n<li class=\"fontnormal font150 \"><a href=\"https:\/\/iha-race.com\/producto\/iha-race-strix-marco-de-fibra-de-carbono\/\">Bracci<\/a> in fibra di carbonio per IHA-Race Strix.<\/li>\n<li class=\"fontnormal font150 \"><a href=\"https:\/\/iha-race.com\/producto\/iha-race-strix-platos-de-montaje-de-fibra-de-carbono\/\">Piastre di montaggio<\/a> in fibra di carbonio per IHA-Race Strix<\/li>\n<\/ul>\n<p>&nbsp;<\/p>\n<h3>Raccomandazioni per il montaggio:<\/h3>\n<h5><em><strong>Montaggio con elettronica 30&#215;30:<\/strong><\/em><\/h5>\n<ul>\n<li><a href=\"https:\/\/iha-race.com\/producto\/controlador-de-vuelo-jhemcu-fpv-f745-se-3-6s\/\">Controllore di volo JHEMCU FPV F745<\/a><\/li>\n<li><a href=\"https:\/\/iha-race.com\/producto\/esc-hobbywing-xrotor-micro-6s-4-1-60a-bl32-d1200\/\">ESC Hobbywing X-Rotor micro 60A ESC a velocit\u00e0 variabile<\/a><\/li>\n<li><a href=\"https:\/\/iha-race.com\/producto\/motor-rcinpower-gts-v2-2207-plus-1860kv-2500kv\/\">Motori RCINPOWER Gts v2 2207<\/a><\/li>\n<li><a href=\"https:\/\/iha-race.com\/producto\/camara-foxeer-predator-v5-micro-1000tvl-m8-1-7mm\/\">Telecamera FPV Foxeer predator micro V5<\/a><\/li>\n<li><a href=\"https:\/\/iha-race.com\/producto\/vtx-tbs-unify-pro32-nano-5g8-v1-1\/\">Trasmettitore video TBS unify pro32 nano<\/a><\/li>\n<\/ul>\n<p>&nbsp;<\/p>\n<h5><em>Montaggio con elettronica 20&#215;20:<\/em><\/h5>\n<ul>\n<li><a href=\"https:\/\/iha-race.com\/producto\/control-de-vuelo-furious-racepit-mini-osd-blackbox\/\">Controllore di volo Furious racepit MINI<\/a><\/li>\n<li><a href=\"https:\/\/iha-race.com\/producto\/esc-hobbywing-xrotor-40a-3-6s-4-en-1-blheli_32\/\">ESC Hobbywing X-Rotor nano 40a ESC a velocit\u00e0 variabile<\/a><\/li>\n<li><a href=\"https:\/\/iha-race.com\/producto\/t-motor-f40-pro-iv-1950-kv-2400-kv\/\">Motori T-Motor F40 pro IV<\/a><\/li>\n<li><a href=\"https:\/\/iha-race.com\/producto\/camara-foxeer-predator-v5-micro-1000tvl-m8-1-7mm\/\">Telecamera FPV Foxeer predator micro V5<\/a><\/li>\n<li><a href=\"https:\/\/iha-race.com\/producto\/vtx-tbs-unify-pro32-nano-5g8-v1-1\/\">Trasmettitore video TBS unify pro32 nano<\/a><\/li>\n<\/ul>\n<p>&nbsp;<\/p>\n<p>&nbsp;<\/p>\n","protected":false},"excerpt":{"rendered":"<p>Nuova riprogettazione del nostro telaio per gli appassionati di corse di droni!<\/p>\n","protected":false},"featured_media":105652,"comment_status":"open","ping_status":"closed","template":"","meta":{"_joinchat":[]},"pwb-brand":[],"product_cat":[3670,1438,4117],"product_tag":[],"class_list":{"0":"post-114031","1":"product","2":"type-product","3":"status-publish","4":"has-post-thumbnail","6":"product_cat-cornici","7":"product_cat-droni-fpv","8":"product_cat-venerdi-nero-2024","10":"first","11":"instock","12":"sale","13":"taxable","14":"shipping-taxable","15":"purchasable","16":"product-type-simple"},"barcode":null,"atum_controlled":true,"out_stock_date":null,"out_stock_threshold":null,"inheritable":false,"stock_on_hold":0,"sold_today":0,"sales_last_days":0,"out_stock_days":0,"lost_sales":0,"update_date":"2026-04-22T19:34:43","atum_locations":[],"atum_stock_status":"instock","restock_status":false,"low_stock_amount":"","sales_update_date":"2026-04-18T19:10:46","calc_backorders":null,"yoast_head":"<!-- This site is optimized with the Yoast SEO plugin v27.3 - https:\/\/yoast.com\/product\/yoast-seo-wordpress\/ -->\n<title>\ud83e\udd47 Strix &quot; Miglior telaio per FPV \u3010 2021 \u3011Droni da corsa | Iha Race<\/title>\n<meta name=\"description\" content=\"Conoscete il nuovo drone da corsa di Iha-Race? No? Ebbene, \u00e8 stato progettato da piloti professionisti con caratteristiche uniche \u2705 Entra per scoprirle!\" \/>\n<meta name=\"robots\" content=\"index, follow, max-snippet:-1, max-image-preview:large, max-video-preview:-1\" \/>\n<link rel=\"canonical\" href=\"https:\/\/iha-race.com\/it\/prodotto\/telaio-iha-race-strix-v2-con-parti-3d\/\" \/>\n<meta property=\"og:locale\" content=\"it_IT\" \/>\n<meta property=\"og:type\" content=\"article\" \/>\n<meta property=\"og:title\" content=\"\ud83e\udd47 Strix &quot; Miglior telaio per FPV \u3010 2021 \u3011Droni da corsa | Iha Race\" \/>\n<meta property=\"og:description\" content=\"Conoscete il nuovo drone da corsa di Iha-Race? No? Ebbene, \u00e8 stato progettato da piloti professionisti con caratteristiche uniche \u2705 Entra per scoprirle!\" \/>\n<meta property=\"og:url\" content=\"https:\/\/iha-race.com\/it\/prodotto\/telaio-iha-race-strix-v2-con-parti-3d\/\" \/>\n<meta property=\"og:site_name\" content=\"Iha Race\" \/>\n<meta property=\"article:modified_time\" content=\"2024-12-12T11:12:59+00:00\" \/>\n<meta property=\"og:image\" content=\"https:\/\/iha-race.com\/wp-content\/uploads\/2021\/09\/Strix2-scaled.jpg\" \/>\n\t<meta property=\"og:image:width\" content=\"2560\" \/>\n\t<meta property=\"og:image:height\" content=\"1802\" \/>\n\t<meta property=\"og:image:type\" content=\"image\/jpeg\" \/>\n<meta name=\"twitter:card\" content=\"summary_large_image\" \/>\n<meta name=\"twitter:label1\" content=\"Tempo di lettura stimato\" \/>\n\t<meta name=\"twitter:data1\" content=\"1 minuto\" \/>\n<script type=\"application\/ld+json\" class=\"yoast-schema-graph\">{\"@context\":\"https:\\\/\\\/schema.org\",\"@graph\":[{\"@type\":\"WebPage\",\"@id\":\"https:\\\/\\\/iha-race.com\\\/it\\\/prodotto\\\/telaio-iha-race-strix-v2-con-parti-3d\\\/\",\"url\":\"https:\\\/\\\/iha-race.com\\\/it\\\/prodotto\\\/telaio-iha-race-strix-v2-con-parti-3d\\\/\",\"name\":\"\ud83e\udd47 Strix \\\" Miglior telaio per FPV \u3010 2021 \u3011Droni da corsa | Iha Race\",\"isPartOf\":{\"@id\":\"https:\\\/\\\/iha-race.com\\\/it\\\/#website\"},\"primaryImageOfPage\":{\"@id\":\"https:\\\/\\\/iha-race.com\\\/it\\\/prodotto\\\/telaio-iha-race-strix-v2-con-parti-3d\\\/#primaryimage\"},\"image\":{\"@id\":\"https:\\\/\\\/iha-race.com\\\/it\\\/prodotto\\\/telaio-iha-race-strix-v2-con-parti-3d\\\/#primaryimage\"},\"thumbnailUrl\":\"https:\\\/\\\/iha-race.com\\\/wp-content\\\/uploads\\\/2021\\\/09\\\/Strix2-scaled.jpg\",\"datePublished\":\"2021-10-13T07:53:16+00:00\",\"dateModified\":\"2024-12-12T11:12:59+00:00\",\"description\":\"Conoscete il nuovo drone da corsa di Iha-Race? No? Ebbene, \u00e8 stato progettato da piloti professionisti con caratteristiche uniche \u2705 Entra per scoprirle!\",\"breadcrumb\":{\"@id\":\"https:\\\/\\\/iha-race.com\\\/it\\\/prodotto\\\/telaio-iha-race-strix-v2-con-parti-3d\\\/#breadcrumb\"},\"inLanguage\":\"it-IT\",\"potentialAction\":[{\"@type\":\"ReadAction\",\"target\":[\"https:\\\/\\\/iha-race.com\\\/it\\\/prodotto\\\/telaio-iha-race-strix-v2-con-parti-3d\\\/\"]}]},{\"@type\":\"ImageObject\",\"inLanguage\":\"it-IT\",\"@id\":\"https:\\\/\\\/iha-race.com\\\/it\\\/prodotto\\\/telaio-iha-race-strix-v2-con-parti-3d\\\/#primaryimage\",\"url\":\"https:\\\/\\\/iha-race.com\\\/wp-content\\\/uploads\\\/2021\\\/09\\\/Strix2-scaled.jpg\",\"contentUrl\":\"https:\\\/\\\/iha-race.com\\\/wp-content\\\/uploads\\\/2021\\\/09\\\/Strix2-scaled.jpg\",\"width\":2560,\"height\":1802},{\"@type\":\"BreadcrumbList\",\"@id\":\"https:\\\/\\\/iha-race.com\\\/it\\\/prodotto\\\/telaio-iha-race-strix-v2-con-parti-3d\\\/#breadcrumb\",\"itemListElement\":[{\"@type\":\"ListItem\",\"position\":1,\"name\":\"Portada\",\"item\":\"https:\\\/\\\/iha-race.com\\\/it\\\/\"},{\"@type\":\"ListItem\",\"position\":2,\"name\":\"Negozio\",\"item\":\"https:\\\/\\\/iha-race.com\\\/it\\\/negozio\\\/\"},{\"@type\":\"ListItem\",\"position\":3,\"name\":\"Telaio IHA-Race Strix V2 (con parti 3D)\"}]},{\"@type\":\"WebSite\",\"@id\":\"https:\\\/\\\/iha-race.com\\\/it\\\/#website\",\"url\":\"https:\\\/\\\/iha-race.com\\\/it\\\/\",\"name\":\"Iha Race\",\"description\":\"Comprar drones de carreras FPV env\u00edos en un d\u00eda desde Espa\u00f1a\",\"publisher\":{\"@id\":\"https:\\\/\\\/iha-race.com\\\/it\\\/#organization\"},\"potentialAction\":[{\"@type\":\"SearchAction\",\"target\":{\"@type\":\"EntryPoint\",\"urlTemplate\":\"https:\\\/\\\/iha-race.com\\\/it\\\/?s={search_term_string}\"},\"query-input\":{\"@type\":\"PropertyValueSpecification\",\"valueRequired\":true,\"valueName\":\"search_term_string\"}}],\"inLanguage\":\"it-IT\"},{\"@type\":\"Organization\",\"@id\":\"https:\\\/\\\/iha-race.com\\\/it\\\/#organization\",\"name\":\"Iha Race\",\"url\":\"https:\\\/\\\/iha-race.com\\\/it\\\/\",\"logo\":{\"@type\":\"ImageObject\",\"inLanguage\":\"it-IT\",\"@id\":\"https:\\\/\\\/iha-race.com\\\/it\\\/#\\\/schema\\\/logo\\\/image\\\/\",\"url\":\"https:\\\/\\\/iha-race.com\\\/wp-content\\\/uploads\\\/2018\\\/07\\\/iha-race-drones-de-carreras-tienda-comprar-drones.png\",\"contentUrl\":\"https:\\\/\\\/iha-race.com\\\/wp-content\\\/uploads\\\/2018\\\/07\\\/iha-race-drones-de-carreras-tienda-comprar-drones.png\",\"width\":300,\"height\":100,\"caption\":\"Iha Race\"},\"image\":{\"@id\":\"https:\\\/\\\/iha-race.com\\\/it\\\/#\\\/schema\\\/logo\\\/image\\\/\"}}]}<\/script>\n<!-- \/ Yoast SEO plugin. -->","yoast_head_json":{"title":"\ud83e\udd47 Strix \" Miglior telaio per FPV \u3010 2021 \u3011Droni da corsa | Iha Race","description":"Conoscete il nuovo drone da corsa di Iha-Race? No? Ebbene, \u00e8 stato progettato da piloti professionisti con caratteristiche uniche \u2705 Entra per scoprirle!","robots":{"index":"index","follow":"follow","max-snippet":"max-snippet:-1","max-image-preview":"max-image-preview:large","max-video-preview":"max-video-preview:-1"},"canonical":"https:\/\/iha-race.com\/it\/prodotto\/telaio-iha-race-strix-v2-con-parti-3d\/","og_locale":"it_IT","og_type":"article","og_title":"\ud83e\udd47 Strix \" Miglior telaio per FPV \u3010 2021 \u3011Droni da corsa | Iha Race","og_description":"Conoscete il nuovo drone da corsa di Iha-Race? No? Ebbene, \u00e8 stato progettato da piloti professionisti con caratteristiche uniche \u2705 Entra per scoprirle!","og_url":"https:\/\/iha-race.com\/it\/prodotto\/telaio-iha-race-strix-v2-con-parti-3d\/","og_site_name":"Iha Race","article_modified_time":"2024-12-12T11:12:59+00:00","og_image":[{"width":2560,"height":1802,"url":"https:\/\/iha-race.com\/wp-content\/uploads\/2021\/09\/Strix2-scaled.jpg","type":"image\/jpeg"}],"twitter_card":"summary_large_image","twitter_misc":{"Tempo di lettura stimato":"1 minuto"},"schema":{"@context":"https:\/\/schema.org","@graph":[{"@type":"WebPage","@id":"https:\/\/iha-race.com\/it\/prodotto\/telaio-iha-race-strix-v2-con-parti-3d\/","url":"https:\/\/iha-race.com\/it\/prodotto\/telaio-iha-race-strix-v2-con-parti-3d\/","name":"\ud83e\udd47 Strix \" Miglior telaio per FPV \u3010 2021 \u3011Droni da corsa | Iha Race","isPartOf":{"@id":"https:\/\/iha-race.com\/it\/#website"},"primaryImageOfPage":{"@id":"https:\/\/iha-race.com\/it\/prodotto\/telaio-iha-race-strix-v2-con-parti-3d\/#primaryimage"},"image":{"@id":"https:\/\/iha-race.com\/it\/prodotto\/telaio-iha-race-strix-v2-con-parti-3d\/#primaryimage"},"thumbnailUrl":"https:\/\/iha-race.com\/wp-content\/uploads\/2021\/09\/Strix2-scaled.jpg","datePublished":"2021-10-13T07:53:16+00:00","dateModified":"2024-12-12T11:12:59+00:00","description":"Conoscete il nuovo drone da corsa di Iha-Race? No? Ebbene, \u00e8 stato progettato da piloti professionisti con caratteristiche uniche \u2705 Entra per scoprirle!","breadcrumb":{"@id":"https:\/\/iha-race.com\/it\/prodotto\/telaio-iha-race-strix-v2-con-parti-3d\/#breadcrumb"},"inLanguage":"it-IT","potentialAction":[{"@type":"ReadAction","target":["https:\/\/iha-race.com\/it\/prodotto\/telaio-iha-race-strix-v2-con-parti-3d\/"]}]},{"@type":"ImageObject","inLanguage":"it-IT","@id":"https:\/\/iha-race.com\/it\/prodotto\/telaio-iha-race-strix-v2-con-parti-3d\/#primaryimage","url":"https:\/\/iha-race.com\/wp-content\/uploads\/2021\/09\/Strix2-scaled.jpg","contentUrl":"https:\/\/iha-race.com\/wp-content\/uploads\/2021\/09\/Strix2-scaled.jpg","width":2560,"height":1802},{"@type":"BreadcrumbList","@id":"https:\/\/iha-race.com\/it\/prodotto\/telaio-iha-race-strix-v2-con-parti-3d\/#breadcrumb","itemListElement":[{"@type":"ListItem","position":1,"name":"Portada","item":"https:\/\/iha-race.com\/it\/"},{"@type":"ListItem","position":2,"name":"Negozio","item":"https:\/\/iha-race.com\/it\/negozio\/"},{"@type":"ListItem","position":3,"name":"Telaio IHA-Race Strix V2 (con parti 3D)"}]},{"@type":"WebSite","@id":"https:\/\/iha-race.com\/it\/#website","url":"https:\/\/iha-race.com\/it\/","name":"Iha Race","description":"Comprar drones de carreras FPV env\u00edos en un d\u00eda desde Espa\u00f1a","publisher":{"@id":"https:\/\/iha-race.com\/it\/#organization"},"potentialAction":[{"@type":"SearchAction","target":{"@type":"EntryPoint","urlTemplate":"https:\/\/iha-race.com\/it\/?s={search_term_string}"},"query-input":{"@type":"PropertyValueSpecification","valueRequired":true,"valueName":"search_term_string"}}],"inLanguage":"it-IT"},{"@type":"Organization","@id":"https:\/\/iha-race.com\/it\/#organization","name":"Iha Race","url":"https:\/\/iha-race.com\/it\/","logo":{"@type":"ImageObject","inLanguage":"it-IT","@id":"https:\/\/iha-race.com\/it\/#\/schema\/logo\/image\/","url":"https:\/\/iha-race.com\/wp-content\/uploads\/2018\/07\/iha-race-drones-de-carreras-tienda-comprar-drones.png","contentUrl":"https:\/\/iha-race.com\/wp-content\/uploads\/2018\/07\/iha-race-drones-de-carreras-tienda-comprar-drones.png","width":300,"height":100,"caption":"Iha Race"},"image":{"@id":"https:\/\/iha-race.com\/it\/#\/schema\/logo\/image\/"}}]}},"jetpack_sharing_enabled":true,"brands":[],"_links":{"self":[{"href":"https:\/\/iha-race.com\/it\/wp-json\/wp\/v2\/product\/114031","targetHints":{"allow":["GET"]}}],"collection":[{"href":"https:\/\/iha-race.com\/it\/wp-json\/wp\/v2\/product"}],"about":[{"href":"https:\/\/iha-race.com\/it\/wp-json\/wp\/v2\/types\/product"}],"replies":[{"embeddable":true,"href":"https:\/\/iha-race.com\/it\/wp-json\/wp\/v2\/comments?post=114031"}],"version-history":[{"count":4,"href":"https:\/\/iha-race.com\/it\/wp-json\/wp\/v2\/product\/114031\/revisions"}],"predecessor-version":[{"id":252584,"href":"https:\/\/iha-race.com\/it\/wp-json\/wp\/v2\/product\/114031\/revisions\/252584"}],"wp:featuredmedia":[{"embeddable":true,"href":"https:\/\/iha-race.com\/it\/wp-json\/wp\/v2\/media\/105652"}],"wp:attachment":[{"href":"https:\/\/iha-race.com\/it\/wp-json\/wp\/v2\/media?parent=114031"}],"wp:term":[{"taxonomy":"pwb-brand","embeddable":true,"href":"https:\/\/iha-race.com\/it\/wp-json\/wp\/v2\/pwb-brand?post=114031"},{"taxonomy":"product_cat","embeddable":true,"href":"https:\/\/iha-race.com\/it\/wp-json\/wp\/v2\/product_cat?post=114031"},{"taxonomy":"product_tag","embeddable":true,"href":"https:\/\/iha-race.com\/it\/wp-json\/wp\/v2\/product_tag?post=114031"}],"curies":[{"name":"wp","href":"https:\/\/api.w.org\/{rel}","templated":true}]}}