{"id":114027,"date":"2021-09-24T16:00:23","date_gmt":"2021-09-24T14:00:23","guid":{"rendered":"https:\/\/iha-race.com\/producto\/taurus-x8-pro-8s-hd-cinelifter-con-unita-dji-air-bnf\/"},"modified":"2024-09-19T15:40:41","modified_gmt":"2024-09-19T13:40:41","slug":"taurus-x8-pro-8s-hd-cinelifter-w-dji-air-unit-bnf","status":"publish","type":"product","link":"https:\/\/iha-race.com\/it\/prodotto\/taurus-x8-pro-8s-hd-cinelifter-w-dji-air-unit-bnf\/","title":{"rendered":"Taurus X8 Pro 8S HD Cinelifter con unit\u00e0 DJI Air &#8211; BNF"},"content":{"rendered":"<h2>Taurus X8 Pro 8S HD Cinelifter con unit\u00e0 DJI Air &#8211; BNF<\/h2>\n<ul>\n<li><span style=\"color: #ff0000;\">Consegna minima entro 15\/25 giorni.<\/span><\/li>\n<\/ul>\n<h3 class=\"product-property-title\">DESCRIZIONE DEL PRODOTTO<\/h3>\n<div id=\"collapse-description\" class=\"desc-collapse showup\">\n<p><span style=\"color: #636363; font-family: sans-serif;\">Ti presentiamo il<\/span>nostro nuovo iFlight Taurus X8 Pro BNF! Progettato con i professionisti per i professionisti, un BNF progettato per trasportare grandi carichi utili che offre una piattaforma universale con ammortizzazione morbida per fotocamere DSLR o cinematografiche (Red Komodo, Zcam, BMPCC, ecc.) con il sistema di trasmissione FPV HD di DJI. 8 ESC individuali di classe X per la massima affidabilit\u00e0 e potenza. La ridondanza \u00e8 un importante fattore di sicurezza quando si trasportano costose apparecchiature cinematografiche. Anche in caso di sovraccarico o guasto, gli ESC e i motori rimanenti saranno in grado di restituirvi l&#8217;attrezzatura. In caso di problemi di interferenza del segnale o di perdita del segnale radio, la funzione di salvataggio GPS prender\u00e0 automaticamente il controllo, salir\u00e0 fino alla massima quota di volo, torner\u00e0 indietro in linea retta e scender\u00e0 verso la posizione di decollo fino a quando non verr\u00e0 ripristinata la trasmissione del segnale (senza atterraggio). Il carrello di atterraggio integrato in TPU garantisce un&#8217;altezza sufficiente per la maggior parte dei terreni e offre una certa protezione negli atterraggi pi\u00f9 difficili. Carico massimo di 2 kg per una variet\u00e0 di telecamere montate in alto e possibilit\u00e0 di regolare con precisione il supporto stabile per un CG (centro di gravit\u00e0) perfettamente bilanciato. La batteria 8S montata in alto funge da fonte di energia e da contrappeso per i pesi pi\u00f9 comuni delle fotocamere a pellicola, che possono essere facilmente sostituiti con il nostro sistema di montaggio rapido della batteria iFlight. Il supporto regolabile della telecamera in alluminio CNC offre angoli da 5 a 35 gradi e pu\u00f2 essere fissato in modo sicuro per ottenere risultati riproducibili. Niente gelatina, niente nervosismo, niente confusione: la nostra base della camera in carbonio ammortizzata con sfere di silicio \u00e8 disaccoppiata dal resto del telaio per ridurre la quantit\u00e0 di vibrazioni generate dai motori e dalle eliche. Per ottenere una ripresa cinematografica perfetta, ti consigliamo di aggiungere una stabilizzazione software alla release (Reelsteady, Gyroflow, ecc.) o un modulo hardware (ad esempio SteadXP).  <\/p>\n<h3>Dati del test:<\/h3>\n<p>  Tempo di volo con 5.000mAh 8S: &#8211; Senza telecamera installata: 12min &#8211; Telecamera installata: 6-8min Velocit\u00e0 massima: &#8211; Carico utile basso: 160 km\/h &#8211; Carico utile alto: 130 km\/h Carico utile: &#8211; Carico utile massimo: 2 kg &#8211; Carico utile consigliato: 1-1,5 kg  <\/p>\n<h3>Caratteristiche:<\/h3>\n<ul>\n<li>XING2 3110 di grandi dimensioni \/\/ Motori potenti con prestazioni di volo e portanza estreme<\/li>\n<li>Sistema di alimentazione 8S \/\/ Pi\u00f9 potenza e velocit\u00e0<\/li>\n<li>8 controllori motore ESC individuali di classe X per una maggiore affidabilit\u00e0<\/li>\n<li>PCB ridondante del comandante dell&#8217;ESC iFlight \/\/ Scheda di distribuzione dell&#8217;alimentazione con elevata capacit\u00e0, filtraggio e dissipazione del calore<\/li>\n<li>Modulo GPS preinstallato (funzione di salvataggio BF GPS o RTH GPS INAV disponibile)<\/li>\n<li>Staffa universale per telecamera e accessori per l&#8217;installazione di un&#8217;ampia gamma di telecamere<\/li>\n<\/ul>\n<h3><\/h3>\n<div>\n<h3>E PREIMPOSTATO:<\/h3>\n<ul>\n<li>Non preoccupatevi della messa a punto, l&#8217;abbiamo gi\u00e0 fatta noi per voi! Sono state applicate le regolazioni di base del PID e dei filtri per un&#8217;ottima esperienza di volo!<\/li>\n<li>La modalit\u00e0 Angle-Mode (modalit\u00e0 di autobilanciamento a livello) \u00e8 attivata di default per garantire che il primo volo non finisca in un disastro.<\/li>\n<li>Per ripristinare i brani o gli aggiornamenti mancanti, consulta il nostro articolo collegato su <a href=\"https:\/\/iflightrc.freshdesk.com\/support\/solutions\/articles\/48001148115-firmware-wiring-factory-dumps\" target=\"_blank\" rel=\"noopener\">&#8220;Firmware\/factory dump&#8221;<\/a>.<a href=\"https:\/\/iflightrc.freshdesk.com\/support\/solutions\/articles\/48001148115-firmware-wiring-factory-dumps\" target=\"_blank\" rel=\"noopener\"> <\/a><\/li>\n<li>GPS Rescue \u00e8 attivato per impostazione predefinita. Consulta il nostro articolo collegato su <a href=\"https:\/\/iflightrc.freshdesk.com\/support\/solutions\/articles\/48001187193-gps-rescue-mode-setup-taurus-x8-\" target=\"_blank\" rel=\"noopener\">&#8220;Modalit\u00e0 di salvataggio GPS \/\/ Configurazione&#8221;<\/a>.<\/li>\n<li>Consulta il nostro articolo collegato su <a href=\"https:\/\/iflightrc.freshdesk.com\/a\/solutions\/articles\/48001158403\" target=\"_blank\" rel=\"noopener\">&#8220;Come disattivare la modalit\u00e0 angolare e attivare la modalit\u00e0 Acro&#8221;<\/a>.<\/li>\n<\/ul>\n<h3>Taurus X8 Pro BNF Specifiche:<\/h3>\n<ul>\n<li>Modulo GPS: iFlight M8Q-5883-GPS e bussola V2.0<\/li>\n<li>Dimensioni complessive: 430 mm * 350 mm (dimensione del corpo)<\/li>\n<li>Spessore della piastra superiore (medio): 3,5 mm<\/li>\n<li>Peso: 2,3 kg \u00b1 5 g (senza batteria)<\/li>\n<li>Spessore della piastra inferiore: 3,5 mm<\/li>\n<\/ul>\n<p>&nbsp;<\/p>\n<ul>\n<li>Controllore di volo BLITZ F7 Pro<\/li>\n<li>Motore: XING2 3110 900KV<\/li>\n<li>Spessore della piastra superiore: 3 mm<\/li>\n<li>Spessore del braccio: 8 mm<\/li>\n<li>Dimensioni dell&#8217;elica: 8 pollici<\/li>\n<li>Passo: 450 mm<\/li>\n<\/ul>\n<h3>FC \/\/ Controllore di volo BLITZ F7 Pro<\/h3>\n<ul>\n<li>Schema di montaggio: 35 * 35 mm \/ diametro foro PCB 4 mm<\/li>\n<li>Supporto del protocollo Smart audio\/IRC Tramp VTX<\/li>\n<li>Destinazione firmware: IFLIGHT_BLITZ_F7_PRO<\/li>\n<li>BlackBox: 512 MB a bordo<\/li>\n<li>Dimensioni: 41*41,5 mm<\/li>\n<li>BCE: 5V\/2,5A, 12V\/2A<\/li>\n<li>Barometro: DPS310<\/li>\n<li>Chip OSD: AT7456E<\/li>\n<li>Driver LED: S\u00ec<\/li>\n<li>UCM: STM32 F722<\/li>\n<li>Peso: 17 g (\u00b12)<\/li>\n<li>Segnale acustico: S\u00ec<\/li>\n<li>Giroscopio: MPU6000<\/li>\n<li>UARTS: 6<\/li>\n<\/ul>\n<h3>ESC \/\/ 2 x iFlight ESC Commander PCB (8x SucceX X80A)<\/h3>\n<ul>\n<li>Supporta fino a Dshot600, Proshot, Oneshot e Multishot<\/li>\n<li>Firmware di destinazione: iFlight-BL32-PRO<\/li>\n<li>Frequenza PWM fino a 48 kHz<\/li>\n<li>Schema di montaggio: 40*17 mm<\/li>\n<li>Costante: 80A \/ Scoppio: 100A<\/li>\n<li>Capacit\u00e0: 470uF\/35V<\/li>\n<li>Telemetria BlHeli32: S\u00ec<\/li>\n<li>Sensore attuale: S\u00ec<\/li>\n<li>Ingresso: 2-8S LIPO<\/li>\n<li><a href=\"peso: 8,1 g\">Peso: 8,1 g<\/a><\/li>\n<li>UCM: F051<\/li>\n<li>BEC: No<\/li>\n<\/ul>\n<h3>Taurus X8 Pro HD BNF Componenti e parti incluse<\/h3>\n<ul>\n<li>8 eliche HQ 8X4X3 CW + 8 eliche HQ 8X4X3 CW (il colore pu\u00f2 variare)<\/li>\n<li>2 antenne FPV Albatross LHCP 5,8GHz SMA<\/li>\n<li>1 cavo adattatore da XT90 maschio a XT60 femmina.<\/li>\n<li>2 x iFlight Lipo Strap 20*400mm (nero)<\/li>\n<li>2 x iFlight Lipo Strap 20*500mm (nero)<\/li>\n<li>1 x Taurus X8 Pro precostruito e testato<\/li>\n<li>1 x modulo DJI FPV airend + telecamera<\/li>\n<li>1 x staffa a camma in lega di alluminio CNC<\/li>\n<\/ul>\n<\/div>\n<div>\n<ul>\n<li>1 tappo di fumo intelligente XT90<\/li>\n<li>1 chiave.<\/li>\n<\/ul>\n<h3>Importante<\/h3>\n<p>  Il telecomando DJI \u00e8 consigliato ai principianti, in quanto non \u00e8 necessario impostare un altro ricevitore, ma \u00e8 anche opzionale su questo drone BNF in quanto NON \u00e8 necessario per utilizzare il sistema FPV. Se non vuoi usare il telecomando DJI, puoi scegliere un&#8217;opzione di ricezione per il tuo trasmettitore e poi collegarlo alla tua radio come al solito.  <em>Nota: tutti i BNF iFlight vengono testati prima della spedizione per garantire la massima qualit\u00e0.  <\/em><\/p>\n<\/div>\n<\/div>\n<p>&nbsp;<\/p>\n<p>&nbsp;<\/p>\n","protected":false},"excerpt":{"rendered":"<p><strong>L&#8217;iFlight Taurus<\/strong> X8 BNF, un&#8217;attrezzatura pesante per sollevare le camme pi\u00f9 grandi! <span style=\"color: #ff0000;\"><em><strong>SPEDIZIONE IN 10-15 GIORNI DALL&#8217;ACQUISTO<\/strong><\/em><\/span><\/p>\n","protected":false},"featured_media":257674,"comment_status":"open","ping_status":"closed","template":"","meta":{"_joinchat":[]},"pwb-brand":[3571],"product_cat":[1438,3673],"product_tag":[],"class_list":{"0":"post-114027","1":"product","2":"type-product","3":"status-publish","4":"has-post-thumbnail","6":"pwb-brand-iflight","7":"product_cat-droni-fpv","8":"product_cat-rtf-montato","10":"first","11":"instock","12":"taxable","13":"shipping-taxable","14":"purchasable","15":"product-type-simple"},"barcode":null,"atum_controlled":true,"out_stock_date":null,"out_stock_threshold":null,"inheritable":false,"stock_on_hold":0,"sold_today":0,"sales_last_days":0,"out_stock_days":0,"lost_sales":0,"update_date":"2026-04-18T22:18:12","atum_locations":[],"atum_stock_status":"instock","restock_status":false,"low_stock_amount":"","sales_update_date":"2026-04-18T22:18:12","calc_backorders":null,"yoast_head":"<!-- This site is optimized with the Yoast SEO plugin v27.3 - https:\/\/yoast.com\/product\/yoast-seo-wordpress\/ -->\n<title>Taurus X8 Pro 8S HD Cinelifter con unit\u00e0 DJI Air - BNF - Iha Race<\/title>\n<meta name=\"robots\" content=\"index, follow, max-snippet:-1, max-image-preview:large, max-video-preview:-1\" \/>\n<link rel=\"canonical\" href=\"https:\/\/iha-race.com\/it\/prodotto\/taurus-x8-pro-8s-hd-cinelifter-w-dji-air-unit-bnf\/\" \/>\n<meta property=\"og:locale\" content=\"it_IT\" \/>\n<meta property=\"og:type\" content=\"article\" \/>\n<meta property=\"og:title\" content=\"Taurus X8 Pro 8S HD Cinelifter con unit\u00e0 DJI Air - BNF - Iha Race\" \/>\n<meta property=\"og:description\" content=\"L&#039;iFlight Taurus X8 BNF, un&#039;attrezzatura pesante per sollevare le camme pi\u00f9 grandi! SPEDIZIONE IN 10-15 GIORNI DALL&#039;ACQUISTO\" \/>\n<meta property=\"og:url\" content=\"https:\/\/iha-race.com\/it\/prodotto\/taurus-x8-pro-8s-hd-cinelifter-w-dji-air-unit-bnf\/\" \/>\n<meta property=\"og:site_name\" content=\"Iha Race\" \/>\n<meta property=\"article:modified_time\" content=\"2024-09-19T13:40:41+00:00\" \/>\n<meta property=\"og:image\" content=\"https:\/\/iha-race.com\/wp-content\/uploads\/2021\/09\/X8-Pro-1.png\" \/>\n\t<meta property=\"og:image:width\" content=\"1000\" \/>\n\t<meta property=\"og:image:height\" content=\"1000\" \/>\n\t<meta property=\"og:image:type\" content=\"image\/png\" \/>\n<meta name=\"twitter:card\" content=\"summary_large_image\" \/>\n<meta name=\"twitter:label1\" content=\"Tempo di lettura stimato\" \/>\n\t<meta name=\"twitter:data1\" content=\"4 minuti\" \/>\n<script type=\"application\/ld+json\" class=\"yoast-schema-graph\">{\"@context\":\"https:\\\/\\\/schema.org\",\"@graph\":[{\"@type\":\"WebPage\",\"@id\":\"https:\\\/\\\/iha-race.com\\\/it\\\/prodotto\\\/taurus-x8-pro-8s-hd-cinelifter-w-dji-air-unit-bnf\\\/\",\"url\":\"https:\\\/\\\/iha-race.com\\\/it\\\/prodotto\\\/taurus-x8-pro-8s-hd-cinelifter-w-dji-air-unit-bnf\\\/\",\"name\":\"Taurus X8 Pro 8S HD Cinelifter con unit\u00e0 DJI Air - BNF - Iha Race\",\"isPartOf\":{\"@id\":\"https:\\\/\\\/iha-race.com\\\/it\\\/#website\"},\"primaryImageOfPage\":{\"@id\":\"https:\\\/\\\/iha-race.com\\\/it\\\/prodotto\\\/taurus-x8-pro-8s-hd-cinelifter-w-dji-air-unit-bnf\\\/#primaryimage\"},\"image\":{\"@id\":\"https:\\\/\\\/iha-race.com\\\/it\\\/prodotto\\\/taurus-x8-pro-8s-hd-cinelifter-w-dji-air-unit-bnf\\\/#primaryimage\"},\"thumbnailUrl\":\"https:\\\/\\\/iha-race.com\\\/wp-content\\\/uploads\\\/2021\\\/09\\\/Elevador-de-cine-Taurus-X8-Pro-Max-O4-8S-HD.webp\",\"datePublished\":\"2021-09-24T14:00:23+00:00\",\"dateModified\":\"2024-09-19T13:40:41+00:00\",\"breadcrumb\":{\"@id\":\"https:\\\/\\\/iha-race.com\\\/it\\\/prodotto\\\/taurus-x8-pro-8s-hd-cinelifter-w-dji-air-unit-bnf\\\/#breadcrumb\"},\"inLanguage\":\"it-IT\",\"potentialAction\":[{\"@type\":\"ReadAction\",\"target\":[\"https:\\\/\\\/iha-race.com\\\/it\\\/prodotto\\\/taurus-x8-pro-8s-hd-cinelifter-w-dji-air-unit-bnf\\\/\"]}]},{\"@type\":\"ImageObject\",\"inLanguage\":\"it-IT\",\"@id\":\"https:\\\/\\\/iha-race.com\\\/it\\\/prodotto\\\/taurus-x8-pro-8s-hd-cinelifter-w-dji-air-unit-bnf\\\/#primaryimage\",\"url\":\"https:\\\/\\\/iha-race.com\\\/wp-content\\\/uploads\\\/2021\\\/09\\\/Elevador-de-cine-Taurus-X8-Pro-Max-O4-8S-HD.webp\",\"contentUrl\":\"https:\\\/\\\/iha-race.com\\\/wp-content\\\/uploads\\\/2021\\\/09\\\/Elevador-de-cine-Taurus-X8-Pro-Max-O4-8S-HD.webp\",\"width\":800,\"height\":800,\"caption\":\"Comprar Elevador de cine Taurus X8 Pro Max O4 8S HD\"},{\"@type\":\"BreadcrumbList\",\"@id\":\"https:\\\/\\\/iha-race.com\\\/it\\\/prodotto\\\/taurus-x8-pro-8s-hd-cinelifter-w-dji-air-unit-bnf\\\/#breadcrumb\",\"itemListElement\":[{\"@type\":\"ListItem\",\"position\":1,\"name\":\"Portada\",\"item\":\"https:\\\/\\\/iha-race.com\\\/it\\\/\"},{\"@type\":\"ListItem\",\"position\":2,\"name\":\"Negozio\",\"item\":\"https:\\\/\\\/iha-race.com\\\/it\\\/negozio\\\/\"},{\"@type\":\"ListItem\",\"position\":3,\"name\":\"Taurus X8 Pro 8S HD Cinelifter con unit\u00e0 DJI Air &#8211; BNF\"}]},{\"@type\":\"WebSite\",\"@id\":\"https:\\\/\\\/iha-race.com\\\/it\\\/#website\",\"url\":\"https:\\\/\\\/iha-race.com\\\/it\\\/\",\"name\":\"Iha Race\",\"description\":\"Comprar drones de carreras FPV env\u00edos en un d\u00eda desde Espa\u00f1a\",\"publisher\":{\"@id\":\"https:\\\/\\\/iha-race.com\\\/it\\\/#organization\"},\"potentialAction\":[{\"@type\":\"SearchAction\",\"target\":{\"@type\":\"EntryPoint\",\"urlTemplate\":\"https:\\\/\\\/iha-race.com\\\/it\\\/?s={search_term_string}\"},\"query-input\":{\"@type\":\"PropertyValueSpecification\",\"valueRequired\":true,\"valueName\":\"search_term_string\"}}],\"inLanguage\":\"it-IT\"},{\"@type\":\"Organization\",\"@id\":\"https:\\\/\\\/iha-race.com\\\/it\\\/#organization\",\"name\":\"Iha Race\",\"url\":\"https:\\\/\\\/iha-race.com\\\/it\\\/\",\"logo\":{\"@type\":\"ImageObject\",\"inLanguage\":\"it-IT\",\"@id\":\"https:\\\/\\\/iha-race.com\\\/it\\\/#\\\/schema\\\/logo\\\/image\\\/\",\"url\":\"https:\\\/\\\/iha-race.com\\\/wp-content\\\/uploads\\\/2018\\\/07\\\/iha-race-drones-de-carreras-tienda-comprar-drones.png\",\"contentUrl\":\"https:\\\/\\\/iha-race.com\\\/wp-content\\\/uploads\\\/2018\\\/07\\\/iha-race-drones-de-carreras-tienda-comprar-drones.png\",\"width\":300,\"height\":100,\"caption\":\"Iha Race\"},\"image\":{\"@id\":\"https:\\\/\\\/iha-race.com\\\/it\\\/#\\\/schema\\\/logo\\\/image\\\/\"}}]}<\/script>\n<!-- \/ Yoast SEO plugin. -->","yoast_head_json":{"title":"Taurus X8 Pro 8S HD Cinelifter con unit\u00e0 DJI Air - BNF - Iha Race","robots":{"index":"index","follow":"follow","max-snippet":"max-snippet:-1","max-image-preview":"max-image-preview:large","max-video-preview":"max-video-preview:-1"},"canonical":"https:\/\/iha-race.com\/it\/prodotto\/taurus-x8-pro-8s-hd-cinelifter-w-dji-air-unit-bnf\/","og_locale":"it_IT","og_type":"article","og_title":"Taurus X8 Pro 8S HD Cinelifter con unit\u00e0 DJI Air - BNF - Iha Race","og_description":"L'iFlight Taurus X8 BNF, un'attrezzatura pesante per sollevare le camme pi\u00f9 grandi! SPEDIZIONE IN 10-15 GIORNI DALL'ACQUISTO","og_url":"https:\/\/iha-race.com\/it\/prodotto\/taurus-x8-pro-8s-hd-cinelifter-w-dji-air-unit-bnf\/","og_site_name":"Iha Race","article_modified_time":"2024-09-19T13:40:41+00:00","og_image":[{"width":1000,"height":1000,"url":"https:\/\/iha-race.com\/wp-content\/uploads\/2021\/09\/X8-Pro-1.png","type":"image\/png"}],"twitter_card":"summary_large_image","twitter_misc":{"Tempo di lettura stimato":"4 minuti"},"schema":{"@context":"https:\/\/schema.org","@graph":[{"@type":"WebPage","@id":"https:\/\/iha-race.com\/it\/prodotto\/taurus-x8-pro-8s-hd-cinelifter-w-dji-air-unit-bnf\/","url":"https:\/\/iha-race.com\/it\/prodotto\/taurus-x8-pro-8s-hd-cinelifter-w-dji-air-unit-bnf\/","name":"Taurus X8 Pro 8S HD Cinelifter con unit\u00e0 DJI Air - BNF - Iha Race","isPartOf":{"@id":"https:\/\/iha-race.com\/it\/#website"},"primaryImageOfPage":{"@id":"https:\/\/iha-race.com\/it\/prodotto\/taurus-x8-pro-8s-hd-cinelifter-w-dji-air-unit-bnf\/#primaryimage"},"image":{"@id":"https:\/\/iha-race.com\/it\/prodotto\/taurus-x8-pro-8s-hd-cinelifter-w-dji-air-unit-bnf\/#primaryimage"},"thumbnailUrl":"https:\/\/iha-race.com\/wp-content\/uploads\/2021\/09\/Elevador-de-cine-Taurus-X8-Pro-Max-O4-8S-HD.webp","datePublished":"2021-09-24T14:00:23+00:00","dateModified":"2024-09-19T13:40:41+00:00","breadcrumb":{"@id":"https:\/\/iha-race.com\/it\/prodotto\/taurus-x8-pro-8s-hd-cinelifter-w-dji-air-unit-bnf\/#breadcrumb"},"inLanguage":"it-IT","potentialAction":[{"@type":"ReadAction","target":["https:\/\/iha-race.com\/it\/prodotto\/taurus-x8-pro-8s-hd-cinelifter-w-dji-air-unit-bnf\/"]}]},{"@type":"ImageObject","inLanguage":"it-IT","@id":"https:\/\/iha-race.com\/it\/prodotto\/taurus-x8-pro-8s-hd-cinelifter-w-dji-air-unit-bnf\/#primaryimage","url":"https:\/\/iha-race.com\/wp-content\/uploads\/2021\/09\/Elevador-de-cine-Taurus-X8-Pro-Max-O4-8S-HD.webp","contentUrl":"https:\/\/iha-race.com\/wp-content\/uploads\/2021\/09\/Elevador-de-cine-Taurus-X8-Pro-Max-O4-8S-HD.webp","width":800,"height":800,"caption":"Comprar Elevador de cine Taurus X8 Pro Max O4 8S HD"},{"@type":"BreadcrumbList","@id":"https:\/\/iha-race.com\/it\/prodotto\/taurus-x8-pro-8s-hd-cinelifter-w-dji-air-unit-bnf\/#breadcrumb","itemListElement":[{"@type":"ListItem","position":1,"name":"Portada","item":"https:\/\/iha-race.com\/it\/"},{"@type":"ListItem","position":2,"name":"Negozio","item":"https:\/\/iha-race.com\/it\/negozio\/"},{"@type":"ListItem","position":3,"name":"Taurus X8 Pro 8S HD Cinelifter con unit\u00e0 DJI Air &#8211; BNF"}]},{"@type":"WebSite","@id":"https:\/\/iha-race.com\/it\/#website","url":"https:\/\/iha-race.com\/it\/","name":"Iha Race","description":"Comprar drones de carreras FPV env\u00edos en un d\u00eda desde Espa\u00f1a","publisher":{"@id":"https:\/\/iha-race.com\/it\/#organization"},"potentialAction":[{"@type":"SearchAction","target":{"@type":"EntryPoint","urlTemplate":"https:\/\/iha-race.com\/it\/?s={search_term_string}"},"query-input":{"@type":"PropertyValueSpecification","valueRequired":true,"valueName":"search_term_string"}}],"inLanguage":"it-IT"},{"@type":"Organization","@id":"https:\/\/iha-race.com\/it\/#organization","name":"Iha Race","url":"https:\/\/iha-race.com\/it\/","logo":{"@type":"ImageObject","inLanguage":"it-IT","@id":"https:\/\/iha-race.com\/it\/#\/schema\/logo\/image\/","url":"https:\/\/iha-race.com\/wp-content\/uploads\/2018\/07\/iha-race-drones-de-carreras-tienda-comprar-drones.png","contentUrl":"https:\/\/iha-race.com\/wp-content\/uploads\/2018\/07\/iha-race-drones-de-carreras-tienda-comprar-drones.png","width":300,"height":100,"caption":"Iha Race"},"image":{"@id":"https:\/\/iha-race.com\/it\/#\/schema\/logo\/image\/"}}]}},"jetpack_sharing_enabled":true,"brands":[{"id":3571,"name":"iFlight","slug":"iflight"}],"_links":{"self":[{"href":"https:\/\/iha-race.com\/it\/wp-json\/wp\/v2\/product\/114027","targetHints":{"allow":["GET"]}}],"collection":[{"href":"https:\/\/iha-race.com\/it\/wp-json\/wp\/v2\/product"}],"about":[{"href":"https:\/\/iha-race.com\/it\/wp-json\/wp\/v2\/types\/product"}],"replies":[{"embeddable":true,"href":"https:\/\/iha-race.com\/it\/wp-json\/wp\/v2\/comments?post=114027"}],"version-history":[{"count":4,"href":"https:\/\/iha-race.com\/it\/wp-json\/wp\/v2\/product\/114027\/revisions"}],"predecessor-version":[{"id":251211,"href":"https:\/\/iha-race.com\/it\/wp-json\/wp\/v2\/product\/114027\/revisions\/251211"}],"wp:featuredmedia":[{"embeddable":true,"href":"https:\/\/iha-race.com\/it\/wp-json\/wp\/v2\/media\/257674"}],"wp:attachment":[{"href":"https:\/\/iha-race.com\/it\/wp-json\/wp\/v2\/media?parent=114027"}],"wp:term":[{"taxonomy":"pwb-brand","embeddable":true,"href":"https:\/\/iha-race.com\/it\/wp-json\/wp\/v2\/pwb-brand?post=114027"},{"taxonomy":"product_cat","embeddable":true,"href":"https:\/\/iha-race.com\/it\/wp-json\/wp\/v2\/product_cat?post=114027"},{"taxonomy":"product_tag","embeddable":true,"href":"https:\/\/iha-race.com\/it\/wp-json\/wp\/v2\/product_tag?post=114027"}],"curies":[{"name":"wp","href":"https:\/\/api.w.org\/{rel}","templated":true}]}}