{"id":114019,"date":"2021-09-03T16:18:05","date_gmt":"2021-09-03T14:18:05","guid":{"rendered":"https:\/\/iha-race.com\/producto\/foxeer-reaper-96k-65a-bl32-4in1-38s-esc\/"},"modified":"2024-08-29T12:19:05","modified_gmt":"2024-08-29T10:19:05","slug":"esc-foxeer-reaper-96k-65a-bl32-4in1-38s","status":"publish","type":"product","link":"https:\/\/iha-race.com\/it\/prodotto\/esc-foxeer-reaper-96k-65a-bl32-4in1-38s\/","title":{"rendered":"Foxeer Reaper F4 128K 65A BL32 4in1 9~40V ESC 30.5*30.5mm M3"},"content":{"rendered":"<h2>Foxeer Reaper F4 128K 65A BL32 4in1 9~40V ESC 30.5*30.5mm M3<\/h2>\n<nav>\n<div id=\"nav-tab\" class=\"nav nav-tabs justify-content-center\" role=\"tablist\"><\/div>\n<\/nav>\n<div id=\"nav-tabContent\" class=\"tab-content\">\n<div id=\"nav-n1\" class=\"tab-pane fade show active\" role=\"tabpanel\" aria-labelledby=\"nav-n1-tab\">\n<p><img decoding=\"async\" src=\"https:\/\/inew.foxeer.com\/upload\/image\/20220409\/20220409030631_43676.jpg\" alt=\"\"><\/p>\n<p><img decoding=\"async\" src=\"https:\/\/inew.foxeer.com\/upload\/image\/20220409\/20220409030649_71588.jpg\" alt=\"\"><\/p>\n<p><img decoding=\"async\" src=\"https:\/\/inew.foxeer.com\/upload\/image\/20220415\/20220415014922_89324.jpg\" alt=\"\"><\/p>\n<nav>\n<div id=\"nav-tab\" class=\"nav nav-tabs justify-content-center\" role=\"tablist\"><\/div>\n<\/nav>\n<div id=\"nav-tabContent\" class=\"tab-content\">\n<div id=\"nav-n2\" class=\"tab-pane fade active show\" role=\"tabpanel\" aria-labelledby=\"nav-n2-tab\">\n<table class=\"table table-bordered\" width=\"614\">\n<tbody>\n<tr>\n<td valign=\"center\" width=\"189\">firmware<\/td>\n<td valign=\"center\" width=\"413\">FOXEER_Reaper4IN1_F4_65A_128_Multi_32_9<\/td>\n<\/tr>\n<tr>\n<td valign=\"center\">Corrente continua\/di scoppio<\/td>\n<td valign=\"center\">65A*4 \/ 100A*4<\/td>\n<\/tr>\n<tr>\n<td valign=\"center\">Tensione di ingresso<\/td>\n<td valign=\"center\">DC 9V~40V (3-8S Lipo)<\/td>\n<\/tr>\n<tr>\n<td valign=\"center\">BEC<\/td>\n<td valign=\"center\">No<\/td>\n<\/tr>\n<tr>\n<td valign=\"center\">Telemetria<\/td>\n<td valign=\"center\">Supportata<\/td>\n<\/tr>\n<tr>\n<td valign=\"center\">Programmazione ESC<\/td>\n<td valign=\"center\">BLHeli32<\/td>\n<\/tr>\n<tr>\n<td valign=\"center\">Scala attuale<\/td>\n<td valign=\"center\">70<\/td>\n<\/tr>\n<tr>\n<td valign=\"center\">Segnale di ingresso<\/td>\n<td valign=\"center\">DShot 150\/ 300\/ 600\/ 1200 \/MultiShot\/ OneShot, ecc.<\/td>\n<\/tr>\n<tr>\n<td valign=\"center\">Temperatura di lavoro<\/td>\n<td valign=\"center\">-20\u2103 ~ +55\u2103<\/td>\n<\/tr>\n<tr>\n<td valign=\"center\">Umidit\u00e0 di lavoro<\/td>\n<td valign=\"center\">20\uff5e95%<\/td>\n<\/tr>\n<tr>\n<td valign=\"center\">Temperatura di conservazione<\/td>\n<td valign=\"center\">-20\u2103 ~ +70\u2103<\/td>\n<\/tr>\n<tr>\n<td valign=\"center\">Foro di montaggio<\/td>\n<td valign=\"center\">30,5X30,5 mm, \u03a64 mm\/M3<\/td>\n<\/tr>\n<tr>\n<td valign=\"center\">Dimensioni<\/td>\n<td valign=\"center\">42,5x42x5,5mm<\/td>\n<\/tr>\n<tr>\n<td valign=\"center\">Peso<\/td>\n<td valign=\"center\">14,8g<\/td>\n<\/tr>\n<\/tbody>\n<\/table>\n<\/div>\n<\/div>\n<\/div>\n<\/div>\n","protected":false},"excerpt":{"rendered":"<p>Il Foxeer Reaper FPV \u00e8 un ESC BL32 4-in-1 da 65A progettato per essere collegato al <a href=\"https:\/\/iha-race.com\/producto\/controlador-de-vuelo-foxeer-f722-v2-mini-pro-2020-mm\/\">Foxeer F722 Mini FC<\/a>, con una batteria dal profilo estremamente basso per la sua struttura leggera.<\/p>\n","protected":false},"featured_media":104505,"comment_status":"open","ping_status":"closed","template":"","meta":{"_joinchat":[]},"pwb-brand":[],"product_cat":[1188],"product_tag":[],"class_list":{"0":"post-114019","1":"product","2":"type-product","3":"status-publish","4":"has-post-thumbnail","6":"product_cat-inverter-esc","8":"first","9":"instock","10":"taxable","11":"shipping-taxable","12":"purchasable","13":"product-type-simple"},"barcode":null,"atum_controlled":true,"out_stock_date":null,"out_stock_threshold":null,"inheritable":false,"stock_on_hold":0,"sold_today":0,"sales_last_days":0,"out_stock_days":0,"lost_sales":0,"update_date":"2026-04-16T06:55:38","atum_locations":[],"atum_stock_status":"instock","restock_status":false,"low_stock_amount":"","sales_update_date":"2026-04-16T06:55:38","calc_backorders":null,"yoast_head":"<!-- This site is optimized with the Yoast SEO plugin v27.3 - https:\/\/yoast.com\/product\/yoast-seo-wordpress\/ -->\n<title>Foxeer Reaper F4 128K 65A BL32 4in1 9~40V ESC 30.5*30.5mm M3 - Iha Race<\/title>\n<meta name=\"robots\" content=\"index, follow, max-snippet:-1, max-image-preview:large, max-video-preview:-1\" \/>\n<link rel=\"canonical\" href=\"https:\/\/iha-race.com\/it\/prodotto\/esc-foxeer-reaper-96k-65a-bl32-4in1-38s\/\" \/>\n<meta property=\"og:locale\" content=\"it_IT\" \/>\n<meta property=\"og:type\" content=\"article\" \/>\n<meta property=\"og:title\" content=\"Foxeer Reaper F4 128K 65A BL32 4in1 9~40V ESC 30.5*30.5mm M3 - Iha Race\" \/>\n<meta property=\"og:description\" content=\"Il Foxeer Reaper FPV \u00e8 un ESC BL32 4-in-1 da 65A progettato per essere collegato al Foxeer F722 Mini FC, con una batteria dal profilo estremamente basso per la sua struttura leggera.\" \/>\n<meta property=\"og:url\" content=\"https:\/\/iha-race.com\/it\/prodotto\/esc-foxeer-reaper-96k-65a-bl32-4in1-38s\/\" \/>\n<meta property=\"og:site_name\" content=\"Iha Race\" \/>\n<meta property=\"article:modified_time\" content=\"2024-08-29T10:19:05+00:00\" \/>\n<meta property=\"og:image\" content=\"https:\/\/iha-race.com\/wp-content\/uploads\/2021\/09\/ESC-Foxeer-Reaper-96K-65A-BL32-4in1-38S.jpg\" \/>\n\t<meta property=\"og:image:width\" content=\"1000\" \/>\n\t<meta property=\"og:image:height\" content=\"1000\" \/>\n\t<meta property=\"og:image:type\" content=\"image\/jpeg\" \/>\n<meta name=\"twitter:card\" content=\"summary_large_image\" \/>\n<script type=\"application\/ld+json\" class=\"yoast-schema-graph\">{\"@context\":\"https:\\\/\\\/schema.org\",\"@graph\":[{\"@type\":\"WebPage\",\"@id\":\"https:\\\/\\\/iha-race.com\\\/it\\\/prodotto\\\/esc-foxeer-reaper-96k-65a-bl32-4in1-38s\\\/\",\"url\":\"https:\\\/\\\/iha-race.com\\\/it\\\/prodotto\\\/esc-foxeer-reaper-96k-65a-bl32-4in1-38s\\\/\",\"name\":\"Foxeer Reaper F4 128K 65A BL32 4in1 9~40V ESC 30.5*30.5mm M3 - Iha Race\",\"isPartOf\":{\"@id\":\"https:\\\/\\\/iha-race.com\\\/it\\\/#website\"},\"primaryImageOfPage\":{\"@id\":\"https:\\\/\\\/iha-race.com\\\/it\\\/prodotto\\\/esc-foxeer-reaper-96k-65a-bl32-4in1-38s\\\/#primaryimage\"},\"image\":{\"@id\":\"https:\\\/\\\/iha-race.com\\\/it\\\/prodotto\\\/esc-foxeer-reaper-96k-65a-bl32-4in1-38s\\\/#primaryimage\"},\"thumbnailUrl\":\"https:\\\/\\\/iha-race.com\\\/wp-content\\\/uploads\\\/2021\\\/09\\\/ESC-Foxeer-Reaper-96K-65A-BL32-4in1-38S.jpg\",\"datePublished\":\"2021-09-03T14:18:05+00:00\",\"dateModified\":\"2024-08-29T10:19:05+00:00\",\"breadcrumb\":{\"@id\":\"https:\\\/\\\/iha-race.com\\\/it\\\/prodotto\\\/esc-foxeer-reaper-96k-65a-bl32-4in1-38s\\\/#breadcrumb\"},\"inLanguage\":\"it-IT\",\"potentialAction\":[{\"@type\":\"ReadAction\",\"target\":[\"https:\\\/\\\/iha-race.com\\\/it\\\/prodotto\\\/esc-foxeer-reaper-96k-65a-bl32-4in1-38s\\\/\"]}]},{\"@type\":\"ImageObject\",\"inLanguage\":\"it-IT\",\"@id\":\"https:\\\/\\\/iha-race.com\\\/it\\\/prodotto\\\/esc-foxeer-reaper-96k-65a-bl32-4in1-38s\\\/#primaryimage\",\"url\":\"https:\\\/\\\/iha-race.com\\\/wp-content\\\/uploads\\\/2021\\\/09\\\/ESC-Foxeer-Reaper-96K-65A-BL32-4in1-38S.jpg\",\"contentUrl\":\"https:\\\/\\\/iha-race.com\\\/wp-content\\\/uploads\\\/2021\\\/09\\\/ESC-Foxeer-Reaper-96K-65A-BL32-4in1-38S.jpg\",\"width\":1000,\"height\":1000,\"caption\":\"acquistare il pi\u00f9 economico ESC Foxeer Reaper 96K 65A BL32 4in1 3~8S ESC\"},{\"@type\":\"BreadcrumbList\",\"@id\":\"https:\\\/\\\/iha-race.com\\\/it\\\/prodotto\\\/esc-foxeer-reaper-96k-65a-bl32-4in1-38s\\\/#breadcrumb\",\"itemListElement\":[{\"@type\":\"ListItem\",\"position\":1,\"name\":\"Portada\",\"item\":\"https:\\\/\\\/iha-race.com\\\/it\\\/\"},{\"@type\":\"ListItem\",\"position\":2,\"name\":\"Negozio\",\"item\":\"https:\\\/\\\/iha-race.com\\\/it\\\/negozio\\\/\"},{\"@type\":\"ListItem\",\"position\":3,\"name\":\"Foxeer Reaper F4 128K 65A BL32 4in1 9~40V ESC 30.5*30.5mm M3\"}]},{\"@type\":\"WebSite\",\"@id\":\"https:\\\/\\\/iha-race.com\\\/it\\\/#website\",\"url\":\"https:\\\/\\\/iha-race.com\\\/it\\\/\",\"name\":\"Iha Race\",\"description\":\"Comprar drones de carreras FPV env\u00edos en un d\u00eda desde Espa\u00f1a\",\"publisher\":{\"@id\":\"https:\\\/\\\/iha-race.com\\\/it\\\/#organization\"},\"potentialAction\":[{\"@type\":\"SearchAction\",\"target\":{\"@type\":\"EntryPoint\",\"urlTemplate\":\"https:\\\/\\\/iha-race.com\\\/it\\\/?s={search_term_string}\"},\"query-input\":{\"@type\":\"PropertyValueSpecification\",\"valueRequired\":true,\"valueName\":\"search_term_string\"}}],\"inLanguage\":\"it-IT\"},{\"@type\":\"Organization\",\"@id\":\"https:\\\/\\\/iha-race.com\\\/it\\\/#organization\",\"name\":\"Iha Race\",\"url\":\"https:\\\/\\\/iha-race.com\\\/it\\\/\",\"logo\":{\"@type\":\"ImageObject\",\"inLanguage\":\"it-IT\",\"@id\":\"https:\\\/\\\/iha-race.com\\\/it\\\/#\\\/schema\\\/logo\\\/image\\\/\",\"url\":\"https:\\\/\\\/iha-race.com\\\/wp-content\\\/uploads\\\/2018\\\/07\\\/iha-race-drones-de-carreras-tienda-comprar-drones.png\",\"contentUrl\":\"https:\\\/\\\/iha-race.com\\\/wp-content\\\/uploads\\\/2018\\\/07\\\/iha-race-drones-de-carreras-tienda-comprar-drones.png\",\"width\":300,\"height\":100,\"caption\":\"Iha Race\"},\"image\":{\"@id\":\"https:\\\/\\\/iha-race.com\\\/it\\\/#\\\/schema\\\/logo\\\/image\\\/\"}}]}<\/script>\n<!-- \/ Yoast SEO plugin. -->","yoast_head_json":{"title":"Foxeer Reaper F4 128K 65A BL32 4in1 9~40V ESC 30.5*30.5mm M3 - Iha Race","robots":{"index":"index","follow":"follow","max-snippet":"max-snippet:-1","max-image-preview":"max-image-preview:large","max-video-preview":"max-video-preview:-1"},"canonical":"https:\/\/iha-race.com\/it\/prodotto\/esc-foxeer-reaper-96k-65a-bl32-4in1-38s\/","og_locale":"it_IT","og_type":"article","og_title":"Foxeer Reaper F4 128K 65A BL32 4in1 9~40V ESC 30.5*30.5mm M3 - Iha Race","og_description":"Il Foxeer Reaper FPV \u00e8 un ESC BL32 4-in-1 da 65A progettato per essere collegato al Foxeer F722 Mini FC, con una batteria dal profilo estremamente basso per la sua struttura leggera.","og_url":"https:\/\/iha-race.com\/it\/prodotto\/esc-foxeer-reaper-96k-65a-bl32-4in1-38s\/","og_site_name":"Iha Race","article_modified_time":"2024-08-29T10:19:05+00:00","og_image":[{"width":1000,"height":1000,"url":"https:\/\/iha-race.com\/wp-content\/uploads\/2021\/09\/ESC-Foxeer-Reaper-96K-65A-BL32-4in1-38S.jpg","type":"image\/jpeg"}],"twitter_card":"summary_large_image","schema":{"@context":"https:\/\/schema.org","@graph":[{"@type":"WebPage","@id":"https:\/\/iha-race.com\/it\/prodotto\/esc-foxeer-reaper-96k-65a-bl32-4in1-38s\/","url":"https:\/\/iha-race.com\/it\/prodotto\/esc-foxeer-reaper-96k-65a-bl32-4in1-38s\/","name":"Foxeer Reaper F4 128K 65A BL32 4in1 9~40V ESC 30.5*30.5mm M3 - Iha Race","isPartOf":{"@id":"https:\/\/iha-race.com\/it\/#website"},"primaryImageOfPage":{"@id":"https:\/\/iha-race.com\/it\/prodotto\/esc-foxeer-reaper-96k-65a-bl32-4in1-38s\/#primaryimage"},"image":{"@id":"https:\/\/iha-race.com\/it\/prodotto\/esc-foxeer-reaper-96k-65a-bl32-4in1-38s\/#primaryimage"},"thumbnailUrl":"https:\/\/iha-race.com\/wp-content\/uploads\/2021\/09\/ESC-Foxeer-Reaper-96K-65A-BL32-4in1-38S.jpg","datePublished":"2021-09-03T14:18:05+00:00","dateModified":"2024-08-29T10:19:05+00:00","breadcrumb":{"@id":"https:\/\/iha-race.com\/it\/prodotto\/esc-foxeer-reaper-96k-65a-bl32-4in1-38s\/#breadcrumb"},"inLanguage":"it-IT","potentialAction":[{"@type":"ReadAction","target":["https:\/\/iha-race.com\/it\/prodotto\/esc-foxeer-reaper-96k-65a-bl32-4in1-38s\/"]}]},{"@type":"ImageObject","inLanguage":"it-IT","@id":"https:\/\/iha-race.com\/it\/prodotto\/esc-foxeer-reaper-96k-65a-bl32-4in1-38s\/#primaryimage","url":"https:\/\/iha-race.com\/wp-content\/uploads\/2021\/09\/ESC-Foxeer-Reaper-96K-65A-BL32-4in1-38S.jpg","contentUrl":"https:\/\/iha-race.com\/wp-content\/uploads\/2021\/09\/ESC-Foxeer-Reaper-96K-65A-BL32-4in1-38S.jpg","width":1000,"height":1000,"caption":"acquistare il pi\u00f9 economico ESC Foxeer Reaper 96K 65A BL32 4in1 3~8S ESC"},{"@type":"BreadcrumbList","@id":"https:\/\/iha-race.com\/it\/prodotto\/esc-foxeer-reaper-96k-65a-bl32-4in1-38s\/#breadcrumb","itemListElement":[{"@type":"ListItem","position":1,"name":"Portada","item":"https:\/\/iha-race.com\/it\/"},{"@type":"ListItem","position":2,"name":"Negozio","item":"https:\/\/iha-race.com\/it\/negozio\/"},{"@type":"ListItem","position":3,"name":"Foxeer Reaper F4 128K 65A BL32 4in1 9~40V ESC 30.5*30.5mm M3"}]},{"@type":"WebSite","@id":"https:\/\/iha-race.com\/it\/#website","url":"https:\/\/iha-race.com\/it\/","name":"Iha Race","description":"Comprar drones de carreras FPV env\u00edos en un d\u00eda desde Espa\u00f1a","publisher":{"@id":"https:\/\/iha-race.com\/it\/#organization"},"potentialAction":[{"@type":"SearchAction","target":{"@type":"EntryPoint","urlTemplate":"https:\/\/iha-race.com\/it\/?s={search_term_string}"},"query-input":{"@type":"PropertyValueSpecification","valueRequired":true,"valueName":"search_term_string"}}],"inLanguage":"it-IT"},{"@type":"Organization","@id":"https:\/\/iha-race.com\/it\/#organization","name":"Iha Race","url":"https:\/\/iha-race.com\/it\/","logo":{"@type":"ImageObject","inLanguage":"it-IT","@id":"https:\/\/iha-race.com\/it\/#\/schema\/logo\/image\/","url":"https:\/\/iha-race.com\/wp-content\/uploads\/2018\/07\/iha-race-drones-de-carreras-tienda-comprar-drones.png","contentUrl":"https:\/\/iha-race.com\/wp-content\/uploads\/2018\/07\/iha-race-drones-de-carreras-tienda-comprar-drones.png","width":300,"height":100,"caption":"Iha Race"},"image":{"@id":"https:\/\/iha-race.com\/it\/#\/schema\/logo\/image\/"}}]}},"brands":[],"_links":{"self":[{"href":"https:\/\/iha-race.com\/it\/wp-json\/wp\/v2\/product\/114019","targetHints":{"allow":["GET"]}}],"collection":[{"href":"https:\/\/iha-race.com\/it\/wp-json\/wp\/v2\/product"}],"about":[{"href":"https:\/\/iha-race.com\/it\/wp-json\/wp\/v2\/types\/product"}],"replies":[{"embeddable":true,"href":"https:\/\/iha-race.com\/it\/wp-json\/wp\/v2\/comments?post=114019"}],"version-history":[{"count":3,"href":"https:\/\/iha-race.com\/it\/wp-json\/wp\/v2\/product\/114019\/revisions"}],"predecessor-version":[{"id":249377,"href":"https:\/\/iha-race.com\/it\/wp-json\/wp\/v2\/product\/114019\/revisions\/249377"}],"wp:featuredmedia":[{"embeddable":true,"href":"https:\/\/iha-race.com\/it\/wp-json\/wp\/v2\/media\/104505"}],"wp:attachment":[{"href":"https:\/\/iha-race.com\/it\/wp-json\/wp\/v2\/media?parent=114019"}],"wp:term":[{"taxonomy":"pwb-brand","embeddable":true,"href":"https:\/\/iha-race.com\/it\/wp-json\/wp\/v2\/pwb-brand?post=114019"},{"taxonomy":"product_cat","embeddable":true,"href":"https:\/\/iha-race.com\/it\/wp-json\/wp\/v2\/product_cat?post=114019"},{"taxonomy":"product_tag","embeddable":true,"href":"https:\/\/iha-race.com\/it\/wp-json\/wp\/v2\/product_tag?post=114019"}],"curies":[{"name":"wp","href":"https:\/\/api.w.org\/{rel}","templated":true}]}}