{"id":113919,"date":"2021-08-24T09:54:56","date_gmt":"2021-08-24T07:54:56","guid":{"rendered":"https:\/\/iha-race.com\/producto\/ethix-nd-8-16-32-filtro-temperato-per-gopro-8-9-session\/"},"modified":"2025-01-15T17:35:50","modified_gmt":"2025-01-15T16:35:50","slug":"filtro-templado-ethix-nd-8-16-32-para-gopro-8-9-session-2","status":"publish","type":"product","link":"https:\/\/iha-race.com\/it\/prodotto\/filtro-templado-ethix-nd-8-16-32-para-gopro-8-9-session-2\/","title":{"rendered":"ETHIX ND 8\/16\/32 Filtro temperato per GoPro 8\/9\/Session"},"content":{"rendered":"<h2>ETHIX ND 8\/16\/32 Filtro temperato per GoPro 8\/9\/Session<\/h2>\n<p>  Ti presentiamo il nuovo e migliorato filtro ND in vetro temperato ad aderenza statica per GoPro Hero 8 e Session 4\/5. Le GoPro non sono esattamente facili quando si tratta di filtri ND, soprattutto per gli acquirenti attenti ai soldi. Questi aspetti sono compromessi pi\u00f9 spesso di quanto vorremmo pensare. Perch\u00e9 non proteggere l&#8217;obiettivo della GoPro indossando un paio di occhiali da sole ND8 ND16 o ND32? I nostri filtri ND consentono all&#8217;utente di impostare la velocit\u00e0 dell&#8217;otturatore in situazioni di forte illuminazione, ottenendo l&#8217;aspetto cinematografico desiderato della Regola 180. Questi filtri ND sono realizzati in vetro temperato tagliato al laser che non solo protegge il prezioso obiettivo della fotocamera da sporco e detriti, ma pu\u00f2 anche essere attaccato e rimosso con un adesivo statico riutilizzabile. Questi filtri sono realizzati per la Hero 8\/9 e la Session.  <\/p>\n<h2>Il pacchetto comprende:<\/h2>\n<ul>\n<li>1 x Filtro in vetro temperato ND 8, 16 o 32<\/li>\n<\/ul>\n","protected":false},"excerpt":{"rendered":"<p>Questo filtro \u00e8 una combinazione di vetro temperato di alta qualit\u00e0 e filtro a densit\u00e0 neutra.<\/p>\n","protected":false},"featured_media":103358,"comment_status":"open","ping_status":"closed","template":"","meta":{"_joinchat":[]},"pwb-brand":[3552],"product_cat":[1775,1165],"product_tag":[],"class_list":{"0":"post-113919","1":"product","2":"type-product","3":"status-publish","4":"has-post-thumbnail","6":"pwb-brand-tbs","7":"product_cat-filtri","8":"product_cat-telecamere-fpv","10":"first","11":"instock","12":"sale","13":"taxable","14":"shipping-taxable","15":"purchasable","16":"product-type-variable"},"barcode":null,"atum_controlled":true,"out_stock_date":null,"out_stock_threshold":null,"inheritable":true,"stock_on_hold":0,"sold_today":0,"sales_last_days":1,"out_stock_days":0,"lost_sales":0,"update_date":"2026-03-21T11:10:46","atum_locations":[],"atum_stock_status":"instock","restock_status":false,"low_stock_amount":"","sales_update_date":"2026-03-21T11:10:46","calc_backorders":null,"yoast_head":"<!-- This site is optimized with the Yoast SEO plugin v27.3 - https:\/\/yoast.com\/product\/yoast-seo-wordpress\/ -->\n<title>ETHIX ND 8\/16\/32 Filtro temperato per GoPro 8\/9\/Session - Iha Race<\/title>\n<meta name=\"robots\" content=\"index, follow, max-snippet:-1, max-image-preview:large, max-video-preview:-1\" \/>\n<link rel=\"canonical\" href=\"https:\/\/iha-race.com\/it\/prodotto\/filtro-templado-ethix-nd-8-16-32-para-gopro-8-9-session-2\/\" \/>\n<meta property=\"og:locale\" content=\"it_IT\" \/>\n<meta property=\"og:type\" content=\"article\" \/>\n<meta property=\"og:title\" content=\"ETHIX ND 8\/16\/32 Filtro temperato per GoPro 8\/9\/Session - Iha Race\" \/>\n<meta property=\"og:description\" content=\"Questo filtro \u00e8 una combinazione di vetro temperato di alta qualit\u00e0 e filtro a densit\u00e0 neutra.\" \/>\n<meta property=\"og:url\" content=\"https:\/\/iha-race.com\/it\/prodotto\/filtro-templado-ethix-nd-8-16-32-para-gopro-8-9-session-2\/\" \/>\n<meta property=\"og:site_name\" content=\"Iha Race\" \/>\n<meta property=\"article:modified_time\" content=\"2025-01-15T16:35:50+00:00\" \/>\n<meta property=\"og:image\" content=\"https:\/\/iha-race.com\/wp-content\/uploads\/2021\/08\/Filtro-de-cristal-ETHIX-para-GoPro-8-9-Session.jpg\" \/>\n\t<meta property=\"og:image:width\" content=\"800\" \/>\n\t<meta property=\"og:image:height\" content=\"800\" \/>\n\t<meta property=\"og:image:type\" content=\"image\/jpeg\" \/>\n<meta name=\"twitter:card\" content=\"summary_large_image\" \/>\n<meta name=\"twitter:label1\" content=\"Tempo di lettura stimato\" \/>\n\t<meta name=\"twitter:data1\" content=\"1 minuto\" \/>\n<script type=\"application\/ld+json\" class=\"yoast-schema-graph\">{\"@context\":\"https:\\\/\\\/schema.org\",\"@graph\":[{\"@type\":\"WebPage\",\"@id\":\"https:\\\/\\\/iha-race.com\\\/it\\\/prodotto\\\/filtro-templado-ethix-nd-8-16-32-para-gopro-8-9-session-2\\\/\",\"url\":\"https:\\\/\\\/iha-race.com\\\/it\\\/prodotto\\\/filtro-templado-ethix-nd-8-16-32-para-gopro-8-9-session-2\\\/\",\"name\":\"ETHIX ND 8\\\/16\\\/32 Filtro temperato per GoPro 8\\\/9\\\/Session - Iha Race\",\"isPartOf\":{\"@id\":\"https:\\\/\\\/iha-race.com\\\/it\\\/#website\"},\"primaryImageOfPage\":{\"@id\":\"https:\\\/\\\/iha-race.com\\\/it\\\/prodotto\\\/filtro-templado-ethix-nd-8-16-32-para-gopro-8-9-session-2\\\/#primaryimage\"},\"image\":{\"@id\":\"https:\\\/\\\/iha-race.com\\\/it\\\/prodotto\\\/filtro-templado-ethix-nd-8-16-32-para-gopro-8-9-session-2\\\/#primaryimage\"},\"thumbnailUrl\":\"https:\\\/\\\/iha-race.com\\\/wp-content\\\/uploads\\\/2021\\\/08\\\/Filtro-de-cristal-ETHIX-para-GoPro-8-9-Session.jpg\",\"datePublished\":\"2021-08-24T07:54:56+00:00\",\"dateModified\":\"2025-01-15T16:35:50+00:00\",\"breadcrumb\":{\"@id\":\"https:\\\/\\\/iha-race.com\\\/it\\\/prodotto\\\/filtro-templado-ethix-nd-8-16-32-para-gopro-8-9-session-2\\\/#breadcrumb\"},\"inLanguage\":\"it-IT\",\"potentialAction\":[{\"@type\":\"ReadAction\",\"target\":[\"https:\\\/\\\/iha-race.com\\\/it\\\/prodotto\\\/filtro-templado-ethix-nd-8-16-32-para-gopro-8-9-session-2\\\/\"]}]},{\"@type\":\"ImageObject\",\"inLanguage\":\"it-IT\",\"@id\":\"https:\\\/\\\/iha-race.com\\\/it\\\/prodotto\\\/filtro-templado-ethix-nd-8-16-32-para-gopro-8-9-session-2\\\/#primaryimage\",\"url\":\"https:\\\/\\\/iha-race.com\\\/wp-content\\\/uploads\\\/2021\\\/08\\\/Filtro-de-cristal-ETHIX-para-GoPro-8-9-Session.jpg\",\"contentUrl\":\"https:\\\/\\\/iha-race.com\\\/wp-content\\\/uploads\\\/2021\\\/08\\\/Filtro-de-cristal-ETHIX-para-GoPro-8-9-Session.jpg\",\"width\":800,\"height\":800,\"caption\":\"acquistare il pi\u00f9 economico Filtro in vetro ETHIX per GoPro 8 - 9 -Session\"},{\"@type\":\"BreadcrumbList\",\"@id\":\"https:\\\/\\\/iha-race.com\\\/it\\\/prodotto\\\/filtro-templado-ethix-nd-8-16-32-para-gopro-8-9-session-2\\\/#breadcrumb\",\"itemListElement\":[{\"@type\":\"ListItem\",\"position\":1,\"name\":\"Portada\",\"item\":\"https:\\\/\\\/iha-race.com\\\/it\\\/\"},{\"@type\":\"ListItem\",\"position\":2,\"name\":\"Negozio\",\"item\":\"https:\\\/\\\/iha-race.com\\\/it\\\/negozio\\\/\"},{\"@type\":\"ListItem\",\"position\":3,\"name\":\"ETHIX ND 8\\\/16\\\/32 Filtro temperato per GoPro 8\\\/9\\\/Session\"}]},{\"@type\":\"WebSite\",\"@id\":\"https:\\\/\\\/iha-race.com\\\/it\\\/#website\",\"url\":\"https:\\\/\\\/iha-race.com\\\/it\\\/\",\"name\":\"Iha Race\",\"description\":\"Comprar drones de carreras FPV env\u00edos en un d\u00eda desde Espa\u00f1a\",\"publisher\":{\"@id\":\"https:\\\/\\\/iha-race.com\\\/it\\\/#organization\"},\"potentialAction\":[{\"@type\":\"SearchAction\",\"target\":{\"@type\":\"EntryPoint\",\"urlTemplate\":\"https:\\\/\\\/iha-race.com\\\/it\\\/?s={search_term_string}\"},\"query-input\":{\"@type\":\"PropertyValueSpecification\",\"valueRequired\":true,\"valueName\":\"search_term_string\"}}],\"inLanguage\":\"it-IT\"},{\"@type\":\"Organization\",\"@id\":\"https:\\\/\\\/iha-race.com\\\/it\\\/#organization\",\"name\":\"Iha Race\",\"url\":\"https:\\\/\\\/iha-race.com\\\/it\\\/\",\"logo\":{\"@type\":\"ImageObject\",\"inLanguage\":\"it-IT\",\"@id\":\"https:\\\/\\\/iha-race.com\\\/it\\\/#\\\/schema\\\/logo\\\/image\\\/\",\"url\":\"https:\\\/\\\/iha-race.com\\\/wp-content\\\/uploads\\\/2018\\\/07\\\/iha-race-drones-de-carreras-tienda-comprar-drones.png\",\"contentUrl\":\"https:\\\/\\\/iha-race.com\\\/wp-content\\\/uploads\\\/2018\\\/07\\\/iha-race-drones-de-carreras-tienda-comprar-drones.png\",\"width\":300,\"height\":100,\"caption\":\"Iha Race\"},\"image\":{\"@id\":\"https:\\\/\\\/iha-race.com\\\/it\\\/#\\\/schema\\\/logo\\\/image\\\/\"}}]}<\/script>\n<!-- \/ Yoast SEO plugin. -->","yoast_head_json":{"title":"ETHIX ND 8\/16\/32 Filtro temperato per GoPro 8\/9\/Session - Iha Race","robots":{"index":"index","follow":"follow","max-snippet":"max-snippet:-1","max-image-preview":"max-image-preview:large","max-video-preview":"max-video-preview:-1"},"canonical":"https:\/\/iha-race.com\/it\/prodotto\/filtro-templado-ethix-nd-8-16-32-para-gopro-8-9-session-2\/","og_locale":"it_IT","og_type":"article","og_title":"ETHIX ND 8\/16\/32 Filtro temperato per GoPro 8\/9\/Session - Iha Race","og_description":"Questo filtro \u00e8 una combinazione di vetro temperato di alta qualit\u00e0 e filtro a densit\u00e0 neutra.","og_url":"https:\/\/iha-race.com\/it\/prodotto\/filtro-templado-ethix-nd-8-16-32-para-gopro-8-9-session-2\/","og_site_name":"Iha Race","article_modified_time":"2025-01-15T16:35:50+00:00","og_image":[{"width":800,"height":800,"url":"https:\/\/iha-race.com\/wp-content\/uploads\/2021\/08\/Filtro-de-cristal-ETHIX-para-GoPro-8-9-Session.jpg","type":"image\/jpeg"}],"twitter_card":"summary_large_image","twitter_misc":{"Tempo di lettura stimato":"1 minuto"},"schema":{"@context":"https:\/\/schema.org","@graph":[{"@type":"WebPage","@id":"https:\/\/iha-race.com\/it\/prodotto\/filtro-templado-ethix-nd-8-16-32-para-gopro-8-9-session-2\/","url":"https:\/\/iha-race.com\/it\/prodotto\/filtro-templado-ethix-nd-8-16-32-para-gopro-8-9-session-2\/","name":"ETHIX ND 8\/16\/32 Filtro temperato per GoPro 8\/9\/Session - Iha Race","isPartOf":{"@id":"https:\/\/iha-race.com\/it\/#website"},"primaryImageOfPage":{"@id":"https:\/\/iha-race.com\/it\/prodotto\/filtro-templado-ethix-nd-8-16-32-para-gopro-8-9-session-2\/#primaryimage"},"image":{"@id":"https:\/\/iha-race.com\/it\/prodotto\/filtro-templado-ethix-nd-8-16-32-para-gopro-8-9-session-2\/#primaryimage"},"thumbnailUrl":"https:\/\/iha-race.com\/wp-content\/uploads\/2021\/08\/Filtro-de-cristal-ETHIX-para-GoPro-8-9-Session.jpg","datePublished":"2021-08-24T07:54:56+00:00","dateModified":"2025-01-15T16:35:50+00:00","breadcrumb":{"@id":"https:\/\/iha-race.com\/it\/prodotto\/filtro-templado-ethix-nd-8-16-32-para-gopro-8-9-session-2\/#breadcrumb"},"inLanguage":"it-IT","potentialAction":[{"@type":"ReadAction","target":["https:\/\/iha-race.com\/it\/prodotto\/filtro-templado-ethix-nd-8-16-32-para-gopro-8-9-session-2\/"]}]},{"@type":"ImageObject","inLanguage":"it-IT","@id":"https:\/\/iha-race.com\/it\/prodotto\/filtro-templado-ethix-nd-8-16-32-para-gopro-8-9-session-2\/#primaryimage","url":"https:\/\/iha-race.com\/wp-content\/uploads\/2021\/08\/Filtro-de-cristal-ETHIX-para-GoPro-8-9-Session.jpg","contentUrl":"https:\/\/iha-race.com\/wp-content\/uploads\/2021\/08\/Filtro-de-cristal-ETHIX-para-GoPro-8-9-Session.jpg","width":800,"height":800,"caption":"acquistare il pi\u00f9 economico Filtro in vetro ETHIX per GoPro 8 - 9 -Session"},{"@type":"BreadcrumbList","@id":"https:\/\/iha-race.com\/it\/prodotto\/filtro-templado-ethix-nd-8-16-32-para-gopro-8-9-session-2\/#breadcrumb","itemListElement":[{"@type":"ListItem","position":1,"name":"Portada","item":"https:\/\/iha-race.com\/it\/"},{"@type":"ListItem","position":2,"name":"Negozio","item":"https:\/\/iha-race.com\/it\/negozio\/"},{"@type":"ListItem","position":3,"name":"ETHIX ND 8\/16\/32 Filtro temperato per GoPro 8\/9\/Session"}]},{"@type":"WebSite","@id":"https:\/\/iha-race.com\/it\/#website","url":"https:\/\/iha-race.com\/it\/","name":"Iha Race","description":"Comprar drones de carreras FPV env\u00edos en un d\u00eda desde Espa\u00f1a","publisher":{"@id":"https:\/\/iha-race.com\/it\/#organization"},"potentialAction":[{"@type":"SearchAction","target":{"@type":"EntryPoint","urlTemplate":"https:\/\/iha-race.com\/it\/?s={search_term_string}"},"query-input":{"@type":"PropertyValueSpecification","valueRequired":true,"valueName":"search_term_string"}}],"inLanguage":"it-IT"},{"@type":"Organization","@id":"https:\/\/iha-race.com\/it\/#organization","name":"Iha Race","url":"https:\/\/iha-race.com\/it\/","logo":{"@type":"ImageObject","inLanguage":"it-IT","@id":"https:\/\/iha-race.com\/it\/#\/schema\/logo\/image\/","url":"https:\/\/iha-race.com\/wp-content\/uploads\/2018\/07\/iha-race-drones-de-carreras-tienda-comprar-drones.png","contentUrl":"https:\/\/iha-race.com\/wp-content\/uploads\/2018\/07\/iha-race-drones-de-carreras-tienda-comprar-drones.png","width":300,"height":100,"caption":"Iha Race"},"image":{"@id":"https:\/\/iha-race.com\/it\/#\/schema\/logo\/image\/"}}]}},"brands":[{"id":3552,"name":"TBS","slug":"tbs"}],"_links":{"self":[{"href":"https:\/\/iha-race.com\/it\/wp-json\/wp\/v2\/product\/113919","targetHints":{"allow":["GET"]}}],"collection":[{"href":"https:\/\/iha-race.com\/it\/wp-json\/wp\/v2\/product"}],"about":[{"href":"https:\/\/iha-race.com\/it\/wp-json\/wp\/v2\/types\/product"}],"replies":[{"embeddable":true,"href":"https:\/\/iha-race.com\/it\/wp-json\/wp\/v2\/comments?post=113919"}],"version-history":[{"count":1,"href":"https:\/\/iha-race.com\/it\/wp-json\/wp\/v2\/product\/113919\/revisions"}],"predecessor-version":[{"id":249403,"href":"https:\/\/iha-race.com\/it\/wp-json\/wp\/v2\/product\/113919\/revisions\/249403"}],"wp:featuredmedia":[{"embeddable":true,"href":"https:\/\/iha-race.com\/it\/wp-json\/wp\/v2\/media\/103358"}],"wp:attachment":[{"href":"https:\/\/iha-race.com\/it\/wp-json\/wp\/v2\/media?parent=113919"}],"wp:term":[{"taxonomy":"pwb-brand","embeddable":true,"href":"https:\/\/iha-race.com\/it\/wp-json\/wp\/v2\/pwb-brand?post=113919"},{"taxonomy":"product_cat","embeddable":true,"href":"https:\/\/iha-race.com\/it\/wp-json\/wp\/v2\/product_cat?post=113919"},{"taxonomy":"product_tag","embeddable":true,"href":"https:\/\/iha-race.com\/it\/wp-json\/wp\/v2\/product_tag?post=113919"}],"curies":[{"name":"wp","href":"https:\/\/api.w.org\/{rel}","templated":true}]}}