{"id":113879,"date":"2021-08-24T12:00:26","date_gmt":"2021-08-24T10:00:26","guid":{"rendered":"https:\/\/iha-race.com\/producto\/eliche-hq-juicy-prop-j37-2cw2ccw\/"},"modified":"2026-03-20T11:28:34","modified_gmt":"2026-03-20T10:28:34","slug":"eliche-hq-juicy-prop-j37-2cw2ccw","status":"publish","type":"product","link":"https:\/\/iha-race.com\/it\/prodotto\/eliche-hq-juicy-prop-j37-2cw2ccw\/","title":{"rendered":"Eliche HQ Juicy Prop J37 (2CW+2CCW)"},"content":{"rendered":"<h2>Eliche HQ Juicy Prop J37 (2CW+2CCW) &#8211; Vari colori<\/h2>\n<h2>Caratteristiche:<\/h2>\n<ul>\n<li>Diametro dell&#8217;elica: 4,9 pollici<\/li>\n<li>Passo: 3.7<\/li>\n<li>Lame: 3<\/li>\n<li>Materiale: policarbonato<\/li>\n<li>Peso: 3,4 g<\/li>\n<li>Diametro del mozzo: 12,4 mm<\/li>\n<li>Spessore del mozzo: 6 mm<\/li>\n<li>Albero: 5 mm<\/li>\n<li>Anelli adattatori: NO<\/li>\n<\/ul>\n<h2>Il pacchetto comprende:<\/h2>\n<ul>\n<li>2 eliche HQ Juicy Prop J37 CW<\/li>\n<li>2 x eliche HQ Juicy Prop J37 CCW<\/li>\n<\/ul>\n","protected":false},"excerpt":{"rendered":"<p>Eliche HQ Juicy Prop J37 (2CW+2CCW) &#8211; Vari colori Caratteristiche: Diametro dell&#8217;elica: 4,9 pollici Passo: 3.7 Lame: 3 Materiale: policarbonato Peso: 3,4 g Diametro del mozzo: 12,4 mm Spessore del<\/p>\n","protected":false},"featured_media":103417,"comment_status":"open","ping_status":"closed","template":"","meta":{"_joinchat":[]},"pwb-brand":[],"product_cat":[1352,1238,1390],"product_tag":[],"class_list":{"0":"post-113879","1":"product","2":"type-product","3":"status-publish","4":"has-post-thumbnail","6":"product_cat-1352","7":"product_cat-eliche-fpv","8":"product_cat-tripalas-it","10":"first","11":"outofstock","12":"taxable","13":"shipping-taxable","14":"purchasable","15":"product-type-variable"},"barcode":null,"atum_controlled":true,"out_stock_date":null,"out_stock_threshold":null,"inheritable":true,"stock_on_hold":0,"sold_today":4,"sales_last_days":41,"out_stock_days":0,"lost_sales":0,"update_date":"2026-04-16T08:25:45","atum_locations":[],"atum_stock_status":"instock","restock_status":false,"low_stock_amount":"","sales_update_date":"2026-04-16T08:25:45","calc_backorders":null,"yoast_head":"<!-- This site is optimized with the Yoast SEO plugin v27.3 - https:\/\/yoast.com\/product\/yoast-seo-wordpress\/ -->\n<title>Eliche HQ Juicy Prop J37 (2CW+2CCW) - Iha Race<\/title>\n<meta name=\"robots\" content=\"index, follow, max-snippet:-1, max-image-preview:large, max-video-preview:-1\" \/>\n<link rel=\"canonical\" href=\"https:\/\/iha-race.com\/it\/prodotto\/eliche-hq-juicy-prop-j37-2cw2ccw\/\" \/>\n<meta property=\"og:locale\" content=\"it_IT\" \/>\n<meta property=\"og:type\" content=\"article\" \/>\n<meta property=\"og:title\" content=\"Eliche HQ Juicy Prop J37 (2CW+2CCW) - Iha Race\" \/>\n<meta property=\"og:description\" content=\"Eliche HQ Juicy Prop J37 (2CW+2CCW) &#8211; Vari colori Caratteristiche: Diametro dell&#8217;elica: 4,9 pollici Passo: 3.7 Lame: 3 Materiale: policarbonato Peso: 3,4 g Diametro del mozzo: 12,4 mm Spessore del\" \/>\n<meta property=\"og:url\" content=\"https:\/\/iha-race.com\/it\/prodotto\/eliche-hq-juicy-prop-j37-2cw2ccw\/\" \/>\n<meta property=\"og:site_name\" content=\"Iha Race\" \/>\n<meta property=\"article:modified_time\" content=\"2026-03-20T10:28:34+00:00\" \/>\n<meta property=\"og:image\" content=\"https:\/\/iha-race.com\/wp-content\/uploads\/2021\/08\/Helices-HQ-Juicy-Prop-J37-2CW2CCW.jpg\" \/>\n\t<meta property=\"og:image:width\" content=\"2000\" \/>\n\t<meta property=\"og:image:height\" content=\"2000\" \/>\n\t<meta property=\"og:image:type\" content=\"image\/jpeg\" \/>\n<meta name=\"twitter:card\" content=\"summary_large_image\" \/>\n<script type=\"application\/ld+json\" class=\"yoast-schema-graph\">{\"@context\":\"https:\\\/\\\/schema.org\",\"@graph\":[{\"@type\":\"WebPage\",\"@id\":\"https:\\\/\\\/iha-race.com\\\/it\\\/prodotto\\\/eliche-hq-juicy-prop-j37-2cw2ccw\\\/\",\"url\":\"https:\\\/\\\/iha-race.com\\\/it\\\/prodotto\\\/eliche-hq-juicy-prop-j37-2cw2ccw\\\/\",\"name\":\"Eliche HQ Juicy Prop J37 (2CW+2CCW) - Iha Race\",\"isPartOf\":{\"@id\":\"https:\\\/\\\/iha-race.com\\\/it\\\/#website\"},\"primaryImageOfPage\":{\"@id\":\"https:\\\/\\\/iha-race.com\\\/it\\\/prodotto\\\/eliche-hq-juicy-prop-j37-2cw2ccw\\\/#primaryimage\"},\"image\":{\"@id\":\"https:\\\/\\\/iha-race.com\\\/it\\\/prodotto\\\/eliche-hq-juicy-prop-j37-2cw2ccw\\\/#primaryimage\"},\"thumbnailUrl\":\"https:\\\/\\\/iha-race.com\\\/wp-content\\\/uploads\\\/2021\\\/08\\\/Helices-HQ-Juicy-Prop-J37-2CW2CCW.jpg\",\"datePublished\":\"2021-08-24T10:00:26+00:00\",\"dateModified\":\"2026-03-20T10:28:34+00:00\",\"breadcrumb\":{\"@id\":\"https:\\\/\\\/iha-race.com\\\/it\\\/prodotto\\\/eliche-hq-juicy-prop-j37-2cw2ccw\\\/#breadcrumb\"},\"inLanguage\":\"it-IT\",\"potentialAction\":[{\"@type\":\"ReadAction\",\"target\":[\"https:\\\/\\\/iha-race.com\\\/it\\\/prodotto\\\/eliche-hq-juicy-prop-j37-2cw2ccw\\\/\"]}]},{\"@type\":\"ImageObject\",\"inLanguage\":\"it-IT\",\"@id\":\"https:\\\/\\\/iha-race.com\\\/it\\\/prodotto\\\/eliche-hq-juicy-prop-j37-2cw2ccw\\\/#primaryimage\",\"url\":\"https:\\\/\\\/iha-race.com\\\/wp-content\\\/uploads\\\/2021\\\/08\\\/Helices-HQ-Juicy-Prop-J37-2CW2CCW.jpg\",\"contentUrl\":\"https:\\\/\\\/iha-race.com\\\/wp-content\\\/uploads\\\/2021\\\/08\\\/Helices-HQ-Juicy-Prop-J37-2CW2CCW.jpg\",\"width\":2000,\"height\":2000,\"caption\":\"acquistare le eliche pi\u00f9 economiche HQ Juicy Prop J37 (2CW+2CCW)\"},{\"@type\":\"BreadcrumbList\",\"@id\":\"https:\\\/\\\/iha-race.com\\\/it\\\/prodotto\\\/eliche-hq-juicy-prop-j37-2cw2ccw\\\/#breadcrumb\",\"itemListElement\":[{\"@type\":\"ListItem\",\"position\":1,\"name\":\"Portada\",\"item\":\"https:\\\/\\\/iha-race.com\\\/it\\\/\"},{\"@type\":\"ListItem\",\"position\":2,\"name\":\"Negozio\",\"item\":\"https:\\\/\\\/iha-race.com\\\/it\\\/negozio\\\/\"},{\"@type\":\"ListItem\",\"position\":3,\"name\":\"Eliche HQ Juicy Prop J37 (2CW+2CCW)\"}]},{\"@type\":\"WebSite\",\"@id\":\"https:\\\/\\\/iha-race.com\\\/it\\\/#website\",\"url\":\"https:\\\/\\\/iha-race.com\\\/it\\\/\",\"name\":\"Iha Race\",\"description\":\"Comprar drones de carreras FPV env\u00edos en un d\u00eda desde Espa\u00f1a\",\"publisher\":{\"@id\":\"https:\\\/\\\/iha-race.com\\\/it\\\/#organization\"},\"potentialAction\":[{\"@type\":\"SearchAction\",\"target\":{\"@type\":\"EntryPoint\",\"urlTemplate\":\"https:\\\/\\\/iha-race.com\\\/it\\\/?s={search_term_string}\"},\"query-input\":{\"@type\":\"PropertyValueSpecification\",\"valueRequired\":true,\"valueName\":\"search_term_string\"}}],\"inLanguage\":\"it-IT\"},{\"@type\":\"Organization\",\"@id\":\"https:\\\/\\\/iha-race.com\\\/it\\\/#organization\",\"name\":\"Iha Race\",\"url\":\"https:\\\/\\\/iha-race.com\\\/it\\\/\",\"logo\":{\"@type\":\"ImageObject\",\"inLanguage\":\"it-IT\",\"@id\":\"https:\\\/\\\/iha-race.com\\\/it\\\/#\\\/schema\\\/logo\\\/image\\\/\",\"url\":\"https:\\\/\\\/iha-race.com\\\/wp-content\\\/uploads\\\/2018\\\/07\\\/iha-race-drones-de-carreras-tienda-comprar-drones.png\",\"contentUrl\":\"https:\\\/\\\/iha-race.com\\\/wp-content\\\/uploads\\\/2018\\\/07\\\/iha-race-drones-de-carreras-tienda-comprar-drones.png\",\"width\":300,\"height\":100,\"caption\":\"Iha Race\"},\"image\":{\"@id\":\"https:\\\/\\\/iha-race.com\\\/it\\\/#\\\/schema\\\/logo\\\/image\\\/\"}}]}<\/script>\n<!-- \/ Yoast SEO plugin. -->","yoast_head_json":{"title":"Eliche HQ Juicy Prop J37 (2CW+2CCW) - Iha Race","robots":{"index":"index","follow":"follow","max-snippet":"max-snippet:-1","max-image-preview":"max-image-preview:large","max-video-preview":"max-video-preview:-1"},"canonical":"https:\/\/iha-race.com\/it\/prodotto\/eliche-hq-juicy-prop-j37-2cw2ccw\/","og_locale":"it_IT","og_type":"article","og_title":"Eliche HQ Juicy Prop J37 (2CW+2CCW) - Iha Race","og_description":"Eliche HQ Juicy Prop J37 (2CW+2CCW) &#8211; Vari colori Caratteristiche: Diametro dell&#8217;elica: 4,9 pollici Passo: 3.7 Lame: 3 Materiale: policarbonato Peso: 3,4 g Diametro del mozzo: 12,4 mm Spessore del","og_url":"https:\/\/iha-race.com\/it\/prodotto\/eliche-hq-juicy-prop-j37-2cw2ccw\/","og_site_name":"Iha Race","article_modified_time":"2026-03-20T10:28:34+00:00","og_image":[{"width":2000,"height":2000,"url":"https:\/\/iha-race.com\/wp-content\/uploads\/2021\/08\/Helices-HQ-Juicy-Prop-J37-2CW2CCW.jpg","type":"image\/jpeg"}],"twitter_card":"summary_large_image","schema":{"@context":"https:\/\/schema.org","@graph":[{"@type":"WebPage","@id":"https:\/\/iha-race.com\/it\/prodotto\/eliche-hq-juicy-prop-j37-2cw2ccw\/","url":"https:\/\/iha-race.com\/it\/prodotto\/eliche-hq-juicy-prop-j37-2cw2ccw\/","name":"Eliche HQ Juicy Prop J37 (2CW+2CCW) - Iha Race","isPartOf":{"@id":"https:\/\/iha-race.com\/it\/#website"},"primaryImageOfPage":{"@id":"https:\/\/iha-race.com\/it\/prodotto\/eliche-hq-juicy-prop-j37-2cw2ccw\/#primaryimage"},"image":{"@id":"https:\/\/iha-race.com\/it\/prodotto\/eliche-hq-juicy-prop-j37-2cw2ccw\/#primaryimage"},"thumbnailUrl":"https:\/\/iha-race.com\/wp-content\/uploads\/2021\/08\/Helices-HQ-Juicy-Prop-J37-2CW2CCW.jpg","datePublished":"2021-08-24T10:00:26+00:00","dateModified":"2026-03-20T10:28:34+00:00","breadcrumb":{"@id":"https:\/\/iha-race.com\/it\/prodotto\/eliche-hq-juicy-prop-j37-2cw2ccw\/#breadcrumb"},"inLanguage":"it-IT","potentialAction":[{"@type":"ReadAction","target":["https:\/\/iha-race.com\/it\/prodotto\/eliche-hq-juicy-prop-j37-2cw2ccw\/"]}]},{"@type":"ImageObject","inLanguage":"it-IT","@id":"https:\/\/iha-race.com\/it\/prodotto\/eliche-hq-juicy-prop-j37-2cw2ccw\/#primaryimage","url":"https:\/\/iha-race.com\/wp-content\/uploads\/2021\/08\/Helices-HQ-Juicy-Prop-J37-2CW2CCW.jpg","contentUrl":"https:\/\/iha-race.com\/wp-content\/uploads\/2021\/08\/Helices-HQ-Juicy-Prop-J37-2CW2CCW.jpg","width":2000,"height":2000,"caption":"acquistare le eliche pi\u00f9 economiche HQ Juicy Prop J37 (2CW+2CCW)"},{"@type":"BreadcrumbList","@id":"https:\/\/iha-race.com\/it\/prodotto\/eliche-hq-juicy-prop-j37-2cw2ccw\/#breadcrumb","itemListElement":[{"@type":"ListItem","position":1,"name":"Portada","item":"https:\/\/iha-race.com\/it\/"},{"@type":"ListItem","position":2,"name":"Negozio","item":"https:\/\/iha-race.com\/it\/negozio\/"},{"@type":"ListItem","position":3,"name":"Eliche HQ Juicy Prop J37 (2CW+2CCW)"}]},{"@type":"WebSite","@id":"https:\/\/iha-race.com\/it\/#website","url":"https:\/\/iha-race.com\/it\/","name":"Iha Race","description":"Comprar drones de carreras FPV env\u00edos en un d\u00eda desde Espa\u00f1a","publisher":{"@id":"https:\/\/iha-race.com\/it\/#organization"},"potentialAction":[{"@type":"SearchAction","target":{"@type":"EntryPoint","urlTemplate":"https:\/\/iha-race.com\/it\/?s={search_term_string}"},"query-input":{"@type":"PropertyValueSpecification","valueRequired":true,"valueName":"search_term_string"}}],"inLanguage":"it-IT"},{"@type":"Organization","@id":"https:\/\/iha-race.com\/it\/#organization","name":"Iha Race","url":"https:\/\/iha-race.com\/it\/","logo":{"@type":"ImageObject","inLanguage":"it-IT","@id":"https:\/\/iha-race.com\/it\/#\/schema\/logo\/image\/","url":"https:\/\/iha-race.com\/wp-content\/uploads\/2018\/07\/iha-race-drones-de-carreras-tienda-comprar-drones.png","contentUrl":"https:\/\/iha-race.com\/wp-content\/uploads\/2018\/07\/iha-race-drones-de-carreras-tienda-comprar-drones.png","width":300,"height":100,"caption":"Iha Race"},"image":{"@id":"https:\/\/iha-race.com\/it\/#\/schema\/logo\/image\/"}}]}},"brands":[],"_links":{"self":[{"href":"https:\/\/iha-race.com\/it\/wp-json\/wp\/v2\/product\/113879","targetHints":{"allow":["GET"]}}],"collection":[{"href":"https:\/\/iha-race.com\/it\/wp-json\/wp\/v2\/product"}],"about":[{"href":"https:\/\/iha-race.com\/it\/wp-json\/wp\/v2\/types\/product"}],"replies":[{"embeddable":true,"href":"https:\/\/iha-race.com\/it\/wp-json\/wp\/v2\/comments?post=113879"}],"version-history":[{"count":1,"href":"https:\/\/iha-race.com\/it\/wp-json\/wp\/v2\/product\/113879\/revisions"}],"predecessor-version":[{"id":211142,"href":"https:\/\/iha-race.com\/it\/wp-json\/wp\/v2\/product\/113879\/revisions\/211142"}],"wp:featuredmedia":[{"embeddable":true,"href":"https:\/\/iha-race.com\/it\/wp-json\/wp\/v2\/media\/103417"}],"wp:attachment":[{"href":"https:\/\/iha-race.com\/it\/wp-json\/wp\/v2\/media?parent=113879"}],"wp:term":[{"taxonomy":"pwb-brand","embeddable":true,"href":"https:\/\/iha-race.com\/it\/wp-json\/wp\/v2\/pwb-brand?post=113879"},{"taxonomy":"product_cat","embeddable":true,"href":"https:\/\/iha-race.com\/it\/wp-json\/wp\/v2\/product_cat?post=113879"},{"taxonomy":"product_tag","embeddable":true,"href":"https:\/\/iha-race.com\/it\/wp-json\/wp\/v2\/product_tag?post=113879"}],"curies":[{"name":"wp","href":"https:\/\/api.w.org\/{rel}","templated":true}]}}