{"id":113816,"date":"2021-08-06T16:01:38","date_gmt":"2021-08-06T14:01:38","guid":{"rendered":"https:\/\/iha-race.com\/producto\/telecamera-runcam-mipi-cavo-coassiale-da-12-cm\/"},"modified":"2024-08-29T12:21:21","modified_gmt":"2024-08-29T10:21:21","slug":"camara-runcam-mipi-cavo-coassiale-12-cm","status":"publish","type":"product","link":"https:\/\/iha-race.com\/it\/prodotto\/camara-runcam-mipi-cavo-coassiale-12-cm\/","title":{"rendered":"Telecamera RunCam MIPI + cavo coassiale da 12 cm"},"content":{"rendered":"<h2><span data-sheets-value=\"{\"1\":2,\"2\":\"C\u00e1mara RunCam MIPI + Cable Coaxial 12 cm\"}\" data-sheets-userformat=\"{\"2\":15105,\"3\":{\"1\":0},\"11\":4,\"12\":0,\"14\":[null,2,3355443],\"15\":\"Open Sans\",\"16\":12}\">Telecamera RunCam MIPI + cavo coassiale da 12 cm<\/span><\/h2>\n<div class=\"page\">\n<div class=\"main\">\n<div class=\"inner\">\n<div id=\"SideProductRelated\" class=\"Block SideRelatedProducts Moveable Panel\">\n<div class=\"BlockContent\">\n<div class=\"bx-wrapper\">\n<div class=\"bx-viewport\">\n<div>Compatibile con il sistema digitale HD grazie all&#8217;interfaccia MIPI standard. RunCam MIPI \u00e8 una telecamera digitale migliorata per RunCam Racer 4.<\/div>\n<\/div>\n<\/div>\n<\/div>\n<\/div>\n<\/div>\n<\/div>\n<\/div>\n<div id=\"ProductDescription\" class=\"Block Panel ProductDescription\">\n<div class=\"ProductDescriptionContainer prodAccordionContent\">\n<div class=\"MIPI Common ProductFont\">\n<div class=\"Section Section1\">\n<div class=\"position-absolute\">\n<div class=\"subtitle\">Non compatibile con il sistema Shark Byte. Per una telecamera digitale per il sistema Shark Byte, scegliete la RunCam Nano HD.<\/div>\n<p><iframe title=\"RunCam MIPI Compatible with DJI Digital HD System That Provide Standard MIPI Interface.\" width=\"1200\" height=\"675\" src=\"https:\/\/www.youtube.com\/embed\/wEKp1Cm8pr8?feature=oembed\" frameborder=\"0\" allow=\"accelerometer; autoplay; clipboard-write; encrypted-media; gyroscope; picture-in-picture; web-share\" referrerpolicy=\"strict-origin-when-cross-origin\" allowfullscreen><\/iframe><\/p>\n<h2>Specifiche:<\/h2>\n<ul>\n<li>Sensore di immagine: sensore CMOS da 2MP<\/li>\n<li>Risoluzione: predefinita 1280 * 720 @ 60fp<\/li>\n<li>Obiettivo: Campo visivo di 1,8 mm D: 160\u00b0 H: 133\u00b0 V: 75\u00b0 D: 160\u00b0 H: 133\u00b0 V: 75\u00b0 V: 75<\/li>\n<li>Otturatore: Otturatore<\/li>\n<li>Interfaccia: MIPI CSI YUV422 a 4 corsie<\/li>\n<li>Connettore: 26 posizioni con passo da 0,30 mm<\/li>\n<li>Corrente: 450mA@3.3V<\/li>\n<li>Materiale dell&#8217;alloggiamento: addominali<\/li>\n<li>Peso netto. 6,5 g<\/li>\n<li>Dimensioni: L19mm * L19mm * H17mm<\/li>\n<\/ul>\n<p><img fetchpriority=\"high\" decoding=\"async\" class=\"alignnone wp-image-68102 size-large\" src=\"https:\/\/iha-race.com\/wp-content\/uploads\/2021\/08\/mipi-1-1024x576.jpg\" alt=\"\" width=\"840\" height=\"473\" srcset=\"https:\/\/iha-race.com\/wp-content\/uploads\/2021\/08\/mipi-1-1024x576.jpg 1024w, https:\/\/iha-race.com\/wp-content\/uploads\/2021\/08\/mipi-1-300x169.jpg 300w, https:\/\/iha-race.com\/wp-content\/uploads\/2021\/08\/mipi-1-768x432.jpg 768w, https:\/\/iha-race.com\/wp-content\/uploads\/2021\/08\/mipi-1-1536x864.jpg 1536w, https:\/\/iha-race.com\/wp-content\/uploads\/2021\/08\/mipi-1-2048x1152.jpg 2048w, https:\/\/iha-race.com\/wp-content\/uploads\/2021\/08\/mipi-1-267x150.jpg 267w, https:\/\/iha-race.com\/wp-content\/uploads\/2021\/08\/mipi-1-100x56.jpg 100w, https:\/\/iha-race.com\/wp-content\/uploads\/2021\/08\/mipi-1-622x350.jpg 622w, https:\/\/iha-race.com\/wp-content\/uploads\/2021\/08\/mipi-1-788x443.jpg 788w, https:\/\/iha-race.com\/wp-content\/uploads\/2021\/08\/mipi-1-599x337.jpg 599w, https:\/\/iha-race.com\/wp-content\/uploads\/2021\/08\/mipi-1.jpg 1920w\" sizes=\"(max-width: 840px) 100vw, 840px\" \/> <img decoding=\"async\" class=\"alignnone wp-image-68103 size-large\" src=\"https:\/\/iha-race.com\/wp-content\/uploads\/2021\/08\/mipi-2-1024x576.jpg\" alt=\"\" width=\"840\" height=\"473\" srcset=\"https:\/\/iha-race.com\/wp-content\/uploads\/2021\/08\/mipi-2-1024x576.jpg 1024w, https:\/\/iha-race.com\/wp-content\/uploads\/2021\/08\/mipi-2-300x169.jpg 300w, https:\/\/iha-race.com\/wp-content\/uploads\/2021\/08\/mipi-2-768x432.jpg 768w, https:\/\/iha-race.com\/wp-content\/uploads\/2021\/08\/mipi-2-1536x864.jpg 1536w, https:\/\/iha-race.com\/wp-content\/uploads\/2021\/08\/mipi-2-2048x1152.jpg 2048w, https:\/\/iha-race.com\/wp-content\/uploads\/2021\/08\/mipi-2-267x150.jpg 267w, https:\/\/iha-race.com\/wp-content\/uploads\/2021\/08\/mipi-2-100x56.jpg 100w, https:\/\/iha-race.com\/wp-content\/uploads\/2021\/08\/mipi-2-622x350.jpg 622w, https:\/\/iha-race.com\/wp-content\/uploads\/2021\/08\/mipi-2-788x443.jpg 788w, https:\/\/iha-race.com\/wp-content\/uploads\/2021\/08\/mipi-2-599x337.jpg 599w, https:\/\/iha-race.com\/wp-content\/uploads\/2021\/08\/mipi-2.jpg 1920w\" sizes=\"(max-width: 840px) 100vw, 840px\" \/> <img decoding=\"async\" class=\"alignnone wp-image-68104 size-large\" src=\"https:\/\/iha-race.com\/wp-content\/uploads\/2021\/08\/mipi-3-1024x576.jpg\" alt=\"\" width=\"840\" height=\"473\" srcset=\"https:\/\/iha-race.com\/wp-content\/uploads\/2021\/08\/mipi-3-1024x576.jpg 1024w, https:\/\/iha-race.com\/wp-content\/uploads\/2021\/08\/mipi-3-300x169.jpg 300w, https:\/\/iha-race.com\/wp-content\/uploads\/2021\/08\/mipi-3-768x432.jpg 768w, https:\/\/iha-race.com\/wp-content\/uploads\/2021\/08\/mipi-3-1536x864.jpg 1536w, https:\/\/iha-race.com\/wp-content\/uploads\/2021\/08\/mipi-3-2048x1152.jpg 2048w, https:\/\/iha-race.com\/wp-content\/uploads\/2021\/08\/mipi-3-267x150.jpg 267w, https:\/\/iha-race.com\/wp-content\/uploads\/2021\/08\/mipi-3-100x56.jpg 100w, https:\/\/iha-race.com\/wp-content\/uploads\/2021\/08\/mipi-3-622x350.jpg 622w, https:\/\/iha-race.com\/wp-content\/uploads\/2021\/08\/mipi-3-788x443.jpg 788w, https:\/\/iha-race.com\/wp-content\/uploads\/2021\/08\/mipi-3-599x337.jpg 599w, https:\/\/iha-race.com\/wp-content\/uploads\/2021\/08\/mipi-3.jpg 1920w\" sizes=\"(max-width: 840px) 100vw, 840px\" \/> <img loading=\"lazy\" decoding=\"async\" class=\"alignnone wp-image-68105 size-large\" src=\"https:\/\/iha-race.com\/wp-content\/uploads\/2021\/08\/mipi-4-1024x576.jpg\" alt=\"\" width=\"840\" height=\"473\" srcset=\"https:\/\/iha-race.com\/wp-content\/uploads\/2021\/08\/mipi-4-1024x576.jpg 1024w, https:\/\/iha-race.com\/wp-content\/uploads\/2021\/08\/mipi-4-300x169.jpg 300w, https:\/\/iha-race.com\/wp-content\/uploads\/2021\/08\/mipi-4-768x432.jpg 768w, https:\/\/iha-race.com\/wp-content\/uploads\/2021\/08\/mipi-4-1536x864.jpg 1536w, https:\/\/iha-race.com\/wp-content\/uploads\/2021\/08\/mipi-4-2048x1152.jpg 2048w, https:\/\/iha-race.com\/wp-content\/uploads\/2021\/08\/mipi-4-267x150.jpg 267w, https:\/\/iha-race.com\/wp-content\/uploads\/2021\/08\/mipi-4-100x56.jpg 100w, https:\/\/iha-race.com\/wp-content\/uploads\/2021\/08\/mipi-4-622x350.jpg 622w, https:\/\/iha-race.com\/wp-content\/uploads\/2021\/08\/mipi-4-788x443.jpg 788w, https:\/\/iha-race.com\/wp-content\/uploads\/2021\/08\/mipi-4-599x337.jpg 599w, https:\/\/iha-race.com\/wp-content\/uploads\/2021\/08\/mipi-4.jpg 1920w\" sizes=\"(max-width: 840px) 100vw, 840px\" \/><\/p>\n<h2>Dimensioni:<\/h2>\n<p><img loading=\"lazy\" decoding=\"async\" class=\"alignnone wp-image-68106 size-large\" src=\"https:\/\/iha-race.com\/wp-content\/uploads\/2021\/08\/dimensiones-1024x576.jpg\" alt=\"\" width=\"840\" height=\"473\" srcset=\"https:\/\/iha-race.com\/wp-content\/uploads\/2021\/08\/dimensiones-1024x576.jpg 1024w, https:\/\/iha-race.com\/wp-content\/uploads\/2021\/08\/dimensiones-300x169.jpg 300w, https:\/\/iha-race.com\/wp-content\/uploads\/2021\/08\/dimensiones-768x432.jpg 768w, https:\/\/iha-race.com\/wp-content\/uploads\/2021\/08\/dimensiones-1536x864.jpg 1536w, https:\/\/iha-race.com\/wp-content\/uploads\/2021\/08\/dimensiones-2048x1152.jpg 2048w, https:\/\/iha-race.com\/wp-content\/uploads\/2021\/08\/dimensiones-267x150.jpg 267w, https:\/\/iha-race.com\/wp-content\/uploads\/2021\/08\/dimensiones-100x56.jpg 100w, https:\/\/iha-race.com\/wp-content\/uploads\/2021\/08\/dimensiones-622x350.jpg 622w, https:\/\/iha-race.com\/wp-content\/uploads\/2021\/08\/dimensiones-788x443.jpg 788w, https:\/\/iha-race.com\/wp-content\/uploads\/2021\/08\/dimensiones-599x337.jpg 599w, https:\/\/iha-race.com\/wp-content\/uploads\/2021\/08\/dimensiones.jpg 1920w\" sizes=\"(max-width: 840px) 100vw, 840px\" \/><\/p>\n<h2>Il pacchetto comprende:<\/h2>\n<ul>\n<li>1 x telecamera RunCam MIPI + cavo coassiale da 12 cm<\/li>\n<\/ul>\n<\/div>\n<\/div>\n<\/div>\n<\/div>\n<\/div>\n","protected":false},"excerpt":{"rendered":"<p>Telecamera RunCam MIPI + cavo coassiale da 12 cm Compatibile con il sistema digitale HD grazie all&#8217;interfaccia MIPI standard. RunCam MIPI \u00e8 una telecamera digitale migliorata per RunCam Racer 4.<\/p>\n","protected":false},"featured_media":102867,"comment_status":"open","ping_status":"closed","template":"","meta":{"_joinchat":[]},"pwb-brand":[],"product_cat":[2429,2054,2427,1165],"product_tag":[],"class_list":{"0":"post-113816","1":"product","2":"type-product","3":"status-publish","4":"has-post-thumbnail","6":"product_cat-fotocamere-digitali","7":"product_cat-sistemi-digitali","8":"product_cat-telecamere","9":"product_cat-telecamere-fpv","11":"first","12":"instock","13":"taxable","14":"shipping-taxable","15":"purchasable","16":"product-type-simple"},"barcode":null,"atum_controlled":true,"out_stock_date":null,"out_stock_threshold":null,"inheritable":false,"stock_on_hold":0,"sold_today":0,"sales_last_days":0,"out_stock_days":0,"lost_sales":0,"update_date":"2026-04-27T21:47:36","atum_locations":[],"atum_stock_status":"instock","restock_status":false,"low_stock_amount":"","sales_update_date":"2026-04-27T21:47:36","calc_backorders":null,"yoast_head":"<!-- This site is optimized with the Yoast SEO plugin v27.3 - https:\/\/yoast.com\/product\/yoast-seo-wordpress\/ -->\n<title>Telecamera RunCam MIPI + cavo coassiale da 12 cm - Iha Race<\/title>\n<meta name=\"robots\" content=\"index, follow, max-snippet:-1, max-image-preview:large, max-video-preview:-1\" \/>\n<link rel=\"canonical\" href=\"https:\/\/iha-race.com\/it\/prodotto\/camara-runcam-mipi-cavo-coassiale-12-cm\/\" \/>\n<meta property=\"og:locale\" content=\"it_IT\" \/>\n<meta property=\"og:type\" content=\"article\" \/>\n<meta property=\"og:title\" content=\"Telecamera RunCam MIPI + cavo coassiale da 12 cm - Iha Race\" \/>\n<meta property=\"og:description\" content=\"Telecamera RunCam MIPI + cavo coassiale da 12 cm Compatibile con il sistema digitale HD grazie all&#8217;interfaccia MIPI standard. RunCam MIPI \u00e8 una telecamera digitale migliorata per RunCam Racer 4.\" \/>\n<meta property=\"og:url\" content=\"https:\/\/iha-race.com\/it\/prodotto\/camara-runcam-mipi-cavo-coassiale-12-cm\/\" \/>\n<meta property=\"og:site_name\" content=\"Iha Race\" \/>\n<meta property=\"article:modified_time\" content=\"2024-08-29T10:21:21+00:00\" \/>\n<meta property=\"og:image\" content=\"https:\/\/iha-race.com\/wp-content\/uploads\/2021\/08\/Camara-RunCam-MIPI-Cable-Coaxial-12-cm.jpg\" \/>\n\t<meta property=\"og:image:width\" content=\"800\" \/>\n\t<meta property=\"og:image:height\" content=\"800\" \/>\n\t<meta property=\"og:image:type\" content=\"image\/jpeg\" \/>\n<meta name=\"twitter:card\" content=\"summary_large_image\" \/>\n<meta name=\"twitter:label1\" content=\"Tempo di lettura stimato\" \/>\n\t<meta name=\"twitter:data1\" content=\"1 minuto\" \/>\n<script type=\"application\/ld+json\" class=\"yoast-schema-graph\">{\"@context\":\"https:\\\/\\\/schema.org\",\"@graph\":[{\"@type\":\"WebPage\",\"@id\":\"https:\\\/\\\/iha-race.com\\\/it\\\/prodotto\\\/camara-runcam-mipi-cavo-coassiale-12-cm\\\/\",\"url\":\"https:\\\/\\\/iha-race.com\\\/it\\\/prodotto\\\/camara-runcam-mipi-cavo-coassiale-12-cm\\\/\",\"name\":\"Telecamera RunCam MIPI + cavo coassiale da 12 cm - Iha Race\",\"isPartOf\":{\"@id\":\"https:\\\/\\\/iha-race.com\\\/it\\\/#website\"},\"primaryImageOfPage\":{\"@id\":\"https:\\\/\\\/iha-race.com\\\/it\\\/prodotto\\\/camara-runcam-mipi-cavo-coassiale-12-cm\\\/#primaryimage\"},\"image\":{\"@id\":\"https:\\\/\\\/iha-race.com\\\/it\\\/prodotto\\\/camara-runcam-mipi-cavo-coassiale-12-cm\\\/#primaryimage\"},\"thumbnailUrl\":\"https:\\\/\\\/iha-race.com\\\/wp-content\\\/uploads\\\/2021\\\/08\\\/Camara-RunCam-MIPI-Cable-Coaxial-12-cm.jpg\",\"datePublished\":\"2021-08-06T14:01:38+00:00\",\"dateModified\":\"2024-08-29T10:21:21+00:00\",\"breadcrumb\":{\"@id\":\"https:\\\/\\\/iha-race.com\\\/it\\\/prodotto\\\/camara-runcam-mipi-cavo-coassiale-12-cm\\\/#breadcrumb\"},\"inLanguage\":\"it-IT\",\"potentialAction\":[{\"@type\":\"ReadAction\",\"target\":[\"https:\\\/\\\/iha-race.com\\\/it\\\/prodotto\\\/camara-runcam-mipi-cavo-coassiale-12-cm\\\/\"]}]},{\"@type\":\"ImageObject\",\"inLanguage\":\"it-IT\",\"@id\":\"https:\\\/\\\/iha-race.com\\\/it\\\/prodotto\\\/camara-runcam-mipi-cavo-coassiale-12-cm\\\/#primaryimage\",\"url\":\"https:\\\/\\\/iha-race.com\\\/wp-content\\\/uploads\\\/2021\\\/08\\\/Camara-RunCam-MIPI-Cable-Coaxial-12-cm.jpg\",\"contentUrl\":\"https:\\\/\\\/iha-race.com\\\/wp-content\\\/uploads\\\/2021\\\/08\\\/Camara-RunCam-MIPI-Cable-Coaxial-12-cm.jpg\",\"width\":800,\"height\":800},{\"@type\":\"BreadcrumbList\",\"@id\":\"https:\\\/\\\/iha-race.com\\\/it\\\/prodotto\\\/camara-runcam-mipi-cavo-coassiale-12-cm\\\/#breadcrumb\",\"itemListElement\":[{\"@type\":\"ListItem\",\"position\":1,\"name\":\"Portada\",\"item\":\"https:\\\/\\\/iha-race.com\\\/it\\\/\"},{\"@type\":\"ListItem\",\"position\":2,\"name\":\"Negozio\",\"item\":\"https:\\\/\\\/iha-race.com\\\/it\\\/negozio\\\/\"},{\"@type\":\"ListItem\",\"position\":3,\"name\":\"Telecamera RunCam MIPI + cavo coassiale da 12 cm\"}]},{\"@type\":\"WebSite\",\"@id\":\"https:\\\/\\\/iha-race.com\\\/it\\\/#website\",\"url\":\"https:\\\/\\\/iha-race.com\\\/it\\\/\",\"name\":\"Iha Race\",\"description\":\"Comprar drones de carreras FPV env\u00edos en un d\u00eda desde Espa\u00f1a\",\"publisher\":{\"@id\":\"https:\\\/\\\/iha-race.com\\\/it\\\/#organization\"},\"potentialAction\":[{\"@type\":\"SearchAction\",\"target\":{\"@type\":\"EntryPoint\",\"urlTemplate\":\"https:\\\/\\\/iha-race.com\\\/it\\\/?s={search_term_string}\"},\"query-input\":{\"@type\":\"PropertyValueSpecification\",\"valueRequired\":true,\"valueName\":\"search_term_string\"}}],\"inLanguage\":\"it-IT\"},{\"@type\":\"Organization\",\"@id\":\"https:\\\/\\\/iha-race.com\\\/it\\\/#organization\",\"name\":\"Iha Race\",\"url\":\"https:\\\/\\\/iha-race.com\\\/it\\\/\",\"logo\":{\"@type\":\"ImageObject\",\"inLanguage\":\"it-IT\",\"@id\":\"https:\\\/\\\/iha-race.com\\\/it\\\/#\\\/schema\\\/logo\\\/image\\\/\",\"url\":\"https:\\\/\\\/iha-race.com\\\/wp-content\\\/uploads\\\/2018\\\/07\\\/iha-race-drones-de-carreras-tienda-comprar-drones.png\",\"contentUrl\":\"https:\\\/\\\/iha-race.com\\\/wp-content\\\/uploads\\\/2018\\\/07\\\/iha-race-drones-de-carreras-tienda-comprar-drones.png\",\"width\":300,\"height\":100,\"caption\":\"Iha Race\"},\"image\":{\"@id\":\"https:\\\/\\\/iha-race.com\\\/it\\\/#\\\/schema\\\/logo\\\/image\\\/\"}}]}<\/script>\n<!-- \/ Yoast SEO plugin. -->","yoast_head_json":{"title":"Telecamera RunCam MIPI + cavo coassiale da 12 cm - Iha Race","robots":{"index":"index","follow":"follow","max-snippet":"max-snippet:-1","max-image-preview":"max-image-preview:large","max-video-preview":"max-video-preview:-1"},"canonical":"https:\/\/iha-race.com\/it\/prodotto\/camara-runcam-mipi-cavo-coassiale-12-cm\/","og_locale":"it_IT","og_type":"article","og_title":"Telecamera RunCam MIPI + cavo coassiale da 12 cm - Iha Race","og_description":"Telecamera RunCam MIPI + cavo coassiale da 12 cm Compatibile con il sistema digitale HD grazie all&#8217;interfaccia MIPI standard. RunCam MIPI \u00e8 una telecamera digitale migliorata per RunCam Racer 4.","og_url":"https:\/\/iha-race.com\/it\/prodotto\/camara-runcam-mipi-cavo-coassiale-12-cm\/","og_site_name":"Iha Race","article_modified_time":"2024-08-29T10:21:21+00:00","og_image":[{"width":800,"height":800,"url":"https:\/\/iha-race.com\/wp-content\/uploads\/2021\/08\/Camara-RunCam-MIPI-Cable-Coaxial-12-cm.jpg","type":"image\/jpeg"}],"twitter_card":"summary_large_image","twitter_misc":{"Tempo di lettura stimato":"1 minuto"},"schema":{"@context":"https:\/\/schema.org","@graph":[{"@type":"WebPage","@id":"https:\/\/iha-race.com\/it\/prodotto\/camara-runcam-mipi-cavo-coassiale-12-cm\/","url":"https:\/\/iha-race.com\/it\/prodotto\/camara-runcam-mipi-cavo-coassiale-12-cm\/","name":"Telecamera RunCam MIPI + cavo coassiale da 12 cm - Iha Race","isPartOf":{"@id":"https:\/\/iha-race.com\/it\/#website"},"primaryImageOfPage":{"@id":"https:\/\/iha-race.com\/it\/prodotto\/camara-runcam-mipi-cavo-coassiale-12-cm\/#primaryimage"},"image":{"@id":"https:\/\/iha-race.com\/it\/prodotto\/camara-runcam-mipi-cavo-coassiale-12-cm\/#primaryimage"},"thumbnailUrl":"https:\/\/iha-race.com\/wp-content\/uploads\/2021\/08\/Camara-RunCam-MIPI-Cable-Coaxial-12-cm.jpg","datePublished":"2021-08-06T14:01:38+00:00","dateModified":"2024-08-29T10:21:21+00:00","breadcrumb":{"@id":"https:\/\/iha-race.com\/it\/prodotto\/camara-runcam-mipi-cavo-coassiale-12-cm\/#breadcrumb"},"inLanguage":"it-IT","potentialAction":[{"@type":"ReadAction","target":["https:\/\/iha-race.com\/it\/prodotto\/camara-runcam-mipi-cavo-coassiale-12-cm\/"]}]},{"@type":"ImageObject","inLanguage":"it-IT","@id":"https:\/\/iha-race.com\/it\/prodotto\/camara-runcam-mipi-cavo-coassiale-12-cm\/#primaryimage","url":"https:\/\/iha-race.com\/wp-content\/uploads\/2021\/08\/Camara-RunCam-MIPI-Cable-Coaxial-12-cm.jpg","contentUrl":"https:\/\/iha-race.com\/wp-content\/uploads\/2021\/08\/Camara-RunCam-MIPI-Cable-Coaxial-12-cm.jpg","width":800,"height":800},{"@type":"BreadcrumbList","@id":"https:\/\/iha-race.com\/it\/prodotto\/camara-runcam-mipi-cavo-coassiale-12-cm\/#breadcrumb","itemListElement":[{"@type":"ListItem","position":1,"name":"Portada","item":"https:\/\/iha-race.com\/it\/"},{"@type":"ListItem","position":2,"name":"Negozio","item":"https:\/\/iha-race.com\/it\/negozio\/"},{"@type":"ListItem","position":3,"name":"Telecamera RunCam MIPI + cavo coassiale da 12 cm"}]},{"@type":"WebSite","@id":"https:\/\/iha-race.com\/it\/#website","url":"https:\/\/iha-race.com\/it\/","name":"Iha Race","description":"Comprar drones de carreras FPV env\u00edos en un d\u00eda desde Espa\u00f1a","publisher":{"@id":"https:\/\/iha-race.com\/it\/#organization"},"potentialAction":[{"@type":"SearchAction","target":{"@type":"EntryPoint","urlTemplate":"https:\/\/iha-race.com\/it\/?s={search_term_string}"},"query-input":{"@type":"PropertyValueSpecification","valueRequired":true,"valueName":"search_term_string"}}],"inLanguage":"it-IT"},{"@type":"Organization","@id":"https:\/\/iha-race.com\/it\/#organization","name":"Iha Race","url":"https:\/\/iha-race.com\/it\/","logo":{"@type":"ImageObject","inLanguage":"it-IT","@id":"https:\/\/iha-race.com\/it\/#\/schema\/logo\/image\/","url":"https:\/\/iha-race.com\/wp-content\/uploads\/2018\/07\/iha-race-drones-de-carreras-tienda-comprar-drones.png","contentUrl":"https:\/\/iha-race.com\/wp-content\/uploads\/2018\/07\/iha-race-drones-de-carreras-tienda-comprar-drones.png","width":300,"height":100,"caption":"Iha Race"},"image":{"@id":"https:\/\/iha-race.com\/it\/#\/schema\/logo\/image\/"}}]}},"jetpack_sharing_enabled":true,"brands":[],"_links":{"self":[{"href":"https:\/\/iha-race.com\/it\/wp-json\/wp\/v2\/product\/113816","targetHints":{"allow":["GET"]}}],"collection":[{"href":"https:\/\/iha-race.com\/it\/wp-json\/wp\/v2\/product"}],"about":[{"href":"https:\/\/iha-race.com\/it\/wp-json\/wp\/v2\/types\/product"}],"replies":[{"embeddable":true,"href":"https:\/\/iha-race.com\/it\/wp-json\/wp\/v2\/comments?post=113816"}],"version-history":[{"count":2,"href":"https:\/\/iha-race.com\/it\/wp-json\/wp\/v2\/product\/113816\/revisions"}],"predecessor-version":[{"id":249424,"href":"https:\/\/iha-race.com\/it\/wp-json\/wp\/v2\/product\/113816\/revisions\/249424"}],"wp:featuredmedia":[{"embeddable":true,"href":"https:\/\/iha-race.com\/it\/wp-json\/wp\/v2\/media\/102867"}],"wp:attachment":[{"href":"https:\/\/iha-race.com\/it\/wp-json\/wp\/v2\/media?parent=113816"}],"wp:term":[{"taxonomy":"pwb-brand","embeddable":true,"href":"https:\/\/iha-race.com\/it\/wp-json\/wp\/v2\/pwb-brand?post=113816"},{"taxonomy":"product_cat","embeddable":true,"href":"https:\/\/iha-race.com\/it\/wp-json\/wp\/v2\/product_cat?post=113816"},{"taxonomy":"product_tag","embeddable":true,"href":"https:\/\/iha-race.com\/it\/wp-json\/wp\/v2\/product_tag?post=113816"}],"curies":[{"name":"wp","href":"https:\/\/api.w.org\/{rel}","templated":true}]}}