{"id":113747,"date":"2021-07-07T18:00:40","date_gmt":"2021-07-07T16:00:40","guid":{"rendered":"https:\/\/iha-race.com\/producto\/kit-cinghie-betafpv-per-lipo-2s-4s-2-pz\/"},"modified":"2024-08-29T12:24:13","modified_gmt":"2024-08-29T10:24:13","slug":"kit-cinghie-betafpv-cinghie-per-lipos-2s-4s-2-unita-o-6-unita","status":"publish","type":"product","link":"https:\/\/iha-race.com\/it\/prodotto\/kit-cinghie-betafpv-cinghie-per-lipos-2s-4s-2-unita-o-6-unita\/","title":{"rendered":"Kit cinghie BetaFPV per lipo 2S-4S (2 unit\u00e0 o 6 unit\u00e0)"},"content":{"rendered":"<h2>Kit cinghie BetaFPV per lipo 2S-4S (2 unit\u00e0 o 6 unit\u00e0)<\/h2>\n<p>  Ogni cinghia \u00e8 leggera, resistente e dotata di un supporto in nylon per una superficie antiscivolo sulla batteria. In questo modo si evita che la batteria venga espulsa durante un volo aggressivo o addirittura che si schianti. Il kit di cinghie 2-4S comprende 2 set di gommini antiscivolo, adatti per  <a href=\"https:\/\/iha-race.com\/producto\/marco-betafpv-85x-4k\/\"><a href=\"https:\/\/iha-race.com\/producto\/marco-betafpv-85x-4k\/\">Scatola Beta85X.<\/a><\/a><\/p>\n<p><img fetchpriority=\"high\" decoding=\"async\" class=\"alignnone wp-image-66885 size-large\" src=\"https:\/\/iha-race.com\/wp-content\/uploads\/2021\/07\/cuadro-85X-1024x574.jpg\" alt=\"\" width=\"840\" height=\"471\" srcset=\"https:\/\/iha-race.com\/wp-content\/uploads\/2021\/07\/cuadro-85X-1024x574.jpg 1024w, https:\/\/iha-race.com\/wp-content\/uploads\/2021\/07\/cuadro-85X-300x168.jpg 300w, https:\/\/iha-race.com\/wp-content\/uploads\/2021\/07\/cuadro-85X-767x430.jpg 767w, https:\/\/iha-race.com\/wp-content\/uploads\/2021\/07\/cuadro-85X-1536x862.jpg 1536w, https:\/\/iha-race.com\/wp-content\/uploads\/2021\/07\/cuadro-85X-2048x1149.jpg 2048w, https:\/\/iha-race.com\/wp-content\/uploads\/2021\/07\/cuadro-85X-267x150.jpg 267w, https:\/\/iha-race.com\/wp-content\/uploads\/2021\/07\/cuadro-85X-100x56.jpg 100w, https:\/\/iha-race.com\/wp-content\/uploads\/2021\/07\/cuadro-85X-624x350.jpg 624w, https:\/\/iha-race.com\/wp-content\/uploads\/2021\/07\/cuadro-85X-788x442.jpg 788w, https:\/\/iha-race.com\/wp-content\/uploads\/2021\/07\/cuadro-85X.jpg 599w\" sizes=\"(max-width: 840px) 100vw, 840px\" \/><\/p>\n<h2>Specifiche:<\/h2>\n<ul>\n<li>Cinghia per batteria 10*115 mm adatta per batterie 2-3S<\/li>\n<li>Cinghia per batteria 10 * 150 mm adatta per batterie 3-4S<\/li>\n<\/ul>\n<p><img decoding=\"async\" class=\"alignnone wp-image-66886 size-large\" src=\"https:\/\/iha-race.com\/wp-content\/uploads\/2021\/07\/Kit-Straps-BetaFPV-para-baterias-Lipos-2S-4S-2-Unidades-medidas-1024x572.jpg\" alt=\"\" width=\"840\" height=\"469\" srcset=\"https:\/\/iha-race.com\/wp-content\/uploads\/2021\/07\/Kit-Straps-BetaFPV-para-baterias-Lipos-2S-4S-2-Unidades-medidas-1024x572.jpg 1024w, https:\/\/iha-race.com\/wp-content\/uploads\/2021\/07\/Kit-Straps-BetaFPV-para-baterias-Lipos-2S-4S-2-Unidades-medidas-300x168.jpg 300w, https:\/\/iha-race.com\/wp-content\/uploads\/2021\/07\/Kit-Straps-BetaFPV-para-baterias-Lipos-2S-4S-2-Unidades-medidas-767x428.jpg 767w, https:\/\/iha-race.com\/wp-content\/uploads\/2021\/07\/Kit-Straps-BetaFPV-para-baterias-Lipos-2S-4S-2-Unidades-medidas-1536x858.jpg 1536w, https:\/\/iha-race.com\/wp-content\/uploads\/2021\/07\/Kit-Straps-BetaFPV-para-baterias-Lipos-2S-4S-2-Unidades-medidas-2048x1143.jpg 2048w, https:\/\/iha-race.com\/wp-content\/uploads\/2021\/07\/Kit-Straps-BetaFPV-para-baterias-Lipos-2S-4S-2-Unidades-medidas-269x150.jpg 269w, https:\/\/iha-race.com\/wp-content\/uploads\/2021\/07\/Kit-Straps-BetaFPV-para-baterias-Lipos-2S-4S-2-Unidades-medidas-100x56.jpg 100w, https:\/\/iha-race.com\/wp-content\/uploads\/2021\/07\/Kit-Straps-BetaFPV-para-baterias-Lipos-2S-4S-2-Unidades-medidas-627x350.jpg 627w, https:\/\/iha-race.com\/wp-content\/uploads\/2021\/07\/Kit-Straps-BetaFPV-para-baterias-Lipos-2S-4S-2-Unidades-medidas-788x439.jpg 788w, https:\/\/iha-race.com\/wp-content\/uploads\/2021\/07\/Kit-Straps-BetaFPV-para-baterias-Lipos-2S-4S-2-Unidades-medidas.jpg 600w\" sizes=\"(max-width: 840px) 100vw, 840px\" \/><\/p>\n<h2>Il pacchetto comprende:<\/h2>\n<p><strong>Confezione da 2 unit\u00e0<\/strong><\/p>\n<ul>\n<li>1 cinghia per batteria 2-3S da 10 x 115 mm<\/li>\n<li>1 cinghia per batteria 3-4S da 10 x 150 mm<\/li>\n<li>2 x set di gommini antiscivolo<\/li>\n<\/ul>\n<p><strong>Confezione da 6 unit\u00e0<\/strong><\/p>\n<ul>\n<li>2 x 10 x 115 mm 2-3S cinghia per batterie<\/li>\n<li>2 x 10 x 150 mm 3-4S Cinghia per batteria 10 x 150 mm<\/li>\n<li>4 x set di gommini antiscivolo<\/li>\n<\/ul>\n","protected":false},"excerpt":{"rendered":"<p>Kit cinghie BetaFPV per lipo 2S-4S (2 unit\u00e0 o 6 unit\u00e0) Ogni cinghia \u00e8 leggera, resistente e dotata di un supporto in nylon per una superficie antiscivolo sulla batteria. In<\/p>\n","protected":false},"featured_media":101571,"comment_status":"open","ping_status":"closed","template":"","meta":{"_joinchat":[]},"pwb-brand":[],"product_cat":[1073,1065],"product_tag":[],"class_list":{"0":"post-113747","1":"product","2":"type-product","3":"status-publish","4":"has-post-thumbnail","6":"product_cat-accessori-per-batterie","7":"product_cat-batterie-fpv","9":"first","10":"instock","11":"taxable","12":"shipping-taxable","13":"purchasable","14":"product-type-variable"},"barcode":null,"atum_controlled":true,"out_stock_date":null,"out_stock_threshold":null,"inheritable":true,"stock_on_hold":0,"sold_today":0,"sales_last_days":1,"out_stock_days":0,"lost_sales":0,"update_date":"2026-04-27T19:56:06","atum_locations":[],"atum_stock_status":"instock","restock_status":false,"low_stock_amount":"","sales_update_date":"2026-04-27T19:56:06","calc_backorders":null,"yoast_head":"<!-- This site is optimized with the Yoast SEO plugin v27.3 - https:\/\/yoast.com\/product\/yoast-seo-wordpress\/ -->\n<title>Kit cinghie BetaFPV per lipo 2S-4S (2 unit\u00e0 o 6 unit\u00e0) - Iha Race<\/title>\n<meta name=\"robots\" content=\"index, follow, max-snippet:-1, max-image-preview:large, max-video-preview:-1\" \/>\n<link rel=\"canonical\" href=\"https:\/\/iha-race.com\/it\/prodotto\/kit-cinghie-betafpv-cinghie-per-lipos-2s-4s-2-unita-o-6-unita\/\" \/>\n<meta property=\"og:locale\" content=\"it_IT\" \/>\n<meta property=\"og:type\" content=\"article\" \/>\n<meta property=\"og:title\" content=\"Kit cinghie BetaFPV per lipo 2S-4S (2 unit\u00e0 o 6 unit\u00e0) - Iha Race\" \/>\n<meta property=\"og:description\" content=\"Kit cinghie BetaFPV per lipo 2S-4S (2 unit\u00e0 o 6 unit\u00e0) Ogni cinghia \u00e8 leggera, resistente e dotata di un supporto in nylon per una superficie antiscivolo sulla batteria. In\" \/>\n<meta property=\"og:url\" content=\"https:\/\/iha-race.com\/it\/prodotto\/kit-cinghie-betafpv-cinghie-per-lipos-2s-4s-2-unita-o-6-unita\/\" \/>\n<meta property=\"og:site_name\" content=\"Iha Race\" \/>\n<meta property=\"article:modified_time\" content=\"2024-08-29T10:24:13+00:00\" \/>\n<meta property=\"og:image\" content=\"https:\/\/iha-race.com\/wp-content\/uploads\/2021\/07\/Kit-Straps-BetaFPV-para-Lipos-2S-4S-2-Unidades.jpg\" \/>\n\t<meta property=\"og:image:width\" content=\"800\" \/>\n\t<meta property=\"og:image:height\" content=\"800\" \/>\n\t<meta property=\"og:image:type\" content=\"image\/jpeg\" \/>\n<meta name=\"twitter:card\" content=\"summary_large_image\" \/>\n<meta name=\"twitter:label1\" content=\"Tempo di lettura stimato\" \/>\n\t<meta name=\"twitter:data1\" content=\"1 minuto\" \/>\n<script type=\"application\/ld+json\" class=\"yoast-schema-graph\">{\"@context\":\"https:\\\/\\\/schema.org\",\"@graph\":[{\"@type\":\"WebPage\",\"@id\":\"https:\\\/\\\/iha-race.com\\\/it\\\/prodotto\\\/kit-cinghie-betafpv-cinghie-per-lipos-2s-4s-2-unita-o-6-unita\\\/\",\"url\":\"https:\\\/\\\/iha-race.com\\\/it\\\/prodotto\\\/kit-cinghie-betafpv-cinghie-per-lipos-2s-4s-2-unita-o-6-unita\\\/\",\"name\":\"Kit cinghie BetaFPV per lipo 2S-4S (2 unit\u00e0 o 6 unit\u00e0) - Iha Race\",\"isPartOf\":{\"@id\":\"https:\\\/\\\/iha-race.com\\\/it\\\/#website\"},\"primaryImageOfPage\":{\"@id\":\"https:\\\/\\\/iha-race.com\\\/it\\\/prodotto\\\/kit-cinghie-betafpv-cinghie-per-lipos-2s-4s-2-unita-o-6-unita\\\/#primaryimage\"},\"image\":{\"@id\":\"https:\\\/\\\/iha-race.com\\\/it\\\/prodotto\\\/kit-cinghie-betafpv-cinghie-per-lipos-2s-4s-2-unita-o-6-unita\\\/#primaryimage\"},\"thumbnailUrl\":\"https:\\\/\\\/iha-race.com\\\/wp-content\\\/uploads\\\/2021\\\/07\\\/Kit-Straps-BetaFPV-para-Lipos-2S-4S-2-Unidades.jpg\",\"datePublished\":\"2021-07-07T16:00:40+00:00\",\"dateModified\":\"2024-08-29T10:24:13+00:00\",\"breadcrumb\":{\"@id\":\"https:\\\/\\\/iha-race.com\\\/it\\\/prodotto\\\/kit-cinghie-betafpv-cinghie-per-lipos-2s-4s-2-unita-o-6-unita\\\/#breadcrumb\"},\"inLanguage\":\"it-IT\",\"potentialAction\":[{\"@type\":\"ReadAction\",\"target\":[\"https:\\\/\\\/iha-race.com\\\/it\\\/prodotto\\\/kit-cinghie-betafpv-cinghie-per-lipos-2s-4s-2-unita-o-6-unita\\\/\"]}]},{\"@type\":\"ImageObject\",\"inLanguage\":\"it-IT\",\"@id\":\"https:\\\/\\\/iha-race.com\\\/it\\\/prodotto\\\/kit-cinghie-betafpv-cinghie-per-lipos-2s-4s-2-unita-o-6-unita\\\/#primaryimage\",\"url\":\"https:\\\/\\\/iha-race.com\\\/wp-content\\\/uploads\\\/2021\\\/07\\\/Kit-Straps-BetaFPV-para-Lipos-2S-4S-2-Unidades.jpg\",\"contentUrl\":\"https:\\\/\\\/iha-race.com\\\/wp-content\\\/uploads\\\/2021\\\/07\\\/Kit-Straps-BetaFPV-para-Lipos-2S-4S-2-Unidades.jpg\",\"width\":800,\"height\":800,\"caption\":\"acquistare il pi\u00f9 economico Kit Cinghie BetaFPV per Lipos 2S-4S (2 unit\u00e0)\"},{\"@type\":\"BreadcrumbList\",\"@id\":\"https:\\\/\\\/iha-race.com\\\/it\\\/prodotto\\\/kit-cinghie-betafpv-cinghie-per-lipos-2s-4s-2-unita-o-6-unita\\\/#breadcrumb\",\"itemListElement\":[{\"@type\":\"ListItem\",\"position\":1,\"name\":\"Portada\",\"item\":\"https:\\\/\\\/iha-race.com\\\/it\\\/\"},{\"@type\":\"ListItem\",\"position\":2,\"name\":\"Negozio\",\"item\":\"https:\\\/\\\/iha-race.com\\\/it\\\/negozio\\\/\"},{\"@type\":\"ListItem\",\"position\":3,\"name\":\"Kit cinghie BetaFPV per lipo 2S-4S (2 unit\u00e0 o 6 unit\u00e0)\"}]},{\"@type\":\"WebSite\",\"@id\":\"https:\\\/\\\/iha-race.com\\\/it\\\/#website\",\"url\":\"https:\\\/\\\/iha-race.com\\\/it\\\/\",\"name\":\"Iha Race\",\"description\":\"Comprar drones de carreras FPV env\u00edos en un d\u00eda desde Espa\u00f1a\",\"publisher\":{\"@id\":\"https:\\\/\\\/iha-race.com\\\/it\\\/#organization\"},\"potentialAction\":[{\"@type\":\"SearchAction\",\"target\":{\"@type\":\"EntryPoint\",\"urlTemplate\":\"https:\\\/\\\/iha-race.com\\\/it\\\/?s={search_term_string}\"},\"query-input\":{\"@type\":\"PropertyValueSpecification\",\"valueRequired\":true,\"valueName\":\"search_term_string\"}}],\"inLanguage\":\"it-IT\"},{\"@type\":\"Organization\",\"@id\":\"https:\\\/\\\/iha-race.com\\\/it\\\/#organization\",\"name\":\"Iha Race\",\"url\":\"https:\\\/\\\/iha-race.com\\\/it\\\/\",\"logo\":{\"@type\":\"ImageObject\",\"inLanguage\":\"it-IT\",\"@id\":\"https:\\\/\\\/iha-race.com\\\/it\\\/#\\\/schema\\\/logo\\\/image\\\/\",\"url\":\"https:\\\/\\\/iha-race.com\\\/wp-content\\\/uploads\\\/2018\\\/07\\\/iha-race-drones-de-carreras-tienda-comprar-drones.png\",\"contentUrl\":\"https:\\\/\\\/iha-race.com\\\/wp-content\\\/uploads\\\/2018\\\/07\\\/iha-race-drones-de-carreras-tienda-comprar-drones.png\",\"width\":300,\"height\":100,\"caption\":\"Iha Race\"},\"image\":{\"@id\":\"https:\\\/\\\/iha-race.com\\\/it\\\/#\\\/schema\\\/logo\\\/image\\\/\"}}]}<\/script>\n<!-- \/ Yoast SEO plugin. -->","yoast_head_json":{"title":"Kit cinghie BetaFPV per lipo 2S-4S (2 unit\u00e0 o 6 unit\u00e0) - Iha Race","robots":{"index":"index","follow":"follow","max-snippet":"max-snippet:-1","max-image-preview":"max-image-preview:large","max-video-preview":"max-video-preview:-1"},"canonical":"https:\/\/iha-race.com\/it\/prodotto\/kit-cinghie-betafpv-cinghie-per-lipos-2s-4s-2-unita-o-6-unita\/","og_locale":"it_IT","og_type":"article","og_title":"Kit cinghie BetaFPV per lipo 2S-4S (2 unit\u00e0 o 6 unit\u00e0) - Iha Race","og_description":"Kit cinghie BetaFPV per lipo 2S-4S (2 unit\u00e0 o 6 unit\u00e0) Ogni cinghia \u00e8 leggera, resistente e dotata di un supporto in nylon per una superficie antiscivolo sulla batteria. In","og_url":"https:\/\/iha-race.com\/it\/prodotto\/kit-cinghie-betafpv-cinghie-per-lipos-2s-4s-2-unita-o-6-unita\/","og_site_name":"Iha Race","article_modified_time":"2024-08-29T10:24:13+00:00","og_image":[{"width":800,"height":800,"url":"https:\/\/iha-race.com\/wp-content\/uploads\/2021\/07\/Kit-Straps-BetaFPV-para-Lipos-2S-4S-2-Unidades.jpg","type":"image\/jpeg"}],"twitter_card":"summary_large_image","twitter_misc":{"Tempo di lettura stimato":"1 minuto"},"schema":{"@context":"https:\/\/schema.org","@graph":[{"@type":"WebPage","@id":"https:\/\/iha-race.com\/it\/prodotto\/kit-cinghie-betafpv-cinghie-per-lipos-2s-4s-2-unita-o-6-unita\/","url":"https:\/\/iha-race.com\/it\/prodotto\/kit-cinghie-betafpv-cinghie-per-lipos-2s-4s-2-unita-o-6-unita\/","name":"Kit cinghie BetaFPV per lipo 2S-4S (2 unit\u00e0 o 6 unit\u00e0) - Iha Race","isPartOf":{"@id":"https:\/\/iha-race.com\/it\/#website"},"primaryImageOfPage":{"@id":"https:\/\/iha-race.com\/it\/prodotto\/kit-cinghie-betafpv-cinghie-per-lipos-2s-4s-2-unita-o-6-unita\/#primaryimage"},"image":{"@id":"https:\/\/iha-race.com\/it\/prodotto\/kit-cinghie-betafpv-cinghie-per-lipos-2s-4s-2-unita-o-6-unita\/#primaryimage"},"thumbnailUrl":"https:\/\/iha-race.com\/wp-content\/uploads\/2021\/07\/Kit-Straps-BetaFPV-para-Lipos-2S-4S-2-Unidades.jpg","datePublished":"2021-07-07T16:00:40+00:00","dateModified":"2024-08-29T10:24:13+00:00","breadcrumb":{"@id":"https:\/\/iha-race.com\/it\/prodotto\/kit-cinghie-betafpv-cinghie-per-lipos-2s-4s-2-unita-o-6-unita\/#breadcrumb"},"inLanguage":"it-IT","potentialAction":[{"@type":"ReadAction","target":["https:\/\/iha-race.com\/it\/prodotto\/kit-cinghie-betafpv-cinghie-per-lipos-2s-4s-2-unita-o-6-unita\/"]}]},{"@type":"ImageObject","inLanguage":"it-IT","@id":"https:\/\/iha-race.com\/it\/prodotto\/kit-cinghie-betafpv-cinghie-per-lipos-2s-4s-2-unita-o-6-unita\/#primaryimage","url":"https:\/\/iha-race.com\/wp-content\/uploads\/2021\/07\/Kit-Straps-BetaFPV-para-Lipos-2S-4S-2-Unidades.jpg","contentUrl":"https:\/\/iha-race.com\/wp-content\/uploads\/2021\/07\/Kit-Straps-BetaFPV-para-Lipos-2S-4S-2-Unidades.jpg","width":800,"height":800,"caption":"acquistare il pi\u00f9 economico Kit Cinghie BetaFPV per Lipos 2S-4S (2 unit\u00e0)"},{"@type":"BreadcrumbList","@id":"https:\/\/iha-race.com\/it\/prodotto\/kit-cinghie-betafpv-cinghie-per-lipos-2s-4s-2-unita-o-6-unita\/#breadcrumb","itemListElement":[{"@type":"ListItem","position":1,"name":"Portada","item":"https:\/\/iha-race.com\/it\/"},{"@type":"ListItem","position":2,"name":"Negozio","item":"https:\/\/iha-race.com\/it\/negozio\/"},{"@type":"ListItem","position":3,"name":"Kit cinghie BetaFPV per lipo 2S-4S (2 unit\u00e0 o 6 unit\u00e0)"}]},{"@type":"WebSite","@id":"https:\/\/iha-race.com\/it\/#website","url":"https:\/\/iha-race.com\/it\/","name":"Iha Race","description":"Comprar drones de carreras FPV env\u00edos en un d\u00eda desde Espa\u00f1a","publisher":{"@id":"https:\/\/iha-race.com\/it\/#organization"},"potentialAction":[{"@type":"SearchAction","target":{"@type":"EntryPoint","urlTemplate":"https:\/\/iha-race.com\/it\/?s={search_term_string}"},"query-input":{"@type":"PropertyValueSpecification","valueRequired":true,"valueName":"search_term_string"}}],"inLanguage":"it-IT"},{"@type":"Organization","@id":"https:\/\/iha-race.com\/it\/#organization","name":"Iha Race","url":"https:\/\/iha-race.com\/it\/","logo":{"@type":"ImageObject","inLanguage":"it-IT","@id":"https:\/\/iha-race.com\/it\/#\/schema\/logo\/image\/","url":"https:\/\/iha-race.com\/wp-content\/uploads\/2018\/07\/iha-race-drones-de-carreras-tienda-comprar-drones.png","contentUrl":"https:\/\/iha-race.com\/wp-content\/uploads\/2018\/07\/iha-race-drones-de-carreras-tienda-comprar-drones.png","width":300,"height":100,"caption":"Iha Race"},"image":{"@id":"https:\/\/iha-race.com\/it\/#\/schema\/logo\/image\/"}}]}},"jetpack_sharing_enabled":true,"brands":[],"_links":{"self":[{"href":"https:\/\/iha-race.com\/it\/wp-json\/wp\/v2\/product\/113747","targetHints":{"allow":["GET"]}}],"collection":[{"href":"https:\/\/iha-race.com\/it\/wp-json\/wp\/v2\/product"}],"about":[{"href":"https:\/\/iha-race.com\/it\/wp-json\/wp\/v2\/types\/product"}],"replies":[{"embeddable":true,"href":"https:\/\/iha-race.com\/it\/wp-json\/wp\/v2\/comments?post=113747"}],"version-history":[{"count":3,"href":"https:\/\/iha-race.com\/it\/wp-json\/wp\/v2\/product\/113747\/revisions"}],"predecessor-version":[{"id":249457,"href":"https:\/\/iha-race.com\/it\/wp-json\/wp\/v2\/product\/113747\/revisions\/249457"}],"wp:featuredmedia":[{"embeddable":true,"href":"https:\/\/iha-race.com\/it\/wp-json\/wp\/v2\/media\/101571"}],"wp:attachment":[{"href":"https:\/\/iha-race.com\/it\/wp-json\/wp\/v2\/media?parent=113747"}],"wp:term":[{"taxonomy":"pwb-brand","embeddable":true,"href":"https:\/\/iha-race.com\/it\/wp-json\/wp\/v2\/pwb-brand?post=113747"},{"taxonomy":"product_cat","embeddable":true,"href":"https:\/\/iha-race.com\/it\/wp-json\/wp\/v2\/product_cat?post=113747"},{"taxonomy":"product_tag","embeddable":true,"href":"https:\/\/iha-race.com\/it\/wp-json\/wp\/v2\/product_tag?post=113747"}],"curies":[{"name":"wp","href":"https:\/\/api.w.org\/{rel}","templated":true}]}}