{"id":113719,"date":"2021-06-11T16:52:19","date_gmt":"2021-06-11T14:52:19","guid":{"rendered":"https:\/\/iha-race.com\/producto\/dji-t-motor-air-unit-3d-parti-per-ft5-mkii\/"},"modified":"2024-08-29T12:25:26","modified_gmt":"2024-08-29T10:25:26","slug":"parti-3d-unita-aria-dji-t-motore-parti-3d-unita-aria-dji-t-motore-per-ft5-mkii","status":"publish","type":"product","link":"https:\/\/iha-race.com\/it\/prodotto\/parti-3d-unita-aria-dji-t-motore-parti-3d-unita-aria-dji-t-motore-per-ft5-mkii\/","title":{"rendered":"DJI T-Motor Air Unit 3D parti per FT5 MKII"},"content":{"rendered":"","protected":false},"excerpt":{"rendered":"","protected":false},"featured_media":100794,"comment_status":"open","ping_status":"closed","template":"","meta":{"_joinchat":[]},"pwb-brand":[],"product_cat":[3670,1438],"product_tag":[],"class_list":{"0":"post-113719","1":"product","2":"type-product","3":"status-publish","4":"has-post-thumbnail","6":"product_cat-cornici","7":"product_cat-droni-fpv","9":"first","10":"instock","11":"taxable","12":"shipping-taxable","13":"purchasable","14":"product-type-simple"},"barcode":null,"atum_controlled":true,"out_stock_date":null,"out_stock_threshold":null,"inheritable":false,"stock_on_hold":0,"sold_today":0,"sales_last_days":0,"out_stock_days":0,"lost_sales":0,"update_date":"2026-04-08T16:40:16","atum_locations":[],"atum_stock_status":"instock","restock_status":false,"low_stock_amount":"","sales_update_date":"2026-04-08T10:17:18","calc_backorders":null,"yoast_head":"<!-- This site is optimized with the Yoast SEO plugin v27.3 - https:\/\/yoast.com\/product\/yoast-seo-wordpress\/ -->\n<title>DJI T-Motor Air Unit 3D parti per FT5 MKII - Iha Race<\/title>\n<meta name=\"robots\" content=\"index, follow, max-snippet:-1, max-image-preview:large, max-video-preview:-1\" \/>\n<link rel=\"canonical\" href=\"https:\/\/iha-race.com\/it\/prodotto\/parti-3d-unita-aria-dji-t-motore-parti-3d-unita-aria-dji-t-motore-per-ft5-mkii\/\" \/>\n<meta property=\"og:locale\" content=\"it_IT\" \/>\n<meta property=\"og:type\" content=\"article\" \/>\n<meta property=\"og:title\" content=\"DJI T-Motor Air Unit 3D parti per FT5 MKII - Iha Race\" \/>\n<meta property=\"og:url\" content=\"https:\/\/iha-race.com\/it\/prodotto\/parti-3d-unita-aria-dji-t-motore-parti-3d-unita-aria-dji-t-motore-per-ft5-mkii\/\" \/>\n<meta property=\"og:site_name\" content=\"Iha Race\" \/>\n<meta property=\"article:modified_time\" content=\"2024-08-29T10:25:26+00:00\" \/>\n<meta property=\"og:image\" content=\"https:\/\/iha-race.com\/wp-content\/uploads\/2021\/06\/Piezas-3D-Unidad-Aerea-DJI-T-Motor-para-FT5-MKII.jpg\" \/>\n\t<meta property=\"og:image:width\" content=\"1000\" \/>\n\t<meta property=\"og:image:height\" content=\"1000\" \/>\n\t<meta property=\"og:image:type\" content=\"image\/jpeg\" \/>\n<meta name=\"twitter:card\" content=\"summary_large_image\" \/>\n<script type=\"application\/ld+json\" class=\"yoast-schema-graph\">{\"@context\":\"https:\\\/\\\/schema.org\",\"@graph\":[{\"@type\":\"WebPage\",\"@id\":\"https:\\\/\\\/iha-race.com\\\/it\\\/prodotto\\\/parti-3d-unita-aria-dji-t-motore-parti-3d-unita-aria-dji-t-motore-per-ft5-mkii\\\/\",\"url\":\"https:\\\/\\\/iha-race.com\\\/it\\\/prodotto\\\/parti-3d-unita-aria-dji-t-motore-parti-3d-unita-aria-dji-t-motore-per-ft5-mkii\\\/\",\"name\":\"DJI T-Motor Air Unit 3D parti per FT5 MKII - Iha Race\",\"isPartOf\":{\"@id\":\"https:\\\/\\\/iha-race.com\\\/it\\\/#website\"},\"primaryImageOfPage\":{\"@id\":\"https:\\\/\\\/iha-race.com\\\/it\\\/prodotto\\\/parti-3d-unita-aria-dji-t-motore-parti-3d-unita-aria-dji-t-motore-per-ft5-mkii\\\/#primaryimage\"},\"image\":{\"@id\":\"https:\\\/\\\/iha-race.com\\\/it\\\/prodotto\\\/parti-3d-unita-aria-dji-t-motore-parti-3d-unita-aria-dji-t-motore-per-ft5-mkii\\\/#primaryimage\"},\"thumbnailUrl\":\"https:\\\/\\\/iha-race.com\\\/wp-content\\\/uploads\\\/2021\\\/06\\\/Piezas-3D-Unidad-Aerea-DJI-T-Motor-para-FT5-MKII.jpg\",\"datePublished\":\"2021-06-11T14:52:19+00:00\",\"dateModified\":\"2024-08-29T10:25:26+00:00\",\"breadcrumb\":{\"@id\":\"https:\\\/\\\/iha-race.com\\\/it\\\/prodotto\\\/parti-3d-unita-aria-dji-t-motore-parti-3d-unita-aria-dji-t-motore-per-ft5-mkii\\\/#breadcrumb\"},\"inLanguage\":\"it-IT\",\"potentialAction\":[{\"@type\":\"ReadAction\",\"target\":[\"https:\\\/\\\/iha-race.com\\\/it\\\/prodotto\\\/parti-3d-unita-aria-dji-t-motore-parti-3d-unita-aria-dji-t-motore-per-ft5-mkii\\\/\"]}]},{\"@type\":\"ImageObject\",\"inLanguage\":\"it-IT\",\"@id\":\"https:\\\/\\\/iha-race.com\\\/it\\\/prodotto\\\/parti-3d-unita-aria-dji-t-motore-parti-3d-unita-aria-dji-t-motore-per-ft5-mkii\\\/#primaryimage\",\"url\":\"https:\\\/\\\/iha-race.com\\\/wp-content\\\/uploads\\\/2021\\\/06\\\/Piezas-3D-Unidad-Aerea-DJI-T-Motor-para-FT5-MKII.jpg\",\"contentUrl\":\"https:\\\/\\\/iha-race.com\\\/wp-content\\\/uploads\\\/2021\\\/06\\\/Piezas-3D-Unidad-Aerea-DJI-T-Motor-para-FT5-MKII.jpg\",\"width\":1000,\"height\":1000,\"caption\":\"acquistare il pi\u00f9 economico DJI T-Engine 3D Air Unit Parts per FT5 MKII TPU\"},{\"@type\":\"BreadcrumbList\",\"@id\":\"https:\\\/\\\/iha-race.com\\\/it\\\/prodotto\\\/parti-3d-unita-aria-dji-t-motore-parti-3d-unita-aria-dji-t-motore-per-ft5-mkii\\\/#breadcrumb\",\"itemListElement\":[{\"@type\":\"ListItem\",\"position\":1,\"name\":\"Portada\",\"item\":\"https:\\\/\\\/iha-race.com\\\/it\\\/\"},{\"@type\":\"ListItem\",\"position\":2,\"name\":\"Negozio\",\"item\":\"https:\\\/\\\/iha-race.com\\\/it\\\/negozio\\\/\"},{\"@type\":\"ListItem\",\"position\":3,\"name\":\"DJI T-Motor Air Unit 3D parti per FT5 MKII\"}]},{\"@type\":\"WebSite\",\"@id\":\"https:\\\/\\\/iha-race.com\\\/it\\\/#website\",\"url\":\"https:\\\/\\\/iha-race.com\\\/it\\\/\",\"name\":\"Iha Race\",\"description\":\"Comprar drones de carreras FPV env\u00edos en un d\u00eda desde Espa\u00f1a\",\"publisher\":{\"@id\":\"https:\\\/\\\/iha-race.com\\\/it\\\/#organization\"},\"potentialAction\":[{\"@type\":\"SearchAction\",\"target\":{\"@type\":\"EntryPoint\",\"urlTemplate\":\"https:\\\/\\\/iha-race.com\\\/it\\\/?s={search_term_string}\"},\"query-input\":{\"@type\":\"PropertyValueSpecification\",\"valueRequired\":true,\"valueName\":\"search_term_string\"}}],\"inLanguage\":\"it-IT\"},{\"@type\":\"Organization\",\"@id\":\"https:\\\/\\\/iha-race.com\\\/it\\\/#organization\",\"name\":\"Iha Race\",\"url\":\"https:\\\/\\\/iha-race.com\\\/it\\\/\",\"logo\":{\"@type\":\"ImageObject\",\"inLanguage\":\"it-IT\",\"@id\":\"https:\\\/\\\/iha-race.com\\\/it\\\/#\\\/schema\\\/logo\\\/image\\\/\",\"url\":\"https:\\\/\\\/iha-race.com\\\/wp-content\\\/uploads\\\/2018\\\/07\\\/iha-race-drones-de-carreras-tienda-comprar-drones.png\",\"contentUrl\":\"https:\\\/\\\/iha-race.com\\\/wp-content\\\/uploads\\\/2018\\\/07\\\/iha-race-drones-de-carreras-tienda-comprar-drones.png\",\"width\":300,\"height\":100,\"caption\":\"Iha Race\"},\"image\":{\"@id\":\"https:\\\/\\\/iha-race.com\\\/it\\\/#\\\/schema\\\/logo\\\/image\\\/\"}}]}<\/script>\n<!-- \/ Yoast SEO plugin. -->","yoast_head_json":{"title":"DJI T-Motor Air Unit 3D parti per FT5 MKII - Iha Race","robots":{"index":"index","follow":"follow","max-snippet":"max-snippet:-1","max-image-preview":"max-image-preview:large","max-video-preview":"max-video-preview:-1"},"canonical":"https:\/\/iha-race.com\/it\/prodotto\/parti-3d-unita-aria-dji-t-motore-parti-3d-unita-aria-dji-t-motore-per-ft5-mkii\/","og_locale":"it_IT","og_type":"article","og_title":"DJI T-Motor Air Unit 3D parti per FT5 MKII - Iha Race","og_url":"https:\/\/iha-race.com\/it\/prodotto\/parti-3d-unita-aria-dji-t-motore-parti-3d-unita-aria-dji-t-motore-per-ft5-mkii\/","og_site_name":"Iha Race","article_modified_time":"2024-08-29T10:25:26+00:00","og_image":[{"width":1000,"height":1000,"url":"https:\/\/iha-race.com\/wp-content\/uploads\/2021\/06\/Piezas-3D-Unidad-Aerea-DJI-T-Motor-para-FT5-MKII.jpg","type":"image\/jpeg"}],"twitter_card":"summary_large_image","schema":{"@context":"https:\/\/schema.org","@graph":[{"@type":"WebPage","@id":"https:\/\/iha-race.com\/it\/prodotto\/parti-3d-unita-aria-dji-t-motore-parti-3d-unita-aria-dji-t-motore-per-ft5-mkii\/","url":"https:\/\/iha-race.com\/it\/prodotto\/parti-3d-unita-aria-dji-t-motore-parti-3d-unita-aria-dji-t-motore-per-ft5-mkii\/","name":"DJI T-Motor Air Unit 3D parti per FT5 MKII - Iha Race","isPartOf":{"@id":"https:\/\/iha-race.com\/it\/#website"},"primaryImageOfPage":{"@id":"https:\/\/iha-race.com\/it\/prodotto\/parti-3d-unita-aria-dji-t-motore-parti-3d-unita-aria-dji-t-motore-per-ft5-mkii\/#primaryimage"},"image":{"@id":"https:\/\/iha-race.com\/it\/prodotto\/parti-3d-unita-aria-dji-t-motore-parti-3d-unita-aria-dji-t-motore-per-ft5-mkii\/#primaryimage"},"thumbnailUrl":"https:\/\/iha-race.com\/wp-content\/uploads\/2021\/06\/Piezas-3D-Unidad-Aerea-DJI-T-Motor-para-FT5-MKII.jpg","datePublished":"2021-06-11T14:52:19+00:00","dateModified":"2024-08-29T10:25:26+00:00","breadcrumb":{"@id":"https:\/\/iha-race.com\/it\/prodotto\/parti-3d-unita-aria-dji-t-motore-parti-3d-unita-aria-dji-t-motore-per-ft5-mkii\/#breadcrumb"},"inLanguage":"it-IT","potentialAction":[{"@type":"ReadAction","target":["https:\/\/iha-race.com\/it\/prodotto\/parti-3d-unita-aria-dji-t-motore-parti-3d-unita-aria-dji-t-motore-per-ft5-mkii\/"]}]},{"@type":"ImageObject","inLanguage":"it-IT","@id":"https:\/\/iha-race.com\/it\/prodotto\/parti-3d-unita-aria-dji-t-motore-parti-3d-unita-aria-dji-t-motore-per-ft5-mkii\/#primaryimage","url":"https:\/\/iha-race.com\/wp-content\/uploads\/2021\/06\/Piezas-3D-Unidad-Aerea-DJI-T-Motor-para-FT5-MKII.jpg","contentUrl":"https:\/\/iha-race.com\/wp-content\/uploads\/2021\/06\/Piezas-3D-Unidad-Aerea-DJI-T-Motor-para-FT5-MKII.jpg","width":1000,"height":1000,"caption":"acquistare il pi\u00f9 economico DJI T-Engine 3D Air Unit Parts per FT5 MKII TPU"},{"@type":"BreadcrumbList","@id":"https:\/\/iha-race.com\/it\/prodotto\/parti-3d-unita-aria-dji-t-motore-parti-3d-unita-aria-dji-t-motore-per-ft5-mkii\/#breadcrumb","itemListElement":[{"@type":"ListItem","position":1,"name":"Portada","item":"https:\/\/iha-race.com\/it\/"},{"@type":"ListItem","position":2,"name":"Negozio","item":"https:\/\/iha-race.com\/it\/negozio\/"},{"@type":"ListItem","position":3,"name":"DJI T-Motor Air Unit 3D parti per FT5 MKII"}]},{"@type":"WebSite","@id":"https:\/\/iha-race.com\/it\/#website","url":"https:\/\/iha-race.com\/it\/","name":"Iha Race","description":"Comprar drones de carreras FPV env\u00edos en un d\u00eda desde Espa\u00f1a","publisher":{"@id":"https:\/\/iha-race.com\/it\/#organization"},"potentialAction":[{"@type":"SearchAction","target":{"@type":"EntryPoint","urlTemplate":"https:\/\/iha-race.com\/it\/?s={search_term_string}"},"query-input":{"@type":"PropertyValueSpecification","valueRequired":true,"valueName":"search_term_string"}}],"inLanguage":"it-IT"},{"@type":"Organization","@id":"https:\/\/iha-race.com\/it\/#organization","name":"Iha Race","url":"https:\/\/iha-race.com\/it\/","logo":{"@type":"ImageObject","inLanguage":"it-IT","@id":"https:\/\/iha-race.com\/it\/#\/schema\/logo\/image\/","url":"https:\/\/iha-race.com\/wp-content\/uploads\/2018\/07\/iha-race-drones-de-carreras-tienda-comprar-drones.png","contentUrl":"https:\/\/iha-race.com\/wp-content\/uploads\/2018\/07\/iha-race-drones-de-carreras-tienda-comprar-drones.png","width":300,"height":100,"caption":"Iha Race"},"image":{"@id":"https:\/\/iha-race.com\/it\/#\/schema\/logo\/image\/"}}]}},"brands":[],"_links":{"self":[{"href":"https:\/\/iha-race.com\/it\/wp-json\/wp\/v2\/product\/113719","targetHints":{"allow":["GET"]}}],"collection":[{"href":"https:\/\/iha-race.com\/it\/wp-json\/wp\/v2\/product"}],"about":[{"href":"https:\/\/iha-race.com\/it\/wp-json\/wp\/v2\/types\/product"}],"replies":[{"embeddable":true,"href":"https:\/\/iha-race.com\/it\/wp-json\/wp\/v2\/comments?post=113719"}],"version-history":[{"count":1,"href":"https:\/\/iha-race.com\/it\/wp-json\/wp\/v2\/product\/113719\/revisions"}],"predecessor-version":[{"id":116401,"href":"https:\/\/iha-race.com\/it\/wp-json\/wp\/v2\/product\/113719\/revisions\/116401"}],"wp:featuredmedia":[{"embeddable":true,"href":"https:\/\/iha-race.com\/it\/wp-json\/wp\/v2\/media\/100794"}],"wp:attachment":[{"href":"https:\/\/iha-race.com\/it\/wp-json\/wp\/v2\/media?parent=113719"}],"wp:term":[{"taxonomy":"pwb-brand","embeddable":true,"href":"https:\/\/iha-race.com\/it\/wp-json\/wp\/v2\/pwb-brand?post=113719"},{"taxonomy":"product_cat","embeddable":true,"href":"https:\/\/iha-race.com\/it\/wp-json\/wp\/v2\/product_cat?post=113719"},{"taxonomy":"product_tag","embeddable":true,"href":"https:\/\/iha-race.com\/it\/wp-json\/wp\/v2\/product_tag?post=113719"}],"curies":[{"name":"wp","href":"https:\/\/api.w.org\/{rel}","templated":true}]}}