{"id":113706,"date":"2021-05-24T16:09:31","date_gmt":"2021-05-24T14:09:31","guid":{"rendered":"https:\/\/iha-race.com\/producto\/antenne-iflight-omni-crystal-short-lhcp-2-pezzi\/"},"modified":"2024-08-29T12:25:12","modified_gmt":"2024-08-29T10:25:12","slug":"iflight-omni-crystal-short-lhcp-2-unita-antenne","status":"publish","type":"product","link":"https:\/\/iha-race.com\/it\/prodotto\/iflight-omni-crystal-short-lhcp-2-unita-antenne\/","title":{"rendered":"Antenne iFlight Omni Crystal Short LHCP (2 pezzi)"},"content":{"rendered":"<h2>Antenne iFlight Omni Crystal Short LHCP (2 pezzi)<\/h2>\n<p>  Antenna 5.8G resistente per FPV digitale. L&#8217;aggiornamento perfetto per la tua unit\u00e0 DJI Air per evitare di acquistare pi\u00f9 volte le fragili antenne di serie&#8230;  <strong>Utilizzare RP-SMA LHCP (polarizzazione a sinistra) per DJI Digital FPV! Le antenne di default sono LHCP e le antenne Goggle sono LHCP, entrambi i lati devono corrispondere!  <\/strong><\/p>\n<h2>Specifiche:<\/h2>\n<ul>\n<li><strong>Modello:<\/strong> Antenne Omni corte Crystal LHCP<\/li>\n<li><strong>Gamma di frequenza:<\/strong> 5000-6000 MHz<\/li>\n<li><strong>Guadagno:<\/strong> 3Dbi<\/li>\n<li><strong>Cavo: RG141 <\/strong><\/li>\n<li><strong>Rapporto assiale:<\/strong> 0,7<\/li>\n<li><strong>Peso:<\/strong> 4,2 g \/ pc<\/li>\n<li><strong>Interfaccia: LHCP <\/strong>RP- SMA<\/li>\n<li><strong>Polarizzazione:<\/strong> LHCP<\/li>\n<li><strong>SWR:<\/strong> \u22641,5 (IN 5,8GHz)<\/li>\n<li><strong>Colore:<\/strong> design della pompa nero \/ design della pompa colorato<\/li>\n<\/ul>\n<h2>Il pacchetto comprende:<\/h2>\n<ul>\n<li>2 antenne omnidirezionali in vetro LHCP (pompa nera)<\/li>\n<\/ul>\n","protected":false},"excerpt":{"rendered":"<p>Antenne iFlight Omni Crystal Short LHCP (2 pezzi) Antenna 5.8G resistente per FPV digitale. L&#8217;aggiornamento perfetto per la tua unit\u00e0 DJI Air per evitare di acquistare pi\u00f9 volte le fragili<\/p>\n","protected":false},"featured_media":100457,"comment_status":"open","ping_status":"closed","template":"","meta":{"_joinchat":[]},"pwb-brand":[],"product_cat":[1180,1114],"product_tag":[],"class_list":{"0":"post-113706","1":"product","2":"type-product","3":"status-publish","4":"has-post-thumbnail","6":"product_cat-antenne-fpv","7":"product_cat-occhiali-fpv","9":"first","10":"instock","11":"taxable","12":"shipping-taxable","13":"purchasable","14":"product-type-simple"},"barcode":null,"atum_controlled":true,"out_stock_date":null,"out_stock_threshold":null,"inheritable":false,"stock_on_hold":0,"sold_today":0,"sales_last_days":0,"out_stock_days":0,"lost_sales":0,"update_date":"2026-04-18T19:10:49","atum_locations":[],"atum_stock_status":"instock","restock_status":false,"low_stock_amount":"","sales_update_date":"2026-04-18T19:10:49","calc_backorders":null,"yoast_head":"<!-- This site is optimized with the Yoast SEO plugin v27.3 - https:\/\/yoast.com\/product\/yoast-seo-wordpress\/ -->\n<title>Antenne iFlight Omni Crystal Short LHCP (2 pezzi) - Iha Race<\/title>\n<meta name=\"robots\" content=\"index, follow, max-snippet:-1, max-image-preview:large, max-video-preview:-1\" \/>\n<link rel=\"canonical\" href=\"https:\/\/iha-race.com\/it\/prodotto\/iflight-omni-crystal-short-lhcp-2-unita-antenne\/\" \/>\n<meta property=\"og:locale\" content=\"it_IT\" \/>\n<meta property=\"og:type\" content=\"article\" \/>\n<meta property=\"og:title\" content=\"Antenne iFlight Omni Crystal Short LHCP (2 pezzi) - Iha Race\" \/>\n<meta property=\"og:description\" content=\"Antenne iFlight Omni Crystal Short LHCP (2 pezzi) Antenna 5.8G resistente per FPV digitale. L&#8217;aggiornamento perfetto per la tua unit\u00e0 DJI Air per evitare di acquistare pi\u00f9 volte le fragili\" \/>\n<meta property=\"og:url\" content=\"https:\/\/iha-race.com\/it\/prodotto\/iflight-omni-crystal-short-lhcp-2-unita-antenne\/\" \/>\n<meta property=\"og:site_name\" content=\"Iha Race\" \/>\n<meta property=\"article:modified_time\" content=\"2024-08-29T10:25:12+00:00\" \/>\n<meta property=\"og:image\" content=\"https:\/\/iha-race.com\/wp-content\/uploads\/2021\/05\/Antenas-iFlight-Omni-Crystal-Cortas-LHCP-2-Unidades-Carbon.jpg\" \/>\n\t<meta property=\"og:image:width\" content=\"1000\" \/>\n\t<meta property=\"og:image:height\" content=\"1000\" \/>\n\t<meta property=\"og:image:type\" content=\"image\/jpeg\" \/>\n<meta name=\"twitter:card\" content=\"summary_large_image\" \/>\n<meta name=\"twitter:label1\" content=\"Tempo di lettura stimato\" \/>\n\t<meta name=\"twitter:data1\" content=\"1 minuto\" \/>\n<script type=\"application\/ld+json\" class=\"yoast-schema-graph\">{\"@context\":\"https:\\\/\\\/schema.org\",\"@graph\":[{\"@type\":\"WebPage\",\"@id\":\"https:\\\/\\\/iha-race.com\\\/it\\\/prodotto\\\/iflight-omni-crystal-short-lhcp-2-unita-antenne\\\/\",\"url\":\"https:\\\/\\\/iha-race.com\\\/it\\\/prodotto\\\/iflight-omni-crystal-short-lhcp-2-unita-antenne\\\/\",\"name\":\"Antenne iFlight Omni Crystal Short LHCP (2 pezzi) - Iha Race\",\"isPartOf\":{\"@id\":\"https:\\\/\\\/iha-race.com\\\/it\\\/#website\"},\"primaryImageOfPage\":{\"@id\":\"https:\\\/\\\/iha-race.com\\\/it\\\/prodotto\\\/iflight-omni-crystal-short-lhcp-2-unita-antenne\\\/#primaryimage\"},\"image\":{\"@id\":\"https:\\\/\\\/iha-race.com\\\/it\\\/prodotto\\\/iflight-omni-crystal-short-lhcp-2-unita-antenne\\\/#primaryimage\"},\"thumbnailUrl\":\"https:\\\/\\\/iha-race.com\\\/wp-content\\\/uploads\\\/2021\\\/05\\\/Antenas-iFlight-Omni-Crystal-Cortas-LHCP-2-Unidades-Carbon.jpg\",\"datePublished\":\"2021-05-24T14:09:31+00:00\",\"dateModified\":\"2024-08-29T10:25:12+00:00\",\"breadcrumb\":{\"@id\":\"https:\\\/\\\/iha-race.com\\\/it\\\/prodotto\\\/iflight-omni-crystal-short-lhcp-2-unita-antenne\\\/#breadcrumb\"},\"inLanguage\":\"it-IT\",\"potentialAction\":[{\"@type\":\"ReadAction\",\"target\":[\"https:\\\/\\\/iha-race.com\\\/it\\\/prodotto\\\/iflight-omni-crystal-short-lhcp-2-unita-antenne\\\/\"]}]},{\"@type\":\"ImageObject\",\"inLanguage\":\"it-IT\",\"@id\":\"https:\\\/\\\/iha-race.com\\\/it\\\/prodotto\\\/iflight-omni-crystal-short-lhcp-2-unita-antenne\\\/#primaryimage\",\"url\":\"https:\\\/\\\/iha-race.com\\\/wp-content\\\/uploads\\\/2021\\\/05\\\/Antenas-iFlight-Omni-Crystal-Cortas-LHCP-2-Unidades-Carbon.jpg\",\"contentUrl\":\"https:\\\/\\\/iha-race.com\\\/wp-content\\\/uploads\\\/2021\\\/05\\\/Antenas-iFlight-Omni-Crystal-Cortas-LHCP-2-Unidades-Carbon.jpg\",\"width\":1000,\"height\":1000,\"caption\":\"acquistare il prezzo pi\u00f9 basso delle antenne iFlight Omni Crystal Short LHCP (2 pz.) Carbonio\"},{\"@type\":\"BreadcrumbList\",\"@id\":\"https:\\\/\\\/iha-race.com\\\/it\\\/prodotto\\\/iflight-omni-crystal-short-lhcp-2-unita-antenne\\\/#breadcrumb\",\"itemListElement\":[{\"@type\":\"ListItem\",\"position\":1,\"name\":\"Portada\",\"item\":\"https:\\\/\\\/iha-race.com\\\/it\\\/\"},{\"@type\":\"ListItem\",\"position\":2,\"name\":\"Negozio\",\"item\":\"https:\\\/\\\/iha-race.com\\\/it\\\/negozio\\\/\"},{\"@type\":\"ListItem\",\"position\":3,\"name\":\"Antenne iFlight Omni Crystal Short LHCP (2 pezzi)\"}]},{\"@type\":\"WebSite\",\"@id\":\"https:\\\/\\\/iha-race.com\\\/it\\\/#website\",\"url\":\"https:\\\/\\\/iha-race.com\\\/it\\\/\",\"name\":\"Iha Race\",\"description\":\"Comprar drones de carreras FPV env\u00edos en un d\u00eda desde Espa\u00f1a\",\"publisher\":{\"@id\":\"https:\\\/\\\/iha-race.com\\\/it\\\/#organization\"},\"potentialAction\":[{\"@type\":\"SearchAction\",\"target\":{\"@type\":\"EntryPoint\",\"urlTemplate\":\"https:\\\/\\\/iha-race.com\\\/it\\\/?s={search_term_string}\"},\"query-input\":{\"@type\":\"PropertyValueSpecification\",\"valueRequired\":true,\"valueName\":\"search_term_string\"}}],\"inLanguage\":\"it-IT\"},{\"@type\":\"Organization\",\"@id\":\"https:\\\/\\\/iha-race.com\\\/it\\\/#organization\",\"name\":\"Iha Race\",\"url\":\"https:\\\/\\\/iha-race.com\\\/it\\\/\",\"logo\":{\"@type\":\"ImageObject\",\"inLanguage\":\"it-IT\",\"@id\":\"https:\\\/\\\/iha-race.com\\\/it\\\/#\\\/schema\\\/logo\\\/image\\\/\",\"url\":\"https:\\\/\\\/iha-race.com\\\/wp-content\\\/uploads\\\/2018\\\/07\\\/iha-race-drones-de-carreras-tienda-comprar-drones.png\",\"contentUrl\":\"https:\\\/\\\/iha-race.com\\\/wp-content\\\/uploads\\\/2018\\\/07\\\/iha-race-drones-de-carreras-tienda-comprar-drones.png\",\"width\":300,\"height\":100,\"caption\":\"Iha Race\"},\"image\":{\"@id\":\"https:\\\/\\\/iha-race.com\\\/it\\\/#\\\/schema\\\/logo\\\/image\\\/\"}}]}<\/script>\n<!-- \/ Yoast SEO plugin. -->","yoast_head_json":{"title":"Antenne iFlight Omni Crystal Short LHCP (2 pezzi) - Iha Race","robots":{"index":"index","follow":"follow","max-snippet":"max-snippet:-1","max-image-preview":"max-image-preview:large","max-video-preview":"max-video-preview:-1"},"canonical":"https:\/\/iha-race.com\/it\/prodotto\/iflight-omni-crystal-short-lhcp-2-unita-antenne\/","og_locale":"it_IT","og_type":"article","og_title":"Antenne iFlight Omni Crystal Short LHCP (2 pezzi) - Iha Race","og_description":"Antenne iFlight Omni Crystal Short LHCP (2 pezzi) Antenna 5.8G resistente per FPV digitale. L&#8217;aggiornamento perfetto per la tua unit\u00e0 DJI Air per evitare di acquistare pi\u00f9 volte le fragili","og_url":"https:\/\/iha-race.com\/it\/prodotto\/iflight-omni-crystal-short-lhcp-2-unita-antenne\/","og_site_name":"Iha Race","article_modified_time":"2024-08-29T10:25:12+00:00","og_image":[{"width":1000,"height":1000,"url":"https:\/\/iha-race.com\/wp-content\/uploads\/2021\/05\/Antenas-iFlight-Omni-Crystal-Cortas-LHCP-2-Unidades-Carbon.jpg","type":"image\/jpeg"}],"twitter_card":"summary_large_image","twitter_misc":{"Tempo di lettura stimato":"1 minuto"},"schema":{"@context":"https:\/\/schema.org","@graph":[{"@type":"WebPage","@id":"https:\/\/iha-race.com\/it\/prodotto\/iflight-omni-crystal-short-lhcp-2-unita-antenne\/","url":"https:\/\/iha-race.com\/it\/prodotto\/iflight-omni-crystal-short-lhcp-2-unita-antenne\/","name":"Antenne iFlight Omni Crystal Short LHCP (2 pezzi) - Iha Race","isPartOf":{"@id":"https:\/\/iha-race.com\/it\/#website"},"primaryImageOfPage":{"@id":"https:\/\/iha-race.com\/it\/prodotto\/iflight-omni-crystal-short-lhcp-2-unita-antenne\/#primaryimage"},"image":{"@id":"https:\/\/iha-race.com\/it\/prodotto\/iflight-omni-crystal-short-lhcp-2-unita-antenne\/#primaryimage"},"thumbnailUrl":"https:\/\/iha-race.com\/wp-content\/uploads\/2021\/05\/Antenas-iFlight-Omni-Crystal-Cortas-LHCP-2-Unidades-Carbon.jpg","datePublished":"2021-05-24T14:09:31+00:00","dateModified":"2024-08-29T10:25:12+00:00","breadcrumb":{"@id":"https:\/\/iha-race.com\/it\/prodotto\/iflight-omni-crystal-short-lhcp-2-unita-antenne\/#breadcrumb"},"inLanguage":"it-IT","potentialAction":[{"@type":"ReadAction","target":["https:\/\/iha-race.com\/it\/prodotto\/iflight-omni-crystal-short-lhcp-2-unita-antenne\/"]}]},{"@type":"ImageObject","inLanguage":"it-IT","@id":"https:\/\/iha-race.com\/it\/prodotto\/iflight-omni-crystal-short-lhcp-2-unita-antenne\/#primaryimage","url":"https:\/\/iha-race.com\/wp-content\/uploads\/2021\/05\/Antenas-iFlight-Omni-Crystal-Cortas-LHCP-2-Unidades-Carbon.jpg","contentUrl":"https:\/\/iha-race.com\/wp-content\/uploads\/2021\/05\/Antenas-iFlight-Omni-Crystal-Cortas-LHCP-2-Unidades-Carbon.jpg","width":1000,"height":1000,"caption":"acquistare il prezzo pi\u00f9 basso delle antenne iFlight Omni Crystal Short LHCP (2 pz.) Carbonio"},{"@type":"BreadcrumbList","@id":"https:\/\/iha-race.com\/it\/prodotto\/iflight-omni-crystal-short-lhcp-2-unita-antenne\/#breadcrumb","itemListElement":[{"@type":"ListItem","position":1,"name":"Portada","item":"https:\/\/iha-race.com\/it\/"},{"@type":"ListItem","position":2,"name":"Negozio","item":"https:\/\/iha-race.com\/it\/negozio\/"},{"@type":"ListItem","position":3,"name":"Antenne iFlight Omni Crystal Short LHCP (2 pezzi)"}]},{"@type":"WebSite","@id":"https:\/\/iha-race.com\/it\/#website","url":"https:\/\/iha-race.com\/it\/","name":"Iha Race","description":"Comprar drones de carreras FPV env\u00edos en un d\u00eda desde Espa\u00f1a","publisher":{"@id":"https:\/\/iha-race.com\/it\/#organization"},"potentialAction":[{"@type":"SearchAction","target":{"@type":"EntryPoint","urlTemplate":"https:\/\/iha-race.com\/it\/?s={search_term_string}"},"query-input":{"@type":"PropertyValueSpecification","valueRequired":true,"valueName":"search_term_string"}}],"inLanguage":"it-IT"},{"@type":"Organization","@id":"https:\/\/iha-race.com\/it\/#organization","name":"Iha Race","url":"https:\/\/iha-race.com\/it\/","logo":{"@type":"ImageObject","inLanguage":"it-IT","@id":"https:\/\/iha-race.com\/it\/#\/schema\/logo\/image\/","url":"https:\/\/iha-race.com\/wp-content\/uploads\/2018\/07\/iha-race-drones-de-carreras-tienda-comprar-drones.png","contentUrl":"https:\/\/iha-race.com\/wp-content\/uploads\/2018\/07\/iha-race-drones-de-carreras-tienda-comprar-drones.png","width":300,"height":100,"caption":"Iha Race"},"image":{"@id":"https:\/\/iha-race.com\/it\/#\/schema\/logo\/image\/"}}]}},"jetpack_sharing_enabled":true,"brands":[],"_links":{"self":[{"href":"https:\/\/iha-race.com\/it\/wp-json\/wp\/v2\/product\/113706","targetHints":{"allow":["GET"]}}],"collection":[{"href":"https:\/\/iha-race.com\/it\/wp-json\/wp\/v2\/product"}],"about":[{"href":"https:\/\/iha-race.com\/it\/wp-json\/wp\/v2\/types\/product"}],"replies":[{"embeddable":true,"href":"https:\/\/iha-race.com\/it\/wp-json\/wp\/v2\/comments?post=113706"}],"version-history":[{"count":2,"href":"https:\/\/iha-race.com\/it\/wp-json\/wp\/v2\/product\/113706\/revisions"}],"predecessor-version":[{"id":249486,"href":"https:\/\/iha-race.com\/it\/wp-json\/wp\/v2\/product\/113706\/revisions\/249486"}],"wp:featuredmedia":[{"embeddable":true,"href":"https:\/\/iha-race.com\/it\/wp-json\/wp\/v2\/media\/100457"}],"wp:attachment":[{"href":"https:\/\/iha-race.com\/it\/wp-json\/wp\/v2\/media?parent=113706"}],"wp:term":[{"taxonomy":"pwb-brand","embeddable":true,"href":"https:\/\/iha-race.com\/it\/wp-json\/wp\/v2\/pwb-brand?post=113706"},{"taxonomy":"product_cat","embeddable":true,"href":"https:\/\/iha-race.com\/it\/wp-json\/wp\/v2\/product_cat?post=113706"},{"taxonomy":"product_tag","embeddable":true,"href":"https:\/\/iha-race.com\/it\/wp-json\/wp\/v2\/product_tag?post=113706"}],"curies":[{"name":"wp","href":"https:\/\/api.w.org\/{rel}","templated":true}]}}