{"id":113687,"date":"2021-04-28T16:31:40","date_gmt":"2021-04-28T14:31:40","guid":{"rendered":"https:\/\/iha-race.com\/producto\/esc-velox-t-motor-v50a-32bit-6s\/"},"modified":"2024-08-29T12:26:48","modified_gmt":"2024-08-29T10:26:48","slug":"esc-velox-t-motor-v50a-32bit-6s","status":"publish","type":"product","link":"https:\/\/iha-race.com\/it\/prodotto\/esc-velox-t-motor-v50a-32bit-6s\/","title":{"rendered":"ESC Velox T-Motor V50A 32BIT 6S"},"content":{"rendered":"<h2>ESC Velox T-Motor V50A 32BIT 6S<\/h2>\n<div id=\"contents\">\n<div id=\"news11\" class=\"tabblock\">\n<div id=\"a_news11\" class=\"tabcon\">  Il <strong>Velox V50A 4-in-1 ESC di T-Motor<\/strong> \u00e8 l&#8217;ESC definitivo per la tua costruzione. Con l&#8217;adozione del MOS QN3109 1,5, il V50A \u00e8 stato potenziato con un aumento delle prestazioni del 18%, per volare con sicurezza anche durante i picchi di corrente elevati. Il nuovo design delle alette di raffreddamento rende pi\u00f9 efficiente la dissipazione del calore e garantisce una potenza stabile. La dissipazione del calore \u00e8 aumentata del 10%.  <\/p>\n<h2>Caratteristiche<\/h2>\n<ul>\n<li>Migliore dissipazione del calore<\/li>\n<li>MOS aggiornato<\/li>\n<li>ESC 50A 4 in 1<\/li>\n<\/ul>\n<p>&nbsp;<\/p>\n<p><img decoding=\"async\" src=\"https:\/\/cdn.getfpv.com\/media\/wysiwyg\/ESCs\/T-Motor-VELOX-V50A-3-6S-BLHeli_32-4-in-1-ESC-Infographic.jpg\"><\/p>\n<p>&nbsp;<\/p>\n<h2>Specifiche tecniche<\/h2>\n<ul>\n<li>Foro di montaggio: 30,5&#215;30,5 mm, M3<\/li>\n<li>Firmware ESC: TMOTOR T4 02<\/li>\n<li>Peso: 18,45 g (con cavo)<\/li>\n<li>Tensione di ingresso: DC10V~27V<\/li>\n<li>Parametro: BLHeliSuite32<\/li>\n<li>Dimensioni 45,4&#215;43,8&#215;8 mm<\/li>\n<li>Modello: Velox V50A<\/li>\n<li>Corrente massima: 55A<\/li>\n<li>Corrente: 50A<\/li>\n<li>Lipo: 3-6S<\/li>\n<\/ul>\n<h2>Include<\/h2>\n<ul>\n<li>1 motore T Velox V50A 32 bit 4 in 1 ESC<\/li>\n<li>1 cablaggio intercambiabile 8P\/10P<\/li>\n<li>1 cablaggio in silicone 8P\/8P.<\/li>\n<li>1 cavo XT60 14 AWG 145 mm.<\/li>\n<li>4 rondelle ammortizzanti.<\/li>\n<li>1x condensatore<\/li>\n<\/ul>\n<\/div>\n<\/div>\n<\/div>\n<div class=\"wrap-hot\">\n<div class=\"navbar-hot\">\n<div class=\"navbar-hot-tc\"><\/div>\n<\/div>\n<\/div>\n<div id=\"news11\" class=\"tabblock\">\n<div id=\"a_news11\" class=\"tabcon\">\n<p>&nbsp;<\/p>\n<\/div>\n<\/div>\n","protected":false},"excerpt":{"rendered":"<p>Il V45A 4-in-1 ESC V2 di T-Motor \u00e8 ispirato ai motori <a href=\"https:\/\/iha-race.com\/producto\/motor-t-motor-velox-v2207-v2-0-1750-kv-2550-kv\/\">VELOX V2207<\/a> e <a href=\"https:\/\/iha-race.com\/producto\/motor-t-motor-velox-v2306-v2-0-1950kv-2400kv\/\">V2306<\/a>! Il V45A V2 MOS \u00e8 stato potenziato con un aumento delle prestazioni del 15% per volare con sicurezza anche durante i picchi di corrente elevati.<\/p>\n","protected":false},"featured_media":108282,"comment_status":"open","ping_status":"closed","template":"","meta":{"_joinchat":[]},"pwb-brand":[],"product_cat":[1188],"product_tag":[],"class_list":{"0":"post-113687","1":"product","2":"type-product","3":"status-publish","4":"has-post-thumbnail","6":"product_cat-inverter-esc","8":"first","9":"instock","10":"taxable","11":"shipping-taxable","12":"purchasable","13":"product-type-simple"},"barcode":null,"atum_controlled":true,"out_stock_date":null,"out_stock_threshold":null,"inheritable":false,"stock_on_hold":0,"sold_today":0,"sales_last_days":0,"out_stock_days":0,"lost_sales":0,"update_date":"2026-04-08T16:39:39","atum_locations":[],"atum_stock_status":"instock","restock_status":false,"low_stock_amount":3,"sales_update_date":"2026-04-08T10:17:18","calc_backorders":null,"yoast_head":"<!-- This site is optimized with the Yoast SEO plugin v27.3 - https:\/\/yoast.com\/product\/yoast-seo-wordpress\/ -->\n<title>ESC Velox T-Motor V50A 32BIT 6S - Iha Race<\/title>\n<meta name=\"robots\" content=\"index, follow, max-snippet:-1, max-image-preview:large, max-video-preview:-1\" \/>\n<link rel=\"canonical\" href=\"https:\/\/iha-race.com\/it\/prodotto\/esc-velox-t-motor-v50a-32bit-6s\/\" \/>\n<meta property=\"og:locale\" content=\"it_IT\" \/>\n<meta property=\"og:type\" content=\"article\" \/>\n<meta property=\"og:title\" content=\"ESC Velox T-Motor V50A 32BIT 6S - Iha Race\" \/>\n<meta property=\"og:description\" content=\"Il V45A 4-in-1 ESC V2 di T-Motor \u00e8 ispirato ai motori VELOX V2207 e V2306! Il V45A V2 MOS \u00e8 stato potenziato con un aumento delle prestazioni del 15% per volare con sicurezza anche durante i picchi di corrente elevati.\" \/>\n<meta property=\"og:url\" content=\"https:\/\/iha-race.com\/it\/prodotto\/esc-velox-t-motor-v50a-32bit-6s\/\" \/>\n<meta property=\"og:site_name\" content=\"Iha Race\" \/>\n<meta property=\"article:modified_time\" content=\"2024-08-29T10:26:48+00:00\" \/>\n<meta property=\"og:image\" content=\"https:\/\/iha-race.com\/wp-content\/uploads\/2021\/04\/t-motor-velox-v50a-3-6s-blheli_32-4-in-1-esc-main-2.jpeg\" \/>\n\t<meta property=\"og:image:width\" content=\"1000\" \/>\n\t<meta property=\"og:image:height\" content=\"1000\" \/>\n\t<meta property=\"og:image:type\" content=\"image\/jpeg\" \/>\n<meta name=\"twitter:card\" content=\"summary_large_image\" \/>\n<meta name=\"twitter:label1\" content=\"Tempo di lettura stimato\" \/>\n\t<meta name=\"twitter:data1\" content=\"1 minuto\" \/>\n<script type=\"application\/ld+json\" class=\"yoast-schema-graph\">{\"@context\":\"https:\\\/\\\/schema.org\",\"@graph\":[{\"@type\":\"WebPage\",\"@id\":\"https:\\\/\\\/iha-race.com\\\/it\\\/prodotto\\\/esc-velox-t-motor-v50a-32bit-6s\\\/\",\"url\":\"https:\\\/\\\/iha-race.com\\\/it\\\/prodotto\\\/esc-velox-t-motor-v50a-32bit-6s\\\/\",\"name\":\"ESC Velox T-Motor V50A 32BIT 6S - Iha Race\",\"isPartOf\":{\"@id\":\"https:\\\/\\\/iha-race.com\\\/it\\\/#website\"},\"primaryImageOfPage\":{\"@id\":\"https:\\\/\\\/iha-race.com\\\/it\\\/prodotto\\\/esc-velox-t-motor-v50a-32bit-6s\\\/#primaryimage\"},\"image\":{\"@id\":\"https:\\\/\\\/iha-race.com\\\/it\\\/prodotto\\\/esc-velox-t-motor-v50a-32bit-6s\\\/#primaryimage\"},\"thumbnailUrl\":\"https:\\\/\\\/iha-race.com\\\/wp-content\\\/uploads\\\/2021\\\/04\\\/t-motor-velox-v50a-3-6s-blheli_32-4-in-1-esc-main-2.jpeg\",\"datePublished\":\"2021-04-28T14:31:40+00:00\",\"dateModified\":\"2024-08-29T10:26:48+00:00\",\"breadcrumb\":{\"@id\":\"https:\\\/\\\/iha-race.com\\\/it\\\/prodotto\\\/esc-velox-t-motor-v50a-32bit-6s\\\/#breadcrumb\"},\"inLanguage\":\"it-IT\",\"potentialAction\":[{\"@type\":\"ReadAction\",\"target\":[\"https:\\\/\\\/iha-race.com\\\/it\\\/prodotto\\\/esc-velox-t-motor-v50a-32bit-6s\\\/\"]}]},{\"@type\":\"ImageObject\",\"inLanguage\":\"it-IT\",\"@id\":\"https:\\\/\\\/iha-race.com\\\/it\\\/prodotto\\\/esc-velox-t-motor-v50a-32bit-6s\\\/#primaryimage\",\"url\":\"https:\\\/\\\/iha-race.com\\\/wp-content\\\/uploads\\\/2021\\\/04\\\/t-motor-velox-v50a-3-6s-blheli_32-4-in-1-esc-main-2.jpeg\",\"contentUrl\":\"https:\\\/\\\/iha-race.com\\\/wp-content\\\/uploads\\\/2021\\\/04\\\/t-motor-velox-v50a-3-6s-blheli_32-4-in-1-esc-main-2.jpeg\",\"width\":1000,\"height\":1000,\"caption\":\"Acquista ESC Velox T-Motor V50A 32BIT 6S ESC Velox T-Motor V50A 32BIT 6S\"},{\"@type\":\"BreadcrumbList\",\"@id\":\"https:\\\/\\\/iha-race.com\\\/it\\\/prodotto\\\/esc-velox-t-motor-v50a-32bit-6s\\\/#breadcrumb\",\"itemListElement\":[{\"@type\":\"ListItem\",\"position\":1,\"name\":\"Portada\",\"item\":\"https:\\\/\\\/iha-race.com\\\/it\\\/\"},{\"@type\":\"ListItem\",\"position\":2,\"name\":\"Negozio\",\"item\":\"https:\\\/\\\/iha-race.com\\\/it\\\/negozio\\\/\"},{\"@type\":\"ListItem\",\"position\":3,\"name\":\"ESC Velox T-Motor V50A 32BIT 6S\"}]},{\"@type\":\"WebSite\",\"@id\":\"https:\\\/\\\/iha-race.com\\\/it\\\/#website\",\"url\":\"https:\\\/\\\/iha-race.com\\\/it\\\/\",\"name\":\"Iha Race\",\"description\":\"Comprar drones de carreras FPV env\u00edos en un d\u00eda desde Espa\u00f1a\",\"publisher\":{\"@id\":\"https:\\\/\\\/iha-race.com\\\/it\\\/#organization\"},\"potentialAction\":[{\"@type\":\"SearchAction\",\"target\":{\"@type\":\"EntryPoint\",\"urlTemplate\":\"https:\\\/\\\/iha-race.com\\\/it\\\/?s={search_term_string}\"},\"query-input\":{\"@type\":\"PropertyValueSpecification\",\"valueRequired\":true,\"valueName\":\"search_term_string\"}}],\"inLanguage\":\"it-IT\"},{\"@type\":\"Organization\",\"@id\":\"https:\\\/\\\/iha-race.com\\\/it\\\/#organization\",\"name\":\"Iha Race\",\"url\":\"https:\\\/\\\/iha-race.com\\\/it\\\/\",\"logo\":{\"@type\":\"ImageObject\",\"inLanguage\":\"it-IT\",\"@id\":\"https:\\\/\\\/iha-race.com\\\/it\\\/#\\\/schema\\\/logo\\\/image\\\/\",\"url\":\"https:\\\/\\\/iha-race.com\\\/wp-content\\\/uploads\\\/2018\\\/07\\\/iha-race-drones-de-carreras-tienda-comprar-drones.png\",\"contentUrl\":\"https:\\\/\\\/iha-race.com\\\/wp-content\\\/uploads\\\/2018\\\/07\\\/iha-race-drones-de-carreras-tienda-comprar-drones.png\",\"width\":300,\"height\":100,\"caption\":\"Iha Race\"},\"image\":{\"@id\":\"https:\\\/\\\/iha-race.com\\\/it\\\/#\\\/schema\\\/logo\\\/image\\\/\"}}]}<\/script>\n<!-- \/ Yoast SEO plugin. -->","yoast_head_json":{"title":"ESC Velox T-Motor V50A 32BIT 6S - Iha Race","robots":{"index":"index","follow":"follow","max-snippet":"max-snippet:-1","max-image-preview":"max-image-preview:large","max-video-preview":"max-video-preview:-1"},"canonical":"https:\/\/iha-race.com\/it\/prodotto\/esc-velox-t-motor-v50a-32bit-6s\/","og_locale":"it_IT","og_type":"article","og_title":"ESC Velox T-Motor V50A 32BIT 6S - Iha Race","og_description":"Il V45A 4-in-1 ESC V2 di T-Motor \u00e8 ispirato ai motori VELOX V2207 e V2306! Il V45A V2 MOS \u00e8 stato potenziato con un aumento delle prestazioni del 15% per volare con sicurezza anche durante i picchi di corrente elevati.","og_url":"https:\/\/iha-race.com\/it\/prodotto\/esc-velox-t-motor-v50a-32bit-6s\/","og_site_name":"Iha Race","article_modified_time":"2024-08-29T10:26:48+00:00","og_image":[{"width":1000,"height":1000,"url":"https:\/\/iha-race.com\/wp-content\/uploads\/2021\/04\/t-motor-velox-v50a-3-6s-blheli_32-4-in-1-esc-main-2.jpeg","type":"image\/jpeg"}],"twitter_card":"summary_large_image","twitter_misc":{"Tempo di lettura stimato":"1 minuto"},"schema":{"@context":"https:\/\/schema.org","@graph":[{"@type":"WebPage","@id":"https:\/\/iha-race.com\/it\/prodotto\/esc-velox-t-motor-v50a-32bit-6s\/","url":"https:\/\/iha-race.com\/it\/prodotto\/esc-velox-t-motor-v50a-32bit-6s\/","name":"ESC Velox T-Motor V50A 32BIT 6S - Iha Race","isPartOf":{"@id":"https:\/\/iha-race.com\/it\/#website"},"primaryImageOfPage":{"@id":"https:\/\/iha-race.com\/it\/prodotto\/esc-velox-t-motor-v50a-32bit-6s\/#primaryimage"},"image":{"@id":"https:\/\/iha-race.com\/it\/prodotto\/esc-velox-t-motor-v50a-32bit-6s\/#primaryimage"},"thumbnailUrl":"https:\/\/iha-race.com\/wp-content\/uploads\/2021\/04\/t-motor-velox-v50a-3-6s-blheli_32-4-in-1-esc-main-2.jpeg","datePublished":"2021-04-28T14:31:40+00:00","dateModified":"2024-08-29T10:26:48+00:00","breadcrumb":{"@id":"https:\/\/iha-race.com\/it\/prodotto\/esc-velox-t-motor-v50a-32bit-6s\/#breadcrumb"},"inLanguage":"it-IT","potentialAction":[{"@type":"ReadAction","target":["https:\/\/iha-race.com\/it\/prodotto\/esc-velox-t-motor-v50a-32bit-6s\/"]}]},{"@type":"ImageObject","inLanguage":"it-IT","@id":"https:\/\/iha-race.com\/it\/prodotto\/esc-velox-t-motor-v50a-32bit-6s\/#primaryimage","url":"https:\/\/iha-race.com\/wp-content\/uploads\/2021\/04\/t-motor-velox-v50a-3-6s-blheli_32-4-in-1-esc-main-2.jpeg","contentUrl":"https:\/\/iha-race.com\/wp-content\/uploads\/2021\/04\/t-motor-velox-v50a-3-6s-blheli_32-4-in-1-esc-main-2.jpeg","width":1000,"height":1000,"caption":"Acquista ESC Velox T-Motor V50A 32BIT 6S ESC Velox T-Motor V50A 32BIT 6S"},{"@type":"BreadcrumbList","@id":"https:\/\/iha-race.com\/it\/prodotto\/esc-velox-t-motor-v50a-32bit-6s\/#breadcrumb","itemListElement":[{"@type":"ListItem","position":1,"name":"Portada","item":"https:\/\/iha-race.com\/it\/"},{"@type":"ListItem","position":2,"name":"Negozio","item":"https:\/\/iha-race.com\/it\/negozio\/"},{"@type":"ListItem","position":3,"name":"ESC Velox T-Motor V50A 32BIT 6S"}]},{"@type":"WebSite","@id":"https:\/\/iha-race.com\/it\/#website","url":"https:\/\/iha-race.com\/it\/","name":"Iha Race","description":"Comprar drones de carreras FPV env\u00edos en un d\u00eda desde Espa\u00f1a","publisher":{"@id":"https:\/\/iha-race.com\/it\/#organization"},"potentialAction":[{"@type":"SearchAction","target":{"@type":"EntryPoint","urlTemplate":"https:\/\/iha-race.com\/it\/?s={search_term_string}"},"query-input":{"@type":"PropertyValueSpecification","valueRequired":true,"valueName":"search_term_string"}}],"inLanguage":"it-IT"},{"@type":"Organization","@id":"https:\/\/iha-race.com\/it\/#organization","name":"Iha Race","url":"https:\/\/iha-race.com\/it\/","logo":{"@type":"ImageObject","inLanguage":"it-IT","@id":"https:\/\/iha-race.com\/it\/#\/schema\/logo\/image\/","url":"https:\/\/iha-race.com\/wp-content\/uploads\/2018\/07\/iha-race-drones-de-carreras-tienda-comprar-drones.png","contentUrl":"https:\/\/iha-race.com\/wp-content\/uploads\/2018\/07\/iha-race-drones-de-carreras-tienda-comprar-drones.png","width":300,"height":100,"caption":"Iha Race"},"image":{"@id":"https:\/\/iha-race.com\/it\/#\/schema\/logo\/image\/"}}]}},"jetpack_sharing_enabled":true,"brands":[],"_links":{"self":[{"href":"https:\/\/iha-race.com\/it\/wp-json\/wp\/v2\/product\/113687","targetHints":{"allow":["GET"]}}],"collection":[{"href":"https:\/\/iha-race.com\/it\/wp-json\/wp\/v2\/product"}],"about":[{"href":"https:\/\/iha-race.com\/it\/wp-json\/wp\/v2\/types\/product"}],"replies":[{"embeddable":true,"href":"https:\/\/iha-race.com\/it\/wp-json\/wp\/v2\/comments?post=113687"}],"version-history":[{"count":2,"href":"https:\/\/iha-race.com\/it\/wp-json\/wp\/v2\/product\/113687\/revisions"}],"predecessor-version":[{"id":249521,"href":"https:\/\/iha-race.com\/it\/wp-json\/wp\/v2\/product\/113687\/revisions\/249521"}],"wp:featuredmedia":[{"embeddable":true,"href":"https:\/\/iha-race.com\/it\/wp-json\/wp\/v2\/media\/108282"}],"wp:attachment":[{"href":"https:\/\/iha-race.com\/it\/wp-json\/wp\/v2\/media?parent=113687"}],"wp:term":[{"taxonomy":"pwb-brand","embeddable":true,"href":"https:\/\/iha-race.com\/it\/wp-json\/wp\/v2\/pwb-brand?post=113687"},{"taxonomy":"product_cat","embeddable":true,"href":"https:\/\/iha-race.com\/it\/wp-json\/wp\/v2\/product_cat?post=113687"},{"taxonomy":"product_tag","embeddable":true,"href":"https:\/\/iha-race.com\/it\/wp-json\/wp\/v2\/product_tag?post=113687"}],"curies":[{"name":"wp","href":"https:\/\/api.w.org\/{rel}","templated":true}]}}