{"id":113571,"date":"2021-03-17T11:42:32","date_gmt":"2021-03-17T10:42:32","guid":{"rendered":"https:\/\/iha-race.com\/producto\/eliche-hqprop-condotto-t75mm-x-5-per-cinewhoop-grigio\/"},"modified":"2024-08-29T12:31:26","modified_gmt":"2024-08-29T10:31:26","slug":"elica-hqprop-condotto-t75mm-x-5-per-cinewhoop-grigio","status":"publish","type":"product","link":"https:\/\/iha-race.com\/it\/prodotto\/elica-hqprop-condotto-t75mm-x-5-per-cinewhoop-grigio\/","title":{"rendered":"Eliche HQProp Condotto-T75mm X 5 per Cinewhoop Grigio"},"content":{"rendered":"<h2>HQProp Condotto-T75mm X 5 Eliche per Cinewhoop Grigio (2CW + 2CCW)<\/h2>\n<h2>Specifiche:<\/h2>\n<ul>\n<li>Diametro dell&#8217;elica: 75 mm<\/li>\n<li>Passo: 3<\/li>\n<li>Lame: 5<\/li>\n<li>Materiale: policarbonato<\/li>\n<li>Peso: 2,35 g<\/li>\n<li>Diametro della boccola: 10,4 mm<\/li>\n<li>Spessore della boccola: 5,1 mm<\/li>\n<li>Albero: 1,9 \/ 1,5 \/ 1,9 mm<\/li>\n<li>Anelli adattatori: NO<\/li>\n<\/ul>\n<h2>Il pacchetto comprende:<\/h2>\n<ul>\n<li>2 x eliche HQProp Duct-T75MMX5 CW<\/li>\n<li>2 x eliche HQProp Duct-T75MMX5 CCW<\/li>\n<\/ul>\n","protected":false},"excerpt":{"rendered":"<p>HQProp Condotto-T75mm X 5 Eliche per Cinewhoop Grigio (2CW + 2CCW) Specifiche: Diametro dell&#8217;elica: 75 mm Passo: 3 Lame: 5 Materiale: policarbonato Peso: 2,35 g Diametro della boccola: 10,4 mm<\/p>\n","protected":false},"featured_media":97978,"comment_status":"open","ping_status":"closed","template":"","meta":{"_joinchat":[]},"pwb-brand":[],"product_cat":[57,49],"product_tag":[],"class_list":{"0":"post-113571","1":"product","2":"type-product","3":"status-publish","4":"has-post-thumbnail","6":"product_cat-otras","7":"product_cat-helices-para-drones","9":"first","10":"instock","11":"taxable","12":"shipping-taxable","13":"purchasable","14":"product-type-simple"},"barcode":null,"atum_controlled":true,"out_stock_date":null,"out_stock_threshold":null,"inheritable":false,"stock_on_hold":0,"sold_today":0,"sales_last_days":0,"out_stock_days":0,"lost_sales":0,"update_date":"2026-04-18T21:06:50","atum_locations":[],"atum_stock_status":"instock","restock_status":false,"low_stock_amount":"","sales_update_date":"2026-04-18T21:06:50","calc_backorders":null,"yoast_head":"<!-- This site is optimized with the Yoast SEO plugin v27.3 - https:\/\/yoast.com\/product\/yoast-seo-wordpress\/ -->\n<title>Eliche HQProp Condotto-T75mm X 5 per Cinewhoop Grigio - Iha Race<\/title>\n<meta name=\"robots\" content=\"index, follow, max-snippet:-1, max-image-preview:large, max-video-preview:-1\" \/>\n<link rel=\"canonical\" href=\"https:\/\/iha-race.com\/it\/prodotto\/elica-hqprop-condotto-t75mm-x-5-per-cinewhoop-grigio\/\" \/>\n<meta property=\"og:locale\" content=\"it_IT\" \/>\n<meta property=\"og:type\" content=\"article\" \/>\n<meta property=\"og:title\" content=\"Eliche HQProp Condotto-T75mm X 5 per Cinewhoop Grigio - Iha Race\" \/>\n<meta property=\"og:description\" content=\"HQProp Condotto-T75mm X 5 Eliche per Cinewhoop Grigio (2CW + 2CCW) Specifiche: Diametro dell&#8217;elica: 75 mm Passo: 3 Lame: 5 Materiale: policarbonato Peso: 2,35 g Diametro della boccola: 10,4 mm\" \/>\n<meta property=\"og:url\" content=\"https:\/\/iha-race.com\/it\/prodotto\/elica-hqprop-condotto-t75mm-x-5-per-cinewhoop-grigio\/\" \/>\n<meta property=\"og:site_name\" content=\"Iha Race\" \/>\n<meta property=\"article:modified_time\" content=\"2024-08-29T10:31:26+00:00\" \/>\n<meta property=\"og:image\" content=\"https:\/\/iha-race.com\/wp-content\/uploads\/2021\/03\/HQProp-Duct-T75MMX5-para-Cinewhoop-Grey-2CW-2CCW.jpg\" \/>\n\t<meta property=\"og:image:width\" content=\"2000\" \/>\n\t<meta property=\"og:image:height\" content=\"2000\" \/>\n\t<meta property=\"og:image:type\" content=\"image\/jpeg\" \/>\n<meta name=\"twitter:card\" content=\"summary_large_image\" \/>\n<script type=\"application\/ld+json\" class=\"yoast-schema-graph\">{\"@context\":\"https:\\\/\\\/schema.org\",\"@graph\":[{\"@type\":\"WebPage\",\"@id\":\"https:\\\/\\\/iha-race.com\\\/it\\\/prodotto\\\/elica-hqprop-condotto-t75mm-x-5-per-cinewhoop-grigio\\\/\",\"url\":\"https:\\\/\\\/iha-race.com\\\/it\\\/prodotto\\\/elica-hqprop-condotto-t75mm-x-5-per-cinewhoop-grigio\\\/\",\"name\":\"Eliche HQProp Condotto-T75mm X 5 per Cinewhoop Grigio - Iha Race\",\"isPartOf\":{\"@id\":\"https:\\\/\\\/iha-race.com\\\/it\\\/#website\"},\"primaryImageOfPage\":{\"@id\":\"https:\\\/\\\/iha-race.com\\\/it\\\/prodotto\\\/elica-hqprop-condotto-t75mm-x-5-per-cinewhoop-grigio\\\/#primaryimage\"},\"image\":{\"@id\":\"https:\\\/\\\/iha-race.com\\\/it\\\/prodotto\\\/elica-hqprop-condotto-t75mm-x-5-per-cinewhoop-grigio\\\/#primaryimage\"},\"thumbnailUrl\":\"https:\\\/\\\/iha-race.com\\\/wp-content\\\/uploads\\\/2021\\\/03\\\/HQProp-Duct-T75MMX5-para-Cinewhoop-Grey-2CW-2CCW.jpg\",\"datePublished\":\"2021-03-17T10:42:32+00:00\",\"dateModified\":\"2024-08-29T10:31:26+00:00\",\"breadcrumb\":{\"@id\":\"https:\\\/\\\/iha-race.com\\\/it\\\/prodotto\\\/elica-hqprop-condotto-t75mm-x-5-per-cinewhoop-grigio\\\/#breadcrumb\"},\"inLanguage\":\"it-IT\",\"potentialAction\":[{\"@type\":\"ReadAction\",\"target\":[\"https:\\\/\\\/iha-race.com\\\/it\\\/prodotto\\\/elica-hqprop-condotto-t75mm-x-5-per-cinewhoop-grigio\\\/\"]}]},{\"@type\":\"ImageObject\",\"inLanguage\":\"it-IT\",\"@id\":\"https:\\\/\\\/iha-race.com\\\/it\\\/prodotto\\\/elica-hqprop-condotto-t75mm-x-5-per-cinewhoop-grigio\\\/#primaryimage\",\"url\":\"https:\\\/\\\/iha-race.com\\\/wp-content\\\/uploads\\\/2021\\\/03\\\/HQProp-Duct-T75MMX5-para-Cinewhoop-Grey-2CW-2CCW.jpg\",\"contentUrl\":\"https:\\\/\\\/iha-race.com\\\/wp-content\\\/uploads\\\/2021\\\/03\\\/HQProp-Duct-T75MMX5-para-Cinewhoop-Grey-2CW-2CCW.jpg\",\"width\":2000,\"height\":2000,\"caption\":\"acquistare il pi\u00f9 economico HQProp Duct-T75MMX5 eliche per Cinewhoop Grey (2CW + 2CCW)\"},{\"@type\":\"BreadcrumbList\",\"@id\":\"https:\\\/\\\/iha-race.com\\\/it\\\/prodotto\\\/elica-hqprop-condotto-t75mm-x-5-per-cinewhoop-grigio\\\/#breadcrumb\",\"itemListElement\":[{\"@type\":\"ListItem\",\"position\":1,\"name\":\"Portada\",\"item\":\"https:\\\/\\\/iha-race.com\\\/it\\\/\"},{\"@type\":\"ListItem\",\"position\":2,\"name\":\"Negozio\",\"item\":\"https:\\\/\\\/iha-race.com\\\/it\\\/negozio\\\/\"},{\"@type\":\"ListItem\",\"position\":3,\"name\":\"Eliche HQProp Condotto-T75mm X 5 per Cinewhoop Grigio\"}]},{\"@type\":\"WebSite\",\"@id\":\"https:\\\/\\\/iha-race.com\\\/it\\\/#website\",\"url\":\"https:\\\/\\\/iha-race.com\\\/it\\\/\",\"name\":\"Iha Race\",\"description\":\"Comprar drones de carreras FPV env\u00edos en un d\u00eda desde Espa\u00f1a\",\"publisher\":{\"@id\":\"https:\\\/\\\/iha-race.com\\\/it\\\/#organization\"},\"potentialAction\":[{\"@type\":\"SearchAction\",\"target\":{\"@type\":\"EntryPoint\",\"urlTemplate\":\"https:\\\/\\\/iha-race.com\\\/it\\\/?s={search_term_string}\"},\"query-input\":{\"@type\":\"PropertyValueSpecification\",\"valueRequired\":true,\"valueName\":\"search_term_string\"}}],\"inLanguage\":\"it-IT\"},{\"@type\":\"Organization\",\"@id\":\"https:\\\/\\\/iha-race.com\\\/it\\\/#organization\",\"name\":\"Iha Race\",\"url\":\"https:\\\/\\\/iha-race.com\\\/it\\\/\",\"logo\":{\"@type\":\"ImageObject\",\"inLanguage\":\"it-IT\",\"@id\":\"https:\\\/\\\/iha-race.com\\\/it\\\/#\\\/schema\\\/logo\\\/image\\\/\",\"url\":\"https:\\\/\\\/iha-race.com\\\/wp-content\\\/uploads\\\/2018\\\/07\\\/iha-race-drones-de-carreras-tienda-comprar-drones.png\",\"contentUrl\":\"https:\\\/\\\/iha-race.com\\\/wp-content\\\/uploads\\\/2018\\\/07\\\/iha-race-drones-de-carreras-tienda-comprar-drones.png\",\"width\":300,\"height\":100,\"caption\":\"Iha Race\"},\"image\":{\"@id\":\"https:\\\/\\\/iha-race.com\\\/it\\\/#\\\/schema\\\/logo\\\/image\\\/\"}}]}<\/script>\n<!-- \/ Yoast SEO plugin. -->","yoast_head_json":{"title":"Eliche HQProp Condotto-T75mm X 5 per Cinewhoop Grigio - Iha Race","robots":{"index":"index","follow":"follow","max-snippet":"max-snippet:-1","max-image-preview":"max-image-preview:large","max-video-preview":"max-video-preview:-1"},"canonical":"https:\/\/iha-race.com\/it\/prodotto\/elica-hqprop-condotto-t75mm-x-5-per-cinewhoop-grigio\/","og_locale":"it_IT","og_type":"article","og_title":"Eliche HQProp Condotto-T75mm X 5 per Cinewhoop Grigio - Iha Race","og_description":"HQProp Condotto-T75mm X 5 Eliche per Cinewhoop Grigio (2CW + 2CCW) Specifiche: Diametro dell&#8217;elica: 75 mm Passo: 3 Lame: 5 Materiale: policarbonato Peso: 2,35 g Diametro della boccola: 10,4 mm","og_url":"https:\/\/iha-race.com\/it\/prodotto\/elica-hqprop-condotto-t75mm-x-5-per-cinewhoop-grigio\/","og_site_name":"Iha Race","article_modified_time":"2024-08-29T10:31:26+00:00","og_image":[{"width":2000,"height":2000,"url":"https:\/\/iha-race.com\/wp-content\/uploads\/2021\/03\/HQProp-Duct-T75MMX5-para-Cinewhoop-Grey-2CW-2CCW.jpg","type":"image\/jpeg"}],"twitter_card":"summary_large_image","schema":{"@context":"https:\/\/schema.org","@graph":[{"@type":"WebPage","@id":"https:\/\/iha-race.com\/it\/prodotto\/elica-hqprop-condotto-t75mm-x-5-per-cinewhoop-grigio\/","url":"https:\/\/iha-race.com\/it\/prodotto\/elica-hqprop-condotto-t75mm-x-5-per-cinewhoop-grigio\/","name":"Eliche HQProp Condotto-T75mm X 5 per Cinewhoop Grigio - Iha Race","isPartOf":{"@id":"https:\/\/iha-race.com\/it\/#website"},"primaryImageOfPage":{"@id":"https:\/\/iha-race.com\/it\/prodotto\/elica-hqprop-condotto-t75mm-x-5-per-cinewhoop-grigio\/#primaryimage"},"image":{"@id":"https:\/\/iha-race.com\/it\/prodotto\/elica-hqprop-condotto-t75mm-x-5-per-cinewhoop-grigio\/#primaryimage"},"thumbnailUrl":"https:\/\/iha-race.com\/wp-content\/uploads\/2021\/03\/HQProp-Duct-T75MMX5-para-Cinewhoop-Grey-2CW-2CCW.jpg","datePublished":"2021-03-17T10:42:32+00:00","dateModified":"2024-08-29T10:31:26+00:00","breadcrumb":{"@id":"https:\/\/iha-race.com\/it\/prodotto\/elica-hqprop-condotto-t75mm-x-5-per-cinewhoop-grigio\/#breadcrumb"},"inLanguage":"it-IT","potentialAction":[{"@type":"ReadAction","target":["https:\/\/iha-race.com\/it\/prodotto\/elica-hqprop-condotto-t75mm-x-5-per-cinewhoop-grigio\/"]}]},{"@type":"ImageObject","inLanguage":"it-IT","@id":"https:\/\/iha-race.com\/it\/prodotto\/elica-hqprop-condotto-t75mm-x-5-per-cinewhoop-grigio\/#primaryimage","url":"https:\/\/iha-race.com\/wp-content\/uploads\/2021\/03\/HQProp-Duct-T75MMX5-para-Cinewhoop-Grey-2CW-2CCW.jpg","contentUrl":"https:\/\/iha-race.com\/wp-content\/uploads\/2021\/03\/HQProp-Duct-T75MMX5-para-Cinewhoop-Grey-2CW-2CCW.jpg","width":2000,"height":2000,"caption":"acquistare il pi\u00f9 economico HQProp Duct-T75MMX5 eliche per Cinewhoop Grey (2CW + 2CCW)"},{"@type":"BreadcrumbList","@id":"https:\/\/iha-race.com\/it\/prodotto\/elica-hqprop-condotto-t75mm-x-5-per-cinewhoop-grigio\/#breadcrumb","itemListElement":[{"@type":"ListItem","position":1,"name":"Portada","item":"https:\/\/iha-race.com\/it\/"},{"@type":"ListItem","position":2,"name":"Negozio","item":"https:\/\/iha-race.com\/it\/negozio\/"},{"@type":"ListItem","position":3,"name":"Eliche HQProp Condotto-T75mm X 5 per Cinewhoop Grigio"}]},{"@type":"WebSite","@id":"https:\/\/iha-race.com\/it\/#website","url":"https:\/\/iha-race.com\/it\/","name":"Iha Race","description":"Comprar drones de carreras FPV env\u00edos en un d\u00eda desde Espa\u00f1a","publisher":{"@id":"https:\/\/iha-race.com\/it\/#organization"},"potentialAction":[{"@type":"SearchAction","target":{"@type":"EntryPoint","urlTemplate":"https:\/\/iha-race.com\/it\/?s={search_term_string}"},"query-input":{"@type":"PropertyValueSpecification","valueRequired":true,"valueName":"search_term_string"}}],"inLanguage":"it-IT"},{"@type":"Organization","@id":"https:\/\/iha-race.com\/it\/#organization","name":"Iha Race","url":"https:\/\/iha-race.com\/it\/","logo":{"@type":"ImageObject","inLanguage":"it-IT","@id":"https:\/\/iha-race.com\/it\/#\/schema\/logo\/image\/","url":"https:\/\/iha-race.com\/wp-content\/uploads\/2018\/07\/iha-race-drones-de-carreras-tienda-comprar-drones.png","contentUrl":"https:\/\/iha-race.com\/wp-content\/uploads\/2018\/07\/iha-race-drones-de-carreras-tienda-comprar-drones.png","width":300,"height":100,"caption":"Iha Race"},"image":{"@id":"https:\/\/iha-race.com\/it\/#\/schema\/logo\/image\/"}}]}},"jetpack_sharing_enabled":true,"brands":[],"_links":{"self":[{"href":"https:\/\/iha-race.com\/it\/wp-json\/wp\/v2\/product\/113571","targetHints":{"allow":["GET"]}}],"collection":[{"href":"https:\/\/iha-race.com\/it\/wp-json\/wp\/v2\/product"}],"about":[{"href":"https:\/\/iha-race.com\/it\/wp-json\/wp\/v2\/types\/product"}],"replies":[{"embeddable":true,"href":"https:\/\/iha-race.com\/it\/wp-json\/wp\/v2\/comments?post=113571"}],"version-history":[{"count":1,"href":"https:\/\/iha-race.com\/it\/wp-json\/wp\/v2\/product\/113571\/revisions"}],"predecessor-version":[{"id":249600,"href":"https:\/\/iha-race.com\/it\/wp-json\/wp\/v2\/product\/113571\/revisions\/249600"}],"wp:featuredmedia":[{"embeddable":true,"href":"https:\/\/iha-race.com\/it\/wp-json\/wp\/v2\/media\/97978"}],"wp:attachment":[{"href":"https:\/\/iha-race.com\/it\/wp-json\/wp\/v2\/media?parent=113571"}],"wp:term":[{"taxonomy":"pwb-brand","embeddable":true,"href":"https:\/\/iha-race.com\/it\/wp-json\/wp\/v2\/pwb-brand?post=113571"},{"taxonomy":"product_cat","embeddable":true,"href":"https:\/\/iha-race.com\/it\/wp-json\/wp\/v2\/product_cat?post=113571"},{"taxonomy":"product_tag","embeddable":true,"href":"https:\/\/iha-race.com\/it\/wp-json\/wp\/v2\/product_tag?post=113571"}],"curies":[{"name":"wp","href":"https:\/\/api.w.org\/{rel}","templated":true}]}}