{"id":113568,"date":"2021-04-13T16:46:24","date_gmt":"2021-04-13T14:46:24","guid":{"rendered":"https:\/\/iha-race.com\/producto\/amplificatore-di-tensione-matek-da-1s-li-a-5v\/"},"modified":"2024-08-29T12:29:05","modified_gmt":"2024-08-29T10:29:05","slug":"amplificatore-di-tensione-matek-1s-li-a-5v","status":"publish","type":"product","link":"https:\/\/iha-race.com\/it\/prodotto\/amplificatore-di-tensione-matek-1s-li-a-5v\/","title":{"rendered":"Amplificatore di tensione Matek da 1S Li a 5V"},"content":{"rendered":"<h2>Amplificatore di tensione Matek da 1S Li a 5V<\/h2>\n<p id=\"tw-target-text\" class=\"tw-data-text tw-text-large XcVN5d tw-ta\" dir=\"ltr\" data-placeholder=\"Traducci\u00f3n\"><span class=\"Y2IQFc\" lang=\"es\">VB2A5 \u00e8 un convertitore boost sincrono compatto e ad alta efficienza per batterie agli ioni di litio\/polimeri a cella singola. Pu\u00f2 aumentare la tensione a 5 V, consentendo di far funzionare un ricevitore con una lipo a una cella.<\/span><\/p>\n<h2 dir=\"ltr\" data-placeholder=\"Traducci\u00f3n\">Caratteristiche:<\/h2>\n<ul>\n<li id=\"tw-target-text\" class=\"tw-data-text tw-text-large XcVN5d tw-ta\" dir=\"ltr\" data-placeholder=\"Traducci\u00f3n\"><span class=\"Y2IQFc\" lang=\"es\">Utilizzato per 1 cella Li-ion o LiPo.  <\/span><\/li>\n<li class=\"tw-data-text tw-text-large XcVN5d tw-ta\" dir=\"ltr\" data-placeholder=\"Traducci\u00f3n\"><span class=\"Y2IQFc\" lang=\"es\">Convertitore step-up sincrono.  <\/span><\/li>\n<li class=\"tw-data-text tw-text-large XcVN5d tw-ta\" dir=\"ltr\" data-placeholder=\"Traducci\u00f3n\"><span class=\"Y2IQFc\" lang=\"es\">Corrente di uscita garantita di 2A a VOUT = 5V da un ingresso di 3,3V  <\/span><\/li>\n<li class=\"tw-data-text tw-text-large XcVN5d tw-ta\" dir=\"ltr\" data-placeholder=\"Traducci\u00f3n\"><span class=\"Y2IQFc\" lang=\"es\">Protezione dall&#8217;inversione di polarit\u00e0 in ingresso.  <\/span><\/li>\n<li class=\"tw-data-text tw-text-large XcVN5d tw-ta\" dir=\"ltr\" data-placeholder=\"Traducci\u00f3n\"><span class=\"Y2IQFc\" lang=\"es\">Protezione contro il surriscaldamento.<\/span><\/li>\n<\/ul>\n<h2>Specifiche:<\/h2>\n<ul>\n<li id=\"tw-target-text\" class=\"tw-data-text tw-text-large XcVN5d tw-ta\" dir=\"ltr\" data-placeholder=\"Traducci\u00f3n\"><span class=\"Y2IQFc\" lang=\"es\">Intervallo di tensione in ingresso: 3 ~ 4,2 V CC  <\/span><\/li>\n<li class=\"tw-data-text tw-text-large XcVN5d tw-ta\" dir=\"ltr\" data-placeholder=\"Traducci\u00f3n\"><span class=\"Y2IQFc\" lang=\"es\">Uscita: 5 V 2A  <\/span><\/li>\n<li class=\"tw-data-text tw-text-large XcVN5d tw-ta\" dir=\"ltr\" data-placeholder=\"Traducci\u00f3n\"><span class=\"Y2IQFc\" lang=\"es\">Corrente di standby: &lt;5mA  <\/span><\/li>\n<li class=\"tw-data-text tw-text-large XcVN5d tw-ta\" dir=\"ltr\" data-placeholder=\"Traducci\u00f3n\"><span class=\"Y2IQFc\" lang=\"es\">Spaziatura tra i pin: 2,54 mm  <\/span><\/li>\n<li class=\"tw-data-text tw-text-large XcVN5d tw-ta\" dir=\"ltr\" data-placeholder=\"Traducci\u00f3n\"><span class=\"Y2IQFc\" lang=\"es\">Dimensioni e peso: 27x15x3 mm, 2g<\/span><\/li>\n<\/ul>\n<p><img fetchpriority=\"high\" decoding=\"async\" class=\"alignnone wp-image-62915 size-full\" src=\"https:\/\/iha-race.com\/wp-content\/uploads\/2021\/04\/Esquema-y-diseno.jpg\" alt=\"\" width=\"736\" height=\"271\" srcset=\"https:\/\/iha-race.com\/wp-content\/uploads\/2021\/04\/Esquema-y-diseno.jpg 736w, https:\/\/iha-race.com\/wp-content\/uploads\/2021\/04\/Esquema-y-diseno-597x220.jpg 597w, https:\/\/iha-race.com\/wp-content\/uploads\/2021\/04\/Esquema-y-diseno-300x110.jpg 300w, https:\/\/iha-race.com\/wp-content\/uploads\/2021\/04\/Esquema-y-diseno-1024x377.jpg 1024w, https:\/\/iha-race.com\/wp-content\/uploads\/2021\/04\/Esquema-y-diseno-766x282.jpg 766w, https:\/\/iha-race.com\/wp-content\/uploads\/2021\/04\/Esquema-y-diseno-1536x566.jpg 1536w, https:\/\/iha-race.com\/wp-content\/uploads\/2021\/04\/Esquema-y-diseno-2048x754.jpg 2048w, https:\/\/iha-race.com\/wp-content\/uploads\/2021\/04\/Esquema-y-diseno-788x290.jpg 788w\" sizes=\"(max-width: 736px) 100vw, 736px\" \/><\/p>\n<h2>Il pacchetto comprende:<\/h2>\n<ul>\n<li>1 x Amplificatore di tensione Matek 1S Li a 5V<\/li>\n<\/ul>\n<p dir=\"ltr\" data-placeholder=\"Traducci\u00f3n\">\n","protected":false},"excerpt":{"rendered":"<p>Amplificatore di tensione Matek da 1S Li a 5V VB2A5 \u00e8 un convertitore boost sincrono compatto e ad alta efficienza per batterie agli ioni di litio\/polimeri a cella singola. Pu\u00f2<\/p>\n","protected":false},"featured_media":98657,"comment_status":"open","ping_status":"closed","template":"","meta":{"_joinchat":[]},"pwb-brand":[],"product_cat":[2468,1104],"product_tag":[],"class_list":{"0":"post-113568","1":"product","2":"type-product","3":"status-publish","4":"has-post-thumbnail","6":"product_cat-bec-it","7":"product_cat-elettronica-e-accessori-fpv","9":"first","10":"instock","11":"taxable","12":"shipping-taxable","13":"purchasable","14":"product-type-simple"},"barcode":null,"atum_controlled":true,"out_stock_date":null,"out_stock_threshold":null,"inheritable":false,"stock_on_hold":0,"sold_today":0,"sales_last_days":0,"out_stock_days":0,"lost_sales":0,"update_date":"2026-04-18T09:22:06","atum_locations":[],"atum_stock_status":"instock","restock_status":false,"low_stock_amount":"","sales_update_date":"2026-04-18T09:22:06","calc_backorders":null,"yoast_head":"<!-- This site is optimized with the Yoast SEO plugin v27.3 - https:\/\/yoast.com\/product\/yoast-seo-wordpress\/ -->\n<title>Amplificatore di tensione Matek da 1S Li a 5V - Iha Race<\/title>\n<meta name=\"robots\" content=\"index, follow, max-snippet:-1, max-image-preview:large, max-video-preview:-1\" \/>\n<link rel=\"canonical\" href=\"https:\/\/iha-race.com\/it\/prodotto\/amplificatore-di-tensione-matek-1s-li-a-5v\/\" \/>\n<meta property=\"og:locale\" content=\"it_IT\" \/>\n<meta property=\"og:type\" content=\"article\" \/>\n<meta property=\"og:title\" content=\"Amplificatore di tensione Matek da 1S Li a 5V - Iha Race\" \/>\n<meta property=\"og:description\" content=\"Amplificatore di tensione Matek da 1S Li a 5V VB2A5 \u00e8 un convertitore boost sincrono compatto e ad alta efficienza per batterie agli ioni di litio\/polimeri a cella singola. Pu\u00f2\" \/>\n<meta property=\"og:url\" content=\"https:\/\/iha-race.com\/it\/prodotto\/amplificatore-di-tensione-matek-1s-li-a-5v\/\" \/>\n<meta property=\"og:site_name\" content=\"Iha Race\" \/>\n<meta property=\"article:modified_time\" content=\"2024-08-29T10:29:05+00:00\" \/>\n<meta property=\"og:image\" content=\"https:\/\/iha-race.com\/wp-content\/uploads\/2021\/04\/Amplificador-de-Voltaje-1S-Li-a-5V.jpg\" \/>\n\t<meta property=\"og:image:width\" content=\"1000\" \/>\n\t<meta property=\"og:image:height\" content=\"1000\" \/>\n\t<meta property=\"og:image:type\" content=\"image\/jpeg\" \/>\n<meta name=\"twitter:card\" content=\"summary_large_image\" \/>\n<meta name=\"twitter:label1\" content=\"Tempo di lettura stimato\" \/>\n\t<meta name=\"twitter:data1\" content=\"1 minuto\" \/>\n<script type=\"application\/ld+json\" class=\"yoast-schema-graph\">{\"@context\":\"https:\\\/\\\/schema.org\",\"@graph\":[{\"@type\":\"WebPage\",\"@id\":\"https:\\\/\\\/iha-race.com\\\/it\\\/prodotto\\\/amplificatore-di-tensione-matek-1s-li-a-5v\\\/\",\"url\":\"https:\\\/\\\/iha-race.com\\\/it\\\/prodotto\\\/amplificatore-di-tensione-matek-1s-li-a-5v\\\/\",\"name\":\"Amplificatore di tensione Matek da 1S Li a 5V - Iha Race\",\"isPartOf\":{\"@id\":\"https:\\\/\\\/iha-race.com\\\/it\\\/#website\"},\"primaryImageOfPage\":{\"@id\":\"https:\\\/\\\/iha-race.com\\\/it\\\/prodotto\\\/amplificatore-di-tensione-matek-1s-li-a-5v\\\/#primaryimage\"},\"image\":{\"@id\":\"https:\\\/\\\/iha-race.com\\\/it\\\/prodotto\\\/amplificatore-di-tensione-matek-1s-li-a-5v\\\/#primaryimage\"},\"thumbnailUrl\":\"https:\\\/\\\/iha-race.com\\\/wp-content\\\/uploads\\\/2021\\\/04\\\/Amplificador-de-Voltaje-1S-Li-a-5V.jpg\",\"datePublished\":\"2021-04-13T14:46:24+00:00\",\"dateModified\":\"2024-08-29T10:29:05+00:00\",\"breadcrumb\":{\"@id\":\"https:\\\/\\\/iha-race.com\\\/it\\\/prodotto\\\/amplificatore-di-tensione-matek-1s-li-a-5v\\\/#breadcrumb\"},\"inLanguage\":\"it-IT\",\"potentialAction\":[{\"@type\":\"ReadAction\",\"target\":[\"https:\\\/\\\/iha-race.com\\\/it\\\/prodotto\\\/amplificatore-di-tensione-matek-1s-li-a-5v\\\/\"]}]},{\"@type\":\"ImageObject\",\"inLanguage\":\"it-IT\",\"@id\":\"https:\\\/\\\/iha-race.com\\\/it\\\/prodotto\\\/amplificatore-di-tensione-matek-1s-li-a-5v\\\/#primaryimage\",\"url\":\"https:\\\/\\\/iha-race.com\\\/wp-content\\\/uploads\\\/2021\\\/04\\\/Amplificador-de-Voltaje-1S-Li-a-5V.jpg\",\"contentUrl\":\"https:\\\/\\\/iha-race.com\\\/wp-content\\\/uploads\\\/2021\\\/04\\\/Amplificador-de-Voltaje-1S-Li-a-5V.jpg\",\"width\":1000,\"height\":1000,\"caption\":\"acquistare il pi\u00f9 economico Amplificatore di tensione Matek 1S Li a 5V\"},{\"@type\":\"BreadcrumbList\",\"@id\":\"https:\\\/\\\/iha-race.com\\\/it\\\/prodotto\\\/amplificatore-di-tensione-matek-1s-li-a-5v\\\/#breadcrumb\",\"itemListElement\":[{\"@type\":\"ListItem\",\"position\":1,\"name\":\"Portada\",\"item\":\"https:\\\/\\\/iha-race.com\\\/it\\\/\"},{\"@type\":\"ListItem\",\"position\":2,\"name\":\"Negozio\",\"item\":\"https:\\\/\\\/iha-race.com\\\/it\\\/negozio\\\/\"},{\"@type\":\"ListItem\",\"position\":3,\"name\":\"Amplificatore di tensione Matek da 1S Li a 5V\"}]},{\"@type\":\"WebSite\",\"@id\":\"https:\\\/\\\/iha-race.com\\\/it\\\/#website\",\"url\":\"https:\\\/\\\/iha-race.com\\\/it\\\/\",\"name\":\"Iha Race\",\"description\":\"Comprar drones de carreras FPV env\u00edos en un d\u00eda desde Espa\u00f1a\",\"publisher\":{\"@id\":\"https:\\\/\\\/iha-race.com\\\/it\\\/#organization\"},\"potentialAction\":[{\"@type\":\"SearchAction\",\"target\":{\"@type\":\"EntryPoint\",\"urlTemplate\":\"https:\\\/\\\/iha-race.com\\\/it\\\/?s={search_term_string}\"},\"query-input\":{\"@type\":\"PropertyValueSpecification\",\"valueRequired\":true,\"valueName\":\"search_term_string\"}}],\"inLanguage\":\"it-IT\"},{\"@type\":\"Organization\",\"@id\":\"https:\\\/\\\/iha-race.com\\\/it\\\/#organization\",\"name\":\"Iha Race\",\"url\":\"https:\\\/\\\/iha-race.com\\\/it\\\/\",\"logo\":{\"@type\":\"ImageObject\",\"inLanguage\":\"it-IT\",\"@id\":\"https:\\\/\\\/iha-race.com\\\/it\\\/#\\\/schema\\\/logo\\\/image\\\/\",\"url\":\"https:\\\/\\\/iha-race.com\\\/wp-content\\\/uploads\\\/2018\\\/07\\\/iha-race-drones-de-carreras-tienda-comprar-drones.png\",\"contentUrl\":\"https:\\\/\\\/iha-race.com\\\/wp-content\\\/uploads\\\/2018\\\/07\\\/iha-race-drones-de-carreras-tienda-comprar-drones.png\",\"width\":300,\"height\":100,\"caption\":\"Iha Race\"},\"image\":{\"@id\":\"https:\\\/\\\/iha-race.com\\\/it\\\/#\\\/schema\\\/logo\\\/image\\\/\"}}]}<\/script>\n<!-- \/ Yoast SEO plugin. -->","yoast_head_json":{"title":"Amplificatore di tensione Matek da 1S Li a 5V - Iha Race","robots":{"index":"index","follow":"follow","max-snippet":"max-snippet:-1","max-image-preview":"max-image-preview:large","max-video-preview":"max-video-preview:-1"},"canonical":"https:\/\/iha-race.com\/it\/prodotto\/amplificatore-di-tensione-matek-1s-li-a-5v\/","og_locale":"it_IT","og_type":"article","og_title":"Amplificatore di tensione Matek da 1S Li a 5V - Iha Race","og_description":"Amplificatore di tensione Matek da 1S Li a 5V VB2A5 \u00e8 un convertitore boost sincrono compatto e ad alta efficienza per batterie agli ioni di litio\/polimeri a cella singola. Pu\u00f2","og_url":"https:\/\/iha-race.com\/it\/prodotto\/amplificatore-di-tensione-matek-1s-li-a-5v\/","og_site_name":"Iha Race","article_modified_time":"2024-08-29T10:29:05+00:00","og_image":[{"width":1000,"height":1000,"url":"https:\/\/iha-race.com\/wp-content\/uploads\/2021\/04\/Amplificador-de-Voltaje-1S-Li-a-5V.jpg","type":"image\/jpeg"}],"twitter_card":"summary_large_image","twitter_misc":{"Tempo di lettura stimato":"1 minuto"},"schema":{"@context":"https:\/\/schema.org","@graph":[{"@type":"WebPage","@id":"https:\/\/iha-race.com\/it\/prodotto\/amplificatore-di-tensione-matek-1s-li-a-5v\/","url":"https:\/\/iha-race.com\/it\/prodotto\/amplificatore-di-tensione-matek-1s-li-a-5v\/","name":"Amplificatore di tensione Matek da 1S Li a 5V - Iha Race","isPartOf":{"@id":"https:\/\/iha-race.com\/it\/#website"},"primaryImageOfPage":{"@id":"https:\/\/iha-race.com\/it\/prodotto\/amplificatore-di-tensione-matek-1s-li-a-5v\/#primaryimage"},"image":{"@id":"https:\/\/iha-race.com\/it\/prodotto\/amplificatore-di-tensione-matek-1s-li-a-5v\/#primaryimage"},"thumbnailUrl":"https:\/\/iha-race.com\/wp-content\/uploads\/2021\/04\/Amplificador-de-Voltaje-1S-Li-a-5V.jpg","datePublished":"2021-04-13T14:46:24+00:00","dateModified":"2024-08-29T10:29:05+00:00","breadcrumb":{"@id":"https:\/\/iha-race.com\/it\/prodotto\/amplificatore-di-tensione-matek-1s-li-a-5v\/#breadcrumb"},"inLanguage":"it-IT","potentialAction":[{"@type":"ReadAction","target":["https:\/\/iha-race.com\/it\/prodotto\/amplificatore-di-tensione-matek-1s-li-a-5v\/"]}]},{"@type":"ImageObject","inLanguage":"it-IT","@id":"https:\/\/iha-race.com\/it\/prodotto\/amplificatore-di-tensione-matek-1s-li-a-5v\/#primaryimage","url":"https:\/\/iha-race.com\/wp-content\/uploads\/2021\/04\/Amplificador-de-Voltaje-1S-Li-a-5V.jpg","contentUrl":"https:\/\/iha-race.com\/wp-content\/uploads\/2021\/04\/Amplificador-de-Voltaje-1S-Li-a-5V.jpg","width":1000,"height":1000,"caption":"acquistare il pi\u00f9 economico Amplificatore di tensione Matek 1S Li a 5V"},{"@type":"BreadcrumbList","@id":"https:\/\/iha-race.com\/it\/prodotto\/amplificatore-di-tensione-matek-1s-li-a-5v\/#breadcrumb","itemListElement":[{"@type":"ListItem","position":1,"name":"Portada","item":"https:\/\/iha-race.com\/it\/"},{"@type":"ListItem","position":2,"name":"Negozio","item":"https:\/\/iha-race.com\/it\/negozio\/"},{"@type":"ListItem","position":3,"name":"Amplificatore di tensione Matek da 1S Li a 5V"}]},{"@type":"WebSite","@id":"https:\/\/iha-race.com\/it\/#website","url":"https:\/\/iha-race.com\/it\/","name":"Iha Race","description":"Comprar drones de carreras FPV env\u00edos en un d\u00eda desde Espa\u00f1a","publisher":{"@id":"https:\/\/iha-race.com\/it\/#organization"},"potentialAction":[{"@type":"SearchAction","target":{"@type":"EntryPoint","urlTemplate":"https:\/\/iha-race.com\/it\/?s={search_term_string}"},"query-input":{"@type":"PropertyValueSpecification","valueRequired":true,"valueName":"search_term_string"}}],"inLanguage":"it-IT"},{"@type":"Organization","@id":"https:\/\/iha-race.com\/it\/#organization","name":"Iha Race","url":"https:\/\/iha-race.com\/it\/","logo":{"@type":"ImageObject","inLanguage":"it-IT","@id":"https:\/\/iha-race.com\/it\/#\/schema\/logo\/image\/","url":"https:\/\/iha-race.com\/wp-content\/uploads\/2018\/07\/iha-race-drones-de-carreras-tienda-comprar-drones.png","contentUrl":"https:\/\/iha-race.com\/wp-content\/uploads\/2018\/07\/iha-race-drones-de-carreras-tienda-comprar-drones.png","width":300,"height":100,"caption":"Iha Race"},"image":{"@id":"https:\/\/iha-race.com\/it\/#\/schema\/logo\/image\/"}}]}},"jetpack_sharing_enabled":true,"brands":[],"_links":{"self":[{"href":"https:\/\/iha-race.com\/it\/wp-json\/wp\/v2\/product\/113568","targetHints":{"allow":["GET"]}}],"collection":[{"href":"https:\/\/iha-race.com\/it\/wp-json\/wp\/v2\/product"}],"about":[{"href":"https:\/\/iha-race.com\/it\/wp-json\/wp\/v2\/types\/product"}],"replies":[{"embeddable":true,"href":"https:\/\/iha-race.com\/it\/wp-json\/wp\/v2\/comments?post=113568"}],"version-history":[{"count":1,"href":"https:\/\/iha-race.com\/it\/wp-json\/wp\/v2\/product\/113568\/revisions"}],"predecessor-version":[{"id":117639,"href":"https:\/\/iha-race.com\/it\/wp-json\/wp\/v2\/product\/113568\/revisions\/117639"}],"wp:featuredmedia":[{"embeddable":true,"href":"https:\/\/iha-race.com\/it\/wp-json\/wp\/v2\/media\/98657"}],"wp:attachment":[{"href":"https:\/\/iha-race.com\/it\/wp-json\/wp\/v2\/media?parent=113568"}],"wp:term":[{"taxonomy":"pwb-brand","embeddable":true,"href":"https:\/\/iha-race.com\/it\/wp-json\/wp\/v2\/pwb-brand?post=113568"},{"taxonomy":"product_cat","embeddable":true,"href":"https:\/\/iha-race.com\/it\/wp-json\/wp\/v2\/product_cat?post=113568"},{"taxonomy":"product_tag","embeddable":true,"href":"https:\/\/iha-race.com\/it\/wp-json\/wp\/v2\/product_tag?post=113568"}],"curies":[{"name":"wp","href":"https:\/\/api.w.org\/{rel}","templated":true}]}}