{"id":113566,"date":"2021-03-23T11:14:35","date_gmt":"2021-03-23T10:14:35","guid":{"rendered":"https:\/\/iha-race.com\/producto\/scaricatore-intelligente-per-batterie-lipo-vifly-storesafe-xt60-xt30\/"},"modified":"2026-03-22T18:34:49","modified_gmt":"2026-03-22T17:34:49","slug":"vifly-storesafe-smart-battery-unloader-lipo-xt60-xt30","status":"publish","type":"product","link":"https:\/\/iha-race.com\/it\/prodotto\/vifly-storesafe-smart-battery-unloader-lipo-xt60-xt30\/","title":{"rendered":"Scaricatore intelligente per batterie LiPo VIFLY StoreSafe (XT60\/XT30)"},"content":{"rendered":"<h2>Scaricatore intelligente per batterie LiPo VIFLY StoreSafe (XT60\/XT30)<\/h2>\n<h2>Caratteristiche:<\/h2>\n<ul>\n<li class=\"section-title\"><strong>Scarica intelligente della batteria LiPo alla tensione di stoccaggio<\/strong><\/li>\n<\/ul>\n<dl>\n<dd>Non tenere mai la batteria al massimo della tensione per non compromettere la sicurezza e la durata della batteria. VIFLY StoreSafe \u00e8 la soluzione migliore per scaricare e mantenere le batterie lipo. Grazie all&#8217;algoritmo avanzato e al sensore di temperatura integrato, lo scaricatore di batterie lipo VIFLY StoreSafe \u00e8 in grado di regolare in modo intelligente la velocit\u00e0 di scarica in base alla tensione della batteria e alla temperatura dell&#8217;unit\u00e0. Assicura la massima velocit\u00e0 di scarica in un intervallo di temperatura appropriato.<\/dd>\n<\/dl>\n<ul>\n<li class=\"section-title\"><strong>Dissipatore di calore per il raffreddamento dello scaricatore<\/strong><\/li>\n<\/ul>\n<dl>\n<dd>Oltre al sensore di temperatura integrato per monitorare la temperatura dell&#8217;unit\u00e0, il dissipatore di calore dissipa efficacemente il calore per evitare il surriscaldamento dello scaricatore.<\/dd>\n<\/dl>\n<ul>\n<li class=\"section-title\"><strong>Identifica automaticamente le batterie da 2S a 6S<\/strong><\/li>\n<\/ul>\n<dl>\n<dd>Lo scaricatore lipo VIFLY StoreSafe pu\u00f2 essere compatibile con batterie da 2S a 6S. Una volta collegato, VIFLY StoreSafe riconosce automaticamente il tipo di batteria, senza bisogno di effettuare ulteriori impostazioni per selezionare diversi tipi di batteria, in modo semplice e conveniente.<\/dd>\n<\/dl>\n<ul>\n<li class=\"section-title\"><strong>Facile da usare, si collega e si lascia stare<\/strong><\/li>\n<\/ul>\n<dl>\n<dd>Lo StoreSafe interrompe la scarica quando la batteria raggiunge la tensione di stoccaggio e inserisce una corrente di dispersione bassissima, in modo che l&#8217;unit\u00e0 possa essere lasciata a lungo senza sovraccaricare la batteria. Basta collegarlo e lasciarlo in pace.<\/dd>\n<\/dl>\n<p><iframe title=\"VIFLY StoreSafe Smart Lipo Battery Discharger XT60 XT30 &amp; Heatsink\" width=\"1200\" height=\"675\" src=\"https:\/\/www.youtube.com\/embed\/4uujThuAnwA?feature=oembed\" frameborder=\"0\" allow=\"accelerometer; autoplay; clipboard-write; encrypted-media; gyroscope; picture-in-picture; web-share\" referrerpolicy=\"strict-origin-when-cross-origin\" allowfullscreen><\/iframe><\/p>\n<h2>Specifiche:<\/h2>\n<ul>\n<li><strong>Tensione di funzionamento:<\/strong> 7,9 &#8211; 26 V (2S-6S)<\/li>\n<li><strong>Potenza di scarica:<\/strong> 1W<\/li>\n<li><strong>Spegnimento:<\/strong> &lt;10uA<\/li>\n<li><strong>Tensione di stoccaggio:<\/strong> 3,85 V \u00b1 0,08 V \/ cella<\/li>\n<li><strong>Connettore: XT60 <\/strong>\/ XT30<\/li>\n<li><strong>Peso:<\/strong> 8 g (XT60) \/ 5 g (XT30)<\/li>\n<li><strong>Dimensioni (L x P x A):<\/strong> 37 x 16 x 10 mm (XT60) \/ 32 x 15 x 10 mm (XT30)<\/li>\n<\/ul>\n<h2>Il pacchetto comprende:<\/h2>\n<ul>\n<li>1 caricabatterie VIFLY StoreSafe Smart LiPo (XT60 o XT30)<\/li>\n<li>1 x Manuale di istruzioni<\/li>\n<\/ul>\n","protected":false},"excerpt":{"rendered":"<p>Scaricatore intelligente per batterie LiPo VIFLY StoreSafe (XT60\/XT30) Caratteristiche: Scarica intelligente della batteria LiPo alla tensione di stoccaggio Non tenere mai la batteria al massimo della tensione per non compromettere<\/p>\n","protected":false},"featured_media":98095,"comment_status":"open","ping_status":"closed","template":"","meta":{"_joinchat":[]},"pwb-brand":[3902],"product_cat":[1073,1067],"product_tag":[],"class_list":{"0":"post-113566","1":"product","2":"type-product","3":"status-publish","4":"has-post-thumbnail","6":"pwb-brand-vifly-finder","7":"product_cat-accessori-per-batterie","8":"product_cat-caricatori","10":"first","11":"instock","12":"taxable","13":"shipping-taxable","14":"purchasable","15":"product-type-variable"},"barcode":null,"atum_controlled":true,"out_stock_date":null,"out_stock_threshold":null,"inheritable":true,"stock_on_hold":0,"sold_today":0,"sales_last_days":19,"out_stock_days":0,"lost_sales":0,"update_date":"2026-04-09T09:07:06","atum_locations":[],"atum_stock_status":"instock","restock_status":false,"low_stock_amount":"","sales_update_date":"2026-03-22T17:31:32","calc_backorders":null,"yoast_head":"<!-- This site is optimized with the Yoast SEO plugin v27.3 - https:\/\/yoast.com\/product\/yoast-seo-wordpress\/ -->\n<title>Scaricatore intelligente per batterie LiPo VIFLY StoreSafe (XT60\/XT30) - Iha Race<\/title>\n<meta name=\"robots\" content=\"index, follow, max-snippet:-1, max-image-preview:large, max-video-preview:-1\" \/>\n<link rel=\"canonical\" href=\"https:\/\/iha-race.com\/it\/prodotto\/vifly-storesafe-smart-battery-unloader-lipo-xt60-xt30\/\" \/>\n<meta property=\"og:locale\" content=\"it_IT\" \/>\n<meta property=\"og:type\" content=\"article\" \/>\n<meta property=\"og:title\" content=\"Scaricatore intelligente per batterie LiPo VIFLY StoreSafe (XT60\/XT30) - Iha Race\" \/>\n<meta property=\"og:description\" content=\"Scaricatore intelligente per batterie LiPo VIFLY StoreSafe (XT60\/XT30) Caratteristiche: Scarica intelligente della batteria LiPo alla tensione di stoccaggio Non tenere mai la batteria al massimo della tensione per non compromettere\" \/>\n<meta property=\"og:url\" content=\"https:\/\/iha-race.com\/it\/prodotto\/vifly-storesafe-smart-battery-unloader-lipo-xt60-xt30\/\" \/>\n<meta property=\"og:site_name\" content=\"Iha Race\" \/>\n<meta property=\"article:modified_time\" content=\"2026-03-22T17:34:49+00:00\" \/>\n<meta property=\"og:image\" content=\"https:\/\/iha-race.com\/wp-content\/uploads\/2021\/03\/VIFLY-StoreSafe-Descargador-inteligente-baterias-LiPo-xt60.jpg\" \/>\n\t<meta property=\"og:image:width\" content=\"800\" \/>\n\t<meta property=\"og:image:height\" content=\"800\" \/>\n\t<meta property=\"og:image:type\" content=\"image\/jpeg\" \/>\n<meta name=\"twitter:card\" content=\"summary_large_image\" \/>\n<meta name=\"twitter:label1\" content=\"Tempo di lettura stimato\" \/>\n\t<meta name=\"twitter:data1\" content=\"1 minuto\" \/>\n<script type=\"application\/ld+json\" class=\"yoast-schema-graph\">{\"@context\":\"https:\\\/\\\/schema.org\",\"@graph\":[{\"@type\":\"WebPage\",\"@id\":\"https:\\\/\\\/iha-race.com\\\/it\\\/prodotto\\\/vifly-storesafe-smart-battery-unloader-lipo-xt60-xt30\\\/\",\"url\":\"https:\\\/\\\/iha-race.com\\\/it\\\/prodotto\\\/vifly-storesafe-smart-battery-unloader-lipo-xt60-xt30\\\/\",\"name\":\"Scaricatore intelligente per batterie LiPo VIFLY StoreSafe (XT60\\\/XT30) - Iha Race\",\"isPartOf\":{\"@id\":\"https:\\\/\\\/iha-race.com\\\/it\\\/#website\"},\"primaryImageOfPage\":{\"@id\":\"https:\\\/\\\/iha-race.com\\\/it\\\/prodotto\\\/vifly-storesafe-smart-battery-unloader-lipo-xt60-xt30\\\/#primaryimage\"},\"image\":{\"@id\":\"https:\\\/\\\/iha-race.com\\\/it\\\/prodotto\\\/vifly-storesafe-smart-battery-unloader-lipo-xt60-xt30\\\/#primaryimage\"},\"thumbnailUrl\":\"https:\\\/\\\/iha-race.com\\\/wp-content\\\/uploads\\\/2021\\\/03\\\/VIFLY-StoreSafe-Descargador-inteligente-baterias-LiPo-xt60.jpg\",\"datePublished\":\"2021-03-23T10:14:35+00:00\",\"dateModified\":\"2026-03-22T17:34:49+00:00\",\"breadcrumb\":{\"@id\":\"https:\\\/\\\/iha-race.com\\\/it\\\/prodotto\\\/vifly-storesafe-smart-battery-unloader-lipo-xt60-xt30\\\/#breadcrumb\"},\"inLanguage\":\"it-IT\",\"potentialAction\":[{\"@type\":\"ReadAction\",\"target\":[\"https:\\\/\\\/iha-race.com\\\/it\\\/prodotto\\\/vifly-storesafe-smart-battery-unloader-lipo-xt60-xt30\\\/\"]}]},{\"@type\":\"ImageObject\",\"inLanguage\":\"it-IT\",\"@id\":\"https:\\\/\\\/iha-race.com\\\/it\\\/prodotto\\\/vifly-storesafe-smart-battery-unloader-lipo-xt60-xt30\\\/#primaryimage\",\"url\":\"https:\\\/\\\/iha-race.com\\\/wp-content\\\/uploads\\\/2021\\\/03\\\/VIFLY-StoreSafe-Descargador-inteligente-baterias-LiPo-xt60.jpg\",\"contentUrl\":\"https:\\\/\\\/iha-race.com\\\/wp-content\\\/uploads\\\/2021\\\/03\\\/VIFLY-StoreSafe-Descargador-inteligente-baterias-LiPo-xt60.jpg\",\"width\":800,\"height\":800,\"caption\":\"acquistare il pi\u00f9 economico caricabatterie VIFLY StoreSafe Smart LiPo xt60\"},{\"@type\":\"BreadcrumbList\",\"@id\":\"https:\\\/\\\/iha-race.com\\\/it\\\/prodotto\\\/vifly-storesafe-smart-battery-unloader-lipo-xt60-xt30\\\/#breadcrumb\",\"itemListElement\":[{\"@type\":\"ListItem\",\"position\":1,\"name\":\"Portada\",\"item\":\"https:\\\/\\\/iha-race.com\\\/it\\\/\"},{\"@type\":\"ListItem\",\"position\":2,\"name\":\"Negozio\",\"item\":\"https:\\\/\\\/iha-race.com\\\/it\\\/negozio\\\/\"},{\"@type\":\"ListItem\",\"position\":3,\"name\":\"Scaricatore intelligente per batterie LiPo VIFLY StoreSafe (XT60\\\/XT30)\"}]},{\"@type\":\"WebSite\",\"@id\":\"https:\\\/\\\/iha-race.com\\\/it\\\/#website\",\"url\":\"https:\\\/\\\/iha-race.com\\\/it\\\/\",\"name\":\"Iha Race\",\"description\":\"Comprar drones de carreras FPV env\u00edos en un d\u00eda desde Espa\u00f1a\",\"publisher\":{\"@id\":\"https:\\\/\\\/iha-race.com\\\/it\\\/#organization\"},\"potentialAction\":[{\"@type\":\"SearchAction\",\"target\":{\"@type\":\"EntryPoint\",\"urlTemplate\":\"https:\\\/\\\/iha-race.com\\\/it\\\/?s={search_term_string}\"},\"query-input\":{\"@type\":\"PropertyValueSpecification\",\"valueRequired\":true,\"valueName\":\"search_term_string\"}}],\"inLanguage\":\"it-IT\"},{\"@type\":\"Organization\",\"@id\":\"https:\\\/\\\/iha-race.com\\\/it\\\/#organization\",\"name\":\"Iha Race\",\"url\":\"https:\\\/\\\/iha-race.com\\\/it\\\/\",\"logo\":{\"@type\":\"ImageObject\",\"inLanguage\":\"it-IT\",\"@id\":\"https:\\\/\\\/iha-race.com\\\/it\\\/#\\\/schema\\\/logo\\\/image\\\/\",\"url\":\"https:\\\/\\\/iha-race.com\\\/wp-content\\\/uploads\\\/2018\\\/07\\\/iha-race-drones-de-carreras-tienda-comprar-drones.png\",\"contentUrl\":\"https:\\\/\\\/iha-race.com\\\/wp-content\\\/uploads\\\/2018\\\/07\\\/iha-race-drones-de-carreras-tienda-comprar-drones.png\",\"width\":300,\"height\":100,\"caption\":\"Iha Race\"},\"image\":{\"@id\":\"https:\\\/\\\/iha-race.com\\\/it\\\/#\\\/schema\\\/logo\\\/image\\\/\"}}]}<\/script>\n<!-- \/ Yoast SEO plugin. -->","yoast_head_json":{"title":"Scaricatore intelligente per batterie LiPo VIFLY StoreSafe (XT60\/XT30) - Iha Race","robots":{"index":"index","follow":"follow","max-snippet":"max-snippet:-1","max-image-preview":"max-image-preview:large","max-video-preview":"max-video-preview:-1"},"canonical":"https:\/\/iha-race.com\/it\/prodotto\/vifly-storesafe-smart-battery-unloader-lipo-xt60-xt30\/","og_locale":"it_IT","og_type":"article","og_title":"Scaricatore intelligente per batterie LiPo VIFLY StoreSafe (XT60\/XT30) - Iha Race","og_description":"Scaricatore intelligente per batterie LiPo VIFLY StoreSafe (XT60\/XT30) Caratteristiche: Scarica intelligente della batteria LiPo alla tensione di stoccaggio Non tenere mai la batteria al massimo della tensione per non compromettere","og_url":"https:\/\/iha-race.com\/it\/prodotto\/vifly-storesafe-smart-battery-unloader-lipo-xt60-xt30\/","og_site_name":"Iha Race","article_modified_time":"2026-03-22T17:34:49+00:00","og_image":[{"width":800,"height":800,"url":"https:\/\/iha-race.com\/wp-content\/uploads\/2021\/03\/VIFLY-StoreSafe-Descargador-inteligente-baterias-LiPo-xt60.jpg","type":"image\/jpeg"}],"twitter_card":"summary_large_image","twitter_misc":{"Tempo di lettura stimato":"1 minuto"},"schema":{"@context":"https:\/\/schema.org","@graph":[{"@type":"WebPage","@id":"https:\/\/iha-race.com\/it\/prodotto\/vifly-storesafe-smart-battery-unloader-lipo-xt60-xt30\/","url":"https:\/\/iha-race.com\/it\/prodotto\/vifly-storesafe-smart-battery-unloader-lipo-xt60-xt30\/","name":"Scaricatore intelligente per batterie LiPo VIFLY StoreSafe (XT60\/XT30) - Iha Race","isPartOf":{"@id":"https:\/\/iha-race.com\/it\/#website"},"primaryImageOfPage":{"@id":"https:\/\/iha-race.com\/it\/prodotto\/vifly-storesafe-smart-battery-unloader-lipo-xt60-xt30\/#primaryimage"},"image":{"@id":"https:\/\/iha-race.com\/it\/prodotto\/vifly-storesafe-smart-battery-unloader-lipo-xt60-xt30\/#primaryimage"},"thumbnailUrl":"https:\/\/iha-race.com\/wp-content\/uploads\/2021\/03\/VIFLY-StoreSafe-Descargador-inteligente-baterias-LiPo-xt60.jpg","datePublished":"2021-03-23T10:14:35+00:00","dateModified":"2026-03-22T17:34:49+00:00","breadcrumb":{"@id":"https:\/\/iha-race.com\/it\/prodotto\/vifly-storesafe-smart-battery-unloader-lipo-xt60-xt30\/#breadcrumb"},"inLanguage":"it-IT","potentialAction":[{"@type":"ReadAction","target":["https:\/\/iha-race.com\/it\/prodotto\/vifly-storesafe-smart-battery-unloader-lipo-xt60-xt30\/"]}]},{"@type":"ImageObject","inLanguage":"it-IT","@id":"https:\/\/iha-race.com\/it\/prodotto\/vifly-storesafe-smart-battery-unloader-lipo-xt60-xt30\/#primaryimage","url":"https:\/\/iha-race.com\/wp-content\/uploads\/2021\/03\/VIFLY-StoreSafe-Descargador-inteligente-baterias-LiPo-xt60.jpg","contentUrl":"https:\/\/iha-race.com\/wp-content\/uploads\/2021\/03\/VIFLY-StoreSafe-Descargador-inteligente-baterias-LiPo-xt60.jpg","width":800,"height":800,"caption":"acquistare il pi\u00f9 economico caricabatterie VIFLY StoreSafe Smart LiPo xt60"},{"@type":"BreadcrumbList","@id":"https:\/\/iha-race.com\/it\/prodotto\/vifly-storesafe-smart-battery-unloader-lipo-xt60-xt30\/#breadcrumb","itemListElement":[{"@type":"ListItem","position":1,"name":"Portada","item":"https:\/\/iha-race.com\/it\/"},{"@type":"ListItem","position":2,"name":"Negozio","item":"https:\/\/iha-race.com\/it\/negozio\/"},{"@type":"ListItem","position":3,"name":"Scaricatore intelligente per batterie LiPo VIFLY StoreSafe (XT60\/XT30)"}]},{"@type":"WebSite","@id":"https:\/\/iha-race.com\/it\/#website","url":"https:\/\/iha-race.com\/it\/","name":"Iha Race","description":"Comprar drones de carreras FPV env\u00edos en un d\u00eda desde Espa\u00f1a","publisher":{"@id":"https:\/\/iha-race.com\/it\/#organization"},"potentialAction":[{"@type":"SearchAction","target":{"@type":"EntryPoint","urlTemplate":"https:\/\/iha-race.com\/it\/?s={search_term_string}"},"query-input":{"@type":"PropertyValueSpecification","valueRequired":true,"valueName":"search_term_string"}}],"inLanguage":"it-IT"},{"@type":"Organization","@id":"https:\/\/iha-race.com\/it\/#organization","name":"Iha Race","url":"https:\/\/iha-race.com\/it\/","logo":{"@type":"ImageObject","inLanguage":"it-IT","@id":"https:\/\/iha-race.com\/it\/#\/schema\/logo\/image\/","url":"https:\/\/iha-race.com\/wp-content\/uploads\/2018\/07\/iha-race-drones-de-carreras-tienda-comprar-drones.png","contentUrl":"https:\/\/iha-race.com\/wp-content\/uploads\/2018\/07\/iha-race-drones-de-carreras-tienda-comprar-drones.png","width":300,"height":100,"caption":"Iha Race"},"image":{"@id":"https:\/\/iha-race.com\/it\/#\/schema\/logo\/image\/"}}]}},"brands":[{"id":3902,"name":"Vifly Finder","slug":"vifly-finder"}],"_links":{"self":[{"href":"https:\/\/iha-race.com\/it\/wp-json\/wp\/v2\/product\/113566","targetHints":{"allow":["GET"]}}],"collection":[{"href":"https:\/\/iha-race.com\/it\/wp-json\/wp\/v2\/product"}],"about":[{"href":"https:\/\/iha-race.com\/it\/wp-json\/wp\/v2\/types\/product"}],"replies":[{"embeddable":true,"href":"https:\/\/iha-race.com\/it\/wp-json\/wp\/v2\/comments?post=113566"}],"version-history":[{"count":2,"href":"https:\/\/iha-race.com\/it\/wp-json\/wp\/v2\/product\/113566\/revisions"}],"predecessor-version":[{"id":249582,"href":"https:\/\/iha-race.com\/it\/wp-json\/wp\/v2\/product\/113566\/revisions\/249582"}],"wp:featuredmedia":[{"embeddable":true,"href":"https:\/\/iha-race.com\/it\/wp-json\/wp\/v2\/media\/98095"}],"wp:attachment":[{"href":"https:\/\/iha-race.com\/it\/wp-json\/wp\/v2\/media?parent=113566"}],"wp:term":[{"taxonomy":"pwb-brand","embeddable":true,"href":"https:\/\/iha-race.com\/it\/wp-json\/wp\/v2\/pwb-brand?post=113566"},{"taxonomy":"product_cat","embeddable":true,"href":"https:\/\/iha-race.com\/it\/wp-json\/wp\/v2\/product_cat?post=113566"},{"taxonomy":"product_tag","embeddable":true,"href":"https:\/\/iha-race.com\/it\/wp-json\/wp\/v2\/product_tag?post=113566"}],"curies":[{"name":"wp","href":"https:\/\/api.w.org\/{rel}","templated":true}]}}