{"id":113565,"date":"2021-02-26T15:35:54","date_gmt":"2021-02-26T14:35:54","guid":{"rendered":"https:\/\/iha-race.com\/producto\/set-di-viti-e-dadi-assortiti-m25-testa-a-brugola-280-pezzi\/"},"modified":"2024-08-29T12:33:07","modified_gmt":"2024-08-29T10:33:07","slug":"set-di-viti-e-dadi-a-taglio-kit-m2-5-testa-allen-280-pezzi","status":"publish","type":"product","link":"https:\/\/iha-race.com\/it\/prodotto\/set-di-viti-e-dadi-a-taglio-kit-m2-5-testa-allen-280-pezzi\/","title":{"rendered":"Set di viti e dadi assortiti M2,5 testa a brugola (280 pezzi)"},"content":{"rendered":"<h2>Set di viti e dadi assortiti M2,5 testa a brugola (280 pezzi)<\/h2>\n<h2><strong><span data-spm-anchor-id=\"a2g0o.detail.1000023.i4.26062ce31kGjhJ\">Caratteristiche:<\/span><\/strong><\/h2>\n<ul>\n<li>Forte capacit\u00e0 antiruggine, resistenza alla corrosione.<\/li>\n<li>Non si arrugginisce facilmente.<\/li>\n<li>Questi dadi e bulloni sono un ottimo sostituto per gli elementi di fissaggio industriali e da costruzione.<\/li>\n<li><span data-spm-anchor-id=\"a2g0o.detail.1000023.i5.26062ce31kGjhJ\">Ideali per l&#8217;uso come componenti di fissaggio, elementi di fissaggio industriali e per l&#8217;edilizia dove sono richieste viti a testa esagonale.<\/span><\/li>\n<li>Pu\u00f2 essere utilizzato in elettrodomestici, uffici, macchinari, mobili, riparazioni, invenzioni e altri progetti.<\/li>\n<\/ul>\n<h2>Il pacchetto comprende:<\/h2>\n<ul>\n<li>30 viti M2,5 x 4 mm<\/li>\n<li>30 viti M2,5 x 5 mm<\/li>\n<li>30 viti M2,5 x 6 mm<\/li>\n<li>30 viti M2,5 x 10 mm<\/li>\n<li>30 viti M2,5 x 12 mm<\/li>\n<li>30 viti M2,5 x 14 mm<\/li>\n<li>30 viti M2,5 x 20 mm<\/li>\n<li>70 dadi M2,5<\/li>\n<\/ul>\n","protected":false},"excerpt":{"rendered":"<p>Set di viti e dadi assortiti M2,5 testa a brugola (280 pezzi) Caratteristiche: Forte capacit\u00e0 antiruggine, resistenza alla corrosione. Non si arrugginisce facilmente. Questi dadi e bulloni sono un ottimo<\/p>\n","protected":false},"featured_media":97303,"comment_status":"open","ping_status":"closed","template":"","meta":{"_joinchat":[]},"pwb-brand":[],"product_cat":[1106,1247],"product_tag":[],"class_list":{"0":"post-113565","1":"product","2":"type-product","3":"status-publish","4":"has-post-thumbnail","6":"product_cat-accessori","7":"product_cat--viti","9":"first","10":"instock","11":"taxable","12":"shipping-taxable","13":"purchasable","14":"product-type-simple"},"barcode":null,"atum_controlled":true,"out_stock_date":null,"out_stock_threshold":null,"inheritable":false,"stock_on_hold":0,"sold_today":0,"sales_last_days":0,"out_stock_days":0,"lost_sales":0,"update_date":"2026-04-25T20:28:33","atum_locations":[],"atum_stock_status":"instock","restock_status":false,"low_stock_amount":"","sales_update_date":"2026-04-25T20:28:33","calc_backorders":null,"yoast_head":"<!-- This site is optimized with the Yoast SEO plugin v27.3 - https:\/\/yoast.com\/product\/yoast-seo-wordpress\/ -->\n<title>Set di viti e dadi assortiti M2,5 testa a brugola (280 pezzi) - Iha Race<\/title>\n<meta name=\"robots\" content=\"index, follow, max-snippet:-1, max-image-preview:large, max-video-preview:-1\" \/>\n<link rel=\"canonical\" href=\"https:\/\/iha-race.com\/it\/prodotto\/set-di-viti-e-dadi-a-taglio-kit-m2-5-testa-allen-280-pezzi\/\" \/>\n<meta property=\"og:locale\" content=\"it_IT\" \/>\n<meta property=\"og:type\" content=\"article\" \/>\n<meta property=\"og:title\" content=\"Set di viti e dadi assortiti M2,5 testa a brugola (280 pezzi) - Iha Race\" \/>\n<meta property=\"og:description\" content=\"Set di viti e dadi assortiti M2,5 testa a brugola (280 pezzi) Caratteristiche: Forte capacit\u00e0 antiruggine, resistenza alla corrosione. Non si arrugginisce facilmente. Questi dadi e bulloni sono un ottimo\" \/>\n<meta property=\"og:url\" content=\"https:\/\/iha-race.com\/it\/prodotto\/set-di-viti-e-dadi-a-taglio-kit-m2-5-testa-allen-280-pezzi\/\" \/>\n<meta property=\"og:site_name\" content=\"Iha Race\" \/>\n<meta property=\"article:modified_time\" content=\"2024-08-29T10:33:07+00:00\" \/>\n<meta property=\"og:image\" content=\"https:\/\/iha-race.com\/wp-content\/uploads\/2021\/02\/Kit-de-tornillos-tuercas-y-arandelas-M3-M2-Cabeza-Allen.jpg\" \/>\n\t<meta property=\"og:image:width\" content=\"900\" \/>\n\t<meta property=\"og:image:height\" content=\"900\" \/>\n\t<meta property=\"og:image:type\" content=\"image\/jpeg\" \/>\n<meta name=\"twitter:card\" content=\"summary_large_image\" \/>\n<meta name=\"twitter:label1\" content=\"Tempo di lettura stimato\" \/>\n\t<meta name=\"twitter:data1\" content=\"1 minuto\" \/>\n<script type=\"application\/ld+json\" class=\"yoast-schema-graph\">{\"@context\":\"https:\\\/\\\/schema.org\",\"@graph\":[{\"@type\":\"WebPage\",\"@id\":\"https:\\\/\\\/iha-race.com\\\/it\\\/prodotto\\\/set-di-viti-e-dadi-a-taglio-kit-m2-5-testa-allen-280-pezzi\\\/\",\"url\":\"https:\\\/\\\/iha-race.com\\\/it\\\/prodotto\\\/set-di-viti-e-dadi-a-taglio-kit-m2-5-testa-allen-280-pezzi\\\/\",\"name\":\"Set di viti e dadi assortiti M2,5 testa a brugola (280 pezzi) - Iha Race\",\"isPartOf\":{\"@id\":\"https:\\\/\\\/iha-race.com\\\/it\\\/#website\"},\"primaryImageOfPage\":{\"@id\":\"https:\\\/\\\/iha-race.com\\\/it\\\/prodotto\\\/set-di-viti-e-dadi-a-taglio-kit-m2-5-testa-allen-280-pezzi\\\/#primaryimage\"},\"image\":{\"@id\":\"https:\\\/\\\/iha-race.com\\\/it\\\/prodotto\\\/set-di-viti-e-dadi-a-taglio-kit-m2-5-testa-allen-280-pezzi\\\/#primaryimage\"},\"thumbnailUrl\":\"https:\\\/\\\/iha-race.com\\\/wp-content\\\/uploads\\\/2021\\\/02\\\/Kit-de-tornillos-tuercas-y-arandelas-M3-M2-Cabeza-Allen.jpg\",\"datePublished\":\"2021-02-26T14:35:54+00:00\",\"dateModified\":\"2024-08-29T10:33:07+00:00\",\"breadcrumb\":{\"@id\":\"https:\\\/\\\/iha-race.com\\\/it\\\/prodotto\\\/set-di-viti-e-dadi-a-taglio-kit-m2-5-testa-allen-280-pezzi\\\/#breadcrumb\"},\"inLanguage\":\"it-IT\",\"potentialAction\":[{\"@type\":\"ReadAction\",\"target\":[\"https:\\\/\\\/iha-race.com\\\/it\\\/prodotto\\\/set-di-viti-e-dadi-a-taglio-kit-m2-5-testa-allen-280-pezzi\\\/\"]}]},{\"@type\":\"ImageObject\",\"inLanguage\":\"it-IT\",\"@id\":\"https:\\\/\\\/iha-race.com\\\/it\\\/prodotto\\\/set-di-viti-e-dadi-a-taglio-kit-m2-5-testa-allen-280-pezzi\\\/#primaryimage\",\"url\":\"https:\\\/\\\/iha-race.com\\\/wp-content\\\/uploads\\\/2021\\\/02\\\/Kit-de-tornillos-tuercas-y-arandelas-M3-M2-Cabeza-Allen.jpg\",\"contentUrl\":\"https:\\\/\\\/iha-race.com\\\/wp-content\\\/uploads\\\/2021\\\/02\\\/Kit-de-tornillos-tuercas-y-arandelas-M3-M2-Cabeza-Allen.jpg\",\"width\":900,\"height\":900},{\"@type\":\"BreadcrumbList\",\"@id\":\"https:\\\/\\\/iha-race.com\\\/it\\\/prodotto\\\/set-di-viti-e-dadi-a-taglio-kit-m2-5-testa-allen-280-pezzi\\\/#breadcrumb\",\"itemListElement\":[{\"@type\":\"ListItem\",\"position\":1,\"name\":\"Portada\",\"item\":\"https:\\\/\\\/iha-race.com\\\/it\\\/\"},{\"@type\":\"ListItem\",\"position\":2,\"name\":\"Negozio\",\"item\":\"https:\\\/\\\/iha-race.com\\\/it\\\/negozio\\\/\"},{\"@type\":\"ListItem\",\"position\":3,\"name\":\"Set di viti e dadi assortiti M2,5 testa a brugola (280 pezzi)\"}]},{\"@type\":\"WebSite\",\"@id\":\"https:\\\/\\\/iha-race.com\\\/it\\\/#website\",\"url\":\"https:\\\/\\\/iha-race.com\\\/it\\\/\",\"name\":\"Iha Race\",\"description\":\"Comprar drones de carreras FPV env\u00edos en un d\u00eda desde Espa\u00f1a\",\"publisher\":{\"@id\":\"https:\\\/\\\/iha-race.com\\\/it\\\/#organization\"},\"potentialAction\":[{\"@type\":\"SearchAction\",\"target\":{\"@type\":\"EntryPoint\",\"urlTemplate\":\"https:\\\/\\\/iha-race.com\\\/it\\\/?s={search_term_string}\"},\"query-input\":{\"@type\":\"PropertyValueSpecification\",\"valueRequired\":true,\"valueName\":\"search_term_string\"}}],\"inLanguage\":\"it-IT\"},{\"@type\":\"Organization\",\"@id\":\"https:\\\/\\\/iha-race.com\\\/it\\\/#organization\",\"name\":\"Iha Race\",\"url\":\"https:\\\/\\\/iha-race.com\\\/it\\\/\",\"logo\":{\"@type\":\"ImageObject\",\"inLanguage\":\"it-IT\",\"@id\":\"https:\\\/\\\/iha-race.com\\\/it\\\/#\\\/schema\\\/logo\\\/image\\\/\",\"url\":\"https:\\\/\\\/iha-race.com\\\/wp-content\\\/uploads\\\/2018\\\/07\\\/iha-race-drones-de-carreras-tienda-comprar-drones.png\",\"contentUrl\":\"https:\\\/\\\/iha-race.com\\\/wp-content\\\/uploads\\\/2018\\\/07\\\/iha-race-drones-de-carreras-tienda-comprar-drones.png\",\"width\":300,\"height\":100,\"caption\":\"Iha Race\"},\"image\":{\"@id\":\"https:\\\/\\\/iha-race.com\\\/it\\\/#\\\/schema\\\/logo\\\/image\\\/\"}}]}<\/script>\n<!-- \/ Yoast SEO plugin. -->","yoast_head_json":{"title":"Set di viti e dadi assortiti M2,5 testa a brugola (280 pezzi) - Iha Race","robots":{"index":"index","follow":"follow","max-snippet":"max-snippet:-1","max-image-preview":"max-image-preview:large","max-video-preview":"max-video-preview:-1"},"canonical":"https:\/\/iha-race.com\/it\/prodotto\/set-di-viti-e-dadi-a-taglio-kit-m2-5-testa-allen-280-pezzi\/","og_locale":"it_IT","og_type":"article","og_title":"Set di viti e dadi assortiti M2,5 testa a brugola (280 pezzi) - Iha Race","og_description":"Set di viti e dadi assortiti M2,5 testa a brugola (280 pezzi) Caratteristiche: Forte capacit\u00e0 antiruggine, resistenza alla corrosione. Non si arrugginisce facilmente. Questi dadi e bulloni sono un ottimo","og_url":"https:\/\/iha-race.com\/it\/prodotto\/set-di-viti-e-dadi-a-taglio-kit-m2-5-testa-allen-280-pezzi\/","og_site_name":"Iha Race","article_modified_time":"2024-08-29T10:33:07+00:00","og_image":[{"width":900,"height":900,"url":"https:\/\/iha-race.com\/wp-content\/uploads\/2021\/02\/Kit-de-tornillos-tuercas-y-arandelas-M3-M2-Cabeza-Allen.jpg","type":"image\/jpeg"}],"twitter_card":"summary_large_image","twitter_misc":{"Tempo di lettura stimato":"1 minuto"},"schema":{"@context":"https:\/\/schema.org","@graph":[{"@type":"WebPage","@id":"https:\/\/iha-race.com\/it\/prodotto\/set-di-viti-e-dadi-a-taglio-kit-m2-5-testa-allen-280-pezzi\/","url":"https:\/\/iha-race.com\/it\/prodotto\/set-di-viti-e-dadi-a-taglio-kit-m2-5-testa-allen-280-pezzi\/","name":"Set di viti e dadi assortiti M2,5 testa a brugola (280 pezzi) - Iha Race","isPartOf":{"@id":"https:\/\/iha-race.com\/it\/#website"},"primaryImageOfPage":{"@id":"https:\/\/iha-race.com\/it\/prodotto\/set-di-viti-e-dadi-a-taglio-kit-m2-5-testa-allen-280-pezzi\/#primaryimage"},"image":{"@id":"https:\/\/iha-race.com\/it\/prodotto\/set-di-viti-e-dadi-a-taglio-kit-m2-5-testa-allen-280-pezzi\/#primaryimage"},"thumbnailUrl":"https:\/\/iha-race.com\/wp-content\/uploads\/2021\/02\/Kit-de-tornillos-tuercas-y-arandelas-M3-M2-Cabeza-Allen.jpg","datePublished":"2021-02-26T14:35:54+00:00","dateModified":"2024-08-29T10:33:07+00:00","breadcrumb":{"@id":"https:\/\/iha-race.com\/it\/prodotto\/set-di-viti-e-dadi-a-taglio-kit-m2-5-testa-allen-280-pezzi\/#breadcrumb"},"inLanguage":"it-IT","potentialAction":[{"@type":"ReadAction","target":["https:\/\/iha-race.com\/it\/prodotto\/set-di-viti-e-dadi-a-taglio-kit-m2-5-testa-allen-280-pezzi\/"]}]},{"@type":"ImageObject","inLanguage":"it-IT","@id":"https:\/\/iha-race.com\/it\/prodotto\/set-di-viti-e-dadi-a-taglio-kit-m2-5-testa-allen-280-pezzi\/#primaryimage","url":"https:\/\/iha-race.com\/wp-content\/uploads\/2021\/02\/Kit-de-tornillos-tuercas-y-arandelas-M3-M2-Cabeza-Allen.jpg","contentUrl":"https:\/\/iha-race.com\/wp-content\/uploads\/2021\/02\/Kit-de-tornillos-tuercas-y-arandelas-M3-M2-Cabeza-Allen.jpg","width":900,"height":900},{"@type":"BreadcrumbList","@id":"https:\/\/iha-race.com\/it\/prodotto\/set-di-viti-e-dadi-a-taglio-kit-m2-5-testa-allen-280-pezzi\/#breadcrumb","itemListElement":[{"@type":"ListItem","position":1,"name":"Portada","item":"https:\/\/iha-race.com\/it\/"},{"@type":"ListItem","position":2,"name":"Negozio","item":"https:\/\/iha-race.com\/it\/negozio\/"},{"@type":"ListItem","position":3,"name":"Set di viti e dadi assortiti M2,5 testa a brugola (280 pezzi)"}]},{"@type":"WebSite","@id":"https:\/\/iha-race.com\/it\/#website","url":"https:\/\/iha-race.com\/it\/","name":"Iha Race","description":"Comprar drones de carreras FPV env\u00edos en un d\u00eda desde Espa\u00f1a","publisher":{"@id":"https:\/\/iha-race.com\/it\/#organization"},"potentialAction":[{"@type":"SearchAction","target":{"@type":"EntryPoint","urlTemplate":"https:\/\/iha-race.com\/it\/?s={search_term_string}"},"query-input":{"@type":"PropertyValueSpecification","valueRequired":true,"valueName":"search_term_string"}}],"inLanguage":"it-IT"},{"@type":"Organization","@id":"https:\/\/iha-race.com\/it\/#organization","name":"Iha Race","url":"https:\/\/iha-race.com\/it\/","logo":{"@type":"ImageObject","inLanguage":"it-IT","@id":"https:\/\/iha-race.com\/it\/#\/schema\/logo\/image\/","url":"https:\/\/iha-race.com\/wp-content\/uploads\/2018\/07\/iha-race-drones-de-carreras-tienda-comprar-drones.png","contentUrl":"https:\/\/iha-race.com\/wp-content\/uploads\/2018\/07\/iha-race-drones-de-carreras-tienda-comprar-drones.png","width":300,"height":100,"caption":"Iha Race"},"image":{"@id":"https:\/\/iha-race.com\/it\/#\/schema\/logo\/image\/"}}]}},"jetpack_sharing_enabled":true,"brands":[],"_links":{"self":[{"href":"https:\/\/iha-race.com\/it\/wp-json\/wp\/v2\/product\/113565","targetHints":{"allow":["GET"]}}],"collection":[{"href":"https:\/\/iha-race.com\/it\/wp-json\/wp\/v2\/product"}],"about":[{"href":"https:\/\/iha-race.com\/it\/wp-json\/wp\/v2\/types\/product"}],"replies":[{"embeddable":true,"href":"https:\/\/iha-race.com\/it\/wp-json\/wp\/v2\/comments?post=113565"}],"version-history":[{"count":2,"href":"https:\/\/iha-race.com\/it\/wp-json\/wp\/v2\/product\/113565\/revisions"}],"predecessor-version":[{"id":227925,"href":"https:\/\/iha-race.com\/it\/wp-json\/wp\/v2\/product\/113565\/revisions\/227925"}],"wp:featuredmedia":[{"embeddable":true,"href":"https:\/\/iha-race.com\/it\/wp-json\/wp\/v2\/media\/97303"}],"wp:attachment":[{"href":"https:\/\/iha-race.com\/it\/wp-json\/wp\/v2\/media?parent=113565"}],"wp:term":[{"taxonomy":"pwb-brand","embeddable":true,"href":"https:\/\/iha-race.com\/it\/wp-json\/wp\/v2\/pwb-brand?post=113565"},{"taxonomy":"product_cat","embeddable":true,"href":"https:\/\/iha-race.com\/it\/wp-json\/wp\/v2\/product_cat?post=113565"},{"taxonomy":"product_tag","embeddable":true,"href":"https:\/\/iha-race.com\/it\/wp-json\/wp\/v2\/product_tag?post=113565"}],"curies":[{"name":"wp","href":"https:\/\/api.w.org\/{rel}","templated":true}]}}