{"id":113556,"date":"2021-04-09T16:23:13","date_gmt":"2021-04-09T14:23:13","guid":{"rendered":"https:\/\/iha-race.com\/producto\/truerc-antenna-stubo-duality-2-4-5-8-per-dji-lhcp-rp-sma\/"},"modified":"2026-04-07T12:09:51","modified_gmt":"2026-04-07T10:09:51","slug":"antenna-truerc-dualita-2-4-5-8-stubby-para-dji-lhcp-rp-sma","status":"publish","type":"product","link":"https:\/\/iha-race.com\/it\/prodotto\/antenna-truerc-dualita-2-4-5-8-stubby-para-dji-lhcp-rp-sma\/","title":{"rendered":"TrueRC Antenna stubo Duality 2.4\/5.8 per DJI LHCP (RP-SMA)"},"content":{"rendered":"<h2>TrueRC DUALITY 2.4\/5.8 Antenna STUBBY per DJI LHCP (RP-SMA)<\/h2>\n<p>  TrueRC non si ferma mai! Il Duality \u00e8 un CP omnidirezionale a doppia banda che copre le bande di 2,4 e 5,8GHz in un unico pacchetto compatto e compatto. Si adatta direttamente agli occhiali DJI FPV V2*, consentendo di lasciarli sempre accesi, grazie a un profilo molto pi\u00f9 basso rispetto alle antenne lineari standard. Ogni unit\u00e0 \u00e8 sintonizzata a mano su un analizzatore professionale per ottenere il massimo dal tuo sistema digitale HD.  <\/p>\n<h2>Specifiche:<\/h2>\n<ul>\n<li><strong>Guadagno: 1 <\/strong>,7dBic a 2,4GHz, 2,8dBic a 5,8GHz<\/li>\n<li><strong>Polarizzazione:<\/strong> LHCP<\/li>\n<li><strong>Reiezione alla<\/strong> polarizzazione incrociata: da -15 a -30 dB, (2,2%)<\/li>\n<li><strong>Larghezza di banda:<\/strong> 2,39 GHz-2,52 GHz e 5,6 GHz-6,1 GHz<\/li>\n<li><strong>Efficienza di irradiazione:<\/strong> 99%.<\/li>\n<li><strong>ROE:<\/strong> &lt;= 1,5: 1<\/li>\n<li><strong>Peso:<\/strong> 5,25 g<\/li>\n<li><strong>Dimensioni:<\/strong> 23,3 mm di diametro. X 22,0 mm di altezza<\/li>\n<li><strong>Connettore:<\/strong> RP-SMA<\/li>\n<\/ul>\n<h2>Il pacchetto comprende:<\/h2>\n<ul>\n<li>1 x Pacchetto antenna TrueRC DUALITY 2.4\/5.8 STUBBY per DJI LHCP (RP-SMA) (1 unit\u00e0 o 4 unit\u00e0)<\/li>\n<\/ul>\n<p>  ** Il Duality pu\u00f2 essere utilizzato con i visori DJI FPV V1, ma poich\u00e9 questi non utilizzano la banda a 2,4 GHz, ti consigliamo di utilizzare l&#8217;<a href=\"https:\/\/iha-race.com\/producto\/antena-truerc-singularity-5-8-stubby-para-dji-pack-de-4-unidades\/\">antenna TrueRC Singularity 5.8 Stubby per DJI.<\/a> <\/p>\n","protected":false},"excerpt":{"rendered":"<p>TrueRC non si ferma mai! Il duality \u00e8 un CP omnidirezionale a doppia banda che copre le bande di 2,4 e 5,8GHz in un unico pacchetto compatto e compatto. Si adatta direttamente agli occhiali DJI FPV V2*, consentendo di lasciarli sempre accesi, grazie a un profilo molto pi\u00f9 basso rispetto alle antenne lineari standard.<\/p>\n","protected":false},"featured_media":98394,"comment_status":"open","ping_status":"closed","template":"","meta":{"_joinchat":[]},"pwb-brand":[],"product_cat":[1180,1114],"product_tag":[],"class_list":{"0":"post-113556","1":"product","2":"type-product","3":"status-publish","4":"has-post-thumbnail","6":"product_cat-antenne-fpv","7":"product_cat-occhiali-fpv","9":"first","10":"instock","11":"taxable","12":"shipping-taxable","13":"purchasable","14":"product-type-variable"},"barcode":null,"atum_controlled":true,"out_stock_date":null,"out_stock_threshold":null,"inheritable":true,"stock_on_hold":0,"sold_today":0,"sales_last_days":1,"out_stock_days":0,"lost_sales":0,"update_date":"2026-04-18T19:10:49","atum_locations":[],"atum_stock_status":"instock","restock_status":false,"low_stock_amount":"","sales_update_date":"2026-04-18T19:10:49","calc_backorders":null,"yoast_head":"<!-- This site is optimized with the Yoast SEO plugin v27.3 - https:\/\/yoast.com\/product\/yoast-seo-wordpress\/ -->\n<title>TrueRC Antenna stubo Duality 2.4\/5.8 per DJI LHCP (RP-SMA) - Iha Race<\/title>\n<meta name=\"robots\" content=\"index, follow, max-snippet:-1, max-image-preview:large, max-video-preview:-1\" \/>\n<link rel=\"canonical\" href=\"https:\/\/iha-race.com\/it\/prodotto\/antenna-truerc-dualita-2-4-5-8-stubby-para-dji-lhcp-rp-sma\/\" \/>\n<meta property=\"og:locale\" content=\"it_IT\" \/>\n<meta property=\"og:type\" content=\"article\" \/>\n<meta property=\"og:title\" content=\"TrueRC Antenna stubo Duality 2.4\/5.8 per DJI LHCP (RP-SMA) - Iha Race\" \/>\n<meta property=\"og:description\" content=\"TrueRC non si ferma mai! Il duality \u00e8 un CP omnidirezionale a doppia banda che copre le bande di 2,4 e 5,8GHz in un unico pacchetto compatto e compatto. Si adatta direttamente agli occhiali DJI FPV V2*, consentendo di lasciarli sempre accesi, grazie a un profilo molto pi\u00f9 basso rispetto alle antenne lineari standard.\" \/>\n<meta property=\"og:url\" content=\"https:\/\/iha-race.com\/it\/prodotto\/antenna-truerc-dualita-2-4-5-8-stubby-para-dji-lhcp-rp-sma\/\" \/>\n<meta property=\"og:site_name\" content=\"Iha Race\" \/>\n<meta property=\"article:modified_time\" content=\"2026-04-07T10:09:51+00:00\" \/>\n<meta property=\"og:image\" content=\"https:\/\/iha-race.com\/wp-content\/uploads\/2021\/04\/Antena-TrueRC-DUALITY-2.4-5.8-STUBBY-para-DJI.jpeg\" \/>\n\t<meta property=\"og:image:width\" content=\"1197\" \/>\n\t<meta property=\"og:image:height\" content=\"1197\" \/>\n\t<meta property=\"og:image:type\" content=\"image\/jpeg\" \/>\n<meta name=\"twitter:card\" content=\"summary_large_image\" \/>\n<meta name=\"twitter:label1\" content=\"Tempo di lettura stimato\" \/>\n\t<meta name=\"twitter:data1\" content=\"1 minuto\" \/>\n<script type=\"application\/ld+json\" class=\"yoast-schema-graph\">{\"@context\":\"https:\\\/\\\/schema.org\",\"@graph\":[{\"@type\":\"WebPage\",\"@id\":\"https:\\\/\\\/iha-race.com\\\/it\\\/prodotto\\\/antenna-truerc-dualita-2-4-5-8-stubby-para-dji-lhcp-rp-sma\\\/\",\"url\":\"https:\\\/\\\/iha-race.com\\\/it\\\/prodotto\\\/antenna-truerc-dualita-2-4-5-8-stubby-para-dji-lhcp-rp-sma\\\/\",\"name\":\"TrueRC Antenna stubo Duality 2.4\\\/5.8 per DJI LHCP (RP-SMA) - Iha Race\",\"isPartOf\":{\"@id\":\"https:\\\/\\\/iha-race.com\\\/it\\\/#website\"},\"primaryImageOfPage\":{\"@id\":\"https:\\\/\\\/iha-race.com\\\/it\\\/prodotto\\\/antenna-truerc-dualita-2-4-5-8-stubby-para-dji-lhcp-rp-sma\\\/#primaryimage\"},\"image\":{\"@id\":\"https:\\\/\\\/iha-race.com\\\/it\\\/prodotto\\\/antenna-truerc-dualita-2-4-5-8-stubby-para-dji-lhcp-rp-sma\\\/#primaryimage\"},\"thumbnailUrl\":\"https:\\\/\\\/iha-race.com\\\/wp-content\\\/uploads\\\/2021\\\/04\\\/Antena-TrueRC-DUALITY-2.4-5.8-STUBBY-para-DJI.jpeg\",\"datePublished\":\"2021-04-09T14:23:13+00:00\",\"dateModified\":\"2026-04-07T10:09:51+00:00\",\"breadcrumb\":{\"@id\":\"https:\\\/\\\/iha-race.com\\\/it\\\/prodotto\\\/antenna-truerc-dualita-2-4-5-8-stubby-para-dji-lhcp-rp-sma\\\/#breadcrumb\"},\"inLanguage\":\"it-IT\",\"potentialAction\":[{\"@type\":\"ReadAction\",\"target\":[\"https:\\\/\\\/iha-race.com\\\/it\\\/prodotto\\\/antenna-truerc-dualita-2-4-5-8-stubby-para-dji-lhcp-rp-sma\\\/\"]}]},{\"@type\":\"ImageObject\",\"inLanguage\":\"it-IT\",\"@id\":\"https:\\\/\\\/iha-race.com\\\/it\\\/prodotto\\\/antenna-truerc-dualita-2-4-5-8-stubby-para-dji-lhcp-rp-sma\\\/#primaryimage\",\"url\":\"https:\\\/\\\/iha-race.com\\\/wp-content\\\/uploads\\\/2021\\\/04\\\/Antena-TrueRC-DUALITY-2.4-5.8-STUBBY-para-DJI.jpeg\",\"contentUrl\":\"https:\\\/\\\/iha-race.com\\\/wp-content\\\/uploads\\\/2021\\\/04\\\/Antena-TrueRC-DUALITY-2.4-5.8-STUBBY-para-DJI.jpeg\",\"width\":1197,\"height\":1197},{\"@type\":\"BreadcrumbList\",\"@id\":\"https:\\\/\\\/iha-race.com\\\/it\\\/prodotto\\\/antenna-truerc-dualita-2-4-5-8-stubby-para-dji-lhcp-rp-sma\\\/#breadcrumb\",\"itemListElement\":[{\"@type\":\"ListItem\",\"position\":1,\"name\":\"Portada\",\"item\":\"https:\\\/\\\/iha-race.com\\\/it\\\/\"},{\"@type\":\"ListItem\",\"position\":2,\"name\":\"Negozio\",\"item\":\"https:\\\/\\\/iha-race.com\\\/it\\\/negozio\\\/\"},{\"@type\":\"ListItem\",\"position\":3,\"name\":\"TrueRC Antenna stubo Duality 2.4\\\/5.8 per DJI LHCP (RP-SMA)\"}]},{\"@type\":\"WebSite\",\"@id\":\"https:\\\/\\\/iha-race.com\\\/it\\\/#website\",\"url\":\"https:\\\/\\\/iha-race.com\\\/it\\\/\",\"name\":\"Iha Race\",\"description\":\"Comprar drones de carreras FPV env\u00edos en un d\u00eda desde Espa\u00f1a\",\"publisher\":{\"@id\":\"https:\\\/\\\/iha-race.com\\\/it\\\/#organization\"},\"potentialAction\":[{\"@type\":\"SearchAction\",\"target\":{\"@type\":\"EntryPoint\",\"urlTemplate\":\"https:\\\/\\\/iha-race.com\\\/it\\\/?s={search_term_string}\"},\"query-input\":{\"@type\":\"PropertyValueSpecification\",\"valueRequired\":true,\"valueName\":\"search_term_string\"}}],\"inLanguage\":\"it-IT\"},{\"@type\":\"Organization\",\"@id\":\"https:\\\/\\\/iha-race.com\\\/it\\\/#organization\",\"name\":\"Iha Race\",\"url\":\"https:\\\/\\\/iha-race.com\\\/it\\\/\",\"logo\":{\"@type\":\"ImageObject\",\"inLanguage\":\"it-IT\",\"@id\":\"https:\\\/\\\/iha-race.com\\\/it\\\/#\\\/schema\\\/logo\\\/image\\\/\",\"url\":\"https:\\\/\\\/iha-race.com\\\/wp-content\\\/uploads\\\/2018\\\/07\\\/iha-race-drones-de-carreras-tienda-comprar-drones.png\",\"contentUrl\":\"https:\\\/\\\/iha-race.com\\\/wp-content\\\/uploads\\\/2018\\\/07\\\/iha-race-drones-de-carreras-tienda-comprar-drones.png\",\"width\":300,\"height\":100,\"caption\":\"Iha Race\"},\"image\":{\"@id\":\"https:\\\/\\\/iha-race.com\\\/it\\\/#\\\/schema\\\/logo\\\/image\\\/\"}}]}<\/script>\n<!-- \/ Yoast SEO plugin. -->","yoast_head_json":{"title":"TrueRC Antenna stubo Duality 2.4\/5.8 per DJI LHCP (RP-SMA) - Iha Race","robots":{"index":"index","follow":"follow","max-snippet":"max-snippet:-1","max-image-preview":"max-image-preview:large","max-video-preview":"max-video-preview:-1"},"canonical":"https:\/\/iha-race.com\/it\/prodotto\/antenna-truerc-dualita-2-4-5-8-stubby-para-dji-lhcp-rp-sma\/","og_locale":"it_IT","og_type":"article","og_title":"TrueRC Antenna stubo Duality 2.4\/5.8 per DJI LHCP (RP-SMA) - Iha Race","og_description":"TrueRC non si ferma mai! Il duality \u00e8 un CP omnidirezionale a doppia banda che copre le bande di 2,4 e 5,8GHz in un unico pacchetto compatto e compatto. Si adatta direttamente agli occhiali DJI FPV V2*, consentendo di lasciarli sempre accesi, grazie a un profilo molto pi\u00f9 basso rispetto alle antenne lineari standard.","og_url":"https:\/\/iha-race.com\/it\/prodotto\/antenna-truerc-dualita-2-4-5-8-stubby-para-dji-lhcp-rp-sma\/","og_site_name":"Iha Race","article_modified_time":"2026-04-07T10:09:51+00:00","og_image":[{"width":1197,"height":1197,"url":"https:\/\/iha-race.com\/wp-content\/uploads\/2021\/04\/Antena-TrueRC-DUALITY-2.4-5.8-STUBBY-para-DJI.jpeg","type":"image\/jpeg"}],"twitter_card":"summary_large_image","twitter_misc":{"Tempo di lettura stimato":"1 minuto"},"schema":{"@context":"https:\/\/schema.org","@graph":[{"@type":"WebPage","@id":"https:\/\/iha-race.com\/it\/prodotto\/antenna-truerc-dualita-2-4-5-8-stubby-para-dji-lhcp-rp-sma\/","url":"https:\/\/iha-race.com\/it\/prodotto\/antenna-truerc-dualita-2-4-5-8-stubby-para-dji-lhcp-rp-sma\/","name":"TrueRC Antenna stubo Duality 2.4\/5.8 per DJI LHCP (RP-SMA) - Iha Race","isPartOf":{"@id":"https:\/\/iha-race.com\/it\/#website"},"primaryImageOfPage":{"@id":"https:\/\/iha-race.com\/it\/prodotto\/antenna-truerc-dualita-2-4-5-8-stubby-para-dji-lhcp-rp-sma\/#primaryimage"},"image":{"@id":"https:\/\/iha-race.com\/it\/prodotto\/antenna-truerc-dualita-2-4-5-8-stubby-para-dji-lhcp-rp-sma\/#primaryimage"},"thumbnailUrl":"https:\/\/iha-race.com\/wp-content\/uploads\/2021\/04\/Antena-TrueRC-DUALITY-2.4-5.8-STUBBY-para-DJI.jpeg","datePublished":"2021-04-09T14:23:13+00:00","dateModified":"2026-04-07T10:09:51+00:00","breadcrumb":{"@id":"https:\/\/iha-race.com\/it\/prodotto\/antenna-truerc-dualita-2-4-5-8-stubby-para-dji-lhcp-rp-sma\/#breadcrumb"},"inLanguage":"it-IT","potentialAction":[{"@type":"ReadAction","target":["https:\/\/iha-race.com\/it\/prodotto\/antenna-truerc-dualita-2-4-5-8-stubby-para-dji-lhcp-rp-sma\/"]}]},{"@type":"ImageObject","inLanguage":"it-IT","@id":"https:\/\/iha-race.com\/it\/prodotto\/antenna-truerc-dualita-2-4-5-8-stubby-para-dji-lhcp-rp-sma\/#primaryimage","url":"https:\/\/iha-race.com\/wp-content\/uploads\/2021\/04\/Antena-TrueRC-DUALITY-2.4-5.8-STUBBY-para-DJI.jpeg","contentUrl":"https:\/\/iha-race.com\/wp-content\/uploads\/2021\/04\/Antena-TrueRC-DUALITY-2.4-5.8-STUBBY-para-DJI.jpeg","width":1197,"height":1197},{"@type":"BreadcrumbList","@id":"https:\/\/iha-race.com\/it\/prodotto\/antenna-truerc-dualita-2-4-5-8-stubby-para-dji-lhcp-rp-sma\/#breadcrumb","itemListElement":[{"@type":"ListItem","position":1,"name":"Portada","item":"https:\/\/iha-race.com\/it\/"},{"@type":"ListItem","position":2,"name":"Negozio","item":"https:\/\/iha-race.com\/it\/negozio\/"},{"@type":"ListItem","position":3,"name":"TrueRC Antenna stubo Duality 2.4\/5.8 per DJI LHCP (RP-SMA)"}]},{"@type":"WebSite","@id":"https:\/\/iha-race.com\/it\/#website","url":"https:\/\/iha-race.com\/it\/","name":"Iha Race","description":"Comprar drones de carreras FPV env\u00edos en un d\u00eda desde Espa\u00f1a","publisher":{"@id":"https:\/\/iha-race.com\/it\/#organization"},"potentialAction":[{"@type":"SearchAction","target":{"@type":"EntryPoint","urlTemplate":"https:\/\/iha-race.com\/it\/?s={search_term_string}"},"query-input":{"@type":"PropertyValueSpecification","valueRequired":true,"valueName":"search_term_string"}}],"inLanguage":"it-IT"},{"@type":"Organization","@id":"https:\/\/iha-race.com\/it\/#organization","name":"Iha Race","url":"https:\/\/iha-race.com\/it\/","logo":{"@type":"ImageObject","inLanguage":"it-IT","@id":"https:\/\/iha-race.com\/it\/#\/schema\/logo\/image\/","url":"https:\/\/iha-race.com\/wp-content\/uploads\/2018\/07\/iha-race-drones-de-carreras-tienda-comprar-drones.png","contentUrl":"https:\/\/iha-race.com\/wp-content\/uploads\/2018\/07\/iha-race-drones-de-carreras-tienda-comprar-drones.png","width":300,"height":100,"caption":"Iha Race"},"image":{"@id":"https:\/\/iha-race.com\/it\/#\/schema\/logo\/image\/"}}]}},"jetpack_sharing_enabled":true,"brands":[],"_links":{"self":[{"href":"https:\/\/iha-race.com\/it\/wp-json\/wp\/v2\/product\/113556","targetHints":{"allow":["GET"]}}],"collection":[{"href":"https:\/\/iha-race.com\/it\/wp-json\/wp\/v2\/product"}],"about":[{"href":"https:\/\/iha-race.com\/it\/wp-json\/wp\/v2\/types\/product"}],"replies":[{"embeddable":true,"href":"https:\/\/iha-race.com\/it\/wp-json\/wp\/v2\/comments?post=113556"}],"version-history":[{"count":2,"href":"https:\/\/iha-race.com\/it\/wp-json\/wp\/v2\/product\/113556\/revisions"}],"predecessor-version":[{"id":249566,"href":"https:\/\/iha-race.com\/it\/wp-json\/wp\/v2\/product\/113556\/revisions\/249566"}],"wp:featuredmedia":[{"embeddable":true,"href":"https:\/\/iha-race.com\/it\/wp-json\/wp\/v2\/media\/98394"}],"wp:attachment":[{"href":"https:\/\/iha-race.com\/it\/wp-json\/wp\/v2\/media?parent=113556"}],"wp:term":[{"taxonomy":"pwb-brand","embeddable":true,"href":"https:\/\/iha-race.com\/it\/wp-json\/wp\/v2\/pwb-brand?post=113556"},{"taxonomy":"product_cat","embeddable":true,"href":"https:\/\/iha-race.com\/it\/wp-json\/wp\/v2\/product_cat?post=113556"},{"taxonomy":"product_tag","embeddable":true,"href":"https:\/\/iha-race.com\/it\/wp-json\/wp\/v2\/product_tag?post=113556"}],"curies":[{"name":"wp","href":"https:\/\/api.w.org\/{rel}","templated":true}]}}