{"id":113524,"date":"2021-01-19T16:07:16","date_gmt":"2021-01-19T15:07:16","guid":{"rendered":"https:\/\/iha-race.com\/producto\/set-di-cavi-pigtail-betafpv-per-whoop-4-5s-xt60-16awg\/"},"modified":"2024-08-29T12:36:17","modified_gmt":"2024-08-29T10:36:17","slug":"set-de-cables-pigtail-betafpv-for-whoop-4-5s-xt60-16awg","status":"publish","type":"product","link":"https:\/\/iha-race.com\/it\/prodotto\/set-de-cables-pigtail-betafpv-for-whoop-4-5s-xt60-16awg\/","title":{"rendered":"Set di cavi Pigtail BETAFPV per Whoop 4-5S (XT60 16AWG)"},"content":{"rendered":"<h2>Set di cavi Pigtail BETAFPV per Whoop 4- 5S (XT60 16AWG)<\/h2>\n<p>  Questo cavo di alimentazione con connettore XT60 \u00e8 stato realizzato appositamente per i droni 4-5S whoop, saldato con condensatori specifici da 25V \/ 680\u03bcF, per proteggere la scheda ESC e ridurre il tasso di difetti causati dall&#8217;alta tensione istantanea. La sua potenza di supporto \u00e8 fino a 4-5S. Adatto per F4 AIO 20A FC e Quad X-Knight 4&#8221;.  <\/p>\n<h2>Caratteristiche:<\/h2>\n<ul>\n<li>Questo connettore XT60 ha aggiunto un condensatore elettrolitico da 25V \/ 680\u03bcF per proteggere la scheda ESC.<\/li>\n<li>Adotta un cavo in silicone morbido e resistente al calore, la cui resistenza alla temperatura massima \u00e8 di 200 \u2103.<\/li>\n<li>Il connettore maschio BETAFPV XT60 \u00e8 adatto al bastone F4 AIO 20A FC e al quadcopter 4S X-Knight 4&#8243; FPV.<\/li>\n<li>Il cavo di alimentazione con connettore maschio XT60 pu\u00f2 supportare un&#8217;alimentazione di 4-5S. Pu\u00f2 essere utilizzato con il quadcopter F4 AIO 20A toothpick FC e X-Knight 4&#8243; FPV toothpick. Ottenere pi\u00f9 potenza.<\/li>\n<li>Il connettore maschio XT60 ha una lunghezza di 80 mm con un cavo in silicone da 16AWG, pesa 8,9 g\/pc.<\/li>\n<\/ul>\n<p><img decoding=\"async\" src=\"https:\/\/cdn.shopify.com\/s\/files\/1\/1778\/6615\/files\/8b465053d72bf33c227fa9eedfc2486b_ee46058c-24e2-4e11-a9ec-dd7c7817094c_480x480.jpg?v=1579141580\" alt=\"\"><\/p>\n<h2>Specifiche:<\/h2>\n<ul>\n<li>Potenza: 4-5S<\/li>\n<li>Peso: 8,2 g \/ pc<\/li>\n<li>Connettore: XT60<\/li>\n<li>Lunghezza: 80 mm (compresa la spina)<\/li>\n<li>Resistenza alla temperatura massima: 200 \u00b0C<\/li>\n<li>Specifiche del condensatore elettrolitico: 25V \/ 680\u03bc<\/li>\n<li>Cavo: cavo in silicone morbido e resistente al calore da 16AWG<\/li>\n<li>Applicazione: F4 AIO 20A FC- Versione Whoop, Versione Toothpick \/ Quad X-Knight 4&#8221;.<\/li>\n<\/ul>\n<p><img decoding=\"async\" src=\"https:\/\/cdn.shopify.com\/s\/files\/1\/1778\/6615\/files\/f7d7c897f798fc44c391847188c3ac79_c7892804-de0c-49be-99e5-7dda39e01290_480x480.jpg?v=1579141530\" alt=\"\"><\/p>\n<div><\/div>\n<h2>Il pacchetto comprende:<\/h2>\n<div>\n<ul>\n<li>6 x cavi flessibili per Whoop 4-5S (XT60)<\/li>\n<\/ul>\n<\/div>\n","protected":false},"excerpt":{"rendered":"<p>Set di cavi Pigtail BETAFPV per Whoop 4- 5S (XT60 16AWG) Questo cavo di alimentazione con connettore XT60 \u00e8 stato realizzato appositamente per i droni 4-5S whoop, saldato con condensatori<\/p>\n","protected":false},"featured_media":95989,"comment_status":"open","ping_status":"closed","template":"","meta":{"_joinchat":[]},"pwb-brand":[],"product_cat":[140,142,27,480],"product_tag":[],"class_list":{"0":"post-113524","1":"product","2":"type-product","3":"status-publish","4":"has-post-thumbnail","6":"product_cat-cables","7":"product_cat-conectores","8":"product_cat-drones-fpv","9":"product_cat-microdones-fpv","11":"first","12":"instock","13":"taxable","14":"shipping-taxable","15":"purchasable","16":"product-type-simple"},"barcode":null,"atum_controlled":true,"out_stock_date":null,"out_stock_threshold":null,"inheritable":false,"stock_on_hold":0,"sold_today":0,"sales_last_days":0,"out_stock_days":0,"lost_sales":0,"update_date":"2026-04-16T07:36:33","atum_locations":[],"atum_stock_status":"instock","restock_status":false,"low_stock_amount":"","sales_update_date":"2026-04-16T07:36:33","calc_backorders":null,"yoast_head":"<!-- This site is optimized with the Yoast SEO plugin v27.3 - https:\/\/yoast.com\/product\/yoast-seo-wordpress\/ -->\n<title>Set di cavi Pigtail BETAFPV per Whoop 4-5S (XT60 16AWG) - Iha Race<\/title>\n<meta name=\"robots\" content=\"index, follow, max-snippet:-1, max-image-preview:large, max-video-preview:-1\" \/>\n<link rel=\"canonical\" href=\"https:\/\/iha-race.com\/it\/prodotto\/set-de-cables-pigtail-betafpv-for-whoop-4-5s-xt60-16awg\/\" \/>\n<meta property=\"og:locale\" content=\"it_IT\" \/>\n<meta property=\"og:type\" content=\"article\" \/>\n<meta property=\"og:title\" content=\"Set di cavi Pigtail BETAFPV per Whoop 4-5S (XT60 16AWG) - Iha Race\" \/>\n<meta property=\"og:description\" content=\"Set di cavi Pigtail BETAFPV per Whoop 4- 5S (XT60 16AWG) Questo cavo di alimentazione con connettore XT60 \u00e8 stato realizzato appositamente per i droni 4-5S whoop, saldato con condensatori\" \/>\n<meta property=\"og:url\" content=\"https:\/\/iha-race.com\/it\/prodotto\/set-de-cables-pigtail-betafpv-for-whoop-4-5s-xt60-16awg\/\" \/>\n<meta property=\"og:site_name\" content=\"Iha Race\" \/>\n<meta property=\"article:modified_time\" content=\"2024-08-29T10:36:17+00:00\" \/>\n<meta property=\"og:image\" content=\"https:\/\/iha-race.com\/wp-content\/uploads\/2021\/01\/Set-de-6-Cables-Pigtail-BETAFPV-Whoop-4-5S-XT60-16AWG.jpg\" \/>\n\t<meta property=\"og:image:width\" content=\"800\" \/>\n\t<meta property=\"og:image:height\" content=\"800\" \/>\n\t<meta property=\"og:image:type\" content=\"image\/jpeg\" \/>\n<meta name=\"twitter:card\" content=\"summary_large_image\" \/>\n<meta name=\"twitter:label1\" content=\"Tempo di lettura stimato\" \/>\n\t<meta name=\"twitter:data1\" content=\"1 minuto\" \/>\n<script type=\"application\/ld+json\" class=\"yoast-schema-graph\">{\"@context\":\"https:\\\/\\\/schema.org\",\"@graph\":[{\"@type\":\"WebPage\",\"@id\":\"https:\\\/\\\/iha-race.com\\\/it\\\/prodotto\\\/set-de-cables-pigtail-betafpv-for-whoop-4-5s-xt60-16awg\\\/\",\"url\":\"https:\\\/\\\/iha-race.com\\\/it\\\/prodotto\\\/set-de-cables-pigtail-betafpv-for-whoop-4-5s-xt60-16awg\\\/\",\"name\":\"Set di cavi Pigtail BETAFPV per Whoop 4-5S (XT60 16AWG) - Iha Race\",\"isPartOf\":{\"@id\":\"https:\\\/\\\/iha-race.com\\\/it\\\/#website\"},\"primaryImageOfPage\":{\"@id\":\"https:\\\/\\\/iha-race.com\\\/it\\\/prodotto\\\/set-de-cables-pigtail-betafpv-for-whoop-4-5s-xt60-16awg\\\/#primaryimage\"},\"image\":{\"@id\":\"https:\\\/\\\/iha-race.com\\\/it\\\/prodotto\\\/set-de-cables-pigtail-betafpv-for-whoop-4-5s-xt60-16awg\\\/#primaryimage\"},\"thumbnailUrl\":\"https:\\\/\\\/iha-race.com\\\/wp-content\\\/uploads\\\/2021\\\/01\\\/Set-de-6-Cables-Pigtail-BETAFPV-Whoop-4-5S-XT60-16AWG.jpg\",\"datePublished\":\"2021-01-19T15:07:16+00:00\",\"dateModified\":\"2024-08-29T10:36:17+00:00\",\"breadcrumb\":{\"@id\":\"https:\\\/\\\/iha-race.com\\\/it\\\/prodotto\\\/set-de-cables-pigtail-betafpv-for-whoop-4-5s-xt60-16awg\\\/#breadcrumb\"},\"inLanguage\":\"it-IT\",\"potentialAction\":[{\"@type\":\"ReadAction\",\"target\":[\"https:\\\/\\\/iha-race.com\\\/it\\\/prodotto\\\/set-de-cables-pigtail-betafpv-for-whoop-4-5s-xt60-16awg\\\/\"]}]},{\"@type\":\"ImageObject\",\"inLanguage\":\"it-IT\",\"@id\":\"https:\\\/\\\/iha-race.com\\\/it\\\/prodotto\\\/set-de-cables-pigtail-betafpv-for-whoop-4-5s-xt60-16awg\\\/#primaryimage\",\"url\":\"https:\\\/\\\/iha-race.com\\\/wp-content\\\/uploads\\\/2021\\\/01\\\/Set-de-6-Cables-Pigtail-BETAFPV-Whoop-4-5S-XT60-16AWG.jpg\",\"contentUrl\":\"https:\\\/\\\/iha-race.com\\\/wp-content\\\/uploads\\\/2021\\\/01\\\/Set-de-6-Cables-Pigtail-BETAFPV-Whoop-4-5S-XT60-16AWG.jpg\",\"width\":800,\"height\":800,\"caption\":\"acquistare pi\u00f9 economico Set di 6 cavi Pigtail BETAFPV Whoop 4-5S (XT60 16AWG)\"},{\"@type\":\"BreadcrumbList\",\"@id\":\"https:\\\/\\\/iha-race.com\\\/it\\\/prodotto\\\/set-de-cables-pigtail-betafpv-for-whoop-4-5s-xt60-16awg\\\/#breadcrumb\",\"itemListElement\":[{\"@type\":\"ListItem\",\"position\":1,\"name\":\"Portada\",\"item\":\"https:\\\/\\\/iha-race.com\\\/it\\\/\"},{\"@type\":\"ListItem\",\"position\":2,\"name\":\"Negozio\",\"item\":\"https:\\\/\\\/iha-race.com\\\/it\\\/negozio\\\/\"},{\"@type\":\"ListItem\",\"position\":3,\"name\":\"Set di cavi Pigtail BETAFPV per Whoop 4-5S (XT60 16AWG)\"}]},{\"@type\":\"WebSite\",\"@id\":\"https:\\\/\\\/iha-race.com\\\/it\\\/#website\",\"url\":\"https:\\\/\\\/iha-race.com\\\/it\\\/\",\"name\":\"Iha Race\",\"description\":\"Comprar drones de carreras FPV env\u00edos en un d\u00eda desde Espa\u00f1a\",\"publisher\":{\"@id\":\"https:\\\/\\\/iha-race.com\\\/it\\\/#organization\"},\"potentialAction\":[{\"@type\":\"SearchAction\",\"target\":{\"@type\":\"EntryPoint\",\"urlTemplate\":\"https:\\\/\\\/iha-race.com\\\/it\\\/?s={search_term_string}\"},\"query-input\":{\"@type\":\"PropertyValueSpecification\",\"valueRequired\":true,\"valueName\":\"search_term_string\"}}],\"inLanguage\":\"it-IT\"},{\"@type\":\"Organization\",\"@id\":\"https:\\\/\\\/iha-race.com\\\/it\\\/#organization\",\"name\":\"Iha Race\",\"url\":\"https:\\\/\\\/iha-race.com\\\/it\\\/\",\"logo\":{\"@type\":\"ImageObject\",\"inLanguage\":\"it-IT\",\"@id\":\"https:\\\/\\\/iha-race.com\\\/it\\\/#\\\/schema\\\/logo\\\/image\\\/\",\"url\":\"https:\\\/\\\/iha-race.com\\\/wp-content\\\/uploads\\\/2018\\\/07\\\/iha-race-drones-de-carreras-tienda-comprar-drones.png\",\"contentUrl\":\"https:\\\/\\\/iha-race.com\\\/wp-content\\\/uploads\\\/2018\\\/07\\\/iha-race-drones-de-carreras-tienda-comprar-drones.png\",\"width\":300,\"height\":100,\"caption\":\"Iha Race\"},\"image\":{\"@id\":\"https:\\\/\\\/iha-race.com\\\/it\\\/#\\\/schema\\\/logo\\\/image\\\/\"}}]}<\/script>\n<!-- \/ Yoast SEO plugin. -->","yoast_head_json":{"title":"Set di cavi Pigtail BETAFPV per Whoop 4-5S (XT60 16AWG) - Iha Race","robots":{"index":"index","follow":"follow","max-snippet":"max-snippet:-1","max-image-preview":"max-image-preview:large","max-video-preview":"max-video-preview:-1"},"canonical":"https:\/\/iha-race.com\/it\/prodotto\/set-de-cables-pigtail-betafpv-for-whoop-4-5s-xt60-16awg\/","og_locale":"it_IT","og_type":"article","og_title":"Set di cavi Pigtail BETAFPV per Whoop 4-5S (XT60 16AWG) - Iha Race","og_description":"Set di cavi Pigtail BETAFPV per Whoop 4- 5S (XT60 16AWG) Questo cavo di alimentazione con connettore XT60 \u00e8 stato realizzato appositamente per i droni 4-5S whoop, saldato con condensatori","og_url":"https:\/\/iha-race.com\/it\/prodotto\/set-de-cables-pigtail-betafpv-for-whoop-4-5s-xt60-16awg\/","og_site_name":"Iha Race","article_modified_time":"2024-08-29T10:36:17+00:00","og_image":[{"width":800,"height":800,"url":"https:\/\/iha-race.com\/wp-content\/uploads\/2021\/01\/Set-de-6-Cables-Pigtail-BETAFPV-Whoop-4-5S-XT60-16AWG.jpg","type":"image\/jpeg"}],"twitter_card":"summary_large_image","twitter_misc":{"Tempo di lettura stimato":"1 minuto"},"schema":{"@context":"https:\/\/schema.org","@graph":[{"@type":"WebPage","@id":"https:\/\/iha-race.com\/it\/prodotto\/set-de-cables-pigtail-betafpv-for-whoop-4-5s-xt60-16awg\/","url":"https:\/\/iha-race.com\/it\/prodotto\/set-de-cables-pigtail-betafpv-for-whoop-4-5s-xt60-16awg\/","name":"Set di cavi Pigtail BETAFPV per Whoop 4-5S (XT60 16AWG) - Iha Race","isPartOf":{"@id":"https:\/\/iha-race.com\/it\/#website"},"primaryImageOfPage":{"@id":"https:\/\/iha-race.com\/it\/prodotto\/set-de-cables-pigtail-betafpv-for-whoop-4-5s-xt60-16awg\/#primaryimage"},"image":{"@id":"https:\/\/iha-race.com\/it\/prodotto\/set-de-cables-pigtail-betafpv-for-whoop-4-5s-xt60-16awg\/#primaryimage"},"thumbnailUrl":"https:\/\/iha-race.com\/wp-content\/uploads\/2021\/01\/Set-de-6-Cables-Pigtail-BETAFPV-Whoop-4-5S-XT60-16AWG.jpg","datePublished":"2021-01-19T15:07:16+00:00","dateModified":"2024-08-29T10:36:17+00:00","breadcrumb":{"@id":"https:\/\/iha-race.com\/it\/prodotto\/set-de-cables-pigtail-betafpv-for-whoop-4-5s-xt60-16awg\/#breadcrumb"},"inLanguage":"it-IT","potentialAction":[{"@type":"ReadAction","target":["https:\/\/iha-race.com\/it\/prodotto\/set-de-cables-pigtail-betafpv-for-whoop-4-5s-xt60-16awg\/"]}]},{"@type":"ImageObject","inLanguage":"it-IT","@id":"https:\/\/iha-race.com\/it\/prodotto\/set-de-cables-pigtail-betafpv-for-whoop-4-5s-xt60-16awg\/#primaryimage","url":"https:\/\/iha-race.com\/wp-content\/uploads\/2021\/01\/Set-de-6-Cables-Pigtail-BETAFPV-Whoop-4-5S-XT60-16AWG.jpg","contentUrl":"https:\/\/iha-race.com\/wp-content\/uploads\/2021\/01\/Set-de-6-Cables-Pigtail-BETAFPV-Whoop-4-5S-XT60-16AWG.jpg","width":800,"height":800,"caption":"acquistare pi\u00f9 economico Set di 6 cavi Pigtail BETAFPV Whoop 4-5S (XT60 16AWG)"},{"@type":"BreadcrumbList","@id":"https:\/\/iha-race.com\/it\/prodotto\/set-de-cables-pigtail-betafpv-for-whoop-4-5s-xt60-16awg\/#breadcrumb","itemListElement":[{"@type":"ListItem","position":1,"name":"Portada","item":"https:\/\/iha-race.com\/it\/"},{"@type":"ListItem","position":2,"name":"Negozio","item":"https:\/\/iha-race.com\/it\/negozio\/"},{"@type":"ListItem","position":3,"name":"Set di cavi Pigtail BETAFPV per Whoop 4-5S (XT60 16AWG)"}]},{"@type":"WebSite","@id":"https:\/\/iha-race.com\/it\/#website","url":"https:\/\/iha-race.com\/it\/","name":"Iha Race","description":"Comprar drones de carreras FPV env\u00edos en un d\u00eda desde Espa\u00f1a","publisher":{"@id":"https:\/\/iha-race.com\/it\/#organization"},"potentialAction":[{"@type":"SearchAction","target":{"@type":"EntryPoint","urlTemplate":"https:\/\/iha-race.com\/it\/?s={search_term_string}"},"query-input":{"@type":"PropertyValueSpecification","valueRequired":true,"valueName":"search_term_string"}}],"inLanguage":"it-IT"},{"@type":"Organization","@id":"https:\/\/iha-race.com\/it\/#organization","name":"Iha Race","url":"https:\/\/iha-race.com\/it\/","logo":{"@type":"ImageObject","inLanguage":"it-IT","@id":"https:\/\/iha-race.com\/it\/#\/schema\/logo\/image\/","url":"https:\/\/iha-race.com\/wp-content\/uploads\/2018\/07\/iha-race-drones-de-carreras-tienda-comprar-drones.png","contentUrl":"https:\/\/iha-race.com\/wp-content\/uploads\/2018\/07\/iha-race-drones-de-carreras-tienda-comprar-drones.png","width":300,"height":100,"caption":"Iha Race"},"image":{"@id":"https:\/\/iha-race.com\/it\/#\/schema\/logo\/image\/"}}]}},"brands":[],"_links":{"self":[{"href":"https:\/\/iha-race.com\/it\/wp-json\/wp\/v2\/product\/113524","targetHints":{"allow":["GET"]}}],"collection":[{"href":"https:\/\/iha-race.com\/it\/wp-json\/wp\/v2\/product"}],"about":[{"href":"https:\/\/iha-race.com\/it\/wp-json\/wp\/v2\/types\/product"}],"replies":[{"embeddable":true,"href":"https:\/\/iha-race.com\/it\/wp-json\/wp\/v2\/comments?post=113524"}],"version-history":[{"count":2,"href":"https:\/\/iha-race.com\/it\/wp-json\/wp\/v2\/product\/113524\/revisions"}],"predecessor-version":[{"id":249683,"href":"https:\/\/iha-race.com\/it\/wp-json\/wp\/v2\/product\/113524\/revisions\/249683"}],"wp:featuredmedia":[{"embeddable":true,"href":"https:\/\/iha-race.com\/it\/wp-json\/wp\/v2\/media\/95989"}],"wp:attachment":[{"href":"https:\/\/iha-race.com\/it\/wp-json\/wp\/v2\/media?parent=113524"}],"wp:term":[{"taxonomy":"pwb-brand","embeddable":true,"href":"https:\/\/iha-race.com\/it\/wp-json\/wp\/v2\/pwb-brand?post=113524"},{"taxonomy":"product_cat","embeddable":true,"href":"https:\/\/iha-race.com\/it\/wp-json\/wp\/v2\/product_cat?post=113524"},{"taxonomy":"product_tag","embeddable":true,"href":"https:\/\/iha-race.com\/it\/wp-json\/wp\/v2\/product_tag?post=113524"}],"curies":[{"name":"wp","href":"https:\/\/api.w.org\/{rel}","templated":true}]}}