{"id":113512,"date":"2021-02-12T16:12:30","date_gmt":"2021-02-12T15:12:30","guid":{"rendered":"https:\/\/iha-race.com\/producto\/skyzone-cobrax-v2-occhiali-fpv\/"},"modified":"2024-08-29T12:34:55","modified_gmt":"2024-08-29T10:34:55","slug":"fpv-skyzone-cobrax-v4-occhiali","status":"publish","type":"product","link":"https:\/\/iha-race.com\/it\/prodotto\/fpv-skyzone-cobrax-v4-occhiali\/","title":{"rendered":"SKYZONE CobraX V4 Occhiali FPV"},"content":{"rendered":"<h2>SKYZONE CobraX V4 Occhiali FPV<\/h2>\n<p>  Gli occhiali <strong>Skyzone Cobra X V4<\/strong> sono occhiali FPV commutabili 4:3\/16:9. Questi occhiali sono dotati di uno schermo LCD con colori vividi ed elevata luminosit\u00e0, che consente ai piloti di vedere pi\u00f9 dettagli durante le gare. Con un ricevitore Steadyview, il ricevitore fonde due segnali in uno solo, evitando che l&#8217;immagine si frammenti e si sposti, rendendo l&#8217;immagine pi\u00f9 stabile e pi\u00f9 chiara in condizioni difficili. I piloti possono indossare occhiali di protezione mentre indossano questi occhiali. Il nuovo sistema operativo ha dieci lingue selezionabili e il sistema di menu \u00e8 facile da navigare. Il volante shuttle e la nuova interfaccia utente consentono al pilota di impostare tutte le impostazioni ruotando il volante senza togliere gli occhiali. Questi occhiali possono funzionare con una batteria LiPo 18650 a 1 cella per 2-6 secondi. La ricarica USB e DC rende questi occhiali facili da usare sul campo. Gli occhiali <strong>Cobra X V4<\/strong> sono dotati di un&#8217;unit\u00e0 DVR 60 FPS migliorata e di una scheda di gestione dell&#8217;energia migliorata per una maggiore autonomia.  <strong>VIDEO: Recensione dello Skyzone Cobra X V4. DVR e potenza migliorati! (Audio in inglese)<\/strong><br \/>\n<iframe title=\"Skyzone Cobra X V2 review. Upgraded DVR and power!!\" width=\"1200\" height=\"675\" src=\"https:\/\/www.youtube.com\/embed\/GSvt7rWk6HQ?feature=oembed\" frameborder=\"0\" allow=\"accelerometer; autoplay; clipboard-write; encrypted-media; gyroscope; picture-in-picture; web-share\" referrerpolicy=\"strict-origin-when-cross-origin\" allowfullscreen><\/iframe><\/p>\n<h2>Caratteristiche<\/h2>\n<ul>\n<li>Rapporto d&#8217;aspetto commutabile 4:3\/16:9, risoluzione 1280&#215;720<\/li>\n<li>Scheda di gestione dell&#8217;energia aggiornata<\/li>\n<li>Impostazioni avanzate del display<\/li>\n<li>Controllo del volante della navetta<\/li>\n<li>Ricevitore SteadyView<\/li>\n<li>Tracciamento della testa incorporato<\/li>\n<li>Unit\u00e0 DVR 60 FPS<\/li>\n<li>10 lingue<\/li>\n<\/ul>\n<h2>Specifiche tecniche<\/h2>\n<ul>\n<li>Head Tracker: accelerometro a 3 assi, giroscopio a 3 assi<\/li>\n<li>Alimentazione: 1 cella 18650\/CC 6,5-25,2 V\/USB 5 V<\/li>\n<li>DVR: H264, 30 fps, MOV 6 Mbps, SD fino a 128 Gb<\/li>\n<li>Ricevitore: 5,8 Ghz, ricevitore SteadyView a 48 canali<\/li>\n<li>Consumo di energia: 12 V 0,63 A 5 V 1,5 A.<\/li>\n<li>Dimensioni: 122x165x100 mm<\/li>\n<li>Firmware: Cobra X V4.1.2<\/li>\n<li>Lingua: 10 lingue<\/li>\n<li>Risoluzione: 1280X720<\/li>\n<li>Rapporto d&#8217;aspetto: 4:3\/16:9<\/li>\n<li>Campo visivo (diagonale): 50\u00b0 (diagonale)<\/li>\n<li>Peso: 332 g<\/li>\n<li>Display: LCD<\/li>\n<li>Nero<\/li>\n<\/ul>\n<h2>Include<\/h2>\n<ul>\n<li>1 x Skyzone Cobra X V4 FPV Occhiali &#8211; Nero<\/li>\n<li>2 antenne 2dD da 5,8 GHz<\/li>\n<li>1 cavo head tracker<\/li>\n<li>1 cavo video\/audio.<\/li>\n<li>1 modulo ricevitore<\/li>\n<li>1 cavo USB-C.<\/li>\n<li>1 cavo di alimentazione<\/li>\n<li>1 x Manuale d&#8217;uso<\/li>\n<\/ul>\n","protected":false},"excerpt":{"rendered":"<div class=\"mb-4 leading-relaxed product-description prose border-b pb-6\">Le maschere Skyzone Cobra X V4 sono maschere FPV commutabili 4:3\/16:9. Questi occhiali sono dotati di uno schermo LCD con colori vividi ed elevata luminosit\u00e0. Gli occhiali Cobra X V4 sono dotati di un&#8217;unit\u00e0 DVR 60 FPS migliorata e di una scheda di gestione dell&#8217;alimentazione.<\/div>\n","protected":false},"featured_media":96903,"comment_status":"open","ping_status":"closed","template":"","meta":{"_joinchat":[]},"pwb-brand":[],"product_cat":[2455,1114],"product_tag":[],"class_list":{"0":"post-113512","1":"product","2":"type-product","3":"status-publish","4":"has-post-thumbnail","6":"product_cat-occhiali-e-monitor","7":"product_cat-occhiali-fpv","9":"first","10":"outofstock","11":"taxable","12":"shipping-taxable","13":"purchasable","14":"product-type-simple"},"barcode":null,"atum_controlled":true,"out_stock_date":"2025-05-27 13:31:02","out_stock_threshold":null,"inheritable":false,"stock_on_hold":0,"sold_today":0,"sales_last_days":1,"out_stock_days":0,"lost_sales":0,"update_date":"2026-04-08T16:39:07","atum_locations":[],"atum_stock_status":"outofstock","restock_status":false,"low_stock_amount":"","sales_update_date":"2025-05-27T11:29:11","calc_backorders":null,"yoast_head":"<!-- This site is optimized with the Yoast SEO plugin v27.3 - https:\/\/yoast.com\/product\/yoast-seo-wordpress\/ -->\n<title>SKYZONE CobraX V4 Occhiali FPV - Iha Race<\/title>\n<meta name=\"robots\" content=\"index, follow, max-snippet:-1, max-image-preview:large, max-video-preview:-1\" \/>\n<link rel=\"canonical\" href=\"https:\/\/iha-race.com\/it\/prodotto\/fpv-skyzone-cobrax-v4-occhiali\/\" \/>\n<meta property=\"og:locale\" content=\"it_IT\" \/>\n<meta property=\"og:type\" content=\"article\" \/>\n<meta property=\"og:title\" content=\"SKYZONE CobraX V4 Occhiali FPV - Iha Race\" \/>\n<meta property=\"og:description\" content=\"Le maschere Skyzone Cobra X V4 sono maschere FPV commutabili 4:3\/16:9. Questi occhiali sono dotati di uno schermo LCD con colori vividi ed elevata luminosit\u00e0. Gli occhiali Cobra X V4 sono dotati di un&#039;unit\u00e0 DVR 60 FPS migliorata e di una scheda di gestione dell&#039;alimentazione.\" \/>\n<meta property=\"og:url\" content=\"https:\/\/iha-race.com\/it\/prodotto\/fpv-skyzone-cobrax-v4-occhiali\/\" \/>\n<meta property=\"og:site_name\" content=\"Iha Race\" \/>\n<meta property=\"article:modified_time\" content=\"2024-08-29T10:34:55+00:00\" \/>\n<meta property=\"og:image\" content=\"https:\/\/iha-race.com\/wp-content\/uploads\/2021\/02\/Gafas-fpv-CobraX.png\" \/>\n\t<meta property=\"og:image:width\" content=\"1000\" \/>\n\t<meta property=\"og:image:height\" content=\"1000\" \/>\n\t<meta property=\"og:image:type\" content=\"image\/png\" \/>\n<meta name=\"twitter:card\" content=\"summary_large_image\" \/>\n<meta name=\"twitter:label1\" content=\"Tempo di lettura stimato\" \/>\n\t<meta name=\"twitter:data1\" content=\"2 minuti\" \/>\n<script type=\"application\/ld+json\" class=\"yoast-schema-graph\">{\"@context\":\"https:\\\/\\\/schema.org\",\"@graph\":[{\"@type\":\"WebPage\",\"@id\":\"https:\\\/\\\/iha-race.com\\\/it\\\/prodotto\\\/fpv-skyzone-cobrax-v4-occhiali\\\/\",\"url\":\"https:\\\/\\\/iha-race.com\\\/it\\\/prodotto\\\/fpv-skyzone-cobrax-v4-occhiali\\\/\",\"name\":\"SKYZONE CobraX V4 Occhiali FPV - Iha Race\",\"isPartOf\":{\"@id\":\"https:\\\/\\\/iha-race.com\\\/it\\\/#website\"},\"primaryImageOfPage\":{\"@id\":\"https:\\\/\\\/iha-race.com\\\/it\\\/prodotto\\\/fpv-skyzone-cobrax-v4-occhiali\\\/#primaryimage\"},\"image\":{\"@id\":\"https:\\\/\\\/iha-race.com\\\/it\\\/prodotto\\\/fpv-skyzone-cobrax-v4-occhiali\\\/#primaryimage\"},\"thumbnailUrl\":\"https:\\\/\\\/iha-race.com\\\/wp-content\\\/uploads\\\/2021\\\/02\\\/Gafas-fpv-CobraX.png\",\"datePublished\":\"2021-02-12T15:12:30+00:00\",\"dateModified\":\"2024-08-29T10:34:55+00:00\",\"breadcrumb\":{\"@id\":\"https:\\\/\\\/iha-race.com\\\/it\\\/prodotto\\\/fpv-skyzone-cobrax-v4-occhiali\\\/#breadcrumb\"},\"inLanguage\":\"it-IT\",\"potentialAction\":[{\"@type\":\"ReadAction\",\"target\":[\"https:\\\/\\\/iha-race.com\\\/it\\\/prodotto\\\/fpv-skyzone-cobrax-v4-occhiali\\\/\"]}]},{\"@type\":\"ImageObject\",\"inLanguage\":\"it-IT\",\"@id\":\"https:\\\/\\\/iha-race.com\\\/it\\\/prodotto\\\/fpv-skyzone-cobrax-v4-occhiali\\\/#primaryimage\",\"url\":\"https:\\\/\\\/iha-race.com\\\/wp-content\\\/uploads\\\/2021\\\/02\\\/Gafas-fpv-CobraX.png\",\"contentUrl\":\"https:\\\/\\\/iha-race.com\\\/wp-content\\\/uploads\\\/2021\\\/02\\\/Gafas-fpv-CobraX.png\",\"width\":1000,\"height\":1000,\"caption\":\"acquistare gli occhiali CobraX fpv pi\u00f9 economici\"},{\"@type\":\"BreadcrumbList\",\"@id\":\"https:\\\/\\\/iha-race.com\\\/it\\\/prodotto\\\/fpv-skyzone-cobrax-v4-occhiali\\\/#breadcrumb\",\"itemListElement\":[{\"@type\":\"ListItem\",\"position\":1,\"name\":\"Portada\",\"item\":\"https:\\\/\\\/iha-race.com\\\/it\\\/\"},{\"@type\":\"ListItem\",\"position\":2,\"name\":\"Negozio\",\"item\":\"https:\\\/\\\/iha-race.com\\\/it\\\/negozio\\\/\"},{\"@type\":\"ListItem\",\"position\":3,\"name\":\"SKYZONE CobraX V4 Occhiali FPV\"}]},{\"@type\":\"WebSite\",\"@id\":\"https:\\\/\\\/iha-race.com\\\/it\\\/#website\",\"url\":\"https:\\\/\\\/iha-race.com\\\/it\\\/\",\"name\":\"Iha Race\",\"description\":\"Comprar drones de carreras FPV env\u00edos en un d\u00eda desde Espa\u00f1a\",\"publisher\":{\"@id\":\"https:\\\/\\\/iha-race.com\\\/it\\\/#organization\"},\"potentialAction\":[{\"@type\":\"SearchAction\",\"target\":{\"@type\":\"EntryPoint\",\"urlTemplate\":\"https:\\\/\\\/iha-race.com\\\/it\\\/?s={search_term_string}\"},\"query-input\":{\"@type\":\"PropertyValueSpecification\",\"valueRequired\":true,\"valueName\":\"search_term_string\"}}],\"inLanguage\":\"it-IT\"},{\"@type\":\"Organization\",\"@id\":\"https:\\\/\\\/iha-race.com\\\/it\\\/#organization\",\"name\":\"Iha Race\",\"url\":\"https:\\\/\\\/iha-race.com\\\/it\\\/\",\"logo\":{\"@type\":\"ImageObject\",\"inLanguage\":\"it-IT\",\"@id\":\"https:\\\/\\\/iha-race.com\\\/it\\\/#\\\/schema\\\/logo\\\/image\\\/\",\"url\":\"https:\\\/\\\/iha-race.com\\\/wp-content\\\/uploads\\\/2018\\\/07\\\/iha-race-drones-de-carreras-tienda-comprar-drones.png\",\"contentUrl\":\"https:\\\/\\\/iha-race.com\\\/wp-content\\\/uploads\\\/2018\\\/07\\\/iha-race-drones-de-carreras-tienda-comprar-drones.png\",\"width\":300,\"height\":100,\"caption\":\"Iha Race\"},\"image\":{\"@id\":\"https:\\\/\\\/iha-race.com\\\/it\\\/#\\\/schema\\\/logo\\\/image\\\/\"}}]}<\/script>\n<!-- \/ Yoast SEO plugin. -->","yoast_head_json":{"title":"SKYZONE CobraX V4 Occhiali FPV - Iha Race","robots":{"index":"index","follow":"follow","max-snippet":"max-snippet:-1","max-image-preview":"max-image-preview:large","max-video-preview":"max-video-preview:-1"},"canonical":"https:\/\/iha-race.com\/it\/prodotto\/fpv-skyzone-cobrax-v4-occhiali\/","og_locale":"it_IT","og_type":"article","og_title":"SKYZONE CobraX V4 Occhiali FPV - Iha Race","og_description":"Le maschere Skyzone Cobra X V4 sono maschere FPV commutabili 4:3\/16:9. Questi occhiali sono dotati di uno schermo LCD con colori vividi ed elevata luminosit\u00e0. Gli occhiali Cobra X V4 sono dotati di un'unit\u00e0 DVR 60 FPS migliorata e di una scheda di gestione dell'alimentazione.","og_url":"https:\/\/iha-race.com\/it\/prodotto\/fpv-skyzone-cobrax-v4-occhiali\/","og_site_name":"Iha Race","article_modified_time":"2024-08-29T10:34:55+00:00","og_image":[{"width":1000,"height":1000,"url":"https:\/\/iha-race.com\/wp-content\/uploads\/2021\/02\/Gafas-fpv-CobraX.png","type":"image\/png"}],"twitter_card":"summary_large_image","twitter_misc":{"Tempo di lettura stimato":"2 minuti"},"schema":{"@context":"https:\/\/schema.org","@graph":[{"@type":"WebPage","@id":"https:\/\/iha-race.com\/it\/prodotto\/fpv-skyzone-cobrax-v4-occhiali\/","url":"https:\/\/iha-race.com\/it\/prodotto\/fpv-skyzone-cobrax-v4-occhiali\/","name":"SKYZONE CobraX V4 Occhiali FPV - Iha Race","isPartOf":{"@id":"https:\/\/iha-race.com\/it\/#website"},"primaryImageOfPage":{"@id":"https:\/\/iha-race.com\/it\/prodotto\/fpv-skyzone-cobrax-v4-occhiali\/#primaryimage"},"image":{"@id":"https:\/\/iha-race.com\/it\/prodotto\/fpv-skyzone-cobrax-v4-occhiali\/#primaryimage"},"thumbnailUrl":"https:\/\/iha-race.com\/wp-content\/uploads\/2021\/02\/Gafas-fpv-CobraX.png","datePublished":"2021-02-12T15:12:30+00:00","dateModified":"2024-08-29T10:34:55+00:00","breadcrumb":{"@id":"https:\/\/iha-race.com\/it\/prodotto\/fpv-skyzone-cobrax-v4-occhiali\/#breadcrumb"},"inLanguage":"it-IT","potentialAction":[{"@type":"ReadAction","target":["https:\/\/iha-race.com\/it\/prodotto\/fpv-skyzone-cobrax-v4-occhiali\/"]}]},{"@type":"ImageObject","inLanguage":"it-IT","@id":"https:\/\/iha-race.com\/it\/prodotto\/fpv-skyzone-cobrax-v4-occhiali\/#primaryimage","url":"https:\/\/iha-race.com\/wp-content\/uploads\/2021\/02\/Gafas-fpv-CobraX.png","contentUrl":"https:\/\/iha-race.com\/wp-content\/uploads\/2021\/02\/Gafas-fpv-CobraX.png","width":1000,"height":1000,"caption":"acquistare gli occhiali CobraX fpv pi\u00f9 economici"},{"@type":"BreadcrumbList","@id":"https:\/\/iha-race.com\/it\/prodotto\/fpv-skyzone-cobrax-v4-occhiali\/#breadcrumb","itemListElement":[{"@type":"ListItem","position":1,"name":"Portada","item":"https:\/\/iha-race.com\/it\/"},{"@type":"ListItem","position":2,"name":"Negozio","item":"https:\/\/iha-race.com\/it\/negozio\/"},{"@type":"ListItem","position":3,"name":"SKYZONE CobraX V4 Occhiali FPV"}]},{"@type":"WebSite","@id":"https:\/\/iha-race.com\/it\/#website","url":"https:\/\/iha-race.com\/it\/","name":"Iha Race","description":"Comprar drones de carreras FPV env\u00edos en un d\u00eda desde Espa\u00f1a","publisher":{"@id":"https:\/\/iha-race.com\/it\/#organization"},"potentialAction":[{"@type":"SearchAction","target":{"@type":"EntryPoint","urlTemplate":"https:\/\/iha-race.com\/it\/?s={search_term_string}"},"query-input":{"@type":"PropertyValueSpecification","valueRequired":true,"valueName":"search_term_string"}}],"inLanguage":"it-IT"},{"@type":"Organization","@id":"https:\/\/iha-race.com\/it\/#organization","name":"Iha Race","url":"https:\/\/iha-race.com\/it\/","logo":{"@type":"ImageObject","inLanguage":"it-IT","@id":"https:\/\/iha-race.com\/it\/#\/schema\/logo\/image\/","url":"https:\/\/iha-race.com\/wp-content\/uploads\/2018\/07\/iha-race-drones-de-carreras-tienda-comprar-drones.png","contentUrl":"https:\/\/iha-race.com\/wp-content\/uploads\/2018\/07\/iha-race-drones-de-carreras-tienda-comprar-drones.png","width":300,"height":100,"caption":"Iha Race"},"image":{"@id":"https:\/\/iha-race.com\/it\/#\/schema\/logo\/image\/"}}]}},"brands":[],"_links":{"self":[{"href":"https:\/\/iha-race.com\/it\/wp-json\/wp\/v2\/product\/113512","targetHints":{"allow":["GET"]}}],"collection":[{"href":"https:\/\/iha-race.com\/it\/wp-json\/wp\/v2\/product"}],"about":[{"href":"https:\/\/iha-race.com\/it\/wp-json\/wp\/v2\/types\/product"}],"replies":[{"embeddable":true,"href":"https:\/\/iha-race.com\/it\/wp-json\/wp\/v2\/comments?post=113512"}],"version-history":[{"count":6,"href":"https:\/\/iha-race.com\/it\/wp-json\/wp\/v2\/product\/113512\/revisions"}],"predecessor-version":[{"id":249665,"href":"https:\/\/iha-race.com\/it\/wp-json\/wp\/v2\/product\/113512\/revisions\/249665"}],"wp:featuredmedia":[{"embeddable":true,"href":"https:\/\/iha-race.com\/it\/wp-json\/wp\/v2\/media\/96903"}],"wp:attachment":[{"href":"https:\/\/iha-race.com\/it\/wp-json\/wp\/v2\/media?parent=113512"}],"wp:term":[{"taxonomy":"pwb-brand","embeddable":true,"href":"https:\/\/iha-race.com\/it\/wp-json\/wp\/v2\/pwb-brand?post=113512"},{"taxonomy":"product_cat","embeddable":true,"href":"https:\/\/iha-race.com\/it\/wp-json\/wp\/v2\/product_cat?post=113512"},{"taxonomy":"product_tag","embeddable":true,"href":"https:\/\/iha-race.com\/it\/wp-json\/wp\/v2\/product_tag?post=113512"}],"curies":[{"name":"wp","href":"https:\/\/api.w.org\/{rel}","templated":true}]}}