{"id":113492,"date":"2021-01-05T15:30:55","date_gmt":"2021-01-05T14:30:55","guid":{"rendered":"https:\/\/iha-race.com\/producto\/vtx-hglrc-zeus-nano-350mw\/"},"modified":"2025-10-29T11:54:28","modified_gmt":"2025-10-29T10:54:28","slug":"vtx-hglrc-zeus-nano-350mw","status":"publish","type":"product","link":"https:\/\/iha-race.com\/it\/prodotto\/vtx-hglrc-zeus-nano-350mw\/","title":{"rendered":"VTX HGLRC Zeus Nano 350mW"},"content":{"rendered":"<h2 class=\"product-title\">VTX HGLRC Zeus Nano 350mW 16 \u00d7 16\/20 \u00d7 20\/25 \u00d7 25 &#8211; U.FL e SMA<\/h2>\n<p>  Il nuovo innovativo supporto VTX si adatta agli schemi di montaggio 16\u00d716, 20\u00d720 e 25\u00d725: non c&#8217;\u00e8 davvero limite al modo in cui puoi montare questo nuovo VTX. https:\/\/youtu.be\/5q4IHeiX_8Q https:\/\/youtu.be\/ai4KREKQe3c  <\/p>\n<h2>Specifiche:<\/h2>\n<ul>\n<li>Microfono incorporato<\/li>\n<li>Tensione d&#8217;ingresso: 5V DC<\/li>\n<li>PIT @ 75mA<\/li>\n<li>25mW @ 180mA \/ 16dBm<\/li>\n<li>100mW@280mA\/21.5dBm<\/li>\n<li>200mW@330mA\/24.5dBm<\/li>\n<li>350mW@400mA\/27.5dBm<\/li>\n<li>Interfaccia antenna: ipex<\/li>\n<li>Potenza di uscita: PIT \/ 25 \/ 100\/200 \/ 350mW<\/li>\n<li>Standard 40 canali. Gruppo di frequenza A \/ B \/ E \/ F \/ R<\/li>\n<li>Foro di installazione: M2 16X16 \/ 25,5X25,5mm &#8211; M3 20X20mm<\/li>\n<li>Dimensioni: 18,6 mm x 13,6 mm x 6 mm<\/li>\n<li>Peso: 2,4 g<\/li>\n<\/ul>\n<h2><img fetchpriority=\"high\" decoding=\"async\" class=\"alignnone wp-image-59287 size-large\" src=\"https:\/\/iha-race.com\/wp-content\/uploads\/2021\/01\/vtx-zeus-nano-hglrc-350mW-1024x1024.jpg\" alt=\"\" width=\"840\" height=\"840\" srcset=\"https:\/\/iha-race.com\/wp-content\/uploads\/2021\/01\/vtx-zeus-nano-hglrc-350mW-1024x1024.jpg 1024w, https:\/\/iha-race.com\/wp-content\/uploads\/2021\/01\/vtx-zeus-nano-hglrc-350mW-300x300.jpg 300w, https:\/\/iha-race.com\/wp-content\/uploads\/2021\/01\/vtx-zeus-nano-hglrc-350mW-100x100.jpg 100w, https:\/\/iha-race.com\/wp-content\/uploads\/2021\/01\/vtx-zeus-nano-hglrc-350mW-600x600.jpg 600w, https:\/\/iha-race.com\/wp-content\/uploads\/2021\/01\/vtx-zeus-nano-hglrc-350mW-150x150.jpg 150w, https:\/\/iha-race.com\/wp-content\/uploads\/2021\/01\/vtx-zeus-nano-hglrc-350mW-768x768.jpg 768w, https:\/\/iha-race.com\/wp-content\/uploads\/2021\/01\/vtx-zeus-nano-hglrc-350mW-1536x1536.jpg 1536w, https:\/\/iha-race.com\/wp-content\/uploads\/2021\/01\/vtx-zeus-nano-hglrc-350mW-2048x2048.jpg 2048w, https:\/\/iha-race.com\/wp-content\/uploads\/2021\/01\/vtx-zeus-nano-hglrc-350mW-788x788.jpg 788w, https:\/\/iha-race.com\/wp-content\/uploads\/2021\/01\/vtx-zeus-nano-hglrc-350mW-135x135.jpg 135w, https:\/\/iha-race.com\/wp-content\/uploads\/2021\/01\/vtx-zeus-nano-hglrc-350mW.jpg 1000w\" sizes=\"(max-width: 840px) 100vw, 840px\" \/> <img decoding=\"async\" class=\"alignnone wp-image-59288 size-large\" src=\"https:\/\/iha-race.com\/wp-content\/uploads\/2021\/01\/vtx-zeus-nano-hglrc-350mW-instalacion-1024x1024.jpg\" alt=\"\" width=\"840\" height=\"840\" srcset=\"https:\/\/iha-race.com\/wp-content\/uploads\/2021\/01\/vtx-zeus-nano-hglrc-350mW-instalacion-1024x1024.jpg 1024w, https:\/\/iha-race.com\/wp-content\/uploads\/2021\/01\/vtx-zeus-nano-hglrc-350mW-instalacion-300x300.jpg 300w, https:\/\/iha-race.com\/wp-content\/uploads\/2021\/01\/vtx-zeus-nano-hglrc-350mW-instalacion-100x100.jpg 100w, https:\/\/iha-race.com\/wp-content\/uploads\/2021\/01\/vtx-zeus-nano-hglrc-350mW-instalacion-600x600.jpg 600w, https:\/\/iha-race.com\/wp-content\/uploads\/2021\/01\/vtx-zeus-nano-hglrc-350mW-instalacion-150x150.jpg 150w, https:\/\/iha-race.com\/wp-content\/uploads\/2021\/01\/vtx-zeus-nano-hglrc-350mW-instalacion-768x768.jpg 768w, https:\/\/iha-race.com\/wp-content\/uploads\/2021\/01\/vtx-zeus-nano-hglrc-350mW-instalacion-1536x1536.jpg 1536w, https:\/\/iha-race.com\/wp-content\/uploads\/2021\/01\/vtx-zeus-nano-hglrc-350mW-instalacion-2048x2048.jpg 2048w, https:\/\/iha-race.com\/wp-content\/uploads\/2021\/01\/vtx-zeus-nano-hglrc-350mW-instalacion-788x788.jpg 788w, https:\/\/iha-race.com\/wp-content\/uploads\/2021\/01\/vtx-zeus-nano-hglrc-350mW-instalacion-135x135.jpg 135w, https:\/\/iha-race.com\/wp-content\/uploads\/2021\/01\/vtx-zeus-nano-hglrc-350mW-instalacion.jpg 1000w\" sizes=\"(max-width: 840px) 100vw, 840px\" \/> <img decoding=\"async\" class=\"alignnone wp-image-59289 size-large\" src=\"https:\/\/iha-race.com\/wp-content\/uploads\/2021\/01\/vtx-zeus-nano-hglrc-350mW-microfono-1024x1024.jpg\" alt=\"\" width=\"840\" height=\"840\" srcset=\"https:\/\/iha-race.com\/wp-content\/uploads\/2021\/01\/vtx-zeus-nano-hglrc-350mW-microfono-1024x1024.jpg 1024w, https:\/\/iha-race.com\/wp-content\/uploads\/2021\/01\/vtx-zeus-nano-hglrc-350mW-microfono-300x300.jpg 300w, https:\/\/iha-race.com\/wp-content\/uploads\/2021\/01\/vtx-zeus-nano-hglrc-350mW-microfono-100x100.jpg 100w, https:\/\/iha-race.com\/wp-content\/uploads\/2021\/01\/vtx-zeus-nano-hglrc-350mW-microfono-600x600.jpg 600w, https:\/\/iha-race.com\/wp-content\/uploads\/2021\/01\/vtx-zeus-nano-hglrc-350mW-microfono-150x150.jpg 150w, https:\/\/iha-race.com\/wp-content\/uploads\/2021\/01\/vtx-zeus-nano-hglrc-350mW-microfono-768x768.jpg 768w, https:\/\/iha-race.com\/wp-content\/uploads\/2021\/01\/vtx-zeus-nano-hglrc-350mW-microfono-1536x1536.jpg 1536w, https:\/\/iha-race.com\/wp-content\/uploads\/2021\/01\/vtx-zeus-nano-hglrc-350mW-microfono-2048x2048.jpg 2048w, https:\/\/iha-race.com\/wp-content\/uploads\/2021\/01\/vtx-zeus-nano-hglrc-350mW-microfono-788x788.jpg 788w, https:\/\/iha-race.com\/wp-content\/uploads\/2021\/01\/vtx-zeus-nano-hglrc-350mW-microfono-135x135.jpg 135w, https:\/\/iha-race.com\/wp-content\/uploads\/2021\/01\/vtx-zeus-nano-hglrc-350mW-microfono.jpg 1000w\" sizes=\"(max-width: 840px) 100vw, 840px\" \/> <img loading=\"lazy\" decoding=\"async\" class=\"alignnone wp-image-59290 size-large\" src=\"https:\/\/iha-race.com\/wp-content\/uploads\/2021\/01\/vtx-zeus-nano-hglrc-350mW-boomerang-1024x1024.jpg\" alt=\"\" width=\"840\" height=\"840\" srcset=\"https:\/\/iha-race.com\/wp-content\/uploads\/2021\/01\/vtx-zeus-nano-hglrc-350mW-boomerang-1024x1024.jpg 1024w, https:\/\/iha-race.com\/wp-content\/uploads\/2021\/01\/vtx-zeus-nano-hglrc-350mW-boomerang-300x300.jpg 300w, https:\/\/iha-race.com\/wp-content\/uploads\/2021\/01\/vtx-zeus-nano-hglrc-350mW-boomerang-100x100.jpg 100w, https:\/\/iha-race.com\/wp-content\/uploads\/2021\/01\/vtx-zeus-nano-hglrc-350mW-boomerang-600x600.jpg 600w, https:\/\/iha-race.com\/wp-content\/uploads\/2021\/01\/vtx-zeus-nano-hglrc-350mW-boomerang-150x150.jpg 150w, https:\/\/iha-race.com\/wp-content\/uploads\/2021\/01\/vtx-zeus-nano-hglrc-350mW-boomerang-768x768.jpg 768w, https:\/\/iha-race.com\/wp-content\/uploads\/2021\/01\/vtx-zeus-nano-hglrc-350mW-boomerang-1536x1536.jpg 1536w, https:\/\/iha-race.com\/wp-content\/uploads\/2021\/01\/vtx-zeus-nano-hglrc-350mW-boomerang-2048x2048.jpg 2048w, https:\/\/iha-race.com\/wp-content\/uploads\/2021\/01\/vtx-zeus-nano-hglrc-350mW-boomerang-788x788.jpg 788w, https:\/\/iha-race.com\/wp-content\/uploads\/2021\/01\/vtx-zeus-nano-hglrc-350mW-boomerang-135x135.jpg 135w, https:\/\/iha-race.com\/wp-content\/uploads\/2021\/01\/vtx-zeus-nano-hglrc-350mW-boomerang.jpg 1000w\" sizes=\"(max-width: 840px) 100vw, 840px\" \/> <img loading=\"lazy\" decoding=\"async\" class=\"alignnone wp-image-59291 size-large\" src=\"https:\/\/iha-race.com\/wp-content\/uploads\/2021\/01\/vtx-zeus-nano-hglrc-350mW-interfaz-1024x1024.jpg\" alt=\"\" width=\"840\" height=\"840\" srcset=\"https:\/\/iha-race.com\/wp-content\/uploads\/2021\/01\/vtx-zeus-nano-hglrc-350mW-interfaz-1024x1024.jpg 1024w, https:\/\/iha-race.com\/wp-content\/uploads\/2021\/01\/vtx-zeus-nano-hglrc-350mW-interfaz-300x300.jpg 300w, https:\/\/iha-race.com\/wp-content\/uploads\/2021\/01\/vtx-zeus-nano-hglrc-350mW-interfaz-100x100.jpg 100w, https:\/\/iha-race.com\/wp-content\/uploads\/2021\/01\/vtx-zeus-nano-hglrc-350mW-interfaz-600x600.jpg 600w, https:\/\/iha-race.com\/wp-content\/uploads\/2021\/01\/vtx-zeus-nano-hglrc-350mW-interfaz-150x150.jpg 150w, https:\/\/iha-race.com\/wp-content\/uploads\/2021\/01\/vtx-zeus-nano-hglrc-350mW-interfaz-768x768.jpg 768w, https:\/\/iha-race.com\/wp-content\/uploads\/2021\/01\/vtx-zeus-nano-hglrc-350mW-interfaz-1536x1536.jpg 1536w, https:\/\/iha-race.com\/wp-content\/uploads\/2021\/01\/vtx-zeus-nano-hglrc-350mW-interfaz-2048x2048.jpg 2048w, https:\/\/iha-race.com\/wp-content\/uploads\/2021\/01\/vtx-zeus-nano-hglrc-350mW-interfaz-788x788.jpg 788w, https:\/\/iha-race.com\/wp-content\/uploads\/2021\/01\/vtx-zeus-nano-hglrc-350mW-interfaz-135x135.jpg 135w, https:\/\/iha-race.com\/wp-content\/uploads\/2021\/01\/vtx-zeus-nano-hglrc-350mW-interfaz.jpg 1000w\" sizes=\"(max-width: 840px) 100vw, 840px\" \/> <img loading=\"lazy\" decoding=\"async\" class=\"alignnone wp-image-59292 size-large\" src=\"https:\/\/iha-race.com\/wp-content\/uploads\/2021\/01\/vtx-zeus-nano-hglrc-350mW-tabla-de-frecuencia-1024x1024.jpg\" alt=\"\" width=\"840\" height=\"840\" srcset=\"https:\/\/iha-race.com\/wp-content\/uploads\/2021\/01\/vtx-zeus-nano-hglrc-350mW-tabla-de-frecuencia-1024x1024.jpg 1024w, https:\/\/iha-race.com\/wp-content\/uploads\/2021\/01\/vtx-zeus-nano-hglrc-350mW-tabla-de-frecuencia-300x300.jpg 300w, https:\/\/iha-race.com\/wp-content\/uploads\/2021\/01\/vtx-zeus-nano-hglrc-350mW-tabla-de-frecuencia-100x100.jpg 100w, https:\/\/iha-race.com\/wp-content\/uploads\/2021\/01\/vtx-zeus-nano-hglrc-350mW-tabla-de-frecuencia-600x600.jpg 600w, https:\/\/iha-race.com\/wp-content\/uploads\/2021\/01\/vtx-zeus-nano-hglrc-350mW-tabla-de-frecuencia-150x150.jpg 150w, https:\/\/iha-race.com\/wp-content\/uploads\/2021\/01\/vtx-zeus-nano-hglrc-350mW-tabla-de-frecuencia-768x768.jpg 768w, https:\/\/iha-race.com\/wp-content\/uploads\/2021\/01\/vtx-zeus-nano-hglrc-350mW-tabla-de-frecuencia-1536x1536.jpg 1536w, https:\/\/iha-race.com\/wp-content\/uploads\/2021\/01\/vtx-zeus-nano-hglrc-350mW-tabla-de-frecuencia-2048x2048.jpg 2048w, https:\/\/iha-race.com\/wp-content\/uploads\/2021\/01\/vtx-zeus-nano-hglrc-350mW-tabla-de-frecuencia-788x788.jpg 788w, https:\/\/iha-race.com\/wp-content\/uploads\/2021\/01\/vtx-zeus-nano-hglrc-350mW-tabla-de-frecuencia-135x135.jpg 135w, https:\/\/iha-race.com\/wp-content\/uploads\/2021\/01\/vtx-zeus-nano-hglrc-350mW-tabla-de-frecuencia.jpg 1000w\" sizes=\"(max-width: 840px) 100vw, 840px\" \/><\/h2>\n<h2>Il pacchetto comprende:<\/h2>\n<ul>\n<li>1 x Zeus nano VTX<\/li>\n<li>1 x antenna lineare ipex, ottone<\/li>\n<li>1 cavo adattatore da ipex a SMA<\/li>\n<li>6 cavi VTX<\/li>\n<\/ul>\n<p>&nbsp;<\/p>\n","protected":false},"excerpt":{"rendered":"<p>VTX HGLRC Zeus Nano 350mW 16 \u00d7 16\/20 \u00d7 20\/25 \u00d7 25 &#8211; U.FL e SMA Il nuovo innovativo supporto VTX si adatta agli schemi di montaggio 16\u00d716, 20\u00d720 e<\/p>\n","protected":false},"featured_media":95327,"comment_status":"open","ping_status":"closed","template":"","meta":{"_joinchat":[]},"pwb-brand":[],"product_cat":[1228],"product_tag":[],"class_list":{"0":"post-113492","1":"product","2":"type-product","3":"status-publish","4":"has-post-thumbnail","6":"product_cat-vtx-vrx","8":"first","9":"instock","10":"taxable","11":"shipping-taxable","12":"purchasable","13":"product-type-simple"},"barcode":null,"atum_controlled":true,"out_stock_date":null,"out_stock_threshold":null,"inheritable":false,"stock_on_hold":0,"sold_today":0,"sales_last_days":0,"out_stock_days":0,"lost_sales":0,"update_date":"2026-04-16T08:17:07","atum_locations":[],"atum_stock_status":"instock","restock_status":false,"low_stock_amount":"","sales_update_date":"2026-04-16T08:17:07","calc_backorders":null,"yoast_head":"<!-- This site is optimized with the Yoast SEO plugin v27.3 - https:\/\/yoast.com\/product\/yoast-seo-wordpress\/ -->\n<title>VTX HGLRC Zeus Nano 350mW - Iha Race<\/title>\n<meta name=\"robots\" content=\"index, follow, max-snippet:-1, max-image-preview:large, max-video-preview:-1\" \/>\n<link rel=\"canonical\" href=\"https:\/\/iha-race.com\/it\/prodotto\/vtx-hglrc-zeus-nano-350mw\/\" \/>\n<meta property=\"og:locale\" content=\"it_IT\" \/>\n<meta property=\"og:type\" content=\"article\" \/>\n<meta property=\"og:title\" content=\"VTX HGLRC Zeus Nano 350mW - Iha Race\" \/>\n<meta property=\"og:description\" content=\"VTX HGLRC Zeus Nano 350mW 16 \u00d7 16\/20 \u00d7 20\/25 \u00d7 25 &#8211; U.FL e SMA Il nuovo innovativo supporto VTX si adatta agli schemi di montaggio 16\u00d716, 20\u00d720 e\" \/>\n<meta property=\"og:url\" content=\"https:\/\/iha-race.com\/it\/prodotto\/vtx-hglrc-zeus-nano-350mw\/\" \/>\n<meta property=\"og:site_name\" content=\"Iha Race\" \/>\n<meta property=\"article:modified_time\" content=\"2025-10-29T10:54:28+00:00\" \/>\n<meta property=\"og:image\" content=\"https:\/\/iha-race.com\/wp-content\/uploads\/2021\/01\/vtx-zeus-nano-hglrc-350mW-fpv.jpg\" \/>\n\t<meta property=\"og:image:width\" content=\"590\" \/>\n\t<meta property=\"og:image:height\" content=\"590\" \/>\n\t<meta property=\"og:image:type\" content=\"image\/jpeg\" \/>\n<meta name=\"twitter:card\" content=\"summary_large_image\" \/>\n<meta name=\"twitter:label1\" content=\"Tempo di lettura stimato\" \/>\n\t<meta name=\"twitter:data1\" content=\"1 minuto\" \/>\n<script type=\"application\/ld+json\" class=\"yoast-schema-graph\">{\"@context\":\"https:\\\/\\\/schema.org\",\"@graph\":[{\"@type\":\"WebPage\",\"@id\":\"https:\\\/\\\/iha-race.com\\\/it\\\/prodotto\\\/vtx-hglrc-zeus-nano-350mw\\\/\",\"url\":\"https:\\\/\\\/iha-race.com\\\/it\\\/prodotto\\\/vtx-hglrc-zeus-nano-350mw\\\/\",\"name\":\"VTX HGLRC Zeus Nano 350mW - Iha Race\",\"isPartOf\":{\"@id\":\"https:\\\/\\\/iha-race.com\\\/it\\\/#website\"},\"primaryImageOfPage\":{\"@id\":\"https:\\\/\\\/iha-race.com\\\/it\\\/prodotto\\\/vtx-hglrc-zeus-nano-350mw\\\/#primaryimage\"},\"image\":{\"@id\":\"https:\\\/\\\/iha-race.com\\\/it\\\/prodotto\\\/vtx-hglrc-zeus-nano-350mw\\\/#primaryimage\"},\"thumbnailUrl\":\"https:\\\/\\\/iha-race.com\\\/wp-content\\\/uploads\\\/2021\\\/01\\\/vtx-zeus-nano-hglrc-350mW-fpv.jpg\",\"datePublished\":\"2021-01-05T14:30:55+00:00\",\"dateModified\":\"2025-10-29T10:54:28+00:00\",\"breadcrumb\":{\"@id\":\"https:\\\/\\\/iha-race.com\\\/it\\\/prodotto\\\/vtx-hglrc-zeus-nano-350mw\\\/#breadcrumb\"},\"inLanguage\":\"it-IT\",\"potentialAction\":[{\"@type\":\"ReadAction\",\"target\":[\"https:\\\/\\\/iha-race.com\\\/it\\\/prodotto\\\/vtx-hglrc-zeus-nano-350mw\\\/\"]}]},{\"@type\":\"ImageObject\",\"inLanguage\":\"it-IT\",\"@id\":\"https:\\\/\\\/iha-race.com\\\/it\\\/prodotto\\\/vtx-hglrc-zeus-nano-350mw\\\/#primaryimage\",\"url\":\"https:\\\/\\\/iha-race.com\\\/wp-content\\\/uploads\\\/2021\\\/01\\\/vtx-zeus-nano-hglrc-350mW-fpv.jpg\",\"contentUrl\":\"https:\\\/\\\/iha-race.com\\\/wp-content\\\/uploads\\\/2021\\\/01\\\/vtx-zeus-nano-hglrc-350mW-fpv.jpg\",\"width\":590,\"height\":590,\"caption\":\"acquistare il pi\u00f9 economico vtx zeus nano hglrc 350mW fpv\"},{\"@type\":\"BreadcrumbList\",\"@id\":\"https:\\\/\\\/iha-race.com\\\/it\\\/prodotto\\\/vtx-hglrc-zeus-nano-350mw\\\/#breadcrumb\",\"itemListElement\":[{\"@type\":\"ListItem\",\"position\":1,\"name\":\"Portada\",\"item\":\"https:\\\/\\\/iha-race.com\\\/it\\\/\"},{\"@type\":\"ListItem\",\"position\":2,\"name\":\"Negozio\",\"item\":\"https:\\\/\\\/iha-race.com\\\/it\\\/negozio\\\/\"},{\"@type\":\"ListItem\",\"position\":3,\"name\":\"VTX HGLRC Zeus Nano 350mW\"}]},{\"@type\":\"WebSite\",\"@id\":\"https:\\\/\\\/iha-race.com\\\/it\\\/#website\",\"url\":\"https:\\\/\\\/iha-race.com\\\/it\\\/\",\"name\":\"Iha Race\",\"description\":\"Comprar drones de carreras FPV env\u00edos en un d\u00eda desde Espa\u00f1a\",\"publisher\":{\"@id\":\"https:\\\/\\\/iha-race.com\\\/it\\\/#organization\"},\"potentialAction\":[{\"@type\":\"SearchAction\",\"target\":{\"@type\":\"EntryPoint\",\"urlTemplate\":\"https:\\\/\\\/iha-race.com\\\/it\\\/?s={search_term_string}\"},\"query-input\":{\"@type\":\"PropertyValueSpecification\",\"valueRequired\":true,\"valueName\":\"search_term_string\"}}],\"inLanguage\":\"it-IT\"},{\"@type\":\"Organization\",\"@id\":\"https:\\\/\\\/iha-race.com\\\/it\\\/#organization\",\"name\":\"Iha Race\",\"url\":\"https:\\\/\\\/iha-race.com\\\/it\\\/\",\"logo\":{\"@type\":\"ImageObject\",\"inLanguage\":\"it-IT\",\"@id\":\"https:\\\/\\\/iha-race.com\\\/it\\\/#\\\/schema\\\/logo\\\/image\\\/\",\"url\":\"https:\\\/\\\/iha-race.com\\\/wp-content\\\/uploads\\\/2018\\\/07\\\/iha-race-drones-de-carreras-tienda-comprar-drones.png\",\"contentUrl\":\"https:\\\/\\\/iha-race.com\\\/wp-content\\\/uploads\\\/2018\\\/07\\\/iha-race-drones-de-carreras-tienda-comprar-drones.png\",\"width\":300,\"height\":100,\"caption\":\"Iha Race\"},\"image\":{\"@id\":\"https:\\\/\\\/iha-race.com\\\/it\\\/#\\\/schema\\\/logo\\\/image\\\/\"}}]}<\/script>\n<!-- \/ Yoast SEO plugin. -->","yoast_head_json":{"title":"VTX HGLRC Zeus Nano 350mW - Iha Race","robots":{"index":"index","follow":"follow","max-snippet":"max-snippet:-1","max-image-preview":"max-image-preview:large","max-video-preview":"max-video-preview:-1"},"canonical":"https:\/\/iha-race.com\/it\/prodotto\/vtx-hglrc-zeus-nano-350mw\/","og_locale":"it_IT","og_type":"article","og_title":"VTX HGLRC Zeus Nano 350mW - Iha Race","og_description":"VTX HGLRC Zeus Nano 350mW 16 \u00d7 16\/20 \u00d7 20\/25 \u00d7 25 &#8211; U.FL e SMA Il nuovo innovativo supporto VTX si adatta agli schemi di montaggio 16\u00d716, 20\u00d720 e","og_url":"https:\/\/iha-race.com\/it\/prodotto\/vtx-hglrc-zeus-nano-350mw\/","og_site_name":"Iha Race","article_modified_time":"2025-10-29T10:54:28+00:00","og_image":[{"width":590,"height":590,"url":"https:\/\/iha-race.com\/wp-content\/uploads\/2021\/01\/vtx-zeus-nano-hglrc-350mW-fpv.jpg","type":"image\/jpeg"}],"twitter_card":"summary_large_image","twitter_misc":{"Tempo di lettura stimato":"1 minuto"},"schema":{"@context":"https:\/\/schema.org","@graph":[{"@type":"WebPage","@id":"https:\/\/iha-race.com\/it\/prodotto\/vtx-hglrc-zeus-nano-350mw\/","url":"https:\/\/iha-race.com\/it\/prodotto\/vtx-hglrc-zeus-nano-350mw\/","name":"VTX HGLRC Zeus Nano 350mW - Iha Race","isPartOf":{"@id":"https:\/\/iha-race.com\/it\/#website"},"primaryImageOfPage":{"@id":"https:\/\/iha-race.com\/it\/prodotto\/vtx-hglrc-zeus-nano-350mw\/#primaryimage"},"image":{"@id":"https:\/\/iha-race.com\/it\/prodotto\/vtx-hglrc-zeus-nano-350mw\/#primaryimage"},"thumbnailUrl":"https:\/\/iha-race.com\/wp-content\/uploads\/2021\/01\/vtx-zeus-nano-hglrc-350mW-fpv.jpg","datePublished":"2021-01-05T14:30:55+00:00","dateModified":"2025-10-29T10:54:28+00:00","breadcrumb":{"@id":"https:\/\/iha-race.com\/it\/prodotto\/vtx-hglrc-zeus-nano-350mw\/#breadcrumb"},"inLanguage":"it-IT","potentialAction":[{"@type":"ReadAction","target":["https:\/\/iha-race.com\/it\/prodotto\/vtx-hglrc-zeus-nano-350mw\/"]}]},{"@type":"ImageObject","inLanguage":"it-IT","@id":"https:\/\/iha-race.com\/it\/prodotto\/vtx-hglrc-zeus-nano-350mw\/#primaryimage","url":"https:\/\/iha-race.com\/wp-content\/uploads\/2021\/01\/vtx-zeus-nano-hglrc-350mW-fpv.jpg","contentUrl":"https:\/\/iha-race.com\/wp-content\/uploads\/2021\/01\/vtx-zeus-nano-hglrc-350mW-fpv.jpg","width":590,"height":590,"caption":"acquistare il pi\u00f9 economico vtx zeus nano hglrc 350mW fpv"},{"@type":"BreadcrumbList","@id":"https:\/\/iha-race.com\/it\/prodotto\/vtx-hglrc-zeus-nano-350mw\/#breadcrumb","itemListElement":[{"@type":"ListItem","position":1,"name":"Portada","item":"https:\/\/iha-race.com\/it\/"},{"@type":"ListItem","position":2,"name":"Negozio","item":"https:\/\/iha-race.com\/it\/negozio\/"},{"@type":"ListItem","position":3,"name":"VTX HGLRC Zeus Nano 350mW"}]},{"@type":"WebSite","@id":"https:\/\/iha-race.com\/it\/#website","url":"https:\/\/iha-race.com\/it\/","name":"Iha Race","description":"Comprar drones de carreras FPV env\u00edos en un d\u00eda desde Espa\u00f1a","publisher":{"@id":"https:\/\/iha-race.com\/it\/#organization"},"potentialAction":[{"@type":"SearchAction","target":{"@type":"EntryPoint","urlTemplate":"https:\/\/iha-race.com\/it\/?s={search_term_string}"},"query-input":{"@type":"PropertyValueSpecification","valueRequired":true,"valueName":"search_term_string"}}],"inLanguage":"it-IT"},{"@type":"Organization","@id":"https:\/\/iha-race.com\/it\/#organization","name":"Iha Race","url":"https:\/\/iha-race.com\/it\/","logo":{"@type":"ImageObject","inLanguage":"it-IT","@id":"https:\/\/iha-race.com\/it\/#\/schema\/logo\/image\/","url":"https:\/\/iha-race.com\/wp-content\/uploads\/2018\/07\/iha-race-drones-de-carreras-tienda-comprar-drones.png","contentUrl":"https:\/\/iha-race.com\/wp-content\/uploads\/2018\/07\/iha-race-drones-de-carreras-tienda-comprar-drones.png","width":300,"height":100,"caption":"Iha Race"},"image":{"@id":"https:\/\/iha-race.com\/it\/#\/schema\/logo\/image\/"}}]}},"jetpack_sharing_enabled":true,"brands":[],"_links":{"self":[{"href":"https:\/\/iha-race.com\/it\/wp-json\/wp\/v2\/product\/113492","targetHints":{"allow":["GET"]}}],"collection":[{"href":"https:\/\/iha-race.com\/it\/wp-json\/wp\/v2\/product"}],"about":[{"href":"https:\/\/iha-race.com\/it\/wp-json\/wp\/v2\/types\/product"}],"replies":[{"embeddable":true,"href":"https:\/\/iha-race.com\/it\/wp-json\/wp\/v2\/comments?post=113492"}],"version-history":[{"count":2,"href":"https:\/\/iha-race.com\/it\/wp-json\/wp\/v2\/product\/113492\/revisions"}],"predecessor-version":[{"id":249699,"href":"https:\/\/iha-race.com\/it\/wp-json\/wp\/v2\/product\/113492\/revisions\/249699"}],"wp:featuredmedia":[{"embeddable":true,"href":"https:\/\/iha-race.com\/it\/wp-json\/wp\/v2\/media\/95327"}],"wp:attachment":[{"href":"https:\/\/iha-race.com\/it\/wp-json\/wp\/v2\/media?parent=113492"}],"wp:term":[{"taxonomy":"pwb-brand","embeddable":true,"href":"https:\/\/iha-race.com\/it\/wp-json\/wp\/v2\/pwb-brand?post=113492"},{"taxonomy":"product_cat","embeddable":true,"href":"https:\/\/iha-race.com\/it\/wp-json\/wp\/v2\/product_cat?post=113492"},{"taxonomy":"product_tag","embeddable":true,"href":"https:\/\/iha-race.com\/it\/wp-json\/wp\/v2\/product_tag?post=113492"}],"curies":[{"name":"wp","href":"https:\/\/api.w.org\/{rel}","templated":true}]}}