{"id":113488,"date":"2020-12-29T12:05:15","date_gmt":"2020-12-29T11:05:15","guid":{"rendered":"https:\/\/iha-race.com\/producto\/telaio-sniperx-light\/"},"modified":"2024-08-29T12:37:56","modified_gmt":"2024-08-29T10:37:56","slug":"telaio-sniperx-light","status":"publish","type":"product","link":"https:\/\/iha-race.com\/it\/prodotto\/telaio-sniperx-light\/","title":{"rendered":"Telaio SniperX Light"},"content":{"rendered":"<h2>Telaio SniperX Light<\/h2>\n<p>  Telaio da corsa FPV leggero sviluppato da SniperX.  <\/p>\n<h2>Caratteristiche:<\/h2>\n<p>  Con il rivoluzionario telaio per droni da corsa SniperX Light, potrai battere la concorrenza sia nelle gare al chiuso che in quelle all&#8217;aperto.  <img decoding=\"async\" class=\"initial loaded\" src=\"https:\/\/droneshop.nl\/pub\/media\/wysiwyg\/drones\/brands\/sniperframe\/sniperframe-1700-6.jpg\" alt=\"\" data-original=\"https:\/\/droneshop.nl\/pub\/media\/wysiwyg\/drones\/brands\/sniperframe\/sniperframe-1700-6.jpg\" data-was-processed=\"true\"><\/p>\n<p><strong>Telaio<\/strong> leggero TrueX. Lo SniperX Light \u00e8 un telaio dal design TrueX. Questo rende il drone estremamente maneggevole e veloce nelle virate. Inoltre, \u00e8 incredibilmente robusto e, grazie alla piastra oscillante, non ci sono giochi nei bracci. Si tratta di un telaio semplicistico e facile da costruire. <img decoding=\"async\" class=\"initial loaded\" src=\"https:\/\/droneshop.nl\/pub\/media\/wysiwyg\/drones\/brands\/sniperframe\/sniperx-frame-1700-2.jpg\" alt=\"\" data-original=\"https:\/\/droneshop.nl\/pub\/media\/wysiwyg\/drones\/brands\/sniperframe\/sniperx-frame-1700-2.jpg\" data-was-processed=\"true\"><strong>Pila 20&#215;20<\/strong> Lo SniperX Light \u00e8 dotato di fori di montaggio 20&#215;20 per il fissaggio dell&#8217;ESC e del controller di volo.<br \/>\nPer risparmiare peso e dimensioni, non \u00e8 possibile montare uno stack 30&#215;30. <strong>Materiale<\/strong> Questo telaio \u00e8 realizzato in fibra di carbonio di alta qualit\u00e0.<br \/>\nI bracci, spessi 5 mm, sono fissati separatamente e possono essere facilmente sostituiti dopo un incidente mortale. <strong>Eliche da 5 pollici<\/strong> Il telaio da corsa SniperX Light \u00e8 progettato per essere utilizzato con eliche da 5 e 5,1 pollici. <img decoding=\"async\" class=\"loaded\" src=\"https:\/\/droneshop.nl\/pub\/media\/wysiwyg\/drones\/brands\/sniperframe\/sniperx-frame-1700.jpg\" alt=\"\" data-original=\"https:\/\/droneshop.nl\/pub\/media\/wysiwyg\/drones\/brands\/sniperframe\/sniperx-frame-1700.jpg\" data-was-processed=\"true\"><strong>Stampa 3D<\/strong> Sono disponibili molti file 3D per la stampa 3D.   Dai supporti per telecamere e antenne FPV variabili ai supporti TBS Nano RX e Unify Pro. SniperX si \u00e8 rivelato ottimo. I file STL possono essere scaricati da <a href=\"https:\/\/sniperframes.com\/3d-print-parts\/\">sniperframes.com .<\/a><\/p>\n<p><img decoding=\"async\" class=\"loaded\" src=\"https:\/\/droneshop.nl\/pub\/media\/wysiwyg\/drones\/brands\/sniperframe\/sniper-frames-bas.jpg\" alt=\"\" data-original=\"https:\/\/droneshop.nl\/pub\/media\/wysiwyg\/drones\/brands\/sniperframe\/sniper-frames-bas.jpg\" data-was-processed=\"true\"><\/p>\n<p><strong>SniperX<\/strong> Bas van &#8216;t Hul, membro del team PRO di Droneshop.nl e volto noto nelle gare di droni nazionali e internazionali con il nome di SniperX, ha sviluppato questo telaio da gara in base alle proprie esigenze e interessi.  <\/p>\n<h2>Specifiche:<\/h2>\n<ul>\n<li>Struttura TrueX<\/li>\n<li>135 mm da motore a motore<\/li>\n<li>Bracci di 5 mm di spessore e 8,5 mm di larghezza<\/li>\n<li>Piastra inferiore, centrale e superiore di 2 mm di spessore<\/li>\n<li>Piastra ondulata di 2 mm di spessore<\/li>\n<li>Distanziali da 25 mm<\/li>\n<li>La piastra superiore \u00e8 dotata di fori per viti M2 20&#215;20 per Caddx Vista.<\/li>\n<li>61 grammi di peso totale<\/li>\n<\/ul>\n<h2>Quando si acquista questo telaio, \u00e8 incluso:<\/h2>\n<ul>\n<li>Bracci da 4 x 5 mm<\/li>\n<li>1 piastra superiore di 2 mm di spessore<\/li>\n<li>1 piatto medio di 2 mm di spessore<\/li>\n<li>1 piastra inferiore di 2 mm di spessore<\/li>\n<li>1 piastra ondulata di 2 mm di spessore<\/li>\n<li>1 x set di viti<\/li>\n<li>1 supporto per telecamera FPV nano TPU da 40-60 gradi (nero o giallo fluorescente a scelta)<\/li>\n<\/ul>\n<p><img fetchpriority=\"high\" decoding=\"async\" class=\"alignnone wp-image-58954 size-large\" src=\"https:\/\/iha-race.com\/wp-content\/uploads\/2020\/12\/Incluido-en-el-paquete-1024x1024.jpg\" alt=\"\" width=\"840\" height=\"840\" srcset=\"https:\/\/iha-race.com\/wp-content\/uploads\/2020\/12\/Incluido-en-el-paquete-1024x1024.jpg 1024w, https:\/\/iha-race.com\/wp-content\/uploads\/2020\/12\/Incluido-en-el-paquete-300x300.jpg 300w, https:\/\/iha-race.com\/wp-content\/uploads\/2020\/12\/Incluido-en-el-paquete-100x100.jpg 100w, https:\/\/iha-race.com\/wp-content\/uploads\/2020\/12\/Incluido-en-el-paquete-600x600.jpg 600w, https:\/\/iha-race.com\/wp-content\/uploads\/2020\/12\/Incluido-en-el-paquete-150x150.jpg 150w, https:\/\/iha-race.com\/wp-content\/uploads\/2020\/12\/Incluido-en-el-paquete-768x768.jpg 768w, https:\/\/iha-race.com\/wp-content\/uploads\/2020\/12\/Incluido-en-el-paquete-1536x1536.jpg 1536w, https:\/\/iha-race.com\/wp-content\/uploads\/2020\/12\/Incluido-en-el-paquete-2048x2048.jpg 2048w, https:\/\/iha-race.com\/wp-content\/uploads\/2020\/12\/Incluido-en-el-paquete-788x788.jpg 788w, https:\/\/iha-race.com\/wp-content\/uploads\/2020\/12\/Incluido-en-el-paquete-135x135.jpg 135w, https:\/\/iha-race.com\/wp-content\/uploads\/2020\/12\/Incluido-en-el-paquete.jpg 960w\" sizes=\"(max-width: 840px) 100vw, 840px\" \/><\/p>\n<p>&nbsp;<\/p>\n","protected":false},"excerpt":{"rendered":"<p><strong>Personalizzatelo con questi <a href=\"https:\/\/iha-race.com\/producto\/set-6-piezas-3d-para-frame-sniperx-light-amarillo-fluor\/\">pezzi 3D a colori<\/a><\/strong>!<\/p>\n","protected":false},"featured_media":94961,"comment_status":"open","ping_status":"closed","template":"","meta":{"_joinchat":[]},"pwb-brand":[],"product_cat":[3670,1438],"product_tag":[],"class_list":{"0":"post-113488","1":"product","2":"type-product","3":"status-publish","4":"has-post-thumbnail","6":"product_cat-cornici","7":"product_cat-droni-fpv","9":"first","10":"instock","11":"taxable","12":"shipping-taxable","13":"purchasable","14":"product-type-variable"},"barcode":null,"atum_controlled":true,"out_stock_date":null,"out_stock_threshold":null,"inheritable":true,"stock_on_hold":0,"sold_today":0,"sales_last_days":2,"out_stock_days":0,"lost_sales":0,"update_date":"2026-04-16T08:17:52","atum_locations":[],"atum_stock_status":"instock","restock_status":false,"low_stock_amount":"","sales_update_date":"2026-04-16T08:17:52","calc_backorders":null,"yoast_head":"<!-- This site is optimized with the Yoast SEO plugin v27.3 - https:\/\/yoast.com\/product\/yoast-seo-wordpress\/ -->\n<title>Telaio SniperX Light - Iha Race<\/title>\n<meta name=\"robots\" content=\"index, follow, max-snippet:-1, max-image-preview:large, max-video-preview:-1\" \/>\n<link rel=\"canonical\" href=\"https:\/\/iha-race.com\/it\/prodotto\/telaio-sniperx-light\/\" \/>\n<meta property=\"og:locale\" content=\"it_IT\" \/>\n<meta property=\"og:type\" content=\"article\" \/>\n<meta property=\"og:title\" content=\"Telaio SniperX Light - Iha Race\" \/>\n<meta property=\"og:description\" content=\"Personalizzatelo con questi pezzi 3D a colori!\" \/>\n<meta property=\"og:url\" content=\"https:\/\/iha-race.com\/it\/prodotto\/telaio-sniperx-light\/\" \/>\n<meta property=\"og:site_name\" content=\"Iha Race\" \/>\n<meta property=\"article:modified_time\" content=\"2024-08-29T10:37:56+00:00\" \/>\n<meta property=\"og:image\" content=\"https:\/\/iha-race.com\/wp-content\/uploads\/2020\/12\/sniperx-light-frame-vista-de-pajaro.jpg\" \/>\n\t<meta property=\"og:image:width\" content=\"1000\" \/>\n\t<meta property=\"og:image:height\" content=\"1000\" \/>\n\t<meta property=\"og:image:type\" content=\"image\/jpeg\" \/>\n<meta name=\"twitter:card\" content=\"summary_large_image\" \/>\n<meta name=\"twitter:label1\" content=\"Tempo di lettura stimato\" \/>\n\t<meta name=\"twitter:data1\" content=\"2 minuti\" \/>\n<script type=\"application\/ld+json\" class=\"yoast-schema-graph\">{\"@context\":\"https:\\\/\\\/schema.org\",\"@graph\":[{\"@type\":\"WebPage\",\"@id\":\"https:\\\/\\\/iha-race.com\\\/it\\\/prodotto\\\/telaio-sniperx-light\\\/\",\"url\":\"https:\\\/\\\/iha-race.com\\\/it\\\/prodotto\\\/telaio-sniperx-light\\\/\",\"name\":\"Telaio SniperX Light - Iha Race\",\"isPartOf\":{\"@id\":\"https:\\\/\\\/iha-race.com\\\/it\\\/#website\"},\"primaryImageOfPage\":{\"@id\":\"https:\\\/\\\/iha-race.com\\\/it\\\/prodotto\\\/telaio-sniperx-light\\\/#primaryimage\"},\"image\":{\"@id\":\"https:\\\/\\\/iha-race.com\\\/it\\\/prodotto\\\/telaio-sniperx-light\\\/#primaryimage\"},\"thumbnailUrl\":\"https:\\\/\\\/iha-race.com\\\/wp-content\\\/uploads\\\/2020\\\/12\\\/sniperx-light-frame-vista-de-pajaro.jpg\",\"datePublished\":\"2020-12-29T11:05:15+00:00\",\"dateModified\":\"2024-08-29T10:37:56+00:00\",\"breadcrumb\":{\"@id\":\"https:\\\/\\\/iha-race.com\\\/it\\\/prodotto\\\/telaio-sniperx-light\\\/#breadcrumb\"},\"inLanguage\":\"it-IT\",\"potentialAction\":[{\"@type\":\"ReadAction\",\"target\":[\"https:\\\/\\\/iha-race.com\\\/it\\\/prodotto\\\/telaio-sniperx-light\\\/\"]}]},{\"@type\":\"ImageObject\",\"inLanguage\":\"it-IT\",\"@id\":\"https:\\\/\\\/iha-race.com\\\/it\\\/prodotto\\\/telaio-sniperx-light\\\/#primaryimage\",\"url\":\"https:\\\/\\\/iha-race.com\\\/wp-content\\\/uploads\\\/2020\\\/12\\\/sniperx-light-frame-vista-de-pajaro.jpg\",\"contentUrl\":\"https:\\\/\\\/iha-race.com\\\/wp-content\\\/uploads\\\/2020\\\/12\\\/sniperx-light-frame-vista-de-pajaro.jpg\",\"width\":1000,\"height\":1000,\"caption\":\"acquistare a buon mercato sniperx-light-frame-bird's-eye view\"},{\"@type\":\"BreadcrumbList\",\"@id\":\"https:\\\/\\\/iha-race.com\\\/it\\\/prodotto\\\/telaio-sniperx-light\\\/#breadcrumb\",\"itemListElement\":[{\"@type\":\"ListItem\",\"position\":1,\"name\":\"Portada\",\"item\":\"https:\\\/\\\/iha-race.com\\\/it\\\/\"},{\"@type\":\"ListItem\",\"position\":2,\"name\":\"Negozio\",\"item\":\"https:\\\/\\\/iha-race.com\\\/it\\\/negozio\\\/\"},{\"@type\":\"ListItem\",\"position\":3,\"name\":\"Telaio SniperX Light\"}]},{\"@type\":\"WebSite\",\"@id\":\"https:\\\/\\\/iha-race.com\\\/it\\\/#website\",\"url\":\"https:\\\/\\\/iha-race.com\\\/it\\\/\",\"name\":\"Iha Race\",\"description\":\"Comprar drones de carreras FPV env\u00edos en un d\u00eda desde Espa\u00f1a\",\"publisher\":{\"@id\":\"https:\\\/\\\/iha-race.com\\\/it\\\/#organization\"},\"potentialAction\":[{\"@type\":\"SearchAction\",\"target\":{\"@type\":\"EntryPoint\",\"urlTemplate\":\"https:\\\/\\\/iha-race.com\\\/it\\\/?s={search_term_string}\"},\"query-input\":{\"@type\":\"PropertyValueSpecification\",\"valueRequired\":true,\"valueName\":\"search_term_string\"}}],\"inLanguage\":\"it-IT\"},{\"@type\":\"Organization\",\"@id\":\"https:\\\/\\\/iha-race.com\\\/it\\\/#organization\",\"name\":\"Iha Race\",\"url\":\"https:\\\/\\\/iha-race.com\\\/it\\\/\",\"logo\":{\"@type\":\"ImageObject\",\"inLanguage\":\"it-IT\",\"@id\":\"https:\\\/\\\/iha-race.com\\\/it\\\/#\\\/schema\\\/logo\\\/image\\\/\",\"url\":\"https:\\\/\\\/iha-race.com\\\/wp-content\\\/uploads\\\/2018\\\/07\\\/iha-race-drones-de-carreras-tienda-comprar-drones.png\",\"contentUrl\":\"https:\\\/\\\/iha-race.com\\\/wp-content\\\/uploads\\\/2018\\\/07\\\/iha-race-drones-de-carreras-tienda-comprar-drones.png\",\"width\":300,\"height\":100,\"caption\":\"Iha Race\"},\"image\":{\"@id\":\"https:\\\/\\\/iha-race.com\\\/it\\\/#\\\/schema\\\/logo\\\/image\\\/\"}}]}<\/script>\n<!-- \/ Yoast SEO plugin. -->","yoast_head_json":{"title":"Telaio SniperX Light - Iha Race","robots":{"index":"index","follow":"follow","max-snippet":"max-snippet:-1","max-image-preview":"max-image-preview:large","max-video-preview":"max-video-preview:-1"},"canonical":"https:\/\/iha-race.com\/it\/prodotto\/telaio-sniperx-light\/","og_locale":"it_IT","og_type":"article","og_title":"Telaio SniperX Light - Iha Race","og_description":"Personalizzatelo con questi pezzi 3D a colori!","og_url":"https:\/\/iha-race.com\/it\/prodotto\/telaio-sniperx-light\/","og_site_name":"Iha Race","article_modified_time":"2024-08-29T10:37:56+00:00","og_image":[{"width":1000,"height":1000,"url":"https:\/\/iha-race.com\/wp-content\/uploads\/2020\/12\/sniperx-light-frame-vista-de-pajaro.jpg","type":"image\/jpeg"}],"twitter_card":"summary_large_image","twitter_misc":{"Tempo di lettura stimato":"2 minuti"},"schema":{"@context":"https:\/\/schema.org","@graph":[{"@type":"WebPage","@id":"https:\/\/iha-race.com\/it\/prodotto\/telaio-sniperx-light\/","url":"https:\/\/iha-race.com\/it\/prodotto\/telaio-sniperx-light\/","name":"Telaio SniperX Light - Iha Race","isPartOf":{"@id":"https:\/\/iha-race.com\/it\/#website"},"primaryImageOfPage":{"@id":"https:\/\/iha-race.com\/it\/prodotto\/telaio-sniperx-light\/#primaryimage"},"image":{"@id":"https:\/\/iha-race.com\/it\/prodotto\/telaio-sniperx-light\/#primaryimage"},"thumbnailUrl":"https:\/\/iha-race.com\/wp-content\/uploads\/2020\/12\/sniperx-light-frame-vista-de-pajaro.jpg","datePublished":"2020-12-29T11:05:15+00:00","dateModified":"2024-08-29T10:37:56+00:00","breadcrumb":{"@id":"https:\/\/iha-race.com\/it\/prodotto\/telaio-sniperx-light\/#breadcrumb"},"inLanguage":"it-IT","potentialAction":[{"@type":"ReadAction","target":["https:\/\/iha-race.com\/it\/prodotto\/telaio-sniperx-light\/"]}]},{"@type":"ImageObject","inLanguage":"it-IT","@id":"https:\/\/iha-race.com\/it\/prodotto\/telaio-sniperx-light\/#primaryimage","url":"https:\/\/iha-race.com\/wp-content\/uploads\/2020\/12\/sniperx-light-frame-vista-de-pajaro.jpg","contentUrl":"https:\/\/iha-race.com\/wp-content\/uploads\/2020\/12\/sniperx-light-frame-vista-de-pajaro.jpg","width":1000,"height":1000,"caption":"acquistare a buon mercato sniperx-light-frame-bird's-eye view"},{"@type":"BreadcrumbList","@id":"https:\/\/iha-race.com\/it\/prodotto\/telaio-sniperx-light\/#breadcrumb","itemListElement":[{"@type":"ListItem","position":1,"name":"Portada","item":"https:\/\/iha-race.com\/it\/"},{"@type":"ListItem","position":2,"name":"Negozio","item":"https:\/\/iha-race.com\/it\/negozio\/"},{"@type":"ListItem","position":3,"name":"Telaio SniperX Light"}]},{"@type":"WebSite","@id":"https:\/\/iha-race.com\/it\/#website","url":"https:\/\/iha-race.com\/it\/","name":"Iha Race","description":"Comprar drones de carreras FPV env\u00edos en un d\u00eda desde Espa\u00f1a","publisher":{"@id":"https:\/\/iha-race.com\/it\/#organization"},"potentialAction":[{"@type":"SearchAction","target":{"@type":"EntryPoint","urlTemplate":"https:\/\/iha-race.com\/it\/?s={search_term_string}"},"query-input":{"@type":"PropertyValueSpecification","valueRequired":true,"valueName":"search_term_string"}}],"inLanguage":"it-IT"},{"@type":"Organization","@id":"https:\/\/iha-race.com\/it\/#organization","name":"Iha Race","url":"https:\/\/iha-race.com\/it\/","logo":{"@type":"ImageObject","inLanguage":"it-IT","@id":"https:\/\/iha-race.com\/it\/#\/schema\/logo\/image\/","url":"https:\/\/iha-race.com\/wp-content\/uploads\/2018\/07\/iha-race-drones-de-carreras-tienda-comprar-drones.png","contentUrl":"https:\/\/iha-race.com\/wp-content\/uploads\/2018\/07\/iha-race-drones-de-carreras-tienda-comprar-drones.png","width":300,"height":100,"caption":"Iha Race"},"image":{"@id":"https:\/\/iha-race.com\/it\/#\/schema\/logo\/image\/"}}]}},"jetpack_sharing_enabled":true,"brands":[],"_links":{"self":[{"href":"https:\/\/iha-race.com\/it\/wp-json\/wp\/v2\/product\/113488","targetHints":{"allow":["GET"]}}],"collection":[{"href":"https:\/\/iha-race.com\/it\/wp-json\/wp\/v2\/product"}],"about":[{"href":"https:\/\/iha-race.com\/it\/wp-json\/wp\/v2\/types\/product"}],"replies":[{"embeddable":true,"href":"https:\/\/iha-race.com\/it\/wp-json\/wp\/v2\/comments?post=113488"}],"version-history":[{"count":3,"href":"https:\/\/iha-race.com\/it\/wp-json\/wp\/v2\/product\/113488\/revisions"}],"predecessor-version":[{"id":249714,"href":"https:\/\/iha-race.com\/it\/wp-json\/wp\/v2\/product\/113488\/revisions\/249714"}],"wp:featuredmedia":[{"embeddable":true,"href":"https:\/\/iha-race.com\/it\/wp-json\/wp\/v2\/media\/94961"}],"wp:attachment":[{"href":"https:\/\/iha-race.com\/it\/wp-json\/wp\/v2\/media?parent=113488"}],"wp:term":[{"taxonomy":"pwb-brand","embeddable":true,"href":"https:\/\/iha-race.com\/it\/wp-json\/wp\/v2\/pwb-brand?post=113488"},{"taxonomy":"product_cat","embeddable":true,"href":"https:\/\/iha-race.com\/it\/wp-json\/wp\/v2\/product_cat?post=113488"},{"taxonomy":"product_tag","embeddable":true,"href":"https:\/\/iha-race.com\/it\/wp-json\/wp\/v2\/product_tag?post=113488"}],"curies":[{"name":"wp","href":"https:\/\/api.w.org\/{rel}","templated":true}]}}